{"id":3328,"date":"2024-07-03T09:05:32","date_gmt":"2024-07-03T09:05:32","guid":{"rendered":"https:\/\/www.jammersignal.com\/?page_id=3328"},"modified":"2024-07-03T09:05:34","modified_gmt":"2024-07-03T09:05:34","slug":"shipping-guide","status":"publish","type":"page","link":"https:\/\/www.jammersignal.com\/de\/shipping-guide\/","title":{"rendered":"Leitfaden f\u00fcr den Versand"},"content":{"rendered":"<h3 class=\"wp-block-heading\">Leitfaden f\u00fcr den Versand<\/h3>\n\n\n\n<p>Wenn Sie eine Bestellung aufgeben, k\u00f6nnen Sie eine Versandart w\u00e4hlen, die Ihren Bed\u00fcrfnissen entspricht.<\/p>\n\n\n\n<ol class=\"wp-block-list\">\n<li>Wenn Sie sich f\u00fcr den kostenlosen Versand entscheiden, warten Sie bitte 7-10 Arbeitstage. Wir werden Ihnen eine Tracking-Nummer f\u00fcr die Versandverfolgung senden.<\/li>\n\n\n\n<li>Wenn Sie sich f\u00fcr einen beschleunigten Versand entscheiden, warten Sie bitte 4-7 Werktage. Wir werden Ihnen eine Tracking-Nummer f\u00fcr die Versandverfolgung senden.<\/li>\n<\/ol>\n\n\n\n<h3 class=\"wp-block-heading\">Vorsichtsma\u00dfnahmen:<\/h3>\n\n\n\n<ol class=\"wp-block-list\">\n<li>Die Lieferzeit variiert je nach Standort<\/li>\n\n\n\n<li>Die Zollabfertigung kann die Ankunft der Sendungen verz\u00f6gern<\/li>\n\n\n\n<li>Wir versenden innerhalb von 24 Stunden nach Eingang Ihrer Bestellung und Zahlung<\/li>\n<\/ol>\n\n\n\n<h3 class=\"wp-block-heading\">Sicherheit im Verkehr<\/h3>\n\n\n\n<p>Sie k\u00f6nnen Ihre Bestellung online verfolgen und sie mit der Standardversicherung des von Ihnen gew\u00e4hlten Transportunternehmens versichern. Nachdem die Bestellung geliefert wurde, senden wir Ihnen eine Tracking-Nummer. Wenn die Ware verloren geht, besch\u00e4digt oder falsch zugestellt wird, m\u00fcssen Sie den Spediteur sofort benachrichtigen. Sie k\u00f6nnen sich auch an uns wenden. Wir werden die Angelegenheit untersuchen und Ihnen helfen, einen eventuellen Versicherungsanspruch geltend zu machen. Dazu m\u00fcssen Sie uns unter Umst\u00e4nden Fotos oder Dokumente als Beweis vorlegen. Je nach den Umst\u00e4nden werden wir auch eine erneute Zusendung oder eine R\u00fcckerstattung in Betracht ziehen.<\/p>","protected":false},"excerpt":{"rendered":"<p>Versandleitfaden Wenn Sie eine Bestellung aufgeben, k\u00f6nnen Sie eine Versandart nach Ihren Bed\u00fcrfnissen w\u00e4hlen. Vorsichtsma\u00dfnahmen: Transportsicherheit Sie k\u00f6nnen Ihre Bestellung online verfolgen und sie mit der Standardversicherung des von Ihnen gew\u00e4hlten Transportunternehmens versichern. Nach der Auslieferung der Bestellung senden wir Ihnen eine Tracking-Nummer zu. Wenn die Ware verloren geht, [...]<\/p>","protected":false},"author":1,"featured_media":0,"parent":0,"menu_order":6,"comment_status":"closed","ping_status":"closed","template":"","meta":{"site-sidebar-layout":"right-sidebar","site-content-layout":"","ast-site-content-layout":"default","site-content-style":"default","site-sidebar-style":"default","ast-global-header-display":"","ast-banner-title-visibility":"","ast-main-header-display":"","ast-hfb-above-header-display":"","ast-hfb-below-header-display":"","ast-hfb-mobile-header-display":"","site-post-title":"","ast-breadcrumbs-content":"","ast-featured-img":"","footer-sml-layout":"","theme-transparent-header-meta":"","adv-header-id-meta":"","stick-header-meta":"","header-above-stick-meta":"","header-main-stick-meta":"","header-below-stick-meta":"","astra-migrate-meta-layouts":"set","ast-page-background-enabled":"default","ast-page-background-meta":{"desktop":{"background-color":"var(--ast-global-color-4)","background-image":"","background-repeat":"repeat","background-position":"center center","background-size":"auto","background-attachment":"scroll","background-type":"","background-media":"","overlay-type":"","overlay-color":"","overlay-gradient":""},"tablet":{"background-color":"","background-image":"","background-repeat":"repeat","background-position":"center center","background-size":"auto","background-attachment":"scroll","background-type":"","background-media":"","overlay-type":"","overlay-color":"","overlay-gradient":""},"mobile":{"background-color":"","background-image":"","background-repeat":"repeat","background-position":"center center","background-size":"auto","background-attachment":"scroll","background-type":"","background-media":"","overlay-type":"","overlay-color":"","overlay-gradient":""}},"ast-content-background-meta":{"desktop":{"background-color":"var(--ast-global-color-5)","background-image":"","background-repeat":"repeat","background-position":"center center","background-size":"auto","background-attachment":"scroll","background-type":"","background-media":"","overlay-type":"","overlay-color":"","overlay-gradient":""},"tablet":{"background-color":"var(--ast-global-color-5)","background-image":"","background-repeat":"repeat","background-position":"center center","background-size":"auto","background-attachment":"scroll","background-type":"","background-media":"","overlay-type":"","overlay-color":"","overlay-gradient":""},"mobile":{"background-color":"var(--ast-global-color-5)","background-image":"","background-repeat":"repeat","background-position":"center center","background-size":"auto","background-attachment":"scroll","background-type":"","background-media":"","overlay-type":"","overlay-color":"","overlay-gradient":""}},"footnotes":""},"class_list":["post-3328","page","type-page","status-publish","hentry"],"yoast_head":"<!-- This site is optimized with the Yoast SEO plugin v23.9 - https:\/\/yoast.com\/wordpress\/plugins\/seo\/ -->\n<title>Shipping Guide - JAMMERSIGNAL<\/title>\n<meta name=\"description\" content=\"If you choose free shipping, please wait 7-10 business days. We will send you a tracking number for shipping tracking.\" \/>\n<meta name=\"robots\" content=\"index, follow, max-snippet:-1, max-image-preview:large, max-video-preview:-1\" \/>\n<link rel=\"canonical\" href=\"https:\/\/www.jammersignal.com\/de\/shipping-guide\/\" \/>\n<meta property=\"og:locale\" content=\"de_DE\" \/>\n<meta property=\"og:type\" content=\"article\" \/>\n<meta property=\"og:title\" content=\"Shipping Guide - JAMMERSIGNAL\" \/>\n<meta property=\"og:description\" content=\"If you choose free shipping, please wait 7-10 business days. We will send you a tracking number for shipping tracking.\" \/>\n<meta property=\"og:url\" content=\"https:\/\/www.jammersignal.com\/de\/shipping-guide\/\" \/>\n<meta property=\"og:site_name\" content=\"JAMMERSIGNAL\" \/>\n<meta property=\"article:modified_time\" content=\"2024-07-03T09:05:34+00:00\" \/>\n<meta name=\"twitter:card\" content=\"summary_large_image\" \/>\n<meta name=\"twitter:label1\" content=\"Gesch\u00e4tzte Lesezeit\" \/>\n\t<meta name=\"twitter:data1\" content=\"1\u00a0Minute\" \/>\n<script type=\"application\/ld+json\" class=\"yoast-schema-graph\">{\"@context\":\"https:\/\/schema.org\",\"@graph\":[{\"@type\":\"WebPage\",\"@id\":\"https:\/\/www.jammersignal.com\/shipping-guide\/\",\"url\":\"https:\/\/www.jammersignal.com\/shipping-guide\/\",\"name\":\"Shipping Guide - JAMMERSIGNAL\",\"isPartOf\":{\"@id\":\"https:\/\/www.jammersignal.com\/#website\"},\"datePublished\":\"2024-07-03T09:05:32+00:00\",\"dateModified\":\"2024-07-03T09:05:34+00:00\",\"description\":\"If you choose free shipping, please wait 7-10 business days. We will send you a tracking number for shipping tracking.\",\"breadcrumb\":{\"@id\":\"https:\/\/www.jammersignal.com\/shipping-guide\/#breadcrumb\"},\"inLanguage\":\"de\",\"potentialAction\":[{\"@type\":\"ReadAction\",\"target\":[\"https:\/\/www.jammersignal.com\/shipping-guide\/\"]}]},{\"@type\":\"BreadcrumbList\",\"@id\":\"https:\/\/www.jammersignal.com\/shipping-guide\/#breadcrumb\",\"itemListElement\":[{\"@type\":\"ListItem\",\"position\":1,\"name\":\"Home\",\"item\":\"https:\/\/www.jammersignal.com\/\"},{\"@type\":\"ListItem\",\"position\":2,\"name\":\"Shipping Guide\"}]},{\"@type\":\"WebSite\",\"@id\":\"https:\/\/www.jammersignal.com\/#website\",\"url\":\"https:\/\/www.jammersignal.com\/\",\"name\":\"JAMMERSIGNAL\",\"description\":\"\",\"publisher\":{\"@id\":\"https:\/\/www.jammersignal.com\/#organization\"},\"potentialAction\":[{\"@type\":\"SearchAction\",\"target\":{\"@type\":\"EntryPoint\",\"urlTemplate\":\"https:\/\/www.jammersignal.com\/?s={search_term_string}\"},\"query-input\":{\"@type\":\"PropertyValueSpecification\",\"valueRequired\":true,\"valueName\":\"search_term_string\"}}],\"inLanguage\":\"de\"},{\"@type\":\"Organization\",\"@id\":\"https:\/\/www.jammersignal.com\/#organization\",\"name\":\"JAMMERSIGNAL\",\"url\":\"https:\/\/www.jammersignal.com\/\",\"logo\":{\"@type\":\"ImageObject\",\"inLanguage\":\"de\",\"@id\":\"https:\/\/www.jammersignal.com\/#\/schema\/logo\/image\/\",\"url\":\"https:\/\/www.jammersignal.com\/wp-content\/uploads\/2024\/05\/cropped-jammersignal-logo-4.png\",\"contentUrl\":\"https:\/\/www.jammersignal.com\/wp-content\/uploads\/2024\/05\/cropped-jammersignal-logo-4.png\",\"width\":104,\"height\":34,\"caption\":\"JAMMERSIGNAL\"},\"image\":{\"@id\":\"https:\/\/www.jammersignal.com\/#\/schema\/logo\/image\/\"}}]}<\/script>\n<!-- \/ Yoast SEO plugin. -->","yoast_head_json":{"title":"Versandanleitung - JAMMERSIGNAL","description":"Wenn Sie sich f\u00fcr den kostenlosen Versand entscheiden, warten Sie bitte 7-10 Arbeitstage. Wir werden Ihnen eine Tracking-Nummer f\u00fcr die Versandverfolgung senden.","robots":{"index":"index","follow":"follow","max-snippet":"max-snippet:-1","max-image-preview":"max-image-preview:large","max-video-preview":"max-video-preview:-1"},"canonical":"https:\/\/www.jammersignal.com\/de\/shipping-guide\/","og_locale":"de_DE","og_type":"article","og_title":"Shipping Guide - JAMMERSIGNAL","og_description":"If you choose free shipping, please wait 7-10 business days. We will send you a tracking number for shipping tracking.","og_url":"https:\/\/www.jammersignal.com\/de\/shipping-guide\/","og_site_name":"JAMMERSIGNAL","article_modified_time":"2024-07-03T09:05:34+00:00","twitter_card":"summary_large_image","twitter_misc":{"Gesch\u00e4tzte Lesezeit":"1\u00a0Minute"},"schema":{"@context":"https:\/\/schema.org","@graph":[{"@type":"WebPage","@id":"https:\/\/www.jammersignal.com\/shipping-guide\/","url":"https:\/\/www.jammersignal.com\/shipping-guide\/","name":"Versandanleitung - JAMMERSIGNAL","isPartOf":{"@id":"https:\/\/www.jammersignal.com\/#website"},"datePublished":"2024-07-03T09:05:32+00:00","dateModified":"2024-07-03T09:05:34+00:00","description":"Wenn Sie sich f\u00fcr den kostenlosen Versand entscheiden, warten Sie bitte 7-10 Arbeitstage. Wir werden Ihnen eine Tracking-Nummer f\u00fcr die Versandverfolgung senden.","breadcrumb":{"@id":"https:\/\/www.jammersignal.com\/shipping-guide\/#breadcrumb"},"inLanguage":"de","potentialAction":[{"@type":"ReadAction","target":["https:\/\/www.jammersignal.com\/shipping-guide\/"]}]},{"@type":"BreadcrumbList","@id":"https:\/\/www.jammersignal.com\/shipping-guide\/#breadcrumb","itemListElement":[{"@type":"ListItem","position":1,"name":"Home","item":"https:\/\/www.jammersignal.com\/"},{"@type":"ListItem","position":2,"name":"Shipping Guide"}]},{"@type":"WebSite","@id":"https:\/\/www.jammersignal.com\/#website","url":"https:\/\/www.jammersignal.com\/","name":"JAMMERSIGNAL","description":"","publisher":{"@id":"https:\/\/www.jammersignal.com\/#organization"},"potentialAction":[{"@type":"SearchAction","target":{"@type":"EntryPoint","urlTemplate":"https:\/\/www.jammersignal.com\/?s={search_term_string}"},"query-input":{"@type":"PropertyValueSpecification","valueRequired":true,"valueName":"search_term_string"}}],"inLanguage":"de"},{"@type":"Organization","@id":"https:\/\/www.jammersignal.com\/#organization","name":"JAMMERSIGNAL","url":"https:\/\/www.jammersignal.com\/","logo":{"@type":"ImageObject","inLanguage":"de","@id":"https:\/\/www.jammersignal.com\/#\/schema\/logo\/image\/","url":"https:\/\/www.jammersignal.com\/wp-content\/uploads\/2024\/05\/cropped-jammersignal-logo-4.png","contentUrl":"https:\/\/www.jammersignal.com\/wp-content\/uploads\/2024\/05\/cropped-jammersignal-logo-4.png","width":104,"height":34,"caption":"JAMMERSIGNAL"},"image":{"@id":"https:\/\/www.jammersignal.com\/#\/schema\/logo\/image\/"}}]}},"_links":{"self":[{"href":"https:\/\/www.jammersignal.com\/de\/wp-json\/wp\/v2\/pages\/3328","targetHints":{"allow":["GET"]}}],"collection":[{"href":"https:\/\/www.jammersignal.com\/de\/wp-json\/wp\/v2\/pages"}],"about":[{"href":"https:\/\/www.jammersignal.com\/de\/wp-json\/wp\/v2\/types\/page"}],"author":[{"embeddable":true,"href":"https:\/\/www.jammersignal.com\/de\/wp-json\/wp\/v2\/users\/1"}],"replies":[{"embeddable":true,"href":"https:\/\/www.jammersignal.com\/de\/wp-json\/wp\/v2\/comments?post=3328"}],"version-history":[{"count":1,"href":"https:\/\/www.jammersignal.com\/de\/wp-json\/wp\/v2\/pages\/3328\/revisions"}],"predecessor-version":[{"id":3331,"href":"https:\/\/www.jammersignal.com\/de\/wp-json\/wp\/v2\/pages\/3328\/revisions\/3331"}],"wp:attachment":[{"href":"https:\/\/www.jammersignal.com\/de\/wp-json\/wp\/v2\/media?parent=3328"}],"curies":[{"name":"wp","href":"https:\/\/api.w.org\/{rel}","templated":true}]}}