{"id":9,"date":"2024-07-03T09:03:20","date_gmt":"2024-07-03T09:03:20","guid":{"rendered":"https:\/\/www.jammersignal.com\/?page_id=9"},"modified":"2024-07-03T09:08:14","modified_gmt":"2024-07-03T09:08:14","slug":"refund-returns","status":"publish","type":"page","link":"https:\/\/www.jammersignal.com\/de\/refund-returns\/","title":{"rendered":"Erstattungs- und R\u00fcckgabebestimmungen"},"content":{"rendered":"<p>*JAMMERSIGNAL: Nachdem der Kunde eine Bestellung aufgegeben hat, wird das Produkt von den Mitarbeitern der Qualit\u00e4tskontrolle gepr\u00fcft und dann an den Kunden versandt. Nachdem die Waren ankommen, \u00fcberpr\u00fcfen Sie bitte die Qualit\u00e4t der Waren.<\/p>\n\n\n\n<p>*Bei R\u00fcckgabe und Umtausch: Wenn das Produkt aufgrund einer Kollision w\u00e4hrend des Transports besch\u00e4digt wird. Wir werden Sie innerhalb von 7 Tagen zur\u00fcckerstatten.<\/p>\n\n\n\n<p>*Wenn es ein Problem mit der Produktqualit\u00e4t gibt<br>Best\u00e4tigen Sie die Produktqualit\u00e4t Problem, JAMMERSIGNAL wird die Hin-und R\u00fcckfahrt Logistikkosten tragen<\/p>\n\n\n\n<p>*Wir unterschreiben f\u00fcr die \u00fcberf\u00e4lligen zur\u00fcckgesandten Produkte und garantieren, dass sie innerhalb von zwei Wochen eintreffen.<\/p>\n\n\n\n<p>*Wenn die zur\u00fcckgesendeten Waren nicht mit den bestellten Produkten \u00fcbereinstimmen, wird JAMMERSIGNAL nicht erlauben<\/p>\n\n\n\n<p>*JAMMERSIGNAL akzeptiert keine R\u00fccksendungen, wenn die folgenden Situationen auftreten<\/p>\n\n\n\n<p>*Nach der Qualit\u00e4tspr\u00fcfung wird festgestellt, dass der Produktfehler durch den Kunden verursacht wurde. Sp\u00e4ter wurde es aufgrund von Kundengr\u00fcnden wie Produktm\u00e4ngeln zur\u00fcckgegeben.<\/p>\n\n\n\n<p>*Das zur\u00fcckgegebene Produkt unterscheidet sich von dem vom Kunden gekauften Produkt.<\/p>\n\n\n\n<p>*Das Produkt, das Sie erhalten haben, hat Qualit\u00e4tsprobleme und muss umgetauscht oder erstattet werden. Bitte kontaktieren Sie unseren Kundenservice. Unsere E-Mail lautet <a href=\"mailto:info@jammersignal.com\">info@jammersignal.com<\/a> oder <a href=\"mailto:jammersignal@outlook.com\">jammersignal@outlook.com<\/a>. Warten Sie also bitte auf unsere Antwort. Wir werden nicht f\u00fcr zur\u00fcckgegebene Produkte ohne vorherige Kommunikation per E-Mail unterzeichnen. Nach der R\u00fccksendung der Ware m\u00fcssen Sie eine bestimmte Zeit warten. Wir m\u00fcssen den Erhalt der zur\u00fcckgesandten Ware best\u00e4tigen, bevor wir Ihnen das Geld zur\u00fcckerstatten k\u00f6nnen.<\/p>\n\n\n\n<p>*Ersatzpolitik<\/p>\n\n\n\n<p>*kann auch durch JAMMERSIGNAL ersetzt werden<\/p>\n\n\n\n<p>*Wenn der Kunde das Produkt selbst umtauscht, gehen die Logistikkosten zu Lasten des Kunden.<\/p>\n\n\n\n<p>*Wenden Sie sich nach der Unterzeichnung innerhalb einer Woche an den Kundendienst.<\/p>\n\n\n\n<p>*Unterschrift: Das Produkt darf nicht besch\u00e4digt sein, muss vollst\u00e4ndig garantiert sein und darf keine Flecken aufweisen.<\/p>\n\n\n\n<p>*Das vom Kunden zur\u00fcckgegebene Produkt muss mit dem vom Kunden gekauften Produkt identisch sein.<\/p>\n\n\n\n<p>*Nach dem Logistikversand stornieren Sie die Bestellung bitte nicht ohne Grund. Bitte stellen Sie sicher, dass die Waren in gutem Zustand sind, bevor Sie eine Bestellung aufgeben.<\/p>\n\n\n\n<p>*Wenn der Kunde das Produkt zur\u00fcckgeben m\u00f6chte, senden Sie bitte eine E-Mail an <a href=\"mailto:info@jammersignal.com\">info@jammersignal.com<\/a> oder <a href=\"mailto:jammersignal@outlook.com\">jammersignal@outlook.com<\/a> und warten Sie auf unsere Antwort. Wir akzeptieren keine R\u00fccksendungen ohne vorherige Benachrichtigung per E-Mail.<\/p>","protected":false},"excerpt":{"rendered":"<p>*JAMMERSIGNAL: Nachdem der Kunde eine Bestellung aufgegeben hat, wird das Produkt von den Mitarbeitern der Qualit\u00e4tskontrolle gepr\u00fcft und dann an den Kunden versandt. Nachdem die Waren ankommen, \u00fcberpr\u00fcfen Sie bitte die Qualit\u00e4t der Waren. *Bei R\u00fcckgabe und Umtausch: Wenn das Produkt aufgrund eines Zusammensto\u00dfes w\u00e4hrend des Transports besch\u00e4digt ist. Wir erstatten Ihnen innerhalb von 7 Tagen. *Wenn [...]<\/p>","protected":false},"author":1,"featured_media":0,"parent":0,"menu_order":23,"comment_status":"closed","ping_status":"closed","template":"","meta":{"site-sidebar-layout":"right-sidebar","site-content-layout":"","ast-site-content-layout":"default","site-content-style":"default","site-sidebar-style":"default","ast-global-header-display":"","ast-banner-title-visibility":"","ast-main-header-display":"","ast-hfb-above-header-display":"","ast-hfb-below-header-display":"","ast-hfb-mobile-header-display":"","site-post-title":"","ast-breadcrumbs-content":"","ast-featured-img":"","footer-sml-layout":"","theme-transparent-header-meta":"","adv-header-id-meta":"","stick-header-meta":"","header-above-stick-meta":"","header-main-stick-meta":"","header-below-stick-meta":"","astra-migrate-meta-layouts":"set","ast-page-background-enabled":"default","ast-page-background-meta":{"desktop":{"background-color":"var(--ast-global-color-4)","background-image":"","background-repeat":"repeat","background-position":"center center","background-size":"auto","background-attachment":"scroll","background-type":"","background-media":"","overlay-type":"","overlay-color":"","overlay-gradient":""},"tablet":{"background-color":"","background-image":"","background-repeat":"repeat","background-position":"center center","background-size":"auto","background-attachment":"scroll","background-type":"","background-media":"","overlay-type":"","overlay-color":"","overlay-gradient":""},"mobile":{"background-color":"","background-image":"","background-repeat":"repeat","background-position":"center center","background-size":"auto","background-attachment":"scroll","background-type":"","background-media":"","overlay-type":"","overlay-color":"","overlay-gradient":""}},"ast-content-background-meta":{"desktop":{"background-color":"var(--ast-global-color-5)","background-image":"","background-repeat":"repeat","background-position":"center center","background-size":"auto","background-attachment":"scroll","background-type":"","background-media":"","overlay-type":"","overlay-color":"","overlay-gradient":""},"tablet":{"background-color":"var(--ast-global-color-5)","background-image":"","background-repeat":"repeat","background-position":"center center","background-size":"auto","background-attachment":"scroll","background-type":"","background-media":"","overlay-type":"","overlay-color":"","overlay-gradient":""},"mobile":{"background-color":"var(--ast-global-color-5)","background-image":"","background-repeat":"repeat","background-position":"center center","background-size":"auto","background-attachment":"scroll","background-type":"","background-media":"","overlay-type":"","overlay-color":"","overlay-gradient":""}},"footnotes":""},"class_list":["post-9","page","type-page","status-publish","hentry"],"yoast_head":"<!-- This site is optimized with the Yoast SEO plugin v23.9 - https:\/\/yoast.com\/wordpress\/plugins\/seo\/ -->\n<title>Refund and Returns Policy - JAMMERSIGNAL<\/title>\n<meta name=\"description\" content=\"After the customer places an order, the quality control staff will inspect the product and then ship it to the customer. After the goods arrive, please check the quality of the goods.\" \/>\n<meta name=\"robots\" content=\"index, follow, max-snippet:-1, max-image-preview:large, max-video-preview:-1\" \/>\n<link rel=\"canonical\" href=\"https:\/\/www.jammersignal.com\/de\/refund-returns\/\" \/>\n<meta property=\"og:locale\" content=\"de_DE\" \/>\n<meta property=\"og:type\" content=\"article\" \/>\n<meta property=\"og:title\" content=\"Refund and Returns Policy - JAMMERSIGNAL\" \/>\n<meta property=\"og:description\" content=\"After the customer places an order, the quality control staff will inspect the product and then ship it to the customer. After the goods arrive, please check the quality of the goods.\" \/>\n<meta property=\"og:url\" content=\"https:\/\/www.jammersignal.com\/de\/refund-returns\/\" \/>\n<meta property=\"og:site_name\" content=\"JAMMERSIGNAL\" \/>\n<meta property=\"article:modified_time\" content=\"2024-07-03T09:08:14+00:00\" \/>\n<meta name=\"twitter:card\" content=\"summary_large_image\" \/>\n<meta name=\"twitter:label1\" content=\"Gesch\u00e4tzte Lesezeit\" \/>\n\t<meta name=\"twitter:data1\" content=\"2\u00a0Minuten\" \/>\n<script type=\"application\/ld+json\" class=\"yoast-schema-graph\">{\"@context\":\"https:\/\/schema.org\",\"@graph\":[{\"@type\":\"WebPage\",\"@id\":\"https:\/\/www.jammersignal.com\/refund-returns\/\",\"url\":\"https:\/\/www.jammersignal.com\/refund-returns\/\",\"name\":\"Refund and Returns Policy - JAMMERSIGNAL\",\"isPartOf\":{\"@id\":\"https:\/\/www.jammersignal.com\/#website\"},\"datePublished\":\"2024-07-03T09:03:20+00:00\",\"dateModified\":\"2024-07-03T09:08:14+00:00\",\"description\":\"After the customer places an order, the quality control staff will inspect the product and then ship it to the customer. After the goods arrive, please check the quality of the goods.\",\"breadcrumb\":{\"@id\":\"https:\/\/www.jammersignal.com\/refund-returns\/#breadcrumb\"},\"inLanguage\":\"de\",\"potentialAction\":[{\"@type\":\"ReadAction\",\"target\":[\"https:\/\/www.jammersignal.com\/refund-returns\/\"]}]},{\"@type\":\"BreadcrumbList\",\"@id\":\"https:\/\/www.jammersignal.com\/refund-returns\/#breadcrumb\",\"itemListElement\":[{\"@type\":\"ListItem\",\"position\":1,\"name\":\"Home\",\"item\":\"https:\/\/www.jammersignal.com\/\"},{\"@type\":\"ListItem\",\"position\":2,\"name\":\"Refund and Returns Policy\"}]},{\"@type\":\"WebSite\",\"@id\":\"https:\/\/www.jammersignal.com\/#website\",\"url\":\"https:\/\/www.jammersignal.com\/\",\"name\":\"JAMMERSIGNAL\",\"description\":\"\",\"publisher\":{\"@id\":\"https:\/\/www.jammersignal.com\/#organization\"},\"potentialAction\":[{\"@type\":\"SearchAction\",\"target\":{\"@type\":\"EntryPoint\",\"urlTemplate\":\"https:\/\/www.jammersignal.com\/?s={search_term_string}\"},\"query-input\":{\"@type\":\"PropertyValueSpecification\",\"valueRequired\":true,\"valueName\":\"search_term_string\"}}],\"inLanguage\":\"de\"},{\"@type\":\"Organization\",\"@id\":\"https:\/\/www.jammersignal.com\/#organization\",\"name\":\"JAMMERSIGNAL\",\"url\":\"https:\/\/www.jammersignal.com\/\",\"logo\":{\"@type\":\"ImageObject\",\"inLanguage\":\"de\",\"@id\":\"https:\/\/www.jammersignal.com\/#\/schema\/logo\/image\/\",\"url\":\"https:\/\/www.jammersignal.com\/wp-content\/uploads\/2024\/05\/cropped-jammersignal-logo-4.png\",\"contentUrl\":\"https:\/\/www.jammersignal.com\/wp-content\/uploads\/2024\/05\/cropped-jammersignal-logo-4.png\",\"width\":104,\"height\":34,\"caption\":\"JAMMERSIGNAL\"},\"image\":{\"@id\":\"https:\/\/www.jammersignal.com\/#\/schema\/logo\/image\/\"}}]}<\/script>\n<!-- \/ Yoast SEO plugin. -->","yoast_head_json":{"title":"Erstattungs- und R\u00fcckgabebedingungen - JAMMERSIGNAL","description":"Nachdem der Kunde eine Bestellung aufgegeben hat, wird das Produkt von den Mitarbeitern der Qualit\u00e4tskontrolle gepr\u00fcft und dann an den Kunden versandt. Nachdem die Ware angekommen ist, \u00fcberpr\u00fcfen Sie bitte die Qualit\u00e4t der Ware.","robots":{"index":"index","follow":"follow","max-snippet":"max-snippet:-1","max-image-preview":"max-image-preview:large","max-video-preview":"max-video-preview:-1"},"canonical":"https:\/\/www.jammersignal.com\/de\/refund-returns\/","og_locale":"de_DE","og_type":"article","og_title":"Refund and Returns Policy - JAMMERSIGNAL","og_description":"After the customer places an order, the quality control staff will inspect the product and then ship it to the customer. After the goods arrive, please check the quality of the goods.","og_url":"https:\/\/www.jammersignal.com\/de\/refund-returns\/","og_site_name":"JAMMERSIGNAL","article_modified_time":"2024-07-03T09:08:14+00:00","twitter_card":"summary_large_image","twitter_misc":{"Gesch\u00e4tzte Lesezeit":"2\u00a0Minuten"},"schema":{"@context":"https:\/\/schema.org","@graph":[{"@type":"WebPage","@id":"https:\/\/www.jammersignal.com\/refund-returns\/","url":"https:\/\/www.jammersignal.com\/refund-returns\/","name":"Erstattungs- und R\u00fcckgabebedingungen - JAMMERSIGNAL","isPartOf":{"@id":"https:\/\/www.jammersignal.com\/#website"},"datePublished":"2024-07-03T09:03:20+00:00","dateModified":"2024-07-03T09:08:14+00:00","description":"Nachdem der Kunde eine Bestellung aufgegeben hat, wird das Produkt von den Mitarbeitern der Qualit\u00e4tskontrolle gepr\u00fcft und dann an den Kunden versandt. Nachdem die Ware angekommen ist, \u00fcberpr\u00fcfen Sie bitte die Qualit\u00e4t der Ware.","breadcrumb":{"@id":"https:\/\/www.jammersignal.com\/refund-returns\/#breadcrumb"},"inLanguage":"de","potentialAction":[{"@type":"ReadAction","target":["https:\/\/www.jammersignal.com\/refund-returns\/"]}]},{"@type":"BreadcrumbList","@id":"https:\/\/www.jammersignal.com\/refund-returns\/#breadcrumb","itemListElement":[{"@type":"ListItem","position":1,"name":"Home","item":"https:\/\/www.jammersignal.com\/"},{"@type":"ListItem","position":2,"name":"Refund and Returns Policy"}]},{"@type":"WebSite","@id":"https:\/\/www.jammersignal.com\/#website","url":"https:\/\/www.jammersignal.com\/","name":"JAMMERSIGNAL","description":"","publisher":{"@id":"https:\/\/www.jammersignal.com\/#organization"},"potentialAction":[{"@type":"SearchAction","target":{"@type":"EntryPoint","urlTemplate":"https:\/\/www.jammersignal.com\/?s={search_term_string}"},"query-input":{"@type":"PropertyValueSpecification","valueRequired":true,"valueName":"search_term_string"}}],"inLanguage":"de"},{"@type":"Organization","@id":"https:\/\/www.jammersignal.com\/#organization","name":"JAMMERSIGNAL","url":"https:\/\/www.jammersignal.com\/","logo":{"@type":"ImageObject","inLanguage":"de","@id":"https:\/\/www.jammersignal.com\/#\/schema\/logo\/image\/","url":"https:\/\/www.jammersignal.com\/wp-content\/uploads\/2024\/05\/cropped-jammersignal-logo-4.png","contentUrl":"https:\/\/www.jammersignal.com\/wp-content\/uploads\/2024\/05\/cropped-jammersignal-logo-4.png","width":104,"height":34,"caption":"JAMMERSIGNAL"},"image":{"@id":"https:\/\/www.jammersignal.com\/#\/schema\/logo\/image\/"}}]}},"_links":{"self":[{"href":"https:\/\/www.jammersignal.com\/de\/wp-json\/wp\/v2\/pages\/9","targetHints":{"allow":["GET"]}}],"collection":[{"href":"https:\/\/www.jammersignal.com\/de\/wp-json\/wp\/v2\/pages"}],"about":[{"href":"https:\/\/www.jammersignal.com\/de\/wp-json\/wp\/v2\/types\/page"}],"author":[{"embeddable":true,"href":"https:\/\/www.jammersignal.com\/de\/wp-json\/wp\/v2\/users\/1"}],"replies":[{"embeddable":true,"href":"https:\/\/www.jammersignal.com\/de\/wp-json\/wp\/v2\/comments?post=9"}],"version-history":[{"count":1,"href":"https:\/\/www.jammersignal.com\/de\/wp-json\/wp\/v2\/pages\/9\/revisions"}],"predecessor-version":[{"id":3327,"href":"https:\/\/www.jammersignal.com\/de\/wp-json\/wp\/v2\/pages\/9\/revisions\/3327"}],"wp:attachment":[{"href":"https:\/\/www.jammersignal.com\/de\/wp-json\/wp\/v2\/media?parent=9"}],"curies":[{"name":"wp","href":"https:\/\/api.w.org\/{rel}","templated":true}]}}