{"id":1870,"date":"2024-05-19T07:50:04","date_gmt":"2024-05-19T07:50:04","guid":{"rendered":"https:\/\/www.jammersignal.com\/?post_type=product&#038;p=1870"},"modified":"2024-12-18T06:31:03","modified_gmt":"2024-12-18T06:31:03","slug":"16antenna-full-band-jammer-wifi-gps-lojack-uhf-vhf","status":"publish","type":"product","link":"https:\/\/www.jammersignal.com\/de\/produkt\/16antenna-full-band-jammer-wifi-gps-lojack-uhf-vhf\/","title":{"rendered":"16 Antennen Full Band Signal Jammer WIFI GPS LOJACK UHF VHF Phone Blocker"},"content":{"rendered":"<div data-elementor-type=\"wp-post\" data-elementor-id=\"1870\" class=\"elementor elementor-1870\">\n\t\t\t\t<div class=\"elementor-element elementor-element-54865d9 e-flex e-con-boxed e-con e-parent\" data-id=\"54865d9\" data-element_type=\"container\">\n\t\t\t\t\t<div class=\"e-con-inner\">\n\t\t\t\t<div class=\"elementor-element elementor-element-82c95f9 elementor-widget elementor-widget-text-editor\" data-id=\"82c95f9\" data-element_type=\"widget\" data-widget_type=\"text-editor.default\">\n\t\t\t\t<div class=\"elementor-widget-container\">\n\t\t\t\t\t\t\t\t\t<p>Einf\u00fchrung eines neu entwickelten integrierten St\u00f6rsenders f\u00fcr 5G-Mobiltelefone, 5G-WiFi, GPS und UHF\/VHF-Signale, der mit 16 Antennen ausgestattet ist und hervorragende Interferenzm\u00f6glichkeiten bietet.<\/p><p>Dieses leistungsstarke Ger\u00e4t ist nicht nur in der Lage, alle 3G-, 4G- und 5G-Mobilfunksignale zu blockieren, sondern auch WiFi 2.4G, 5G, CDMA450M, GPS, LOJACK, UHF, VHF und LORA-Signale zu st\u00f6ren. Mit einer einstellbaren Leistung von bis zu 110 Watt kann der St\u00f6rungsradius bis zu 80 Meter betragen, abh\u00e4ngig von der Signalst\u00e4rke an einem bestimmten Ort.<\/p><p>Um eine optimale Leistung zu gew\u00e4hrleisten, ist der St\u00f6rsender mit 7 eingebauten L\u00fcftern ausgestattet, die kontinuierlich arbeiten. LED-Anzeigen zeigen den Arbeitsstatus jedes Frequenzbandes an, und es ist auch mit einer Infrarot-Fernbedienung ausgestattet, um das Ein- und Ausschalten innerhalb einer Reichweite von 2-5 Metern zu erleichtern.<\/p><p><strong>Frequenzen zum St\u00f6ren<\/strong><\/p><p><strong>4G:<\/strong><br \/>CDMA&amp;868: 851-894MHz<br \/>GSM900: 925-960MHz<br \/>DCS\/PCS: 1805-1880\/1920-1990MHz<br \/>3G: 2110-2180MHz<br \/>4GLTE Niedrig: 698-798\/738-821MHz<br \/>4GLTE Hoch: 24296-900\/257MHz<br \/>WIFI2.4G\/4G2300: 2400-2485\/2300-2485MHz<br \/>4G1700: 1710-1780MHz<br \/>WIFI5.8G: 5500-5900MHz<br \/>WIFI5.2G: 5100-5500MHz<br \/>GPS&amp;Glonass L1: 1560-1610MHz<br \/>GPSL2L3L4L5-9113<br \/>LORA: 900-960MHz<br \/>VHF&amp;LOJACK:135-175MHz<br \/>RC315: 315MHZ<br \/>UHF&amp;RC433:400-470Mhz<\/p><p><strong>5G :<\/strong><br \/>CDMA&amp;868 : 851-894MHz<br \/>GSM&amp;LORA: 900-960MHz<br \/>PCS: 1930-2000MHz<br \/>3G: 2110-2<br \/>4GLTE Niedrig: 700-803MHz<br \/>4GLTE Hoch: 2500-2690MHz<br \/>WIFI2.4G\/4G2300: 2400-2485\/2300-2485MHz<br \/>5G600 : 617-685MHz<br \/>WIFI5.8G: 5500-5900MHz<br \/>WIFI5.2G : 5100-5500MHz 5100-5500MHz<br \/>GPS und Glonass1560-16<br \/>GPSL2L3L4L5: 1170-1390MHz<br \/>5G3500: 3400-3800MHz<br \/>VHF&amp;LOJACK: 135-175MHz<br \/>RC315: 315MHZ<br \/>UHF&amp;RC433: 400-470Mhz<\/p><p><strong>St\u00f6rungsradius<\/strong>: 10-90 Meter (h\u00e4ngt noch von der Signalst\u00e4rke in einem bestimmten Gebiet ab)<br \/><strong>Stromversorgung<\/strong>: AC110-240V bis DC24V<br \/><strong>Arbeitszeiten<\/strong>: ununterbrochen<br \/><strong>Gesamtausgangsleistung<\/strong>: 110 W insgesamt, 2-10 W pro Frequenzband<br \/><strong>Gr\u00f6\u00dfe des Ger\u00e4ts<\/strong>: 410 * 310 * 91mm (ohne Antenne)<br \/><strong>Gewicht der Ausr\u00fcstung<\/strong>: 10,0 kg<\/p><p><strong>Paketinhalt:<\/strong><\/p><p>Jammer-Haupteinheit x 1<br \/>AC-Stecker x 1<br \/>Antenne x16<\/p>\t\t\t\t\t\t\t\t<\/div>\n\t\t\t\t<\/div>\n\t\t\t\t\t<\/div>\n\t\t\t\t<\/div>\n\t\t\t\t<\/div>","protected":false},"excerpt":{"rendered":"<p>Einf\u00fchrung eines neu entwickelten integrierten St\u00f6rsenders f\u00fcr 5G-Mobiltelefone, 5G-WiFi, GPS und UHF\/VHF-Signale, der mit 16 Antennen ausgestattet ist und hervorragende Interferenzm\u00f6glichkeiten bietet.<\/p>\n<p>Dieses leistungsstarke Ger\u00e4t ist nicht nur in der Lage, alle 3G-, 4G- und 5G-Mobilfunksignale zu blockieren, sondern auch WiFi 2.4G, 5G, CDMA450M, GPS, LOJACK, UHF, VHF und LORA-Signale zu st\u00f6ren. Mit einer einstellbaren Leistung von bis zu 110 Watt kann der St\u00f6rungsradius bis zu 80 Meter betragen, abh\u00e4ngig von der Signalst\u00e4rke an einem bestimmten Ort.<\/p>\n<p>Um eine optimale Leistung zu gew\u00e4hrleisten, ist der St\u00f6rsender mit 7 eingebauten L\u00fcftern ausgestattet, die kontinuierlich arbeiten. LED-Anzeigen zeigen den Arbeitsstatus jedes Frequenzbandes an, und es ist auch mit einer Infrarot-Fernbedienung ausgestattet, um das Ein- und Ausschalten innerhalb einer Reichweite von 2-5 Metern zu erleichtern.<\/p>","protected":false},"featured_media":1548,"comment_status":"open","ping_status":"closed","template":"","meta":{"site-sidebar-layout":"no-sidebar","site-content-layout":"page-builder","ast-site-content-layout":"normal-width-container","site-content-style":"default","site-sidebar-style":"default","ast-global-header-display":"","ast-banner-title-visibility":"","ast-main-header-display":"","ast-hfb-above-header-display":"","ast-hfb-below-header-display":"","ast-hfb-mobile-header-display":"","site-post-title":"disabled","ast-breadcrumbs-content":"","ast-featured-img":"disabled","footer-sml-layout":"","theme-transparent-header-meta":"default","adv-header-id-meta":"","stick-header-meta":"default","header-above-stick-meta":"","header-main-stick-meta":"","header-below-stick-meta":"","astra-migrate-meta-layouts":"set","ast-page-background-enabled":"default","ast-page-background-meta":{"desktop":{"background-color":"var(--ast-global-color-4)","background-image":"","background-repeat":"repeat","background-position":"center center","background-size":"auto","background-attachment":"scroll","background-type":"","background-media":"","overlay-type":"","overlay-color":"","overlay-gradient":""},"tablet":{"background-color":"","background-image":"","background-repeat":"repeat","background-position":"center center","background-size":"auto","background-attachment":"scroll","background-type":"","background-media":"","overlay-type":"","overlay-color":"","overlay-gradient":""},"mobile":{"background-color":"","background-image":"","background-repeat":"repeat","background-position":"center center","background-size":"auto","background-attachment":"scroll","background-type":"","background-media":"","overlay-type":"","overlay-color":"","overlay-gradient":""}},"ast-content-background-meta":{"desktop":{"background-color":"var(--ast-global-color-5)","background-image":"","background-repeat":"repeat","background-position":"center center","background-size":"auto","background-attachment":"scroll","background-type":"","background-media":"","overlay-type":"","overlay-color":"","overlay-gradient":""},"tablet":{"background-color":"var(--ast-global-color-5)","background-image":"","background-repeat":"repeat","background-position":"center center","background-size":"auto","background-attachment":"scroll","background-type":"","background-media":"","overlay-type":"","overlay-color":"","overlay-gradient":""},"mobile":{"background-color":"var(--ast-global-color-5)","background-image":"","background-repeat":"repeat","background-position":"center center","background-size":"auto","background-attachment":"scroll","background-type":"","background-media":"","overlay-type":"","overlay-color":"","overlay-gradient":""}}},"product_brand":[],"product_cat":[15,78,41,89,42,90,91,66,52,40,39,49,33,32,62,35,34,96,95,87,88,38,46,59,71,84,51,47,97,37,36],"product_tag":[306,468,345,308,317,496,332,557,530,499,416,418,421,423,531,249,251,166,254,256,258,259,260,177,179,182,183,261,262,263,264,268,269,270,191,197,276,278,279,280,200,204,470,207,208,340,473,535,536,537,210,524,286,371,217,465,476,373,542,457,290,480,292,546,341,293,482,484,333,229,230,548,299,488,441,519,300,521,553,302,445,443,491,523,239,558,240,393,403,329,343,242,436,243],"class_list":{"0":"post-1870","1":"product","2":"type-product","3":"status-publish","4":"has-post-thumbnail","6":"product_cat-signal-blocker","7":"product_cat-16antenna-jammers","8":"product_cat-3g-signal-jammer","9":"product_cat-3g-umts2110-2170mhz","10":"product_cat-4g-jammer","11":"product_cat-4g-lte725-770mhz-or790-826mhz","12":"product_cat-4g-wimax2345-2400mhz-or2620-2690mhz","13":"product_cat-adjustable-jammer","14":"product_cat-anti-tracking-signal-jammer","15":"product_cat-bluetooth-signal-blocker","16":"product_cat-bluetooth-jammer","17":"product_cat-camera-jammer-wireless","18":"product_cat-cell-phone-signal-blocker","19":"product_cat-cell-phone-signal-jammer","20":"product_cat-desktop-jammer","21":"product_cat-gps-signal-blocker","22":"product_cat-gps-signal-jammer","23":"product_cat-gps-l1-l2-l3-l4-l5-jammer","24":"product_cat-gps-l3-l4-1370-1390mhz-jammer","25":"product_cat-gsm1800-dcs1805-1880mhz","26":"product_cat-gsm1900-pcs1920-1990mhz","27":"product_cat-gsm-jammer","28":"product_cat-high-power-signal-jammers","29":"product_cat-indoor-jammer","30":"product_cat-more-than-1000dollars-jammers","31":"product_cat-more-than-40meters","32":"product_cat-multifunctional-signal-jammers","33":"product_cat-uhf-vhf-jammers","34":"product_cat-wifi-2-4g-2400-2500mhz-jammer","35":"product_cat-wifi-signal-blocker","36":"product_cat-wifi-jammer","37":"product_tag-12v-cell-phone-jammer","38":"product_tag-2-4-ghz-jammer","39":"product_tag-2-4ghz-wifi-jammer","40":"product_tag-3g-and-4g-cell-phone-jammer","41":"product_tag-4g-cell-phone-jammer-diy","42":"product_tag-all-frequency-jammer","43":"product_tag-amazon-wifi-jammer","44":"product_tag-auto-gps-jammer","45":"product_tag-broad-spectrum-jammer","46":"product_tag-broad-spectrum-radio-jammer","47":"product_tag-buy-gps-jammer-for-car","48":"product_tag-buy-gps-jammer-near-me","49":"product_tag-buy-gps-jammer-us","50":"product_tag-buy-vehicle-gps-jammer","51":"product_tag-camera-jammer-device","52":"product_tag-cell-jammer-canada","53":"product_tag-cell-jammer-schematic","54":"product_tag-cell-phone-frequency-jammer","55":"product_tag-cell-phone-jammer-apk","56":"product_tag-cell-phone-jammer-block-diagram","57":"product_tag-cell-phone-jammer-chicago","58":"product_tag-cell-phone-jammer-circuit","59":"product_tag-cell-phone-jammer-device","60":"product_tag-cell-phone-jammer-for-business","61":"product_tag-cell-phone-jammer-for-home","62":"product_tag-cell-phone-jammer-for-workplace","63":"product_tag-cell-phone-jammer-from-tv-remote","64":"product_tag-cell-phone-jammer-in-car","65":"product_tag-cell-phone-jammer-in-school","66":"product_tag-cell-phone-jammer-kit","67":"product_tag-cell-phone-jammer-kit-for-sale","68":"product_tag-cell-phone-scrambler-jammer","69":"product_tag-cell-phone-service-jammer","70":"product_tag-cell-phone-signal-blocker-jammer","71":"product_tag-cell-phone-signal-jammer-device","72":"product_tag-cell-phone-signal-jammer-for-schools","73":"product_tag-cell-phone-signal-jammer-south-africa","74":"product_tag-cell-phone-video-camera-jammer","75":"product_tag-cell-phone-wifi-jammer-amazon","76":"product_tag-cell-service-jammer","77":"product_tag-cell-signal-jammer-amazon","78":"product_tag-cellular-data-jammer","79":"product_tag-device-jammer","80":"product_tag-directional-cell-phone-jammer","81":"product_tag-diy-cell-phone-signal-jammer","82":"product_tag-diy-wifi-signal-jammer","83":"product_tag-door-jammer-hhhhhh","84":"product_tag-door-jammer-portable","85":"product_tag-drone-jammer-aaaaaa","86":"product_tag-drone-jammer-app","87":"product_tag-emp-cell-phone-jammer","88":"product_tag-frequency-jammer","89":"product_tag-gsm-cell-phone-jammer","90":"product_tag-gsm-wifi-jammer","91":"product_tag-high-powered-cell-phone-jammer","92":"product_tag-how-do-signal-jammer-work","93":"product_tag-how-to-make-signal-jammer","94":"product_tag-how-wifi-jammer-works","95":"product_tag-jammer-car-gps","96":"product_tag-jammer-meaning","97":"product_tag-lte-cell-phone-jammer","98":"product_tag-microphone-jammer","99":"product_tag-mobile-cell-phone-signal-jammer","100":"product_tag-mobile-phone-camera-jammer","101":"product_tag-mobile-phone-wifi-jammer","102":"product_tag-most-powerful-cell-phone-jammer","103":"product_tag-phone-jammer","104":"product_tag-portable-phone-jammer","105":"product_tag-portable-wifi-jammer","106":"product_tag-powerful-cell-phone-jammer","107":"product_tag-professional-cell-phone-jammer","108":"product_tag-radio-frequency-jammer-app","109":"product_tag-school-cell-phone-jammer","110":"product_tag-security-door-jammer","111":"product_tag-signal-jammer-cost","112":"product_tag-signal-jammer-diy","113":"product_tag-simplisafe-cell-jammer","114":"product_tag-speaker-jammer","115":"product_tag-surveillance-camera-jammer","116":"product_tag-tv-remote-cell-phone-jammer","117":"product_tag-wave-jammer","118":"product_tag-what-is-a-jammer","119":"product_tag-what-is-mobile-jammer","120":"product_tag-what-is-phone-jammer","121":"product_tag-what-is-the-best-cell-phone-jammer","122":"product_tag-whats-a-jammer","123":"product_tag-where-can-i-buy-a-cell-phone-jammer","124":"product_tag-wifi-bluetooth-signal-jammer","125":"product_tag-wifi-jammer-circuit","126":"product_tag-wifi-jammer-for-sale","127":"product_tag-wifi-signal-jammer-device","128":"product_tag-wireless-cell-phone-jammer","129":"product_tag-wireless-network-jammer","130":"product_tag-workplace-cell-phone-jammer","131":"desktop-align-left","132":"tablet-align-left","133":"mobile-align-left","134":"ast-product-gallery-layout-horizontal-slider","135":"ast-product-single-variable","136":"ast-product-tabs-layout-horizontal","138":"first","139":"instock","140":"sale","141":"shipping-taxable","142":"purchasable","143":"product-type-variable"},"yoast_head":"<!-- This site is optimized with the Yoast SEO plugin v23.9 - https:\/\/yoast.com\/wordpress\/plugins\/seo\/ -->\n<title>16 Antenna Full Band Signal Jammer WIFI GPS LOJACK UHF VHF Phone Blocker 16 Band - JAMMERSIGNAL<\/title>\n<meta name=\"description\" content=\"16-Antenna Cell Phone 5G, 5G WiFi, GPS, UHF\/VHF Signal Jammer provides excellent jamming capabilities, able to block all 3G, 4G and 5G cell phone signals, and WiFi 2.4G, 5G, CDMA450M, GPS, LOJACK, UHF, VHF and LORA signals.\" \/>\n<meta name=\"robots\" content=\"index, follow, max-snippet:-1, max-image-preview:large, max-video-preview:-1\" \/>\n<link rel=\"canonical\" href=\"https:\/\/www.jammersignal.com\/de\/produkt\/16antenna-full-band-jammer-wifi-gps-lojack-uhf-vhf\/\" \/>\n<meta property=\"og:locale\" content=\"de_DE\" \/>\n<meta property=\"og:type\" content=\"article\" \/>\n<meta property=\"og:title\" content=\"16 Antenna Full Band Signal Jammer WIFI GPS LOJACK UHF VHF Phone Blocker 16 Band - JAMMERSIGNAL\" \/>\n<meta property=\"og:description\" content=\"16-Antenna Cell Phone 5G, 5G WiFi, GPS, UHF\/VHF Signal Jammer provides excellent jamming capabilities, able to block all 3G, 4G and 5G cell phone signals, and WiFi 2.4G, 5G, CDMA450M, GPS, LOJACK, UHF, VHF and LORA signals.\" \/>\n<meta property=\"og:url\" content=\"https:\/\/www.jammersignal.com\/de\/produkt\/16antenna-full-band-jammer-wifi-gps-lojack-uhf-vhf\/\" \/>\n<meta property=\"og:site_name\" content=\"JAMMERSIGNAL\" \/>\n<meta property=\"article:modified_time\" content=\"2024-12-18T06:31:03+00:00\" \/>\n<meta property=\"og:image\" content=\"https:\/\/www.jammersignal.com\/wp-content\/uploads\/2024\/05\/16-antenna-full-band-jammersignal-lojack-gps-wifi-jammers-3.jpg\" \/>\n\t<meta property=\"og:image:width\" content=\"2000\" \/>\n\t<meta property=\"og:image:height\" content=\"2000\" \/>\n\t<meta property=\"og:image:type\" content=\"image\/jpeg\" \/>\n<meta name=\"twitter:card\" content=\"summary_large_image\" \/>\n<meta name=\"twitter:label1\" content=\"Gesch\u00e4tzte Lesezeit\" \/>\n\t<meta name=\"twitter:data1\" content=\"2\u00a0Minuten\" \/>\n<script type=\"application\/ld+json\" class=\"yoast-schema-graph\">{\"@context\":\"https:\/\/schema.org\",\"@graph\":[{\"@type\":\"WebPage\",\"@id\":\"https:\/\/www.jammersignal.com\/product\/16antenna-full-band-jammer-wifi-gps-lojack-uhf-vhf\/\",\"url\":\"https:\/\/www.jammersignal.com\/product\/16antenna-full-band-jammer-wifi-gps-lojack-uhf-vhf\/\",\"name\":\"16 Antenna Full Band Signal Jammer WIFI GPS LOJACK UHF VHF Phone Blocker 16 Band - JAMMERSIGNAL\",\"isPartOf\":{\"@id\":\"https:\/\/www.jammersignal.com\/#website\"},\"primaryImageOfPage\":{\"@id\":\"https:\/\/www.jammersignal.com\/product\/16antenna-full-band-jammer-wifi-gps-lojack-uhf-vhf\/#primaryimage\"},\"image\":{\"@id\":\"https:\/\/www.jammersignal.com\/product\/16antenna-full-band-jammer-wifi-gps-lojack-uhf-vhf\/#primaryimage\"},\"thumbnailUrl\":\"https:\/\/www.jammersignal.com\/wp-content\/uploads\/2024\/05\/16-antenna-full-band-jammersignal-lojack-gps-wifi-jammers-3.jpg\",\"datePublished\":\"2024-05-19T07:50:04+00:00\",\"dateModified\":\"2024-12-18T06:31:03+00:00\",\"description\":\"16-Antenna Cell Phone 5G, 5G WiFi, GPS, UHF\/VHF Signal Jammer provides excellent jamming capabilities, able to block all 3G, 4G and 5G cell phone signals, and WiFi 2.4G, 5G, CDMA450M, GPS, LOJACK, UHF, VHF and LORA signals.\",\"breadcrumb\":{\"@id\":\"https:\/\/www.jammersignal.com\/product\/16antenna-full-band-jammer-wifi-gps-lojack-uhf-vhf\/#breadcrumb\"},\"inLanguage\":\"de\",\"potentialAction\":[{\"@type\":\"ReadAction\",\"target\":[\"https:\/\/www.jammersignal.com\/product\/16antenna-full-band-jammer-wifi-gps-lojack-uhf-vhf\/\"]}]},{\"@type\":\"ImageObject\",\"inLanguage\":\"de\",\"@id\":\"https:\/\/www.jammersignal.com\/product\/16antenna-full-band-jammer-wifi-gps-lojack-uhf-vhf\/#primaryimage\",\"url\":\"https:\/\/www.jammersignal.com\/wp-content\/uploads\/2024\/05\/16-antenna-full-band-jammersignal-lojack-gps-wifi-jammers-3.jpg\",\"contentUrl\":\"https:\/\/www.jammersignal.com\/wp-content\/uploads\/2024\/05\/16-antenna-full-band-jammersignal-lojack-gps-wifi-jammers-3.jpg\",\"width\":2000,\"height\":2000,\"caption\":\"16 antenna full band jammersignal lojack gps wifi jammers (3)\"},{\"@type\":\"BreadcrumbList\",\"@id\":\"https:\/\/www.jammersignal.com\/product\/16antenna-full-band-jammer-wifi-gps-lojack-uhf-vhf\/#breadcrumb\",\"itemListElement\":[{\"@type\":\"ListItem\",\"position\":1,\"name\":\"Home\",\"item\":\"https:\/\/www.jammersignal.com\/\"},{\"@type\":\"ListItem\",\"position\":2,\"name\":\"Shop\",\"item\":\"https:\/\/www.jammersignal.com\/shop\/\"},{\"@type\":\"ListItem\",\"position\":3,\"name\":\"Signal Blocker\",\"item\":\"https:\/\/www.jammersignal.com\/product-category\/signal-blocker\/\"},{\"@type\":\"ListItem\",\"position\":4,\"name\":\"16 Antenna Full Band Signal Jammer WIFI GPS LOJACK UHF VHF Phone Blocker\"}]},{\"@type\":\"WebSite\",\"@id\":\"https:\/\/www.jammersignal.com\/#website\",\"url\":\"https:\/\/www.jammersignal.com\/\",\"name\":\"JAMMERSIGNAL\",\"description\":\"\",\"publisher\":{\"@id\":\"https:\/\/www.jammersignal.com\/#organization\"},\"potentialAction\":[{\"@type\":\"SearchAction\",\"target\":{\"@type\":\"EntryPoint\",\"urlTemplate\":\"https:\/\/www.jammersignal.com\/?s={search_term_string}\"},\"query-input\":{\"@type\":\"PropertyValueSpecification\",\"valueRequired\":true,\"valueName\":\"search_term_string\"}}],\"inLanguage\":\"de\"},{\"@type\":\"Organization\",\"@id\":\"https:\/\/www.jammersignal.com\/#organization\",\"name\":\"JAMMERSIGNAL\",\"url\":\"https:\/\/www.jammersignal.com\/\",\"logo\":{\"@type\":\"ImageObject\",\"inLanguage\":\"de\",\"@id\":\"https:\/\/www.jammersignal.com\/#\/schema\/logo\/image\/\",\"url\":\"https:\/\/www.jammersignal.com\/wp-content\/uploads\/2024\/05\/cropped-jammersignal-logo-4.png\",\"contentUrl\":\"https:\/\/www.jammersignal.com\/wp-content\/uploads\/2024\/05\/cropped-jammersignal-logo-4.png\",\"width\":104,\"height\":34,\"caption\":\"JAMMERSIGNAL\"},\"image\":{\"@id\":\"https:\/\/www.jammersignal.com\/#\/schema\/logo\/image\/\"}}]}<\/script>\n<!-- \/ Yoast SEO plugin. -->","yoast_head_json":{"title":"16 Antennen Full Band Signal Jammer WIFI GPS LOJACK UHF VHF Telefon Blocker 16 Band - JAMMERSIGNAL","description":"16-Antennen Handy 5G, 5G WiFi, GPS, UHF\/VHF Signal Jammer bietet hervorragende St\u00f6reigenschaften, in der Lage, alle 3G, 4G und 5G Handy-Signale, und WiFi 2.4G, 5G, CDMA450M, GPS, LOJACK, UHF, VHF und LORA Signale zu blockieren.","robots":{"index":"index","follow":"follow","max-snippet":"max-snippet:-1","max-image-preview":"max-image-preview:large","max-video-preview":"max-video-preview:-1"},"canonical":"https:\/\/www.jammersignal.com\/de\/produkt\/16antenna-full-band-jammer-wifi-gps-lojack-uhf-vhf\/","og_locale":"de_DE","og_type":"article","og_title":"16 Antenna Full Band Signal Jammer WIFI GPS LOJACK UHF VHF Phone Blocker 16 Band - JAMMERSIGNAL","og_description":"16-Antenna Cell Phone 5G, 5G WiFi, GPS, UHF\/VHF Signal Jammer provides excellent jamming capabilities, able to block all 3G, 4G and 5G cell phone signals, and WiFi 2.4G, 5G, CDMA450M, GPS, LOJACK, UHF, VHF and LORA signals.","og_url":"https:\/\/www.jammersignal.com\/de\/produkt\/16antenna-full-band-jammer-wifi-gps-lojack-uhf-vhf\/","og_site_name":"JAMMERSIGNAL","article_modified_time":"2024-12-18T06:31:03+00:00","og_image":[{"width":2000,"height":2000,"url":"https:\/\/www.jammersignal.com\/wp-content\/uploads\/2024\/05\/16-antenna-full-band-jammersignal-lojack-gps-wifi-jammers-3.jpg","type":"image\/jpeg"}],"twitter_card":"summary_large_image","twitter_misc":{"Gesch\u00e4tzte Lesezeit":"2\u00a0Minuten"},"schema":{"@context":"https:\/\/schema.org","@graph":[{"@type":"WebPage","@id":"https:\/\/www.jammersignal.com\/product\/16antenna-full-band-jammer-wifi-gps-lojack-uhf-vhf\/","url":"https:\/\/www.jammersignal.com\/product\/16antenna-full-band-jammer-wifi-gps-lojack-uhf-vhf\/","name":"16 Antennen Full Band Signal Jammer WIFI GPS LOJACK UHF VHF Telefon Blocker 16 Band - JAMMERSIGNAL","isPartOf":{"@id":"https:\/\/www.jammersignal.com\/#website"},"primaryImageOfPage":{"@id":"https:\/\/www.jammersignal.com\/product\/16antenna-full-band-jammer-wifi-gps-lojack-uhf-vhf\/#primaryimage"},"image":{"@id":"https:\/\/www.jammersignal.com\/product\/16antenna-full-band-jammer-wifi-gps-lojack-uhf-vhf\/#primaryimage"},"thumbnailUrl":"https:\/\/www.jammersignal.com\/wp-content\/uploads\/2024\/05\/16-antenna-full-band-jammersignal-lojack-gps-wifi-jammers-3.jpg","datePublished":"2024-05-19T07:50:04+00:00","dateModified":"2024-12-18T06:31:03+00:00","description":"16-Antennen Handy 5G, 5G WiFi, GPS, UHF\/VHF Signal Jammer bietet hervorragende St\u00f6reigenschaften, in der Lage, alle 3G, 4G und 5G Handy-Signale, und WiFi 2.4G, 5G, CDMA450M, GPS, LOJACK, UHF, VHF und LORA Signale zu blockieren.","breadcrumb":{"@id":"https:\/\/www.jammersignal.com\/product\/16antenna-full-band-jammer-wifi-gps-lojack-uhf-vhf\/#breadcrumb"},"inLanguage":"de","potentialAction":[{"@type":"ReadAction","target":["https:\/\/www.jammersignal.com\/product\/16antenna-full-band-jammer-wifi-gps-lojack-uhf-vhf\/"]}]},{"@type":"ImageObject","inLanguage":"de","@id":"https:\/\/www.jammersignal.com\/product\/16antenna-full-band-jammer-wifi-gps-lojack-uhf-vhf\/#primaryimage","url":"https:\/\/www.jammersignal.com\/wp-content\/uploads\/2024\/05\/16-antenna-full-band-jammersignal-lojack-gps-wifi-jammers-3.jpg","contentUrl":"https:\/\/www.jammersignal.com\/wp-content\/uploads\/2024\/05\/16-antenna-full-band-jammersignal-lojack-gps-wifi-jammers-3.jpg","width":2000,"height":2000,"caption":"16 antenna full band jammersignal lojack gps wifi jammers (3)"},{"@type":"BreadcrumbList","@id":"https:\/\/www.jammersignal.com\/product\/16antenna-full-band-jammer-wifi-gps-lojack-uhf-vhf\/#breadcrumb","itemListElement":[{"@type":"ListItem","position":1,"name":"Home","item":"https:\/\/www.jammersignal.com\/"},{"@type":"ListItem","position":2,"name":"Shop","item":"https:\/\/www.jammersignal.com\/shop\/"},{"@type":"ListItem","position":3,"name":"Signal Blocker","item":"https:\/\/www.jammersignal.com\/product-category\/signal-blocker\/"},{"@type":"ListItem","position":4,"name":"16 Antenna Full Band Signal Jammer WIFI GPS LOJACK UHF VHF Phone Blocker"}]},{"@type":"WebSite","@id":"https:\/\/www.jammersignal.com\/#website","url":"https:\/\/www.jammersignal.com\/","name":"JAMMERSIGNAL","description":"","publisher":{"@id":"https:\/\/www.jammersignal.com\/#organization"},"potentialAction":[{"@type":"SearchAction","target":{"@type":"EntryPoint","urlTemplate":"https:\/\/www.jammersignal.com\/?s={search_term_string}"},"query-input":{"@type":"PropertyValueSpecification","valueRequired":true,"valueName":"search_term_string"}}],"inLanguage":"de"},{"@type":"Organization","@id":"https:\/\/www.jammersignal.com\/#organization","name":"JAMMERSIGNAL","url":"https:\/\/www.jammersignal.com\/","logo":{"@type":"ImageObject","inLanguage":"de","@id":"https:\/\/www.jammersignal.com\/#\/schema\/logo\/image\/","url":"https:\/\/www.jammersignal.com\/wp-content\/uploads\/2024\/05\/cropped-jammersignal-logo-4.png","contentUrl":"https:\/\/www.jammersignal.com\/wp-content\/uploads\/2024\/05\/cropped-jammersignal-logo-4.png","width":104,"height":34,"caption":"JAMMERSIGNAL"},"image":{"@id":"https:\/\/www.jammersignal.com\/#\/schema\/logo\/image\/"}}]}},"_links":{"self":[{"href":"https:\/\/www.jammersignal.com\/de\/wp-json\/wp\/v2\/product\/1870","targetHints":{"allow":["GET"]}}],"collection":[{"href":"https:\/\/www.jammersignal.com\/de\/wp-json\/wp\/v2\/product"}],"about":[{"href":"https:\/\/www.jammersignal.com\/de\/wp-json\/wp\/v2\/types\/product"}],"replies":[{"embeddable":true,"href":"https:\/\/www.jammersignal.com\/de\/wp-json\/wp\/v2\/comments?post=1870"}],"version-history":[{"count":8,"href":"https:\/\/www.jammersignal.com\/de\/wp-json\/wp\/v2\/product\/1870\/revisions"}],"predecessor-version":[{"id":1950,"href":"https:\/\/www.jammersignal.com\/de\/wp-json\/wp\/v2\/product\/1870\/revisions\/1950"}],"wp:featuredmedia":[{"embeddable":true,"href":"https:\/\/www.jammersignal.com\/de\/wp-json\/wp\/v2\/media\/1548"}],"wp:attachment":[{"href":"https:\/\/www.jammersignal.com\/de\/wp-json\/wp\/v2\/media?parent=1870"}],"wp:term":[{"taxonomy":"product_brand","embeddable":true,"href":"https:\/\/www.jammersignal.com\/de\/wp-json\/wp\/v2\/product_brand?post=1870"},{"taxonomy":"product_cat","embeddable":true,"href":"https:\/\/www.jammersignal.com\/de\/wp-json\/wp\/v2\/product_cat?post=1870"},{"taxonomy":"product_tag","embeddable":true,"href":"https:\/\/www.jammersignal.com\/de\/wp-json\/wp\/v2\/product_tag?post=1870"}],"curies":[{"name":"wp","href":"https:\/\/api.w.org\/{rel}","templated":true}]}}