{"id":1955,"date":"2024-05-19T11:19:13","date_gmt":"2024-05-19T11:19:13","guid":{"rendered":"https:\/\/www.jammersignal.com\/?post_type=product&#038;p=1955"},"modified":"2024-12-17T07:53:44","modified_gmt":"2024-12-17T07:53:44","slug":"portable-recording-jammer-anti-recording-equipment","status":"publish","type":"product","link":"https:\/\/www.jammersignal.com\/de\/produkt\/portable-recording-jammer-anti-recording-equipment\/","title":{"rendered":"MDPB-S108 Tragbarer Aufnahme-St\u00f6rsender Anti-Recording-Ausr\u00fcstung"},"content":{"rendered":"<div data-elementor-type=\"wp-post\" data-elementor-id=\"1955\" class=\"elementor elementor-1955\">\n\t\t\t\t<div class=\"elementor-element elementor-element-4a8c2a2 e-flex e-con-boxed e-con e-parent\" data-id=\"4a8c2a2\" data-element_type=\"container\">\n\t\t\t\t\t<div class=\"e-con-inner\">\n\t\t<div class=\"elementor-element elementor-element-2677d1d e-con-full e-flex e-con e-child\" data-id=\"2677d1d\" data-element_type=\"container\">\n\t\t\t\t<div class=\"elementor-element elementor-element-5ee8a99 elementor-widget elementor-widget-text-editor\" data-id=\"5ee8a99\" data-element_type=\"widget\" data-widget_type=\"text-editor.default\">\n\t\t\t\t<div class=\"elementor-widget-container\">\n\t\t\t\t\t\t\t\t\t<h4>Technische Daten<\/h4><table width=\"344\"><tbody><tr><td width=\"72\"><strong>Parameter Name<\/strong><\/td><td width=\"272\"><strong>Angaben zu den Parametern<\/strong><\/td><\/tr><tr><td>Modell\u00a0<\/td><td>MDPB-S108<\/td><\/tr><tr><td>Luftreiniger-Funktion<\/td><td>Unterst\u00fctzung<\/td><\/tr><tr><td>Camouflage<\/td><td>Luftreiniger<\/td><\/tr><tr><td>Interferenz-Modus<\/td><td>Akustische St\u00f6rungen<\/td><\/tr><tr><td>Intensit\u00e4t der St\u00f6rung<\/td><td>gr\u00f6\u00dfer als 90 dB (in 1 Meter Entfernung)<\/td><\/tr><tr><td>H\u00f6rbares Ger\u00e4usch<\/td><td>Keine<\/td><\/tr><tr><td>Abstand der Abschirmung<\/td><td>2-3 Meter<\/td><\/tr><tr><td>Abschirmungswinkel<\/td><td>horizontal 120\u00b0\/vertikal 120\u00b0<\/td><\/tr><tr><td>St\u00e4rke der Abschirmung<\/td><td>3 Stufen einstellbar<\/td><\/tr><tr><td>Entfernung der Fernbedienung<\/td><td>10 Meter<\/td><\/tr><tr><td>Stromversorgungsmodus<\/td><td>Adapter<\/td><\/tr><tr><td>Arbeitszeiten<\/td><td>unbegrenzt (Adapter)<\/td><\/tr><tr><td>Arbeitstemperatur<\/td><td>0\u2103~45\u2103<\/td><\/tr><tr><td>Betriebsspannung<\/td><td>12V<\/td><\/tr><tr><td>Arbeitsstrom<\/td><td>2A<\/td><\/tr><tr><td>Material der Schale<\/td><td>Metall-Acryl-Legierung<\/td><\/tr><tr><td>Gewicht<\/td><td>6Kg<\/td><\/tr><tr><td>Anpassung des Aussehens<\/td><td>Unterst\u00fctzung<\/td><\/tr><tr><td>Zubeh\u00f6r<\/td><td>Adapter\/Fernbedienung\/Netzkabel<\/td><\/tr><\/tbody><\/table>\t\t\t\t\t\t\t\t<\/div>\n\t\t\t\t<\/div>\n\t\t\t\t<\/div>\n\t\t<div class=\"elementor-element elementor-element-63abe0f e-con-full e-flex e-con e-child\" data-id=\"63abe0f\" data-element_type=\"container\">\n\t\t\t\t<div class=\"elementor-element elementor-element-3d0f9f0 elementor-widget elementor-widget-text-editor\" data-id=\"3d0f9f0\" data-element_type=\"widget\" data-widget_type=\"text-editor.default\">\n\t\t\t\t<div class=\"elementor-widget-container\">\n\t\t\t\t\t\t\t\t\t<h4>Informationen zum Produkt<\/h4><p>Der Desktop Recording Jammer ist das Flaggschiff der Recording Jammer-Serie und wurde f\u00fcr Umgebungen wie F\u00fchrungsb\u00fcros und kleine Konferenzr\u00e4ume entwickelt.<\/p><p><strong>Vorteil:<\/strong><\/p><p>Der Desktop Jammer (Camo Edition) zeichnet sich in mehreren Schl\u00fcsselbereichen der Jammer-Reihe aus. Er hat die folgenden Hauptvorteile:<\/p><ol><li>Verbesserte Abschirmungswirkung: Im Vergleich zu anderen Produkten dieser Serie bietet der Desktop-Aufnahme-St\u00f6rsender (Tarnversion) eine h\u00f6here St\u00f6rsignalleistung. Dadurch wird ein st\u00e4rkeres Rauschsignal erzeugt, das die Aufzeichnungsger\u00e4te st\u00f6rt und eine effektivere Abschirmung bietet.<\/li><li>L\u00e4ngerer Abschirmungsabstand: Die Abschirmdistanz des Desktop-Aufnahme-St\u00f6rsenders \u00fcbertrifft die von \u00e4hnlichen Produkten. Er kann bessere Aufnahmeger\u00e4te innerhalb einer Reichweite von etwa 2-3 Metern effektiv blockieren. In einigen F\u00e4llen kann er sogar Abschirmungsdistanzen von mehr als 3-5 Metern f\u00fcr bestimmte Aufzeichnungsger\u00e4te erreichen, wie z.B. bestimmte Mobiltelefone und Mikro-Wanzen.<\/li><li>Umfassende Ger\u00e4teabdeckung: Der getarnte Abfangj\u00e4ger f\u00e4ngt die meisten der g\u00e4ngigen Aufzeichnungsger\u00e4te effektiv ab. Die Abdeckungsrate \u00fcbersteigt 95% und \u00fcbertrifft damit \u00e4hnliche Produkte auf dem Markt.<\/li><\/ol><p>Der Desktop-Aufnahme-St\u00f6rsender (Tarnversion) hat einen st\u00e4rkeren Abschirmungseffekt, eine gr\u00f6\u00dfere Abschirmungsdistanz und eine umfassende Abdeckung einer Vielzahl von Aufnahmeger\u00e4ten. Er ist die beste Wahl f\u00fcr F\u00fchrungsb\u00fcros, kleine Konferenzr\u00e4ume und andere Umgebungen.<\/p><p><strong>Vorsichtsma\u00dfnahmen:<\/strong><\/p><p>1. die St\u00f6rsender sind nach den Frequenzb\u00e4ndern der verschiedenen L\u00e4nder angepasst, bitte best\u00e4tigen Sie, dass der Kauf Land und die tats\u00e4chliche Verwendung Land \u00fcbereinstimmen. Andernfalls kann es nicht verwendet werden.lesen Sie bitte die St\u00f6rsender-Funktion vor dem Kauf.<br \/>2. wenn die niedrige Leistung St\u00f6rsender (z. B. Handheld-St\u00f6rsender) zu blockieren Signal Ger\u00e4t (z. B.WIFI-Router, Bluetooth-Audio-Ger\u00e4te, etc.), wird der Effekt schlecht sein oder sogar nicht St\u00f6rsender.<br \/>3. es ist verboten, das Ger\u00e4t w\u00e4hrend des Aufladens zu benutzen.<br \/>4) Verwenden Sie tragbare St\u00f6rsender nicht als Tischst\u00f6rsender.<br \/>5) Verwenden Sie keine St\u00f6rsender, bevor Sie die Antenne angeschlossen haben.<\/p>\t\t\t\t\t\t\t\t<\/div>\n\t\t\t\t<\/div>\n\t\t\t\t<\/div>\n\t\t\t\t\t<\/div>\n\t\t\t\t<\/div>\n\t\t\t\t<\/div>","protected":false},"excerpt":{"rendered":"<p>Der Desktop-Aufnahme-St\u00f6rsender (Tarnversion) hat einen st\u00e4rkeren Abschirmungseffekt, eine gr\u00f6\u00dfere Abschirmungsdistanz und eine umfassende Abdeckung einer Vielzahl von Aufnahmeger\u00e4ten. Er ist die beste Wahl f\u00fcr F\u00fchrungsb\u00fcros, kleine Konferenzr\u00e4ume und andere Umgebungen.<\/p>\n<p><strong>Vorteil:<\/strong><\/p>\n<p>Der Desktop Jammer (Camo Edition) zeichnet sich in mehreren Schl\u00fcsselbereichen der Jammer-Reihe aus. Er hat die folgenden Hauptvorteile:<\/p>\n<p>1. Verbesserte Abschirmungswirkung: Im Vergleich zu anderen Produkten dieser Serie bietet der Desktop-Aufnahme-St\u00f6rsender (Tarnversion) eine h\u00f6here Ausgangsst\u00f6rsignalleistung. Dies erzeugt ein st\u00e4rkeres Rauschsignal, das das Aufnahmeger\u00e4t st\u00f6rt und eine effektivere Abschirmung bietet.<br \/>\n2. L\u00e4ngerer Abschirmungsabstand: Die Abschirmdistanz des Desktop-Aufnahme-St\u00f6rsenders \u00fcbertrifft die von \u00e4hnlichen Produkten. Er kann bessere Aufnahmeger\u00e4te innerhalb einer Reichweite von etwa 2-3 Metern effektiv blockieren. In einigen F\u00e4llen kann es sogar erreichen Abschirmung Distanzen von mehr als 3-5 Meter f\u00fcr bestimmte Aufnahmeger\u00e4te, wie z. B. bestimmte Mobiltelefone und Micro Bugs.<br \/>\n3. Umfassende Ger\u00e4teabdeckung: Der Camouflage-Aufnahme-Interceptor f\u00e4ngt die meisten der g\u00e4ngigen Aufnahmeger\u00e4te effektiv ab. Die Abdeckungsrate \u00fcbersteigt 95% und \u00fcbertrifft \u00e4hnliche Produkte auf dem Markt.<\/p>","protected":false},"featured_media":1574,"comment_status":"open","ping_status":"closed","template":"","meta":{"site-sidebar-layout":"no-sidebar","site-content-layout":"page-builder","ast-site-content-layout":"normal-width-container","site-content-style":"default","site-sidebar-style":"default","ast-global-header-display":"","ast-banner-title-visibility":"","ast-main-header-display":"","ast-hfb-above-header-display":"","ast-hfb-below-header-display":"","ast-hfb-mobile-header-display":"","site-post-title":"disabled","ast-breadcrumbs-content":"","ast-featured-img":"disabled","footer-sml-layout":"","theme-transparent-header-meta":"default","adv-header-id-meta":"","stick-header-meta":"default","header-above-stick-meta":"","header-main-stick-meta":"","header-below-stick-meta":"","astra-migrate-meta-layouts":"set","ast-page-background-enabled":"default","ast-page-background-meta":{"desktop":{"background-color":"var(--ast-global-color-4)","background-image":"","background-repeat":"repeat","background-position":"center center","background-size":"auto","background-attachment":"scroll","background-type":"","background-media":"","overlay-type":"","overlay-color":"","overlay-gradient":""},"tablet":{"background-color":"","background-image":"","background-repeat":"repeat","background-position":"center center","background-size":"auto","background-attachment":"scroll","background-type":"","background-media":"","overlay-type":"","overlay-color":"","overlay-gradient":""},"mobile":{"background-color":"","background-image":"","background-repeat":"repeat","background-position":"center center","background-size":"auto","background-attachment":"scroll","background-type":"","background-media":"","overlay-type":"","overlay-color":"","overlay-gradient":""}},"ast-content-background-meta":{"desktop":{"background-color":"var(--ast-global-color-5)","background-image":"","background-repeat":"repeat","background-position":"center center","background-size":"auto","background-attachment":"scroll","background-type":"","background-media":"","overlay-type":"","overlay-color":"","overlay-gradient":""},"tablet":{"background-color":"var(--ast-global-color-5)","background-image":"","background-repeat":"repeat","background-position":"center center","background-size":"auto","background-attachment":"scroll","background-type":"","background-media":"","overlay-type":"","overlay-color":"","overlay-gradient":""},"mobile":{"background-color":"var(--ast-global-color-5)","background-image":"","background-repeat":"repeat","background-position":"center center","background-size":"auto","background-attachment":"scroll","background-type":"","background-media":"","overlay-type":"","overlay-color":"","overlay-gradient":""}}},"product_brand":[],"product_cat":[15,53,46,71],"product_tag":[480,486,558],"class_list":{"0":"post-1955","1":"product","2":"type-product","3":"status-publish","4":"has-post-thumbnail","6":"product_cat-signal-blocker","7":"product_cat-hidden-signal-jammer","8":"product_cat-high-power-signal-jammers","9":"product_cat-more-than-1000dollars-jammers","10":"product_tag-microphone-jammer","11":"product_tag-recording-jammer","12":"product_tag-whats-a-jammer","13":"desktop-align-left","14":"tablet-align-left","15":"mobile-align-left","16":"ast-product-gallery-layout-horizontal-slider","17":"ast-product-single-variable","18":"ast-product-tabs-layout-horizontal","20":"first","21":"instock","22":"sale","23":"shipping-taxable","24":"purchasable","25":"product-type-variable"},"yoast_head":"<!-- This site is optimized with the Yoast SEO plugin v23.9 - https:\/\/yoast.com\/wordpress\/plugins\/seo\/ -->\n<title>Portable Office Desktop Recording Jammer Anti-Recording Equipment MDPB-S108 - JAMMERSIGNAL<\/title>\n<meta name=\"description\" content=\"The Desktop Recording Jammer is the flagship product in the Recording Jammer anti-recording equipment series and is designed for environments such as leadership offices and small conference rooms.\" \/>\n<meta name=\"robots\" content=\"index, follow, max-snippet:-1, max-image-preview:large, max-video-preview:-1\" \/>\n<link rel=\"canonical\" href=\"https:\/\/www.jammersignal.com\/de\/produkt\/portable-recording-jammer-anti-recording-equipment\/\" \/>\n<meta property=\"og:locale\" content=\"de_DE\" \/>\n<meta property=\"og:type\" content=\"article\" \/>\n<meta property=\"og:title\" content=\"Portable Office Desktop Recording Jammer Anti-Recording Equipment MDPB-S108 - JAMMERSIGNAL\" \/>\n<meta property=\"og:description\" content=\"The Desktop Recording Jammer is the flagship product in the Recording Jammer anti-recording equipment series and is designed for environments such as leadership offices and small conference rooms.\" \/>\n<meta property=\"og:url\" content=\"https:\/\/www.jammersignal.com\/de\/produkt\/portable-recording-jammer-anti-recording-equipment\/\" \/>\n<meta property=\"og:site_name\" content=\"JAMMERSIGNAL\" \/>\n<meta property=\"article:modified_time\" content=\"2024-12-17T07:53:44+00:00\" \/>\n<meta property=\"og:image\" content=\"https:\/\/www.jammersignal.com\/wp-content\/uploads\/2024\/05\/mdpb-s108-portable-jammersignal-equipment-anti-recording-jammers-1.jpg\" \/>\n\t<meta property=\"og:image:width\" content=\"800\" \/>\n\t<meta property=\"og:image:height\" content=\"800\" \/>\n\t<meta property=\"og:image:type\" content=\"image\/jpeg\" \/>\n<meta name=\"twitter:card\" content=\"summary_large_image\" \/>\n<meta name=\"twitter:label1\" content=\"Gesch\u00e4tzte Lesezeit\" \/>\n\t<meta name=\"twitter:data1\" content=\"2\u00a0Minuten\" \/>\n<script type=\"application\/ld+json\" class=\"yoast-schema-graph\">{\"@context\":\"https:\/\/schema.org\",\"@graph\":[{\"@type\":\"WebPage\",\"@id\":\"https:\/\/www.jammersignal.com\/product\/portable-recording-jammer-anti-recording-equipment\/\",\"url\":\"https:\/\/www.jammersignal.com\/product\/portable-recording-jammer-anti-recording-equipment\/\",\"name\":\"Portable Office Desktop Recording Jammer Anti-Recording Equipment MDPB-S108 - JAMMERSIGNAL\",\"isPartOf\":{\"@id\":\"https:\/\/www.jammersignal.com\/#website\"},\"primaryImageOfPage\":{\"@id\":\"https:\/\/www.jammersignal.com\/product\/portable-recording-jammer-anti-recording-equipment\/#primaryimage\"},\"image\":{\"@id\":\"https:\/\/www.jammersignal.com\/product\/portable-recording-jammer-anti-recording-equipment\/#primaryimage\"},\"thumbnailUrl\":\"https:\/\/www.jammersignal.com\/wp-content\/uploads\/2024\/05\/mdpb-s108-portable-jammersignal-equipment-anti-recording-jammers-1.jpg\",\"datePublished\":\"2024-05-19T11:19:13+00:00\",\"dateModified\":\"2024-12-17T07:53:44+00:00\",\"description\":\"The Desktop Recording Jammer is the flagship product in the Recording Jammer anti-recording equipment series and is designed for environments such as leadership offices and small conference rooms.\",\"breadcrumb\":{\"@id\":\"https:\/\/www.jammersignal.com\/product\/portable-recording-jammer-anti-recording-equipment\/#breadcrumb\"},\"inLanguage\":\"de\",\"potentialAction\":[{\"@type\":\"ReadAction\",\"target\":[\"https:\/\/www.jammersignal.com\/product\/portable-recording-jammer-anti-recording-equipment\/\"]}]},{\"@type\":\"ImageObject\",\"inLanguage\":\"de\",\"@id\":\"https:\/\/www.jammersignal.com\/product\/portable-recording-jammer-anti-recording-equipment\/#primaryimage\",\"url\":\"https:\/\/www.jammersignal.com\/wp-content\/uploads\/2024\/05\/mdpb-s108-portable-jammersignal-equipment-anti-recording-jammers-1.jpg\",\"contentUrl\":\"https:\/\/www.jammersignal.com\/wp-content\/uploads\/2024\/05\/mdpb-s108-portable-jammersignal-equipment-anti-recording-jammers-1.jpg\",\"width\":800,\"height\":800,\"caption\":\"mdpb s108 portable jammersignal equipment anti recording jammers (1)\"},{\"@type\":\"BreadcrumbList\",\"@id\":\"https:\/\/www.jammersignal.com\/product\/portable-recording-jammer-anti-recording-equipment\/#breadcrumb\",\"itemListElement\":[{\"@type\":\"ListItem\",\"position\":1,\"name\":\"Home\",\"item\":\"https:\/\/www.jammersignal.com\/\"},{\"@type\":\"ListItem\",\"position\":2,\"name\":\"Shop\",\"item\":\"https:\/\/www.jammersignal.com\/shop\/\"},{\"@type\":\"ListItem\",\"position\":3,\"name\":\"Signal Blocker\",\"item\":\"https:\/\/www.jammersignal.com\/product-category\/signal-blocker\/\"},{\"@type\":\"ListItem\",\"position\":4,\"name\":\"MDPB-S108 Portable Recording Jammer Anti-Recording Equipment\"}]},{\"@type\":\"WebSite\",\"@id\":\"https:\/\/www.jammersignal.com\/#website\",\"url\":\"https:\/\/www.jammersignal.com\/\",\"name\":\"JAMMERSIGNAL\",\"description\":\"\",\"publisher\":{\"@id\":\"https:\/\/www.jammersignal.com\/#organization\"},\"potentialAction\":[{\"@type\":\"SearchAction\",\"target\":{\"@type\":\"EntryPoint\",\"urlTemplate\":\"https:\/\/www.jammersignal.com\/?s={search_term_string}\"},\"query-input\":{\"@type\":\"PropertyValueSpecification\",\"valueRequired\":true,\"valueName\":\"search_term_string\"}}],\"inLanguage\":\"de\"},{\"@type\":\"Organization\",\"@id\":\"https:\/\/www.jammersignal.com\/#organization\",\"name\":\"JAMMERSIGNAL\",\"url\":\"https:\/\/www.jammersignal.com\/\",\"logo\":{\"@type\":\"ImageObject\",\"inLanguage\":\"de\",\"@id\":\"https:\/\/www.jammersignal.com\/#\/schema\/logo\/image\/\",\"url\":\"https:\/\/www.jammersignal.com\/wp-content\/uploads\/2024\/05\/cropped-jammersignal-logo-4.png\",\"contentUrl\":\"https:\/\/www.jammersignal.com\/wp-content\/uploads\/2024\/05\/cropped-jammersignal-logo-4.png\",\"width\":104,\"height\":34,\"caption\":\"JAMMERSIGNAL\"},\"image\":{\"@id\":\"https:\/\/www.jammersignal.com\/#\/schema\/logo\/image\/\"}}]}<\/script>\n<!-- \/ Yoast SEO plugin. -->","yoast_head_json":{"title":"Tragbarer B\u00fcro-Tisch-Aufnahme-St\u00f6rsender Anti-Recording-Ausr\u00fcstung MDPB-S108 - JAMMERSIGNAL","description":"Der Desktop Recording Jammer ist das Flaggschiff der Recording Jammer Anti-Recording-Ger\u00e4teserie und wurde f\u00fcr Umgebungen wie F\u00fchrungsb\u00fcros und kleine Konferenzr\u00e4ume entwickelt.","robots":{"index":"index","follow":"follow","max-snippet":"max-snippet:-1","max-image-preview":"max-image-preview:large","max-video-preview":"max-video-preview:-1"},"canonical":"https:\/\/www.jammersignal.com\/de\/produkt\/portable-recording-jammer-anti-recording-equipment\/","og_locale":"de_DE","og_type":"article","og_title":"Portable Office Desktop Recording Jammer Anti-Recording Equipment MDPB-S108 - JAMMERSIGNAL","og_description":"The Desktop Recording Jammer is the flagship product in the Recording Jammer anti-recording equipment series and is designed for environments such as leadership offices and small conference rooms.","og_url":"https:\/\/www.jammersignal.com\/de\/produkt\/portable-recording-jammer-anti-recording-equipment\/","og_site_name":"JAMMERSIGNAL","article_modified_time":"2024-12-17T07:53:44+00:00","og_image":[{"width":800,"height":800,"url":"https:\/\/www.jammersignal.com\/wp-content\/uploads\/2024\/05\/mdpb-s108-portable-jammersignal-equipment-anti-recording-jammers-1.jpg","type":"image\/jpeg"}],"twitter_card":"summary_large_image","twitter_misc":{"Gesch\u00e4tzte Lesezeit":"2\u00a0Minuten"},"schema":{"@context":"https:\/\/schema.org","@graph":[{"@type":"WebPage","@id":"https:\/\/www.jammersignal.com\/product\/portable-recording-jammer-anti-recording-equipment\/","url":"https:\/\/www.jammersignal.com\/product\/portable-recording-jammer-anti-recording-equipment\/","name":"Tragbarer B\u00fcro-Tisch-Aufnahme-St\u00f6rsender Anti-Recording-Ausr\u00fcstung MDPB-S108 - JAMMERSIGNAL","isPartOf":{"@id":"https:\/\/www.jammersignal.com\/#website"},"primaryImageOfPage":{"@id":"https:\/\/www.jammersignal.com\/product\/portable-recording-jammer-anti-recording-equipment\/#primaryimage"},"image":{"@id":"https:\/\/www.jammersignal.com\/product\/portable-recording-jammer-anti-recording-equipment\/#primaryimage"},"thumbnailUrl":"https:\/\/www.jammersignal.com\/wp-content\/uploads\/2024\/05\/mdpb-s108-portable-jammersignal-equipment-anti-recording-jammers-1.jpg","datePublished":"2024-05-19T11:19:13+00:00","dateModified":"2024-12-17T07:53:44+00:00","description":"Der Desktop Recording Jammer ist das Flaggschiff der Recording Jammer Anti-Recording-Ger\u00e4teserie und wurde f\u00fcr Umgebungen wie F\u00fchrungsb\u00fcros und kleine Konferenzr\u00e4ume entwickelt.","breadcrumb":{"@id":"https:\/\/www.jammersignal.com\/product\/portable-recording-jammer-anti-recording-equipment\/#breadcrumb"},"inLanguage":"de","potentialAction":[{"@type":"ReadAction","target":["https:\/\/www.jammersignal.com\/product\/portable-recording-jammer-anti-recording-equipment\/"]}]},{"@type":"ImageObject","inLanguage":"de","@id":"https:\/\/www.jammersignal.com\/product\/portable-recording-jammer-anti-recording-equipment\/#primaryimage","url":"https:\/\/www.jammersignal.com\/wp-content\/uploads\/2024\/05\/mdpb-s108-portable-jammersignal-equipment-anti-recording-jammers-1.jpg","contentUrl":"https:\/\/www.jammersignal.com\/wp-content\/uploads\/2024\/05\/mdpb-s108-portable-jammersignal-equipment-anti-recording-jammers-1.jpg","width":800,"height":800,"caption":"mdpb s108 portable jammersignal equipment anti recording jammers (1)"},{"@type":"BreadcrumbList","@id":"https:\/\/www.jammersignal.com\/product\/portable-recording-jammer-anti-recording-equipment\/#breadcrumb","itemListElement":[{"@type":"ListItem","position":1,"name":"Home","item":"https:\/\/www.jammersignal.com\/"},{"@type":"ListItem","position":2,"name":"Shop","item":"https:\/\/www.jammersignal.com\/shop\/"},{"@type":"ListItem","position":3,"name":"Signal Blocker","item":"https:\/\/www.jammersignal.com\/product-category\/signal-blocker\/"},{"@type":"ListItem","position":4,"name":"MDPB-S108 Portable Recording Jammer Anti-Recording Equipment"}]},{"@type":"WebSite","@id":"https:\/\/www.jammersignal.com\/#website","url":"https:\/\/www.jammersignal.com\/","name":"JAMMERSIGNAL","description":"","publisher":{"@id":"https:\/\/www.jammersignal.com\/#organization"},"potentialAction":[{"@type":"SearchAction","target":{"@type":"EntryPoint","urlTemplate":"https:\/\/www.jammersignal.com\/?s={search_term_string}"},"query-input":{"@type":"PropertyValueSpecification","valueRequired":true,"valueName":"search_term_string"}}],"inLanguage":"de"},{"@type":"Organization","@id":"https:\/\/www.jammersignal.com\/#organization","name":"JAMMERSIGNAL","url":"https:\/\/www.jammersignal.com\/","logo":{"@type":"ImageObject","inLanguage":"de","@id":"https:\/\/www.jammersignal.com\/#\/schema\/logo\/image\/","url":"https:\/\/www.jammersignal.com\/wp-content\/uploads\/2024\/05\/cropped-jammersignal-logo-4.png","contentUrl":"https:\/\/www.jammersignal.com\/wp-content\/uploads\/2024\/05\/cropped-jammersignal-logo-4.png","width":104,"height":34,"caption":"JAMMERSIGNAL"},"image":{"@id":"https:\/\/www.jammersignal.com\/#\/schema\/logo\/image\/"}}]}},"_links":{"self":[{"href":"https:\/\/www.jammersignal.com\/de\/wp-json\/wp\/v2\/product\/1955","targetHints":{"allow":["GET"]}}],"collection":[{"href":"https:\/\/www.jammersignal.com\/de\/wp-json\/wp\/v2\/product"}],"about":[{"href":"https:\/\/www.jammersignal.com\/de\/wp-json\/wp\/v2\/types\/product"}],"replies":[{"embeddable":true,"href":"https:\/\/www.jammersignal.com\/de\/wp-json\/wp\/v2\/comments?post=1955"}],"version-history":[{"count":4,"href":"https:\/\/www.jammersignal.com\/de\/wp-json\/wp\/v2\/product\/1955\/revisions"}],"predecessor-version":[{"id":1999,"href":"https:\/\/www.jammersignal.com\/de\/wp-json\/wp\/v2\/product\/1955\/revisions\/1999"}],"wp:featuredmedia":[{"embeddable":true,"href":"https:\/\/www.jammersignal.com\/de\/wp-json\/wp\/v2\/media\/1574"}],"wp:attachment":[{"href":"https:\/\/www.jammersignal.com\/de\/wp-json\/wp\/v2\/media?parent=1955"}],"wp:term":[{"taxonomy":"product_brand","embeddable":true,"href":"https:\/\/www.jammersignal.com\/de\/wp-json\/wp\/v2\/product_brand?post=1955"},{"taxonomy":"product_cat","embeddable":true,"href":"https:\/\/www.jammersignal.com\/de\/wp-json\/wp\/v2\/product_cat?post=1955"},{"taxonomy":"product_tag","embeddable":true,"href":"https:\/\/www.jammersignal.com\/de\/wp-json\/wp\/v2\/product_tag?post=1955"}],"curies":[{"name":"wp","href":"https:\/\/api.w.org\/{rel}","templated":true}]}}