{"id":2039,"date":"2024-05-19T14:06:13","date_gmt":"2024-05-19T14:06:13","guid":{"rendered":"https:\/\/www.jammersignal.com\/?post_type=product&#038;p=2039"},"modified":"2024-12-03T07:39:24","modified_gmt":"2024-12-03T07:39:24","slug":"u-disk-gps-jammer-anti-tracker","status":"publish","type":"product","link":"https:\/\/www.jammersignal.com\/de\/produkt\/u-disk-gps-jammer-anti-tracker\/","title":{"rendered":"Neue U Scheibe GPS Jammer Anti Tracker"},"content":{"rendered":"<div data-elementor-type=\"wp-post\" data-elementor-id=\"2039\" class=\"elementor elementor-2039\">\n\t\t\t\t<div class=\"elementor-element elementor-element-4a8c2a2 e-flex e-con-boxed e-con e-parent\" data-id=\"4a8c2a2\" data-element_type=\"container\">\n\t\t\t\t\t<div class=\"e-con-inner\">\n\t\t<div class=\"elementor-element elementor-element-2677d1d e-con-full e-flex e-con e-child\" data-id=\"2677d1d\" data-element_type=\"container\">\n\t\t\t\t<div class=\"elementor-element elementor-element-5ee8a99 elementor-widget elementor-widget-text-editor\" data-id=\"5ee8a99\" data-element_type=\"widget\" data-widget_type=\"text-editor.default\">\n\t\t\t\t<div class=\"elementor-widget-container\">\n\t\t\t\t\t\t\t\t\t<h4>Technische Daten<\/h4><p><strong>Interferenzfrequenz:<\/strong><\/p><ul><li>GPS L1: 1500 - 1600 MHz<\/li><li>GPS L2: 1220 - 1230 MHz<\/li><\/ul><p><strong>Stromversorgungsmodus<\/strong>: USB<br \/><strong>Gewicht<\/strong>: 100g<br \/><strong>Gesamtleistung<\/strong>: 1 Watt<br \/><strong>St\u00f6rungsradius<\/strong>2-8 Meter (abh\u00e4ngig von der Signalst\u00e4rke in einem bestimmten Gebiet)<br \/><strong>Wie zu verwenden<\/strong>: Schlie\u00dfen Sie das Ger\u00e4t an den Strom an und benutzen Sie es.<\/p><p><strong>Das Paket enth\u00e4lt<\/strong>: U-Disk GPS-St\u00f6rsender*1<\/p>\t\t\t\t\t\t\t\t<\/div>\n\t\t\t\t<\/div>\n\t\t\t\t<\/div>\n\t\t<div class=\"elementor-element elementor-element-63abe0f e-con-full e-flex e-con e-child\" data-id=\"63abe0f\" data-element_type=\"container\">\n\t\t\t\t<div class=\"elementor-element elementor-element-3d0f9f0 elementor-widget elementor-widget-text-editor\" data-id=\"3d0f9f0\" data-element_type=\"widget\" data-widget_type=\"text-editor.default\">\n\t\t\t\t<div class=\"elementor-widget-container\">\n\t\t\t\t\t\t\t\t\t<h4>Informationen zum Produkt<\/h4><p>Der neueste U-Disk-GPS-St\u00f6rsender verf\u00fcgt \u00fcber eine Vielzahl von bequemen Lademethoden und kann an USB, Zigarettenanz\u00fcnder und Powerbank zur Stromversorgung angeschlossen werden. Dank des LCD-Displays k\u00f6nnen Benutzer die St\u00f6reffekte leicht \u00fcberwachen, was eine klare Sicht erm\u00f6glicht. Der GPS-St\u00f6rsender ist in der Lage, die zivilen GPS-Frequenzb\u00e4nder L1 und L2 zu blockieren.<\/p>\t\t\t\t\t\t\t\t<\/div>\n\t\t\t\t<\/div>\n\t\t\t\t<\/div>\n\t\t\t\t\t<\/div>\n\t\t\t\t<\/div>\n\t\t\t\t<\/div>","protected":false},"excerpt":{"rendered":"<p>Der neueste U-Disk-GPS-St\u00f6rsender verf\u00fcgt \u00fcber eine Vielzahl von bequemen Lademethoden und kann an USB, Zigarettenanz\u00fcnder und Powerbank zur Stromversorgung angeschlossen werden. Dank des LCD-Displays k\u00f6nnen Benutzer die St\u00f6reffekte leicht \u00fcberwachen, was eine klare Sicht erm\u00f6glicht. Der GPS-St\u00f6rsender ist in der Lage, die zivilen GPS-Frequenzb\u00e4nder L1 und L2 zu blockieren.<\/p>","protected":false},"featured_media":1599,"comment_status":"open","ping_status":"closed","template":"","meta":{"site-sidebar-layout":"no-sidebar","site-content-layout":"page-builder","ast-site-content-layout":"normal-width-container","site-content-style":"default","site-sidebar-style":"default","ast-global-header-display":"","ast-banner-title-visibility":"","ast-main-header-display":"","ast-hfb-above-header-display":"","ast-hfb-below-header-display":"","ast-hfb-mobile-header-display":"","site-post-title":"disabled","ast-breadcrumbs-content":"","ast-featured-img":"disabled","footer-sml-layout":"","theme-transparent-header-meta":"default","adv-header-id-meta":"","stick-header-meta":"default","header-above-stick-meta":"","header-main-stick-meta":"","header-below-stick-meta":"","astra-migrate-meta-layouts":"set","ast-page-background-enabled":"default","ast-page-background-meta":{"desktop":{"background-color":"var(--ast-global-color-4)","background-image":"","background-repeat":"repeat","background-position":"center center","background-size":"auto","background-attachment":"scroll","background-type":"","background-media":"","overlay-type":"","overlay-color":"","overlay-gradient":""},"tablet":{"background-color":"","background-image":"","background-repeat":"repeat","background-position":"center center","background-size":"auto","background-attachment":"scroll","background-type":"","background-media":"","overlay-type":"","overlay-color":"","overlay-gradient":""},"mobile":{"background-color":"","background-image":"","background-repeat":"repeat","background-position":"center center","background-size":"auto","background-attachment":"scroll","background-type":"","background-media":"","overlay-type":"","overlay-color":"","overlay-gradient":""}},"ast-content-background-meta":{"desktop":{"background-color":"var(--ast-global-color-5)","background-image":"","background-repeat":"repeat","background-position":"center center","background-size":"auto","background-attachment":"scroll","background-type":"","background-media":"","overlay-type":"","overlay-color":"","overlay-gradient":""},"tablet":{"background-color":"var(--ast-global-color-5)","background-image":"","background-repeat":"repeat","background-position":"center center","background-size":"auto","background-attachment":"scroll","background-type":"","background-media":"","overlay-type":"","overlay-color":"","overlay-gradient":""},"mobile":{"background-color":"var(--ast-global-color-5)","background-image":"","background-repeat":"repeat","background-position":"center center","background-size":"auto","background-attachment":"scroll","background-type":"","background-media":"","overlay-type":"","overlay-color":"","overlay-gradient":""}}},"product_brand":[],"product_cat":[15,52,56,63,35,34,53,67,54,80],"product_tag":[410,414,415,416,417,419,277,213,456,493,509,457,441,442],"class_list":{"0":"post-2039","1":"product","2":"type-product","3":"status-publish","4":"has-post-thumbnail","6":"product_cat-signal-blocker","7":"product_cat-anti-tracking-signal-jammer","8":"product_cat-car-rechargeable-jammer","9":"product_cat-cheap-jammer","10":"product_cat-gps-signal-blocker","11":"product_cat-gps-signal-jammer","12":"product_cat-hidden-signal-jammer","13":"product_cat-less-than-100dollars-jammer","14":"product_cat-mini-jammer-small-blocker","15":"product_cat-within-10meters","16":"product_tag-buy-car-gps-jammer","17":"product_tag-buy-gps-jammer-cigarette-lighter","18":"product_tag-buy-gps-jammer-ebay","19":"product_tag-buy-gps-jammer-for-car","20":"product_tag-buy-gps-jammer-in-dallas","21":"product_tag-buy-gps-jammer-online","22":"product_tag-cell-phone-tracking-jammer","23":"product_tag-gps-cell-jammer","24":"product_tag-hidden-camera-jammer","25":"product_tag-how-do-jammer-work","26":"product_tag-jammer-blocker-signal","27":"product_tag-jammer-meaning","28":"product_tag-signal-jammer-cost","29":"product_tag-vehicle-gps-jammer","30":"desktop-align-left","31":"tablet-align-left","32":"mobile-align-left","33":"ast-product-gallery-layout-horizontal-slider","34":"ast-product-single-variable","35":"ast-product-tabs-layout-horizontal","37":"first","38":"instock","39":"sale","40":"shipping-taxable","41":"purchasable","42":"product-type-variable"},"yoast_head":"<!-- This site is optimized with the Yoast SEO plugin v23.9 - https:\/\/yoast.com\/wordpress\/plugins\/seo\/ -->\n<title>New U Disk GPS Jammer Anti Tracker Power 1 Watt, Interference radius 2-8 meters - JAMMERSIGNAL<\/title>\n<meta name=\"description\" content=\"The latest U-disk GPS jammer has a variety of convenient charging methods to choose from, and can be connected to USB, cigarette lighter, and power bank for power supply. Thanks to its LCD display, users can easily monitor interference effects, providing clear visibility.\" \/>\n<meta name=\"robots\" content=\"index, follow, max-snippet:-1, max-image-preview:large, max-video-preview:-1\" \/>\n<link rel=\"canonical\" href=\"https:\/\/www.jammersignal.com\/de\/produkt\/u-disk-gps-jammer-anti-tracker\/\" \/>\n<meta property=\"og:locale\" content=\"de_DE\" \/>\n<meta property=\"og:type\" content=\"article\" \/>\n<meta property=\"og:title\" content=\"New U Disk GPS Jammer Anti Tracker Power 1 Watt, Interference radius 2-8 meters - JAMMERSIGNAL\" \/>\n<meta property=\"og:description\" content=\"The latest U-disk GPS jammer has a variety of convenient charging methods to choose from, and can be connected to USB, cigarette lighter, and power bank for power supply. Thanks to its LCD display, users can easily monitor interference effects, providing clear visibility.\" \/>\n<meta property=\"og:url\" content=\"https:\/\/www.jammersignal.com\/de\/produkt\/u-disk-gps-jammer-anti-tracker\/\" \/>\n<meta property=\"og:site_name\" content=\"JAMMERSIGNAL\" \/>\n<meta property=\"article:modified_time\" content=\"2024-12-03T07:39:24+00:00\" \/>\n<meta property=\"og:image\" content=\"https:\/\/www.jammersignal.com\/wp-content\/uploads\/2024\/05\/new-u-disk-jammersignal-anti-gps-jammers-1.jpg\" \/>\n\t<meta property=\"og:image:width\" content=\"800\" \/>\n\t<meta property=\"og:image:height\" content=\"800\" \/>\n\t<meta property=\"og:image:type\" content=\"image\/jpeg\" \/>\n<meta name=\"twitter:card\" content=\"summary_large_image\" \/>\n<meta name=\"twitter:label1\" content=\"Gesch\u00e4tzte Lesezeit\" \/>\n\t<meta name=\"twitter:data1\" content=\"1\u00a0Minute\" \/>\n<script type=\"application\/ld+json\" class=\"yoast-schema-graph\">{\"@context\":\"https:\/\/schema.org\",\"@graph\":[{\"@type\":\"WebPage\",\"@id\":\"https:\/\/www.jammersignal.com\/product\/u-disk-gps-jammer-anti-tracker\/\",\"url\":\"https:\/\/www.jammersignal.com\/product\/u-disk-gps-jammer-anti-tracker\/\",\"name\":\"New U Disk GPS Jammer Anti Tracker Power 1 Watt, Interference radius 2-8 meters - JAMMERSIGNAL\",\"isPartOf\":{\"@id\":\"https:\/\/www.jammersignal.com\/#website\"},\"primaryImageOfPage\":{\"@id\":\"https:\/\/www.jammersignal.com\/product\/u-disk-gps-jammer-anti-tracker\/#primaryimage\"},\"image\":{\"@id\":\"https:\/\/www.jammersignal.com\/product\/u-disk-gps-jammer-anti-tracker\/#primaryimage\"},\"thumbnailUrl\":\"https:\/\/www.jammersignal.com\/wp-content\/uploads\/2024\/05\/new-u-disk-jammersignal-anti-gps-jammers-1.jpg\",\"datePublished\":\"2024-05-19T14:06:13+00:00\",\"dateModified\":\"2024-12-03T07:39:24+00:00\",\"description\":\"The latest U-disk GPS jammer has a variety of convenient charging methods to choose from, and can be connected to USB, cigarette lighter, and power bank for power supply. Thanks to its LCD display, users can easily monitor interference effects, providing clear visibility.\",\"breadcrumb\":{\"@id\":\"https:\/\/www.jammersignal.com\/product\/u-disk-gps-jammer-anti-tracker\/#breadcrumb\"},\"inLanguage\":\"de\",\"potentialAction\":[{\"@type\":\"ReadAction\",\"target\":[\"https:\/\/www.jammersignal.com\/product\/u-disk-gps-jammer-anti-tracker\/\"]}]},{\"@type\":\"ImageObject\",\"inLanguage\":\"de\",\"@id\":\"https:\/\/www.jammersignal.com\/product\/u-disk-gps-jammer-anti-tracker\/#primaryimage\",\"url\":\"https:\/\/www.jammersignal.com\/wp-content\/uploads\/2024\/05\/new-u-disk-jammersignal-anti-gps-jammers-1.jpg\",\"contentUrl\":\"https:\/\/www.jammersignal.com\/wp-content\/uploads\/2024\/05\/new-u-disk-jammersignal-anti-gps-jammers-1.jpg\",\"width\":800,\"height\":800,\"caption\":\"new u disk jammersignal anti gps jammers (1)\"},{\"@type\":\"BreadcrumbList\",\"@id\":\"https:\/\/www.jammersignal.com\/product\/u-disk-gps-jammer-anti-tracker\/#breadcrumb\",\"itemListElement\":[{\"@type\":\"ListItem\",\"position\":1,\"name\":\"Home\",\"item\":\"https:\/\/www.jammersignal.com\/\"},{\"@type\":\"ListItem\",\"position\":2,\"name\":\"Shop\",\"item\":\"https:\/\/www.jammersignal.com\/shop\/\"},{\"@type\":\"ListItem\",\"position\":3,\"name\":\"Signal Blocker\",\"item\":\"https:\/\/www.jammersignal.com\/product-category\/signal-blocker\/\"},{\"@type\":\"ListItem\",\"position\":4,\"name\":\"New U Disk GPS Jammer Anti Tracker\"}]},{\"@type\":\"WebSite\",\"@id\":\"https:\/\/www.jammersignal.com\/#website\",\"url\":\"https:\/\/www.jammersignal.com\/\",\"name\":\"JAMMERSIGNAL\",\"description\":\"\",\"publisher\":{\"@id\":\"https:\/\/www.jammersignal.com\/#organization\"},\"potentialAction\":[{\"@type\":\"SearchAction\",\"target\":{\"@type\":\"EntryPoint\",\"urlTemplate\":\"https:\/\/www.jammersignal.com\/?s={search_term_string}\"},\"query-input\":{\"@type\":\"PropertyValueSpecification\",\"valueRequired\":true,\"valueName\":\"search_term_string\"}}],\"inLanguage\":\"de\"},{\"@type\":\"Organization\",\"@id\":\"https:\/\/www.jammersignal.com\/#organization\",\"name\":\"JAMMERSIGNAL\",\"url\":\"https:\/\/www.jammersignal.com\/\",\"logo\":{\"@type\":\"ImageObject\",\"inLanguage\":\"de\",\"@id\":\"https:\/\/www.jammersignal.com\/#\/schema\/logo\/image\/\",\"url\":\"https:\/\/www.jammersignal.com\/wp-content\/uploads\/2024\/05\/cropped-jammersignal-logo-4.png\",\"contentUrl\":\"https:\/\/www.jammersignal.com\/wp-content\/uploads\/2024\/05\/cropped-jammersignal-logo-4.png\",\"width\":104,\"height\":34,\"caption\":\"JAMMERSIGNAL\"},\"image\":{\"@id\":\"https:\/\/www.jammersignal.com\/#\/schema\/logo\/image\/\"}}]}<\/script>\n<!-- \/ Yoast SEO plugin. -->","yoast_head_json":{"title":"Neu U Disk GPS Jammer Anti Tracker Leistung 1 Watt, Interferenzradius 2-8 Meter - JAMMERSIGNAL","description":"Der neueste U-Disk-GPS-St\u00f6rsender verf\u00fcgt \u00fcber eine Vielzahl von bequemen Lademethoden und kann an USB, Zigarettenanz\u00fcnder und Powerbank zur Stromversorgung angeschlossen werden. Dank des LCD-Displays k\u00f6nnen Benutzer die St\u00f6reffekte leicht \u00fcberwachen, was f\u00fcr klare Sicht sorgt.","robots":{"index":"index","follow":"follow","max-snippet":"max-snippet:-1","max-image-preview":"max-image-preview:large","max-video-preview":"max-video-preview:-1"},"canonical":"https:\/\/www.jammersignal.com\/de\/produkt\/u-disk-gps-jammer-anti-tracker\/","og_locale":"de_DE","og_type":"article","og_title":"New U Disk GPS Jammer Anti Tracker Power 1 Watt, Interference radius 2-8 meters - JAMMERSIGNAL","og_description":"The latest U-disk GPS jammer has a variety of convenient charging methods to choose from, and can be connected to USB, cigarette lighter, and power bank for power supply. Thanks to its LCD display, users can easily monitor interference effects, providing clear visibility.","og_url":"https:\/\/www.jammersignal.com\/de\/produkt\/u-disk-gps-jammer-anti-tracker\/","og_site_name":"JAMMERSIGNAL","article_modified_time":"2024-12-03T07:39:24+00:00","og_image":[{"width":800,"height":800,"url":"https:\/\/www.jammersignal.com\/wp-content\/uploads\/2024\/05\/new-u-disk-jammersignal-anti-gps-jammers-1.jpg","type":"image\/jpeg"}],"twitter_card":"summary_large_image","twitter_misc":{"Gesch\u00e4tzte Lesezeit":"1\u00a0Minute"},"schema":{"@context":"https:\/\/schema.org","@graph":[{"@type":"WebPage","@id":"https:\/\/www.jammersignal.com\/product\/u-disk-gps-jammer-anti-tracker\/","url":"https:\/\/www.jammersignal.com\/product\/u-disk-gps-jammer-anti-tracker\/","name":"Neu U Disk GPS Jammer Anti Tracker Leistung 1 Watt, Interferenzradius 2-8 Meter - JAMMERSIGNAL","isPartOf":{"@id":"https:\/\/www.jammersignal.com\/#website"},"primaryImageOfPage":{"@id":"https:\/\/www.jammersignal.com\/product\/u-disk-gps-jammer-anti-tracker\/#primaryimage"},"image":{"@id":"https:\/\/www.jammersignal.com\/product\/u-disk-gps-jammer-anti-tracker\/#primaryimage"},"thumbnailUrl":"https:\/\/www.jammersignal.com\/wp-content\/uploads\/2024\/05\/new-u-disk-jammersignal-anti-gps-jammers-1.jpg","datePublished":"2024-05-19T14:06:13+00:00","dateModified":"2024-12-03T07:39:24+00:00","description":"Der neueste U-Disk-GPS-St\u00f6rsender verf\u00fcgt \u00fcber eine Vielzahl von bequemen Lademethoden und kann an USB, Zigarettenanz\u00fcnder und Powerbank zur Stromversorgung angeschlossen werden. Dank des LCD-Displays k\u00f6nnen Benutzer die St\u00f6reffekte leicht \u00fcberwachen, was f\u00fcr klare Sicht sorgt.","breadcrumb":{"@id":"https:\/\/www.jammersignal.com\/product\/u-disk-gps-jammer-anti-tracker\/#breadcrumb"},"inLanguage":"de","potentialAction":[{"@type":"ReadAction","target":["https:\/\/www.jammersignal.com\/product\/u-disk-gps-jammer-anti-tracker\/"]}]},{"@type":"ImageObject","inLanguage":"de","@id":"https:\/\/www.jammersignal.com\/product\/u-disk-gps-jammer-anti-tracker\/#primaryimage","url":"https:\/\/www.jammersignal.com\/wp-content\/uploads\/2024\/05\/new-u-disk-jammersignal-anti-gps-jammers-1.jpg","contentUrl":"https:\/\/www.jammersignal.com\/wp-content\/uploads\/2024\/05\/new-u-disk-jammersignal-anti-gps-jammers-1.jpg","width":800,"height":800,"caption":"new u disk jammersignal anti gps jammers (1)"},{"@type":"BreadcrumbList","@id":"https:\/\/www.jammersignal.com\/product\/u-disk-gps-jammer-anti-tracker\/#breadcrumb","itemListElement":[{"@type":"ListItem","position":1,"name":"Home","item":"https:\/\/www.jammersignal.com\/"},{"@type":"ListItem","position":2,"name":"Shop","item":"https:\/\/www.jammersignal.com\/shop\/"},{"@type":"ListItem","position":3,"name":"Signal Blocker","item":"https:\/\/www.jammersignal.com\/product-category\/signal-blocker\/"},{"@type":"ListItem","position":4,"name":"New U Disk GPS Jammer Anti Tracker"}]},{"@type":"WebSite","@id":"https:\/\/www.jammersignal.com\/#website","url":"https:\/\/www.jammersignal.com\/","name":"JAMMERSIGNAL","description":"","publisher":{"@id":"https:\/\/www.jammersignal.com\/#organization"},"potentialAction":[{"@type":"SearchAction","target":{"@type":"EntryPoint","urlTemplate":"https:\/\/www.jammersignal.com\/?s={search_term_string}"},"query-input":{"@type":"PropertyValueSpecification","valueRequired":true,"valueName":"search_term_string"}}],"inLanguage":"de"},{"@type":"Organization","@id":"https:\/\/www.jammersignal.com\/#organization","name":"JAMMERSIGNAL","url":"https:\/\/www.jammersignal.com\/","logo":{"@type":"ImageObject","inLanguage":"de","@id":"https:\/\/www.jammersignal.com\/#\/schema\/logo\/image\/","url":"https:\/\/www.jammersignal.com\/wp-content\/uploads\/2024\/05\/cropped-jammersignal-logo-4.png","contentUrl":"https:\/\/www.jammersignal.com\/wp-content\/uploads\/2024\/05\/cropped-jammersignal-logo-4.png","width":104,"height":34,"caption":"JAMMERSIGNAL"},"image":{"@id":"https:\/\/www.jammersignal.com\/#\/schema\/logo\/image\/"}}]}},"_links":{"self":[{"href":"https:\/\/www.jammersignal.com\/de\/wp-json\/wp\/v2\/product\/2039","targetHints":{"allow":["GET"]}}],"collection":[{"href":"https:\/\/www.jammersignal.com\/de\/wp-json\/wp\/v2\/product"}],"about":[{"href":"https:\/\/www.jammersignal.com\/de\/wp-json\/wp\/v2\/types\/product"}],"replies":[{"embeddable":true,"href":"https:\/\/www.jammersignal.com\/de\/wp-json\/wp\/v2\/comments?post=2039"}],"version-history":[{"count":4,"href":"https:\/\/www.jammersignal.com\/de\/wp-json\/wp\/v2\/product\/2039\/revisions"}],"predecessor-version":[{"id":2049,"href":"https:\/\/www.jammersignal.com\/de\/wp-json\/wp\/v2\/product\/2039\/revisions\/2049"}],"wp:featuredmedia":[{"embeddable":true,"href":"https:\/\/www.jammersignal.com\/de\/wp-json\/wp\/v2\/media\/1599"}],"wp:attachment":[{"href":"https:\/\/www.jammersignal.com\/de\/wp-json\/wp\/v2\/media?parent=2039"}],"wp:term":[{"taxonomy":"product_brand","embeddable":true,"href":"https:\/\/www.jammersignal.com\/de\/wp-json\/wp\/v2\/product_brand?post=2039"},{"taxonomy":"product_cat","embeddable":true,"href":"https:\/\/www.jammersignal.com\/de\/wp-json\/wp\/v2\/product_cat?post=2039"},{"taxonomy":"product_tag","embeddable":true,"href":"https:\/\/www.jammersignal.com\/de\/wp-json\/wp\/v2\/product_tag?post=2039"}],"curies":[{"name":"wp","href":"https:\/\/api.w.org\/{rel}","templated":true}]}}