{"id":2042,"date":"2024-05-19T14:06:15","date_gmt":"2024-05-19T14:06:15","guid":{"rendered":"https:\/\/www.jammersignal.com\/?post_type=product&#038;p=2042"},"modified":"2025-06-03T09:18:44","modified_gmt":"2025-06-03T09:18:44","slug":"portable-16antennas-all-in-one-jammer","status":"publish","type":"product","link":"https:\/\/www.jammersignal.com\/de\/produkt\/portable-16antennas-all-in-one-jammer\/","title":{"rendered":"Tragbarer 16 Antennen All In One Jammer"},"content":{"rendered":"<div data-elementor-type=\"wp-post\" data-elementor-id=\"2042\" class=\"elementor elementor-2042\">\n\t\t\t\t<div class=\"elementor-element elementor-element-2f82ede e-flex e-con-boxed e-con e-parent\" data-id=\"2f82ede\" data-element_type=\"container\">\n\t\t\t\t\t<div class=\"e-con-inner\">\n\t\t\t\t<div class=\"elementor-element elementor-element-3cf6d26 elementor-widget elementor-widget-text-editor\" data-id=\"3cf6d26\" data-element_type=\"widget\" data-widget_type=\"text-editor.default\">\n\t\t\t\t<div class=\"elementor-widget-container\">\n\t\t\t\t\t\t\t\t\t<p>Der erste tragbare St\u00f6rsender \u00fcberhaupt, der alle Frequenzen im Bereich von 164-5900MHz vollst\u00e4ndig st\u00f6ren kann. Werfen Sie einfach einen Blick auf die Frequenzen, die dieser St\u00f6rsender vollst\u00e4ndig deaktivieren kann:<\/p><table width=\"144\"><tbody><tr><td width=\"72\"><strong>16HU f\u00fcr Europa<\/strong><\/td><td width=\"72\"><strong>16HU f\u00fcr Amerika<\/strong><\/td><\/tr><tr><td>758-830MHz: 1,0 W 5G, 4G LTE Niedrig<\/td><td>850-895MHz: 1,0 W CDMA 850<\/td><\/tr><tr><td>920-965MHz: 1,0 W GSM900<\/td><td>1800-2000MHz: 1,0 W DCS, PCS<\/td><\/tr><tr><td>1800-1920MHz: 1,0 W DCS<\/td><td>2100-2170MHz: 1,0 W 3G, UMTS<\/td><\/tr><tr><td>2100-2170MHz: 1,0 W 3G, UMTS<\/td><td>2300-2500MHz: 1,0 W 4G LTE + WiFi 11.b &amp; g<\/td><\/tr><tr><td>2400-2500MHz: 1,0 W WiFi 11.b &amp; g<\/td><td>2500-2700MHz:1.0W 4G WiMAX Sprint<\/td><\/tr><tr><td>2570-2690MHz:1,0W 4G LTE Hoch<\/td><td>700-800MHz: 1,0 W 4G LTE USA iPhone (AT&amp;T &amp; Verizon)<\/td><\/tr><tr><td>1450-1620MHz 1.0W 5G+ GPS L1 +Glonass L1<\/td><td>1570-1620 MHz: 1,0 W GPS L1 + Glonass L1<\/td><\/tr><tr><td>164-173MHz :1.0W Lojack 164MHz<\/td><td>173MHz 1.0W<\/td><\/tr><tr><td>315MHz :1.0W Fernbedienung<\/td><td>315MHz :1.0W Fernbedienung<\/td><\/tr><tr><td>433MHz :1.0W UHF-Fernbedienung<\/td><td>433MHz :1.0W UHF-Fernbedienung<\/td><\/tr><tr><td>868MHz: 1.0W Fernbedienung<\/td><td>868MHz: 1.0W Fernbedienung<\/td><\/tr><tr><td>5.1-.5.9GHz :1.0W WiFi 11.a\u00a0\u00a0\u00a0\u00a0\u00a0\u00a0\u00a0\u00a0<\/td><td>5.1-.5.9GHz :1.0W WiFi 11.a<\/td><\/tr><tr><td>1170-1280MHz: 1,0 W GPS L2 + L5+ Glonass L2<\/td><td>1170-1280MHz: 1,0 W GPS L2 + L5+ Glonass L2<\/td><\/tr><tr><td>5G 3400-3600MHz 1,0W 5G LTE<\/td><td>5G 617-652MHz 1,0W 5G LTE<\/td><\/tr><tr><td>5G 3600-3800MHz 1,0W 5G LTE<\/td><td>1700-1800MHz: 4G LTE<\/td><\/tr><tr><td>400-480MHz :1.0W UHF-Fernbedienung\u00a0\u00a0<\/td><td>400-480MHz :1.0W UHF-Fernbedienung<\/td><\/tr><tr><td>Insgesamt: 16,0 W<\/td><td>Insgesamt: 16,0 W<\/td><\/tr><\/tbody><\/table><p>Dies ist ein vielseitiger tragbarer St\u00f6rsender mit 16 Frequenzb\u00e4ndern und einem manuell einstellbaren St\u00f6rungsradius. Mit dieser Funktion k\u00f6nnen Sie selektiv ausw\u00e4hlen, welche Frequenzen zu bestimmten Zeiten gest\u00f6rt werden sollen, w\u00e4hrend andere Frequenzen unber\u00fchrt bleiben. Jedes Band ist mit LED-Anzeigen ausgestattet, um seinen Status anzuzeigen.<\/p><p>Dieser bahnbrechende St\u00f6rsender ist der erste tragbare St\u00f6rsender, der alle Frequenzen im Bereich von 164-5900 MHz vollst\u00e4ndig blockiert. Er ist ein unverzichtbares Werkzeug zur Wahrung der Privatsph\u00e4re und zur Verhinderung des Durchsickerns wichtiger Informationen in B\u00fcros, Konferenzr\u00e4umen, Ausstellungsr\u00e4umen und anderen Orten.<\/p><p>Der tragbare St\u00f6rsender 16HU ist f\u00fcr den Einsatz in mehreren Regionen kompatibel, darunter die Vereinigten Staaten, Kanada, S\u00fcdamerika, Europa, Asien, Australien und Afrika, und eignet sich somit f\u00fcr die Sperrung der wichtigsten Frequenzen auf der ganzen Welt.<\/p><p><strong>Technische Spezifikation:<\/strong><\/p><p>Stromversorgung: AC100-240V oder 12V Autoladeger\u00e4t<br \/>St\u00f6rungsreichweite: Radius 10-30 Meter (-75dBm@Omnidirektionale Antennen) <br \/>Betriebszeit: 3.0 Stunden, Akku\uff1aNi-Mh-Akku 16000mAH<br \/>Gewicht: 1.8Kg<br \/>Abmessungen: 200 x 135 x 50 mm<br \/>Garantie: 1 Jahr<\/p>\t\t\t\t\t\t\t\t<\/div>\n\t\t\t\t<\/div>\n\t\t\t\t\t<\/div>\n\t\t\t\t<\/div>\n\t\t\t\t<\/div>","protected":false},"excerpt":{"rendered":"<p>Dies ist ein vielseitiger tragbarer St\u00f6rsender mit 16 Frequenzb\u00e4ndern und einem manuell einstellbaren St\u00f6rungsradius. Mit dieser Funktion k\u00f6nnen Sie selektiv ausw\u00e4hlen, welche Frequenzen zu bestimmten Zeiten gest\u00f6rt werden sollen, w\u00e4hrend andere Frequenzen unber\u00fchrt bleiben. Jedes Band ist mit LED-Anzeigen ausgestattet, um seinen Status anzuzeigen.<\/p>\n<p>Dieser bahnbrechende St\u00f6rsender ist der erste tragbare St\u00f6rsender, der alle Frequenzen im Bereich von 164-5900 MHz vollst\u00e4ndig blockiert. Er ist ein unverzichtbares Werkzeug zur Wahrung der Privatsph\u00e4re und zur Verhinderung des Durchsickerns wichtiger Informationen in B\u00fcros, Konferenzr\u00e4umen, Ausstellungsr\u00e4umen und anderen Orten.<\/p>\n<p>Der tragbare St\u00f6rsender 16HU ist f\u00fcr den Einsatz in mehreren Regionen kompatibel, darunter die Vereinigten Staaten, Kanada, S\u00fcdamerika, Europa, Asien, Australien und Afrika, und eignet sich somit f\u00fcr die Sperrung der wichtigsten Frequenzen auf der ganzen Welt.<\/p>","protected":false},"featured_media":1613,"comment_status":"open","ping_status":"closed","template":"","meta":{"site-sidebar-layout":"no-sidebar","site-content-layout":"page-builder","ast-site-content-layout":"normal-width-container","site-content-style":"default","site-sidebar-style":"default","ast-global-header-display":"","ast-banner-title-visibility":"","ast-main-header-display":"","ast-hfb-above-header-display":"","ast-hfb-below-header-display":"","ast-hfb-mobile-header-display":"","site-post-title":"disabled","ast-breadcrumbs-content":"","ast-featured-img":"disabled","footer-sml-layout":"","theme-transparent-header-meta":"default","adv-header-id-meta":"","stick-header-meta":"default","header-above-stick-meta":"","header-main-stick-meta":"","header-below-stick-meta":"","astra-migrate-meta-layouts":"set","ast-page-background-enabled":"default","ast-page-background-meta":{"desktop":{"background-color":"var(--ast-global-color-4)","background-image":"","background-repeat":"repeat","background-position":"center center","background-size":"auto","background-attachment":"scroll","background-type":"","background-media":"","overlay-type":"","overlay-color":"","overlay-gradient":""},"tablet":{"background-color":"","background-image":"","background-repeat":"repeat","background-position":"center center","background-size":"auto","background-attachment":"scroll","background-type":"","background-media":"","overlay-type":"","overlay-color":"","overlay-gradient":""},"mobile":{"background-color":"","background-image":"","background-repeat":"repeat","background-position":"center center","background-size":"auto","background-attachment":"scroll","background-type":"","background-media":"","overlay-type":"","overlay-color":"","overlay-gradient":""}},"ast-content-background-meta":{"desktop":{"background-color":"var(--ast-global-color-5)","background-image":"","background-repeat":"repeat","background-position":"center center","background-size":"auto","background-attachment":"scroll","background-type":"","background-media":"","overlay-type":"","overlay-color":"","overlay-gradient":""},"tablet":{"background-color":"var(--ast-global-color-5)","background-image":"","background-repeat":"repeat","background-position":"center center","background-size":"auto","background-attachment":"scroll","background-type":"","background-media":"","overlay-type":"","overlay-color":"","overlay-gradient":""},"mobile":{"background-color":"var(--ast-global-color-5)","background-image":"","background-repeat":"repeat","background-position":"center center","background-size":"auto","background-attachment":"scroll","background-type":"","background-media":"","overlay-type":"","overlay-color":"","overlay-gradient":""}}},"product_brand":[],"product_cat":[15,70,78,82,41,42,91,45,92,49,33,32,34,96,46,47,36],"product_tag":[313,528,530,531,366,272,190,198,201,470,129,472,473,212,221,508,511,434,457,544,378,293,229,230,526,384,486,550,463,445,495,558,240,349,464],"class_list":{"0":"post-2042","1":"product","2":"type-product","3":"status-publish","4":"has-post-thumbnail","6":"product_cat-signal-blocker","7":"product_cat-501-1000dollars-jammers","8":"product_cat-16antenna-jammers","9":"product_cat-20-30meters","10":"product_cat-3g-signal-jammer","11":"product_cat-4g-jammer","12":"product_cat-4g-wimax2345-2400mhz-or2620-2690mhz","13":"product_cat-5g-jammers","14":"product_cat-5g-617-685mhz-or1427-1518mhz-or-3400-3600mhz","15":"product_cat-camera-jammer-wireless","16":"product_cat-cell-phone-signal-blocker","17":"product_cat-cell-phone-signal-jammer","18":"product_cat-gps-signal-jammer","19":"product_cat-gps-l1-l2-l3-l4-l5-jammer","20":"product_cat-high-power-signal-jammers","21":"product_cat-uhf-vhf-jammers","22":"product_cat-wifi-jammer","23":"product_tag-4g-cell-phone-blocker-jammer-overseas","24":"product_tag-bluetoothjammer","25":"product_tag-broad-spectrum-jammer","26":"product_tag-camera-jammer-device","27":"product_tag-can-jammer-block-wifi","28":"product_tag-cell-phone-signal-jammer-apk","29":"product_tag-cell-phone-signal-jammer-circuit","30":"product_tag-cell-phone-signal-jammer-legal","31":"product_tag-cell-tower-jammer","32":"product_tag-device-jammer","33":"product_tag-diy-cell-phone-jammer","34":"product_tag-diy-signal-jammer","35":"product_tag-door-jammer-hhhhhh","36":"product_tag-fcc-cell-phone-jammer","37":"product_tag-how-does-cell-phone-jammer-work","38":"product_tag-how-does-signal-jammer-work","39":"product_tag-jammer-cams","40":"product_tag-jammer-device","41":"product_tag-jammer-meaning","42":"product_tag-mini-mobile-jammer","43":"product_tag-mini-portable-wifi-signal-jammer","44":"product_tag-most-powerful-cell-phone-jammer","45":"product_tag-powerful-cell-phone-jammer","46":"product_tag-professional-cell-phone-jammer","47":"product_tag-radio-jammer","48":"product_tag-raspberry-pi-wifi-jammer","49":"product_tag-recording-jammer","50":"product_tag-ring-doorbell-jammer","51":"product_tag-signal-jammer-device","52":"product_tag-wave-jammer","53":"product_tag-what-are-jammer","54":"product_tag-whats-a-jammer","55":"product_tag-where-can-i-buy-a-cell-phone-jammer","56":"product_tag-wifi-blocker-jammer","57":"product_tag-wireless-jammer","58":"desktop-align-left","59":"tablet-align-left","60":"mobile-align-left","61":"ast-product-gallery-layout-horizontal-slider","62":"ast-product-single-variable","63":"ast-product-tabs-layout-horizontal","65":"first","66":"instock","67":"sale","68":"shipping-taxable","69":"purchasable","70":"product-type-variable"},"yoast_head":"<!-- This site is optimized with the Yoast SEO plugin v23.9 - https:\/\/yoast.com\/wordpress\/plugins\/seo\/ -->\n<title>Portable 16 Antennas All In One Jammer to block 5G 4G 3G 2G WiFi GPSL1-L5 UHF VHF LOJACK signals - JAMMERSIGNAL<\/title>\n<meta name=\"description\" content=\"The 16-band multifunctional portable jammer can manually adjust the interference radius and is a portable jammer that can completely block all frequencies in the 164-5900MHz range. Each band is equipped with LED indicators to show its status.\" \/>\n<meta name=\"robots\" content=\"index, follow, max-snippet:-1, max-image-preview:large, max-video-preview:-1\" \/>\n<link rel=\"canonical\" href=\"https:\/\/www.jammersignal.com\/de\/produkt\/portable-16antennas-all-in-one-jammer\/\" \/>\n<meta property=\"og:locale\" content=\"de_DE\" \/>\n<meta property=\"og:type\" content=\"article\" \/>\n<meta property=\"og:title\" content=\"Portable 16 Antennas All In One Jammer to block 5G 4G 3G 2G WiFi GPSL1-L5 UHF VHF LOJACK signals - JAMMERSIGNAL\" \/>\n<meta property=\"og:description\" content=\"The 16-band multifunctional portable jammer can manually adjust the interference radius and is a portable jammer that can completely block all frequencies in the 164-5900MHz range. Each band is equipped with LED indicators to show its status.\" \/>\n<meta property=\"og:url\" content=\"https:\/\/www.jammersignal.com\/de\/produkt\/portable-16antennas-all-in-one-jammer\/\" \/>\n<meta property=\"og:site_name\" content=\"JAMMERSIGNAL\" \/>\n<meta property=\"article:modified_time\" content=\"2025-06-03T09:18:44+00:00\" \/>\n<meta property=\"og:image\" content=\"https:\/\/www.jammersignal.com\/wp-content\/uploads\/2024\/05\/16-antennas-portable-jammersignal-jammer-all-in-one-jammers-1.png\" \/>\n\t<meta property=\"og:image:width\" content=\"800\" \/>\n\t<meta property=\"og:image:height\" content=\"800\" \/>\n\t<meta property=\"og:image:type\" content=\"image\/png\" \/>\n<meta name=\"twitter:card\" content=\"summary_large_image\" \/>\n<meta name=\"twitter:label1\" content=\"Gesch\u00e4tzte Lesezeit\" \/>\n\t<meta name=\"twitter:data1\" content=\"2\u00a0Minuten\" \/>\n<script type=\"application\/ld+json\" class=\"yoast-schema-graph\">{\"@context\":\"https:\/\/schema.org\",\"@graph\":[{\"@type\":\"WebPage\",\"@id\":\"https:\/\/www.jammersignal.com\/product\/portable-16antennas-all-in-one-jammer\/\",\"url\":\"https:\/\/www.jammersignal.com\/product\/portable-16antennas-all-in-one-jammer\/\",\"name\":\"Portable 16 Antennas All In One Jammer to block 5G 4G 3G 2G WiFi GPSL1-L5 UHF VHF LOJACK signals - JAMMERSIGNAL\",\"isPartOf\":{\"@id\":\"https:\/\/www.jammersignal.com\/#website\"},\"primaryImageOfPage\":{\"@id\":\"https:\/\/www.jammersignal.com\/product\/portable-16antennas-all-in-one-jammer\/#primaryimage\"},\"image\":{\"@id\":\"https:\/\/www.jammersignal.com\/product\/portable-16antennas-all-in-one-jammer\/#primaryimage\"},\"thumbnailUrl\":\"https:\/\/www.jammersignal.com\/wp-content\/uploads\/2024\/05\/16-antennas-portable-jammersignal-jammer-all-in-one-jammers-1.png\",\"datePublished\":\"2024-05-19T14:06:15+00:00\",\"dateModified\":\"2025-06-03T09:18:44+00:00\",\"description\":\"The 16-band multifunctional portable jammer can manually adjust the interference radius and is a portable jammer that can completely block all frequencies in the 164-5900MHz range. Each band is equipped with LED indicators to show its status.\",\"breadcrumb\":{\"@id\":\"https:\/\/www.jammersignal.com\/product\/portable-16antennas-all-in-one-jammer\/#breadcrumb\"},\"inLanguage\":\"de\",\"potentialAction\":[{\"@type\":\"ReadAction\",\"target\":[\"https:\/\/www.jammersignal.com\/product\/portable-16antennas-all-in-one-jammer\/\"]}]},{\"@type\":\"ImageObject\",\"inLanguage\":\"de\",\"@id\":\"https:\/\/www.jammersignal.com\/product\/portable-16antennas-all-in-one-jammer\/#primaryimage\",\"url\":\"https:\/\/www.jammersignal.com\/wp-content\/uploads\/2024\/05\/16-antennas-portable-jammersignal-jammer-all-in-one-jammers-1.png\",\"contentUrl\":\"https:\/\/www.jammersignal.com\/wp-content\/uploads\/2024\/05\/16-antennas-portable-jammersignal-jammer-all-in-one-jammers-1.png\",\"width\":800,\"height\":800,\"caption\":\"16 antennas portable jammersignal jammer all in one jammers (1)\"},{\"@type\":\"BreadcrumbList\",\"@id\":\"https:\/\/www.jammersignal.com\/product\/portable-16antennas-all-in-one-jammer\/#breadcrumb\",\"itemListElement\":[{\"@type\":\"ListItem\",\"position\":1,\"name\":\"Home\",\"item\":\"https:\/\/www.jammersignal.com\/\"},{\"@type\":\"ListItem\",\"position\":2,\"name\":\"Shop\",\"item\":\"https:\/\/www.jammersignal.com\/shop\/\"},{\"@type\":\"ListItem\",\"position\":3,\"name\":\"Signal Blocker\",\"item\":\"https:\/\/www.jammersignal.com\/product-category\/signal-blocker\/\"},{\"@type\":\"ListItem\",\"position\":4,\"name\":\"Portable 16 Antennas All In One Jammer\"}]},{\"@type\":\"WebSite\",\"@id\":\"https:\/\/www.jammersignal.com\/#website\",\"url\":\"https:\/\/www.jammersignal.com\/\",\"name\":\"JAMMERSIGNAL\",\"description\":\"\",\"publisher\":{\"@id\":\"https:\/\/www.jammersignal.com\/#organization\"},\"potentialAction\":[{\"@type\":\"SearchAction\",\"target\":{\"@type\":\"EntryPoint\",\"urlTemplate\":\"https:\/\/www.jammersignal.com\/?s={search_term_string}\"},\"query-input\":{\"@type\":\"PropertyValueSpecification\",\"valueRequired\":true,\"valueName\":\"search_term_string\"}}],\"inLanguage\":\"de\"},{\"@type\":\"Organization\",\"@id\":\"https:\/\/www.jammersignal.com\/#organization\",\"name\":\"JAMMERSIGNAL\",\"url\":\"https:\/\/www.jammersignal.com\/\",\"logo\":{\"@type\":\"ImageObject\",\"inLanguage\":\"de\",\"@id\":\"https:\/\/www.jammersignal.com\/#\/schema\/logo\/image\/\",\"url\":\"https:\/\/www.jammersignal.com\/wp-content\/uploads\/2024\/05\/cropped-jammersignal-logo-4.png\",\"contentUrl\":\"https:\/\/www.jammersignal.com\/wp-content\/uploads\/2024\/05\/cropped-jammersignal-logo-4.png\",\"width\":104,\"height\":34,\"caption\":\"JAMMERSIGNAL\"},\"image\":{\"@id\":\"https:\/\/www.jammersignal.com\/#\/schema\/logo\/image\/\"}}]}<\/script>\n<!-- \/ Yoast SEO plugin. -->","yoast_head_json":{"title":"Tragbare 16 Antennen All In One Jammer zu blockieren 5G 4G 3G 2G WiFi GPSL1-L5 UHF VHF LOJACK Signale - JAMMERSIGNAL","description":"Der multifunktionale tragbare 16-Band-St\u00f6rsender kann den Interferenzradius manuell einstellen und ist ein tragbarer St\u00f6rsender, der alle Frequenzen im Bereich von 164-5900 MHz vollst\u00e4ndig blockieren kann. Jedes Band ist mit LED-Anzeigen ausgestattet, um seinen Status anzuzeigen.","robots":{"index":"index","follow":"follow","max-snippet":"max-snippet:-1","max-image-preview":"max-image-preview:large","max-video-preview":"max-video-preview:-1"},"canonical":"https:\/\/www.jammersignal.com\/de\/produkt\/portable-16antennas-all-in-one-jammer\/","og_locale":"de_DE","og_type":"article","og_title":"Portable 16 Antennas All In One Jammer to block 5G 4G 3G 2G WiFi GPSL1-L5 UHF VHF LOJACK signals - JAMMERSIGNAL","og_description":"The 16-band multifunctional portable jammer can manually adjust the interference radius and is a portable jammer that can completely block all frequencies in the 164-5900MHz range. Each band is equipped with LED indicators to show its status.","og_url":"https:\/\/www.jammersignal.com\/de\/produkt\/portable-16antennas-all-in-one-jammer\/","og_site_name":"JAMMERSIGNAL","article_modified_time":"2025-06-03T09:18:44+00:00","og_image":[{"width":800,"height":800,"url":"https:\/\/www.jammersignal.com\/wp-content\/uploads\/2024\/05\/16-antennas-portable-jammersignal-jammer-all-in-one-jammers-1.png","type":"image\/png"}],"twitter_card":"summary_large_image","twitter_misc":{"Gesch\u00e4tzte Lesezeit":"2\u00a0Minuten"},"schema":{"@context":"https:\/\/schema.org","@graph":[{"@type":"WebPage","@id":"https:\/\/www.jammersignal.com\/product\/portable-16antennas-all-in-one-jammer\/","url":"https:\/\/www.jammersignal.com\/product\/portable-16antennas-all-in-one-jammer\/","name":"Tragbare 16 Antennen All In One Jammer zu blockieren 5G 4G 3G 2G WiFi GPSL1-L5 UHF VHF LOJACK Signale - JAMMERSIGNAL","isPartOf":{"@id":"https:\/\/www.jammersignal.com\/#website"},"primaryImageOfPage":{"@id":"https:\/\/www.jammersignal.com\/product\/portable-16antennas-all-in-one-jammer\/#primaryimage"},"image":{"@id":"https:\/\/www.jammersignal.com\/product\/portable-16antennas-all-in-one-jammer\/#primaryimage"},"thumbnailUrl":"https:\/\/www.jammersignal.com\/wp-content\/uploads\/2024\/05\/16-antennas-portable-jammersignal-jammer-all-in-one-jammers-1.png","datePublished":"2024-05-19T14:06:15+00:00","dateModified":"2025-06-03T09:18:44+00:00","description":"Der multifunktionale tragbare 16-Band-St\u00f6rsender kann den Interferenzradius manuell einstellen und ist ein tragbarer St\u00f6rsender, der alle Frequenzen im Bereich von 164-5900 MHz vollst\u00e4ndig blockieren kann. Jedes Band ist mit LED-Anzeigen ausgestattet, um seinen Status anzuzeigen.","breadcrumb":{"@id":"https:\/\/www.jammersignal.com\/product\/portable-16antennas-all-in-one-jammer\/#breadcrumb"},"inLanguage":"de","potentialAction":[{"@type":"ReadAction","target":["https:\/\/www.jammersignal.com\/product\/portable-16antennas-all-in-one-jammer\/"]}]},{"@type":"ImageObject","inLanguage":"de","@id":"https:\/\/www.jammersignal.com\/product\/portable-16antennas-all-in-one-jammer\/#primaryimage","url":"https:\/\/www.jammersignal.com\/wp-content\/uploads\/2024\/05\/16-antennas-portable-jammersignal-jammer-all-in-one-jammers-1.png","contentUrl":"https:\/\/www.jammersignal.com\/wp-content\/uploads\/2024\/05\/16-antennas-portable-jammersignal-jammer-all-in-one-jammers-1.png","width":800,"height":800,"caption":"16 antennas portable jammersignal jammer all in one jammers (1)"},{"@type":"BreadcrumbList","@id":"https:\/\/www.jammersignal.com\/product\/portable-16antennas-all-in-one-jammer\/#breadcrumb","itemListElement":[{"@type":"ListItem","position":1,"name":"Home","item":"https:\/\/www.jammersignal.com\/"},{"@type":"ListItem","position":2,"name":"Shop","item":"https:\/\/www.jammersignal.com\/shop\/"},{"@type":"ListItem","position":3,"name":"Signal Blocker","item":"https:\/\/www.jammersignal.com\/product-category\/signal-blocker\/"},{"@type":"ListItem","position":4,"name":"Portable 16 Antennas All In One Jammer"}]},{"@type":"WebSite","@id":"https:\/\/www.jammersignal.com\/#website","url":"https:\/\/www.jammersignal.com\/","name":"JAMMERSIGNAL","description":"","publisher":{"@id":"https:\/\/www.jammersignal.com\/#organization"},"potentialAction":[{"@type":"SearchAction","target":{"@type":"EntryPoint","urlTemplate":"https:\/\/www.jammersignal.com\/?s={search_term_string}"},"query-input":{"@type":"PropertyValueSpecification","valueRequired":true,"valueName":"search_term_string"}}],"inLanguage":"de"},{"@type":"Organization","@id":"https:\/\/www.jammersignal.com\/#organization","name":"JAMMERSIGNAL","url":"https:\/\/www.jammersignal.com\/","logo":{"@type":"ImageObject","inLanguage":"de","@id":"https:\/\/www.jammersignal.com\/#\/schema\/logo\/image\/","url":"https:\/\/www.jammersignal.com\/wp-content\/uploads\/2024\/05\/cropped-jammersignal-logo-4.png","contentUrl":"https:\/\/www.jammersignal.com\/wp-content\/uploads\/2024\/05\/cropped-jammersignal-logo-4.png","width":104,"height":34,"caption":"JAMMERSIGNAL"},"image":{"@id":"https:\/\/www.jammersignal.com\/#\/schema\/logo\/image\/"}}]}},"_links":{"self":[{"href":"https:\/\/www.jammersignal.com\/de\/wp-json\/wp\/v2\/product\/2042","targetHints":{"allow":["GET"]}}],"collection":[{"href":"https:\/\/www.jammersignal.com\/de\/wp-json\/wp\/v2\/product"}],"about":[{"href":"https:\/\/www.jammersignal.com\/de\/wp-json\/wp\/v2\/types\/product"}],"replies":[{"embeddable":true,"href":"https:\/\/www.jammersignal.com\/de\/wp-json\/wp\/v2\/comments?post=2042"}],"version-history":[{"count":4,"href":"https:\/\/www.jammersignal.com\/de\/wp-json\/wp\/v2\/product\/2042\/revisions"}],"predecessor-version":[{"id":2066,"href":"https:\/\/www.jammersignal.com\/de\/wp-json\/wp\/v2\/product\/2042\/revisions\/2066"}],"wp:featuredmedia":[{"embeddable":true,"href":"https:\/\/www.jammersignal.com\/de\/wp-json\/wp\/v2\/media\/1613"}],"wp:attachment":[{"href":"https:\/\/www.jammersignal.com\/de\/wp-json\/wp\/v2\/media?parent=2042"}],"wp:term":[{"taxonomy":"product_brand","embeddable":true,"href":"https:\/\/www.jammersignal.com\/de\/wp-json\/wp\/v2\/product_brand?post=2042"},{"taxonomy":"product_cat","embeddable":true,"href":"https:\/\/www.jammersignal.com\/de\/wp-json\/wp\/v2\/product_cat?post=2042"},{"taxonomy":"product_tag","embeddable":true,"href":"https:\/\/www.jammersignal.com\/de\/wp-json\/wp\/v2\/product_tag?post=2042"}],"curies":[{"name":"wp","href":"https:\/\/api.w.org\/{rel}","templated":true}]}}