{"id":2093,"date":"2024-05-20T00:50:25","date_gmt":"2024-05-20T00:50:25","guid":{"rendered":"https:\/\/www.jammersignal.com\/?post_type=product&#038;p=2093"},"modified":"2024-12-09T06:26:48","modified_gmt":"2024-12-09T06:26:48","slug":"mini-automatic-gps-jammer-in-usb-form","status":"publish","type":"product","link":"https:\/\/www.jammersignal.com\/de\/produkt\/mini-automatic-gps-jammer-in-usb-form\/","title":{"rendered":"Automatischer Mini-GPS-Signalst\u00f6rsender im USB-Format"},"content":{"rendered":"<div data-elementor-type=\"wp-post\" data-elementor-id=\"2093\" class=\"elementor elementor-2093\">\n\t\t\t\t<div class=\"elementor-element elementor-element-4a8c2a2 e-flex e-con-boxed e-con e-parent\" data-id=\"4a8c2a2\" data-element_type=\"container\" data-e-type=\"container\">\n\t\t\t\t\t<div class=\"e-con-inner\">\n\t\t<div class=\"elementor-element elementor-element-2677d1d e-con-full e-flex e-con e-child\" data-id=\"2677d1d\" data-element_type=\"container\" data-e-type=\"container\">\n\t\t\t\t<div class=\"elementor-element elementor-element-5ee8a99 elementor-widget elementor-widget-text-editor\" data-id=\"5ee8a99\" data-element_type=\"widget\" data-e-type=\"widget\" data-widget_type=\"text-editor.default\">\n\t\t\t\t<div class=\"elementor-widget-container\">\n\t\t\t\t\t\t\t\t\t<h4>Technische Daten<\/h4><table width=\"344\"><tbody><tr><td width=\"72\"><strong>Parameter Name<\/strong><\/td><td width=\"272\"><strong>Angaben zu den Parametern<\/strong><\/td><\/tr><tr><td>Modell\u00a0<\/td><td>110D-3<\/td><\/tr><tr><td>Frequenzen zum St\u00f6ren<\/td><td>GPS<\/td><\/tr><tr><td>St\u00f6rungsradius<\/td><td>Bis zu 5 Meter<\/td><\/tr><tr><td>Stromversorgung<\/td><td width=\"272\">USB-Schnittstelle (tragbarer Akku\u3001Computer\u3001)<br \/>Handy-Ladeger\u00e4t\u3001Autoladeger\u00e4t)<\/td><\/tr><tr><td>Spannung<\/td><td>DC3,7-6V<\/td><\/tr><tr><td>Betriebstemperatur<\/td><td>10\u2103 bis 50\u2103<\/td><\/tr><tr><td>Feuchtigkeit im Betrieb<\/td><td>5% bis 80%<\/td><\/tr><tr><td>Gr\u00f6\u00dfe des Ger\u00e4ts<\/td><td>68mm*20mm*10mm<\/td><\/tr><tr><td>Gewicht des Ger\u00e4ts<\/td><td>45g<\/td><\/tr><\/tbody><\/table>\t\t\t\t\t\t\t\t<\/div>\n\t\t\t\t<\/div>\n\t\t\t\t<\/div>\n\t\t<div class=\"elementor-element elementor-element-63abe0f e-con-full e-flex e-con e-child\" data-id=\"63abe0f\" data-element_type=\"container\" data-e-type=\"container\">\n\t\t\t\t<div class=\"elementor-element elementor-element-3d0f9f0 elementor-widget elementor-widget-text-editor\" data-id=\"3d0f9f0\" data-element_type=\"widget\" data-e-type=\"widget\" data-widget_type=\"text-editor.default\">\n\t\t\t\t<div class=\"elementor-widget-container\">\n\t\t\t\t\t\t\t\t\t<h4>Informationen zum Produkt<\/h4><p>Wir stellen einen tragbaren GPS-Signalst\u00f6rer in Form eines USB-Ger\u00e4ts vor, das speziell f\u00fcr die Abschirmung und Blockierung von GPS-Signalen entwickelt wurde.<\/p><p><strong>Merkmale:<\/strong><\/p><ol><li>Verstecktes USB-Flash-Laufwerk-Design, extrem kompakt und leicht zu transportieren.<\/li><li>Bietet eine St\u00f6rungsreichweite von bis zu 5 Metern und sch\u00fctzt so effektiv Ihre pers\u00f6nliche Sicherheit und Privatsph\u00e4re.<\/li><li>Bequeme Stromversorgungsoptionen: USB-Schnittstelle (kompatibel mit tragbaren Batterien, Computern, Handy-Ladeger\u00e4ten, Autoladeger\u00e4ten) und Android-Ladeschnittstelle (kompatibel mit Mobiltelefonen, allen Android-Ger\u00e4ten, etc.).<\/li><\/ol><p><strong>Vorsichtsma\u00dfnahmen:<\/strong><\/p><p>1. die St\u00f6rsender sind nach den Frequenzb\u00e4ndern der verschiedenen L\u00e4nder angepasst, bitte best\u00e4tigen Sie, dass der Kauf Land und die tats\u00e4chliche Verwendung Land \u00fcbereinstimmen. Andernfalls kann es nicht verwendet werden.lesen Sie bitte die St\u00f6rsender-Funktion vor dem Kauf.<br \/>2. wenn die niedrige Leistung St\u00f6rsender (z. B. Handheld-St\u00f6rsender) zu blockieren hohe Leistung Signal Ger\u00e4t (z. B. High-Power-WIFI-Router, Bluetooth-Audio-Ger\u00e4te, etc.), wird der Effekt schlecht sein oder sogar nicht St\u00f6rsender.<br \/>3. es ist verboten, das Ger\u00e4t w\u00e4hrend des Aufladens zu benutzen.<br \/>4) Verwenden Sie tragbare St\u00f6rsender nicht als Tischst\u00f6rsender.<br \/>5) Verwenden Sie keine St\u00f6rsender, bevor Sie die Antenne angeschlossen haben.<\/p>\t\t\t\t\t\t\t\t<\/div>\n\t\t\t\t<\/div>\n\t\t\t\t<\/div>\n\t\t\t\t\t<\/div>\n\t\t\t\t<\/div>\n\t\t\t\t<\/div>","protected":false},"excerpt":{"rendered":"<p>Wir stellen einen tragbaren GPS-Signalst\u00f6rer in Form eines USB-Ger\u00e4ts vor, das speziell f\u00fcr die Abschirmung und Blockierung von GPS-Signalen entwickelt wurde.<\/p>\n<p><strong>Merkmale:<\/strong><\/p>\n<p>1. Versteckte USB-Flash-Laufwerk Design, extrem kompakt und leicht zu tragen.<br \/>\n2. Bietet eine St\u00f6rungsreichweite von bis zu 5 Metern und sch\u00fctzt so effektiv Ihre pers\u00f6nliche Sicherheit und Privatsph\u00e4re.<br \/>\n3. Bequeme Stromversorgungsoptionen: USB-Schnittstelle (kompatibel mit tragbaren Batterien, Computern, Handy-Ladeger\u00e4ten, Autoladeger\u00e4ten) und Android-Ladeschnittstelle (kompatibel mit Mobiltelefonen, allen Android-Ger\u00e4ten, etc.).<\/p>","protected":false},"featured_media":1674,"comment_status":"open","ping_status":"closed","template":"","meta":{"site-sidebar-layout":"no-sidebar","site-content-layout":"page-builder","ast-site-content-layout":"normal-width-container","site-content-style":"default","site-sidebar-style":"default","ast-global-header-display":"","ast-banner-title-visibility":"","ast-main-header-display":"","ast-hfb-above-header-display":"","ast-hfb-below-header-display":"","ast-hfb-mobile-header-display":"","site-post-title":"disabled","ast-breadcrumbs-content":"","ast-featured-img":"disabled","footer-sml-layout":"","ast-disable-related-posts":"","theme-transparent-header-meta":"default","adv-header-id-meta":"","stick-header-meta":"default","header-above-stick-meta":"","header-main-stick-meta":"","header-below-stick-meta":"","astra-migrate-meta-layouts":"set","ast-page-background-enabled":"default","ast-page-background-meta":{"desktop":{"background-color":"var(--ast-global-color-5)","background-image":"","background-repeat":"repeat","background-position":"center center","background-size":"auto","background-attachment":"scroll","background-type":"","background-media":"","overlay-type":"","overlay-color":"","overlay-opacity":"","overlay-gradient":""},"tablet":{"background-color":"","background-image":"","background-repeat":"repeat","background-position":"center center","background-size":"auto","background-attachment":"scroll","background-type":"","background-media":"","overlay-type":"","overlay-color":"","overlay-opacity":"","overlay-gradient":""},"mobile":{"background-color":"","background-image":"","background-repeat":"repeat","background-position":"center center","background-size":"auto","background-attachment":"scroll","background-type":"","background-media":"","overlay-type":"","overlay-color":"","overlay-opacity":"","overlay-gradient":""}},"ast-content-background-meta":{"desktop":{"background-color":"var(--ast-global-color-4)","background-image":"","background-repeat":"repeat","background-position":"center center","background-size":"auto","background-attachment":"scroll","background-type":"","background-media":"","overlay-type":"","overlay-color":"","overlay-opacity":"","overlay-gradient":""},"tablet":{"background-color":"var(--ast-global-color-4)","background-image":"","background-repeat":"repeat","background-position":"center center","background-size":"auto","background-attachment":"scroll","background-type":"","background-media":"","overlay-type":"","overlay-color":"","overlay-opacity":"","overlay-gradient":""},"mobile":{"background-color":"var(--ast-global-color-4)","background-image":"","background-repeat":"repeat","background-position":"center center","background-size":"auto","background-attachment":"scroll","background-type":"","background-media":"","overlay-type":"","overlay-color":"","overlay-opacity":"","overlay-gradient":""}}},"product_brand":[],"product_cat":[15,52,56,63,35,34,96,93,94,95,53,67,54,55,80],"product_tag":[414,213,456,525,442],"class_list":{"0":"post-2093","1":"product","2":"type-product","3":"status-publish","4":"has-post-thumbnail","6":"product_cat-signal-blocker","7":"product_cat-anti-tracking-signal-jammer","8":"product_cat-car-rechargeable-jammer","9":"product_cat-cheap-jammer","10":"product_cat-gps-signal-blocker","11":"product_cat-gps-signal-jammer","12":"product_cat-gps-l1-l2-l3-l4-l5-jammer","13":"product_cat-gps-l1-1570-1580mhz-jammer","14":"product_cat-gps-l2-l5-1170-1280mhz-jammer","15":"product_cat-gps-l3-l4-1370-1390mhz-jammer","16":"product_cat-hidden-signal-jammer","17":"product_cat-less-than-100dollars-jammer","18":"product_cat-mini-jammer-small-blocker","19":"product_cat-outdoor-jammer","20":"product_cat-within-10meters","21":"product_tag-buy-gps-jammer-cigarette-lighter","22":"product_tag-gps-cell-jammer","23":"product_tag-hidden-camera-jammer","24":"product_tag-the-jammer","25":"product_tag-vehicle-gps-jammer","26":"desktop-align-left","27":"tablet-align-left","28":"mobile-align-left","29":"ast-product-gallery-layout-horizontal-slider","30":"ast-product-single-variable","31":"ast-product-tabs-layout-horizontal","33":"first","34":"instock","35":"sale","36":"shipping-taxable","37":"purchasable","38":"product-type-variable"},"yoast_head":"<!-- This site is optimized with the Yoast SEO plugin v23.9 - https:\/\/yoast.com\/wordpress\/plugins\/seo\/ -->\n<title>Mini Automatic GPS Jammer in USB Form, Hidden U-disk design, very small easy to carry - JAMMERSIGNAL<\/title>\n<meta name=\"description\" content=\"This is a portable GPS signal jammer in the form of a USB device, specially designed to shield and block GPS signals, providing an interference range of up to 5 meters, effectively protecting your personal safety and privacy.\" \/>\n<meta name=\"robots\" content=\"index, follow, max-snippet:-1, max-image-preview:large, max-video-preview:-1\" \/>\n<link rel=\"canonical\" href=\"https:\/\/www.jammersignal.com\/de\/produkt\/mini-automatic-gps-jammer-in-usb-form\/\" \/>\n<meta property=\"og:locale\" content=\"de_DE\" \/>\n<meta property=\"og:type\" content=\"article\" \/>\n<meta property=\"og:title\" content=\"Mini Automatic GPS Jammer in USB Form, Hidden U-disk design, very small easy to carry - JAMMERSIGNAL\" \/>\n<meta property=\"og:description\" content=\"This is a portable GPS signal jammer in the form of a USB device, specially designed to shield and block GPS signals, providing an interference range of up to 5 meters, effectively protecting your personal safety and privacy.\" \/>\n<meta property=\"og:url\" content=\"https:\/\/www.jammersignal.com\/de\/produkt\/mini-automatic-gps-jammer-in-usb-form\/\" \/>\n<meta property=\"og:site_name\" content=\"JAMMERSIGNAL\" \/>\n<meta property=\"article:modified_time\" content=\"2024-12-09T06:26:48+00:00\" \/>\n<meta property=\"og:image\" content=\"https:\/\/www.jammersignal.com\/wp-content\/uploads\/2024\/05\/mini-automatic-jammersignal-small-signal-jammers-5.jpg\" \/>\n\t<meta property=\"og:image:width\" content=\"645\" \/>\n\t<meta property=\"og:image:height\" content=\"591\" \/>\n\t<meta property=\"og:image:type\" content=\"image\/jpeg\" \/>\n<meta name=\"twitter:card\" content=\"summary_large_image\" \/>\n<meta name=\"twitter:label1\" content=\"Gesch\u00e4tzte Lesezeit\" \/>\n\t<meta name=\"twitter:data1\" content=\"1\u00a0Minute\" \/>\n<script type=\"application\/ld+json\" class=\"yoast-schema-graph\">{\"@context\":\"https:\/\/schema.org\",\"@graph\":[{\"@type\":\"WebPage\",\"@id\":\"https:\/\/www.jammersignal.com\/product\/mini-automatic-gps-jammer-in-usb-form\/\",\"url\":\"https:\/\/www.jammersignal.com\/product\/mini-automatic-gps-jammer-in-usb-form\/\",\"name\":\"Mini Automatic GPS Jammer in USB Form, Hidden U-disk design, very small easy to carry - JAMMERSIGNAL\",\"isPartOf\":{\"@id\":\"https:\/\/www.jammersignal.com\/#website\"},\"primaryImageOfPage\":{\"@id\":\"https:\/\/www.jammersignal.com\/product\/mini-automatic-gps-jammer-in-usb-form\/#primaryimage\"},\"image\":{\"@id\":\"https:\/\/www.jammersignal.com\/product\/mini-automatic-gps-jammer-in-usb-form\/#primaryimage\"},\"thumbnailUrl\":\"https:\/\/www.jammersignal.com\/wp-content\/uploads\/2024\/05\/mini-automatic-jammersignal-small-signal-jammers-5.jpg\",\"datePublished\":\"2024-05-20T00:50:25+00:00\",\"dateModified\":\"2024-12-09T06:26:48+00:00\",\"description\":\"This is a portable GPS signal jammer in the form of a USB device, specially designed to shield and block GPS signals, providing an interference range of up to 5 meters, effectively protecting your personal safety and privacy.\",\"breadcrumb\":{\"@id\":\"https:\/\/www.jammersignal.com\/product\/mini-automatic-gps-jammer-in-usb-form\/#breadcrumb\"},\"inLanguage\":\"de\",\"potentialAction\":[{\"@type\":\"ReadAction\",\"target\":[\"https:\/\/www.jammersignal.com\/product\/mini-automatic-gps-jammer-in-usb-form\/\"]}]},{\"@type\":\"ImageObject\",\"inLanguage\":\"de\",\"@id\":\"https:\/\/www.jammersignal.com\/product\/mini-automatic-gps-jammer-in-usb-form\/#primaryimage\",\"url\":\"https:\/\/www.jammersignal.com\/wp-content\/uploads\/2024\/05\/mini-automatic-jammersignal-small-signal-jammers-5.jpg\",\"contentUrl\":\"https:\/\/www.jammersignal.com\/wp-content\/uploads\/2024\/05\/mini-automatic-jammersignal-small-signal-jammers-5.jpg\",\"width\":645,\"height\":591,\"caption\":\"mini automatic jammersignal small signal jammers (5)\"},{\"@type\":\"BreadcrumbList\",\"@id\":\"https:\/\/www.jammersignal.com\/product\/mini-automatic-gps-jammer-in-usb-form\/#breadcrumb\",\"itemListElement\":[{\"@type\":\"ListItem\",\"position\":1,\"name\":\"Home\",\"item\":\"https:\/\/www.jammersignal.com\/\"},{\"@type\":\"ListItem\",\"position\":2,\"name\":\"Shop\",\"item\":\"https:\/\/www.jammersignal.com\/shop\/\"},{\"@type\":\"ListItem\",\"position\":3,\"name\":\"Signal Blocker\",\"item\":\"https:\/\/www.jammersignal.com\/product-category\/signal-blocker\/\"},{\"@type\":\"ListItem\",\"position\":4,\"name\":\"Mini Automatic GPS Signal Jammer in USB Form\"}]},{\"@type\":\"WebSite\",\"@id\":\"https:\/\/www.jammersignal.com\/#website\",\"url\":\"https:\/\/www.jammersignal.com\/\",\"name\":\"JAMMERSIGNAL\",\"description\":\"\",\"publisher\":{\"@id\":\"https:\/\/www.jammersignal.com\/#organization\"},\"potentialAction\":[{\"@type\":\"SearchAction\",\"target\":{\"@type\":\"EntryPoint\",\"urlTemplate\":\"https:\/\/www.jammersignal.com\/?s={search_term_string}\"},\"query-input\":{\"@type\":\"PropertyValueSpecification\",\"valueRequired\":true,\"valueName\":\"search_term_string\"}}],\"inLanguage\":\"de\"},{\"@type\":\"Organization\",\"@id\":\"https:\/\/www.jammersignal.com\/#organization\",\"name\":\"JAMMERSIGNAL\",\"url\":\"https:\/\/www.jammersignal.com\/\",\"logo\":{\"@type\":\"ImageObject\",\"inLanguage\":\"de\",\"@id\":\"https:\/\/www.jammersignal.com\/#\/schema\/logo\/image\/\",\"url\":\"https:\/\/www.jammersignal.com\/wp-content\/uploads\/2024\/05\/cropped-jammersignal-logo-4.png\",\"contentUrl\":\"https:\/\/www.jammersignal.com\/wp-content\/uploads\/2024\/05\/cropped-jammersignal-logo-4.png\",\"width\":104,\"height\":34,\"caption\":\"JAMMERSIGNAL\"},\"image\":{\"@id\":\"https:\/\/www.jammersignal.com\/#\/schema\/logo\/image\/\"}}]}<\/script>\n<!-- \/ Yoast SEO plugin. -->","yoast_head_json":{"title":"Automatischer Mini-GPS-St\u00f6rsender in USB-Form, verstecktes U-Disk-Design, sehr klein und leicht zu tragen - JAMMERSIGNAL","description":"Es handelt sich um einen tragbaren GPS-Signalst\u00f6rer in Form eines USB-Ger\u00e4ts, der speziell zur Abschirmung und Blockierung von GPS-Signalen entwickelt wurde und eine St\u00f6rungsreichweite von bis zu 5 Metern bietet, wodurch Ihre pers\u00f6nliche Sicherheit und Privatsph\u00e4re wirksam gesch\u00fctzt werden.","robots":{"index":"index","follow":"follow","max-snippet":"max-snippet:-1","max-image-preview":"max-image-preview:large","max-video-preview":"max-video-preview:-1"},"canonical":"https:\/\/www.jammersignal.com\/de\/produkt\/mini-automatic-gps-jammer-in-usb-form\/","og_locale":"de_DE","og_type":"article","og_title":"Mini Automatic GPS Jammer in USB Form, Hidden U-disk design, very small easy to carry - JAMMERSIGNAL","og_description":"This is a portable GPS signal jammer in the form of a USB device, specially designed to shield and block GPS signals, providing an interference range of up to 5 meters, effectively protecting your personal safety and privacy.","og_url":"https:\/\/www.jammersignal.com\/de\/produkt\/mini-automatic-gps-jammer-in-usb-form\/","og_site_name":"JAMMERSIGNAL","article_modified_time":"2024-12-09T06:26:48+00:00","og_image":[{"width":645,"height":591,"url":"https:\/\/www.jammersignal.com\/wp-content\/uploads\/2024\/05\/mini-automatic-jammersignal-small-signal-jammers-5.jpg","type":"image\/jpeg"}],"twitter_card":"summary_large_image","twitter_misc":{"Gesch\u00e4tzte Lesezeit":"1\u00a0Minute"},"schema":{"@context":"https:\/\/schema.org","@graph":[{"@type":"WebPage","@id":"https:\/\/www.jammersignal.com\/product\/mini-automatic-gps-jammer-in-usb-form\/","url":"https:\/\/www.jammersignal.com\/product\/mini-automatic-gps-jammer-in-usb-form\/","name":"Automatischer Mini-GPS-St\u00f6rsender in USB-Form, verstecktes U-Disk-Design, sehr klein und leicht zu tragen - JAMMERSIGNAL","isPartOf":{"@id":"https:\/\/www.jammersignal.com\/#website"},"primaryImageOfPage":{"@id":"https:\/\/www.jammersignal.com\/product\/mini-automatic-gps-jammer-in-usb-form\/#primaryimage"},"image":{"@id":"https:\/\/www.jammersignal.com\/product\/mini-automatic-gps-jammer-in-usb-form\/#primaryimage"},"thumbnailUrl":"https:\/\/www.jammersignal.com\/wp-content\/uploads\/2024\/05\/mini-automatic-jammersignal-small-signal-jammers-5.jpg","datePublished":"2024-05-20T00:50:25+00:00","dateModified":"2024-12-09T06:26:48+00:00","description":"Es handelt sich um einen tragbaren GPS-Signalst\u00f6rer in Form eines USB-Ger\u00e4ts, der speziell zur Abschirmung und Blockierung von GPS-Signalen entwickelt wurde und eine St\u00f6rungsreichweite von bis zu 5 Metern bietet, wodurch Ihre pers\u00f6nliche Sicherheit und Privatsph\u00e4re wirksam gesch\u00fctzt werden.","breadcrumb":{"@id":"https:\/\/www.jammersignal.com\/product\/mini-automatic-gps-jammer-in-usb-form\/#breadcrumb"},"inLanguage":"de","potentialAction":[{"@type":"ReadAction","target":["https:\/\/www.jammersignal.com\/product\/mini-automatic-gps-jammer-in-usb-form\/"]}]},{"@type":"ImageObject","inLanguage":"de","@id":"https:\/\/www.jammersignal.com\/product\/mini-automatic-gps-jammer-in-usb-form\/#primaryimage","url":"https:\/\/www.jammersignal.com\/wp-content\/uploads\/2024\/05\/mini-automatic-jammersignal-small-signal-jammers-5.jpg","contentUrl":"https:\/\/www.jammersignal.com\/wp-content\/uploads\/2024\/05\/mini-automatic-jammersignal-small-signal-jammers-5.jpg","width":645,"height":591,"caption":"mini automatic jammersignal small signal jammers (5)"},{"@type":"BreadcrumbList","@id":"https:\/\/www.jammersignal.com\/product\/mini-automatic-gps-jammer-in-usb-form\/#breadcrumb","itemListElement":[{"@type":"ListItem","position":1,"name":"Home","item":"https:\/\/www.jammersignal.com\/"},{"@type":"ListItem","position":2,"name":"Shop","item":"https:\/\/www.jammersignal.com\/shop\/"},{"@type":"ListItem","position":3,"name":"Signal Blocker","item":"https:\/\/www.jammersignal.com\/product-category\/signal-blocker\/"},{"@type":"ListItem","position":4,"name":"Mini Automatic GPS Signal Jammer in USB Form"}]},{"@type":"WebSite","@id":"https:\/\/www.jammersignal.com\/#website","url":"https:\/\/www.jammersignal.com\/","name":"JAMMERSIGNAL","description":"","publisher":{"@id":"https:\/\/www.jammersignal.com\/#organization"},"potentialAction":[{"@type":"SearchAction","target":{"@type":"EntryPoint","urlTemplate":"https:\/\/www.jammersignal.com\/?s={search_term_string}"},"query-input":{"@type":"PropertyValueSpecification","valueRequired":true,"valueName":"search_term_string"}}],"inLanguage":"de"},{"@type":"Organization","@id":"https:\/\/www.jammersignal.com\/#organization","name":"JAMMERSIGNAL","url":"https:\/\/www.jammersignal.com\/","logo":{"@type":"ImageObject","inLanguage":"de","@id":"https:\/\/www.jammersignal.com\/#\/schema\/logo\/image\/","url":"https:\/\/www.jammersignal.com\/wp-content\/uploads\/2024\/05\/cropped-jammersignal-logo-4.png","contentUrl":"https:\/\/www.jammersignal.com\/wp-content\/uploads\/2024\/05\/cropped-jammersignal-logo-4.png","width":104,"height":34,"caption":"JAMMERSIGNAL"},"image":{"@id":"https:\/\/www.jammersignal.com\/#\/schema\/logo\/image\/"}}]}},"_links":{"self":[{"href":"https:\/\/www.jammersignal.com\/de\/wp-json\/wp\/v2\/product\/2093","targetHints":{"allow":["GET"]}}],"collection":[{"href":"https:\/\/www.jammersignal.com\/de\/wp-json\/wp\/v2\/product"}],"about":[{"href":"https:\/\/www.jammersignal.com\/de\/wp-json\/wp\/v2\/types\/product"}],"replies":[{"embeddable":true,"href":"https:\/\/www.jammersignal.com\/de\/wp-json\/wp\/v2\/comments?post=2093"}],"version-history":[{"count":4,"href":"https:\/\/www.jammersignal.com\/de\/wp-json\/wp\/v2\/product\/2093\/revisions"}],"predecessor-version":[{"id":2157,"href":"https:\/\/www.jammersignal.com\/de\/wp-json\/wp\/v2\/product\/2093\/revisions\/2157"}],"wp:featuredmedia":[{"embeddable":true,"href":"https:\/\/www.jammersignal.com\/de\/wp-json\/wp\/v2\/media\/1674"}],"wp:attachment":[{"href":"https:\/\/www.jammersignal.com\/de\/wp-json\/wp\/v2\/media?parent=2093"}],"wp:term":[{"taxonomy":"product_brand","embeddable":true,"href":"https:\/\/www.jammersignal.com\/de\/wp-json\/wp\/v2\/product_brand?post=2093"},{"taxonomy":"product_cat","embeddable":true,"href":"https:\/\/www.jammersignal.com\/de\/wp-json\/wp\/v2\/product_cat?post=2093"},{"taxonomy":"product_tag","embeddable":true,"href":"https:\/\/www.jammersignal.com\/de\/wp-json\/wp\/v2\/product_tag?post=2093"}],"curies":[{"name":"wp","href":"https:\/\/api.w.org\/{rel}","templated":true}]}}