{"id":2096,"date":"2024-05-31T00:58:48","date_gmt":"2024-05-31T00:58:48","guid":{"rendered":"https:\/\/www.jammersignal.com\/?post_type=product&#038;p=2096"},"modified":"2025-05-18T21:18:45","modified_gmt":"2025-05-18T21:18:45","slug":"8antenna-signal-jammer-effectively-interferes","status":"publish","type":"product","link":"https:\/\/www.jammersignal.com\/de\/produkt\/8antenna-signal-jammer-effectively-interferes\/","title":{"rendered":"8 Antennen Signal Jammer effektiv mit 2G 3G 4G und LOJACK GPS WIFI Signale st\u00f6rt"},"content":{"rendered":"<div data-elementor-type=\"wp-post\" data-elementor-id=\"2096\" class=\"elementor elementor-2096\">\n\t\t\t\t<div class=\"elementor-element elementor-element-4a8c2a2 e-flex e-con-boxed e-con e-parent\" data-id=\"4a8c2a2\" data-element_type=\"container\">\n\t\t\t\t\t<div class=\"e-con-inner\">\n\t\t<div class=\"elementor-element elementor-element-2677d1d e-con-full e-flex e-con e-child\" data-id=\"2677d1d\" data-element_type=\"container\">\n\t\t\t\t<div class=\"elementor-element elementor-element-5ee8a99 elementor-widget elementor-widget-text-editor\" data-id=\"5ee8a99\" data-element_type=\"widget\" data-widget_type=\"text-editor.default\">\n\t\t\t\t<div class=\"elementor-widget-container\">\n\t\t\t\t\t\t\t\t\t<h4>Technische Daten<\/h4><table width=\"340\"><tbody><tr><td width=\"72\"><strong>Parameter Name<\/strong><\/td><td width=\"268\"><strong>Angaben zu den Parametern<\/strong><\/td><\/tr><tr><td>Modell\u00a0<\/td><td>N8P<\/td><\/tr><tr><td>Frequenzen zum St\u00f6ren<\/td><td width=\"268\">LoJack: 167-175MHz<br \/>CDMA oder GSM: 851-894 oder 925-960MHz<br \/>DCS\/PHS: 1805-1880 oder 1920-1990MHz<br \/>3G: 2110-2170MHz<br \/>4G1 LTE: 700-803 oder 790-862MHz<br \/>4G Wimax: 2500-2690 oder 2300-2400MHz<br \/>GPSL1: 1570-1580MHz<br \/>Wi-Fi 2.4G: 2400-2500MHz<\/td><\/tr><tr><td>St\u00f6rungsradius<\/td><td>Bis zu 45 Meter<\/td><\/tr><tr><td>Stromversorgung<\/td><td>Wird nach dem Anschlie\u00dfen des Netzteils verwendet<\/td><\/tr><tr><td>Gesamtausgangsleistung<\/td><td>5.6W<\/td><\/tr><tr><td>Betriebstemperatur<\/td><td>-10\u2103 bis +50\u2103<\/td><\/tr><tr><td>Feuchtigkeit im Betrieb<\/td><td>5% bis 80%<\/td><\/tr><tr><td>Gr\u00f6\u00dfe des Ger\u00e4ts<\/td><td>240mm*250mm*70mm<\/td><\/tr><tr><td>Gewicht des Ger\u00e4ts<\/td><td>1200 g<\/td><\/tr><\/tbody><\/table>\t\t\t\t\t\t\t\t<\/div>\n\t\t\t\t<\/div>\n\t\t\t\t<\/div>\n\t\t<div class=\"elementor-element elementor-element-63abe0f e-con-full e-flex e-con e-child\" data-id=\"63abe0f\" data-element_type=\"container\">\n\t\t\t\t<div class=\"elementor-element elementor-element-3d0f9f0 elementor-widget elementor-widget-text-editor\" data-id=\"3d0f9f0\" data-element_type=\"widget\" data-widget_type=\"text-editor.default\">\n\t\t\t\t<div class=\"elementor-widget-container\">\n\t\t\t\t\t\t\t\t\t<h4>Informationen zum Produkt<\/h4><p>Wir stellen einen leistungsstarken St\u00f6rsender f\u00fcr den Au\u00dfenbereich vor, der f\u00fcr den Langzeiteinsatz konzipiert ist. Dieser 8-Antennen-St\u00f6rsender ist mit einem 8000mAh NiMH-Akku mit hoher Kapazit\u00e4t ausgestattet, um eine lange Betriebszeit zu gew\u00e4hrleisten. Im Vergleich zu anderen 8-Wege-St\u00f6rsendern hat er erweiterte Antennen und einen gr\u00f6\u00dferen St\u00f6rbereich.<\/p><p><strong>Produktmerkmale:<\/strong><\/p><ol><li>\u00a08 B\u00e4nder 5.6W, ausgestattet mit 8000mAh NiMH-Akku, kann kontinuierlich bis zu 2,5 Stunden arbeiten. Kann w\u00e4hrend des Aufladens verwendet werden.<\/li><li>Ausgestattet mit DIP-Schaltern, kann jedes Band individuell gesteuert werden. Verf\u00fcgt \u00fcber eine funktionierende LED-Leuchte zur einfachen \u00dcberwachung.<\/li><li>Kann mit dem mitgelieferten Autoladeger\u00e4t direkt im Auto oder mit einem AC-Ladeger\u00e4t in Innenr\u00e4umen verwendet werden.<\/li><li>Der eingebaute L\u00fcfter und der gr\u00f6\u00dfere K\u00fchlk\u00f6rper sorgen f\u00fcr eine effiziente W\u00e4rmeableitung im Dauerbetrieb.<\/li><li>Die Temperatur wird unter 55\u2103 gehalten, um eine sichere und zuverl\u00e4ssige Leistung zu gew\u00e4hrleisten.<\/li><\/ol><p><strong>Vorsichtsma\u00dfnahmen:<\/strong><\/p><p>1. die St\u00f6rsender sind nach den Frequenzb\u00e4ndern der verschiedenen L\u00e4nder angepasst, bitte best\u00e4tigen Sie, dass der Kauf Land und die tats\u00e4chliche Verwendung Land \u00fcbereinstimmen. Andernfalls kann es nicht verwendet werden.lesen Sie bitte die St\u00f6rsender-Funktion vor dem Kauf.<br \/>2. wenn die niedrige Leistung St\u00f6rsender (z. B. Handheld-St\u00f6rsender) zu blockieren hohe Leistung Signal Ger\u00e4t (z. B. High-Power-WIFI-Router, Bluetooth-Audio-Ger\u00e4te, etc.), wird der Effekt schlecht sein oder sogar nicht St\u00f6rsender.<br \/>3. es ist verboten, das Ger\u00e4t w\u00e4hrend des Aufladens zu benutzen.<br \/>4) Verwenden Sie tragbare St\u00f6rsender nicht als Tischst\u00f6rsender.<br \/>5) Verwenden Sie keine St\u00f6rsender, bevor Sie die Antenne angeschlossen haben.<\/p>\t\t\t\t\t\t\t\t<\/div>\n\t\t\t\t<\/div>\n\t\t\t\t<\/div>\n\t\t\t\t\t<\/div>\n\t\t\t\t<\/div>\n\t\t\t\t<\/div>","protected":false},"excerpt":{"rendered":"<p>Wir stellen einen leistungsstarken St\u00f6rsender f\u00fcr den Au\u00dfenbereich vor, der f\u00fcr den Langzeiteinsatz konzipiert ist. Dieser 8-Antennen-St\u00f6rsender ist mit einem 8000mAh NiMH-Akku mit hoher Kapazit\u00e4t ausgestattet, um eine lange Betriebszeit zu gew\u00e4hrleisten. Im Vergleich zu anderen 8-Wege-St\u00f6rsendern hat er erweiterte Antennen und einen gr\u00f6\u00dferen St\u00f6rbereich.<\/p>\n<p><strong>Produktmerkmale:<\/strong><\/p>\n<p>1. 8 Bands 5.6W, ausgestattet mit 8000mAh NiMH-Akku, kann kontinuierlich f\u00fcr bis zu 2,5 Stunden arbeiten. Kann w\u00e4hrend des Aufladens verwendet werden.<br \/>\n2. Ausgestattet mit DIP-Schaltern, kann jedes Band individuell gesteuert werden. Verf\u00fcgt \u00fcber eine funktionierende LED-Leuchte zur einfachen \u00dcberwachung.<br \/>\n3. Kann mit dem mitgelieferten Autoladeger\u00e4t direkt im Auto oder mit einem AC-Ladeger\u00e4t in Innenr\u00e4umen verwendet werden.<br \/>\n4. Eingebauter L\u00fcfter und gr\u00f6\u00dferer K\u00fchlk\u00f6rper sorgen f\u00fcr eine effiziente W\u00e4rmeableitung im Dauerbetrieb.<br \/>\n5. Die Temperatur wird unter 55\u2103 gehalten, um eine sichere und zuverl\u00e4ssige Leistung zu gew\u00e4hrleisten.<\/p>","protected":false},"featured_media":1686,"comment_status":"open","ping_status":"closed","template":"","meta":{"site-sidebar-layout":"no-sidebar","site-content-layout":"page-builder","ast-site-content-layout":"normal-width-container","site-content-style":"default","site-sidebar-style":"default","ast-global-header-display":"","ast-banner-title-visibility":"","ast-main-header-display":"","ast-hfb-above-header-display":"","ast-hfb-below-header-display":"","ast-hfb-mobile-header-display":"","site-post-title":"disabled","ast-breadcrumbs-content":"","ast-featured-img":"disabled","footer-sml-layout":"","theme-transparent-header-meta":"default","adv-header-id-meta":"","stick-header-meta":"default","header-above-stick-meta":"","header-main-stick-meta":"","header-below-stick-meta":"","astra-migrate-meta-layouts":"set","ast-page-background-enabled":"default","ast-page-background-meta":{"desktop":{"background-color":"var(--ast-global-color-4)","background-image":"","background-repeat":"repeat","background-position":"center center","background-size":"auto","background-attachment":"scroll","background-type":"","background-media":"","overlay-type":"","overlay-color":"","overlay-gradient":""},"tablet":{"background-color":"","background-image":"","background-repeat":"repeat","background-position":"center center","background-size":"auto","background-attachment":"scroll","background-type":"","background-media":"","overlay-type":"","overlay-color":"","overlay-gradient":""},"mobile":{"background-color":"","background-image":"","background-repeat":"repeat","background-position":"center center","background-size":"auto","background-attachment":"scroll","background-type":"","background-media":"","overlay-type":"","overlay-color":"","overlay-gradient":""}},"ast-content-background-meta":{"desktop":{"background-color":"var(--ast-global-color-5)","background-image":"","background-repeat":"repeat","background-position":"center center","background-size":"auto","background-attachment":"scroll","background-type":"","background-media":"","overlay-type":"","overlay-color":"","overlay-gradient":""},"tablet":{"background-color":"var(--ast-global-color-5)","background-image":"","background-repeat":"repeat","background-position":"center center","background-size":"auto","background-attachment":"scroll","background-type":"","background-media":"","overlay-type":"","overlay-color":"","overlay-gradient":""},"mobile":{"background-color":"var(--ast-global-color-5)","background-image":"","background-repeat":"repeat","background-position":"center center","background-size":"auto","background-attachment":"scroll","background-type":"","background-media":"","overlay-type":"","overlay-color":"","overlay-gradient":""}}},"product_brand":[],"product_cat":[15,70,41,42,75,40,39,49,32,35,34,36],"product_tag":[306,147,469,150,152,153,346,125,250,132,257,185,269,191,193,195,277,204,437,372,374,509,542,429,382,294,295,347,297,228,461,384,232,301,234,235,522,555,391,558,394,330,399,401,408],"class_list":{"0":"post-2096","1":"product","2":"type-product","3":"status-publish","4":"has-post-thumbnail","6":"product_cat-signal-blocker","7":"product_cat-501-1000dollars-jammers","8":"product_cat-3g-signal-jammer","9":"product_cat-4g-jammer","10":"product_cat-8antennas-jammers","11":"product_cat-bluetooth-signal-blocker","12":"product_cat-bluetooth-jammer","13":"product_cat-camera-jammer-wireless","14":"product_cat-cell-phone-signal-jammer","15":"product_cat-gps-signal-blocker","16":"product_cat-gps-signal-jammer","17":"product_cat-wifi-jammer","18":"product_tag-12v-cell-phone-jammer","19":"product_tag-4g-cell-phone-jammer","20":"product_tag-anti-mobile-jammer-device","21":"product_tag-arduino-cell-phone-jammer","22":"product_tag-best-cell-phone-jammer","23":"product_tag-best-portable-cell-phone-jammer","24":"product_tag-best-wifi-jammer","25":"product_tag-cell-jammer-app","26":"product_tag-cell-jammer-circuit-diagram","27":"product_tag-cell-phone-camera-jammer","28":"product_tag-cell-phone-jammer-canada-for-sale","29":"product_tag-cell-phone-jammer-raspberry-pi","30":"product_tag-cell-phone-service-jammer","31":"product_tag-cell-phone-signal-jammer-device","32":"product_tag-cell-phone-signal-jammer-for-cars","33":"product_tag-cell-phone-signal-jammer-for-home","34":"product_tag-cell-phone-tracking-jammer","35":"product_tag-cellular-data-jammer","36":"product_tag-gps-blockers-jammer","37":"product_tag-homemade-wifi-jammer","38":"product_tag-iphone-wifi-jammer","39":"product_tag-jammer-blocker-signal","40":"product_tag-jammer-car-gps","41":"product_tag-mobile-phone-jammer-aaaaaa","42":"product_tag-phone-and-wifi-jammer","43":"product_tag-pocket-cell-phone-jammer","44":"product_tag-pocket-sized-cell-phone-jammer","45":"product_tag-pocket-wifi-jammer","46":"product_tag-portable-cell-phone-jammer-ebay","47":"product_tag-portable-cellular-jammer","48":"product_tag-portable-mobile-signal-jammer","49":"product_tag-raspberry-pi-wifi-jammer","50":"product_tag-short-range-cell-phone-jammer","51":"product_tag-simplisafe-cell-phone-jammer","52":"product_tag-small-area-cell-phone-jammer","53":"product_tag-small-cell-phone-jammer","54":"product_tag-tracker-jammer","55":"product_tag-video-recording-jammer","56":"product_tag-what-does-a-wifi-jammer-look-like","57":"product_tag-whats-a-jammer","58":"product_tag-wifi-camera-signal-jammer","59":"product_tag-wifi-jammer-amazon","60":"product_tag-wifi-jammer-android","61":"product_tag-wifi-jammer-apk","62":"product_tag-wifi-jammer-for-iphone","63":"desktop-align-left","64":"tablet-align-left","65":"mobile-align-left","66":"ast-product-gallery-layout-horizontal-slider","67":"ast-product-single-variable","68":"ast-product-tabs-layout-horizontal","70":"first","71":"instock","72":"sale","73":"shipping-taxable","74":"purchasable","75":"product-type-variable"},"yoast_head":"<!-- This site is optimized with the Yoast SEO plugin v23.9 - https:\/\/yoast.com\/wordpress\/plugins\/seo\/ -->\n<title>8 Antenna Signal Jammer Effectively Interferes with 2G 3G 4G and LOJACK GPS L1\/L2 WIFI Signals - JAMMERSIGNAL<\/title>\n<meta name=\"description\" content=\"This Enhanced Plus 8-Band Portable Cell Phone Signal Jammer is designed to effectively jam the frequencies of 2G, 3G, 4G, LOJACK, GPS and WIFI signals. This versatile 8-antenna jammer is suitable for a variety of occasions.\" \/>\n<meta name=\"robots\" content=\"index, follow, max-snippet:-1, max-image-preview:large, max-video-preview:-1\" \/>\n<link rel=\"canonical\" href=\"https:\/\/www.jammersignal.com\/de\/produkt\/8antenna-signal-jammer-effectively-interferes\/\" \/>\n<meta property=\"og:locale\" content=\"de_DE\" \/>\n<meta property=\"og:type\" content=\"article\" \/>\n<meta property=\"og:title\" content=\"8 Antenna Signal Jammer Effectively Interferes with 2G 3G 4G and LOJACK GPS L1\/L2 WIFI Signals - JAMMERSIGNAL\" \/>\n<meta property=\"og:description\" content=\"This Enhanced Plus 8-Band Portable Cell Phone Signal Jammer is designed to effectively jam the frequencies of 2G, 3G, 4G, LOJACK, GPS and WIFI signals. This versatile 8-antenna jammer is suitable for a variety of occasions.\" \/>\n<meta property=\"og:url\" content=\"https:\/\/www.jammersignal.com\/de\/produkt\/8antenna-signal-jammer-effectively-interferes\/\" \/>\n<meta property=\"og:site_name\" content=\"JAMMERSIGNAL\" \/>\n<meta property=\"article:modified_time\" content=\"2025-05-18T21:18:45+00:00\" \/>\n<meta property=\"og:image\" content=\"https:\/\/www.jammersignal.com\/wp-content\/uploads\/2024\/05\/8-antennas-effective-jammersignal-4g-3g-2g-jammers-1.jpg\" \/>\n\t<meta property=\"og:image:width\" content=\"500\" \/>\n\t<meta property=\"og:image:height\" content=\"500\" \/>\n\t<meta property=\"og:image:type\" content=\"image\/jpeg\" \/>\n<meta name=\"twitter:card\" content=\"summary_large_image\" \/>\n<meta name=\"twitter:label1\" content=\"Gesch\u00e4tzte Lesezeit\" \/>\n\t<meta name=\"twitter:data1\" content=\"2\u00a0Minuten\" \/>\n<script type=\"application\/ld+json\" class=\"yoast-schema-graph\">{\"@context\":\"https:\/\/schema.org\",\"@graph\":[{\"@type\":\"WebPage\",\"@id\":\"https:\/\/www.jammersignal.com\/product\/8antenna-signal-jammer-effectively-interferes\/\",\"url\":\"https:\/\/www.jammersignal.com\/product\/8antenna-signal-jammer-effectively-interferes\/\",\"name\":\"8 Antenna Signal Jammer Effectively Interferes with 2G 3G 4G and LOJACK GPS L1\/L2 WIFI Signals - JAMMERSIGNAL\",\"isPartOf\":{\"@id\":\"https:\/\/www.jammersignal.com\/#website\"},\"primaryImageOfPage\":{\"@id\":\"https:\/\/www.jammersignal.com\/product\/8antenna-signal-jammer-effectively-interferes\/#primaryimage\"},\"image\":{\"@id\":\"https:\/\/www.jammersignal.com\/product\/8antenna-signal-jammer-effectively-interferes\/#primaryimage\"},\"thumbnailUrl\":\"https:\/\/www.jammersignal.com\/wp-content\/uploads\/2024\/05\/8-antennas-effective-jammersignal-4g-3g-2g-jammers-1.jpg\",\"datePublished\":\"2024-05-31T00:58:48+00:00\",\"dateModified\":\"2025-05-18T21:18:45+00:00\",\"description\":\"This Enhanced Plus 8-Band Portable Cell Phone Signal Jammer is designed to effectively jam the frequencies of 2G, 3G, 4G, LOJACK, GPS and WIFI signals. This versatile 8-antenna jammer is suitable for a variety of occasions.\",\"breadcrumb\":{\"@id\":\"https:\/\/www.jammersignal.com\/product\/8antenna-signal-jammer-effectively-interferes\/#breadcrumb\"},\"inLanguage\":\"de\",\"potentialAction\":[{\"@type\":\"ReadAction\",\"target\":[\"https:\/\/www.jammersignal.com\/product\/8antenna-signal-jammer-effectively-interferes\/\"]}]},{\"@type\":\"ImageObject\",\"inLanguage\":\"de\",\"@id\":\"https:\/\/www.jammersignal.com\/product\/8antenna-signal-jammer-effectively-interferes\/#primaryimage\",\"url\":\"https:\/\/www.jammersignal.com\/wp-content\/uploads\/2024\/05\/8-antennas-effective-jammersignal-4g-3g-2g-jammers-1.jpg\",\"contentUrl\":\"https:\/\/www.jammersignal.com\/wp-content\/uploads\/2024\/05\/8-antennas-effective-jammersignal-4g-3g-2g-jammers-1.jpg\",\"width\":500,\"height\":500,\"caption\":\"8 antennas effective jammersignal 4g 3g 2g jammers (1)\"},{\"@type\":\"BreadcrumbList\",\"@id\":\"https:\/\/www.jammersignal.com\/product\/8antenna-signal-jammer-effectively-interferes\/#breadcrumb\",\"itemListElement\":[{\"@type\":\"ListItem\",\"position\":1,\"name\":\"Home\",\"item\":\"https:\/\/www.jammersignal.com\/\"},{\"@type\":\"ListItem\",\"position\":2,\"name\":\"Shop\",\"item\":\"https:\/\/www.jammersignal.com\/shop\/\"},{\"@type\":\"ListItem\",\"position\":3,\"name\":\"Signal Blocker\",\"item\":\"https:\/\/www.jammersignal.com\/product-category\/signal-blocker\/\"},{\"@type\":\"ListItem\",\"position\":4,\"name\":\"8 Antenna Signal Jammer Effectively Interferes with 2G 3G 4G and LOJACK GPS WIFI Signals\"}]},{\"@type\":\"WebSite\",\"@id\":\"https:\/\/www.jammersignal.com\/#website\",\"url\":\"https:\/\/www.jammersignal.com\/\",\"name\":\"JAMMERSIGNAL\",\"description\":\"\",\"publisher\":{\"@id\":\"https:\/\/www.jammersignal.com\/#organization\"},\"potentialAction\":[{\"@type\":\"SearchAction\",\"target\":{\"@type\":\"EntryPoint\",\"urlTemplate\":\"https:\/\/www.jammersignal.com\/?s={search_term_string}\"},\"query-input\":{\"@type\":\"PropertyValueSpecification\",\"valueRequired\":true,\"valueName\":\"search_term_string\"}}],\"inLanguage\":\"de\"},{\"@type\":\"Organization\",\"@id\":\"https:\/\/www.jammersignal.com\/#organization\",\"name\":\"JAMMERSIGNAL\",\"url\":\"https:\/\/www.jammersignal.com\/\",\"logo\":{\"@type\":\"ImageObject\",\"inLanguage\":\"de\",\"@id\":\"https:\/\/www.jammersignal.com\/#\/schema\/logo\/image\/\",\"url\":\"https:\/\/www.jammersignal.com\/wp-content\/uploads\/2024\/05\/cropped-jammersignal-logo-4.png\",\"contentUrl\":\"https:\/\/www.jammersignal.com\/wp-content\/uploads\/2024\/05\/cropped-jammersignal-logo-4.png\",\"width\":104,\"height\":34,\"caption\":\"JAMMERSIGNAL\"},\"image\":{\"@id\":\"https:\/\/www.jammersignal.com\/#\/schema\/logo\/image\/\"}}]}<\/script>\n<!-- \/ Yoast SEO plugin. -->","yoast_head_json":{"title":"8 Antennen Signal Jammer effektiv mit 2G 3G 4G und LOJACK GPS L1\/L2 WIFI Signale st\u00f6rt - JAMMERSIGNAL","description":"Dieser Enhanced Plus 8-Band Portable Cell Phone Signal Jammer wurde entwickelt, um die Frequenzen von 2G, 3G, 4G, LOJACK, GPS und WIFI Signalen effektiv zu st\u00f6ren. Diese vielseitige 8-Antennen-St\u00f6rsender ist f\u00fcr eine Vielzahl von Gelegenheiten geeignet.","robots":{"index":"index","follow":"follow","max-snippet":"max-snippet:-1","max-image-preview":"max-image-preview:large","max-video-preview":"max-video-preview:-1"},"canonical":"https:\/\/www.jammersignal.com\/de\/produkt\/8antenna-signal-jammer-effectively-interferes\/","og_locale":"de_DE","og_type":"article","og_title":"8 Antenna Signal Jammer Effectively Interferes with 2G 3G 4G and LOJACK GPS L1\/L2 WIFI Signals - JAMMERSIGNAL","og_description":"This Enhanced Plus 8-Band Portable Cell Phone Signal Jammer is designed to effectively jam the frequencies of 2G, 3G, 4G, LOJACK, GPS and WIFI signals. This versatile 8-antenna jammer is suitable for a variety of occasions.","og_url":"https:\/\/www.jammersignal.com\/de\/produkt\/8antenna-signal-jammer-effectively-interferes\/","og_site_name":"JAMMERSIGNAL","article_modified_time":"2025-05-18T21:18:45+00:00","og_image":[{"width":500,"height":500,"url":"https:\/\/www.jammersignal.com\/wp-content\/uploads\/2024\/05\/8-antennas-effective-jammersignal-4g-3g-2g-jammers-1.jpg","type":"image\/jpeg"}],"twitter_card":"summary_large_image","twitter_misc":{"Gesch\u00e4tzte Lesezeit":"2\u00a0Minuten"},"schema":{"@context":"https:\/\/schema.org","@graph":[{"@type":"WebPage","@id":"https:\/\/www.jammersignal.com\/product\/8antenna-signal-jammer-effectively-interferes\/","url":"https:\/\/www.jammersignal.com\/product\/8antenna-signal-jammer-effectively-interferes\/","name":"8 Antennen Signal Jammer effektiv mit 2G 3G 4G und LOJACK GPS L1\/L2 WIFI Signale st\u00f6rt - JAMMERSIGNAL","isPartOf":{"@id":"https:\/\/www.jammersignal.com\/#website"},"primaryImageOfPage":{"@id":"https:\/\/www.jammersignal.com\/product\/8antenna-signal-jammer-effectively-interferes\/#primaryimage"},"image":{"@id":"https:\/\/www.jammersignal.com\/product\/8antenna-signal-jammer-effectively-interferes\/#primaryimage"},"thumbnailUrl":"https:\/\/www.jammersignal.com\/wp-content\/uploads\/2024\/05\/8-antennas-effective-jammersignal-4g-3g-2g-jammers-1.jpg","datePublished":"2024-05-31T00:58:48+00:00","dateModified":"2025-05-18T21:18:45+00:00","description":"Dieser Enhanced Plus 8-Band Portable Cell Phone Signal Jammer wurde entwickelt, um die Frequenzen von 2G, 3G, 4G, LOJACK, GPS und WIFI Signalen effektiv zu st\u00f6ren. Diese vielseitige 8-Antennen-St\u00f6rsender ist f\u00fcr eine Vielzahl von Gelegenheiten geeignet.","breadcrumb":{"@id":"https:\/\/www.jammersignal.com\/product\/8antenna-signal-jammer-effectively-interferes\/#breadcrumb"},"inLanguage":"de","potentialAction":[{"@type":"ReadAction","target":["https:\/\/www.jammersignal.com\/product\/8antenna-signal-jammer-effectively-interferes\/"]}]},{"@type":"ImageObject","inLanguage":"de","@id":"https:\/\/www.jammersignal.com\/product\/8antenna-signal-jammer-effectively-interferes\/#primaryimage","url":"https:\/\/www.jammersignal.com\/wp-content\/uploads\/2024\/05\/8-antennas-effective-jammersignal-4g-3g-2g-jammers-1.jpg","contentUrl":"https:\/\/www.jammersignal.com\/wp-content\/uploads\/2024\/05\/8-antennas-effective-jammersignal-4g-3g-2g-jammers-1.jpg","width":500,"height":500,"caption":"8 antennas effective jammersignal 4g 3g 2g jammers (1)"},{"@type":"BreadcrumbList","@id":"https:\/\/www.jammersignal.com\/product\/8antenna-signal-jammer-effectively-interferes\/#breadcrumb","itemListElement":[{"@type":"ListItem","position":1,"name":"Home","item":"https:\/\/www.jammersignal.com\/"},{"@type":"ListItem","position":2,"name":"Shop","item":"https:\/\/www.jammersignal.com\/shop\/"},{"@type":"ListItem","position":3,"name":"Signal Blocker","item":"https:\/\/www.jammersignal.com\/product-category\/signal-blocker\/"},{"@type":"ListItem","position":4,"name":"8 Antenna Signal Jammer Effectively Interferes with 2G 3G 4G and LOJACK GPS WIFI Signals"}]},{"@type":"WebSite","@id":"https:\/\/www.jammersignal.com\/#website","url":"https:\/\/www.jammersignal.com\/","name":"JAMMERSIGNAL","description":"","publisher":{"@id":"https:\/\/www.jammersignal.com\/#organization"},"potentialAction":[{"@type":"SearchAction","target":{"@type":"EntryPoint","urlTemplate":"https:\/\/www.jammersignal.com\/?s={search_term_string}"},"query-input":{"@type":"PropertyValueSpecification","valueRequired":true,"valueName":"search_term_string"}}],"inLanguage":"de"},{"@type":"Organization","@id":"https:\/\/www.jammersignal.com\/#organization","name":"JAMMERSIGNAL","url":"https:\/\/www.jammersignal.com\/","logo":{"@type":"ImageObject","inLanguage":"de","@id":"https:\/\/www.jammersignal.com\/#\/schema\/logo\/image\/","url":"https:\/\/www.jammersignal.com\/wp-content\/uploads\/2024\/05\/cropped-jammersignal-logo-4.png","contentUrl":"https:\/\/www.jammersignal.com\/wp-content\/uploads\/2024\/05\/cropped-jammersignal-logo-4.png","width":104,"height":34,"caption":"JAMMERSIGNAL"},"image":{"@id":"https:\/\/www.jammersignal.com\/#\/schema\/logo\/image\/"}}]}},"_links":{"self":[{"href":"https:\/\/www.jammersignal.com\/de\/wp-json\/wp\/v2\/product\/2096","targetHints":{"allow":["GET"]}}],"collection":[{"href":"https:\/\/www.jammersignal.com\/de\/wp-json\/wp\/v2\/product"}],"about":[{"href":"https:\/\/www.jammersignal.com\/de\/wp-json\/wp\/v2\/types\/product"}],"replies":[{"embeddable":true,"href":"https:\/\/www.jammersignal.com\/de\/wp-json\/wp\/v2\/comments?post=2096"}],"version-history":[{"count":6,"href":"https:\/\/www.jammersignal.com\/de\/wp-json\/wp\/v2\/product\/2096\/revisions"}],"predecessor-version":[{"id":2225,"href":"https:\/\/www.jammersignal.com\/de\/wp-json\/wp\/v2\/product\/2096\/revisions\/2225"}],"wp:featuredmedia":[{"embeddable":true,"href":"https:\/\/www.jammersignal.com\/de\/wp-json\/wp\/v2\/media\/1686"}],"wp:attachment":[{"href":"https:\/\/www.jammersignal.com\/de\/wp-json\/wp\/v2\/media?parent=2096"}],"wp:term":[{"taxonomy":"product_brand","embeddable":true,"href":"https:\/\/www.jammersignal.com\/de\/wp-json\/wp\/v2\/product_brand?post=2096"},{"taxonomy":"product_cat","embeddable":true,"href":"https:\/\/www.jammersignal.com\/de\/wp-json\/wp\/v2\/product_cat?post=2096"},{"taxonomy":"product_tag","embeddable":true,"href":"https:\/\/www.jammersignal.com\/de\/wp-json\/wp\/v2\/product_tag?post=2096"}],"curies":[{"name":"wp","href":"https:\/\/api.w.org\/{rel}","templated":true}]}}