{"id":2097,"date":"2024-05-31T00:58:48","date_gmt":"2024-05-31T00:58:48","guid":{"rendered":"https:\/\/www.jammersignal.com\/?post_type=product&#038;p=2097"},"modified":"2025-12-22T08:48:56","modified_gmt":"2025-12-22T08:48:56","slug":"10antenna-gsm-gps-cell-phone-wifi-jammer","status":"publish","type":"product","link":"https:\/\/www.jammersignal.com\/de\/produkt\/10antenna-gsm-gps-cell-phone-wifi-jammer\/","title":{"rendered":"10 Antennen GSM GPS Handy WiFi St\u00f6rsender"},"content":{"rendered":"<div data-elementor-type=\"wp-post\" data-elementor-id=\"2097\" class=\"elementor elementor-2097\">\n\t\t\t\t<div class=\"elementor-element elementor-element-4a8c2a2 e-flex e-con-boxed e-con e-parent\" data-id=\"4a8c2a2\" data-element_type=\"container\" data-e-type=\"container\">\n\t\t\t\t\t<div class=\"e-con-inner\">\n\t\t<div class=\"elementor-element elementor-element-2677d1d e-con-full e-flex e-con e-child\" data-id=\"2677d1d\" data-element_type=\"container\" data-e-type=\"container\">\n\t\t\t\t<div class=\"elementor-element elementor-element-5ee8a99 elementor-widget elementor-widget-text-editor\" data-id=\"5ee8a99\" data-element_type=\"widget\" data-e-type=\"widget\" data-widget_type=\"text-editor.default\">\n\t\t\t\t<div class=\"elementor-widget-container\">\n\t\t\t\t\t\t\t\t\t<h4>Technische Daten<\/h4><table width=\"340\"><tbody><tr><td width=\"72\"><strong>Parameter Name<\/strong><\/td><td width=\"268\"><strong>Angaben zu den Parametern<\/strong><\/td><\/tr><tr><td>Modell\u00a0<\/td><td>H0104<\/td><\/tr><tr><td>Frequenzen zum St\u00f6ren<\/td><td width=\"268\"><strong>H0104:<\/strong><br \/>4G:700MHz<br \/>3G:2000MHz<br \/>BD\/GPS:1200MHz<br \/>CDMA:800MHz<br \/>3G:2100MHz<br \/>GPS:1500MHz<br \/>GSM:900MHz<br \/>WIFI:2400MHz<br \/>VHF:135MHz<br \/>DCS:1800MHz<br \/>4G:2300MHz<br \/>UHF:470MHz<br \/>PHS:1900MHz<br \/>4G:2600MHz<br \/>5.8G:5800MHZ<br \/>5G:2600 MHZ<br \/>5G:3400MHz<br \/>5G:4800MHz<\/td><\/tr><tr><td>St\u00f6rungsradius<\/td><td>1-15M<\/td><\/tr><tr><td>Stromversorgung<\/td><td>AC110-240V bis DC12V<\/td><\/tr><tr><td>Gr\u00f6\u00dfe des Ger\u00e4ts<\/td><td>240x250x69 mm<\/td><\/tr><tr><td>Gewicht des Ger\u00e4ts<\/td><td>1,11 kg<\/td><\/tr><\/tbody><\/table>\t\t\t\t\t\t\t\t<\/div>\n\t\t\t\t<\/div>\n\t\t\t\t<\/div>\n\t\t<div class=\"elementor-element elementor-element-63abe0f e-con-full e-flex e-con e-child\" data-id=\"63abe0f\" data-element_type=\"container\" data-e-type=\"container\">\n\t\t\t\t<div class=\"elementor-element elementor-element-3d0f9f0 elementor-widget elementor-widget-text-editor\" data-id=\"3d0f9f0\" data-element_type=\"widget\" data-e-type=\"widget\" data-widget_type=\"text-editor.default\">\n\t\t\t\t<div class=\"elementor-widget-container\">\n\t\t\t\t\t\t\t\t\t<h4>Informationen zum Produkt<\/h4><p>Unser tragbarer Signalst\u00f6rer ist ein hochmodernes Produkt, das fortschrittliche Technologien aus dem In- und Ausland integriert. Es wurde entsprechend den sich entwickelnden Kommunikationsstandards und drahtlosen Kommunikationsszenarien auf der ganzen Welt entwickelt.<\/p><p>Diese 10-Antennen-St\u00f6rsender-Ger\u00e4t kann effektiv blockieren verschiedene drahtlose Signale, wie (CDMA \/ GSM \/ DCS \/ 2G \/ 3G \/ 4G \/ 5G \/ WIFI) ohne negative Auswirkungen oder St\u00f6rungen auf die Kommunikation und \u00dcbertragung von anderen in der N\u00e4he elektronische Ger\u00e4te verursachen. Mit einem Radius von 5-20 Metern (abh\u00e4ngig von der Signalst\u00e4rke des Standortes), kann es effektiv die oben genannten drahtlosen Signale abzuschirmen.<\/p><p><strong>Vorteile:<\/strong><\/p><ol><li>Die Verwendung modernster SMD-Komponenten und integrierter Schaltkreise gew\u00e4hrleistet eine einfache Installation, bequeme Bedienung und stabile Leistung.<\/li><li>Das Geh\u00e4use besteht aus Aluminium, das einer fortschrittlichen sekund\u00e4ren Oxidationsbehandlung unterzogen wurde und eine hervorragende W\u00e4rmeableitungsleistung aufweist.<\/li><li>Sorgen Sie f\u00fcr eine effektive Abschirmung von 1-20 Metern, je nach Signalst\u00e4rke in einem bestimmten Bereich.<\/li><li>Jedes Frequenzband kann individuell ein- und ausgeschaltet werden.<\/li><li>Zur einfachen \u00dcberwachung ist das Ger\u00e4t mit einer sichtbaren Betriebsanzeige ausgestattet.<\/li><li>Es ist mit einem L\u00fcfter ausgestattet und kann mit einem Autoladeger\u00e4t und einem AC-Ladeger\u00e4t im Auto verwendet werden.<\/li><li>Tragbar, kompakt und energiesparend, unbedenklich f\u00fcr den menschlichen K\u00f6rper und die Umwelt.<\/li><\/ol><p><strong>Gebrauchsanweisung:<\/strong><\/p><ol><li>Nehmen Sie das Ger\u00e4t und die Antenne heraus, und installieren Sie die entsprechende Antenne.<\/li><li>Stellen Sie sicher, dass die Antenne installiert ist, bevor Sie das Ger\u00e4t einschalten. Die Kontrollleuchte leuchtet auf und zeigt damit an, dass das Ger\u00e4t normal funktioniert.<\/li><li>Verwenden Sie den seitlichen Schalter, um das zu sperrende Frequenzband auszuw\u00e4hlen.<\/li><li>Der eingebaute Akku des Ger\u00e4ts erm\u00f6glicht eine Betriebszeit von 2-3 Stunden. Es kann mit einem Ladeger\u00e4t zu Hause oder \u00fcber den Zigarettenanz\u00fcnder im Auto aufgeladen werden.<\/li><li>Bitte laden Sie das Ger\u00e4t vor dem Gebrauch vollst\u00e4ndig auf, idealerweise 4 Stunden (die Ladekontrollleuchte schaltet sich nach dem vollst\u00e4ndigen Aufladen automatisch aus).<\/li><li>Das Ger\u00e4t unterst\u00fctzt den Langzeitbetrieb und kann w\u00e4hrend des Aufladens verwendet werden.<\/li><li>Bitte beachten Sie, dass es normal ist, dass sich das Ger\u00e4t aufgrund der W\u00e4rmeleitf\u00e4higkeit der Aluminiumlegierung auf der Oberfl\u00e4che erw\u00e4rmt.<\/li><\/ol>\t\t\t\t\t\t\t\t<\/div>\n\t\t\t\t<\/div>\n\t\t\t\t<\/div>\n\t\t\t\t\t<\/div>\n\t\t\t\t<\/div>\n\t\t\t\t<\/div>","protected":false},"excerpt":{"rendered":"<p>Diese 10-Antennen-St\u00f6rsender-Ger\u00e4t kann effektiv blockieren verschiedene drahtlose Signale, wie (CDMA \/ GSM \/ DCS \/ 2G \/ 3G \/ 4G \/ 5G \/ WIFI) ohne negative Auswirkungen oder St\u00f6rungen auf die Kommunikation und \u00dcbertragung von anderen in der N\u00e4he elektronische Ger\u00e4te verursachen. Mit einem Radius von 5-20 Metern (abh\u00e4ngig von der Signalst\u00e4rke des Standortes), kann es effektiv die oben genannten drahtlosen Signale abzuschirmen.<\/p>\n<p><strong>Vorteile:<\/strong><\/p>\n<p>1. Verwenden Sie die neuesten SMD-Komponenten und integrierte Schaltungen, um eine einfache Installation, bequemen Betrieb und stabile Leistung zu gew\u00e4hrleisten.<br \/>\n2. Adopt Aluminium-Geh\u00e4use, die erweiterte sekund\u00e4re Oxidation Behandlung unterzogen hat und hat eine ausgezeichnete W\u00e4rmeableitung Leistung.<br \/>\n3. Sorgen Sie f\u00fcr einen effektiven Abschirmungsabstand von 1-20 Metern, je nach Signalst\u00e4rke in einem bestimmten Bereich.<br \/>\n4. Jedes Frequenzband kann individuell ein- und ausgeschaltet werden.<br \/>\n5. Das Ger\u00e4t verf\u00fcgt \u00fcber eine sichtbare Netzkontrollleuchte zur einfachen \u00dcberwachung.<br \/>\n6. Ausgestattet mit einem K\u00fchlgebl\u00e4se, kann es im Auto durch ein Autoladeger\u00e4t und ein AC-Ladeger\u00e4t verwendet werden.<br \/>\n7. Tragbar, kompakt und energiesparend, die Unbedenklichkeit f\u00fcr den menschlichen K\u00f6rper und die Umwelt zu gew\u00e4hrleisten.<\/p>","protected":false},"featured_media":1691,"comment_status":"open","ping_status":"closed","template":"","meta":{"site-sidebar-layout":"no-sidebar","site-content-layout":"page-builder","ast-site-content-layout":"normal-width-container","site-content-style":"default","site-sidebar-style":"default","ast-global-header-display":"","ast-banner-title-visibility":"","ast-main-header-display":"","ast-hfb-above-header-display":"","ast-hfb-below-header-display":"","ast-hfb-mobile-header-display":"","site-post-title":"disabled","ast-breadcrumbs-content":"","ast-featured-img":"disabled","footer-sml-layout":"","ast-disable-related-posts":"","theme-transparent-header-meta":"default","adv-header-id-meta":"","stick-header-meta":"default","header-above-stick-meta":"","header-main-stick-meta":"","header-below-stick-meta":"","astra-migrate-meta-layouts":"set","ast-page-background-enabled":"default","ast-page-background-meta":{"desktop":{"background-color":"var(--ast-global-color-5)","background-image":"","background-repeat":"repeat","background-position":"center center","background-size":"auto","background-attachment":"scroll","background-type":"","background-media":"","overlay-type":"","overlay-color":"","overlay-opacity":"","overlay-gradient":""},"tablet":{"background-color":"","background-image":"","background-repeat":"repeat","background-position":"center center","background-size":"auto","background-attachment":"scroll","background-type":"","background-media":"","overlay-type":"","overlay-color":"","overlay-opacity":"","overlay-gradient":""},"mobile":{"background-color":"","background-image":"","background-repeat":"repeat","background-position":"center center","background-size":"auto","background-attachment":"scroll","background-type":"","background-media":"","overlay-type":"","overlay-color":"","overlay-opacity":"","overlay-gradient":""}},"ast-content-background-meta":{"desktop":{"background-color":"var(--ast-global-color-4)","background-image":"","background-repeat":"repeat","background-position":"center center","background-size":"auto","background-attachment":"scroll","background-type":"","background-media":"","overlay-type":"","overlay-color":"","overlay-opacity":"","overlay-gradient":""},"tablet":{"background-color":"var(--ast-global-color-4)","background-image":"","background-repeat":"repeat","background-position":"center center","background-size":"auto","background-attachment":"scroll","background-type":"","background-media":"","overlay-type":"","overlay-color":"","overlay-opacity":"","overlay-gradient":""},"mobile":{"background-color":"var(--ast-global-color-4)","background-image":"","background-repeat":"repeat","background-position":"center center","background-size":"auto","background-attachment":"scroll","background-type":"","background-media":"","overlay-type":"","overlay-color":"","overlay-opacity":"","overlay-gradient":""}}},"product_brand":[],"product_cat":[15,69,76,89,57,56,32,63,34,60,36],"product_tag":[309,245,147,315,432,149,446,413,415,417,419,422,532,251,254,169,181,262,184,273,193,197,198,134,135,524,213,287,221,440,434,116,145,544,545,425,458,226,294,347,227,228,461,231,487,561,234,235,302,236,558,115,348,349,146,395,324,339],"class_list":{"0":"post-2097","1":"product","2":"type-product","3":"status-publish","4":"has-post-thumbnail","6":"product_cat-signal-blocker","7":"product_cat-301-500dollars-jammers","8":"product_cat-10antennas-jammers","9":"product_cat-3g-umts2110-2170mhz","10":"product_cat-antenna-jammer","11":"product_cat-car-rechargeable-jammer","12":"product_cat-cell-phone-signal-jammer","13":"product_cat-cheap-jammer","14":"product_cat-gps-signal-jammer","15":"product_cat-walkie-talkie-jammer","16":"product_cat-wifi-jammer","17":"product_tag-3g-cell-phone-jammer","18":"product_tag-4g-cell-phone-blocker-jammer","19":"product_tag-4g-cell-phone-jammer","20":"product_tag-4g-cell-phone-jammer-cheap","21":"product_tag-aaaaaa-gps-jammer","22":"product_tag-anti-cell-phone-jammer","23":"product_tag-audio-jammer","24":"product_tag-buy-gps-jammer-canada","25":"product_tag-buy-gps-jammer-ebay","26":"product_tag-buy-gps-jammer-in-dallas","27":"product_tag-buy-gps-jammer-online","28":"product_tag-buy-gps-tracking-jammer","29":"product_tag-camera-jammer-price","30":"product_tag-cell-jammer-schematic","31":"product_tag-cell-phone-jammer-apk","32":"product_tag-cell-phone-jammer-app-for-android","33":"product_tag-cell-phone-jammer-for-sale-amazon","34":"product_tag-cell-phone-jammer-in-school","35":"product_tag-cell-phone-jammer-range","36":"product_tag-cell-phone-signal-jammer-app-for-android","37":"product_tag-cell-phone-signal-jammer-for-cars","38":"product_tag-cell-phone-signal-jammer-for-schools","39":"product_tag-cell-phone-signal-jammer-legal","40":"product_tag-cell-phone-wifi-jammer","41":"product_tag-cell-signal-jammer-app","42":"product_tag-frequency-jammer","43":"product_tag-gps-cell-jammer","44":"product_tag-hand-held-cell-phone-signal-jammer","45":"product_tag-how-does-cell-phone-jammer-work","46":"product_tag-jammer-cam","47":"product_tag-jammer-device","48":"product_tag-jammer-for-cell-phone-signal","49":"product_tag-mini-cell-phone-jammer","50":"product_tag-mini-mobile-jammer","51":"product_tag-mobile-camera-jammer","52":"product_tag-mobile-jammer-aaaaaa","53":"product_tag-mobile-jammer-device","54":"product_tag-personal-cell-phone-jammer","55":"product_tag-pocket-cell-phone-jammer","56":"product_tag-pocket-wifi-jammer","57":"product_tag-portable-cell-phone-jammer-amazon","58":"product_tag-portable-cellular-jammer","59":"product_tag-portable-mobile-signal-jammer","60":"product_tag-raspberrypi-cell-phone-jammer","61":"product_tag-rf-signal-jammer","62":"product_tag-signal-jammer-for-sale","63":"product_tag-small-area-cell-phone-jammer","64":"product_tag-small-cell-phone-jammer","65":"product_tag-tv-remote-cell-phone-jammer","66":"product_tag-vehicle-cell-phone-jammer","67":"product_tag-whats-a-jammer","68":"product_tag-wifi-and-cellular-jammer","69":"product_tag-wifi-and-phone-jammer","70":"product_tag-wifi-blocker-jammer","71":"product_tag-wifi-cell-phone-jammer","72":"product_tag-wifi-frequency-jammer","73":"product_tag-wifi-jammer-app","74":"product_tag-wifi-signal-jammer-diy","75":"desktop-align-left","76":"tablet-align-left","77":"mobile-align-left","78":"ast-product-gallery-layout-horizontal-slider","79":"ast-product-single-variable","80":"ast-product-tabs-layout-horizontal","82":"first","83":"instock","84":"sale","85":"shipping-taxable","86":"purchasable","87":"product-type-variable"},"yoast_head":"<!-- This site is optimized with the Yoast SEO plugin v23.9 - https:\/\/yoast.com\/wordpress\/plugins\/seo\/ -->\n<title>10 Antenna GSM GPS Cell Phone WiFi Jammer, Jamming Radius 15m - JAMMERSIGNAL<\/title>\n<meta name=\"description\" content=\"Our 10-band handheld signal jammer is a cutting-edge product that integrates advanced technologies from home and abroad. This 10-antenna jammer is designed according to the world&#039;s evolving communication standards and wireless communication scenarios.\" \/>\n<meta name=\"robots\" content=\"index, follow, max-snippet:-1, max-image-preview:large, max-video-preview:-1\" \/>\n<link rel=\"canonical\" href=\"https:\/\/www.jammersignal.com\/de\/produkt\/10antenna-gsm-gps-cell-phone-wifi-jammer\/\" \/>\n<meta property=\"og:locale\" content=\"de_DE\" \/>\n<meta property=\"og:type\" content=\"article\" \/>\n<meta property=\"og:title\" content=\"10 Antenna GSM GPS Cell Phone WiFi Jammer, Jamming Radius 15m - JAMMERSIGNAL\" \/>\n<meta property=\"og:description\" content=\"Our 10-band handheld signal jammer is a cutting-edge product that integrates advanced technologies from home and abroad. This 10-antenna jammer is designed according to the world&#039;s evolving communication standards and wireless communication scenarios.\" \/>\n<meta property=\"og:url\" content=\"https:\/\/www.jammersignal.com\/de\/produkt\/10antenna-gsm-gps-cell-phone-wifi-jammer\/\" \/>\n<meta property=\"og:site_name\" content=\"JAMMERSIGNAL\" \/>\n<meta property=\"article:modified_time\" content=\"2025-12-22T08:48:56+00:00\" \/>\n<meta property=\"og:image\" content=\"https:\/\/www.jammersignal.com\/wp-content\/uploads\/2024\/05\/new-10-antenna-jammersignal-wifi-phone-jammers-1.jpg\" \/>\n\t<meta property=\"og:image:width\" content=\"800\" \/>\n\t<meta property=\"og:image:height\" content=\"800\" \/>\n\t<meta property=\"og:image:type\" content=\"image\/jpeg\" \/>\n<meta name=\"twitter:card\" content=\"summary_large_image\" \/>\n<meta name=\"twitter:label1\" content=\"Gesch\u00e4tzte Lesezeit\" \/>\n\t<meta name=\"twitter:data1\" content=\"2\u00a0Minuten\" \/>\n<script type=\"application\/ld+json\" class=\"yoast-schema-graph\">{\"@context\":\"https:\/\/schema.org\",\"@graph\":[{\"@type\":\"WebPage\",\"@id\":\"https:\/\/www.jammersignal.com\/product\/10antenna-gsm-gps-cell-phone-wifi-jammer\/\",\"url\":\"https:\/\/www.jammersignal.com\/product\/10antenna-gsm-gps-cell-phone-wifi-jammer\/\",\"name\":\"10 Antenna GSM GPS Cell Phone WiFi Jammer, Jamming Radius 15m - JAMMERSIGNAL\",\"isPartOf\":{\"@id\":\"https:\/\/www.jammersignal.com\/#website\"},\"primaryImageOfPage\":{\"@id\":\"https:\/\/www.jammersignal.com\/product\/10antenna-gsm-gps-cell-phone-wifi-jammer\/#primaryimage\"},\"image\":{\"@id\":\"https:\/\/www.jammersignal.com\/product\/10antenna-gsm-gps-cell-phone-wifi-jammer\/#primaryimage\"},\"thumbnailUrl\":\"https:\/\/www.jammersignal.com\/wp-content\/uploads\/2024\/05\/new-10-antenna-jammersignal-wifi-phone-jammers-1.jpg\",\"datePublished\":\"2024-05-31T00:58:48+00:00\",\"dateModified\":\"2025-12-22T08:48:56+00:00\",\"description\":\"Our 10-band handheld signal jammer is a cutting-edge product that integrates advanced technologies from home and abroad. This 10-antenna jammer is designed according to the world's evolving communication standards and wireless communication scenarios.\",\"breadcrumb\":{\"@id\":\"https:\/\/www.jammersignal.com\/product\/10antenna-gsm-gps-cell-phone-wifi-jammer\/#breadcrumb\"},\"inLanguage\":\"de\",\"potentialAction\":[{\"@type\":\"ReadAction\",\"target\":[\"https:\/\/www.jammersignal.com\/product\/10antenna-gsm-gps-cell-phone-wifi-jammer\/\"]}]},{\"@type\":\"ImageObject\",\"inLanguage\":\"de\",\"@id\":\"https:\/\/www.jammersignal.com\/product\/10antenna-gsm-gps-cell-phone-wifi-jammer\/#primaryimage\",\"url\":\"https:\/\/www.jammersignal.com\/wp-content\/uploads\/2024\/05\/new-10-antenna-jammersignal-wifi-phone-jammers-1.jpg\",\"contentUrl\":\"https:\/\/www.jammersignal.com\/wp-content\/uploads\/2024\/05\/new-10-antenna-jammersignal-wifi-phone-jammers-1.jpg\",\"width\":800,\"height\":800,\"caption\":\"new 10 antenna jammersignal wifi phone jammers (1)\"},{\"@type\":\"BreadcrumbList\",\"@id\":\"https:\/\/www.jammersignal.com\/product\/10antenna-gsm-gps-cell-phone-wifi-jammer\/#breadcrumb\",\"itemListElement\":[{\"@type\":\"ListItem\",\"position\":1,\"name\":\"Home\",\"item\":\"https:\/\/www.jammersignal.com\/\"},{\"@type\":\"ListItem\",\"position\":2,\"name\":\"Shop\",\"item\":\"https:\/\/www.jammersignal.com\/shop\/\"},{\"@type\":\"ListItem\",\"position\":3,\"name\":\"Signal Blocker\",\"item\":\"https:\/\/www.jammersignal.com\/product-category\/signal-blocker\/\"},{\"@type\":\"ListItem\",\"position\":4,\"name\":\"10 Antenna GSM GPS Cell Phone WiFi Jammer\"}]},{\"@type\":\"WebSite\",\"@id\":\"https:\/\/www.jammersignal.com\/#website\",\"url\":\"https:\/\/www.jammersignal.com\/\",\"name\":\"JAMMERSIGNAL\",\"description\":\"\",\"publisher\":{\"@id\":\"https:\/\/www.jammersignal.com\/#organization\"},\"potentialAction\":[{\"@type\":\"SearchAction\",\"target\":{\"@type\":\"EntryPoint\",\"urlTemplate\":\"https:\/\/www.jammersignal.com\/?s={search_term_string}\"},\"query-input\":{\"@type\":\"PropertyValueSpecification\",\"valueRequired\":true,\"valueName\":\"search_term_string\"}}],\"inLanguage\":\"de\"},{\"@type\":\"Organization\",\"@id\":\"https:\/\/www.jammersignal.com\/#organization\",\"name\":\"JAMMERSIGNAL\",\"url\":\"https:\/\/www.jammersignal.com\/\",\"logo\":{\"@type\":\"ImageObject\",\"inLanguage\":\"de\",\"@id\":\"https:\/\/www.jammersignal.com\/#\/schema\/logo\/image\/\",\"url\":\"https:\/\/www.jammersignal.com\/wp-content\/uploads\/2024\/05\/cropped-jammersignal-logo-4.png\",\"contentUrl\":\"https:\/\/www.jammersignal.com\/wp-content\/uploads\/2024\/05\/cropped-jammersignal-logo-4.png\",\"width\":104,\"height\":34,\"caption\":\"JAMMERSIGNAL\"},\"image\":{\"@id\":\"https:\/\/www.jammersignal.com\/#\/schema\/logo\/image\/\"}}]}<\/script>\n<!-- \/ Yoast SEO plugin. -->","yoast_head_json":{"title":"10 Antennen GSM GPS Handy WiFi St\u00f6rsender, St\u00f6rsender Radius 15m - JAMMERSIGNAL","description":"Unser tragbarer 10-Band-St\u00f6rsender ist ein hochmodernes Produkt, das fortschrittliche Technologien aus dem In- und Ausland integriert. Dieser 10-Antennen-St\u00f6rsender wurde entsprechend den sich weltweit entwickelnden Kommunikationsstandards und drahtlosen Kommunikationsszenarien entwickelt.","robots":{"index":"index","follow":"follow","max-snippet":"max-snippet:-1","max-image-preview":"max-image-preview:large","max-video-preview":"max-video-preview:-1"},"canonical":"https:\/\/www.jammersignal.com\/de\/produkt\/10antenna-gsm-gps-cell-phone-wifi-jammer\/","og_locale":"de_DE","og_type":"article","og_title":"10 Antenna GSM GPS Cell Phone WiFi Jammer, Jamming Radius 15m - JAMMERSIGNAL","og_description":"Our 10-band handheld signal jammer is a cutting-edge product that integrates advanced technologies from home and abroad. This 10-antenna jammer is designed according to the world's evolving communication standards and wireless communication scenarios.","og_url":"https:\/\/www.jammersignal.com\/de\/produkt\/10antenna-gsm-gps-cell-phone-wifi-jammer\/","og_site_name":"JAMMERSIGNAL","article_modified_time":"2025-12-22T08:48:56+00:00","og_image":[{"width":800,"height":800,"url":"https:\/\/www.jammersignal.com\/wp-content\/uploads\/2024\/05\/new-10-antenna-jammersignal-wifi-phone-jammers-1.jpg","type":"image\/jpeg"}],"twitter_card":"summary_large_image","twitter_misc":{"Gesch\u00e4tzte Lesezeit":"2\u00a0Minuten"},"schema":{"@context":"https:\/\/schema.org","@graph":[{"@type":"WebPage","@id":"https:\/\/www.jammersignal.com\/product\/10antenna-gsm-gps-cell-phone-wifi-jammer\/","url":"https:\/\/www.jammersignal.com\/product\/10antenna-gsm-gps-cell-phone-wifi-jammer\/","name":"10 Antennen GSM GPS Handy WiFi St\u00f6rsender, St\u00f6rsender Radius 15m - JAMMERSIGNAL","isPartOf":{"@id":"https:\/\/www.jammersignal.com\/#website"},"primaryImageOfPage":{"@id":"https:\/\/www.jammersignal.com\/product\/10antenna-gsm-gps-cell-phone-wifi-jammer\/#primaryimage"},"image":{"@id":"https:\/\/www.jammersignal.com\/product\/10antenna-gsm-gps-cell-phone-wifi-jammer\/#primaryimage"},"thumbnailUrl":"https:\/\/www.jammersignal.com\/wp-content\/uploads\/2024\/05\/new-10-antenna-jammersignal-wifi-phone-jammers-1.jpg","datePublished":"2024-05-31T00:58:48+00:00","dateModified":"2025-12-22T08:48:56+00:00","description":"Unser tragbarer 10-Band-St\u00f6rsender ist ein hochmodernes Produkt, das fortschrittliche Technologien aus dem In- und Ausland integriert. Dieser 10-Antennen-St\u00f6rsender wurde entsprechend den sich weltweit entwickelnden Kommunikationsstandards und drahtlosen Kommunikationsszenarien entwickelt.","breadcrumb":{"@id":"https:\/\/www.jammersignal.com\/product\/10antenna-gsm-gps-cell-phone-wifi-jammer\/#breadcrumb"},"inLanguage":"de","potentialAction":[{"@type":"ReadAction","target":["https:\/\/www.jammersignal.com\/product\/10antenna-gsm-gps-cell-phone-wifi-jammer\/"]}]},{"@type":"ImageObject","inLanguage":"de","@id":"https:\/\/www.jammersignal.com\/product\/10antenna-gsm-gps-cell-phone-wifi-jammer\/#primaryimage","url":"https:\/\/www.jammersignal.com\/wp-content\/uploads\/2024\/05\/new-10-antenna-jammersignal-wifi-phone-jammers-1.jpg","contentUrl":"https:\/\/www.jammersignal.com\/wp-content\/uploads\/2024\/05\/new-10-antenna-jammersignal-wifi-phone-jammers-1.jpg","width":800,"height":800,"caption":"new 10 antenna jammersignal wifi phone jammers (1)"},{"@type":"BreadcrumbList","@id":"https:\/\/www.jammersignal.com\/product\/10antenna-gsm-gps-cell-phone-wifi-jammer\/#breadcrumb","itemListElement":[{"@type":"ListItem","position":1,"name":"Home","item":"https:\/\/www.jammersignal.com\/"},{"@type":"ListItem","position":2,"name":"Shop","item":"https:\/\/www.jammersignal.com\/shop\/"},{"@type":"ListItem","position":3,"name":"Signal Blocker","item":"https:\/\/www.jammersignal.com\/product-category\/signal-blocker\/"},{"@type":"ListItem","position":4,"name":"10 Antenna GSM GPS Cell Phone WiFi Jammer"}]},{"@type":"WebSite","@id":"https:\/\/www.jammersignal.com\/#website","url":"https:\/\/www.jammersignal.com\/","name":"JAMMERSIGNAL","description":"","publisher":{"@id":"https:\/\/www.jammersignal.com\/#organization"},"potentialAction":[{"@type":"SearchAction","target":{"@type":"EntryPoint","urlTemplate":"https:\/\/www.jammersignal.com\/?s={search_term_string}"},"query-input":{"@type":"PropertyValueSpecification","valueRequired":true,"valueName":"search_term_string"}}],"inLanguage":"de"},{"@type":"Organization","@id":"https:\/\/www.jammersignal.com\/#organization","name":"JAMMERSIGNAL","url":"https:\/\/www.jammersignal.com\/","logo":{"@type":"ImageObject","inLanguage":"de","@id":"https:\/\/www.jammersignal.com\/#\/schema\/logo\/image\/","url":"https:\/\/www.jammersignal.com\/wp-content\/uploads\/2024\/05\/cropped-jammersignal-logo-4.png","contentUrl":"https:\/\/www.jammersignal.com\/wp-content\/uploads\/2024\/05\/cropped-jammersignal-logo-4.png","width":104,"height":34,"caption":"JAMMERSIGNAL"},"image":{"@id":"https:\/\/www.jammersignal.com\/#\/schema\/logo\/image\/"}}]}},"_links":{"self":[{"href":"https:\/\/www.jammersignal.com\/de\/wp-json\/wp\/v2\/product\/2097","targetHints":{"allow":["GET"]}}],"collection":[{"href":"https:\/\/www.jammersignal.com\/de\/wp-json\/wp\/v2\/product"}],"about":[{"href":"https:\/\/www.jammersignal.com\/de\/wp-json\/wp\/v2\/types\/product"}],"replies":[{"embeddable":true,"href":"https:\/\/www.jammersignal.com\/de\/wp-json\/wp\/v2\/comments?post=2097"}],"version-history":[{"count":7,"href":"https:\/\/www.jammersignal.com\/de\/wp-json\/wp\/v2\/product\/2097\/revisions"}],"predecessor-version":[{"id":4027,"href":"https:\/\/www.jammersignal.com\/de\/wp-json\/wp\/v2\/product\/2097\/revisions\/4027"}],"wp:featuredmedia":[{"embeddable":true,"href":"https:\/\/www.jammersignal.com\/de\/wp-json\/wp\/v2\/media\/1691"}],"wp:attachment":[{"href":"https:\/\/www.jammersignal.com\/de\/wp-json\/wp\/v2\/media?parent=2097"}],"wp:term":[{"taxonomy":"product_brand","embeddable":true,"href":"https:\/\/www.jammersignal.com\/de\/wp-json\/wp\/v2\/product_brand?post=2097"},{"taxonomy":"product_cat","embeddable":true,"href":"https:\/\/www.jammersignal.com\/de\/wp-json\/wp\/v2\/product_cat?post=2097"},{"taxonomy":"product_tag","embeddable":true,"href":"https:\/\/www.jammersignal.com\/de\/wp-json\/wp\/v2\/product_tag?post=2097"}],"curies":[{"name":"wp","href":"https:\/\/api.w.org\/{rel}","templated":true}]}}