{"id":2098,"date":"2024-05-20T00:58:49","date_gmt":"2024-05-20T00:58:49","guid":{"rendered":"https:\/\/www.jammersignal.com\/?post_type=product&#038;p=2098"},"modified":"2025-05-18T11:59:34","modified_gmt":"2025-05-18T11:59:34","slug":"12bands-high-power-portable-phone-jammer","status":"publish","type":"product","link":"https:\/\/www.jammersignal.com\/de\/produkt\/12bands-high-power-portable-phone-jammer\/","title":{"rendered":"12 Bands hohe Leistung tragbare Telefon Jammer Bl\u00f6cke 2G 3G 4G GPSL1-L5 WIFI2.4G 5G Signale"},"content":{"rendered":"<div data-elementor-type=\"wp-post\" data-elementor-id=\"2098\" class=\"elementor elementor-2098\">\n\t\t\t\t<div class=\"elementor-element elementor-element-4a8c2a2 e-flex e-con-boxed e-con e-parent\" data-id=\"4a8c2a2\" data-element_type=\"container\">\n\t\t\t\t\t<div class=\"e-con-inner\">\n\t\t<div class=\"elementor-element elementor-element-2677d1d e-con-full e-flex e-con e-child\" data-id=\"2677d1d\" data-element_type=\"container\">\n\t\t\t\t<div class=\"elementor-element elementor-element-5ee8a99 elementor-widget elementor-widget-text-editor\" data-id=\"5ee8a99\" data-element_type=\"widget\" data-widget_type=\"text-editor.default\">\n\t\t\t\t<div class=\"elementor-widget-container\">\n\t\t\t\t\t\t\t\t\t<h4>Technische Daten<\/h4><table width=\"340\"><tbody><tr><td width=\"72\"><strong>Parameter Name<\/strong><\/td><td width=\"268\"><strong>Angaben zu den Parametern<\/strong><\/td><\/tr><tr><td>Modell\u00a0<\/td><td>EO1205<\/td><\/tr><tr><td>Frequenzen zum St\u00f6ren<\/td><td width=\"268\">GSM oder CDMA: 925-960 oder 851-894MHz<br \/>DCS oder PCS: 1805-1880 oder 1920-1990MHz<br \/>3G: 2110-2170MHz<br \/>4GLTE: 758-821 oder 700-803MHz<br \/>4G WIMAX: 2500-2690 MHz<br \/>WIFI2.4G oder 4G2300 : 2400-2500 oder 2300-2400MHz<br \/>VHF\/LOJACK: 135-175MHz<br \/>GPS: 1570-1610MHz<br \/>GPSL3L4: 1370-1390MHz<br \/>GPSL2L5: 1170-1280MHz<br \/>WIFI5.2G: 5100-5500MHz<br \/>WIFI5.8G: 5500-5900MHz<\/td><\/tr><tr><td>St\u00f6rungsradius<\/td><td>(10-80) Meter Bei -75dBm<\/td><\/tr><tr><td>Stromversorgung<\/td><td>Netzger\u00e4t 50 bis 60Hz, (AC110 oder 240V-DC12V)<\/td><\/tr><tr><td>Eingebaute Batterie<\/td><td>24V10Ah<\/td><\/tr><tr><td>Lebensdauer der Batterie<\/td><td>1.5Stunden<\/td><\/tr><tr><td>Gesamtausgangsleistung<\/td><td>Insgesamt 86W<\/td><\/tr><tr><td>Spannung<\/td><td>AC110-240V zu DC oder USB 5V<\/td><\/tr><tr><td>Betriebstemperatur<\/td><td>-10\u2103 bis +50\u2103<\/td><\/tr><tr><td>Feuchtigkeit im Betrieb<\/td><td>5% bis 80%<\/td><\/tr><tr><td>Gr\u00f6\u00dfe des Ger\u00e4ts<\/td><td>465 x 365 x 185 mm<\/td><\/tr><tr><td>Gewicht des Ger\u00e4ts<\/td><td>ca.12kg<\/td><\/tr><tr><td>Inhalt des Pakets<\/td><td>Jammer Host x 1, Akku-Ladung x 1, Antenne x 12, AC-Stecker x 1<\/td><\/tr><\/tbody><\/table>\t\t\t\t\t\t\t\t<\/div>\n\t\t\t\t<\/div>\n\t\t\t\t<\/div>\n\t\t<div class=\"elementor-element elementor-element-63abe0f e-con-full e-flex e-con e-child\" data-id=\"63abe0f\" data-element_type=\"container\">\n\t\t\t\t<div class=\"elementor-element elementor-element-3d0f9f0 elementor-widget elementor-widget-text-editor\" data-id=\"3d0f9f0\" data-element_type=\"widget\" data-widget_type=\"text-editor.default\">\n\t\t\t\t<div class=\"elementor-widget-container\">\n\t\t\t\t\t\t\t\t\t<h4>Informationen zum Produkt<\/h4><p>Dieser professionelle und leistungsstarke tragbare Handy-Signalst\u00f6rer wurde entwickelt, um eine Vielzahl von Signalen zu blockieren, einschlie\u00dflich 3G, 4GLTE\/WIMAX, Wi-Fi 2.4G\/5G, GPS, LOJACK, UHF und VHF. Dieser 12-Band-Hochleistungsst\u00f6rsender ist derzeit mit einer praktischen Tragetasche ausgestattet. Der eingebaute Akku bietet eine Betriebszeit von etwa 1,5 Stunden.<\/p><p>Dieser St\u00f6rsender kann auch als Hochleistungs-Drohnenst\u00f6rsender mit 4-6 Antennen angepasst werden und bietet leistungsstarke St\u00f6rfunktionen gegen 100% von Drohnen und UAVs, wie Phantom 4, Phantom 3 Professional, Advanced, Standard Series und Inspire Series.<\/p><p><strong>Vorteile:<\/strong><\/p><ul><li>Mit einer Gesamtausgangsleistung von 86 W ist es in der Lage, Signale in einem Bereich von 10-80 Metern zu blockieren. Die tats\u00e4chliche Reichweite h\u00e4ngt von der Signalst\u00e4rke in einem bestimmten Gebiet ab.<\/li><li>Jedes Ger\u00e4t kann bis zu 12 B\u00e4nder gleichzeitig blockieren, wobei jedes Band individuell von maximaler Leistung bis zur Abschaltung (0) einstellbar ist.<\/li><li>Ausgestattet mit 3 L\u00fcftern f\u00fcr den Dauerbetrieb und eingebautem AC-Adapter.<\/li><li>Die im Lieferumfang enthaltene Batterie mit einer Kapazit\u00e4t von mindestens 24 V10Ah erm\u00f6glicht einen Dauerbetrieb von ca. 1,5 Stunden. Der Batteriestand und der Ladestatus werden auf dem LED-Bildschirm angezeigt.<\/li><li>F\u00fcr den einfachen Transport ist ein tragbarer Koffer vorgesehen. Es besteht auch die M\u00f6glichkeit, eine externe Batterie anzuschlie\u00dfen, falls erforderlich.<\/li><\/ul><p><strong>Vorsichtsma\u00dfnahmen:<\/strong><\/p><p>1. die St\u00f6rsender sind nach den Frequenzb\u00e4ndern der verschiedenen L\u00e4nder angepasst, bitte best\u00e4tigen Sie, dass der Kauf Land und die tats\u00e4chliche Verwendung Land \u00fcbereinstimmen. Andernfalls kann es nicht verwendet werden.lesen Sie bitte die St\u00f6rsender-Funktion vor dem Kauf.<br \/>2. wenn die niedrige Leistung St\u00f6rsender (z. B. Handheld-St\u00f6rsender) zu blockieren hohe Leistung Signal Ger\u00e4t (z. B. High-Power-WIFI-Router, Bluetooth-Audio-Ger\u00e4te, etc.), wird der Effekt schlecht sein oder sogar nicht St\u00f6rsender.<br \/>3. es ist verboten, das Ger\u00e4t w\u00e4hrend des Aufladens zu benutzen.<br \/>4) Verwenden Sie tragbare St\u00f6rsender nicht als Tischst\u00f6rsender.<br \/>5) Verwenden Sie keine St\u00f6rsender, bevor Sie die Antenne angeschlossen haben.<\/p>\t\t\t\t\t\t\t\t<\/div>\n\t\t\t\t<\/div>\n\t\t\t\t<\/div>\n\t\t\t\t\t<\/div>\n\t\t\t\t<\/div>\n\t\t\t\t<\/div>","protected":false},"excerpt":{"rendered":"<p>Dieser professionelle und leistungsstarke tragbare Handy-Signalst\u00f6rer wurde entwickelt, um eine Vielzahl von Signalen zu blockieren, einschlie\u00dflich 3G, 4GLTE\/WIMAX, Wi-Fi 2.4G\/5G, GPS, LOJACK, UHF und VHF. Dieser 12-Band-Hochleistungsst\u00f6rsender ist derzeit mit einer praktischen Tragetasche ausgestattet. Der eingebaute Akku bietet eine Betriebszeit von etwa 1,5 Stunden.<\/p>\n<p>Dieser St\u00f6rsender kann auch als Hochleistungs-Drohnenst\u00f6rsender mit 4-6 Antennen angepasst werden und bietet leistungsstarke St\u00f6rfunktionen gegen 100% von Drohnen und UAVs, wie Phantom 4, Phantom 3 Professional, Advanced, Standard Series und Inspire Series.<\/p>\n<p><strong>Vorteile:<\/strong><\/p>\n<p>- Mit einer Gesamtausgangsleistung von 86 W ist es in der Lage, Signale in einem Bereich von 10-80 Metern zu blockieren. Die tats\u00e4chliche Reichweite h\u00e4ngt von der Signalst\u00e4rke in einem bestimmten Gebiet ab.<br \/>\n- Jedes Ger\u00e4t kann bis zu 12 B\u00e4nder gleichzeitig blockieren, wobei jedes Band individuell von maximaler Leistung bis zur Abschaltung (0) einstellbar ist.<br \/>\n- Ausgestattet mit 3 L\u00fcftern f\u00fcr den Dauerbetrieb und eingebautem AC-Adapter.<br \/>\n- Die im Lieferumfang enthaltene Batterie mit einer Kapazit\u00e4t von mindestens 24 V10Ah erm\u00f6glicht einen Dauerbetrieb von ca. 1,5 Stunden. Der Batteriestand und der Ladestatus werden auf dem LED-Bildschirm angezeigt.<br \/>\n- F\u00fcr den einfachen Transport ist ein tragbarer Koffer vorgesehen. Es besteht auch die M\u00f6glichkeit, bei Bedarf einen externen Akku anzuschlie\u00dfen.<\/p>","protected":false},"featured_media":1696,"comment_status":"open","ping_status":"closed","template":"","meta":{"site-sidebar-layout":"no-sidebar","site-content-layout":"page-builder","ast-site-content-layout":"normal-width-container","site-content-style":"default","site-sidebar-style":"default","ast-global-header-display":"","ast-banner-title-visibility":"","ast-main-header-display":"","ast-hfb-above-header-display":"","ast-hfb-below-header-display":"","ast-hfb-mobile-header-display":"","site-post-title":"disabled","ast-breadcrumbs-content":"","ast-featured-img":"disabled","footer-sml-layout":"","theme-transparent-header-meta":"default","adv-header-id-meta":"","stick-header-meta":"default","header-above-stick-meta":"","header-main-stick-meta":"","header-below-stick-meta":"","astra-migrate-meta-layouts":"set","ast-page-background-enabled":"default","ast-page-background-meta":{"desktop":{"background-color":"var(--ast-global-color-4)","background-image":"","background-repeat":"repeat","background-position":"center center","background-size":"auto","background-attachment":"scroll","background-type":"","background-media":"","overlay-type":"","overlay-color":"","overlay-gradient":""},"tablet":{"background-color":"","background-image":"","background-repeat":"repeat","background-position":"center center","background-size":"auto","background-attachment":"scroll","background-type":"","background-media":"","overlay-type":"","overlay-color":"","overlay-gradient":""},"mobile":{"background-color":"","background-image":"","background-repeat":"repeat","background-position":"center center","background-size":"auto","background-attachment":"scroll","background-type":"","background-media":"","overlay-type":"","overlay-color":"","overlay-gradient":""}},"ast-content-background-meta":{"desktop":{"background-color":"var(--ast-global-color-5)","background-image":"","background-repeat":"repeat","background-position":"center center","background-size":"auto","background-attachment":"scroll","background-type":"","background-media":"","overlay-type":"","overlay-color":"","overlay-gradient":""},"tablet":{"background-color":"var(--ast-global-color-5)","background-image":"","background-repeat":"repeat","background-position":"center center","background-size":"auto","background-attachment":"scroll","background-type":"","background-media":"","overlay-type":"","overlay-color":"","overlay-gradient":""},"mobile":{"background-color":"var(--ast-global-color-5)","background-image":"","background-repeat":"repeat","background-position":"center center","background-size":"auto","background-attachment":"scroll","background-type":"","background-media":"","overlay-type":"","overlay-color":"","overlay-gradient":""}}},"product_brand":[],"product_cat":[15,77,41,42,45,92,40,39,33,32,35,34,38,53,46,71,55,97,98,37,36],"product_tag":[303,305,306,345,244,245,319,320,353,148,354,356,496,499,168,253,259,260,183,261,263,265,269,275,282,452,502,536,537,503,504,424,453,211,524,217,465,509,434,512,457,223,290,293,229,230,486,560,549,488,551,441,562,561,302,239,558,348,349,398,330,243],"class_list":{"0":"post-2098","1":"product","2":"type-product","3":"status-publish","4":"has-post-thumbnail","6":"product_cat-signal-blocker","7":"product_cat-12antennas-jammers","8":"product_cat-3g-signal-jammer","9":"product_cat-4g-jammer","10":"product_cat-5g-jammers","11":"product_cat-5g-617-685mhz-or1427-1518mhz-or-3400-3600mhz","12":"product_cat-bluetooth-signal-blocker","13":"product_cat-bluetooth-jammer","14":"product_cat-cell-phone-signal-blocker","15":"product_cat-cell-phone-signal-jammer","16":"product_cat-gps-signal-blocker","17":"product_cat-gps-signal-jammer","18":"product_cat-gsm-jammer","19":"product_cat-hidden-signal-jammer","20":"product_cat-high-power-signal-jammers","21":"product_cat-more-than-1000dollars-jammers","22":"product_cat-outdoor-jammer","23":"product_cat-wifi-2-4g-2400-2500mhz-jammer","24":"product_cat-wifi-5g-5100-5680mhz-or5720-5850mhz-jammer","25":"product_cat-wifi-signal-blocker","26":"product_cat-wifi-jammer","27":"product_tag-12-antenna-rf-cell-jammer","28":"product_tag-12antennas-all-bands-all-frequency-cell-phone-jammer-rf-jammer","29":"product_tag-12v-cell-phone-jammer","30":"product_tag-2-4ghz-wifi-jammer","31":"product_tag-4g-cell-jammer","32":"product_tag-4g-cell-phone-blocker-jammer","33":"product_tag-4g-cell-phone-jammer-kit","34":"product_tag-4g-cell-phone-signal-jammer","35":"product_tag-5-ghz-wifi-jammer","36":"product_tag-5g-cell-phone-jammer","37":"product_tag-5g-wifi-jammer","38":"product_tag-5ghz-wifi-jammer-diy","39":"product_tag-all-frequency-jammer","40":"product_tag-broad-spectrum-radio-jammer","41":"product_tag-cell-phone-jammer-5g","42":"product_tag-cell-phone-jammer-aliexpress","43":"product_tag-cell-phone-jammer-circuit","44":"product_tag-cell-phone-jammer-device","45":"product_tag-cell-phone-jammer-from-tv-remote","46":"product_tag-cell-phone-jammer-in-car","47":"product_tag-cell-phone-jammer-kit","48":"product_tag-cell-phone-jammer-legal-in-canada","49":"product_tag-cell-phone-service-jammer","50":"product_tag-cell-phone-signal-jammer-classroom","51":"product_tag-chicago-cell-phone-jammer","52":"product_tag-diy-drone-jammer","53":"product_tag-drone-frequency-jammer","54":"product_tag-drone-jammer-aaaaaa","55":"product_tag-drone-jammer-app","56":"product_tag-drone-jammer-for-sale","57":"product_tag-drone-radio-jammer","58":"product_tag-drone-signal-jammer","59":"product_tag-drone-signal-jammer-aaaaaa","60":"product_tag-emp-jammer-cell-phone","61":"product_tag-frequency-jammer","62":"product_tag-high-powered-cell-phone-jammer","63":"product_tag-how-do-signal-jammer-work","64":"product_tag-jammer-blocker-signal","65":"product_tag-jammer-device","66":"product_tag-jammer-drone","67":"product_tag-jammer-meaning","68":"product_tag-long-range-cell-phone-jammer","69":"product_tag-lte-cell-phone-jammer","70":"product_tag-most-powerful-cell-phone-jammer","71":"product_tag-powerful-cell-phone-jammer","72":"product_tag-professional-cell-phone-jammer","73":"product_tag-recording-jammer","74":"product_tag-rf-jammer","75":"product_tag-rf-jammer-for-sale","76":"product_tag-security-door-jammer","77":"product_tag-signal-blocker-jammer","78":"product_tag-signal-jammer-cost","79":"product_tag-signal-jammer-for-cameras","80":"product_tag-signal-jammer-for-sale","81":"product_tag-tv-remote-cell-phone-jammer","82":"product_tag-what-is-the-best-cell-phone-jammer","83":"product_tag-whats-a-jammer","84":"product_tag-wifi-and-phone-jammer","85":"product_tag-wifi-blocker-jammer","86":"product_tag-wifi-jammer-5ghz","87":"product_tag-wifi-jammer-amazon","88":"product_tag-workplace-cell-phone-jammer","89":"desktop-align-left","90":"tablet-align-left","91":"mobile-align-left","92":"ast-product-gallery-layout-horizontal-slider","93":"ast-product-single-variable","94":"ast-product-tabs-layout-horizontal","96":"first","97":"instock","98":"sale","99":"shipping-taxable","100":"purchasable","101":"product-type-variable"},"yoast_head":"<!-- This site is optimized with the Yoast SEO plugin v23.9 - https:\/\/yoast.com\/wordpress\/plugins\/seo\/ -->\n<title>12 Bands High Power Portable Phone Jammer Blocks 5G 4G 3G 2G GPSL1-L5 WiFi2.4G\/5.2G\/5.8 Signals - JAMMERSIGNAL<\/title>\n<meta name=\"description\" content=\"This 12-Band High Power Portable Cell Phone Signal Jammer is designed to block a variety of signals, including 3G, 4GLTE\/WIMAX, Wi-Fi 2.4G\/5G, GPS, LOJACK, UHF and VHF, designed with a convenient carrying case.\" \/>\n<meta name=\"robots\" content=\"index, follow, max-snippet:-1, max-image-preview:large, max-video-preview:-1\" \/>\n<link rel=\"canonical\" href=\"https:\/\/www.jammersignal.com\/de\/produkt\/12bands-high-power-portable-phone-jammer\/\" \/>\n<meta property=\"og:locale\" content=\"de_DE\" \/>\n<meta property=\"og:type\" content=\"article\" \/>\n<meta property=\"og:title\" content=\"12 Bands High Power Portable Phone Jammer Blocks 5G 4G 3G 2G GPSL1-L5 WiFi2.4G\/5.2G\/5.8 Signals - JAMMERSIGNAL\" \/>\n<meta property=\"og:description\" content=\"This 12-Band High Power Portable Cell Phone Signal Jammer is designed to block a variety of signals, including 3G, 4GLTE\/WIMAX, Wi-Fi 2.4G\/5G, GPS, LOJACK, UHF and VHF, designed with a convenient carrying case.\" \/>\n<meta property=\"og:url\" content=\"https:\/\/www.jammersignal.com\/de\/produkt\/12bands-high-power-portable-phone-jammer\/\" \/>\n<meta property=\"og:site_name\" content=\"JAMMERSIGNAL\" \/>\n<meta property=\"article:modified_time\" content=\"2025-05-18T11:59:34+00:00\" \/>\n<meta property=\"og:image\" content=\"https:\/\/www.jammersignal.com\/wp-content\/uploads\/2024\/05\/high-power-jammersignal-12-bands-phone-jammers-1.jpg\" \/>\n\t<meta property=\"og:image:width\" content=\"433\" \/>\n\t<meta property=\"og:image:height\" content=\"433\" \/>\n\t<meta property=\"og:image:type\" content=\"image\/jpeg\" \/>\n<meta name=\"twitter:card\" content=\"summary_large_image\" \/>\n<meta name=\"twitter:label1\" content=\"Gesch\u00e4tzte Lesezeit\" \/>\n\t<meta name=\"twitter:data1\" content=\"2\u00a0Minuten\" \/>\n<script type=\"application\/ld+json\" class=\"yoast-schema-graph\">{\"@context\":\"https:\/\/schema.org\",\"@graph\":[{\"@type\":\"WebPage\",\"@id\":\"https:\/\/www.jammersignal.com\/product\/12bands-high-power-portable-phone-jammer\/\",\"url\":\"https:\/\/www.jammersignal.com\/product\/12bands-high-power-portable-phone-jammer\/\",\"name\":\"12 Bands High Power Portable Phone Jammer Blocks 5G 4G 3G 2G GPSL1-L5 WiFi2.4G\/5.2G\/5.8 Signals - JAMMERSIGNAL\",\"isPartOf\":{\"@id\":\"https:\/\/www.jammersignal.com\/#website\"},\"primaryImageOfPage\":{\"@id\":\"https:\/\/www.jammersignal.com\/product\/12bands-high-power-portable-phone-jammer\/#primaryimage\"},\"image\":{\"@id\":\"https:\/\/www.jammersignal.com\/product\/12bands-high-power-portable-phone-jammer\/#primaryimage\"},\"thumbnailUrl\":\"https:\/\/www.jammersignal.com\/wp-content\/uploads\/2024\/05\/high-power-jammersignal-12-bands-phone-jammers-1.jpg\",\"datePublished\":\"2024-05-20T00:58:49+00:00\",\"dateModified\":\"2025-05-18T11:59:34+00:00\",\"description\":\"This 12-Band High Power Portable Cell Phone Signal Jammer is designed to block a variety of signals, including 3G, 4GLTE\/WIMAX, Wi-Fi 2.4G\/5G, GPS, LOJACK, UHF and VHF, designed with a convenient carrying case.\",\"breadcrumb\":{\"@id\":\"https:\/\/www.jammersignal.com\/product\/12bands-high-power-portable-phone-jammer\/#breadcrumb\"},\"inLanguage\":\"de\",\"potentialAction\":[{\"@type\":\"ReadAction\",\"target\":[\"https:\/\/www.jammersignal.com\/product\/12bands-high-power-portable-phone-jammer\/\"]}]},{\"@type\":\"ImageObject\",\"inLanguage\":\"de\",\"@id\":\"https:\/\/www.jammersignal.com\/product\/12bands-high-power-portable-phone-jammer\/#primaryimage\",\"url\":\"https:\/\/www.jammersignal.com\/wp-content\/uploads\/2024\/05\/high-power-jammersignal-12-bands-phone-jammers-1.jpg\",\"contentUrl\":\"https:\/\/www.jammersignal.com\/wp-content\/uploads\/2024\/05\/high-power-jammersignal-12-bands-phone-jammers-1.jpg\",\"width\":433,\"height\":433,\"caption\":\"high power jammersignal 12 bands phone jammers (1)\"},{\"@type\":\"BreadcrumbList\",\"@id\":\"https:\/\/www.jammersignal.com\/product\/12bands-high-power-portable-phone-jammer\/#breadcrumb\",\"itemListElement\":[{\"@type\":\"ListItem\",\"position\":1,\"name\":\"Home\",\"item\":\"https:\/\/www.jammersignal.com\/\"},{\"@type\":\"ListItem\",\"position\":2,\"name\":\"Shop\",\"item\":\"https:\/\/www.jammersignal.com\/shop\/\"},{\"@type\":\"ListItem\",\"position\":3,\"name\":\"Signal Blocker\",\"item\":\"https:\/\/www.jammersignal.com\/product-category\/signal-blocker\/\"},{\"@type\":\"ListItem\",\"position\":4,\"name\":\"12 Bands High Power Portable Phone Jammer Blocks 2G 3G 4G GPSL1-L5 WIFI2.4G 5G Signals\"}]},{\"@type\":\"WebSite\",\"@id\":\"https:\/\/www.jammersignal.com\/#website\",\"url\":\"https:\/\/www.jammersignal.com\/\",\"name\":\"JAMMERSIGNAL\",\"description\":\"\",\"publisher\":{\"@id\":\"https:\/\/www.jammersignal.com\/#organization\"},\"potentialAction\":[{\"@type\":\"SearchAction\",\"target\":{\"@type\":\"EntryPoint\",\"urlTemplate\":\"https:\/\/www.jammersignal.com\/?s={search_term_string}\"},\"query-input\":{\"@type\":\"PropertyValueSpecification\",\"valueRequired\":true,\"valueName\":\"search_term_string\"}}],\"inLanguage\":\"de\"},{\"@type\":\"Organization\",\"@id\":\"https:\/\/www.jammersignal.com\/#organization\",\"name\":\"JAMMERSIGNAL\",\"url\":\"https:\/\/www.jammersignal.com\/\",\"logo\":{\"@type\":\"ImageObject\",\"inLanguage\":\"de\",\"@id\":\"https:\/\/www.jammersignal.com\/#\/schema\/logo\/image\/\",\"url\":\"https:\/\/www.jammersignal.com\/wp-content\/uploads\/2024\/05\/cropped-jammersignal-logo-4.png\",\"contentUrl\":\"https:\/\/www.jammersignal.com\/wp-content\/uploads\/2024\/05\/cropped-jammersignal-logo-4.png\",\"width\":104,\"height\":34,\"caption\":\"JAMMERSIGNAL\"},\"image\":{\"@id\":\"https:\/\/www.jammersignal.com\/#\/schema\/logo\/image\/\"}}]}<\/script>\n<!-- \/ Yoast SEO plugin. -->","yoast_head_json":{"title":"12 Bands hohe Leistung tragbare Telefon Jammer Bl\u00f6cke 5G 4G 3G 2G GPSL1-L5 WiFi2.4G\/5.2G\/5.8 Signale - JAMMERSIGNAL","description":"Dieser tragbare 12-Band-Hochleistungs-Handy-Signalst\u00f6rsender wurde entwickelt, um eine Vielzahl von Signalen zu blockieren, einschlie\u00dflich 3G, 4GLTE\/WIMAX, Wi-Fi 2.4G\/5G, GPS, LOJACK, UHF und VHF, und verf\u00fcgt \u00fcber eine praktische Tragetasche.","robots":{"index":"index","follow":"follow","max-snippet":"max-snippet:-1","max-image-preview":"max-image-preview:large","max-video-preview":"max-video-preview:-1"},"canonical":"https:\/\/www.jammersignal.com\/de\/produkt\/12bands-high-power-portable-phone-jammer\/","og_locale":"de_DE","og_type":"article","og_title":"12 Bands High Power Portable Phone Jammer Blocks 5G 4G 3G 2G GPSL1-L5 WiFi2.4G\/5.2G\/5.8 Signals - JAMMERSIGNAL","og_description":"This 12-Band High Power Portable Cell Phone Signal Jammer is designed to block a variety of signals, including 3G, 4GLTE\/WIMAX, Wi-Fi 2.4G\/5G, GPS, LOJACK, UHF and VHF, designed with a convenient carrying case.","og_url":"https:\/\/www.jammersignal.com\/de\/produkt\/12bands-high-power-portable-phone-jammer\/","og_site_name":"JAMMERSIGNAL","article_modified_time":"2025-05-18T11:59:34+00:00","og_image":[{"width":433,"height":433,"url":"https:\/\/www.jammersignal.com\/wp-content\/uploads\/2024\/05\/high-power-jammersignal-12-bands-phone-jammers-1.jpg","type":"image\/jpeg"}],"twitter_card":"summary_large_image","twitter_misc":{"Gesch\u00e4tzte Lesezeit":"2\u00a0Minuten"},"schema":{"@context":"https:\/\/schema.org","@graph":[{"@type":"WebPage","@id":"https:\/\/www.jammersignal.com\/product\/12bands-high-power-portable-phone-jammer\/","url":"https:\/\/www.jammersignal.com\/product\/12bands-high-power-portable-phone-jammer\/","name":"12 Bands hohe Leistung tragbare Telefon Jammer Bl\u00f6cke 5G 4G 3G 2G GPSL1-L5 WiFi2.4G\/5.2G\/5.8 Signale - JAMMERSIGNAL","isPartOf":{"@id":"https:\/\/www.jammersignal.com\/#website"},"primaryImageOfPage":{"@id":"https:\/\/www.jammersignal.com\/product\/12bands-high-power-portable-phone-jammer\/#primaryimage"},"image":{"@id":"https:\/\/www.jammersignal.com\/product\/12bands-high-power-portable-phone-jammer\/#primaryimage"},"thumbnailUrl":"https:\/\/www.jammersignal.com\/wp-content\/uploads\/2024\/05\/high-power-jammersignal-12-bands-phone-jammers-1.jpg","datePublished":"2024-05-20T00:58:49+00:00","dateModified":"2025-05-18T11:59:34+00:00","description":"Dieser tragbare 12-Band-Hochleistungs-Handy-Signalst\u00f6rsender wurde entwickelt, um eine Vielzahl von Signalen zu blockieren, einschlie\u00dflich 3G, 4GLTE\/WIMAX, Wi-Fi 2.4G\/5G, GPS, LOJACK, UHF und VHF, und verf\u00fcgt \u00fcber eine praktische Tragetasche.","breadcrumb":{"@id":"https:\/\/www.jammersignal.com\/product\/12bands-high-power-portable-phone-jammer\/#breadcrumb"},"inLanguage":"de","potentialAction":[{"@type":"ReadAction","target":["https:\/\/www.jammersignal.com\/product\/12bands-high-power-portable-phone-jammer\/"]}]},{"@type":"ImageObject","inLanguage":"de","@id":"https:\/\/www.jammersignal.com\/product\/12bands-high-power-portable-phone-jammer\/#primaryimage","url":"https:\/\/www.jammersignal.com\/wp-content\/uploads\/2024\/05\/high-power-jammersignal-12-bands-phone-jammers-1.jpg","contentUrl":"https:\/\/www.jammersignal.com\/wp-content\/uploads\/2024\/05\/high-power-jammersignal-12-bands-phone-jammers-1.jpg","width":433,"height":433,"caption":"high power jammersignal 12 bands phone jammers (1)"},{"@type":"BreadcrumbList","@id":"https:\/\/www.jammersignal.com\/product\/12bands-high-power-portable-phone-jammer\/#breadcrumb","itemListElement":[{"@type":"ListItem","position":1,"name":"Home","item":"https:\/\/www.jammersignal.com\/"},{"@type":"ListItem","position":2,"name":"Shop","item":"https:\/\/www.jammersignal.com\/shop\/"},{"@type":"ListItem","position":3,"name":"Signal Blocker","item":"https:\/\/www.jammersignal.com\/product-category\/signal-blocker\/"},{"@type":"ListItem","position":4,"name":"12 Bands High Power Portable Phone Jammer Blocks 2G 3G 4G GPSL1-L5 WIFI2.4G 5G Signals"}]},{"@type":"WebSite","@id":"https:\/\/www.jammersignal.com\/#website","url":"https:\/\/www.jammersignal.com\/","name":"JAMMERSIGNAL","description":"","publisher":{"@id":"https:\/\/www.jammersignal.com\/#organization"},"potentialAction":[{"@type":"SearchAction","target":{"@type":"EntryPoint","urlTemplate":"https:\/\/www.jammersignal.com\/?s={search_term_string}"},"query-input":{"@type":"PropertyValueSpecification","valueRequired":true,"valueName":"search_term_string"}}],"inLanguage":"de"},{"@type":"Organization","@id":"https:\/\/www.jammersignal.com\/#organization","name":"JAMMERSIGNAL","url":"https:\/\/www.jammersignal.com\/","logo":{"@type":"ImageObject","inLanguage":"de","@id":"https:\/\/www.jammersignal.com\/#\/schema\/logo\/image\/","url":"https:\/\/www.jammersignal.com\/wp-content\/uploads\/2024\/05\/cropped-jammersignal-logo-4.png","contentUrl":"https:\/\/www.jammersignal.com\/wp-content\/uploads\/2024\/05\/cropped-jammersignal-logo-4.png","width":104,"height":34,"caption":"JAMMERSIGNAL"},"image":{"@id":"https:\/\/www.jammersignal.com\/#\/schema\/logo\/image\/"}}]}},"_links":{"self":[{"href":"https:\/\/www.jammersignal.com\/de\/wp-json\/wp\/v2\/product\/2098","targetHints":{"allow":["GET"]}}],"collection":[{"href":"https:\/\/www.jammersignal.com\/de\/wp-json\/wp\/v2\/product"}],"about":[{"href":"https:\/\/www.jammersignal.com\/de\/wp-json\/wp\/v2\/types\/product"}],"replies":[{"embeddable":true,"href":"https:\/\/www.jammersignal.com\/de\/wp-json\/wp\/v2\/comments?post=2098"}],"version-history":[{"count":5,"href":"https:\/\/www.jammersignal.com\/de\/wp-json\/wp\/v2\/product\/2098\/revisions"}],"predecessor-version":[{"id":2235,"href":"https:\/\/www.jammersignal.com\/de\/wp-json\/wp\/v2\/product\/2098\/revisions\/2235"}],"wp:featuredmedia":[{"embeddable":true,"href":"https:\/\/www.jammersignal.com\/de\/wp-json\/wp\/v2\/media\/1696"}],"wp:attachment":[{"href":"https:\/\/www.jammersignal.com\/de\/wp-json\/wp\/v2\/media?parent=2098"}],"wp:term":[{"taxonomy":"product_brand","embeddable":true,"href":"https:\/\/www.jammersignal.com\/de\/wp-json\/wp\/v2\/product_brand?post=2098"},{"taxonomy":"product_cat","embeddable":true,"href":"https:\/\/www.jammersignal.com\/de\/wp-json\/wp\/v2\/product_cat?post=2098"},{"taxonomy":"product_tag","embeddable":true,"href":"https:\/\/www.jammersignal.com\/de\/wp-json\/wp\/v2\/product_tag?post=2098"}],"curies":[{"name":"wp","href":"https:\/\/api.w.org\/{rel}","templated":true}]}}