{"id":2099,"date":"2024-05-31T00:58:50","date_gmt":"2024-05-31T00:58:50","guid":{"rendered":"https:\/\/www.jammersignal.com\/?post_type=product&#038;p=2099"},"modified":"2025-10-19T10:38:11","modified_gmt":"2025-10-19T10:38:11","slug":"desktop-jammer-gsm-3g-4g-gps-wifi-signal-blocker","status":"publish","type":"product","link":"https:\/\/www.jammersignal.com\/de\/produkt\/desktop-jammer-gsm-3g-4g-gps-wifi-signal-blocker\/","title":{"rendered":"Desktop Jammer GSM 3G 4G GPS WiFi Signal Blocker mit 2 leistungsstarken Ventilatoren"},"content":{"rendered":"<div data-elementor-type=\"wp-post\" data-elementor-id=\"2099\" class=\"elementor elementor-2099\">\n\t\t\t\t<div class=\"elementor-element elementor-element-4a8c2a2 e-flex e-con-boxed e-con e-parent\" data-id=\"4a8c2a2\" data-element_type=\"container\">\n\t\t\t\t\t<div class=\"e-con-inner\">\n\t\t<div class=\"elementor-element elementor-element-2677d1d e-con-full e-flex e-con e-child\" data-id=\"2677d1d\" data-element_type=\"container\">\n\t\t\t\t<div class=\"elementor-element elementor-element-5ee8a99 elementor-widget elementor-widget-text-editor\" data-id=\"5ee8a99\" data-element_type=\"widget\" data-widget_type=\"text-editor.default\">\n\t\t\t\t<div class=\"elementor-widget-container\">\n\t\t\t\t\t\t\t\t\t<h4>Technische Daten<\/h4><table width=\"340\"><tbody><tr><td width=\"72\"><strong>Parameter Name<\/strong><\/td><td width=\"268\"><strong>Angaben zu den Parametern<\/strong><\/td><\/tr><tr><td>Modell\u00a0<\/td><td>H084US<\/td><\/tr><tr><td>Frequenzen zum St\u00f6ren<\/td><td width=\"268\">CDMA\/GSM: 850-960MHz<br \/>DCS\/PCS: 1805 -1990MHz<br \/>3G: 2110-2170MHz<br \/>GPS: 1570-1610MHz<br \/>WIFI: 2400-2485MHz<br \/>LOJACK: 168-178MHz<br \/>4G(LTE): 725-770 ODER 790-862MHz<br \/>4G: 2345-2400 OR 2620-2690MHz<\/td><\/tr><tr><td>St\u00f6rungsradius<\/td><td>Bis zu 40 Meter<\/td><\/tr><tr><td>Stromversorgung<\/td><td>Wird nach dem Anschlie\u00dfen des Netzteils verwendet<\/td><\/tr><tr><td>Gesamtausgangsleistung<\/td><td>18W<\/td><\/tr><tr><td>Betriebstemperatur<\/td><td>-10\u2103 bis +50\u2103<\/td><\/tr><tr><td>Feuchtigkeit im Betrieb<\/td><td>5% bis 80%<\/td><\/tr><tr><td>Gr\u00f6\u00dfe des Ger\u00e4ts<\/td><td>140mm*48mm*360mm<\/td><\/tr><tr><td>Gewicht des Ger\u00e4ts<\/td><td>3000 g<\/td><\/tr><\/tbody><\/table>\t\t\t\t\t\t\t\t<\/div>\n\t\t\t\t<\/div>\n\t\t\t\t<\/div>\n\t\t<div class=\"elementor-element elementor-element-63abe0f e-con-full e-flex e-con e-child\" data-id=\"63abe0f\" data-element_type=\"container\">\n\t\t\t\t<div class=\"elementor-element elementor-element-3d0f9f0 elementor-widget elementor-widget-text-editor\" data-id=\"3d0f9f0\" data-element_type=\"widget\" data-widget_type=\"text-editor.default\">\n\t\t\t\t<div class=\"elementor-widget-container\">\n\t\t\t\t\t\t\t\t\t<h4>Informationen zum Produkt<\/h4><p>Wir stellen den GSM 3G 4G GPS WiFi Jammer mit L\u00fcfter vor, der \u00fcber eine leistungsstarke K\u00fchlfunktion verf\u00fcgt und so konzipiert ist, dass er \u00fcber lange Zeitr\u00e4ume l\u00e4uft und hohen Temperaturen standh\u00e4lt. Dieser St\u00f6rsender ist auch sehr tragbar, so dass es eine ausgezeichnete Wahl.<\/p><p><strong>Merkmale:<\/strong><\/p><ol><li>Um eine Z\u00fcndung durch mechanische Schalter zu verhindern, wurde ein Langsamstart-Schaltkreis entwickelt.<\/li><li>Kann 24 Stunden lang ununterbrochen laufen.<\/li><li>Das schwarze Aluminiumgeh\u00e4use mit hoher H\u00e4rte verbessert die W\u00e4rmeableitung.<\/li><li>Die symmetrische Anordnung der Luftein- und -ausl\u00e4sse auf beiden Seiten f\u00f6rdert den Konvektionsluftstrom. Zwei leise L\u00fcfter leiten die W\u00e4rme effektiv ab und sorgen f\u00fcr einen stabilen Betrieb des Ger\u00e4ts.<\/li><\/ol><p><strong>Vorsichtsma\u00dfnahmen:<\/strong><\/p><p>1. die St\u00f6rsender sind nach den Frequenzb\u00e4ndern der verschiedenen L\u00e4nder angepasst, bitte best\u00e4tigen Sie, dass der Kauf Land und die tats\u00e4chliche Verwendung Land \u00fcbereinstimmen. Andernfalls kann es nicht verwendet werden.lesen Sie bitte die St\u00f6rsender-Funktion vor dem Kauf.<br \/>2. wenn die niedrige Leistung St\u00f6rsender (z. B. Handheld-St\u00f6rsender) zu blockieren hohe Leistung Signal Ger\u00e4t (z. B. High-Power-WIFI-Router, Bluetooth-Audio-Ger\u00e4te, etc.), wird der Effekt schlecht sein oder sogar nicht St\u00f6rsender.<br \/>3. es ist verboten, das Ger\u00e4t w\u00e4hrend des Aufladens zu benutzen.<br \/>4) Verwenden Sie tragbare St\u00f6rsender nicht als Tischst\u00f6rsender.<br \/>5) Verwenden Sie keine St\u00f6rsender, bevor Sie die Antenne angeschlossen haben.<\/p>\t\t\t\t\t\t\t\t<\/div>\n\t\t\t\t<\/div>\n\t\t\t\t<\/div>\n\t\t\t\t\t<\/div>\n\t\t\t\t<\/div>\n\t\t\t\t<\/div>","protected":false},"excerpt":{"rendered":"<p>Wir stellen den GSM 3G 4G GPS WiFi Jammer mit L\u00fcfter vor, der \u00fcber eine leistungsstarke K\u00fchlfunktion verf\u00fcgt und so konzipiert ist, dass er \u00fcber lange Zeitr\u00e4ume l\u00e4uft und hohen Temperaturen standh\u00e4lt. Dieser St\u00f6rsender ist auch sehr tragbar, so dass es eine ausgezeichnete Wahl.<\/p>\n<p><strong>Merkmale:<\/strong><\/p>\n<p>1. Der Langsamstart-Schaltkreis wurde entwickelt, um eine Z\u00fcndung durch mechanische Schalter zu verhindern.<br \/>\n2. Kann 24 Stunden lang ununterbrochen laufen.<br \/>\n3. Hohe H\u00e4rte schwarzes Aluminiumgeh\u00e4use wird angenommen, um die W\u00e4rmeableitung zu verbessern.<br \/>\n4. Symmetrische Luftein- und -auslassanordnung auf beiden Seiten zur F\u00f6rderung der Konvektionsluftstr\u00f6mung. Zwei leise L\u00fcfter leiten die W\u00e4rme effektiv ab und sorgen f\u00fcr einen stabilen Betrieb des Ger\u00e4ts.<\/p>","protected":false},"featured_media":1700,"comment_status":"open","ping_status":"closed","template":"","meta":{"site-sidebar-layout":"no-sidebar","site-content-layout":"page-builder","ast-site-content-layout":"normal-width-container","site-content-style":"default","site-sidebar-style":"default","ast-global-header-display":"","ast-banner-title-visibility":"","ast-main-header-display":"","ast-hfb-above-header-display":"","ast-hfb-below-header-display":"","ast-hfb-mobile-header-display":"","site-post-title":"disabled","ast-breadcrumbs-content":"","ast-featured-img":"disabled","footer-sml-layout":"","theme-transparent-header-meta":"default","adv-header-id-meta":"","stick-header-meta":"default","header-above-stick-meta":"","header-main-stick-meta":"","header-below-stick-meta":"","astra-migrate-meta-layouts":"set","ast-page-background-enabled":"default","ast-page-background-meta":{"desktop":{"background-color":"var(--ast-global-color-4)","background-image":"","background-repeat":"repeat","background-position":"center center","background-size":"auto","background-attachment":"scroll","background-type":"","background-media":"","overlay-type":"","overlay-color":"","overlay-gradient":""},"tablet":{"background-color":"","background-image":"","background-repeat":"repeat","background-position":"center center","background-size":"auto","background-attachment":"scroll","background-type":"","background-media":"","overlay-type":"","overlay-color":"","overlay-gradient":""},"mobile":{"background-color":"","background-image":"","background-repeat":"repeat","background-position":"center center","background-size":"auto","background-attachment":"scroll","background-type":"","background-media":"","overlay-type":"","overlay-color":"","overlay-gradient":""}},"ast-content-background-meta":{"desktop":{"background-color":"var(--ast-global-color-5)","background-image":"","background-repeat":"repeat","background-position":"center center","background-size":"auto","background-attachment":"scroll","background-type":"","background-media":"","overlay-type":"","overlay-color":"","overlay-gradient":""},"tablet":{"background-color":"var(--ast-global-color-5)","background-image":"","background-repeat":"repeat","background-position":"center center","background-size":"auto","background-attachment":"scroll","background-type":"","background-media":"","overlay-type":"","overlay-color":"","overlay-gradient":""},"mobile":{"background-color":"var(--ast-global-color-5)","background-image":"","background-repeat":"repeat","background-position":"center center","background-size":"auto","background-attachment":"scroll","background-type":"","background-media":"","overlay-type":"","overlay-color":"","overlay-gradient":""}}},"product_brand":[],"product_cat":[15,69,83,41,42,40,33,32,63,35,34,38,37,36],"product_tag":[309,244,313,147,314,315,320,358,469,151,564,414,421,532,451,117,125,160,131,172,260,182,187,267,118,273,193,276,200,128,204,209,437,374,511,116,429,226,347,483,461,485,232,387,325,301,234,555,558,146,399,408,337],"class_list":{"0":"post-2099","1":"product","2":"type-product","3":"status-publish","4":"has-post-thumbnail","6":"product_cat-signal-blocker","7":"product_cat-301-500dollars-jammers","8":"product_cat-30-40meters","9":"product_cat-3g-signal-jammer","10":"product_cat-4g-jammer","11":"product_cat-bluetooth-signal-blocker","12":"product_cat-cell-phone-signal-blocker","13":"product_cat-cell-phone-signal-jammer","14":"product_cat-cheap-jammer","15":"product_cat-gps-signal-blocker","16":"product_cat-gps-signal-jammer","17":"product_cat-gsm-jammer","18":"product_cat-wifi-signal-blocker","19":"product_cat-wifi-jammer","20":"product_tag-3g-cell-phone-jammer","21":"product_tag-4g-cell-jammer","22":"product_tag-4g-cell-phone-blocker-jammer-overseas","23":"product_tag-4g-cell-phone-jammer","24":"product_tag-4g-cell-phone-jammer-amazon","25":"product_tag-4g-cell-phone-jammer-cheap","26":"product_tag-4g-cell-phone-signal-jammer","27":"product_tag-android-wifi-jammer","28":"product_tag-anti-mobile-jammer-device","29":"product_tag-bathroom-cell-phone-jammer","30":"product_tag-best-camera-jammer","31":"product_tag-buy-gps-jammer-cigarette-lighter","32":"product_tag-buy-gps-jammer-us","33":"product_tag-camera-jammer-price","34":"product_tag-car-jammer","35":"product_tag-cell-jammer-amazon","36":"product_tag-cell-jammer-app","37":"product_tag-cell-jammer-for-sale","38":"product_tag-cell-phone-and-wifi-signal-jammer","39":"product_tag-cell-phone-jammer-best-buy","40":"product_tag-cell-phone-jammer-device","41":"product_tag-cell-phone-jammer-for-workplace","42":"product_tag-cell-phone-jammer-reviews","43":"product_tag-cell-phone-jammer-walmart","44":"product_tag-cell-phone-reception-jammer","45":"product_tag-cell-phone-signal-jammer-app-for-android","46":"product_tag-cell-phone-signal-jammer-for-cars","47":"product_tag-cell-phone-signal-jammer-south-africa","48":"product_tag-cell-signal-jammer-amazon","49":"product_tag-cell-signal-jammer-diy","50":"product_tag-cellular-data-jammer","51":"product_tag-electronic-cell-phone-jammer","52":"product_tag-gps-blockers-jammer","53":"product_tag-iphone-wifi-jammer","54":"product_tag-jammer-cams","55":"product_tag-jammer-for-cell-phone-signal","56":"product_tag-mobile-phone-jammer-aaaaaa","57":"product_tag-personal-cell-phone-jammer","58":"product_tag-pocket-wifi-jammer","59":"product_tag-portable-gsm-jammer","60":"product_tag-portable-mobile-signal-jammer","61":"product_tag-radio-signal-jammer","62":"product_tag-short-range-cell-phone-jammer","63":"product_tag-signal-jammer-for-wifi","64":"product_tag-signal-jammer-wifi","65":"product_tag-simplisafe-cell-phone-jammer","66":"product_tag-small-area-cell-phone-jammer","67":"product_tag-video-recording-jammer","68":"product_tag-whats-a-jammer","69":"product_tag-wifi-cell-phone-jammer","70":"product_tag-wifi-jammer-android","71":"product_tag-wifi-jammer-for-iphone","72":"product_tag-wifi-signal-jammer-amazon","73":"desktop-align-left","74":"tablet-align-left","75":"mobile-align-left","76":"ast-product-gallery-layout-horizontal-slider","77":"ast-product-single-variable","78":"ast-product-tabs-layout-horizontal","80":"first","81":"instock","82":"sale","83":"shipping-taxable","84":"purchasable","85":"product-type-variable"},"yoast_head":"<!-- This site is optimized with the Yoast SEO plugin v23.9 - https:\/\/yoast.com\/wordpress\/plugins\/seo\/ -->\n<title>Desktop Jammer GSM 3G 4G GPS WiFi Signal Blocker with 2 powerful fans, interference radius up to 40 meters - JAMMERSIGNAL<\/title>\n<meta name=\"description\" content=\"Introducing the GSM 3G 4G GPS WiFi Jammer with an external fan that has powerful cooling capabilities, designed to operate for long periods of time and withstand high temperature environments. This jammer is also highly portable.\" \/>\n<meta name=\"robots\" content=\"index, follow, max-snippet:-1, max-image-preview:large, max-video-preview:-1\" \/>\n<link rel=\"canonical\" href=\"https:\/\/www.jammersignal.com\/de\/produkt\/desktop-jammer-gsm-3g-4g-gps-wifi-signal-blocker\/\" \/>\n<meta property=\"og:locale\" content=\"de_DE\" \/>\n<meta property=\"og:type\" content=\"article\" \/>\n<meta property=\"og:title\" content=\"Desktop Jammer GSM 3G 4G GPS WiFi Signal Blocker with 2 powerful fans, interference radius up to 40 meters - JAMMERSIGNAL\" \/>\n<meta property=\"og:description\" content=\"Introducing the GSM 3G 4G GPS WiFi Jammer with an external fan that has powerful cooling capabilities, designed to operate for long periods of time and withstand high temperature environments. This jammer is also highly portable.\" \/>\n<meta property=\"og:url\" content=\"https:\/\/www.jammersignal.com\/de\/produkt\/desktop-jammer-gsm-3g-4g-gps-wifi-signal-blocker\/\" \/>\n<meta property=\"og:site_name\" content=\"JAMMERSIGNAL\" \/>\n<meta property=\"article:modified_time\" content=\"2025-10-19T10:38:11+00:00\" \/>\n<meta property=\"og:image\" content=\"https:\/\/www.jammersignal.com\/wp-content\/uploads\/2024\/05\/desktop-jammersignal-gps-4g-3g-jammers-1.jpg\" \/>\n\t<meta property=\"og:image:width\" content=\"500\" \/>\n\t<meta property=\"og:image:height\" content=\"500\" \/>\n\t<meta property=\"og:image:type\" content=\"image\/jpeg\" \/>\n<meta name=\"twitter:card\" content=\"summary_large_image\" \/>\n<meta name=\"twitter:label1\" content=\"Gesch\u00e4tzte Lesezeit\" \/>\n\t<meta name=\"twitter:data1\" content=\"2\u00a0Minuten\" \/>\n<script type=\"application\/ld+json\" class=\"yoast-schema-graph\">{\"@context\":\"https:\/\/schema.org\",\"@graph\":[{\"@type\":\"WebPage\",\"@id\":\"https:\/\/www.jammersignal.com\/product\/desktop-jammer-gsm-3g-4g-gps-wifi-signal-blocker\/\",\"url\":\"https:\/\/www.jammersignal.com\/product\/desktop-jammer-gsm-3g-4g-gps-wifi-signal-blocker\/\",\"name\":\"Desktop Jammer GSM 3G 4G GPS WiFi Signal Blocker with 2 powerful fans, interference radius up to 40 meters - JAMMERSIGNAL\",\"isPartOf\":{\"@id\":\"https:\/\/www.jammersignal.com\/#website\"},\"primaryImageOfPage\":{\"@id\":\"https:\/\/www.jammersignal.com\/product\/desktop-jammer-gsm-3g-4g-gps-wifi-signal-blocker\/#primaryimage\"},\"image\":{\"@id\":\"https:\/\/www.jammersignal.com\/product\/desktop-jammer-gsm-3g-4g-gps-wifi-signal-blocker\/#primaryimage\"},\"thumbnailUrl\":\"https:\/\/www.jammersignal.com\/wp-content\/uploads\/2024\/05\/desktop-jammersignal-gps-4g-3g-jammers-1.jpg\",\"datePublished\":\"2024-05-31T00:58:50+00:00\",\"dateModified\":\"2025-10-19T10:38:11+00:00\",\"description\":\"Introducing the GSM 3G 4G GPS WiFi Jammer with an external fan that has powerful cooling capabilities, designed to operate for long periods of time and withstand high temperature environments. This jammer is also highly portable.\",\"breadcrumb\":{\"@id\":\"https:\/\/www.jammersignal.com\/product\/desktop-jammer-gsm-3g-4g-gps-wifi-signal-blocker\/#breadcrumb\"},\"inLanguage\":\"de\",\"potentialAction\":[{\"@type\":\"ReadAction\",\"target\":[\"https:\/\/www.jammersignal.com\/product\/desktop-jammer-gsm-3g-4g-gps-wifi-signal-blocker\/\"]}]},{\"@type\":\"ImageObject\",\"inLanguage\":\"de\",\"@id\":\"https:\/\/www.jammersignal.com\/product\/desktop-jammer-gsm-3g-4g-gps-wifi-signal-blocker\/#primaryimage\",\"url\":\"https:\/\/www.jammersignal.com\/wp-content\/uploads\/2024\/05\/desktop-jammersignal-gps-4g-3g-jammers-1.jpg\",\"contentUrl\":\"https:\/\/www.jammersignal.com\/wp-content\/uploads\/2024\/05\/desktop-jammersignal-gps-4g-3g-jammers-1.jpg\",\"width\":500,\"height\":500,\"caption\":\"desktop jammersignal gps 4g 3g jammers (1)\"},{\"@type\":\"BreadcrumbList\",\"@id\":\"https:\/\/www.jammersignal.com\/product\/desktop-jammer-gsm-3g-4g-gps-wifi-signal-blocker\/#breadcrumb\",\"itemListElement\":[{\"@type\":\"ListItem\",\"position\":1,\"name\":\"Home\",\"item\":\"https:\/\/www.jammersignal.com\/\"},{\"@type\":\"ListItem\",\"position\":2,\"name\":\"Shop\",\"item\":\"https:\/\/www.jammersignal.com\/shop\/\"},{\"@type\":\"ListItem\",\"position\":3,\"name\":\"Signal Blocker\",\"item\":\"https:\/\/www.jammersignal.com\/product-category\/signal-blocker\/\"},{\"@type\":\"ListItem\",\"position\":4,\"name\":\"Desktop Jammer GSM 3G 4G GPS WiFi Signal Blocker with 2 Powerful Fans\"}]},{\"@type\":\"WebSite\",\"@id\":\"https:\/\/www.jammersignal.com\/#website\",\"url\":\"https:\/\/www.jammersignal.com\/\",\"name\":\"JAMMERSIGNAL\",\"description\":\"\",\"publisher\":{\"@id\":\"https:\/\/www.jammersignal.com\/#organization\"},\"potentialAction\":[{\"@type\":\"SearchAction\",\"target\":{\"@type\":\"EntryPoint\",\"urlTemplate\":\"https:\/\/www.jammersignal.com\/?s={search_term_string}\"},\"query-input\":{\"@type\":\"PropertyValueSpecification\",\"valueRequired\":true,\"valueName\":\"search_term_string\"}}],\"inLanguage\":\"de\"},{\"@type\":\"Organization\",\"@id\":\"https:\/\/www.jammersignal.com\/#organization\",\"name\":\"JAMMERSIGNAL\",\"url\":\"https:\/\/www.jammersignal.com\/\",\"logo\":{\"@type\":\"ImageObject\",\"inLanguage\":\"de\",\"@id\":\"https:\/\/www.jammersignal.com\/#\/schema\/logo\/image\/\",\"url\":\"https:\/\/www.jammersignal.com\/wp-content\/uploads\/2024\/05\/cropped-jammersignal-logo-4.png\",\"contentUrl\":\"https:\/\/www.jammersignal.com\/wp-content\/uploads\/2024\/05\/cropped-jammersignal-logo-4.png\",\"width\":104,\"height\":34,\"caption\":\"JAMMERSIGNAL\"},\"image\":{\"@id\":\"https:\/\/www.jammersignal.com\/#\/schema\/logo\/image\/\"}}]}<\/script>\n<!-- \/ Yoast SEO plugin. -->","yoast_head_json":{"title":"Desktop Jammer GSM 3G 4G GPS WiFi Signal Blocker mit 2 leistungsstarken L\u00fcftern, St\u00f6rradius bis zu 40 Meter - JAMMERSIGNAL","description":"Wir stellen den GSM 3G 4G GPS WiFi Jammer mit externem L\u00fcfter vor, der \u00fcber eine starke K\u00fchlung verf\u00fcgt und so konzipiert ist, dass er \u00fcber lange Zeitr\u00e4ume betrieben werden kann und auch hohen Temperaturen standh\u00e4lt. Dieser St\u00f6rsender ist auch sehr tragbar.","robots":{"index":"index","follow":"follow","max-snippet":"max-snippet:-1","max-image-preview":"max-image-preview:large","max-video-preview":"max-video-preview:-1"},"canonical":"https:\/\/www.jammersignal.com\/de\/produkt\/desktop-jammer-gsm-3g-4g-gps-wifi-signal-blocker\/","og_locale":"de_DE","og_type":"article","og_title":"Desktop Jammer GSM 3G 4G GPS WiFi Signal Blocker with 2 powerful fans, interference radius up to 40 meters - JAMMERSIGNAL","og_description":"Introducing the GSM 3G 4G GPS WiFi Jammer with an external fan that has powerful cooling capabilities, designed to operate for long periods of time and withstand high temperature environments. This jammer is also highly portable.","og_url":"https:\/\/www.jammersignal.com\/de\/produkt\/desktop-jammer-gsm-3g-4g-gps-wifi-signal-blocker\/","og_site_name":"JAMMERSIGNAL","article_modified_time":"2025-10-19T10:38:11+00:00","og_image":[{"width":500,"height":500,"url":"https:\/\/www.jammersignal.com\/wp-content\/uploads\/2024\/05\/desktop-jammersignal-gps-4g-3g-jammers-1.jpg","type":"image\/jpeg"}],"twitter_card":"summary_large_image","twitter_misc":{"Gesch\u00e4tzte Lesezeit":"2\u00a0Minuten"},"schema":{"@context":"https:\/\/schema.org","@graph":[{"@type":"WebPage","@id":"https:\/\/www.jammersignal.com\/product\/desktop-jammer-gsm-3g-4g-gps-wifi-signal-blocker\/","url":"https:\/\/www.jammersignal.com\/product\/desktop-jammer-gsm-3g-4g-gps-wifi-signal-blocker\/","name":"Desktop Jammer GSM 3G 4G GPS WiFi Signal Blocker mit 2 leistungsstarken L\u00fcftern, St\u00f6rradius bis zu 40 Meter - JAMMERSIGNAL","isPartOf":{"@id":"https:\/\/www.jammersignal.com\/#website"},"primaryImageOfPage":{"@id":"https:\/\/www.jammersignal.com\/product\/desktop-jammer-gsm-3g-4g-gps-wifi-signal-blocker\/#primaryimage"},"image":{"@id":"https:\/\/www.jammersignal.com\/product\/desktop-jammer-gsm-3g-4g-gps-wifi-signal-blocker\/#primaryimage"},"thumbnailUrl":"https:\/\/www.jammersignal.com\/wp-content\/uploads\/2024\/05\/desktop-jammersignal-gps-4g-3g-jammers-1.jpg","datePublished":"2024-05-31T00:58:50+00:00","dateModified":"2025-10-19T10:38:11+00:00","description":"Wir stellen den GSM 3G 4G GPS WiFi Jammer mit externem L\u00fcfter vor, der \u00fcber eine starke K\u00fchlung verf\u00fcgt und so konzipiert ist, dass er \u00fcber lange Zeitr\u00e4ume betrieben werden kann und auch hohen Temperaturen standh\u00e4lt. Dieser St\u00f6rsender ist auch sehr tragbar.","breadcrumb":{"@id":"https:\/\/www.jammersignal.com\/product\/desktop-jammer-gsm-3g-4g-gps-wifi-signal-blocker\/#breadcrumb"},"inLanguage":"de","potentialAction":[{"@type":"ReadAction","target":["https:\/\/www.jammersignal.com\/product\/desktop-jammer-gsm-3g-4g-gps-wifi-signal-blocker\/"]}]},{"@type":"ImageObject","inLanguage":"de","@id":"https:\/\/www.jammersignal.com\/product\/desktop-jammer-gsm-3g-4g-gps-wifi-signal-blocker\/#primaryimage","url":"https:\/\/www.jammersignal.com\/wp-content\/uploads\/2024\/05\/desktop-jammersignal-gps-4g-3g-jammers-1.jpg","contentUrl":"https:\/\/www.jammersignal.com\/wp-content\/uploads\/2024\/05\/desktop-jammersignal-gps-4g-3g-jammers-1.jpg","width":500,"height":500,"caption":"desktop jammersignal gps 4g 3g jammers (1)"},{"@type":"BreadcrumbList","@id":"https:\/\/www.jammersignal.com\/product\/desktop-jammer-gsm-3g-4g-gps-wifi-signal-blocker\/#breadcrumb","itemListElement":[{"@type":"ListItem","position":1,"name":"Home","item":"https:\/\/www.jammersignal.com\/"},{"@type":"ListItem","position":2,"name":"Shop","item":"https:\/\/www.jammersignal.com\/shop\/"},{"@type":"ListItem","position":3,"name":"Signal Blocker","item":"https:\/\/www.jammersignal.com\/product-category\/signal-blocker\/"},{"@type":"ListItem","position":4,"name":"Desktop Jammer GSM 3G 4G GPS WiFi Signal Blocker with 2 Powerful Fans"}]},{"@type":"WebSite","@id":"https:\/\/www.jammersignal.com\/#website","url":"https:\/\/www.jammersignal.com\/","name":"JAMMERSIGNAL","description":"","publisher":{"@id":"https:\/\/www.jammersignal.com\/#organization"},"potentialAction":[{"@type":"SearchAction","target":{"@type":"EntryPoint","urlTemplate":"https:\/\/www.jammersignal.com\/?s={search_term_string}"},"query-input":{"@type":"PropertyValueSpecification","valueRequired":true,"valueName":"search_term_string"}}],"inLanguage":"de"},{"@type":"Organization","@id":"https:\/\/www.jammersignal.com\/#organization","name":"JAMMERSIGNAL","url":"https:\/\/www.jammersignal.com\/","logo":{"@type":"ImageObject","inLanguage":"de","@id":"https:\/\/www.jammersignal.com\/#\/schema\/logo\/image\/","url":"https:\/\/www.jammersignal.com\/wp-content\/uploads\/2024\/05\/cropped-jammersignal-logo-4.png","contentUrl":"https:\/\/www.jammersignal.com\/wp-content\/uploads\/2024\/05\/cropped-jammersignal-logo-4.png","width":104,"height":34,"caption":"JAMMERSIGNAL"},"image":{"@id":"https:\/\/www.jammersignal.com\/#\/schema\/logo\/image\/"}}]}},"_links":{"self":[{"href":"https:\/\/www.jammersignal.com\/de\/wp-json\/wp\/v2\/product\/2099","targetHints":{"allow":["GET"]}}],"collection":[{"href":"https:\/\/www.jammersignal.com\/de\/wp-json\/wp\/v2\/product"}],"about":[{"href":"https:\/\/www.jammersignal.com\/de\/wp-json\/wp\/v2\/types\/product"}],"replies":[{"embeddable":true,"href":"https:\/\/www.jammersignal.com\/de\/wp-json\/wp\/v2\/comments?post=2099"}],"version-history":[{"count":5,"href":"https:\/\/www.jammersignal.com\/de\/wp-json\/wp\/v2\/product\/2099\/revisions"}],"predecessor-version":[{"id":2240,"href":"https:\/\/www.jammersignal.com\/de\/wp-json\/wp\/v2\/product\/2099\/revisions\/2240"}],"wp:featuredmedia":[{"embeddable":true,"href":"https:\/\/www.jammersignal.com\/de\/wp-json\/wp\/v2\/media\/1700"}],"wp:attachment":[{"href":"https:\/\/www.jammersignal.com\/de\/wp-json\/wp\/v2\/media?parent=2099"}],"wp:term":[{"taxonomy":"product_brand","embeddable":true,"href":"https:\/\/www.jammersignal.com\/de\/wp-json\/wp\/v2\/product_brand?post=2099"},{"taxonomy":"product_cat","embeddable":true,"href":"https:\/\/www.jammersignal.com\/de\/wp-json\/wp\/v2\/product_cat?post=2099"},{"taxonomy":"product_tag","embeddable":true,"href":"https:\/\/www.jammersignal.com\/de\/wp-json\/wp\/v2\/product_tag?post=2099"}],"curies":[{"name":"wp","href":"https:\/\/api.w.org\/{rel}","templated":true}]}}