{"id":2102,"date":"2024-05-31T00:58:52","date_gmt":"2024-05-31T00:58:52","guid":{"rendered":"https:\/\/www.jammersignal.com\/?post_type=product&#038;p=2102"},"modified":"2025-09-20T02:36:56","modified_gmt":"2025-09-20T02:36:56","slug":"handheld-all-in-one-drone-jammer","status":"publish","type":"product","link":"https:\/\/www.jammersignal.com\/de\/produkt\/handheld-all-in-one-drone-jammer\/","title":{"rendered":"Handheld all in one Drone Jammer mit St\u00f6rungsabstand bis zu 500 Metern"},"content":{"rendered":"<div data-elementor-type=\"wp-post\" data-elementor-id=\"2102\" class=\"elementor elementor-2102\">\n\t\t\t\t<div class=\"elementor-element elementor-element-4a8c2a2 e-flex e-con-boxed e-con e-parent\" data-id=\"4a8c2a2\" data-element_type=\"container\">\n\t\t\t\t\t<div class=\"e-con-inner\">\n\t\t<div class=\"elementor-element elementor-element-2677d1d e-con-full e-flex e-con e-child\" data-id=\"2677d1d\" data-element_type=\"container\">\n\t\t\t\t<div class=\"elementor-element elementor-element-5ee8a99 elementor-widget elementor-widget-text-editor\" data-id=\"5ee8a99\" data-element_type=\"widget\" data-widget_type=\"text-editor.default\">\n\t\t\t\t<div class=\"elementor-widget-container\">\n\t\t\t\t\t\t\t\t\t<h4>Technische Daten<\/h4><table width=\"340\"><tbody><tr><td width=\"72\"><strong>Parameter Name<\/strong><\/td><td width=\"268\"><strong>Angaben zu den Parametern<\/strong><\/td><\/tr><tr><td>Modell\u00a0<\/td><td>HW10US<\/td><\/tr><tr><td>Frequenzen zum St\u00f6ren<\/td><td width=\"268\">RC2.4G: 2400-2500MHz<br \/>GRC5.8G: 5725-5850MHz<br \/>GPSL1 und Glonass L1: 1560-1620MHz<br \/><br \/>OPTION :<br \/>GPSL2+L5 : GPSL2+L5<br \/>RC 868\/912: 868-916MHz<\/td><\/tr><tr><td>St\u00f6rungsradius<\/td><td>100-500 Meter<\/td><\/tr><tr><td>Stromversorgung<\/td><td>AC110-240V bis DC24V<\/td><\/tr><tr><td>Gesamtausgangsleistung<\/td><td>Insgesamt 20 W (5-10 W pro Band)<\/td><\/tr><tr><td>Arbeitszeiten<\/td><td>Eingebaute Batterie: 24V 4Ah Arbeitszeit: 1,5 Stunden<\/td><\/tr><tr><td>Gr\u00f6\u00dfe des Ger\u00e4ts<\/td><td>450*105*60mm<\/td><\/tr><tr><td>Gewicht des Ger\u00e4ts<\/td><td>1,5 kg<\/td><\/tr><tr><td>Inhalt des Pakets<\/td><td>Jammer Host x 1, Batterieladeger\u00e4t x1<\/td><\/tr><\/tbody><\/table>\t\t\t\t\t\t\t\t<\/div>\n\t\t\t\t<\/div>\n\t\t\t\t<\/div>\n\t\t<div class=\"elementor-element elementor-element-63abe0f e-con-full e-flex e-con e-child\" data-id=\"63abe0f\" data-element_type=\"container\">\n\t\t\t\t<div class=\"elementor-element elementor-element-3d0f9f0 elementor-widget elementor-widget-text-editor\" data-id=\"3d0f9f0\" data-element_type=\"widget\" data-widget_type=\"text-editor.default\">\n\t\t\t\t<div class=\"elementor-widget-container\">\n\t\t\t\t\t\t\t\t\t<h4>Informationen zum Produkt<\/h4><p>Einf\u00fchrung der neuesten Mini-Handheld-All-in-One-Drohne Signal St\u00f6rsender mit Richtantenne. Diese tragbare St\u00f6rsender Ger\u00e4t ist leicht und integriert eine High-Gain 10dbi Richtantenne, die Signale von 100 bis 500 Meter entfernt st\u00f6ren k\u00f6nnen.<\/p><p>Dieser tragbare Mini-St\u00f6rsender wurde zum Blockieren von Drohnensignalen entwickelt und bietet 100%-Abdeckung f\u00fcr eine Vielzahl von Drohnensignalen, einschlie\u00dflich beliebter Modelle wie Dji Phantom 4, Phantom 3 Professional, Advanced, Standard Series und Inspire Series. Mit seinem tragbaren Design l\u00e4sst er sich leicht transportieren und einsetzen. Der eingebaute Akku sorgt f\u00fcr einen kontinuierlichen Betrieb von etwa 1,5 Stunden.<\/p><p><strong>Anwendungsbereiche:<\/strong><\/p><ol><li>Schutz von Sperrgebieten wie Gef\u00e4ngnissen, milit\u00e4rischen Verwaltungsgebieten, nationalen strategischen Ressourcenprojekten, nuklearen Industrieanlagen, Flugh\u00e4fen und politischen Bezirken<\/li><li>Tatorte, Strafverfolgungsbereiche der Stadtverwaltung, wichtige Sicherheitsstandorte, Schutz von W\u00fcrdentr\u00e4gern, gro\u00df angelegte Proben f\u00fcr Auff\u00fchrungen, arch\u00e4ologische Ausgrabungsst\u00e4tten und Standorte f\u00fcr gro\u00df angelegte Gruppenaktivit\u00e4ten, um ein Durchsickern von Informationen zu verhindern<\/li><li>Bek\u00e4mpfung illegaler und krimineller Aktivit\u00e4ten mit Hilfe von Drohnen, einschlie\u00dflich Drogenhandel, Schmuggel, illegale Waren oder Informationsverbreitung usw.<\/li><\/ol><p><strong>Produktmerkmale:<\/strong><\/p><ol><li>\u00a0Integriertes Handheld-Design, klein und leicht.<\/li><li>Eingebaute Drei-in-Eins-Antenne mit hoher Verst\u00e4rkung (10dbi) und einer Gesamtausgangsleistung von 20W, die eine Interferenzdistanz von 100-500 Metern erm\u00f6glicht (abh\u00e4ngig von der Entfernung zwischen der Drohne und der Fernsteuerung).<\/li><li>Jedes Ger\u00e4t kann mit bis zu 3 Frequenzb\u00e4ndern gleichzeitig interferieren und ist mit einem unabh\u00e4ngigen Netzschalter und einer LED-Anzeige zur Anzeige des Leistungsstatus ausgestattet.<\/li><li>Der VSWR-\u00dcberspannungsschutz gew\u00e4hrleistet, dass jedes Modul 100% sicher ist.<\/li><li>Eingebauter Akku, Betriebsdauer ca. 60 Minuten.<\/li><li>Batterieleistung, Ladestatus und Arbeitsstrom werden zur einfachen \u00dcberwachung auf dem LED-Bildschirm angezeigt.<\/li><\/ol><p><strong>Vorsichtsma\u00dfnahmen:<\/strong><\/p><p>1. die St\u00f6rsender sind nach den Frequenzb\u00e4ndern der verschiedenen L\u00e4nder angepasst, bitte best\u00e4tigen Sie, dass der Kauf Land und die tats\u00e4chliche Verwendung Land \u00fcbereinstimmen. Andernfalls kann es nicht verwendet werden.lesen Sie bitte die St\u00f6rsender-Funktion vor dem Kauf.<br \/>2. wenn die niedrige Leistung St\u00f6rsender (z. B. Handheld-St\u00f6rsender) zu blockieren hohe Leistung Signal Ger\u00e4t (z. B. High-Power-WIFI-Router, Bluetooth-Audio-Ger\u00e4te, etc.), wird der Effekt schlecht sein oder sogar nicht St\u00f6rsender.<br \/>3. es ist verboten, das Ger\u00e4t w\u00e4hrend des Aufladens zu benutzen.<br \/>4) Verwenden Sie tragbare St\u00f6rsender nicht als Tischst\u00f6rsender.<br \/>5) Verwenden Sie keine St\u00f6rsender, bevor Sie die Antenne angeschlossen haben.<\/p>\t\t\t\t\t\t\t\t<\/div>\n\t\t\t\t<\/div>\n\t\t\t\t<\/div>\n\t\t\t\t\t<\/div>\n\t\t\t\t<\/div>\n\t\t\t\t<\/div>","protected":false},"excerpt":{"rendered":"<p>Einf\u00fchrung der neuesten Mini-Handheld-All-in-One-Drohne Signal St\u00f6rsender mit Richtantenne. Diese tragbare St\u00f6rsender Ger\u00e4t ist leicht und integriert eine High-Gain 10dbi Richtantenne, die von 100 bis 500 Meter entfernt st\u00f6ren kann.<\/p>\n<p><strong>Produktmerkmale:<\/strong><\/p>\n<p>1. Integrierte Handheld-Design, klein und leicht.<br \/>\n2. Eingebaute drei-in-one High-Gain 10dbi Richtantenne, Gesamtausgangsleistung von 20W, die eine St\u00f6rungsentfernung von 100-500 Metern (je nach Entfernung zwischen der Drohne und der Fernbedienung).<br \/>\n3. Jedes Ger\u00e4t kann mit bis zu 3 Frequenzb\u00e4ndern gleichzeitig st\u00f6ren, ausgestattet mit einem unabh\u00e4ngigen Netzschalter und LED-Anzeige, um den Leistungsstatus anzuzeigen.<br \/>\n4. Der VSWR-\u00dcberspannungsschutz gew\u00e4hrleistet, dass jedes Modul 100% sicher ist.<br \/>\n5. Eingebauter Akku, Arbeitszeit ist etwa 60 Minuten.<br \/>\n6. Batterieleistung, Ladestatus und Arbeitsstrom werden zur einfachen \u00dcberwachung auf dem LED-Bildschirm angezeigt.<\/p>","protected":false},"featured_media":1714,"comment_status":"open","ping_status":"closed","template":"","meta":{"site-sidebar-layout":"no-sidebar","site-content-layout":"page-builder","ast-site-content-layout":"normal-width-container","site-content-style":"default","site-sidebar-style":"default","ast-global-header-display":"","ast-banner-title-visibility":"","ast-main-header-display":"","ast-hfb-above-header-display":"","ast-hfb-below-header-display":"","ast-hfb-mobile-header-display":"","site-post-title":"disabled","ast-breadcrumbs-content":"","ast-featured-img":"disabled","footer-sml-layout":"","theme-transparent-header-meta":"default","adv-header-id-meta":"","stick-header-meta":"default","header-above-stick-meta":"","header-main-stick-meta":"","header-below-stick-meta":"","astra-migrate-meta-layouts":"set","ast-page-background-enabled":"default","ast-page-background-meta":{"desktop":{"background-color":"var(--ast-global-color-4)","background-image":"","background-repeat":"repeat","background-position":"center center","background-size":"auto","background-attachment":"scroll","background-type":"","background-media":"","overlay-type":"","overlay-color":"","overlay-gradient":""},"tablet":{"background-color":"","background-image":"","background-repeat":"repeat","background-position":"center center","background-size":"auto","background-attachment":"scroll","background-type":"","background-media":"","overlay-type":"","overlay-color":"","overlay-gradient":""},"mobile":{"background-color":"","background-image":"","background-repeat":"repeat","background-position":"center center","background-size":"auto","background-attachment":"scroll","background-type":"","background-media":"","overlay-type":"","overlay-color":"","overlay-gradient":""}},"ast-content-background-meta":{"desktop":{"background-color":"var(--ast-global-color-5)","background-image":"","background-repeat":"repeat","background-position":"center center","background-size":"auto","background-attachment":"scroll","background-type":"","background-media":"","overlay-type":"","overlay-color":"","overlay-gradient":""},"tablet":{"background-color":"var(--ast-global-color-5)","background-image":"","background-repeat":"repeat","background-position":"center center","background-size":"auto","background-attachment":"scroll","background-type":"","background-media":"","overlay-type":"","overlay-color":"","overlay-gradient":""},"mobile":{"background-color":"var(--ast-global-color-5)","background-image":"","background-repeat":"repeat","background-position":"center center","background-size":"auto","background-attachment":"scroll","background-type":"","background-media":"","overlay-type":"","overlay-color":"","overlay-gradient":""}}},"product_brand":[],"product_cat":[15,40,44,43,35,34,53,46,71,84,55,37,36],"product_tag":[345,448,470,452,473,502,536,537,503,504,424,453,368,505,524,493,465,476,434,512,457,479,516,560,549,487,552,441,561,445,443,558],"class_list":{"0":"post-2102","1":"product","2":"type-product","3":"status-publish","4":"has-post-thumbnail","6":"product_cat-signal-blocker","7":"product_cat-bluetooth-signal-blocker","8":"product_cat-drone-signal-blocker","9":"product_cat-drone-jammer","10":"product_cat-gps-signal-blocker","11":"product_cat-gps-signal-jammer","12":"product_cat-hidden-signal-jammer","13":"product_cat-high-power-signal-jammers","14":"product_cat-more-than-1000dollars-jammers","15":"product_cat-more-than-40meters","16":"product_cat-outdoor-jammer","17":"product_cat-wifi-signal-blocker","18":"product_cat-wifi-jammer","19":"product_tag-2-4ghz-wifi-jammer","20":"product_tag-anti-drone-jammer","21":"product_tag-device-jammer","22":"product_tag-diy-drone-jammer","23":"product_tag-door-jammer-hhhhhh","24":"product_tag-drone-frequency-jammer","25":"product_tag-drone-jammer-aaaaaa","26":"product_tag-drone-jammer-app","27":"product_tag-drone-jammer-for-sale","28":"product_tag-drone-radio-jammer","29":"product_tag-drone-signal-jammer","30":"product_tag-drone-signal-jammer-aaaaaa","31":"product_tag-drone-wifi-jammer","32":"product_tag-electronic-device-jammer","33":"product_tag-frequency-jammer","34":"product_tag-how-do-jammer-work","35":"product_tag-how-do-signal-jammer-work","36":"product_tag-how-to-make-signal-jammer","37":"product_tag-jammer-device","38":"product_tag-jammer-drone","39":"product_tag-jammer-meaning","40":"product_tag-jammer-signal-blocker","41":"product_tag-rf-frequency-jammer","42":"product_tag-rf-jammer","43":"product_tag-rf-jammer-for-sale","44":"product_tag-rf-signal-jammer","45":"product_tag-signal-jammer-blocker","46":"product_tag-signal-jammer-cost","47":"product_tag-signal-jammer-for-sale","48":"product_tag-wave-jammer","49":"product_tag-what-is-a-jammer","50":"product_tag-whats-a-jammer","51":"desktop-align-left","52":"tablet-align-left","53":"mobile-align-left","54":"ast-product-gallery-layout-horizontal-slider","55":"ast-product-single-variable","56":"ast-product-tabs-layout-horizontal","58":"first","59":"instock","60":"sale","61":"shipping-taxable","62":"purchasable","63":"product-type-variable"},"yoast_head":"<!-- This site is optimized with the Yoast SEO plugin v23.9 - https:\/\/yoast.com\/wordpress\/plugins\/seo\/ -->\n<title>Handheld all in one Drone Jammer with jamming distance up to 500 meters, Blocks RC2.4G 5.8GHz GPS GLONASS L1 Signals - JAMMERSIGNAL<\/title>\n<meta name=\"description\" content=\"This popular handheld all-in-one drone signal jammer, lightweight, integrated high-gain 10dbi directional antenna, has a jamming distance of up to 500 meters and can intercept RC2.4G 5.8GHz GPS GLONASS L1 signals.\" \/>\n<meta name=\"robots\" content=\"index, follow, max-snippet:-1, max-image-preview:large, max-video-preview:-1\" \/>\n<link rel=\"canonical\" href=\"https:\/\/www.jammersignal.com\/de\/produkt\/handheld-all-in-one-drone-jammer\/\" \/>\n<meta property=\"og:locale\" content=\"de_DE\" \/>\n<meta property=\"og:type\" content=\"article\" \/>\n<meta property=\"og:title\" content=\"Handheld all in one Drone Jammer with jamming distance up to 500 meters, Blocks RC2.4G 5.8GHz GPS GLONASS L1 Signals - JAMMERSIGNAL\" \/>\n<meta property=\"og:description\" content=\"This popular handheld all-in-one drone signal jammer, lightweight, integrated high-gain 10dbi directional antenna, has a jamming distance of up to 500 meters and can intercept RC2.4G 5.8GHz GPS GLONASS L1 signals.\" \/>\n<meta property=\"og:url\" content=\"https:\/\/www.jammersignal.com\/de\/produkt\/handheld-all-in-one-drone-jammer\/\" \/>\n<meta property=\"og:site_name\" content=\"JAMMERSIGNAL\" \/>\n<meta property=\"article:modified_time\" content=\"2025-09-20T02:36:56+00:00\" \/>\n<meta property=\"og:image\" content=\"https:\/\/www.jammersignal.com\/wp-content\/uploads\/2024\/05\/handheld-jammersignal-uav-all-in-one-jammers-1.jpg\" \/>\n\t<meta property=\"og:image:width\" content=\"600\" \/>\n\t<meta property=\"og:image:height\" content=\"600\" \/>\n\t<meta property=\"og:image:type\" content=\"image\/jpeg\" \/>\n<meta name=\"twitter:card\" content=\"summary_large_image\" \/>\n<meta name=\"twitter:label1\" content=\"Gesch\u00e4tzte Lesezeit\" \/>\n\t<meta name=\"twitter:data1\" content=\"2\u00a0Minuten\" \/>\n<script type=\"application\/ld+json\" class=\"yoast-schema-graph\">{\"@context\":\"https:\/\/schema.org\",\"@graph\":[{\"@type\":\"WebPage\",\"@id\":\"https:\/\/www.jammersignal.com\/product\/handheld-all-in-one-drone-jammer\/\",\"url\":\"https:\/\/www.jammersignal.com\/product\/handheld-all-in-one-drone-jammer\/\",\"name\":\"Handheld all in one Drone Jammer with jamming distance up to 500 meters, Blocks RC2.4G 5.8GHz GPS GLONASS L1 Signals - JAMMERSIGNAL\",\"isPartOf\":{\"@id\":\"https:\/\/www.jammersignal.com\/#website\"},\"primaryImageOfPage\":{\"@id\":\"https:\/\/www.jammersignal.com\/product\/handheld-all-in-one-drone-jammer\/#primaryimage\"},\"image\":{\"@id\":\"https:\/\/www.jammersignal.com\/product\/handheld-all-in-one-drone-jammer\/#primaryimage\"},\"thumbnailUrl\":\"https:\/\/www.jammersignal.com\/wp-content\/uploads\/2024\/05\/handheld-jammersignal-uav-all-in-one-jammers-1.jpg\",\"datePublished\":\"2024-05-31T00:58:52+00:00\",\"dateModified\":\"2025-09-20T02:36:56+00:00\",\"description\":\"This popular handheld all-in-one drone signal jammer, lightweight, integrated high-gain 10dbi directional antenna, has a jamming distance of up to 500 meters and can intercept RC2.4G 5.8GHz GPS GLONASS L1 signals.\",\"breadcrumb\":{\"@id\":\"https:\/\/www.jammersignal.com\/product\/handheld-all-in-one-drone-jammer\/#breadcrumb\"},\"inLanguage\":\"de\",\"potentialAction\":[{\"@type\":\"ReadAction\",\"target\":[\"https:\/\/www.jammersignal.com\/product\/handheld-all-in-one-drone-jammer\/\"]}]},{\"@type\":\"ImageObject\",\"inLanguage\":\"de\",\"@id\":\"https:\/\/www.jammersignal.com\/product\/handheld-all-in-one-drone-jammer\/#primaryimage\",\"url\":\"https:\/\/www.jammersignal.com\/wp-content\/uploads\/2024\/05\/handheld-jammersignal-uav-all-in-one-jammers-1.jpg\",\"contentUrl\":\"https:\/\/www.jammersignal.com\/wp-content\/uploads\/2024\/05\/handheld-jammersignal-uav-all-in-one-jammers-1.jpg\",\"width\":600,\"height\":600,\"caption\":\"handheld jammersignal uav all in one jammers (1)\"},{\"@type\":\"BreadcrumbList\",\"@id\":\"https:\/\/www.jammersignal.com\/product\/handheld-all-in-one-drone-jammer\/#breadcrumb\",\"itemListElement\":[{\"@type\":\"ListItem\",\"position\":1,\"name\":\"Home\",\"item\":\"https:\/\/www.jammersignal.com\/\"},{\"@type\":\"ListItem\",\"position\":2,\"name\":\"Shop\",\"item\":\"https:\/\/www.jammersignal.com\/shop\/\"},{\"@type\":\"ListItem\",\"position\":3,\"name\":\"Signal Blocker\",\"item\":\"https:\/\/www.jammersignal.com\/product-category\/signal-blocker\/\"},{\"@type\":\"ListItem\",\"position\":4,\"name\":\"Handheld all in one Drone Jammer with jamming distance up to 500 meters\"}]},{\"@type\":\"WebSite\",\"@id\":\"https:\/\/www.jammersignal.com\/#website\",\"url\":\"https:\/\/www.jammersignal.com\/\",\"name\":\"JAMMERSIGNAL\",\"description\":\"\",\"publisher\":{\"@id\":\"https:\/\/www.jammersignal.com\/#organization\"},\"potentialAction\":[{\"@type\":\"SearchAction\",\"target\":{\"@type\":\"EntryPoint\",\"urlTemplate\":\"https:\/\/www.jammersignal.com\/?s={search_term_string}\"},\"query-input\":{\"@type\":\"PropertyValueSpecification\",\"valueRequired\":true,\"valueName\":\"search_term_string\"}}],\"inLanguage\":\"de\"},{\"@type\":\"Organization\",\"@id\":\"https:\/\/www.jammersignal.com\/#organization\",\"name\":\"JAMMERSIGNAL\",\"url\":\"https:\/\/www.jammersignal.com\/\",\"logo\":{\"@type\":\"ImageObject\",\"inLanguage\":\"de\",\"@id\":\"https:\/\/www.jammersignal.com\/#\/schema\/logo\/image\/\",\"url\":\"https:\/\/www.jammersignal.com\/wp-content\/uploads\/2024\/05\/cropped-jammersignal-logo-4.png\",\"contentUrl\":\"https:\/\/www.jammersignal.com\/wp-content\/uploads\/2024\/05\/cropped-jammersignal-logo-4.png\",\"width\":104,\"height\":34,\"caption\":\"JAMMERSIGNAL\"},\"image\":{\"@id\":\"https:\/\/www.jammersignal.com\/#\/schema\/logo\/image\/\"}}]}<\/script>\n<!-- \/ Yoast SEO plugin. -->","yoast_head_json":{"title":"Handheld all in one Drone Jammer mit Jamming Entfernung bis zu 500 Metern, blockiert RC2.4G 5.8GHz GPS GLONASS L1 Signale - JAMMERSIGNAL","description":"Diese beliebte Handheld All-in-One-Drohne Signal St\u00f6rsender, leicht, integrierte High-Gain 10dbi Richtantenne, hat eine St\u00f6rung Abstand von bis zu 500 Metern und kann RC2.4G 5.8GHz GPS GLONASS L1 Signale abfangen.","robots":{"index":"index","follow":"follow","max-snippet":"max-snippet:-1","max-image-preview":"max-image-preview:large","max-video-preview":"max-video-preview:-1"},"canonical":"https:\/\/www.jammersignal.com\/de\/produkt\/handheld-all-in-one-drone-jammer\/","og_locale":"de_DE","og_type":"article","og_title":"Handheld all in one Drone Jammer with jamming distance up to 500 meters, Blocks RC2.4G 5.8GHz GPS GLONASS L1 Signals - JAMMERSIGNAL","og_description":"This popular handheld all-in-one drone signal jammer, lightweight, integrated high-gain 10dbi directional antenna, has a jamming distance of up to 500 meters and can intercept RC2.4G 5.8GHz GPS GLONASS L1 signals.","og_url":"https:\/\/www.jammersignal.com\/de\/produkt\/handheld-all-in-one-drone-jammer\/","og_site_name":"JAMMERSIGNAL","article_modified_time":"2025-09-20T02:36:56+00:00","og_image":[{"width":600,"height":600,"url":"https:\/\/www.jammersignal.com\/wp-content\/uploads\/2024\/05\/handheld-jammersignal-uav-all-in-one-jammers-1.jpg","type":"image\/jpeg"}],"twitter_card":"summary_large_image","twitter_misc":{"Gesch\u00e4tzte Lesezeit":"2\u00a0Minuten"},"schema":{"@context":"https:\/\/schema.org","@graph":[{"@type":"WebPage","@id":"https:\/\/www.jammersignal.com\/product\/handheld-all-in-one-drone-jammer\/","url":"https:\/\/www.jammersignal.com\/product\/handheld-all-in-one-drone-jammer\/","name":"Handheld all in one Drone Jammer mit Jamming Entfernung bis zu 500 Metern, blockiert RC2.4G 5.8GHz GPS GLONASS L1 Signale - JAMMERSIGNAL","isPartOf":{"@id":"https:\/\/www.jammersignal.com\/#website"},"primaryImageOfPage":{"@id":"https:\/\/www.jammersignal.com\/product\/handheld-all-in-one-drone-jammer\/#primaryimage"},"image":{"@id":"https:\/\/www.jammersignal.com\/product\/handheld-all-in-one-drone-jammer\/#primaryimage"},"thumbnailUrl":"https:\/\/www.jammersignal.com\/wp-content\/uploads\/2024\/05\/handheld-jammersignal-uav-all-in-one-jammers-1.jpg","datePublished":"2024-05-31T00:58:52+00:00","dateModified":"2025-09-20T02:36:56+00:00","description":"Diese beliebte Handheld All-in-One-Drohne Signal St\u00f6rsender, leicht, integrierte High-Gain 10dbi Richtantenne, hat eine St\u00f6rung Abstand von bis zu 500 Metern und kann RC2.4G 5.8GHz GPS GLONASS L1 Signale abfangen.","breadcrumb":{"@id":"https:\/\/www.jammersignal.com\/product\/handheld-all-in-one-drone-jammer\/#breadcrumb"},"inLanguage":"de","potentialAction":[{"@type":"ReadAction","target":["https:\/\/www.jammersignal.com\/product\/handheld-all-in-one-drone-jammer\/"]}]},{"@type":"ImageObject","inLanguage":"de","@id":"https:\/\/www.jammersignal.com\/product\/handheld-all-in-one-drone-jammer\/#primaryimage","url":"https:\/\/www.jammersignal.com\/wp-content\/uploads\/2024\/05\/handheld-jammersignal-uav-all-in-one-jammers-1.jpg","contentUrl":"https:\/\/www.jammersignal.com\/wp-content\/uploads\/2024\/05\/handheld-jammersignal-uav-all-in-one-jammers-1.jpg","width":600,"height":600,"caption":"handheld jammersignal uav all in one jammers (1)"},{"@type":"BreadcrumbList","@id":"https:\/\/www.jammersignal.com\/product\/handheld-all-in-one-drone-jammer\/#breadcrumb","itemListElement":[{"@type":"ListItem","position":1,"name":"Home","item":"https:\/\/www.jammersignal.com\/"},{"@type":"ListItem","position":2,"name":"Shop","item":"https:\/\/www.jammersignal.com\/shop\/"},{"@type":"ListItem","position":3,"name":"Signal Blocker","item":"https:\/\/www.jammersignal.com\/product-category\/signal-blocker\/"},{"@type":"ListItem","position":4,"name":"Handheld all in one Drone Jammer with jamming distance up to 500 meters"}]},{"@type":"WebSite","@id":"https:\/\/www.jammersignal.com\/#website","url":"https:\/\/www.jammersignal.com\/","name":"JAMMERSIGNAL","description":"","publisher":{"@id":"https:\/\/www.jammersignal.com\/#organization"},"potentialAction":[{"@type":"SearchAction","target":{"@type":"EntryPoint","urlTemplate":"https:\/\/www.jammersignal.com\/?s={search_term_string}"},"query-input":{"@type":"PropertyValueSpecification","valueRequired":true,"valueName":"search_term_string"}}],"inLanguage":"de"},{"@type":"Organization","@id":"https:\/\/www.jammersignal.com\/#organization","name":"JAMMERSIGNAL","url":"https:\/\/www.jammersignal.com\/","logo":{"@type":"ImageObject","inLanguage":"de","@id":"https:\/\/www.jammersignal.com\/#\/schema\/logo\/image\/","url":"https:\/\/www.jammersignal.com\/wp-content\/uploads\/2024\/05\/cropped-jammersignal-logo-4.png","contentUrl":"https:\/\/www.jammersignal.com\/wp-content\/uploads\/2024\/05\/cropped-jammersignal-logo-4.png","width":104,"height":34,"caption":"JAMMERSIGNAL"},"image":{"@id":"https:\/\/www.jammersignal.com\/#\/schema\/logo\/image\/"}}]}},"_links":{"self":[{"href":"https:\/\/www.jammersignal.com\/de\/wp-json\/wp\/v2\/product\/2102","targetHints":{"allow":["GET"]}}],"collection":[{"href":"https:\/\/www.jammersignal.com\/de\/wp-json\/wp\/v2\/product"}],"about":[{"href":"https:\/\/www.jammersignal.com\/de\/wp-json\/wp\/v2\/types\/product"}],"replies":[{"embeddable":true,"href":"https:\/\/www.jammersignal.com\/de\/wp-json\/wp\/v2\/comments?post=2102"}],"version-history":[{"count":5,"href":"https:\/\/www.jammersignal.com\/de\/wp-json\/wp\/v2\/product\/2102\/revisions"}],"predecessor-version":[{"id":2256,"href":"https:\/\/www.jammersignal.com\/de\/wp-json\/wp\/v2\/product\/2102\/revisions\/2256"}],"wp:featuredmedia":[{"embeddable":true,"href":"https:\/\/www.jammersignal.com\/de\/wp-json\/wp\/v2\/media\/1714"}],"wp:attachment":[{"href":"https:\/\/www.jammersignal.com\/de\/wp-json\/wp\/v2\/media?parent=2102"}],"wp:term":[{"taxonomy":"product_brand","embeddable":true,"href":"https:\/\/www.jammersignal.com\/de\/wp-json\/wp\/v2\/product_brand?post=2102"},{"taxonomy":"product_cat","embeddable":true,"href":"https:\/\/www.jammersignal.com\/de\/wp-json\/wp\/v2\/product_cat?post=2102"},{"taxonomy":"product_tag","embeddable":true,"href":"https:\/\/www.jammersignal.com\/de\/wp-json\/wp\/v2\/product_tag?post=2102"}],"curies":[{"name":"wp","href":"https:\/\/api.w.org\/{rel}","templated":true}]}}