{"id":2104,"date":"2024-05-31T02:05:54","date_gmt":"2024-05-31T02:05:54","guid":{"rendered":"https:\/\/www.jammersignal.com\/?post_type=product&#038;p=2104"},"modified":"2024-12-18T06:28:54","modified_gmt":"2024-12-18T06:28:54","slug":"cell-phone-gps-signal-tracking-interceptor-bag","status":"publish","type":"product","link":"https:\/\/www.jammersignal.com\/de\/produkt\/cell-phone-gps-signal-tracking-interceptor-bag\/","title":{"rendered":"Sch\u00fctzende Handy GPS Signal Tracking Abfangtasche"},"content":{"rendered":"<div data-elementor-type=\"wp-post\" data-elementor-id=\"2104\" class=\"elementor elementor-2104\">\n\t\t\t\t<div class=\"elementor-element elementor-element-4a8c2a2 e-flex e-con-boxed e-con e-parent\" data-id=\"4a8c2a2\" data-element_type=\"container\">\n\t\t\t\t\t<div class=\"e-con-inner\">\n\t\t<div class=\"elementor-element elementor-element-2677d1d e-con-full e-flex e-con e-child\" data-id=\"2677d1d\" data-element_type=\"container\">\n\t\t\t\t<div class=\"elementor-element elementor-element-5ee8a99 elementor-widget elementor-widget-text-editor\" data-id=\"5ee8a99\" data-element_type=\"widget\" data-widget_type=\"text-editor.default\">\n\t\t\t\t<div class=\"elementor-widget-container\">\n\t\t\t\t\t\t\t\t\t<h4>Technische Daten<\/h4><table width=\"340\"><tbody><tr><td width=\"72\"><strong>Parameter Name<\/strong><\/td><td width=\"268\"><strong>Angaben zu den Parametern<\/strong><\/td><\/tr><tr><td>Modell\u00a0<\/td><td>HP01US<\/td><\/tr><tr><td>Frequenzen zum St\u00f6ren<\/td><td>Mobiles Signal<\/td><\/tr><tr><td>Gr\u00f6\u00dfe des Ger\u00e4ts<\/td><td>130mm*70mm<\/td><\/tr><tr><td>Gewicht des Ger\u00e4ts<\/td><td>20 g<\/td><\/tr><\/tbody><\/table>\t\t\t\t\t\t\t\t<\/div>\n\t\t\t\t<\/div>\n\t\t\t\t<\/div>\n\t\t<div class=\"elementor-element elementor-element-63abe0f e-con-full e-flex e-con e-child\" data-id=\"63abe0f\" data-element_type=\"container\">\n\t\t\t\t<div class=\"elementor-element elementor-element-3d0f9f0 elementor-widget elementor-widget-text-editor\" data-id=\"3d0f9f0\" data-element_type=\"widget\" data-widget_type=\"text-editor.default\">\n\t\t\t\t<div class=\"elementor-widget-container\">\n\t\t\t\t\t\t\t\t\t<h4>Informationen zum Produkt<\/h4><p>Wir stellen einen Handy-Signalblocker und eine Tasche zum Schutz vor Strahlung vor, die Ihr Mobiltelefon vor GPS-Ortung sch\u00fctzen.<\/p><p><strong>Produktmerkmale:<\/strong><\/p><p>1. Bei eingehenden Anrufen von dem Mobiltelefon in der Tasche wird die Meldung \"Der angerufene Benutzer ist vor\u00fcbergehend nicht erreichbar\" angezeigt.<\/p><p>2. Wenn Sie Ihr Mobiltelefon in die Tasche stecken, verhindert dies elektromagnetische Strahlung und dient dem Gesundheitsschutz.<\/p><p>Diese Handy-Signal-Blocker und Anti-Strahlung Tasche ist entworfen, um Ihr Handy Standort von GPS-Tracking zu sch\u00fctzen. Wenn Sie Ihr Mobiltelefon in die Anti-Tracking-Tasche stecken, werden GPS- und Handysignale blockiert.<\/p><p><strong>Vorsichtsma\u00dfnahmen:<\/strong><\/p><p>1. die St\u00f6rsender sind nach den Frequenzb\u00e4ndern der verschiedenen L\u00e4nder angepasst, bitte best\u00e4tigen Sie, dass der Kauf Land und die tats\u00e4chliche Verwendung Land \u00fcbereinstimmen. Andernfalls kann es nicht verwendet werden.lesen Sie bitte die St\u00f6rsender-Funktion vor dem Kauf.<br \/>2. wenn die niedrige Leistung St\u00f6rsender (z. B. Handheld-St\u00f6rsender) zu blockieren hohe Leistung Signal Ger\u00e4t (z. B. High-Power-WIFI-Router, Bluetooth-Audio-Ger\u00e4te, etc.), wird der Effekt schlecht sein oder sogar nicht St\u00f6rsender.<br \/>3. es ist verboten, das Ger\u00e4t w\u00e4hrend des Aufladens zu benutzen.<br \/>4) Verwenden Sie tragbare St\u00f6rsender nicht als Tischst\u00f6rsender.<br \/>5) Verwenden Sie keine St\u00f6rsender, bevor Sie die Antenne angeschlossen haben.<\/p>\t\t\t\t\t\t\t\t<\/div>\n\t\t\t\t<\/div>\n\t\t\t\t<\/div>\n\t\t\t\t\t<\/div>\n\t\t\t\t<\/div>\n\t\t\t\t<\/div>","protected":false},"excerpt":{"rendered":"<p>Wir stellen einen Handy-Signalblocker und eine Tasche zum Schutz vor Strahlung vor, die Ihr Mobiltelefon vor GPS-Ortung sch\u00fctzen.<\/p>\n<p><strong>Produktmerkmale:<\/strong><\/p>\n<ol>\n<li>Bei eingehenden Anrufen von dem Mobiltelefon in der Tasche wird die Meldung \"Der angerufene Benutzer ist vor\u00fcbergehend nicht erreichbar\" angezeigt.<\/li>\n<li>Wenn Sie Ihr Mobiltelefon in die Tasche stecken, beugt dies elektromagnetischer Strahlung vor und dient dem Gesundheitsschutz.<\/li>\n<\/ol>","protected":false},"featured_media":1723,"comment_status":"open","ping_status":"closed","template":"","meta":{"site-sidebar-layout":"no-sidebar","site-content-layout":"page-builder","ast-site-content-layout":"normal-width-container","site-content-style":"default","site-sidebar-style":"default","ast-global-header-display":"","ast-banner-title-visibility":"","ast-main-header-display":"","ast-hfb-above-header-display":"","ast-hfb-below-header-display":"","ast-hfb-mobile-header-display":"","site-post-title":"disabled","ast-breadcrumbs-content":"","ast-featured-img":"disabled","footer-sml-layout":"","theme-transparent-header-meta":"default","adv-header-id-meta":"","stick-header-meta":"default","header-above-stick-meta":"","header-main-stick-meta":"","header-below-stick-meta":"","astra-migrate-meta-layouts":"set","ast-page-background-enabled":"default","ast-page-background-meta":{"desktop":{"background-color":"var(--ast-global-color-4)","background-image":"","background-repeat":"repeat","background-position":"center center","background-size":"auto","background-attachment":"scroll","background-type":"","background-media":"","overlay-type":"","overlay-color":"","overlay-gradient":""},"tablet":{"background-color":"","background-image":"","background-repeat":"repeat","background-position":"center center","background-size":"auto","background-attachment":"scroll","background-type":"","background-media":"","overlay-type":"","overlay-color":"","overlay-gradient":""},"mobile":{"background-color":"","background-image":"","background-repeat":"repeat","background-position":"center center","background-size":"auto","background-attachment":"scroll","background-type":"","background-media":"","overlay-type":"","overlay-color":"","overlay-gradient":""}},"ast-content-background-meta":{"desktop":{"background-color":"var(--ast-global-color-5)","background-image":"","background-repeat":"repeat","background-position":"center center","background-size":"auto","background-attachment":"scroll","background-type":"","background-media":"","overlay-type":"","overlay-color":"","overlay-gradient":""},"tablet":{"background-color":"var(--ast-global-color-5)","background-image":"","background-repeat":"repeat","background-position":"center center","background-size":"auto","background-attachment":"scroll","background-type":"","background-media":"","overlay-type":"","overlay-color":"","overlay-gradient":""},"mobile":{"background-color":"var(--ast-global-color-5)","background-image":"","background-repeat":"repeat","background-position":"center center","background-size":"auto","background-attachment":"scroll","background-type":"","background-media":"","overlay-type":"","overlay-color":"","overlay-gradient":""}}},"product_brand":[],"product_cat":[15,56,33,32,63,35,34,67,54,80],"product_tag":[410,154,155,156,411,412,413,414,415,418,158,117,159,164,254,172,174,175,176,177,178,114,182,184,185,118,274,275,277,205,285,144,213,286,288,509,116,435,224,225,145,226,294,295,296,227,297,228,231,441,561,233,235,442,240,243],"class_list":{"0":"post-2104","1":"product","2":"type-product","3":"status-publish","4":"has-post-thumbnail","6":"product_cat-signal-blocker","7":"product_cat-car-rechargeable-jammer","8":"product_cat-cell-phone-signal-blocker","9":"product_cat-cell-phone-signal-jammer","10":"product_cat-cheap-jammer","11":"product_cat-gps-signal-blocker","12":"product_cat-gps-signal-jammer","13":"product_cat-less-than-100dollars-jammer","14":"product_cat-mini-jammer-small-blocker","15":"product_cat-within-10meters","16":"product_tag-buy-car-gps-jammer","17":"product_tag-buy-cell-phone-jammer","18":"product_tag-buy-cell-phone-jammer-online","19":"product_tag-buy-cell-phone-signal-jammer","20":"product_tag-buy-cigarette-lighter-gps-cell-phone-jammer","21":"product_tag-buy-gps-jammer-australia","22":"product_tag-buy-gps-jammer-canada","23":"product_tag-buy-gps-jammer-cigarette-lighter","24":"product_tag-buy-gps-jammer-ebay","25":"product_tag-buy-gps-jammer-near-me","26":"product_tag-car-cell-phone-jammer","27":"product_tag-cell-jammer-amazon","28":"product_tag-cell-jammer-circuit","29":"product_tag-cell-phone-blocker-signal-jammer-device","30":"product_tag-cell-phone-jammer-apk","31":"product_tag-cell-phone-jammer-best-buy","32":"product_tag-cell-phone-jammer-canadablock","33":"product_tag-cell-phone-jammer-circuit-diagram","34":"product_tag-cell-phone-jammer-ebay","35":"product_tag-cell-phone-jammer-for-business","36":"product_tag-cell-phone-jammer-for-classroom","37":"product_tag-cell-phone-jammer-for-sale","38":"product_tag-cell-phone-jammer-for-workplace","39":"product_tag-cell-phone-jammer-range","40":"product_tag-cell-phone-jammer-raspberry-pi","41":"product_tag-cell-phone-reception-jammer","42":"product_tag-cell-phone-signal-jammer-app-iphone","43":"product_tag-cell-phone-signal-jammer-classroom","44":"product_tag-cell-phone-tracking-jammer","45":"product_tag-cellular-jammer-ebay","46":"product_tag-free-cell-phone-jammer-app","47":"product_tag-gps-and-cell-phone-jammer","48":"product_tag-gps-cell-jammer","49":"product_tag-gsm-cell-phone-jammer","50":"product_tag-homemade-cell-phone-signal-jammer","51":"product_tag-jammer-blocker-signal","52":"product_tag-jammer-for-cell-phone-signal","53":"product_tag-jammer-gps-aaaaaa","54":"product_tag-make-cell-phone-jammer","55":"product_tag-make-your-own-cell-phone-jammer","56":"product_tag-mini-cell-phone-jammer","57":"product_tag-personal-cell-phone-jammer","58":"product_tag-pocket-cell-phone-jammer","59":"product_tag-pocket-sized-cell-phone-jammer","60":"product_tag-portable-cell-phone-jammer","61":"product_tag-portable-cell-phone-jammer-amazon","62":"product_tag-portable-cell-phone-jammer-ebay","63":"product_tag-portable-cellular-jammer","64":"product_tag-raspberrypi-cell-phone-jammer","65":"product_tag-signal-jammer-cost","66":"product_tag-signal-jammer-for-sale","67":"product_tag-simple-cell-phone-jammer","68":"product_tag-small-cell-phone-jammer","69":"product_tag-vehicle-gps-jammer","70":"product_tag-where-can-i-buy-a-cell-phone-jammer","71":"product_tag-workplace-cell-phone-jammer","72":"desktop-align-left","73":"tablet-align-left","74":"mobile-align-left","75":"ast-product-gallery-layout-horizontal-slider","76":"ast-product-single-variable","77":"ast-product-tabs-layout-horizontal","79":"first","80":"instock","81":"sale","82":"shipping-taxable","83":"purchasable","84":"product-type-variable"},"yoast_head":"<!-- This site is optimized with the Yoast SEO plugin v23.9 - https:\/\/yoast.com\/wordpress\/plugins\/seo\/ -->\n<title>Protect Mobile Phone GPS Signal Tracking Interceptor Bag while preventing electromagnetic radiation from mobile phones - JAMMERSIGNAL<\/title>\n<meta name=\"description\" content=\"Introducing a cell phone signal blocker and anti-radiation bag designed to protect your cell phone location from GPS tracking. Putting your cell phone in the anti-tracking bag will block GPS and cell phone signals.\" \/>\n<meta name=\"robots\" content=\"index, follow, max-snippet:-1, max-image-preview:large, max-video-preview:-1\" \/>\n<link rel=\"canonical\" href=\"https:\/\/www.jammersignal.com\/de\/produkt\/cell-phone-gps-signal-tracking-interceptor-bag\/\" \/>\n<meta property=\"og:locale\" content=\"de_DE\" \/>\n<meta property=\"og:type\" content=\"article\" \/>\n<meta property=\"og:title\" content=\"Protect Mobile Phone GPS Signal Tracking Interceptor Bag while preventing electromagnetic radiation from mobile phones - JAMMERSIGNAL\" \/>\n<meta property=\"og:description\" content=\"Introducing a cell phone signal blocker and anti-radiation bag designed to protect your cell phone location from GPS tracking. Putting your cell phone in the anti-tracking bag will block GPS and cell phone signals.\" \/>\n<meta property=\"og:url\" content=\"https:\/\/www.jammersignal.com\/de\/produkt\/cell-phone-gps-signal-tracking-interceptor-bag\/\" \/>\n<meta property=\"og:site_name\" content=\"JAMMERSIGNAL\" \/>\n<meta property=\"article:modified_time\" content=\"2024-12-18T06:28:54+00:00\" \/>\n<meta property=\"og:image\" content=\"https:\/\/www.jammersignal.com\/wp-content\/uploads\/2024\/05\/protective-cell-jammersignal-tracking-signal-gps-jammers-1.jpg\" \/>\n\t<meta property=\"og:image:width\" content=\"320\" \/>\n\t<meta property=\"og:image:height\" content=\"320\" \/>\n\t<meta property=\"og:image:type\" content=\"image\/jpeg\" \/>\n<meta name=\"twitter:card\" content=\"summary_large_image\" \/>\n<meta name=\"twitter:label1\" content=\"Gesch\u00e4tzte Lesezeit\" \/>\n\t<meta name=\"twitter:data1\" content=\"1\u00a0Minute\" \/>\n<script type=\"application\/ld+json\" class=\"yoast-schema-graph\">{\"@context\":\"https:\/\/schema.org\",\"@graph\":[{\"@type\":\"WebPage\",\"@id\":\"https:\/\/www.jammersignal.com\/product\/cell-phone-gps-signal-tracking-interceptor-bag\/\",\"url\":\"https:\/\/www.jammersignal.com\/product\/cell-phone-gps-signal-tracking-interceptor-bag\/\",\"name\":\"Protect Mobile Phone GPS Signal Tracking Interceptor Bag while preventing electromagnetic radiation from mobile phones - JAMMERSIGNAL\",\"isPartOf\":{\"@id\":\"https:\/\/www.jammersignal.com\/#website\"},\"primaryImageOfPage\":{\"@id\":\"https:\/\/www.jammersignal.com\/product\/cell-phone-gps-signal-tracking-interceptor-bag\/#primaryimage\"},\"image\":{\"@id\":\"https:\/\/www.jammersignal.com\/product\/cell-phone-gps-signal-tracking-interceptor-bag\/#primaryimage\"},\"thumbnailUrl\":\"https:\/\/www.jammersignal.com\/wp-content\/uploads\/2024\/05\/protective-cell-jammersignal-tracking-signal-gps-jammers-1.jpg\",\"datePublished\":\"2024-05-31T02:05:54+00:00\",\"dateModified\":\"2024-12-18T06:28:54+00:00\",\"description\":\"Introducing a cell phone signal blocker and anti-radiation bag designed to protect your cell phone location from GPS tracking. Putting your cell phone in the anti-tracking bag will block GPS and cell phone signals.\",\"breadcrumb\":{\"@id\":\"https:\/\/www.jammersignal.com\/product\/cell-phone-gps-signal-tracking-interceptor-bag\/#breadcrumb\"},\"inLanguage\":\"de\",\"potentialAction\":[{\"@type\":\"ReadAction\",\"target\":[\"https:\/\/www.jammersignal.com\/product\/cell-phone-gps-signal-tracking-interceptor-bag\/\"]}]},{\"@type\":\"ImageObject\",\"inLanguage\":\"de\",\"@id\":\"https:\/\/www.jammersignal.com\/product\/cell-phone-gps-signal-tracking-interceptor-bag\/#primaryimage\",\"url\":\"https:\/\/www.jammersignal.com\/wp-content\/uploads\/2024\/05\/protective-cell-jammersignal-tracking-signal-gps-jammers-1.jpg\",\"contentUrl\":\"https:\/\/www.jammersignal.com\/wp-content\/uploads\/2024\/05\/protective-cell-jammersignal-tracking-signal-gps-jammers-1.jpg\",\"width\":320,\"height\":320,\"caption\":\"protective cell jammersignal tracking signal gps jammers (1)\"},{\"@type\":\"BreadcrumbList\",\"@id\":\"https:\/\/www.jammersignal.com\/product\/cell-phone-gps-signal-tracking-interceptor-bag\/#breadcrumb\",\"itemListElement\":[{\"@type\":\"ListItem\",\"position\":1,\"name\":\"Home\",\"item\":\"https:\/\/www.jammersignal.com\/\"},{\"@type\":\"ListItem\",\"position\":2,\"name\":\"Shop\",\"item\":\"https:\/\/www.jammersignal.com\/shop\/\"},{\"@type\":\"ListItem\",\"position\":3,\"name\":\"Signal Blocker\",\"item\":\"https:\/\/www.jammersignal.com\/product-category\/signal-blocker\/\"},{\"@type\":\"ListItem\",\"position\":4,\"name\":\"Protective Cell Phone GPS Signal Tracking Interceptor Bag\"}]},{\"@type\":\"WebSite\",\"@id\":\"https:\/\/www.jammersignal.com\/#website\",\"url\":\"https:\/\/www.jammersignal.com\/\",\"name\":\"JAMMERSIGNAL\",\"description\":\"\",\"publisher\":{\"@id\":\"https:\/\/www.jammersignal.com\/#organization\"},\"potentialAction\":[{\"@type\":\"SearchAction\",\"target\":{\"@type\":\"EntryPoint\",\"urlTemplate\":\"https:\/\/www.jammersignal.com\/?s={search_term_string}\"},\"query-input\":{\"@type\":\"PropertyValueSpecification\",\"valueRequired\":true,\"valueName\":\"search_term_string\"}}],\"inLanguage\":\"de\"},{\"@type\":\"Organization\",\"@id\":\"https:\/\/www.jammersignal.com\/#organization\",\"name\":\"JAMMERSIGNAL\",\"url\":\"https:\/\/www.jammersignal.com\/\",\"logo\":{\"@type\":\"ImageObject\",\"inLanguage\":\"de\",\"@id\":\"https:\/\/www.jammersignal.com\/#\/schema\/logo\/image\/\",\"url\":\"https:\/\/www.jammersignal.com\/wp-content\/uploads\/2024\/05\/cropped-jammersignal-logo-4.png\",\"contentUrl\":\"https:\/\/www.jammersignal.com\/wp-content\/uploads\/2024\/05\/cropped-jammersignal-logo-4.png\",\"width\":104,\"height\":34,\"caption\":\"JAMMERSIGNAL\"},\"image\":{\"@id\":\"https:\/\/www.jammersignal.com\/#\/schema\/logo\/image\/\"}}]}<\/script>\n<!-- \/ Yoast SEO plugin. -->","yoast_head_json":{"title":"Sch\u00fctzen Sie Handy GPS Signal Tracking Interceptor Tasche, w\u00e4hrend elektromagnetische Strahlung von Mobiltelefonen zu verhindern - JAMMERSIGNAL","description":"Wir stellen einen Handy-Signalblocker und eine Anti-Strahlungstasche vor, die Ihr Mobiltelefon vor GPS-Ortung sch\u00fctzen. Wenn Sie Ihr Mobiltelefon in die Anti-Tracking-Tasche stecken, werden GPS- und Handysignale blockiert.","robots":{"index":"index","follow":"follow","max-snippet":"max-snippet:-1","max-image-preview":"max-image-preview:large","max-video-preview":"max-video-preview:-1"},"canonical":"https:\/\/www.jammersignal.com\/de\/produkt\/cell-phone-gps-signal-tracking-interceptor-bag\/","og_locale":"de_DE","og_type":"article","og_title":"Protect Mobile Phone GPS Signal Tracking Interceptor Bag while preventing electromagnetic radiation from mobile phones - JAMMERSIGNAL","og_description":"Introducing a cell phone signal blocker and anti-radiation bag designed to protect your cell phone location from GPS tracking. Putting your cell phone in the anti-tracking bag will block GPS and cell phone signals.","og_url":"https:\/\/www.jammersignal.com\/de\/produkt\/cell-phone-gps-signal-tracking-interceptor-bag\/","og_site_name":"JAMMERSIGNAL","article_modified_time":"2024-12-18T06:28:54+00:00","og_image":[{"width":320,"height":320,"url":"https:\/\/www.jammersignal.com\/wp-content\/uploads\/2024\/05\/protective-cell-jammersignal-tracking-signal-gps-jammers-1.jpg","type":"image\/jpeg"}],"twitter_card":"summary_large_image","twitter_misc":{"Gesch\u00e4tzte Lesezeit":"1\u00a0Minute"},"schema":{"@context":"https:\/\/schema.org","@graph":[{"@type":"WebPage","@id":"https:\/\/www.jammersignal.com\/product\/cell-phone-gps-signal-tracking-interceptor-bag\/","url":"https:\/\/www.jammersignal.com\/product\/cell-phone-gps-signal-tracking-interceptor-bag\/","name":"Sch\u00fctzen Sie Handy GPS Signal Tracking Interceptor Tasche, w\u00e4hrend elektromagnetische Strahlung von Mobiltelefonen zu verhindern - JAMMERSIGNAL","isPartOf":{"@id":"https:\/\/www.jammersignal.com\/#website"},"primaryImageOfPage":{"@id":"https:\/\/www.jammersignal.com\/product\/cell-phone-gps-signal-tracking-interceptor-bag\/#primaryimage"},"image":{"@id":"https:\/\/www.jammersignal.com\/product\/cell-phone-gps-signal-tracking-interceptor-bag\/#primaryimage"},"thumbnailUrl":"https:\/\/www.jammersignal.com\/wp-content\/uploads\/2024\/05\/protective-cell-jammersignal-tracking-signal-gps-jammers-1.jpg","datePublished":"2024-05-31T02:05:54+00:00","dateModified":"2024-12-18T06:28:54+00:00","description":"Wir stellen einen Handy-Signalblocker und eine Anti-Strahlungstasche vor, die Ihr Mobiltelefon vor GPS-Ortung sch\u00fctzen. Wenn Sie Ihr Mobiltelefon in die Anti-Tracking-Tasche stecken, werden GPS- und Handysignale blockiert.","breadcrumb":{"@id":"https:\/\/www.jammersignal.com\/product\/cell-phone-gps-signal-tracking-interceptor-bag\/#breadcrumb"},"inLanguage":"de","potentialAction":[{"@type":"ReadAction","target":["https:\/\/www.jammersignal.com\/product\/cell-phone-gps-signal-tracking-interceptor-bag\/"]}]},{"@type":"ImageObject","inLanguage":"de","@id":"https:\/\/www.jammersignal.com\/product\/cell-phone-gps-signal-tracking-interceptor-bag\/#primaryimage","url":"https:\/\/www.jammersignal.com\/wp-content\/uploads\/2024\/05\/protective-cell-jammersignal-tracking-signal-gps-jammers-1.jpg","contentUrl":"https:\/\/www.jammersignal.com\/wp-content\/uploads\/2024\/05\/protective-cell-jammersignal-tracking-signal-gps-jammers-1.jpg","width":320,"height":320,"caption":"protective cell jammersignal tracking signal gps jammers (1)"},{"@type":"BreadcrumbList","@id":"https:\/\/www.jammersignal.com\/product\/cell-phone-gps-signal-tracking-interceptor-bag\/#breadcrumb","itemListElement":[{"@type":"ListItem","position":1,"name":"Home","item":"https:\/\/www.jammersignal.com\/"},{"@type":"ListItem","position":2,"name":"Shop","item":"https:\/\/www.jammersignal.com\/shop\/"},{"@type":"ListItem","position":3,"name":"Signal Blocker","item":"https:\/\/www.jammersignal.com\/product-category\/signal-blocker\/"},{"@type":"ListItem","position":4,"name":"Protective Cell Phone GPS Signal Tracking Interceptor Bag"}]},{"@type":"WebSite","@id":"https:\/\/www.jammersignal.com\/#website","url":"https:\/\/www.jammersignal.com\/","name":"JAMMERSIGNAL","description":"","publisher":{"@id":"https:\/\/www.jammersignal.com\/#organization"},"potentialAction":[{"@type":"SearchAction","target":{"@type":"EntryPoint","urlTemplate":"https:\/\/www.jammersignal.com\/?s={search_term_string}"},"query-input":{"@type":"PropertyValueSpecification","valueRequired":true,"valueName":"search_term_string"}}],"inLanguage":"de"},{"@type":"Organization","@id":"https:\/\/www.jammersignal.com\/#organization","name":"JAMMERSIGNAL","url":"https:\/\/www.jammersignal.com\/","logo":{"@type":"ImageObject","inLanguage":"de","@id":"https:\/\/www.jammersignal.com\/#\/schema\/logo\/image\/","url":"https:\/\/www.jammersignal.com\/wp-content\/uploads\/2024\/05\/cropped-jammersignal-logo-4.png","contentUrl":"https:\/\/www.jammersignal.com\/wp-content\/uploads\/2024\/05\/cropped-jammersignal-logo-4.png","width":104,"height":34,"caption":"JAMMERSIGNAL"},"image":{"@id":"https:\/\/www.jammersignal.com\/#\/schema\/logo\/image\/"}}]}},"_links":{"self":[{"href":"https:\/\/www.jammersignal.com\/de\/wp-json\/wp\/v2\/product\/2104","targetHints":{"allow":["GET"]}}],"collection":[{"href":"https:\/\/www.jammersignal.com\/de\/wp-json\/wp\/v2\/product"}],"about":[{"href":"https:\/\/www.jammersignal.com\/de\/wp-json\/wp\/v2\/types\/product"}],"replies":[{"embeddable":true,"href":"https:\/\/www.jammersignal.com\/de\/wp-json\/wp\/v2\/comments?post=2104"}],"version-history":[{"count":5,"href":"https:\/\/www.jammersignal.com\/de\/wp-json\/wp\/v2\/product\/2104\/revisions"}],"predecessor-version":[{"id":2268,"href":"https:\/\/www.jammersignal.com\/de\/wp-json\/wp\/v2\/product\/2104\/revisions\/2268"}],"wp:featuredmedia":[{"embeddable":true,"href":"https:\/\/www.jammersignal.com\/de\/wp-json\/wp\/v2\/media\/1723"}],"wp:attachment":[{"href":"https:\/\/www.jammersignal.com\/de\/wp-json\/wp\/v2\/media?parent=2104"}],"wp:term":[{"taxonomy":"product_brand","embeddable":true,"href":"https:\/\/www.jammersignal.com\/de\/wp-json\/wp\/v2\/product_brand?post=2104"},{"taxonomy":"product_cat","embeddable":true,"href":"https:\/\/www.jammersignal.com\/de\/wp-json\/wp\/v2\/product_cat?post=2104"},{"taxonomy":"product_tag","embeddable":true,"href":"https:\/\/www.jammersignal.com\/de\/wp-json\/wp\/v2\/product_tag?post=2104"}],"curies":[{"name":"wp","href":"https:\/\/api.w.org\/{rel}","templated":true}]}}