{"id":2271,"date":"2024-05-31T03:15:27","date_gmt":"2024-05-31T03:15:27","guid":{"rendered":"https:\/\/www.jammersignal.com\/?post_type=product&#038;p=2271"},"modified":"2025-05-18T06:31:57","modified_gmt":"2025-05-18T06:31:57","slug":"box-type-hidden-antenna-wifi-cell-phone-jammer","status":"publish","type":"product","link":"https:\/\/www.jammersignal.com\/de\/produkt\/box-type-hidden-antenna-wifi-cell-phone-jammer\/","title":{"rendered":"Box Typ Einstellbare Versteckte Antenne WIFI Handy Signal Jammer"},"content":{"rendered":"<div data-elementor-type=\"wp-post\" data-elementor-id=\"2271\" class=\"elementor elementor-2271\">\n\t\t\t\t<div class=\"elementor-element elementor-element-4a8c2a2 e-flex e-con-boxed e-con e-parent\" data-id=\"4a8c2a2\" data-element_type=\"container\">\n\t\t\t\t\t<div class=\"e-con-inner\">\n\t\t<div class=\"elementor-element elementor-element-2677d1d e-con-full e-flex e-con e-child\" data-id=\"2677d1d\" data-element_type=\"container\">\n\t\t\t\t<div class=\"elementor-element elementor-element-5ee8a99 elementor-widget elementor-widget-text-editor\" data-id=\"5ee8a99\" data-element_type=\"widget\" data-widget_type=\"text-editor.default\">\n\t\t\t\t<div class=\"elementor-widget-container\">\n\t\t\t\t\t\t\t\t\t<h4>Technische Daten<\/h4><p><strong>Frequenzen zum St\u00f6ren<\/strong><\/p><p><strong>2G:<\/strong><br \/>870-880MHZ<br \/>925-960MHZ<br \/>1880-1920MHZ<br \/><strong>3G:<\/strong><br \/>2010-2170MHZ<br \/>2110-2125MHZ<br \/><strong>4G:<\/strong><br \/>2300-2400MHZ<br \/>2400-2500MHZ<br \/>2515-2675MHZ<br \/><strong>5G \uff1a<\/strong><br \/>2515-2675MHZ<br \/>3400-3600MHZ<br \/>4800-4900MHZ<br \/><strong>WIFI2.4:<\/strong><br \/>2400-2500MHZ<br \/><strong>WIFI 5.8:<\/strong><br \/>5725-5850MHZ<\/p><p><strong>Grundlegende Spezifikationen<\/strong><\/p><p>Ausgangsleistung \uff1aGesamt 100W<br \/>Stauradius\uff1abis zu 50 Meter<br \/>Stromversorgung\uff1aAC160V~240V<br \/>Produktgr\u00f6\u00dfe\uff1a450*450*200mm<br \/>Produktgewicht: 17.0kg<\/p><p>Paketinhalt: Signal Jammer * 1pcs \/ AC Adapter * 1pcs \/ Details Benutzerhandbuch * 1pcs<\/p>\t\t\t\t\t\t\t\t<\/div>\n\t\t\t\t<\/div>\n\t\t\t\t<\/div>\n\t\t<div class=\"elementor-element elementor-element-63abe0f e-con-full e-flex e-con e-child\" data-id=\"63abe0f\" data-element_type=\"container\">\n\t\t\t\t<div class=\"elementor-element elementor-element-3d0f9f0 elementor-widget elementor-widget-text-editor\" data-id=\"3d0f9f0\" data-element_type=\"widget\" data-widget_type=\"text-editor.default\">\n\t\t\t\t<div class=\"elementor-widget-container\">\n\t\t\t\t\t\t\t\t\t<h4>Informationen zum Produkt<\/h4><p>Dieser an der Wand montierte Handy-WiFi-Signalst\u00f6rsender mit versteckter Antenne ist eine umfassende L\u00f6sung zur Abschirmung von St\u00f6rsignalen. Der St\u00f6rsender nutzt elektronische Gegenma\u00dfnahmen, um elektromagnetische Wellen auszusenden, um Downlink-Mobiltelefonsignale und WiFi-Signale in einem Radius von 50 Metern abzuschirmen und zu deaktivieren. Auf diese Weise wird verhindert, dass Mobiltelefone und WiFi-Ger\u00e4te in einem bestimmten Bereich funktionieren, so dass sie keine Signale senden oder empfangen k\u00f6nnen.<\/p><p>Mit seiner gro\u00dfen Reichweite, den effizienten St\u00f6rfunktionen und der vollst\u00e4ndigen Abschirmung aller Mobilfunk- und WiFi-Signale kann er alle 2G-, 3G-, 4G- und 5G-Mobilfunksignale sowie WiFi-Signale effektiv blockieren.<\/p><p>Eines seiner Hauptmerkmale ist die Ultra-High-Gain-Antenne. Im Gegensatz zu herk\u00f6mmlichen St\u00f6rsendern, die in der Regel High-Gain-Antennen f\u00fcr alle Kan\u00e4le gemeinsam nutzen oder Antennen mit geringer Verst\u00e4rkung f\u00fcr jeden Kanal verwenden, verwendet dieser leistungsstarke St\u00f6rsender eine 14dBi High-Gain-Antenne f\u00fcr jeden Kanal, um stabile und weitreichende St\u00f6reffekte zu gew\u00e4hrleisten.<\/p><p><strong>Anwendungen:<\/strong><\/p><p>1) Verhinderung der illegalen Nutzung von Mobiltelefonen durch Strafverfolgungsbeh\u00f6rden wie Gef\u00e4ngnisse, Haftanstalten, Polizeistationen, Gerichte und Staatsanwaltschaften.<\/p><p>2) Verhinderung des Durchsickerns von Dokumenten oder Gesch\u00e4ftsgeheimnissen bei Immobilientransaktionen, in Konferenzr\u00e4umen von Unternehmen, in Milit\u00e4rst\u00fctzpunkten, an Regierungsstandorten, in Verwaltungsabteilungen, bei strafrechtlichen Ermittlungen vor Ort, bei Strafverfolgungsma\u00dfnahmen, an wichtigen Sicherheitsstandorten usw.<\/p><p>3) Verhinderung gef\u00e4hrlicher Unf\u00e4lle, die durch den Missbrauch von Mobiltelefonen und WiFi-Signalen an Orten wie Tankstellen, Chemiewerken, \u00d6ldepots, Gefahrgutlagern und Versammlungen verursacht werden.<\/p><p>4) Beseitigen Sie Telefonst\u00f6rungen an Orten wie Bibliotheken, Kinos, Theatern, Konzerts\u00e4len, Gedenkhallen, Auditorien und Kirchen.<\/p><p>5) Verhinderung von Betrug bei Pr\u00fcfungen in Schulen, Lehrg\u00e4ngen und Sportwettk\u00e4mpfen.<\/p><p>6) Beseitigung von St\u00f6rungen durch Mobiltelefone w\u00e4hrend der Arbeitszeit, Verbesserung der Effizienz und Vermeidung von Unf\u00e4llen an Arbeitspl\u00e4tzen wie Textilfabriken und H\u00fcttenwerken.<\/p>\t\t\t\t\t\t\t\t<\/div>\n\t\t\t\t<\/div>\n\t\t\t\t<\/div>\n\t\t\t\t\t<\/div>\n\t\t\t\t<\/div>\n\t\t\t\t<\/div>","protected":false},"excerpt":{"rendered":"<p>Dieser an der Wand montierte Handy-WiFi-Signalst\u00f6rsender mit versteckter Antenne ist eine umfassende L\u00f6sung zur Abschirmung von St\u00f6rsignalen. Der St\u00f6rsender nutzt elektronische Gegenma\u00dfnahmen, um elektromagnetische Wellen auszusenden, um Downlink-Mobiltelefonsignale und WiFi-Signale in einem Radius von 50 Metern abzuschirmen und zu deaktivieren. Auf diese Weise wird verhindert, dass Mobiltelefone und WiFi-Ger\u00e4te in einem bestimmten Bereich funktionieren, so dass sie keine Signale senden oder empfangen k\u00f6nnen.<\/p>\n<p>Mit seiner gro\u00dfen Reichweite, den effizienten St\u00f6rfunktionen und der vollst\u00e4ndigen Abschirmung aller Mobilfunk- und WiFi-Signale kann er alle 2G-, 3G-, 4G- und 5G-Mobilfunksignale sowie WiFi-Signale effektiv blockieren.<\/p>\n<p>Eines seiner Hauptmerkmale ist die Ultra-High-Gain-Antenne. Im Gegensatz zu herk\u00f6mmlichen St\u00f6rsendern, die in der Regel High-Gain-Antennen f\u00fcr alle Kan\u00e4le gemeinsam nutzen oder Antennen mit geringer Verst\u00e4rkung f\u00fcr jeden Kanal verwenden, verwendet dieser leistungsstarke St\u00f6rsender eine 14dBi High-Gain-Antenne f\u00fcr jeden Kanal, um stabile und weitreichende St\u00f6reffekte zu gew\u00e4hrleisten.<\/p>","protected":false},"featured_media":1737,"comment_status":"open","ping_status":"closed","template":"","meta":{"site-sidebar-layout":"no-sidebar","site-content-layout":"page-builder","ast-site-content-layout":"normal-width-container","site-content-style":"default","site-sidebar-style":"default","ast-global-header-display":"","ast-banner-title-visibility":"","ast-main-header-display":"","ast-hfb-above-header-display":"","ast-hfb-below-header-display":"","ast-hfb-mobile-header-display":"","site-post-title":"disabled","ast-breadcrumbs-content":"","ast-featured-img":"disabled","footer-sml-layout":"","theme-transparent-header-meta":"default","adv-header-id-meta":"","stick-header-meta":"default","header-above-stick-meta":"","header-main-stick-meta":"","header-below-stick-meta":"","astra-migrate-meta-layouts":"set","ast-page-background-enabled":"default","ast-page-background-meta":{"desktop":{"background-color":"var(--ast-global-color-4)","background-image":"","background-repeat":"repeat","background-position":"center center","background-size":"auto","background-attachment":"scroll","background-type":"","background-media":"","overlay-type":"","overlay-color":"","overlay-gradient":""},"tablet":{"background-color":"","background-image":"","background-repeat":"repeat","background-position":"center center","background-size":"auto","background-attachment":"scroll","background-type":"","background-media":"","overlay-type":"","overlay-color":"","overlay-gradient":""},"mobile":{"background-color":"","background-image":"","background-repeat":"repeat","background-position":"center center","background-size":"auto","background-attachment":"scroll","background-type":"","background-media":"","overlay-type":"","overlay-color":"","overlay-gradient":""}},"ast-content-background-meta":{"desktop":{"background-color":"var(--ast-global-color-5)","background-image":"","background-repeat":"repeat","background-position":"center center","background-size":"auto","background-attachment":"scroll","background-type":"","background-media":"","overlay-type":"","overlay-color":"","overlay-gradient":""},"tablet":{"background-color":"var(--ast-global-color-5)","background-image":"","background-repeat":"repeat","background-position":"center center","background-size":"auto","background-attachment":"scroll","background-type":"","background-media":"","overlay-type":"","overlay-color":"","overlay-gradient":""},"mobile":{"background-color":"var(--ast-global-color-5)","background-image":"","background-repeat":"repeat","background-position":"center center","background-size":"auto","background-attachment":"scroll","background-type":"","background-media":"","overlay-type":"","overlay-color":"","overlay-gradient":""}}},"product_brand":[],"product_cat":[15,49,32,58,38,53,46,54,71,50,36],"product_tag":[357,496,359,564,426,363,257,272,201,369,433,456,493,124,543,458,293,467,230,441,522,555,495,391,119,492,558,393,406,352,464,447],"class_list":{"0":"post-2271","1":"product","2":"type-product","3":"status-publish","4":"has-post-thumbnail","6":"product_cat-signal-blocker","7":"product_cat-camera-jammer-wireless","8":"product_cat-cell-phone-signal-jammer","9":"product_cat-fixed-jammer","10":"product_cat-gsm-jammer","11":"product_cat-hidden-signal-jammer","12":"product_cat-high-power-signal-jammers","13":"product_cat-mini-jammer-small-blocker","14":"product_cat-more-than-1000dollars-jammers","15":"product_cat-waterproof-signal-jammer","16":"product_cat-wifi-jammer","17":"product_tag-aliexpress-wifi-jammer","18":"product_tag-all-frequency-jammer","19":"product_tag-anti-wifi-jammer","20":"product_tag-best-camera-jammer","21":"product_tag-blue-tooth-jammer","22":"product_tag-build-wifi-jammer","23":"product_tag-cell-phone-jammer-canada-for-sale","24":"product_tag-cell-phone-signal-jammer-apk","25":"product_tag-cell-tower-jammer","26":"product_tag-ebay-wifi-jammer","27":"product_tag-gps-signal-jammer","28":"product_tag-hidden-camera-jammer","29":"product_tag-how-do-jammer-work","30":"product_tag-how-to-build-a-cell-phone-jammer","31":"product_tag-jammer-gsm","32":"product_tag-mobile-jammer-device","33":"product_tag-most-powerful-cell-phone-jammer","34":"product_tag-phone-jammer-aaaaaa","35":"product_tag-professional-cell-phone-jammer","36":"product_tag-signal-jammer-cost","37":"product_tag-tracker-jammer","38":"product_tag-video-recording-jammer","39":"product_tag-what-are-jammer","40":"product_tag-what-does-a-wifi-jammer-look-like","41":"product_tag-what-is-a-cell-phone-jammer","42":"product_tag-what-is-mobile-phone-jammer","43":"product_tag-whats-a-jammer","44":"product_tag-wifi-bluetooth-signal-jammer","45":"product_tag-wifi-jammer-ebay","46":"product_tag-wifi-swept-jammer","47":"product_tag-wireless-jammer","48":"product_tag-wireless-signal-jammer","49":"desktop-align-left","50":"tablet-align-left","51":"mobile-align-left","52":"ast-product-gallery-layout-horizontal-slider","53":"ast-product-single-variable","54":"ast-product-tabs-layout-horizontal","56":"first","57":"instock","58":"sale","59":"shipping-taxable","60":"purchasable","61":"product-type-variable"},"yoast_head":"<!-- This site is optimized with the Yoast SEO plugin v23.9 - https:\/\/yoast.com\/wordpress\/plugins\/seo\/ -->\n<title>Box Type Adjustable Hidden Antenna WIFI Mobile Phone Signal Jammer, shielding radius up to 50 meters - JAMMERSIGNAL<\/title>\n<meta name=\"description\" content=\"Our independently developed hidden antenna wall-mounted mobile phone WiFi signal jammer consists of an antenna, a RF amplifier unit, a multiplexer, a main control board, an intelligent cooling system and a power supply system.\" \/>\n<meta name=\"robots\" content=\"index, follow, max-snippet:-1, max-image-preview:large, max-video-preview:-1\" \/>\n<link rel=\"canonical\" href=\"https:\/\/www.jammersignal.com\/de\/produkt\/box-type-hidden-antenna-wifi-cell-phone-jammer\/\" \/>\n<meta property=\"og:locale\" content=\"de_DE\" \/>\n<meta property=\"og:type\" content=\"article\" \/>\n<meta property=\"og:title\" content=\"Box Type Adjustable Hidden Antenna WIFI Mobile Phone Signal Jammer, shielding radius up to 50 meters - JAMMERSIGNAL\" \/>\n<meta property=\"og:description\" content=\"Our independently developed hidden antenna wall-mounted mobile phone WiFi signal jammer consists of an antenna, a RF amplifier unit, a multiplexer, a main control board, an intelligent cooling system and a power supply system.\" \/>\n<meta property=\"og:url\" content=\"https:\/\/www.jammersignal.com\/de\/produkt\/box-type-hidden-antenna-wifi-cell-phone-jammer\/\" \/>\n<meta property=\"og:site_name\" content=\"JAMMERSIGNAL\" \/>\n<meta property=\"article:modified_time\" content=\"2025-05-18T06:31:57+00:00\" \/>\n<meta property=\"og:image\" content=\"https:\/\/www.jammersignal.com\/wp-content\/uploads\/2024\/05\/box-type-hidden-antenna-jammersignal-phone-cell-wifi-jammers-1.png\" \/>\n\t<meta property=\"og:image:width\" content=\"797\" \/>\n\t<meta property=\"og:image:height\" content=\"797\" \/>\n\t<meta property=\"og:image:type\" content=\"image\/png\" \/>\n<meta name=\"twitter:card\" content=\"summary_large_image\" \/>\n<meta name=\"twitter:label1\" content=\"Gesch\u00e4tzte Lesezeit\" \/>\n\t<meta name=\"twitter:data1\" content=\"2\u00a0Minuten\" \/>\n<script type=\"application\/ld+json\" class=\"yoast-schema-graph\">{\"@context\":\"https:\/\/schema.org\",\"@graph\":[{\"@type\":\"WebPage\",\"@id\":\"https:\/\/www.jammersignal.com\/product\/box-type-hidden-antenna-wifi-cell-phone-jammer\/\",\"url\":\"https:\/\/www.jammersignal.com\/product\/box-type-hidden-antenna-wifi-cell-phone-jammer\/\",\"name\":\"Box Type Adjustable Hidden Antenna WIFI Mobile Phone Signal Jammer, shielding radius up to 50 meters - JAMMERSIGNAL\",\"isPartOf\":{\"@id\":\"https:\/\/www.jammersignal.com\/#website\"},\"primaryImageOfPage\":{\"@id\":\"https:\/\/www.jammersignal.com\/product\/box-type-hidden-antenna-wifi-cell-phone-jammer\/#primaryimage\"},\"image\":{\"@id\":\"https:\/\/www.jammersignal.com\/product\/box-type-hidden-antenna-wifi-cell-phone-jammer\/#primaryimage\"},\"thumbnailUrl\":\"https:\/\/www.jammersignal.com\/wp-content\/uploads\/2024\/05\/box-type-hidden-antenna-jammersignal-phone-cell-wifi-jammers-1.png\",\"datePublished\":\"2024-05-31T03:15:27+00:00\",\"dateModified\":\"2025-05-18T06:31:57+00:00\",\"description\":\"Our independently developed hidden antenna wall-mounted mobile phone WiFi signal jammer consists of an antenna, a RF amplifier unit, a multiplexer, a main control board, an intelligent cooling system and a power supply system.\",\"breadcrumb\":{\"@id\":\"https:\/\/www.jammersignal.com\/product\/box-type-hidden-antenna-wifi-cell-phone-jammer\/#breadcrumb\"},\"inLanguage\":\"de\",\"potentialAction\":[{\"@type\":\"ReadAction\",\"target\":[\"https:\/\/www.jammersignal.com\/product\/box-type-hidden-antenna-wifi-cell-phone-jammer\/\"]}]},{\"@type\":\"ImageObject\",\"inLanguage\":\"de\",\"@id\":\"https:\/\/www.jammersignal.com\/product\/box-type-hidden-antenna-wifi-cell-phone-jammer\/#primaryimage\",\"url\":\"https:\/\/www.jammersignal.com\/wp-content\/uploads\/2024\/05\/box-type-hidden-antenna-jammersignal-phone-cell-wifi-jammers-1.png\",\"contentUrl\":\"https:\/\/www.jammersignal.com\/wp-content\/uploads\/2024\/05\/box-type-hidden-antenna-jammersignal-phone-cell-wifi-jammers-1.png\",\"width\":797,\"height\":797,\"caption\":\"box type hidden antenna jammersignal phone cell wifi jammers (1)\"},{\"@type\":\"BreadcrumbList\",\"@id\":\"https:\/\/www.jammersignal.com\/product\/box-type-hidden-antenna-wifi-cell-phone-jammer\/#breadcrumb\",\"itemListElement\":[{\"@type\":\"ListItem\",\"position\":1,\"name\":\"Home\",\"item\":\"https:\/\/www.jammersignal.com\/\"},{\"@type\":\"ListItem\",\"position\":2,\"name\":\"Shop\",\"item\":\"https:\/\/www.jammersignal.com\/shop\/\"},{\"@type\":\"ListItem\",\"position\":3,\"name\":\"Signal Blocker\",\"item\":\"https:\/\/www.jammersignal.com\/product-category\/signal-blocker\/\"},{\"@type\":\"ListItem\",\"position\":4,\"name\":\"Box Type Adjustable Hidden Antenna WIFI Cell Phone Signal Jammer\"}]},{\"@type\":\"WebSite\",\"@id\":\"https:\/\/www.jammersignal.com\/#website\",\"url\":\"https:\/\/www.jammersignal.com\/\",\"name\":\"JAMMERSIGNAL\",\"description\":\"\",\"publisher\":{\"@id\":\"https:\/\/www.jammersignal.com\/#organization\"},\"potentialAction\":[{\"@type\":\"SearchAction\",\"target\":{\"@type\":\"EntryPoint\",\"urlTemplate\":\"https:\/\/www.jammersignal.com\/?s={search_term_string}\"},\"query-input\":{\"@type\":\"PropertyValueSpecification\",\"valueRequired\":true,\"valueName\":\"search_term_string\"}}],\"inLanguage\":\"de\"},{\"@type\":\"Organization\",\"@id\":\"https:\/\/www.jammersignal.com\/#organization\",\"name\":\"JAMMERSIGNAL\",\"url\":\"https:\/\/www.jammersignal.com\/\",\"logo\":{\"@type\":\"ImageObject\",\"inLanguage\":\"de\",\"@id\":\"https:\/\/www.jammersignal.com\/#\/schema\/logo\/image\/\",\"url\":\"https:\/\/www.jammersignal.com\/wp-content\/uploads\/2024\/05\/cropped-jammersignal-logo-4.png\",\"contentUrl\":\"https:\/\/www.jammersignal.com\/wp-content\/uploads\/2024\/05\/cropped-jammersignal-logo-4.png\",\"width\":104,\"height\":34,\"caption\":\"JAMMERSIGNAL\"},\"image\":{\"@id\":\"https:\/\/www.jammersignal.com\/#\/schema\/logo\/image\/\"}}]}<\/script>\n<!-- \/ Yoast SEO plugin. -->","yoast_head_json":{"title":"Box Typ einstellbare versteckte Antenne WIFI Handy Signal Jammer, Abschirmung Radius bis zu 50 Meter - JAMMERSIGNAL","description":"Unser unabh\u00e4ngig entwickelter, an der Wand montierter WiFi-St\u00f6rsender f\u00fcr Mobiltelefone mit versteckter Antenne besteht aus einer Antenne, einer HF-Verst\u00e4rkereinheit, einem Multiplexer, einer Hauptsteuerplatine, einem intelligenten K\u00fchlsystem und einem Stromversorgungssystem.","robots":{"index":"index","follow":"follow","max-snippet":"max-snippet:-1","max-image-preview":"max-image-preview:large","max-video-preview":"max-video-preview:-1"},"canonical":"https:\/\/www.jammersignal.com\/de\/produkt\/box-type-hidden-antenna-wifi-cell-phone-jammer\/","og_locale":"de_DE","og_type":"article","og_title":"Box Type Adjustable Hidden Antenna WIFI Mobile Phone Signal Jammer, shielding radius up to 50 meters - JAMMERSIGNAL","og_description":"Our independently developed hidden antenna wall-mounted mobile phone WiFi signal jammer consists of an antenna, a RF amplifier unit, a multiplexer, a main control board, an intelligent cooling system and a power supply system.","og_url":"https:\/\/www.jammersignal.com\/de\/produkt\/box-type-hidden-antenna-wifi-cell-phone-jammer\/","og_site_name":"JAMMERSIGNAL","article_modified_time":"2025-05-18T06:31:57+00:00","og_image":[{"width":797,"height":797,"url":"https:\/\/www.jammersignal.com\/wp-content\/uploads\/2024\/05\/box-type-hidden-antenna-jammersignal-phone-cell-wifi-jammers-1.png","type":"image\/png"}],"twitter_card":"summary_large_image","twitter_misc":{"Gesch\u00e4tzte Lesezeit":"2\u00a0Minuten"},"schema":{"@context":"https:\/\/schema.org","@graph":[{"@type":"WebPage","@id":"https:\/\/www.jammersignal.com\/product\/box-type-hidden-antenna-wifi-cell-phone-jammer\/","url":"https:\/\/www.jammersignal.com\/product\/box-type-hidden-antenna-wifi-cell-phone-jammer\/","name":"Box Typ einstellbare versteckte Antenne WIFI Handy Signal Jammer, Abschirmung Radius bis zu 50 Meter - JAMMERSIGNAL","isPartOf":{"@id":"https:\/\/www.jammersignal.com\/#website"},"primaryImageOfPage":{"@id":"https:\/\/www.jammersignal.com\/product\/box-type-hidden-antenna-wifi-cell-phone-jammer\/#primaryimage"},"image":{"@id":"https:\/\/www.jammersignal.com\/product\/box-type-hidden-antenna-wifi-cell-phone-jammer\/#primaryimage"},"thumbnailUrl":"https:\/\/www.jammersignal.com\/wp-content\/uploads\/2024\/05\/box-type-hidden-antenna-jammersignal-phone-cell-wifi-jammers-1.png","datePublished":"2024-05-31T03:15:27+00:00","dateModified":"2025-05-18T06:31:57+00:00","description":"Unser unabh\u00e4ngig entwickelter, an der Wand montierter WiFi-St\u00f6rsender f\u00fcr Mobiltelefone mit versteckter Antenne besteht aus einer Antenne, einer HF-Verst\u00e4rkereinheit, einem Multiplexer, einer Hauptsteuerplatine, einem intelligenten K\u00fchlsystem und einem Stromversorgungssystem.","breadcrumb":{"@id":"https:\/\/www.jammersignal.com\/product\/box-type-hidden-antenna-wifi-cell-phone-jammer\/#breadcrumb"},"inLanguage":"de","potentialAction":[{"@type":"ReadAction","target":["https:\/\/www.jammersignal.com\/product\/box-type-hidden-antenna-wifi-cell-phone-jammer\/"]}]},{"@type":"ImageObject","inLanguage":"de","@id":"https:\/\/www.jammersignal.com\/product\/box-type-hidden-antenna-wifi-cell-phone-jammer\/#primaryimage","url":"https:\/\/www.jammersignal.com\/wp-content\/uploads\/2024\/05\/box-type-hidden-antenna-jammersignal-phone-cell-wifi-jammers-1.png","contentUrl":"https:\/\/www.jammersignal.com\/wp-content\/uploads\/2024\/05\/box-type-hidden-antenna-jammersignal-phone-cell-wifi-jammers-1.png","width":797,"height":797,"caption":"box type hidden antenna jammersignal phone cell wifi jammers (1)"},{"@type":"BreadcrumbList","@id":"https:\/\/www.jammersignal.com\/product\/box-type-hidden-antenna-wifi-cell-phone-jammer\/#breadcrumb","itemListElement":[{"@type":"ListItem","position":1,"name":"Home","item":"https:\/\/www.jammersignal.com\/"},{"@type":"ListItem","position":2,"name":"Shop","item":"https:\/\/www.jammersignal.com\/shop\/"},{"@type":"ListItem","position":3,"name":"Signal Blocker","item":"https:\/\/www.jammersignal.com\/product-category\/signal-blocker\/"},{"@type":"ListItem","position":4,"name":"Box Type Adjustable Hidden Antenna WIFI Cell Phone Signal Jammer"}]},{"@type":"WebSite","@id":"https:\/\/www.jammersignal.com\/#website","url":"https:\/\/www.jammersignal.com\/","name":"JAMMERSIGNAL","description":"","publisher":{"@id":"https:\/\/www.jammersignal.com\/#organization"},"potentialAction":[{"@type":"SearchAction","target":{"@type":"EntryPoint","urlTemplate":"https:\/\/www.jammersignal.com\/?s={search_term_string}"},"query-input":{"@type":"PropertyValueSpecification","valueRequired":true,"valueName":"search_term_string"}}],"inLanguage":"de"},{"@type":"Organization","@id":"https:\/\/www.jammersignal.com\/#organization","name":"JAMMERSIGNAL","url":"https:\/\/www.jammersignal.com\/","logo":{"@type":"ImageObject","inLanguage":"de","@id":"https:\/\/www.jammersignal.com\/#\/schema\/logo\/image\/","url":"https:\/\/www.jammersignal.com\/wp-content\/uploads\/2024\/05\/cropped-jammersignal-logo-4.png","contentUrl":"https:\/\/www.jammersignal.com\/wp-content\/uploads\/2024\/05\/cropped-jammersignal-logo-4.png","width":104,"height":34,"caption":"JAMMERSIGNAL"},"image":{"@id":"https:\/\/www.jammersignal.com\/#\/schema\/logo\/image\/"}}]}},"_links":{"self":[{"href":"https:\/\/www.jammersignal.com\/de\/wp-json\/wp\/v2\/product\/2271","targetHints":{"allow":["GET"]}}],"collection":[{"href":"https:\/\/www.jammersignal.com\/de\/wp-json\/wp\/v2\/product"}],"about":[{"href":"https:\/\/www.jammersignal.com\/de\/wp-json\/wp\/v2\/types\/product"}],"replies":[{"embeddable":true,"href":"https:\/\/www.jammersignal.com\/de\/wp-json\/wp\/v2\/comments?post=2271"}],"version-history":[{"count":4,"href":"https:\/\/www.jammersignal.com\/de\/wp-json\/wp\/v2\/product\/2271\/revisions"}],"predecessor-version":[{"id":2301,"href":"https:\/\/www.jammersignal.com\/de\/wp-json\/wp\/v2\/product\/2271\/revisions\/2301"}],"wp:featuredmedia":[{"embeddable":true,"href":"https:\/\/www.jammersignal.com\/de\/wp-json\/wp\/v2\/media\/1737"}],"wp:attachment":[{"href":"https:\/\/www.jammersignal.com\/de\/wp-json\/wp\/v2\/media?parent=2271"}],"wp:term":[{"taxonomy":"product_brand","embeddable":true,"href":"https:\/\/www.jammersignal.com\/de\/wp-json\/wp\/v2\/product_brand?post=2271"},{"taxonomy":"product_cat","embeddable":true,"href":"https:\/\/www.jammersignal.com\/de\/wp-json\/wp\/v2\/product_cat?post=2271"},{"taxonomy":"product_tag","embeddable":true,"href":"https:\/\/www.jammersignal.com\/de\/wp-json\/wp\/v2\/product_tag?post=2271"}],"curies":[{"name":"wp","href":"https:\/\/api.w.org\/{rel}","templated":true}]}}