{"id":2273,"date":"2024-05-31T05:15:29","date_gmt":"2024-05-31T05:15:29","guid":{"rendered":"https:\/\/www.jammersignal.com\/?post_type=product&#038;p=2273"},"modified":"2024-12-17T07:53:43","modified_gmt":"2024-12-17T07:53:43","slug":"high-power-handheld-portable-drone-jammer","status":"publish","type":"product","link":"https:\/\/www.jammersignal.com\/de\/produkt\/high-power-handheld-portable-drone-jammer\/","title":{"rendered":"Leistungsstarker tragbarer Drohnen-Signalst\u00f6rsender HW08US"},"content":{"rendered":"<div data-elementor-type=\"wp-post\" data-elementor-id=\"2273\" class=\"elementor elementor-2273\">\n\t\t\t\t<div class=\"elementor-element elementor-element-4a8c2a2 e-flex e-con-boxed e-con e-parent\" data-id=\"4a8c2a2\" data-element_type=\"container\">\n\t\t\t\t\t<div class=\"e-con-inner\">\n\t\t<div class=\"elementor-element elementor-element-2677d1d e-con-full e-flex e-con e-child\" data-id=\"2677d1d\" data-element_type=\"container\">\n\t\t\t\t<div class=\"elementor-element elementor-element-5ee8a99 elementor-widget elementor-widget-text-editor\" data-id=\"5ee8a99\" data-element_type=\"widget\" data-widget_type=\"text-editor.default\">\n\t\t\t\t<div class=\"elementor-widget-container\">\n\t\t\t\t\t\t\t\t\t<h4>Technische Daten<\/h4><table width=\"416\"><tbody><tr><td width=\"72\"><strong>Parameter Name<\/strong><\/td><td width=\"344\"><strong>Angaben zu den Parametern<\/strong><\/td><\/tr><tr><td>Modell\u00a0<\/td><td>HW08US<\/td><\/tr><tr><td>Frequenzen zum St\u00f6ren<\/td><td width=\"344\">2400-2500MHz<br \/>5725-5850MHz<br \/>1560-1620MHz<br \/>1170-1280MHz<\/td><\/tr><tr><td>St\u00f6rungsradius<\/td><td>Bis zu 250 Meter<\/td><\/tr><tr><td>Spannung<\/td><td>AC 220 V<\/td><\/tr><tr><td>Stromversorgung<\/td><td>Eingebaute Batterie<\/td><\/tr><tr><td>Arbeitszeiten<\/td><td>1-1,5Stunden<\/td><\/tr><tr><td>Gewicht<\/td><td>3500 g<\/td><\/tr><tr><td>Gr\u00f6\u00dfe<\/td><td>380mm*260mm*95mm<\/td><\/tr><tr><td>Betriebstemperatur<\/td><td>-10\u2103 bis +50\u2103<\/td><\/tr><tr><td>Feuchtigkeit im Betrieb<\/td><td>5% bis 80%<\/td><\/tr><\/tbody><\/table>\t\t\t\t\t\t\t\t<\/div>\n\t\t\t\t<\/div>\n\t\t\t\t<\/div>\n\t\t<div class=\"elementor-element elementor-element-63abe0f e-con-full e-flex e-con e-child\" data-id=\"63abe0f\" data-element_type=\"container\">\n\t\t\t\t<div class=\"elementor-element elementor-element-3d0f9f0 elementor-widget elementor-widget-text-editor\" data-id=\"3d0f9f0\" data-element_type=\"widget\" data-widget_type=\"text-editor.default\">\n\t\t\t\t<div class=\"elementor-widget-container\">\n\t\t\t\t\t\t\t\t\t<h4>Informationen zum Produkt<\/h4><p>Dieser neueste tragbare St\u00f6rsender f\u00fcr Drohnensignale mit mittlerer Leistung ist so konzipiert, dass er 100% der Drohnensignalfrequenzen abdeckt. Seine gerichtete St\u00f6rbereich ist 20 bis 250 Meter, die effektiv unerw\u00fcnschte Drohne Aktivit\u00e4ten verhindern kann.<\/p><p>Dieser tragbare Drohnen-St\u00f6rsender hebt sich von anderen Drohnen-St\u00f6rsendern durch sein geringes Gewicht und seine kleine Gr\u00f6\u00dfe ab. Er kann leicht herumgetragen werden, ohne dass die Tatsache auff\u00e4llt, dass Sie einen St\u00f6rsender verwenden. Die Tragbarkeit dieses St\u00f6rsenders ist ein unbezahlbares Merkmal.<\/p><p>Als hervorragender St\u00f6rsender f\u00fcr Drohnen kann dieses Ger\u00e4t die von GLONASS- und GPS-Systemen verwendeten 2,4GHz- und 5,8GHz-Signale effektiv st\u00f6ren. Es bietet eine erstaunliche Reichweite von bis zu 250 Metern, die effektiv gegen Drohnen und unbemannte Luftfahrzeuge wie DJI Phantom 4, Phantom 3 Professional, Advanced, Standard-Serie und Inspire-Serie sein kann.<\/p><p><strong>Produktmerkmale:<\/strong><\/p><ol><li>Mit einer Gesamtausgangsleistung von 24 Watt und einer 5-7 dBi Flachantenne mit hoher Verst\u00e4rkung kann die St\u00f6rungsreichweite bis zu 250 Meter betragen.<\/li><li>Jedes Ger\u00e4t kann bis zu 4 B\u00e4nder gleichzeitig st\u00f6ren, mit einstellbarer Leistung f\u00fcr jedes Band, von maximaler Leistung bis hin zu ausgeschaltet (0). Die LED-Anzeige zeigt den Leistungsstatus an.<\/li><li>100% bietet einen sicheren VSWR-\u00dcberlastungsschutz f\u00fcr jedes Modul und gew\u00e4hrleistet so die Zuverl\u00e4ssigkeit und Lebensdauer des St\u00f6rsenders.<\/li><li>Eingebauter Akku, Betriebszeit mehr als 60-90 Minuten, kann f\u00fcr eine lange Zeit ohne st\u00e4ndiges Aufladen verwendet werden.<\/li><li>Der Ladezustand des Akkus und des Ladeger\u00e4ts wird bequem auf dem LED-Display angezeigt und liefert Informationen in Echtzeit.<\/li><\/ol><p>Unser tragbarer St\u00f6rsender f\u00fcr Drohnensignale ist eine ideale L\u00f6sung f\u00fcr den Umgang mit Drohnenbedrohungen in verschiedenen Situationen. Seine starke Leistung, seine Tragbarkeit und seine benutzerfreundlichen Funktionen machen ihn zu einer zuverl\u00e4ssigen Wahl f\u00fcr den Schutz sensibler Bereiche vor unbefugten Drohnenaktivit\u00e4ten.<\/p><p><strong>Vorsichtsma\u00dfnahmen:<\/strong><\/p><p>1. die St\u00f6rsender sind nach den Frequenzb\u00e4ndern der verschiedenen L\u00e4nder angepasst, bitte best\u00e4tigen Sie, dass der Kauf Land und die tats\u00e4chliche Verwendung Land \u00fcbereinstimmen. Andernfalls kann es nicht verwendet werden.lesen Sie bitte die St\u00f6rsender-Funktion vor dem Kauf.<br \/>2. wenn die niedrige Leistung St\u00f6rsender (z. B. Handheld-St\u00f6rsender) zu blockieren hohe Leistung Signal Ger\u00e4t (z. B. High-Power-WIFI-Router, Bluetooth-Audio-Ger\u00e4te, etc.), wird der Effekt schlecht sein oder sogar nicht St\u00f6rsender.<br \/>3. es ist verboten, das Ger\u00e4t w\u00e4hrend des Aufladens zu benutzen.<br \/>4) Verwenden Sie tragbare St\u00f6rsender nicht als Tischst\u00f6rsender.<br \/>5) Verwenden Sie keine St\u00f6rsender, bevor Sie die Antenne angeschlossen haben.<\/p>\t\t\t\t\t\t\t\t<\/div>\n\t\t\t\t<\/div>\n\t\t\t\t<\/div>\n\t\t\t\t\t<\/div>\n\t\t\t\t<\/div>\n\t\t\t\t<\/div>","protected":false},"excerpt":{"rendered":"<p>Dieser neueste tragbare St\u00f6rsender f\u00fcr Drohnensignale mit mittlerer Leistung ist so konzipiert, dass er 100% der Drohnensignalfrequenzen abdeckt. Seine gerichtete St\u00f6rbereich ist 20 bis 250 Meter, die effektiv unerw\u00fcnschte Drohne Aktivit\u00e4ten verhindern kann.<\/p>\n<p>Als hervorragender St\u00f6rsender f\u00fcr Drohnen kann dieses Ger\u00e4t die von GLONASS- und GPS-Systemen verwendeten 2,4GHz- und 5,8GHz-Signale effektiv st\u00f6ren. Es bietet eine erstaunliche Reichweite von bis zu 250 Metern, die effektiv gegen Drohnen und unbemannte Luftfahrzeuge wie DJI Phantom 4, Phantom 3 Professional, Advanced, Standard-Serie und Inspire-Serie sein kann.<\/p>\n<p><strong>Produktmerkmale:<\/strong><\/p>\n<p>1. Mit einer Gesamtausgangsleistung von 24 Watt und ausgestattet mit einer 5-7 dBi Flachantenne mit hoher Verst\u00e4rkung kann die St\u00f6rreichweite bis zu 250 Meter betragen.<br \/>\n2. Jedes Ger\u00e4t kann bis zu 4 B\u00e4nder gleichzeitig st\u00f6ren, mit einstellbarer Leistung f\u00fcr jedes Band, von maximaler Leistung bis hin zu ausgeschaltet (0). Die LED-Anzeige zeigt den Leistungsstatus an.<br \/>\n3. Bieten Sie 100% sicheren VSWR-\u00dcberlastungsschutz f\u00fcr jedes Modul, um die Zuverl\u00e4ssigkeit und Lebensdauer des St\u00f6rsenders zu gew\u00e4hrleisten.<br \/>\n4. Eingebauter Akku, Arbeitszeit \u00fcbersteigt 60-90 Minuten, kann f\u00fcr eine lange Zeit ohne st\u00e4ndige Aufladung verwendet werden.<br \/>\n5. Batterieladung und Ladestatus werden bequem auf dem LED-Bildschirm angezeigt und liefern Informationen in Echtzeit.<\/p>","protected":false},"featured_media":1750,"comment_status":"open","ping_status":"closed","template":"","meta":{"site-sidebar-layout":"no-sidebar","site-content-layout":"page-builder","ast-site-content-layout":"normal-width-container","site-content-style":"default","site-sidebar-style":"default","ast-global-header-display":"","ast-banner-title-visibility":"","ast-main-header-display":"","ast-hfb-above-header-display":"","ast-hfb-below-header-display":"","ast-hfb-mobile-header-display":"","site-post-title":"disabled","ast-breadcrumbs-content":"","ast-featured-img":"disabled","footer-sml-layout":"","theme-transparent-header-meta":"default","adv-header-id-meta":"","stick-header-meta":"default","header-above-stick-meta":"","header-main-stick-meta":"","header-below-stick-meta":"","astra-migrate-meta-layouts":"set","ast-page-background-enabled":"default","ast-page-background-meta":{"desktop":{"background-color":"var(--ast-global-color-4)","background-image":"","background-repeat":"repeat","background-position":"center center","background-size":"auto","background-attachment":"scroll","background-type":"","background-media":"","overlay-type":"","overlay-color":"","overlay-gradient":""},"tablet":{"background-color":"","background-image":"","background-repeat":"repeat","background-position":"center center","background-size":"auto","background-attachment":"scroll","background-type":"","background-media":"","overlay-type":"","overlay-color":"","overlay-gradient":""},"mobile":{"background-color":"","background-image":"","background-repeat":"repeat","background-position":"center center","background-size":"auto","background-attachment":"scroll","background-type":"","background-media":"","overlay-type":"","overlay-color":"","overlay-gradient":""}},"ast-content-background-meta":{"desktop":{"background-color":"var(--ast-global-color-5)","background-image":"","background-repeat":"repeat","background-position":"center center","background-size":"auto","background-attachment":"scroll","background-type":"","background-media":"","overlay-type":"","overlay-color":"","overlay-gradient":""},"tablet":{"background-color":"var(--ast-global-color-5)","background-image":"","background-repeat":"repeat","background-position":"center center","background-size":"auto","background-attachment":"scroll","background-type":"","background-media":"","overlay-type":"","overlay-color":"","overlay-gradient":""},"mobile":{"background-color":"var(--ast-global-color-5)","background-image":"","background-repeat":"repeat","background-position":"center center","background-size":"auto","background-attachment":"scroll","background-type":"","background-media":"","overlay-type":"","overlay-color":"","overlay-gradient":""}}},"product_brand":[],"product_cat":[15,44,43,53,46,71,84,55,97,98],"product_tag":[345,448,452,535,502,536,537,503,504,424,453,368,524,512,457,551,525,558],"class_list":{"0":"post-2273","1":"product","2":"type-product","3":"status-publish","4":"has-post-thumbnail","6":"product_cat-signal-blocker","7":"product_cat-drone-signal-blocker","8":"product_cat-drone-jammer","9":"product_cat-hidden-signal-jammer","10":"product_cat-high-power-signal-jammers","11":"product_cat-more-than-1000dollars-jammers","12":"product_cat-more-than-40meters","13":"product_cat-outdoor-jammer","14":"product_cat-wifi-2-4g-2400-2500mhz-jammer","15":"product_cat-wifi-5g-5100-5680mhz-or5720-5850mhz-jammer","16":"product_tag-2-4ghz-wifi-jammer","17":"product_tag-anti-drone-jammer","18":"product_tag-diy-drone-jammer","19":"product_tag-door-jammer-portable","20":"product_tag-drone-frequency-jammer","21":"product_tag-drone-jammer-aaaaaa","22":"product_tag-drone-jammer-app","23":"product_tag-drone-jammer-for-sale","24":"product_tag-drone-radio-jammer","25":"product_tag-drone-signal-jammer","26":"product_tag-drone-signal-jammer-aaaaaa","27":"product_tag-drone-wifi-jammer","28":"product_tag-frequency-jammer","29":"product_tag-jammer-drone","30":"product_tag-jammer-meaning","31":"product_tag-signal-blocker-jammer","32":"product_tag-the-jammer","33":"product_tag-whats-a-jammer","34":"desktop-align-left","35":"tablet-align-left","36":"mobile-align-left","37":"ast-product-gallery-layout-horizontal-slider","38":"ast-product-single-variable","39":"ast-product-tabs-layout-horizontal","41":"first","42":"instock","43":"sale","44":"shipping-taxable","45":"purchasable","46":"product-type-variable"},"yoast_head":"<!-- This site is optimized with the Yoast SEO plugin v23.9 - https:\/\/yoast.com\/wordpress\/plugins\/seo\/ -->\n<title>High-Power Portable Drone Signal Jammer with A Shielding Radius of up to 250 Meters - JAMMERSIGNAL<\/title>\n<meta name=\"description\" content=\"This latest mid-power portable drone signal jammer is designed to cover 100% of drone signal frequencies. Its directional jamming range is 20 to 250m, which effectively prevents unwanted drone activities.\" \/>\n<meta name=\"robots\" content=\"index, follow, max-snippet:-1, max-image-preview:large, max-video-preview:-1\" \/>\n<link rel=\"canonical\" href=\"https:\/\/www.jammersignal.com\/de\/produkt\/high-power-handheld-portable-drone-jammer\/\" \/>\n<meta property=\"og:locale\" content=\"de_DE\" \/>\n<meta property=\"og:type\" content=\"article\" \/>\n<meta property=\"og:title\" content=\"High-Power Portable Drone Signal Jammer with A Shielding Radius of up to 250 Meters - JAMMERSIGNAL\" \/>\n<meta property=\"og:description\" content=\"This latest mid-power portable drone signal jammer is designed to cover 100% of drone signal frequencies. Its directional jamming range is 20 to 250m, which effectively prevents unwanted drone activities.\" \/>\n<meta property=\"og:url\" content=\"https:\/\/www.jammersignal.com\/de\/produkt\/high-power-handheld-portable-drone-jammer\/\" \/>\n<meta property=\"og:site_name\" content=\"JAMMERSIGNAL\" \/>\n<meta property=\"article:modified_time\" content=\"2024-12-17T07:53:43+00:00\" \/>\n<meta property=\"og:image\" content=\"https:\/\/www.jammersignal.com\/wp-content\/uploads\/2024\/05\/hw08us-high-jammersignal-drone-portable-handheld-jammers-1.jpg\" \/>\n\t<meta property=\"og:image:width\" content=\"2000\" \/>\n\t<meta property=\"og:image:height\" content=\"2000\" \/>\n\t<meta property=\"og:image:type\" content=\"image\/jpeg\" \/>\n<meta name=\"twitter:card\" content=\"summary_large_image\" \/>\n<meta name=\"twitter:label1\" content=\"Gesch\u00e4tzte Lesezeit\" \/>\n\t<meta name=\"twitter:data1\" content=\"2\u00a0Minuten\" \/>\n<script type=\"application\/ld+json\" class=\"yoast-schema-graph\">{\"@context\":\"https:\/\/schema.org\",\"@graph\":[{\"@type\":\"WebPage\",\"@id\":\"https:\/\/www.jammersignal.com\/product\/high-power-handheld-portable-drone-jammer\/\",\"url\":\"https:\/\/www.jammersignal.com\/product\/high-power-handheld-portable-drone-jammer\/\",\"name\":\"High-Power Portable Drone Signal Jammer with A Shielding Radius of up to 250 Meters - JAMMERSIGNAL\",\"isPartOf\":{\"@id\":\"https:\/\/www.jammersignal.com\/#website\"},\"primaryImageOfPage\":{\"@id\":\"https:\/\/www.jammersignal.com\/product\/high-power-handheld-portable-drone-jammer\/#primaryimage\"},\"image\":{\"@id\":\"https:\/\/www.jammersignal.com\/product\/high-power-handheld-portable-drone-jammer\/#primaryimage\"},\"thumbnailUrl\":\"https:\/\/www.jammersignal.com\/wp-content\/uploads\/2024\/05\/hw08us-high-jammersignal-drone-portable-handheld-jammers-1.jpg\",\"datePublished\":\"2024-05-31T05:15:29+00:00\",\"dateModified\":\"2024-12-17T07:53:43+00:00\",\"description\":\"This latest mid-power portable drone signal jammer is designed to cover 100% of drone signal frequencies. Its directional jamming range is 20 to 250m, which effectively prevents unwanted drone activities.\",\"breadcrumb\":{\"@id\":\"https:\/\/www.jammersignal.com\/product\/high-power-handheld-portable-drone-jammer\/#breadcrumb\"},\"inLanguage\":\"de\",\"potentialAction\":[{\"@type\":\"ReadAction\",\"target\":[\"https:\/\/www.jammersignal.com\/product\/high-power-handheld-portable-drone-jammer\/\"]}]},{\"@type\":\"ImageObject\",\"inLanguage\":\"de\",\"@id\":\"https:\/\/www.jammersignal.com\/product\/high-power-handheld-portable-drone-jammer\/#primaryimage\",\"url\":\"https:\/\/www.jammersignal.com\/wp-content\/uploads\/2024\/05\/hw08us-high-jammersignal-drone-portable-handheld-jammers-1.jpg\",\"contentUrl\":\"https:\/\/www.jammersignal.com\/wp-content\/uploads\/2024\/05\/hw08us-high-jammersignal-drone-portable-handheld-jammers-1.jpg\",\"width\":2000,\"height\":2000,\"caption\":\"hw08us high jammersignal drone portable handheld jammers (1)\"},{\"@type\":\"BreadcrumbList\",\"@id\":\"https:\/\/www.jammersignal.com\/product\/high-power-handheld-portable-drone-jammer\/#breadcrumb\",\"itemListElement\":[{\"@type\":\"ListItem\",\"position\":1,\"name\":\"Home\",\"item\":\"https:\/\/www.jammersignal.com\/\"},{\"@type\":\"ListItem\",\"position\":2,\"name\":\"Shop\",\"item\":\"https:\/\/www.jammersignal.com\/shop\/\"},{\"@type\":\"ListItem\",\"position\":3,\"name\":\"Signal Blocker\",\"item\":\"https:\/\/www.jammersignal.com\/product-category\/signal-blocker\/\"},{\"@type\":\"ListItem\",\"position\":4,\"name\":\"High Power Handheld Portable Drone Signal Jammer HW08US\"}]},{\"@type\":\"WebSite\",\"@id\":\"https:\/\/www.jammersignal.com\/#website\",\"url\":\"https:\/\/www.jammersignal.com\/\",\"name\":\"JAMMERSIGNAL\",\"description\":\"\",\"publisher\":{\"@id\":\"https:\/\/www.jammersignal.com\/#organization\"},\"potentialAction\":[{\"@type\":\"SearchAction\",\"target\":{\"@type\":\"EntryPoint\",\"urlTemplate\":\"https:\/\/www.jammersignal.com\/?s={search_term_string}\"},\"query-input\":{\"@type\":\"PropertyValueSpecification\",\"valueRequired\":true,\"valueName\":\"search_term_string\"}}],\"inLanguage\":\"de\"},{\"@type\":\"Organization\",\"@id\":\"https:\/\/www.jammersignal.com\/#organization\",\"name\":\"JAMMERSIGNAL\",\"url\":\"https:\/\/www.jammersignal.com\/\",\"logo\":{\"@type\":\"ImageObject\",\"inLanguage\":\"de\",\"@id\":\"https:\/\/www.jammersignal.com\/#\/schema\/logo\/image\/\",\"url\":\"https:\/\/www.jammersignal.com\/wp-content\/uploads\/2024\/05\/cropped-jammersignal-logo-4.png\",\"contentUrl\":\"https:\/\/www.jammersignal.com\/wp-content\/uploads\/2024\/05\/cropped-jammersignal-logo-4.png\",\"width\":104,\"height\":34,\"caption\":\"JAMMERSIGNAL\"},\"image\":{\"@id\":\"https:\/\/www.jammersignal.com\/#\/schema\/logo\/image\/\"}}]}<\/script>\n<!-- \/ Yoast SEO plugin. -->","yoast_head_json":{"title":"Tragbarer Hochleistungs-Drohnen-St\u00f6rsender mit einem Abschirmungsradius von bis zu 250 Metern - JAMMERSIGNAL","description":"Dieser neueste tragbare St\u00f6rsender f\u00fcr Drohnensignale mit mittlerer Leistung ist so konzipiert, dass er 100% der Drohnensignalfrequenzen abdeckt. Seine gerichtete St\u00f6rbereich ist 20 bis 250m, die effektiv verhindert unerw\u00fcnschte Drohne Aktivit\u00e4ten.","robots":{"index":"index","follow":"follow","max-snippet":"max-snippet:-1","max-image-preview":"max-image-preview:large","max-video-preview":"max-video-preview:-1"},"canonical":"https:\/\/www.jammersignal.com\/de\/produkt\/high-power-handheld-portable-drone-jammer\/","og_locale":"de_DE","og_type":"article","og_title":"High-Power Portable Drone Signal Jammer with A Shielding Radius of up to 250 Meters - JAMMERSIGNAL","og_description":"This latest mid-power portable drone signal jammer is designed to cover 100% of drone signal frequencies. Its directional jamming range is 20 to 250m, which effectively prevents unwanted drone activities.","og_url":"https:\/\/www.jammersignal.com\/de\/produkt\/high-power-handheld-portable-drone-jammer\/","og_site_name":"JAMMERSIGNAL","article_modified_time":"2024-12-17T07:53:43+00:00","og_image":[{"width":2000,"height":2000,"url":"https:\/\/www.jammersignal.com\/wp-content\/uploads\/2024\/05\/hw08us-high-jammersignal-drone-portable-handheld-jammers-1.jpg","type":"image\/jpeg"}],"twitter_card":"summary_large_image","twitter_misc":{"Gesch\u00e4tzte Lesezeit":"2\u00a0Minuten"},"schema":{"@context":"https:\/\/schema.org","@graph":[{"@type":"WebPage","@id":"https:\/\/www.jammersignal.com\/product\/high-power-handheld-portable-drone-jammer\/","url":"https:\/\/www.jammersignal.com\/product\/high-power-handheld-portable-drone-jammer\/","name":"Tragbarer Hochleistungs-Drohnen-St\u00f6rsender mit einem Abschirmungsradius von bis zu 250 Metern - JAMMERSIGNAL","isPartOf":{"@id":"https:\/\/www.jammersignal.com\/#website"},"primaryImageOfPage":{"@id":"https:\/\/www.jammersignal.com\/product\/high-power-handheld-portable-drone-jammer\/#primaryimage"},"image":{"@id":"https:\/\/www.jammersignal.com\/product\/high-power-handheld-portable-drone-jammer\/#primaryimage"},"thumbnailUrl":"https:\/\/www.jammersignal.com\/wp-content\/uploads\/2024\/05\/hw08us-high-jammersignal-drone-portable-handheld-jammers-1.jpg","datePublished":"2024-05-31T05:15:29+00:00","dateModified":"2024-12-17T07:53:43+00:00","description":"Dieser neueste tragbare St\u00f6rsender f\u00fcr Drohnensignale mit mittlerer Leistung ist so konzipiert, dass er 100% der Drohnensignalfrequenzen abdeckt. Seine gerichtete St\u00f6rbereich ist 20 bis 250m, die effektiv verhindert unerw\u00fcnschte Drohne Aktivit\u00e4ten.","breadcrumb":{"@id":"https:\/\/www.jammersignal.com\/product\/high-power-handheld-portable-drone-jammer\/#breadcrumb"},"inLanguage":"de","potentialAction":[{"@type":"ReadAction","target":["https:\/\/www.jammersignal.com\/product\/high-power-handheld-portable-drone-jammer\/"]}]},{"@type":"ImageObject","inLanguage":"de","@id":"https:\/\/www.jammersignal.com\/product\/high-power-handheld-portable-drone-jammer\/#primaryimage","url":"https:\/\/www.jammersignal.com\/wp-content\/uploads\/2024\/05\/hw08us-high-jammersignal-drone-portable-handheld-jammers-1.jpg","contentUrl":"https:\/\/www.jammersignal.com\/wp-content\/uploads\/2024\/05\/hw08us-high-jammersignal-drone-portable-handheld-jammers-1.jpg","width":2000,"height":2000,"caption":"hw08us high jammersignal drone portable handheld jammers (1)"},{"@type":"BreadcrumbList","@id":"https:\/\/www.jammersignal.com\/product\/high-power-handheld-portable-drone-jammer\/#breadcrumb","itemListElement":[{"@type":"ListItem","position":1,"name":"Home","item":"https:\/\/www.jammersignal.com\/"},{"@type":"ListItem","position":2,"name":"Shop","item":"https:\/\/www.jammersignal.com\/shop\/"},{"@type":"ListItem","position":3,"name":"Signal Blocker","item":"https:\/\/www.jammersignal.com\/product-category\/signal-blocker\/"},{"@type":"ListItem","position":4,"name":"High Power Handheld Portable Drone Signal Jammer HW08US"}]},{"@type":"WebSite","@id":"https:\/\/www.jammersignal.com\/#website","url":"https:\/\/www.jammersignal.com\/","name":"JAMMERSIGNAL","description":"","publisher":{"@id":"https:\/\/www.jammersignal.com\/#organization"},"potentialAction":[{"@type":"SearchAction","target":{"@type":"EntryPoint","urlTemplate":"https:\/\/www.jammersignal.com\/?s={search_term_string}"},"query-input":{"@type":"PropertyValueSpecification","valueRequired":true,"valueName":"search_term_string"}}],"inLanguage":"de"},{"@type":"Organization","@id":"https:\/\/www.jammersignal.com\/#organization","name":"JAMMERSIGNAL","url":"https:\/\/www.jammersignal.com\/","logo":{"@type":"ImageObject","inLanguage":"de","@id":"https:\/\/www.jammersignal.com\/#\/schema\/logo\/image\/","url":"https:\/\/www.jammersignal.com\/wp-content\/uploads\/2024\/05\/cropped-jammersignal-logo-4.png","contentUrl":"https:\/\/www.jammersignal.com\/wp-content\/uploads\/2024\/05\/cropped-jammersignal-logo-4.png","width":104,"height":34,"caption":"JAMMERSIGNAL"},"image":{"@id":"https:\/\/www.jammersignal.com\/#\/schema\/logo\/image\/"}}]}},"_links":{"self":[{"href":"https:\/\/www.jammersignal.com\/de\/wp-json\/wp\/v2\/product\/2273","targetHints":{"allow":["GET"]}}],"collection":[{"href":"https:\/\/www.jammersignal.com\/de\/wp-json\/wp\/v2\/product"}],"about":[{"href":"https:\/\/www.jammersignal.com\/de\/wp-json\/wp\/v2\/types\/product"}],"replies":[{"embeddable":true,"href":"https:\/\/www.jammersignal.com\/de\/wp-json\/wp\/v2\/comments?post=2273"}],"version-history":[{"count":4,"href":"https:\/\/www.jammersignal.com\/de\/wp-json\/wp\/v2\/product\/2273\/revisions"}],"predecessor-version":[{"id":2317,"href":"https:\/\/www.jammersignal.com\/de\/wp-json\/wp\/v2\/product\/2273\/revisions\/2317"}],"wp:featuredmedia":[{"embeddable":true,"href":"https:\/\/www.jammersignal.com\/de\/wp-json\/wp\/v2\/media\/1750"}],"wp:attachment":[{"href":"https:\/\/www.jammersignal.com\/de\/wp-json\/wp\/v2\/media?parent=2273"}],"wp:term":[{"taxonomy":"product_brand","embeddable":true,"href":"https:\/\/www.jammersignal.com\/de\/wp-json\/wp\/v2\/product_brand?post=2273"},{"taxonomy":"product_cat","embeddable":true,"href":"https:\/\/www.jammersignal.com\/de\/wp-json\/wp\/v2\/product_cat?post=2273"},{"taxonomy":"product_tag","embeddable":true,"href":"https:\/\/www.jammersignal.com\/de\/wp-json\/wp\/v2\/product_tag?post=2273"}],"curies":[{"name":"wp","href":"https:\/\/api.w.org\/{rel}","templated":true}]}}