{"id":2277,"date":"2024-05-31T05:45:32","date_gmt":"2024-05-31T05:45:32","guid":{"rendered":"https:\/\/www.jammersignal.com\/?post_type=product&#038;p=2277"},"modified":"2025-05-26T05:01:05","modified_gmt":"2025-05-26T05:01:05","slug":"shield-type-drone-jammer-2-4g-5-8g","status":"publish","type":"product","link":"https:\/\/www.jammersignal.com\/de\/produkt\/shield-type-drone-jammer-2-4g-5-8g\/","title":{"rendered":"Milit\u00e4rische taktische Schild Typ Drohne Jammer 2.4G 5.8G"},"content":{"rendered":"<div data-elementor-type=\"wp-post\" data-elementor-id=\"2277\" class=\"elementor elementor-2277\">\n\t\t\t\t<div class=\"elementor-element elementor-element-4a8c2a2 e-flex e-con-boxed e-con e-parent\" data-id=\"4a8c2a2\" data-element_type=\"container\">\n\t\t\t\t\t<div class=\"e-con-inner\">\n\t\t<div class=\"elementor-element elementor-element-2677d1d e-con-full e-flex e-con e-child\" data-id=\"2677d1d\" data-element_type=\"container\">\n\t\t\t\t<div class=\"elementor-element elementor-element-5ee8a99 elementor-widget elementor-widget-text-editor\" data-id=\"5ee8a99\" data-element_type=\"widget\" data-widget_type=\"text-editor.default\">\n\t\t\t\t<div class=\"elementor-widget-container\">\n\t\t\t\t\t\t\t\t\t<h4>Technische Daten<\/h4><table width=\"400\"><tbody><tr><td width=\"72\"><strong>Parameter Name<\/strong><\/td><td width=\"328\"><strong>Angaben zu den Parametern<\/strong><\/td><\/tr><tr><td>Modell\u00a0<\/td><td>PD-17<\/td><\/tr><tr><td>Frequenzen zum St\u00f6ren<\/td><td width=\"328\">2.4G<br \/>5.8G<br \/>GPS<br \/>GLONASS<\/td><\/tr><tr><td>St\u00f6rungsradius<\/td><td>Bis zu 2000 Meter<\/td><\/tr><tr><td>Stromversorgung<\/td><td>Netzstecker, integrierte Batterie<\/td><\/tr><tr><td>Eingebaute Batterie<\/td><td>DC24V\/3500mA<\/td><\/tr><tr><td>Eingebaute Batterie<\/td><td>DC24V\/3500mA<\/td><\/tr><tr><td>Gesamtausgangsleistung<\/td><td>55W<\/td><\/tr><tr><td>Spannung<\/td><td>AC110-240V DC12V<\/td><\/tr><tr><td>Betriebstemperatur<\/td><td>-40\u2103 bis +70\u2103<\/td><\/tr><tr><td>Feuchtigkeit im Betrieb<\/td><td>5% bis 80%<\/td><\/tr><tr><td>Gr\u00f6\u00dfe des Ger\u00e4ts<\/td><td>277mm*80mm*51mm<\/td><\/tr><tr><td>Gewicht des Ger\u00e4ts<\/td><td>1500 g<\/td><\/tr><\/tbody><\/table>\t\t\t\t\t\t\t\t<\/div>\n\t\t\t\t<\/div>\n\t\t\t\t<\/div>\n\t\t<div class=\"elementor-element elementor-element-63abe0f e-con-full e-flex e-con e-child\" data-id=\"63abe0f\" data-element_type=\"container\">\n\t\t\t\t<div class=\"elementor-element elementor-element-3d0f9f0 elementor-widget elementor-widget-text-editor\" data-id=\"3d0f9f0\" data-element_type=\"widget\" data-widget_type=\"text-editor.default\">\n\t\t\t\t<div class=\"elementor-widget-container\">\n\t\t\t\t\t\t\t\t\t<h4>Informationen zum Produkt<\/h4><p>Diese neueste Schild-Typ Drohne St\u00f6rsender nimmt eine professionelle Qualit\u00e4t milit\u00e4rischen Design. Dieser leichte und tragbare St\u00f6rsender wurde speziell entwickelt, um niedrig fliegende Drohnen zu bek\u00e4mpfen, indem er ihre Fernsteuerungssignale st\u00f6rt, ohne andere Signale zu beeintr\u00e4chtigen.<\/p><p>Mit einer effektiven Interferenzdistanz von bis zu 2000 Metern kann dieser UAV-Signalst\u00f6rer Drohnensignale effektiv abschirmen und den unbefugten Zugriff auf Drohnen verhindern. Er wurde f\u00fcr Drohnenszenarien entwickelt und ist ein Muss f\u00fcr alle, die sich f\u00fcr die Kontrolle von Drohnen interessieren.<\/p><p><strong>Produktmerkmale:<\/strong><\/p><ol><li>Einfach zu transportieren und zu bedienen, was den Einsatz in verschiedenen Situationen erleichtert.<\/li><li>Das Aluminiumgeh\u00e4use sorgt f\u00fcr eine verbesserte W\u00e4rmeableitung und gew\u00e4hrleistet eine optimale Funktion.<\/li><li>Die effektive Interferenzdistanz betr\u00e4gt 300 bis 2000 Meter und deckt damit einen gro\u00dfen Bereich ab.<\/li><li>Durch die Verwendung von unabh\u00e4ngigen Steuerschaltern ist die Steuerung einfach und pr\u00e4zise.<\/li><\/ol><p><strong>Vorsichtsma\u00dfnahmen:<\/strong><\/p><p>1. die St\u00f6rsender sind nach den Frequenzb\u00e4ndern der verschiedenen L\u00e4nder angepasst, bitte best\u00e4tigen Sie, dass der Kauf Land und die tats\u00e4chliche Verwendung Land \u00fcbereinstimmen. Andernfalls kann es nicht verwendet werden. Bitte lesen Sie die St\u00f6rsender-Funktion vor dem Kauf.<br \/>2. wenn die niedrige Leistung St\u00f6rsender (z. B. Handheld-St\u00f6rsender) zu blockieren Signal Ger\u00e4t (z. B.WIFI-Router, Bluetooth-Audio-Ger\u00e4te, etc.), wird der Effekt schlecht sein oder sogar nicht St\u00f6rsender.<br \/>3. es ist verboten, das Ger\u00e4t w\u00e4hrend des Aufladens zu benutzen.<br \/>4) Verwenden Sie tragbare St\u00f6rsender nicht als Tischst\u00f6rsender.<br \/>5) Verwenden Sie keine St\u00f6rsender, bevor Sie die Antenne angeschlossen haben.<\/p>\t\t\t\t\t\t\t\t<\/div>\n\t\t\t\t<\/div>\n\t\t\t\t<\/div>\n\t\t\t\t\t<\/div>\n\t\t\t\t<\/div>\n\t\t\t\t<\/div>","protected":false},"excerpt":{"rendered":"<p>Diese neueste Schild-Typ Drohne St\u00f6rsender nimmt eine professionelle Qualit\u00e4t milit\u00e4rischen Design. Dieser leichte und tragbare St\u00f6rsender wurde speziell entwickelt, um niedrig fliegende Drohnen zu bek\u00e4mpfen, indem er ihre Fernsteuerungssignale st\u00f6rt, ohne andere Signale zu beeintr\u00e4chtigen.<\/p>\n<p>Mit einer effektiven Interferenzdistanz von bis zu 2000 Metern kann dieser UAV-Signalst\u00f6rer Drohnensignale effektiv abschirmen und den unbefugten Zugriff auf Drohnen verhindern. Er wurde f\u00fcr Drohnenszenarien entwickelt und ist ein Muss f\u00fcr alle, die sich f\u00fcr die Kontrolle von Drohnen interessieren.<\/p>\n<p><strong>Produktmerkmale:<\/strong><\/p>\n<p>1. Einfach zu tragen und zu bedienen, was eine bequeme Verwendung in verschiedenen Situationen gew\u00e4hrleistet.<br \/>\n2. Annahme von Aluminium-Geh\u00e4use, verbesserte W\u00e4rmeableitung Leistung, optimale Funktion zu gew\u00e4hrleisten.<br \/>\n3. Die effektive Interferenzdistanz betr\u00e4gt 300 bis 2000 Meter und deckt einen gro\u00dfen Bereich ab.<br \/>\n4. Annahme unabh\u00e4ngige Steuerung Schalter Design, die Steuerung ist einfach und pr\u00e4zise.<\/p>","protected":false},"featured_media":2848,"comment_status":"open","ping_status":"closed","template":"","meta":{"site-sidebar-layout":"no-sidebar","site-content-layout":"page-builder","ast-site-content-layout":"normal-width-container","site-content-style":"default","site-sidebar-style":"default","ast-global-header-display":"","ast-banner-title-visibility":"","ast-main-header-display":"","ast-hfb-above-header-display":"","ast-hfb-below-header-display":"","ast-hfb-mobile-header-display":"","site-post-title":"disabled","ast-breadcrumbs-content":"","ast-featured-img":"disabled","footer-sml-layout":"","theme-transparent-header-meta":"default","adv-header-id-meta":"","stick-header-meta":"default","header-above-stick-meta":"","header-main-stick-meta":"","header-below-stick-meta":"","astra-migrate-meta-layouts":"set","ast-page-background-enabled":"default","ast-page-background-meta":{"desktop":{"background-color":"var(--ast-global-color-4)","background-image":"","background-repeat":"repeat","background-position":"center center","background-size":"auto","background-attachment":"scroll","background-type":"","background-media":"","overlay-type":"","overlay-color":"","overlay-gradient":""},"tablet":{"background-color":"","background-image":"","background-repeat":"repeat","background-position":"center center","background-size":"auto","background-attachment":"scroll","background-type":"","background-media":"","overlay-type":"","overlay-color":"","overlay-gradient":""},"mobile":{"background-color":"","background-image":"","background-repeat":"repeat","background-position":"center center","background-size":"auto","background-attachment":"scroll","background-type":"","background-media":"","overlay-type":"","overlay-color":"","overlay-gradient":""}},"ast-content-background-meta":{"desktop":{"background-color":"var(--ast-global-color-5)","background-image":"","background-repeat":"repeat","background-position":"center center","background-size":"auto","background-attachment":"scroll","background-type":"","background-media":"","overlay-type":"","overlay-color":"","overlay-gradient":""},"tablet":{"background-color":"var(--ast-global-color-5)","background-image":"","background-repeat":"repeat","background-position":"center center","background-size":"auto","background-attachment":"scroll","background-type":"","background-media":"","overlay-type":"","overlay-color":"","overlay-gradient":""},"mobile":{"background-color":"var(--ast-global-color-5)","background-image":"","background-repeat":"repeat","background-position":"center center","background-size":"auto","background-attachment":"scroll","background-type":"","background-media":"","overlay-type":"","overlay-color":"","overlay-gradient":""}}},"product_brand":[],"product_cat":[15,40,39,44,43,35,34,46,71,97,98,37,36],"product_tag":[345,353,355,356,448,452,502,536,537,503,504,368,512,558,398],"class_list":{"0":"post-2277","1":"product","2":"type-product","3":"status-publish","4":"has-post-thumbnail","6":"product_cat-signal-blocker","7":"product_cat-bluetooth-signal-blocker","8":"product_cat-bluetooth-jammer","9":"product_cat-drone-signal-blocker","10":"product_cat-drone-jammer","11":"product_cat-gps-signal-blocker","12":"product_cat-gps-signal-jammer","13":"product_cat-high-power-signal-jammers","14":"product_cat-more-than-1000dollars-jammers","15":"product_cat-wifi-2-4g-2400-2500mhz-jammer","16":"product_cat-wifi-5g-5100-5680mhz-or5720-5850mhz-jammer","17":"product_cat-wifi-signal-blocker","18":"product_cat-wifi-jammer","19":"product_tag-2-4ghz-wifi-jammer","20":"product_tag-5-ghz-wifi-jammer","21":"product_tag-5ghz-wifi-jammer","22":"product_tag-5ghz-wifi-jammer-diy","23":"product_tag-anti-drone-jammer","24":"product_tag-diy-drone-jammer","25":"product_tag-drone-frequency-jammer","26":"product_tag-drone-jammer-aaaaaa","27":"product_tag-drone-jammer-app","28":"product_tag-drone-jammer-for-sale","29":"product_tag-drone-radio-jammer","30":"product_tag-drone-wifi-jammer","31":"product_tag-jammer-drone","32":"product_tag-whats-a-jammer","33":"product_tag-wifi-jammer-5ghz","34":"desktop-align-left","35":"tablet-align-left","36":"mobile-align-left","37":"ast-product-gallery-layout-horizontal-slider","38":"ast-product-single-variable","39":"ast-product-tabs-layout-horizontal","41":"first","42":"instock","43":"sale","44":"shipping-taxable","45":"purchasable","46":"product-type-variable"},"yoast_head":"<!-- This site is optimized with the Yoast SEO plugin v23.9 - https:\/\/yoast.com\/wordpress\/plugins\/seo\/ -->\n<title>Military Tactical Shield Type Drone Jammer 2.4G 5.8G, interference radius up to 2000 meters - JAMMERSIGNAL<\/title>\n<meta name=\"description\" content=\"This latest drone jammer, with professional-grade military design, can shield 2.4G 5.8G drone signals, with an interference radius of up to 2000m, and is specially designed to counter low-flying drones by interfering with their remote control signals without affecting other signals.\" \/>\n<meta name=\"robots\" content=\"index, follow, max-snippet:-1, max-image-preview:large, max-video-preview:-1\" \/>\n<link rel=\"canonical\" href=\"https:\/\/www.jammersignal.com\/de\/produkt\/shield-type-drone-jammer-2-4g-5-8g\/\" \/>\n<meta property=\"og:locale\" content=\"de_DE\" \/>\n<meta property=\"og:type\" content=\"article\" \/>\n<meta property=\"og:title\" content=\"Military Tactical Shield Type Drone Jammer 2.4G 5.8G, interference radius up to 2000 meters - JAMMERSIGNAL\" \/>\n<meta property=\"og:description\" content=\"This latest drone jammer, with professional-grade military design, can shield 2.4G 5.8G drone signals, with an interference radius of up to 2000m, and is specially designed to counter low-flying drones by interfering with their remote control signals without affecting other signals.\" \/>\n<meta property=\"og:url\" content=\"https:\/\/www.jammersignal.com\/de\/produkt\/shield-type-drone-jammer-2-4g-5-8g\/\" \/>\n<meta property=\"og:site_name\" content=\"JAMMERSIGNAL\" \/>\n<meta property=\"article:modified_time\" content=\"2025-05-26T05:01:05+00:00\" \/>\n<meta property=\"og:image\" content=\"https:\/\/www.jammersignal.com\/wp-content\/uploads\/2024\/06\/high-quality-jammersignal-drone-jammers-1.jpg\" \/>\n\t<meta property=\"og:image:width\" content=\"431\" \/>\n\t<meta property=\"og:image:height\" content=\"430\" \/>\n\t<meta property=\"og:image:type\" content=\"image\/jpeg\" \/>\n<meta name=\"twitter:card\" content=\"summary_large_image\" \/>\n<meta name=\"twitter:label1\" content=\"Gesch\u00e4tzte Lesezeit\" \/>\n\t<meta name=\"twitter:data1\" content=\"2\u00a0Minuten\" \/>\n<script type=\"application\/ld+json\" class=\"yoast-schema-graph\">{\"@context\":\"https:\/\/schema.org\",\"@graph\":[{\"@type\":\"WebPage\",\"@id\":\"https:\/\/www.jammersignal.com\/product\/shield-type-drone-jammer-2-4g-5-8g\/\",\"url\":\"https:\/\/www.jammersignal.com\/product\/shield-type-drone-jammer-2-4g-5-8g\/\",\"name\":\"Military Tactical Shield Type Drone Jammer 2.4G 5.8G, interference radius up to 2000 meters - JAMMERSIGNAL\",\"isPartOf\":{\"@id\":\"https:\/\/www.jammersignal.com\/#website\"},\"primaryImageOfPage\":{\"@id\":\"https:\/\/www.jammersignal.com\/product\/shield-type-drone-jammer-2-4g-5-8g\/#primaryimage\"},\"image\":{\"@id\":\"https:\/\/www.jammersignal.com\/product\/shield-type-drone-jammer-2-4g-5-8g\/#primaryimage\"},\"thumbnailUrl\":\"https:\/\/www.jammersignal.com\/wp-content\/uploads\/2024\/06\/high-quality-jammersignal-drone-jammers-1.jpg\",\"datePublished\":\"2024-05-31T05:45:32+00:00\",\"dateModified\":\"2025-05-26T05:01:05+00:00\",\"description\":\"This latest drone jammer, with professional-grade military design, can shield 2.4G 5.8G drone signals, with an interference radius of up to 2000m, and is specially designed to counter low-flying drones by interfering with their remote control signals without affecting other signals.\",\"breadcrumb\":{\"@id\":\"https:\/\/www.jammersignal.com\/product\/shield-type-drone-jammer-2-4g-5-8g\/#breadcrumb\"},\"inLanguage\":\"de\",\"potentialAction\":[{\"@type\":\"ReadAction\",\"target\":[\"https:\/\/www.jammersignal.com\/product\/shield-type-drone-jammer-2-4g-5-8g\/\"]}]},{\"@type\":\"ImageObject\",\"inLanguage\":\"de\",\"@id\":\"https:\/\/www.jammersignal.com\/product\/shield-type-drone-jammer-2-4g-5-8g\/#primaryimage\",\"url\":\"https:\/\/www.jammersignal.com\/wp-content\/uploads\/2024\/06\/high-quality-jammersignal-drone-jammers-1.jpg\",\"contentUrl\":\"https:\/\/www.jammersignal.com\/wp-content\/uploads\/2024\/06\/high-quality-jammersignal-drone-jammers-1.jpg\",\"width\":431,\"height\":430,\"caption\":\"high quality jammersignal drone jammers (1)\"},{\"@type\":\"BreadcrumbList\",\"@id\":\"https:\/\/www.jammersignal.com\/product\/shield-type-drone-jammer-2-4g-5-8g\/#breadcrumb\",\"itemListElement\":[{\"@type\":\"ListItem\",\"position\":1,\"name\":\"Home\",\"item\":\"https:\/\/www.jammersignal.com\/\"},{\"@type\":\"ListItem\",\"position\":2,\"name\":\"Shop\",\"item\":\"https:\/\/www.jammersignal.com\/shop\/\"},{\"@type\":\"ListItem\",\"position\":3,\"name\":\"Signal Blocker\",\"item\":\"https:\/\/www.jammersignal.com\/product-category\/signal-blocker\/\"},{\"@type\":\"ListItem\",\"position\":4,\"name\":\"Military Tactical Shield Type Drone Jammer 2.4G 5.8G\"}]},{\"@type\":\"WebSite\",\"@id\":\"https:\/\/www.jammersignal.com\/#website\",\"url\":\"https:\/\/www.jammersignal.com\/\",\"name\":\"JAMMERSIGNAL\",\"description\":\"\",\"publisher\":{\"@id\":\"https:\/\/www.jammersignal.com\/#organization\"},\"potentialAction\":[{\"@type\":\"SearchAction\",\"target\":{\"@type\":\"EntryPoint\",\"urlTemplate\":\"https:\/\/www.jammersignal.com\/?s={search_term_string}\"},\"query-input\":{\"@type\":\"PropertyValueSpecification\",\"valueRequired\":true,\"valueName\":\"search_term_string\"}}],\"inLanguage\":\"de\"},{\"@type\":\"Organization\",\"@id\":\"https:\/\/www.jammersignal.com\/#organization\",\"name\":\"JAMMERSIGNAL\",\"url\":\"https:\/\/www.jammersignal.com\/\",\"logo\":{\"@type\":\"ImageObject\",\"inLanguage\":\"de\",\"@id\":\"https:\/\/www.jammersignal.com\/#\/schema\/logo\/image\/\",\"url\":\"https:\/\/www.jammersignal.com\/wp-content\/uploads\/2024\/05\/cropped-jammersignal-logo-4.png\",\"contentUrl\":\"https:\/\/www.jammersignal.com\/wp-content\/uploads\/2024\/05\/cropped-jammersignal-logo-4.png\",\"width\":104,\"height\":34,\"caption\":\"JAMMERSIGNAL\"},\"image\":{\"@id\":\"https:\/\/www.jammersignal.com\/#\/schema\/logo\/image\/\"}}]}<\/script>\n<!-- \/ Yoast SEO plugin. -->","yoast_head_json":{"title":"Milit\u00e4rische taktische Schild Typ Drohne Jammer 2.4G 5.8G, Interferenz Radius bis zu 2000 Meter - JAMMERSIGNAL","description":"Dieser neueste Drohnen-St\u00f6rsender mit professionellem Milit\u00e4rdesign kann 2.4G 5.8G Drohnensignale mit einem St\u00f6rradius von bis zu 2000m abschirmen und ist speziell daf\u00fcr ausgelegt, niedrig fliegende Drohnen zu bek\u00e4mpfen, indem er ihre Fernsteuerungssignale st\u00f6rt, ohne andere Signale zu beeintr\u00e4chtigen.","robots":{"index":"index","follow":"follow","max-snippet":"max-snippet:-1","max-image-preview":"max-image-preview:large","max-video-preview":"max-video-preview:-1"},"canonical":"https:\/\/www.jammersignal.com\/de\/produkt\/shield-type-drone-jammer-2-4g-5-8g\/","og_locale":"de_DE","og_type":"article","og_title":"Military Tactical Shield Type Drone Jammer 2.4G 5.8G, interference radius up to 2000 meters - JAMMERSIGNAL","og_description":"This latest drone jammer, with professional-grade military design, can shield 2.4G 5.8G drone signals, with an interference radius of up to 2000m, and is specially designed to counter low-flying drones by interfering with their remote control signals without affecting other signals.","og_url":"https:\/\/www.jammersignal.com\/de\/produkt\/shield-type-drone-jammer-2-4g-5-8g\/","og_site_name":"JAMMERSIGNAL","article_modified_time":"2025-05-26T05:01:05+00:00","og_image":[{"width":431,"height":430,"url":"https:\/\/www.jammersignal.com\/wp-content\/uploads\/2024\/06\/high-quality-jammersignal-drone-jammers-1.jpg","type":"image\/jpeg"}],"twitter_card":"summary_large_image","twitter_misc":{"Gesch\u00e4tzte Lesezeit":"2\u00a0Minuten"},"schema":{"@context":"https:\/\/schema.org","@graph":[{"@type":"WebPage","@id":"https:\/\/www.jammersignal.com\/product\/shield-type-drone-jammer-2-4g-5-8g\/","url":"https:\/\/www.jammersignal.com\/product\/shield-type-drone-jammer-2-4g-5-8g\/","name":"Milit\u00e4rische taktische Schild Typ Drohne Jammer 2.4G 5.8G, Interferenz Radius bis zu 2000 Meter - JAMMERSIGNAL","isPartOf":{"@id":"https:\/\/www.jammersignal.com\/#website"},"primaryImageOfPage":{"@id":"https:\/\/www.jammersignal.com\/product\/shield-type-drone-jammer-2-4g-5-8g\/#primaryimage"},"image":{"@id":"https:\/\/www.jammersignal.com\/product\/shield-type-drone-jammer-2-4g-5-8g\/#primaryimage"},"thumbnailUrl":"https:\/\/www.jammersignal.com\/wp-content\/uploads\/2024\/06\/high-quality-jammersignal-drone-jammers-1.jpg","datePublished":"2024-05-31T05:45:32+00:00","dateModified":"2025-05-26T05:01:05+00:00","description":"Dieser neueste Drohnen-St\u00f6rsender mit professionellem Milit\u00e4rdesign kann 2.4G 5.8G Drohnensignale mit einem St\u00f6rradius von bis zu 2000m abschirmen und ist speziell daf\u00fcr ausgelegt, niedrig fliegende Drohnen zu bek\u00e4mpfen, indem er ihre Fernsteuerungssignale st\u00f6rt, ohne andere Signale zu beeintr\u00e4chtigen.","breadcrumb":{"@id":"https:\/\/www.jammersignal.com\/product\/shield-type-drone-jammer-2-4g-5-8g\/#breadcrumb"},"inLanguage":"de","potentialAction":[{"@type":"ReadAction","target":["https:\/\/www.jammersignal.com\/product\/shield-type-drone-jammer-2-4g-5-8g\/"]}]},{"@type":"ImageObject","inLanguage":"de","@id":"https:\/\/www.jammersignal.com\/product\/shield-type-drone-jammer-2-4g-5-8g\/#primaryimage","url":"https:\/\/www.jammersignal.com\/wp-content\/uploads\/2024\/06\/high-quality-jammersignal-drone-jammers-1.jpg","contentUrl":"https:\/\/www.jammersignal.com\/wp-content\/uploads\/2024\/06\/high-quality-jammersignal-drone-jammers-1.jpg","width":431,"height":430,"caption":"high quality jammersignal drone jammers (1)"},{"@type":"BreadcrumbList","@id":"https:\/\/www.jammersignal.com\/product\/shield-type-drone-jammer-2-4g-5-8g\/#breadcrumb","itemListElement":[{"@type":"ListItem","position":1,"name":"Home","item":"https:\/\/www.jammersignal.com\/"},{"@type":"ListItem","position":2,"name":"Shop","item":"https:\/\/www.jammersignal.com\/shop\/"},{"@type":"ListItem","position":3,"name":"Signal Blocker","item":"https:\/\/www.jammersignal.com\/product-category\/signal-blocker\/"},{"@type":"ListItem","position":4,"name":"Military Tactical Shield Type Drone Jammer 2.4G 5.8G"}]},{"@type":"WebSite","@id":"https:\/\/www.jammersignal.com\/#website","url":"https:\/\/www.jammersignal.com\/","name":"JAMMERSIGNAL","description":"","publisher":{"@id":"https:\/\/www.jammersignal.com\/#organization"},"potentialAction":[{"@type":"SearchAction","target":{"@type":"EntryPoint","urlTemplate":"https:\/\/www.jammersignal.com\/?s={search_term_string}"},"query-input":{"@type":"PropertyValueSpecification","valueRequired":true,"valueName":"search_term_string"}}],"inLanguage":"de"},{"@type":"Organization","@id":"https:\/\/www.jammersignal.com\/#organization","name":"JAMMERSIGNAL","url":"https:\/\/www.jammersignal.com\/","logo":{"@type":"ImageObject","inLanguage":"de","@id":"https:\/\/www.jammersignal.com\/#\/schema\/logo\/image\/","url":"https:\/\/www.jammersignal.com\/wp-content\/uploads\/2024\/05\/cropped-jammersignal-logo-4.png","contentUrl":"https:\/\/www.jammersignal.com\/wp-content\/uploads\/2024\/05\/cropped-jammersignal-logo-4.png","width":104,"height":34,"caption":"JAMMERSIGNAL"},"image":{"@id":"https:\/\/www.jammersignal.com\/#\/schema\/logo\/image\/"}}]}},"_links":{"self":[{"href":"https:\/\/www.jammersignal.com\/de\/wp-json\/wp\/v2\/product\/2277","targetHints":{"allow":["GET"]}}],"collection":[{"href":"https:\/\/www.jammersignal.com\/de\/wp-json\/wp\/v2\/product"}],"about":[{"href":"https:\/\/www.jammersignal.com\/de\/wp-json\/wp\/v2\/types\/product"}],"replies":[{"embeddable":true,"href":"https:\/\/www.jammersignal.com\/de\/wp-json\/wp\/v2\/comments?post=2277"}],"version-history":[{"count":6,"href":"https:\/\/www.jammersignal.com\/de\/wp-json\/wp\/v2\/product\/2277\/revisions"}],"predecessor-version":[{"id":2851,"href":"https:\/\/www.jammersignal.com\/de\/wp-json\/wp\/v2\/product\/2277\/revisions\/2851"}],"wp:featuredmedia":[{"embeddable":true,"href":"https:\/\/www.jammersignal.com\/de\/wp-json\/wp\/v2\/media\/2848"}],"wp:attachment":[{"href":"https:\/\/www.jammersignal.com\/de\/wp-json\/wp\/v2\/media?parent=2277"}],"wp:term":[{"taxonomy":"product_brand","embeddable":true,"href":"https:\/\/www.jammersignal.com\/de\/wp-json\/wp\/v2\/product_brand?post=2277"},{"taxonomy":"product_cat","embeddable":true,"href":"https:\/\/www.jammersignal.com\/de\/wp-json\/wp\/v2\/product_cat?post=2277"},{"taxonomy":"product_tag","embeddable":true,"href":"https:\/\/www.jammersignal.com\/de\/wp-json\/wp\/v2\/product_tag?post=2277"}],"curies":[{"name":"wp","href":"https:\/\/api.w.org\/{rel}","templated":true}]}}