{"id":2280,"date":"2024-05-31T06:16:04","date_gmt":"2024-05-31T06:16:04","guid":{"rendered":"https:\/\/www.jammersignal.com\/?post_type=product&#038;p=2280"},"modified":"2025-08-15T09:30:08","modified_gmt":"2025-08-15T09:30:08","slug":"drone-jammer-interception-equipment-box-type","status":"publish","type":"product","link":"https:\/\/www.jammersignal.com\/de\/produkt\/drone-jammer-interception-equipment-box-type\/","title":{"rendered":"Hochleistungs-Drohnenst\u00f6rsender Abfangeinrichtung Box-Type UAV Drive Away Equipment"},"content":{"rendered":"<div data-elementor-type=\"wp-post\" data-elementor-id=\"2280\" class=\"elementor elementor-2280\">\n\t\t\t\t<div class=\"elementor-element elementor-element-4a8c2a2 e-flex e-con-boxed e-con e-parent\" data-id=\"4a8c2a2\" data-element_type=\"container\" data-e-type=\"container\">\n\t\t\t\t\t<div class=\"e-con-inner\">\n\t\t<div class=\"elementor-element elementor-element-2677d1d e-con-full e-flex e-con e-child\" data-id=\"2677d1d\" data-element_type=\"container\" data-e-type=\"container\">\n\t\t\t\t<div class=\"elementor-element elementor-element-5ee8a99 elementor-widget elementor-widget-text-editor\" data-id=\"5ee8a99\" data-element_type=\"widget\" data-e-type=\"widget\" data-widget_type=\"text-editor.default\">\n\t\t\t\t<div class=\"elementor-widget-container\">\n\t\t\t\t\t\t\t\t\t<h4>Technische Daten<\/h4><p>Dieser kastenf\u00f6rmige St\u00f6rsender f\u00fcr Drohnen kann nicht nur GPS-Satellitenortungssignale blockieren, sondern auch die von Drohnen h\u00e4ufig genutzten Frequenzb\u00e4nder 2.4G und 5.8G. Der UAV-St\u00f6rsender kann die Fernsteuerung der Drohne, die Bild\u00fcbertragung und den Signalempfang ung\u00fcltig machen, was dazu f\u00fchrt, dass die Drohne au\u00dfer Kontrolle ger\u00e4t, zur\u00fcckkehrt oder schwebt.<\/p><p>Dieser kastenf\u00f6rmige Drohnenst\u00f6rsender ist eine Drohnenabwehrl\u00f6sung, die f\u00fcr die menschliche Gesundheit sicher und umweltfreundlich ist.<\/p><p>Dieses wirksame, leise und schnelle St\u00f6rsender-System f\u00fcr Drohnen hat die folgenden Eigenschaften:<\/p><p><strong>Produktmerkmale:<\/strong><\/p><ol><li>St\u00f6rung der Kommunikation zwischen der Drohne und dem Bediener, wodurch die Fernsteuerung der Drohne ung\u00fcltig wird.<\/li><li>Verhinderung des Empfangs von Luftbildern und Videos, die von Drohnen gesendet werden, durch Bodenpersonal.<\/li><li>Machen Sie die Drohne ortungsunf\u00e4hig und zwingen Sie sie zur Landung oder R\u00fcckkehr.<\/li><\/ol><table width=\"400\"><tbody><tr><td width=\"72\"><strong>Parameter Name<\/strong><\/td><td width=\"328\"><strong>Angaben zu den Parametern<\/strong><\/td><\/tr><tr><td>Modell\u00a0<\/td><td>Box-Typ<\/td><\/tr><tr><td>Frequenzband<\/td><td width=\"328\">ANT1:1560~1620MHz<br \/>ANT2:2400~2486MHz<br \/>ANT3:5720~5850MHz<\/td><\/tr><tr><td>Gewicht des Wirts<\/td><td>\u22644,5 kg (einschlie\u00dflich eingebautem Akku)<\/td><\/tr><tr><td>Gr\u00f6\u00dfe des Hosts<\/td><td>L\u00e4nge 37cm, Breite 30cm, H\u00f6he 19cm<\/td><\/tr><\/tbody><\/table>\t\t\t\t\t\t\t\t<\/div>\n\t\t\t\t<\/div>\n\t\t\t\t<\/div>\n\t\t<div class=\"elementor-element elementor-element-63abe0f e-con-full e-flex e-con e-child\" data-id=\"63abe0f\" data-element_type=\"container\" data-e-type=\"container\">\n\t\t\t\t<div class=\"elementor-element elementor-element-3d0f9f0 elementor-widget elementor-widget-text-editor\" data-id=\"3d0f9f0\" data-element_type=\"widget\" data-e-type=\"widget\" data-widget_type=\"text-editor.default\">\n\t\t\t\t<div class=\"elementor-widget-container\">\n\t\t\t\t\t\t\t\t\t<h4>Informationen zum Produkt<\/h4><p>Berichte \u00fcber Unf\u00e4lle und Sachsch\u00e4den, die durch Drohnen (gemeinhin als \"Schwarzflug\" bezeichnet) verursacht werden, h\u00e4ufen sich immer mehr. Allein in der zweiten Jahresh\u00e4lfte 2016 ereigneten sich zahlreiche Unf\u00e4lle bei Gro\u00dfveranstaltungen, darunter Flugverbote und Abst\u00fcrze. In j\u00fcngster Zeit ereigneten sich Flugunf\u00e4lle in Kanada, Ningbo, Hefei und an anderen Orten, bei denen es zu Todesopfern kam. Das h\u00e4ufige Auftreten solcher Vorf\u00e4lle verdeutlicht die erheblichen Sicherheitsrisiken, die durch den unkontrollierten Einsatz von Drohnen entstehen. Im Falle einer unzureichenden \u00dcberwachung von Drohnen m\u00fcssen strenge Gegenma\u00dfnahmen ergriffen werden, um die Flugsicherheit zu gew\u00e4hrleisten.<\/p><p>Als bekannter Anbieter von Sicherheitsausr\u00fcstungen kann unser Unternehmen unabh\u00e4ngig entwickelte Drohnenst\u00f6rsender GNSS-Satellitenortungssignale wie GPS\/Beidou\/GLONASS\/Galileo st\u00f6ren. Dar\u00fcber hinaus kann er auch die ISM 2.4G- und ISM 5.8G-Frequenzb\u00e4nder st\u00f6ren, die \u00fcblicherweise von Drohnen verwendet werden, und Drohnen effektiv dazu zwingen, zu landen, zur\u00fcckzukehren oder zu schweben, indem er die Fernsteuerung, Bild\u00fcbertragung, Positionssignale usw. st\u00f6rt. Der von unserem Unternehmen entwickelte Drohnen-St\u00f6rsender ist leistungsstark und hat eine lange St\u00f6rungsdistanz, die je nach der spezifischen Einsatzumgebung 1-2 Kilometer erreichen kann.<\/p><p>Der St\u00f6rsender unseres Unternehmens kann nicht nur GPS-Satellitenortungssignale st\u00f6ren und blockieren, sondern auch die von Drohnen h\u00e4ufig genutzten Frequenzb\u00e4nder 2.4G und 5.8G. St\u00f6rungen k\u00f6nnen dazu f\u00fchren, dass die Fernsteuerung, die Bild\u00fcbertragung und der Signalempfang von Drohnen ausfallen, wodurch die Drohne unkontrolliert landet, zur\u00fcckkehrt oder schwebt.<\/p><p>Die kastenf\u00f6rmige Drohnenabwehrvorrichtung ist ein von unserem Unternehmen unabh\u00e4ngig entwickeltes Hochleistungs-Abfangsystem. Es st\u00f6rt das von den Drohnen genutzte Frequenzband, zerst\u00f6rt die Signal\u00fcbertragung im Uplink- und Downlink-Frequenzband, l\u00e4sst die Fernsteuerung der Drohne ausfallen, blockiert Bild- und Video\u00fcbertragungen und zwingt die Drohne, in der Luft zu schweben oder zu landen, wodurch die Verbindung zwischen der Drohne und der Fernsteuerung oder der Bodenstation effektiv unterbrochen wird. Das Ger\u00e4t eignet sich besonders f\u00fcr den Einsatz in Gef\u00e4ngnissen, Haftanstalten, Drogenrehabilitationszentren, Sicherheitsbeh\u00f6rden, beim Milit\u00e4r und bei anderen Gelegenheiten.<\/p>\t\t\t\t\t\t\t\t<\/div>\n\t\t\t\t<\/div>\n\t\t\t\t<\/div>\n\t\t\t\t\t<\/div>\n\t\t\t\t<\/div>\n\t\t\t\t<\/div>","protected":false},"excerpt":{"rendered":"<p>Dieser kastenf\u00f6rmige St\u00f6rsender f\u00fcr Drohnen kann nicht nur GPS-Satellitenortungssignale blockieren, sondern auch die von Drohnen h\u00e4ufig genutzten Frequenzb\u00e4nder 2.4G und 5.8G. Der UAV-St\u00f6rsender kann die Fernsteuerung der Drohne, die Bild\u00fcbertragung und den Signalempfang ung\u00fcltig machen, was dazu f\u00fchrt, dass die Drohne au\u00dfer Kontrolle ger\u00e4t, zur\u00fcckkehrt oder schwebt.<\/p>\n<p>Dieses wirksame, leise und schnelle St\u00f6rsender-System f\u00fcr Drohnen hat die folgenden Eigenschaften:<\/p>\n<p><strong>Produktmerkmale:<\/strong><\/p>\n<ol>\n<li>St\u00f6rung der Kommunikation zwischen der Drohne und dem Bediener, wodurch die Fernsteuerung der Drohne ung\u00fcltig wird.<\/li>\n<li>Verhinderung des Empfangs von Luftbildern und Videos, die von Drohnen gesendet werden, durch Bodenpersonal.<\/li>\n<li>Machen Sie die Drohne ortungsunf\u00e4hig und zwingen Sie sie zur Landung oder R\u00fcckkehr.<\/li>\n<\/ol>","protected":false},"featured_media":1781,"comment_status":"open","ping_status":"closed","template":"","meta":{"site-sidebar-layout":"no-sidebar","site-content-layout":"page-builder","ast-site-content-layout":"normal-width-container","site-content-style":"default","site-sidebar-style":"default","ast-global-header-display":"","ast-banner-title-visibility":"","ast-main-header-display":"","ast-hfb-above-header-display":"","ast-hfb-below-header-display":"","ast-hfb-mobile-header-display":"","site-post-title":"disabled","ast-breadcrumbs-content":"","ast-featured-img":"disabled","footer-sml-layout":"","ast-disable-related-posts":"","theme-transparent-header-meta":"default","adv-header-id-meta":"","stick-header-meta":"default","header-above-stick-meta":"","header-main-stick-meta":"","header-below-stick-meta":"","astra-migrate-meta-layouts":"set","ast-page-background-enabled":"default","ast-page-background-meta":{"desktop":{"background-color":"var(--ast-global-color-5)","background-image":"","background-repeat":"repeat","background-position":"center center","background-size":"auto","background-attachment":"scroll","background-type":"","background-media":"","overlay-type":"","overlay-color":"","overlay-opacity":"","overlay-gradient":""},"tablet":{"background-color":"","background-image":"","background-repeat":"repeat","background-position":"center center","background-size":"auto","background-attachment":"scroll","background-type":"","background-media":"","overlay-type":"","overlay-color":"","overlay-opacity":"","overlay-gradient":""},"mobile":{"background-color":"","background-image":"","background-repeat":"repeat","background-position":"center center","background-size":"auto","background-attachment":"scroll","background-type":"","background-media":"","overlay-type":"","overlay-color":"","overlay-opacity":"","overlay-gradient":""}},"ast-content-background-meta":{"desktop":{"background-color":"var(--ast-global-color-4)","background-image":"","background-repeat":"repeat","background-position":"center center","background-size":"auto","background-attachment":"scroll","background-type":"","background-media":"","overlay-type":"","overlay-color":"","overlay-opacity":"","overlay-gradient":""},"tablet":{"background-color":"var(--ast-global-color-4)","background-image":"","background-repeat":"repeat","background-position":"center center","background-size":"auto","background-attachment":"scroll","background-type":"","background-media":"","overlay-type":"","overlay-color":"","overlay-opacity":"","overlay-gradient":""},"mobile":{"background-color":"var(--ast-global-color-4)","background-image":"","background-repeat":"repeat","background-position":"center center","background-size":"auto","background-attachment":"scroll","background-type":"","background-media":"","overlay-type":"","overlay-color":"","overlay-opacity":"","overlay-gradient":""}}},"product_brand":[],"product_cat":[15,40,39,44,43,53,46,71,84,55,97,98,37,36],"product_tag":[345,496,448,499,470,207,452,473,502,536,537,503,504,424,453,368,505,211,524,493,465,476,509,434,512,457,479,230,516,560,549,487,488,552,441,519,562,561,558],"class_list":{"0":"post-2280","1":"product","2":"type-product","3":"status-publish","4":"has-post-thumbnail","6":"product_cat-signal-blocker","7":"product_cat-bluetooth-signal-blocker","8":"product_cat-bluetooth-jammer","9":"product_cat-drone-signal-blocker","10":"product_cat-drone-jammer","11":"product_cat-hidden-signal-jammer","12":"product_cat-high-power-signal-jammers","13":"product_cat-more-than-1000dollars-jammers","14":"product_cat-more-than-40meters","15":"product_cat-outdoor-jammer","16":"product_cat-wifi-2-4g-2400-2500mhz-jammer","17":"product_cat-wifi-5g-5100-5680mhz-or5720-5850mhz-jammer","18":"product_cat-wifi-signal-blocker","19":"product_cat-wifi-jammer","20":"product_tag-2-4ghz-wifi-jammer","21":"product_tag-all-frequency-jammer","22":"product_tag-anti-drone-jammer","23":"product_tag-broad-spectrum-radio-jammer","24":"product_tag-device-jammer","25":"product_tag-directional-cell-phone-jammer","26":"product_tag-diy-drone-jammer","27":"product_tag-door-jammer-hhhhhh","28":"product_tag-drone-frequency-jammer","29":"product_tag-drone-jammer-aaaaaa","30":"product_tag-drone-jammer-app","31":"product_tag-drone-jammer-for-sale","32":"product_tag-drone-radio-jammer","33":"product_tag-drone-signal-jammer","34":"product_tag-drone-signal-jammer-aaaaaa","35":"product_tag-drone-wifi-jammer","36":"product_tag-electronic-device-jammer","37":"product_tag-emp-jammer-cell-phone","38":"product_tag-frequency-jammer","39":"product_tag-how-do-jammer-work","40":"product_tag-how-do-signal-jammer-work","41":"product_tag-how-to-make-signal-jammer","42":"product_tag-jammer-blocker-signal","43":"product_tag-jammer-device","44":"product_tag-jammer-drone","45":"product_tag-jammer-meaning","46":"product_tag-jammer-signal-blocker","47":"product_tag-professional-cell-phone-jammer","48":"product_tag-rf-frequency-jammer","49":"product_tag-rf-jammer","50":"product_tag-rf-jammer-for-sale","51":"product_tag-rf-signal-jammer","52":"product_tag-security-door-jammer","53":"product_tag-signal-jammer-blocker","54":"product_tag-signal-jammer-cost","55":"product_tag-signal-jammer-diy","56":"product_tag-signal-jammer-for-cameras","57":"product_tag-signal-jammer-for-sale","58":"product_tag-whats-a-jammer","59":"desktop-align-left","60":"tablet-align-left","61":"mobile-align-left","62":"ast-product-gallery-layout-horizontal-slider","63":"ast-product-single-variable","64":"ast-product-tabs-layout-horizontal","66":"first","67":"instock","68":"sale","69":"shipping-taxable","70":"purchasable","71":"product-type-variable"},"yoast_head":"<!-- This site is optimized with the Yoast SEO plugin v23.9 - https:\/\/yoast.com\/wordpress\/plugins\/seo\/ -->\n<title>High-Power Drone Jammer Interception Equipment Box-Type UAV Expulsion Equipment, the interference radius can reach 1-2 kilometers - JAMMERSIGNAL<\/title>\n<meta name=\"description\" content=\"This box-type drone jammer can not only block GPS satellite positioning signals, but also block the 2.4G and 5.8G frequency bands commonly used by drones. The UAV jammer can cause the drone remote control, image transmission, and signal reception to fail.\" \/>\n<meta name=\"robots\" content=\"index, follow, max-snippet:-1, max-image-preview:large, max-video-preview:-1\" \/>\n<link rel=\"canonical\" href=\"https:\/\/www.jammersignal.com\/de\/produkt\/drone-jammer-interception-equipment-box-type\/\" \/>\n<meta property=\"og:locale\" content=\"de_DE\" \/>\n<meta property=\"og:type\" content=\"article\" \/>\n<meta property=\"og:title\" content=\"High-Power Drone Jammer Interception Equipment Box-Type UAV Expulsion Equipment, the interference radius can reach 1-2 kilometers - JAMMERSIGNAL\" \/>\n<meta property=\"og:description\" content=\"This box-type drone jammer can not only block GPS satellite positioning signals, but also block the 2.4G and 5.8G frequency bands commonly used by drones. The UAV jammer can cause the drone remote control, image transmission, and signal reception to fail.\" \/>\n<meta property=\"og:url\" content=\"https:\/\/www.jammersignal.com\/de\/produkt\/drone-jammer-interception-equipment-box-type\/\" \/>\n<meta property=\"og:site_name\" content=\"JAMMERSIGNAL\" \/>\n<meta property=\"article:modified_time\" content=\"2025-08-15T09:30:08+00:00\" \/>\n<meta property=\"og:image\" content=\"https:\/\/www.jammersignal.com\/wp-content\/uploads\/2024\/05\/high-power-drone-jammersignal-box-type-equipment-interception-jammers-1.jpg\" \/>\n\t<meta property=\"og:image:width\" content=\"500\" \/>\n\t<meta property=\"og:image:height\" content=\"500\" \/>\n\t<meta property=\"og:image:type\" content=\"image\/jpeg\" \/>\n<meta name=\"twitter:card\" content=\"summary_large_image\" \/>\n<meta name=\"twitter:label1\" content=\"Gesch\u00e4tzte Lesezeit\" \/>\n\t<meta name=\"twitter:data1\" content=\"3\u00a0Minuten\" \/>\n<script type=\"application\/ld+json\" class=\"yoast-schema-graph\">{\"@context\":\"https:\/\/schema.org\",\"@graph\":[{\"@type\":\"WebPage\",\"@id\":\"https:\/\/www.jammersignal.com\/product\/drone-jammer-interception-equipment-box-type\/\",\"url\":\"https:\/\/www.jammersignal.com\/product\/drone-jammer-interception-equipment-box-type\/\",\"name\":\"High-Power Drone Jammer Interception Equipment Box-Type UAV Expulsion Equipment, the interference radius can reach 1-2 kilometers - JAMMERSIGNAL\",\"isPartOf\":{\"@id\":\"https:\/\/www.jammersignal.com\/#website\"},\"primaryImageOfPage\":{\"@id\":\"https:\/\/www.jammersignal.com\/product\/drone-jammer-interception-equipment-box-type\/#primaryimage\"},\"image\":{\"@id\":\"https:\/\/www.jammersignal.com\/product\/drone-jammer-interception-equipment-box-type\/#primaryimage\"},\"thumbnailUrl\":\"https:\/\/www.jammersignal.com\/wp-content\/uploads\/2024\/05\/high-power-drone-jammersignal-box-type-equipment-interception-jammers-1.jpg\",\"datePublished\":\"2024-05-31T06:16:04+00:00\",\"dateModified\":\"2025-08-15T09:30:08+00:00\",\"description\":\"This box-type drone jammer can not only block GPS satellite positioning signals, but also block the 2.4G and 5.8G frequency bands commonly used by drones. The UAV jammer can cause the drone remote control, image transmission, and signal reception to fail.\",\"breadcrumb\":{\"@id\":\"https:\/\/www.jammersignal.com\/product\/drone-jammer-interception-equipment-box-type\/#breadcrumb\"},\"inLanguage\":\"de\",\"potentialAction\":[{\"@type\":\"ReadAction\",\"target\":[\"https:\/\/www.jammersignal.com\/product\/drone-jammer-interception-equipment-box-type\/\"]}]},{\"@type\":\"ImageObject\",\"inLanguage\":\"de\",\"@id\":\"https:\/\/www.jammersignal.com\/product\/drone-jammer-interception-equipment-box-type\/#primaryimage\",\"url\":\"https:\/\/www.jammersignal.com\/wp-content\/uploads\/2024\/05\/high-power-drone-jammersignal-box-type-equipment-interception-jammers-1.jpg\",\"contentUrl\":\"https:\/\/www.jammersignal.com\/wp-content\/uploads\/2024\/05\/high-power-drone-jammersignal-box-type-equipment-interception-jammers-1.jpg\",\"width\":500,\"height\":500,\"caption\":\"high power drone jammersignal box type equipment interception jammers (1)\"},{\"@type\":\"BreadcrumbList\",\"@id\":\"https:\/\/www.jammersignal.com\/product\/drone-jammer-interception-equipment-box-type\/#breadcrumb\",\"itemListElement\":[{\"@type\":\"ListItem\",\"position\":1,\"name\":\"Home\",\"item\":\"https:\/\/www.jammersignal.com\/\"},{\"@type\":\"ListItem\",\"position\":2,\"name\":\"Shop\",\"item\":\"https:\/\/www.jammersignal.com\/shop\/\"},{\"@type\":\"ListItem\",\"position\":3,\"name\":\"Signal Blocker\",\"item\":\"https:\/\/www.jammersignal.com\/product-category\/signal-blocker\/\"},{\"@type\":\"ListItem\",\"position\":4,\"name\":\"High-Power Drone Jammer Interception Equipment Box-Type UAV Drive Away Equipment\"}]},{\"@type\":\"WebSite\",\"@id\":\"https:\/\/www.jammersignal.com\/#website\",\"url\":\"https:\/\/www.jammersignal.com\/\",\"name\":\"JAMMERSIGNAL\",\"description\":\"\",\"publisher\":{\"@id\":\"https:\/\/www.jammersignal.com\/#organization\"},\"potentialAction\":[{\"@type\":\"SearchAction\",\"target\":{\"@type\":\"EntryPoint\",\"urlTemplate\":\"https:\/\/www.jammersignal.com\/?s={search_term_string}\"},\"query-input\":{\"@type\":\"PropertyValueSpecification\",\"valueRequired\":true,\"valueName\":\"search_term_string\"}}],\"inLanguage\":\"de\"},{\"@type\":\"Organization\",\"@id\":\"https:\/\/www.jammersignal.com\/#organization\",\"name\":\"JAMMERSIGNAL\",\"url\":\"https:\/\/www.jammersignal.com\/\",\"logo\":{\"@type\":\"ImageObject\",\"inLanguage\":\"de\",\"@id\":\"https:\/\/www.jammersignal.com\/#\/schema\/logo\/image\/\",\"url\":\"https:\/\/www.jammersignal.com\/wp-content\/uploads\/2024\/05\/cropped-jammersignal-logo-4.png\",\"contentUrl\":\"https:\/\/www.jammersignal.com\/wp-content\/uploads\/2024\/05\/cropped-jammersignal-logo-4.png\",\"width\":104,\"height\":34,\"caption\":\"JAMMERSIGNAL\"},\"image\":{\"@id\":\"https:\/\/www.jammersignal.com\/#\/schema\/logo\/image\/\"}}]}<\/script>\n<!-- \/ Yoast SEO plugin. -->","yoast_head_json":{"title":"High-Power Drone Jammer Interception Equipment Box-Type UAV Vertreibung Ausr\u00fcstung, kann die Interferenz Radius 1-2 Kilometer erreichen - JAMMERSIGNAL","description":"Dieser kastenf\u00f6rmige St\u00f6rsender f\u00fcr Drohnen kann nicht nur GPS-Satellitenortungssignale blockieren, sondern auch die von Drohnen h\u00e4ufig genutzten Frequenzb\u00e4nder 2.4G und 5.8G. Der UAV-St\u00f6rsender kann dazu f\u00fchren, dass die Fernsteuerung der Drohne, die Bild\u00fcbertragung und der Signalempfang ausfallen.","robots":{"index":"index","follow":"follow","max-snippet":"max-snippet:-1","max-image-preview":"max-image-preview:large","max-video-preview":"max-video-preview:-1"},"canonical":"https:\/\/www.jammersignal.com\/de\/produkt\/drone-jammer-interception-equipment-box-type\/","og_locale":"de_DE","og_type":"article","og_title":"High-Power Drone Jammer Interception Equipment Box-Type UAV Expulsion Equipment, the interference radius can reach 1-2 kilometers - JAMMERSIGNAL","og_description":"This box-type drone jammer can not only block GPS satellite positioning signals, but also block the 2.4G and 5.8G frequency bands commonly used by drones. The UAV jammer can cause the drone remote control, image transmission, and signal reception to fail.","og_url":"https:\/\/www.jammersignal.com\/de\/produkt\/drone-jammer-interception-equipment-box-type\/","og_site_name":"JAMMERSIGNAL","article_modified_time":"2025-08-15T09:30:08+00:00","og_image":[{"width":500,"height":500,"url":"https:\/\/www.jammersignal.com\/wp-content\/uploads\/2024\/05\/high-power-drone-jammersignal-box-type-equipment-interception-jammers-1.jpg","type":"image\/jpeg"}],"twitter_card":"summary_large_image","twitter_misc":{"Gesch\u00e4tzte Lesezeit":"3\u00a0Minuten"},"schema":{"@context":"https:\/\/schema.org","@graph":[{"@type":"WebPage","@id":"https:\/\/www.jammersignal.com\/product\/drone-jammer-interception-equipment-box-type\/","url":"https:\/\/www.jammersignal.com\/product\/drone-jammer-interception-equipment-box-type\/","name":"High-Power Drone Jammer Interception Equipment Box-Type UAV Vertreibung Ausr\u00fcstung, kann die Interferenz Radius 1-2 Kilometer erreichen - JAMMERSIGNAL","isPartOf":{"@id":"https:\/\/www.jammersignal.com\/#website"},"primaryImageOfPage":{"@id":"https:\/\/www.jammersignal.com\/product\/drone-jammer-interception-equipment-box-type\/#primaryimage"},"image":{"@id":"https:\/\/www.jammersignal.com\/product\/drone-jammer-interception-equipment-box-type\/#primaryimage"},"thumbnailUrl":"https:\/\/www.jammersignal.com\/wp-content\/uploads\/2024\/05\/high-power-drone-jammersignal-box-type-equipment-interception-jammers-1.jpg","datePublished":"2024-05-31T06:16:04+00:00","dateModified":"2025-08-15T09:30:08+00:00","description":"Dieser kastenf\u00f6rmige St\u00f6rsender f\u00fcr Drohnen kann nicht nur GPS-Satellitenortungssignale blockieren, sondern auch die von Drohnen h\u00e4ufig genutzten Frequenzb\u00e4nder 2.4G und 5.8G. Der UAV-St\u00f6rsender kann dazu f\u00fchren, dass die Fernsteuerung der Drohne, die Bild\u00fcbertragung und der Signalempfang ausfallen.","breadcrumb":{"@id":"https:\/\/www.jammersignal.com\/product\/drone-jammer-interception-equipment-box-type\/#breadcrumb"},"inLanguage":"de","potentialAction":[{"@type":"ReadAction","target":["https:\/\/www.jammersignal.com\/product\/drone-jammer-interception-equipment-box-type\/"]}]},{"@type":"ImageObject","inLanguage":"de","@id":"https:\/\/www.jammersignal.com\/product\/drone-jammer-interception-equipment-box-type\/#primaryimage","url":"https:\/\/www.jammersignal.com\/wp-content\/uploads\/2024\/05\/high-power-drone-jammersignal-box-type-equipment-interception-jammers-1.jpg","contentUrl":"https:\/\/www.jammersignal.com\/wp-content\/uploads\/2024\/05\/high-power-drone-jammersignal-box-type-equipment-interception-jammers-1.jpg","width":500,"height":500,"caption":"high power drone jammersignal box type equipment interception jammers (1)"},{"@type":"BreadcrumbList","@id":"https:\/\/www.jammersignal.com\/product\/drone-jammer-interception-equipment-box-type\/#breadcrumb","itemListElement":[{"@type":"ListItem","position":1,"name":"Home","item":"https:\/\/www.jammersignal.com\/"},{"@type":"ListItem","position":2,"name":"Shop","item":"https:\/\/www.jammersignal.com\/shop\/"},{"@type":"ListItem","position":3,"name":"Signal Blocker","item":"https:\/\/www.jammersignal.com\/product-category\/signal-blocker\/"},{"@type":"ListItem","position":4,"name":"High-Power Drone Jammer Interception Equipment Box-Type UAV Drive Away Equipment"}]},{"@type":"WebSite","@id":"https:\/\/www.jammersignal.com\/#website","url":"https:\/\/www.jammersignal.com\/","name":"JAMMERSIGNAL","description":"","publisher":{"@id":"https:\/\/www.jammersignal.com\/#organization"},"potentialAction":[{"@type":"SearchAction","target":{"@type":"EntryPoint","urlTemplate":"https:\/\/www.jammersignal.com\/?s={search_term_string}"},"query-input":{"@type":"PropertyValueSpecification","valueRequired":true,"valueName":"search_term_string"}}],"inLanguage":"de"},{"@type":"Organization","@id":"https:\/\/www.jammersignal.com\/#organization","name":"JAMMERSIGNAL","url":"https:\/\/www.jammersignal.com\/","logo":{"@type":"ImageObject","inLanguage":"de","@id":"https:\/\/www.jammersignal.com\/#\/schema\/logo\/image\/","url":"https:\/\/www.jammersignal.com\/wp-content\/uploads\/2024\/05\/cropped-jammersignal-logo-4.png","contentUrl":"https:\/\/www.jammersignal.com\/wp-content\/uploads\/2024\/05\/cropped-jammersignal-logo-4.png","width":104,"height":34,"caption":"JAMMERSIGNAL"},"image":{"@id":"https:\/\/www.jammersignal.com\/#\/schema\/logo\/image\/"}}]}},"_links":{"self":[{"href":"https:\/\/www.jammersignal.com\/de\/wp-json\/wp\/v2\/product\/2280","targetHints":{"allow":["GET"]}}],"collection":[{"href":"https:\/\/www.jammersignal.com\/de\/wp-json\/wp\/v2\/product"}],"about":[{"href":"https:\/\/www.jammersignal.com\/de\/wp-json\/wp\/v2\/types\/product"}],"replies":[{"embeddable":true,"href":"https:\/\/www.jammersignal.com\/de\/wp-json\/wp\/v2\/comments?post=2280"}],"version-history":[{"count":5,"href":"https:\/\/www.jammersignal.com\/de\/wp-json\/wp\/v2\/product\/2280\/revisions"}],"predecessor-version":[{"id":2379,"href":"https:\/\/www.jammersignal.com\/de\/wp-json\/wp\/v2\/product\/2280\/revisions\/2379"}],"wp:featuredmedia":[{"embeddable":true,"href":"https:\/\/www.jammersignal.com\/de\/wp-json\/wp\/v2\/media\/1781"}],"wp:attachment":[{"href":"https:\/\/www.jammersignal.com\/de\/wp-json\/wp\/v2\/media?parent=2280"}],"wp:term":[{"taxonomy":"product_brand","embeddable":true,"href":"https:\/\/www.jammersignal.com\/de\/wp-json\/wp\/v2\/product_brand?post=2280"},{"taxonomy":"product_cat","embeddable":true,"href":"https:\/\/www.jammersignal.com\/de\/wp-json\/wp\/v2\/product_cat?post=2280"},{"taxonomy":"product_tag","embeddable":true,"href":"https:\/\/www.jammersignal.com\/de\/wp-json\/wp\/v2\/product_tag?post=2280"}],"curies":[{"name":"wp","href":"https:\/\/api.w.org\/{rel}","templated":true}]}}