{"id":4008,"date":"2025-01-08T00:33:41","date_gmt":"2025-01-08T00:33:41","guid":{"rendered":"https:\/\/www.jammersignal.com\/?post_type=product&#038;p=4008"},"modified":"2026-01-31T10:27:01","modified_gmt":"2026-01-31T10:27:01","slug":"2g-3g-4g-5g-wifi-6e-2-4g-5-8g-bluetooth-gps-cell-phone-jammer","status":"publish","type":"product","link":"https:\/\/www.jammersignal.com\/de\/produkt\/2g-3g-4g-5g-wifi-6e-2-4g-5-8g-bluetooth-gps-cell-phone-jammer\/","title":{"rendered":"2G 3G 4G 5G WIFI 6E 2.4G 5.8G Bluetooth GPS FM Radio RC UHF VHF\/LOJACK LORA\/RC915 868 315 Cell Phone Jammer"},"content":{"rendered":"<div data-elementor-type=\"wp-post\" data-elementor-id=\"4008\" class=\"elementor elementor-4008\">\n\t\t\t\t<div class=\"elementor-element elementor-element-4a8c2a2 e-flex e-con-boxed e-con e-parent\" data-id=\"4a8c2a2\" data-element_type=\"container\" data-e-type=\"container\">\n\t\t\t\t\t<div class=\"e-con-inner\">\n\t\t<div class=\"elementor-element elementor-element-2677d1d e-con-full e-flex e-con e-child\" data-id=\"2677d1d\" data-element_type=\"container\" data-e-type=\"container\">\n\t\t\t\t<div class=\"elementor-element elementor-element-5ee8a99 elementor-widget elementor-widget-text-editor\" data-id=\"5ee8a99\" data-element_type=\"widget\" data-e-type=\"widget\" data-widget_type=\"text-editor.default\">\n\t\t\t\t<div class=\"elementor-widget-container\">\n\t\t\t\t\t\t\t\t\t<h4>Technische Daten<\/h4><table width=\"877\"><tbody><tr><td colspan=\"4\" width=\"877\">Wichtige technische Spezifikationen: FM Radio und Wi-Fi 6E St\u00f6rsender f\u00fcr weltweit<\/td><\/tr><tr><td>Kanal\u00a0<\/td><td>Ausgang<\/td><td>Frequenzbereich<\/td><td>Strom<\/td><\/tr><tr><td>CH 1<\/td><td>VHF\/LOJACK<\/td><td>135-175MHz<\/td><td>30\u00b11dBm\/ 1\u00b10.2W<\/td><\/tr><tr><td>CH 2<\/td><td>5G600<\/td><td>617-698MHz<\/td><td>30\u00b11dBm\/ 1\u00b10.2W<\/td><\/tr><tr><td>CH 3<\/td><td>5G3700<\/td><td>3600-3900MHz<\/td><td>30\u00b11dBm\/ 1\u00b10.2W<\/td><\/tr><tr><td>CH 4<\/td><td>3G2100<\/td><td>2110-2180MHZ<\/td><td>30\u00b11dBm\/ 1\u00b10.2W<\/td><\/tr><tr><td>CH 5<\/td><td>RC-868<\/td><td>868MHz<\/td><td>30\u00b11dBm\/ 1\u00b10.2W<\/td><\/tr><tr><td>CH 6<\/td><td>WIFI5.2G<\/td><td>5100-5500MHz<\/td><td>30\u00b11dBm\/ 1\u00b10.2W<\/td><\/tr><tr><td>CH 7<\/td><td>4G2600<\/td><td>2620-2690MHZ<\/td><td>30\u00b11dBm\/ 1\u00b10.2W<\/td><\/tr><tr><td>CH 8<\/td><td>4G800<\/td><td>790-826MHz<\/td><td>30\u00b11dBm\/ 1\u00b10.2W<\/td><\/tr><tr><td>CH 9<\/td><td>FM-Radio<\/td><td>80-108MHz<\/td><td>30\u00b11dBm\/ 1\u00b10.2W<\/td><\/tr><tr><td>CH 10<\/td><td>RC-433<\/td><td>433-434MHz<\/td><td>30\u00b11dBm\/ 1\u00b10.2W<\/td><\/tr><tr><td>CH 11<\/td><td>4G700<\/td><td>700-803MHz<\/td><td>30\u00b11dBm\/ 1\u00b10.2W<\/td><\/tr><tr><td>CH 12<\/td><td>GPSL1<\/td><td>1560-1610MHz<\/td><td>30\u00b11dBm\/ 1\u00b10.2W<\/td><\/tr><tr><td>CH 13<\/td><td>LORA\/RC915<\/td><td>900-930MHz<\/td><td>30\u00b11dBm\/ 1\u00b10.2W<\/td><\/tr><tr><td>CH 14<\/td><td>4G2500<\/td><td>2500-2620MHz<\/td><td>30\u00b11dBm\/ 1\u00b10.2W<\/td><\/tr><tr><td>CH 15<\/td><td>GPSL2L3L4L5<\/td><td>1170-1390MHz<\/td><td>30\u00b11dBm\/ 1\u00b10.2W<\/td><\/tr><tr><td>CH 16<\/td><td>CDMA850<\/td><td>851-894MHZ<\/td><td>30\u00b11dBm\/ 1\u00b10.2W<\/td><\/tr><tr><td>CH 17<\/td><td>4G1700<\/td><td>1710-1780MHz<\/td><td>30\u00b11dBm\/ 1\u00b10.2W<\/td><\/tr><tr><td>CH 18<\/td><td>WIFI 6E<\/td><td>5925-6425MHz<\/td><td>30\u00b11dBm\/ 1\u00b10.2W<\/td><\/tr><tr><td>CH 19<\/td><td>RC-315<\/td><td>315MHz<\/td><td>30\u00b11dBm\/ 1\u00b10.2W<\/td><\/tr><tr><td>CH 20<\/td><td>GSM900<\/td><td>925-960MHz<\/td><td>30\u00b11dBm\/ 1\u00b10.2W<\/td><\/tr><tr><td>CH 21<\/td><td>DCS1800<\/td><td>1805-1920MHz<\/td><td>30\u00b11dBm\/ 1\u00b10.2W<\/td><\/tr><tr><td>CH 22<\/td><td>WIFI2.4G<\/td><td>2400-2500MHz<\/td><td>30\u00b11dBm\/ 1\u00b10.2W<\/td><\/tr><tr><td>CH 23<\/td><td>WIFI5.8G<\/td><td>5500-5900MHz<\/td><td>30\u00b11dBm\/ 1\u00b10.2W<\/td><\/tr><tr><td>CH 24<\/td><td>5G3300\/3500<\/td><td>3300-3600MHZ<\/td><td>30\u00b11dBm\/ 1\u00b10.2W<\/td><\/tr><tr><td>CH 25<\/td><td>UHF&amp;CDMA450<\/td><td>400-470MHz<\/td><td>30\u00b11dBm\/ 1\u00b10.2W<\/td><\/tr><tr><td>CH 26<\/td><td>5G1500<\/td><td>1427-1518MHz<\/td><td>30\u00b11dBm\/ 1\u00b10.2W<\/td><\/tr><tr><td>CH 27<\/td><td>PCS1900<\/td><td>1920-2000MHz<\/td><td>30\u00b11dBm\/ 1\u00b10.2W<\/td><\/tr><tr><td>CH 28<\/td><td>4G2300<\/td><td>2300-2400MHz<\/td><td>30\u00b11dBm\/ 1\u00b10.2W<\/td><\/tr><tr><td colspan=\"4\">Stromversorgung: 50-60Hz AC-Adapter (110-240V AC\/12V DC)<br \/>Autoladeger\u00e4t: DC12V IN<br \/>Eingebauter Akku h\u00e4lt: ca. 90 Minuten<\/td><\/tr><tr><td colspan=\"4\">Abmessungen: (L\u00e4nge, Breite, H\u00f6he) 200x133x66mm (ohne Antenne)<br \/>L\u00e4nge der Antenne: 166-195mm<br \/>Verst\u00e4rkung: 2,0 dbi<\/td><\/tr><tr><td colspan=\"4\">Abmessungen der Verpackung: 295 x 260 x 125 mm<br \/>Nettogewicht: 2,2 kg<br \/>Bruttogewicht: 3,0 kg<\/td><\/tr><tr><td colspan=\"4\">Gesamtleistung: 28 W<br \/>Abschirmungsradius: (2-25) Meter, immer abh\u00e4ngig von der Signalst\u00e4rke im jeweiligen Gebiet<\/td><\/tr><\/tbody><\/table>\t\t\t\t\t\t\t\t<\/div>\n\t\t\t\t<\/div>\n\t\t\t\t<\/div>\n\t\t<div class=\"elementor-element elementor-element-63abe0f e-con-full e-flex e-con e-child\" data-id=\"63abe0f\" data-element_type=\"container\" data-e-type=\"container\">\n\t\t\t\t<div class=\"elementor-element elementor-element-3d0f9f0 elementor-widget elementor-widget-text-editor\" data-id=\"3d0f9f0\" data-element_type=\"widget\" data-e-type=\"widget\" data-widget_type=\"text-editor.default\">\n\t\t\t\t<div class=\"elementor-widget-container\">\n\t\t\t\t\t\t\t\t\t<h4>Informationen zum Produkt<\/h4><ol><li>St\u00f6rsignal-Typ: N28: 5G\/4G\/3G\/2G Full Band Mobile Phones + 2.4G\/5G WiFi + GPSL1-L5 UHF\/VHF\/LOJACK + RC433 315 868 + LORA + FM Radio + WiFi 6E<\/li><li>Ausgangsleistung: 28 W insgesamt, 1 W pro Band mit Rundstrahlantennen mit 2 dBi Gewinn<\/li><li>St\u00f6rungsradius: 2 bis 25 Meter H\u00e4ngt immer von der Signalst\u00e4rke im jeweiligen Gebiet ab<\/li><li>Stromversorgung: AC 110-240V bis DC 12V<\/li><li>K\u00fchlsystem: Hocheffizienter K\u00fchler aus Aluminiumlegierung, 3 eingebaute L\u00fcfter<\/li><li>Betriebsdauer bei voll aufgeladenem Akku: Der eingebaute Akku arbeitet weiter: ca. 90 Minuten<\/li><li>Produktgr\u00f6\u00dfe: 200 x 133 x 66 mm (ohne Antenne)<\/li><li>Produktgewicht: etwa 3,0 kg<\/li><li>Paketinhalt: Jammer Host x 1, Power Charger x1, Omnidirektionale Antenne x27, Car Charger x1, Nylon Cover x1.<\/li><\/ol><p><strong>Vorteile<\/strong> :<\/p><ol><li>Der weltweit erste tragbare 28-Band-St\u00f6rsender mit 27 Antennen, der FM-Radio &amp; Wi-Fi 6E &amp; alle RF GPS Wi-Fi 5G 4G 3G 2G LORA LOJACK Handy-Signale blockiert<\/li><li>Hohe Ausgangsleistung von 28 Watt, St\u00f6rbereich von 2 bis 25 Metern (bei -75 dBm, abh\u00e4ngig von der Signalst\u00e4rke im jeweiligen Gebiet)<\/li><li>Gutes K\u00fchlsystem mit 3 L\u00fcftern im Inneren und gr\u00f6\u00dferem K\u00fchlk\u00f6rper, Nylonh\u00fclle f\u00fcr Handheld<\/li><li>Mit dem DIP-Schalter kann ein beliebiges Signalband ein- und ausgeschaltet werden, ohne andere B\u00e4nder zu beeintr\u00e4chtigen<\/li><li>Ausgestattet mit einem Autoladeger\u00e4t, kann auch \u00fcber ein 12V DC\/AC-Netzteil geladen werden<\/li><li>Mit eingebautem Akku, kann 90 Minuten arbeiten, wiederholtes Aufladen<\/li><li>LCD-Anzeige der Batteriekapazit\u00e4t (Kapazit\u00e4t in Prozent, Betriebsspannung\/Strom)<\/li><\/ol><p><strong>Anmeldung<\/strong> :<\/p><ul><li>Es kann in Besprechungsr\u00e4umen, Konferenzr\u00e4umen, Museen, Galerien, Theatern, Konzerts\u00e4len, Kirchen, Tempeln, Restaurants, Klassenzimmern, Schulungszentren, Fabriken, Banken, Z\u00fcgen, Bussen und anderen Orten eingesetzt werden, die Ruhe, Vertraulichkeit und Informationssicherheit erfordern.<\/li><li>F\u00fcr einige spezielle Einsatzorte wie Krankenh\u00e4user, Tankstellen und andere, f\u00fchren Sie bitte zuerst einen Feldtest durch, um sicherzustellen, dass keine Interferenzen mit dem normalen Betrieb ihrer Ger\u00e4te und Instrumente aufgetreten sind.<\/li><\/ul>\t\t\t\t\t\t\t\t<\/div>\n\t\t\t\t<\/div>\n\t\t\t\t<\/div>\n\t\t\t\t\t<\/div>\n\t\t\t\t<\/div>\n\t\t\t\t<\/div>","protected":false},"excerpt":{"rendered":"<p>Brandneue und einzigartige einteilige Design drahtlose Signalst\u00f6rer mit 28 Frequenzb\u00e4ndern, 27 Antennen, Nylonh\u00fclle, leicht zu tragen, kann mit allen Arten von Android-Handys, Tablets, Smartphones, iPhones, Win-Handys, etc. st\u00f6ren, kann GSM, 3G, 4G 5G und CDMA 450Mhz blockieren, blockiert GPS, Glonass, Beidou, Wi-Fi 2.4G, Wi-Fi 5G, Wi-Fi 6E, UHF\/VHF und RF Walkie Talkie Signale wie 315, 433, 868, 915, LORA, LOJACK, 88-108 MHz FM, etc.<\/p>\n<p><strong>Vorteil<\/strong>:<\/p>\n<ul>\n<li>Weltweit erster tragbarer 28-Band-St\u00f6rsender mit 27 Antennen zum Blockieren von FM-Radio &amp; Wi-Fi 6E &amp; allen RF GPS Wi-Fi 5G 4G 3G 2G LORA LOJACK Handysignalen<\/li>\n<li>28W hohe Ausgangsleistung, 2-25 Meter St\u00f6rbereich (-75dBm, abh\u00e4ngig von der Signalst\u00e4rke in einem bestimmten Gebiet)<\/li>\n<li>Gutes K\u00fchlsystem mit 3 L\u00fcftern im Inneren und gr\u00f6\u00dferem K\u00fchlk\u00f6rper, tragbare Nylontasche<\/li>\n<li>Mit dem DIP-Schalter k\u00f6nnen Sie jedes Signalband aktivieren\/deaktivieren, ohne andere B\u00e4nder zu beeintr\u00e4chtigen.<\/li>\n<li>Ausgestattet mit einem Autoladeger\u00e4t, kann auch \u00fcber ein 12V DC\/AC-Netzteil geladen werden<\/li>\n<li>Eingebauter Akku, kann 90 Minuten lang arbeiten, wiederaufladbar<\/li>\n<li>LCD-Anzeige der Batteriekapazit\u00e4t (Kapazit\u00e4t in Prozent, Betriebsspannung\/Strom)<\/li>\n<\/ul>","protected":false},"featured_media":4009,"comment_status":"open","ping_status":"closed","template":"","meta":{"site-sidebar-layout":"no-sidebar","site-content-layout":"page-builder","ast-site-content-layout":"normal-width-container","site-content-style":"default","site-sidebar-style":"default","ast-global-header-display":"","ast-banner-title-visibility":"","ast-main-header-display":"","ast-hfb-above-header-display":"","ast-hfb-below-header-display":"","ast-hfb-mobile-header-display":"","site-post-title":"disabled","ast-breadcrumbs-content":"","ast-featured-img":"disabled","footer-sml-layout":"","ast-disable-related-posts":"","theme-transparent-header-meta":"default","adv-header-id-meta":"","stick-header-meta":"default","header-above-stick-meta":"","header-main-stick-meta":"","header-below-stick-meta":"","astra-migrate-meta-layouts":"set","ast-page-background-enabled":"default","ast-page-background-meta":{"desktop":{"background-color":"var(--ast-global-color-5)","background-image":"","background-repeat":"repeat","background-position":"center center","background-size":"auto","background-attachment":"scroll","background-type":"","background-media":"","overlay-type":"","overlay-color":"","overlay-opacity":"","overlay-gradient":""},"tablet":{"background-color":"","background-image":"","background-repeat":"repeat","background-position":"center center","background-size":"auto","background-attachment":"scroll","background-type":"","background-media":"","overlay-type":"","overlay-color":"","overlay-opacity":"","overlay-gradient":""},"mobile":{"background-color":"","background-image":"","background-repeat":"repeat","background-position":"center center","background-size":"auto","background-attachment":"scroll","background-type":"","background-media":"","overlay-type":"","overlay-color":"","overlay-opacity":"","overlay-gradient":""}},"ast-content-background-meta":{"desktop":{"background-color":"var(--ast-global-color-4)","background-image":"","background-repeat":"repeat","background-position":"center center","background-size":"auto","background-attachment":"scroll","background-type":"","background-media":"","overlay-type":"","overlay-color":"","overlay-opacity":"","overlay-gradient":""},"tablet":{"background-color":"var(--ast-global-color-4)","background-image":"","background-repeat":"repeat","background-position":"center center","background-size":"auto","background-attachment":"scroll","background-type":"","background-media":"","overlay-type":"","overlay-color":"","overlay-opacity":"","overlay-gradient":""},"mobile":{"background-color":"var(--ast-global-color-4)","background-image":"","background-repeat":"repeat","background-position":"center center","background-size":"auto","background-attachment":"scroll","background-type":"","background-media":"","overlay-type":"","overlay-color":"","overlay-opacity":"","overlay-gradient":""}}},"product_brand":[],"product_cat":[15,42,45,57,33,32,34,61,36],"product_tag":[],"class_list":{"0":"post-4008","1":"product","2":"type-product","3":"status-publish","4":"has-post-thumbnail","6":"product_cat-signal-blocker","7":"product_cat-4g-jammer","8":"product_cat-5g-jammers","9":"product_cat-antenna-jammer","10":"product_cat-cell-phone-signal-blocker","11":"product_cat-cell-phone-signal-jammer","12":"product_cat-gps-signal-jammer","13":"product_cat-portable-jammer","14":"product_cat-wifi-jammer","15":"desktop-align-left","16":"tablet-align-left","17":"mobile-align-left","18":"ast-product-gallery-layout-horizontal-slider","19":"ast-product-single-variable","20":"ast-product-tabs-layout-horizontal","22":"first","23":"instock","24":"sale","25":"shipping-taxable","26":"purchasable","27":"product-type-variable"},"yoast_head":"<!-- This site is optimized with the Yoast SEO plugin v23.9 - https:\/\/yoast.com\/wordpress\/plugins\/seo\/ -->\n<title>2G 3G 4G 5G WIFI 6E 2.4G 5.8G Bluetooth GPS FM Radio RC UHF VHF\/LOJACK LORA\/RC915 868 315 Cell Phone Jammer - JAMMERSIGNAL<\/title>\n<meta name=\"description\" content=\"World&#039;s First 28 Band Portable Jammer with 27 Antennas Designed to Block FM Radio &amp; Wi-Fi 6E &amp; All RF GPS Wi-Fi 5G 4G 3G 2G LORA LOJACK Cell Phone Signals. 28W high output power, 2-25 meters interference range (-75dBm, depending on signal strength in a given area)\" \/>\n<meta name=\"robots\" content=\"index, follow, max-snippet:-1, max-image-preview:large, max-video-preview:-1\" \/>\n<link rel=\"canonical\" href=\"https:\/\/www.jammersignal.com\/de\/produkt\/2g-3g-4g-5g-wifi-6e-2-4g-5-8g-bluetooth-gps-cell-phone-jammer\/\" \/>\n<meta property=\"og:locale\" content=\"de_DE\" \/>\n<meta property=\"og:type\" content=\"article\" \/>\n<meta property=\"og:title\" content=\"2G 3G 4G 5G WIFI 6E 2.4G 5.8G Bluetooth GPS FM Radio RC UHF VHF\/LOJACK LORA\/RC915 868 315 Cell Phone Jammer - JAMMERSIGNAL\" \/>\n<meta property=\"og:description\" content=\"World&#039;s First 28 Band Portable Jammer with 27 Antennas Designed to Block FM Radio &amp; Wi-Fi 6E &amp; All RF GPS Wi-Fi 5G 4G 3G 2G LORA LOJACK Cell Phone Signals. 28W high output power, 2-25 meters interference range (-75dBm, depending on signal strength in a given area)\" \/>\n<meta property=\"og:url\" content=\"https:\/\/www.jammersignal.com\/de\/produkt\/2g-3g-4g-5g-wifi-6e-2-4g-5-8g-bluetooth-gps-cell-phone-jammer\/\" \/>\n<meta property=\"og:site_name\" content=\"JAMMERSIGNAL\" \/>\n<meta property=\"article:modified_time\" content=\"2026-01-31T10:27:01+00:00\" \/>\n<meta property=\"og:image\" content=\"https:\/\/www.jammersignal.com\/wp-content\/uploads\/2025\/01\/2g-3g-4g-5g-wifi-6e-2.4g-5.8g-bluetooth-gps-fm-radio-1.jpg\" \/>\n\t<meta property=\"og:image:width\" content=\"1000\" \/>\n\t<meta property=\"og:image:height\" content=\"1000\" \/>\n\t<meta property=\"og:image:type\" content=\"image\/jpeg\" \/>\n<meta name=\"twitter:card\" content=\"summary_large_image\" \/>\n<meta name=\"twitter:label1\" content=\"Gesch\u00e4tzte Lesezeit\" \/>\n\t<meta name=\"twitter:data1\" content=\"3\u00a0Minuten\" \/>\n<script type=\"application\/ld+json\" class=\"yoast-schema-graph\">{\"@context\":\"https:\/\/schema.org\",\"@graph\":[{\"@type\":\"WebPage\",\"@id\":\"https:\/\/www.jammersignal.com\/product\/2g-3g-4g-5g-wifi-6e-2-4g-5-8g-bluetooth-gps-cell-phone-jammer\/\",\"url\":\"https:\/\/www.jammersignal.com\/product\/2g-3g-4g-5g-wifi-6e-2-4g-5-8g-bluetooth-gps-cell-phone-jammer\/\",\"name\":\"2G 3G 4G 5G WIFI 6E 2.4G 5.8G Bluetooth GPS FM Radio RC UHF VHF\/LOJACK LORA\/RC915 868 315 Cell Phone Jammer - JAMMERSIGNAL\",\"isPartOf\":{\"@id\":\"https:\/\/www.jammersignal.com\/#website\"},\"primaryImageOfPage\":{\"@id\":\"https:\/\/www.jammersignal.com\/product\/2g-3g-4g-5g-wifi-6e-2-4g-5-8g-bluetooth-gps-cell-phone-jammer\/#primaryimage\"},\"image\":{\"@id\":\"https:\/\/www.jammersignal.com\/product\/2g-3g-4g-5g-wifi-6e-2-4g-5-8g-bluetooth-gps-cell-phone-jammer\/#primaryimage\"},\"thumbnailUrl\":\"https:\/\/www.jammersignal.com\/wp-content\/uploads\/2025\/01\/2g-3g-4g-5g-wifi-6e-2.4g-5.8g-bluetooth-gps-fm-radio-1.jpg\",\"datePublished\":\"2025-01-08T00:33:41+00:00\",\"dateModified\":\"2026-01-31T10:27:01+00:00\",\"description\":\"World's First 28 Band Portable Jammer with 27 Antennas Designed to Block FM Radio & Wi-Fi 6E & All RF GPS Wi-Fi 5G 4G 3G 2G LORA LOJACK Cell Phone Signals. 28W high output power, 2-25 meters interference range (-75dBm, depending on signal strength in a given area)\",\"breadcrumb\":{\"@id\":\"https:\/\/www.jammersignal.com\/product\/2g-3g-4g-5g-wifi-6e-2-4g-5-8g-bluetooth-gps-cell-phone-jammer\/#breadcrumb\"},\"inLanguage\":\"de\",\"potentialAction\":[{\"@type\":\"ReadAction\",\"target\":[\"https:\/\/www.jammersignal.com\/product\/2g-3g-4g-5g-wifi-6e-2-4g-5-8g-bluetooth-gps-cell-phone-jammer\/\"]}]},{\"@type\":\"ImageObject\",\"inLanguage\":\"de\",\"@id\":\"https:\/\/www.jammersignal.com\/product\/2g-3g-4g-5g-wifi-6e-2-4g-5-8g-bluetooth-gps-cell-phone-jammer\/#primaryimage\",\"url\":\"https:\/\/www.jammersignal.com\/wp-content\/uploads\/2025\/01\/2g-3g-4g-5g-wifi-6e-2.4g-5.8g-bluetooth-gps-fm-radio-1.jpg\",\"contentUrl\":\"https:\/\/www.jammersignal.com\/wp-content\/uploads\/2025\/01\/2g-3g-4g-5g-wifi-6e-2.4g-5.8g-bluetooth-gps-fm-radio-1.jpg\",\"width\":1000,\"height\":1000,\"caption\":\"2g 3g 4g 5g wifi 6e 2.4g 5.8g bluetooth gps fm radio (1)\"},{\"@type\":\"BreadcrumbList\",\"@id\":\"https:\/\/www.jammersignal.com\/product\/2g-3g-4g-5g-wifi-6e-2-4g-5-8g-bluetooth-gps-cell-phone-jammer\/#breadcrumb\",\"itemListElement\":[{\"@type\":\"ListItem\",\"position\":1,\"name\":\"Home\",\"item\":\"https:\/\/www.jammersignal.com\/\"},{\"@type\":\"ListItem\",\"position\":2,\"name\":\"Shop\",\"item\":\"https:\/\/www.jammersignal.com\/shop\/\"},{\"@type\":\"ListItem\",\"position\":3,\"name\":\"Cell Phone Jammer\",\"item\":\"https:\/\/www.jammersignal.com\/product-category\/cell-phone-signal-jammer\/\"},{\"@type\":\"ListItem\",\"position\":4,\"name\":\"2G 3G 4G 5G WIFI 6E 2.4G 5.8G Bluetooth GPS FM Radio RC UHF VHF\/LOJACK LORA\/RC915 868 315 Cell Phone Jammer\"}]},{\"@type\":\"WebSite\",\"@id\":\"https:\/\/www.jammersignal.com\/#website\",\"url\":\"https:\/\/www.jammersignal.com\/\",\"name\":\"JAMMERSIGNAL\",\"description\":\"\",\"publisher\":{\"@id\":\"https:\/\/www.jammersignal.com\/#organization\"},\"potentialAction\":[{\"@type\":\"SearchAction\",\"target\":{\"@type\":\"EntryPoint\",\"urlTemplate\":\"https:\/\/www.jammersignal.com\/?s={search_term_string}\"},\"query-input\":{\"@type\":\"PropertyValueSpecification\",\"valueRequired\":true,\"valueName\":\"search_term_string\"}}],\"inLanguage\":\"de\"},{\"@type\":\"Organization\",\"@id\":\"https:\/\/www.jammersignal.com\/#organization\",\"name\":\"JAMMERSIGNAL\",\"url\":\"https:\/\/www.jammersignal.com\/\",\"logo\":{\"@type\":\"ImageObject\",\"inLanguage\":\"de\",\"@id\":\"https:\/\/www.jammersignal.com\/#\/schema\/logo\/image\/\",\"url\":\"https:\/\/www.jammersignal.com\/wp-content\/uploads\/2024\/05\/cropped-jammersignal-logo-4.png\",\"contentUrl\":\"https:\/\/www.jammersignal.com\/wp-content\/uploads\/2024\/05\/cropped-jammersignal-logo-4.png\",\"width\":104,\"height\":34,\"caption\":\"JAMMERSIGNAL\"},\"image\":{\"@id\":\"https:\/\/www.jammersignal.com\/#\/schema\/logo\/image\/\"}}]}<\/script>\n<!-- \/ Yoast SEO plugin. -->","yoast_head_json":{"title":"2G 3G 4G 5G WIFI 6E 2.4G 5.8G Bluetooth GPS FM Radio RC UHF VHF\/LOJACK LORA\/RC915 868 315 Cell Phone Jammer - JAMMERSIGNAL","description":"Weltweit erster tragbarer 28-Band-St\u00f6rsender mit 27 Antennen zum Blockieren von FM-Radio &amp; Wi-Fi 6E &amp; allen RF GPS Wi-Fi 5G 4G 3G 2G LORA LOJACK Handysignalen. 28W hohe Ausgangsleistung, 2-25 Meter St\u00f6rbereich (-75dBm, je nach Signalst\u00e4rke in einem bestimmten Bereich)","robots":{"index":"index","follow":"follow","max-snippet":"max-snippet:-1","max-image-preview":"max-image-preview:large","max-video-preview":"max-video-preview:-1"},"canonical":"https:\/\/www.jammersignal.com\/de\/produkt\/2g-3g-4g-5g-wifi-6e-2-4g-5-8g-bluetooth-gps-cell-phone-jammer\/","og_locale":"de_DE","og_type":"article","og_title":"2G 3G 4G 5G WIFI 6E 2.4G 5.8G Bluetooth GPS FM Radio RC UHF VHF\/LOJACK LORA\/RC915 868 315 Cell Phone Jammer - JAMMERSIGNAL","og_description":"World's First 28 Band Portable Jammer with 27 Antennas Designed to Block FM Radio & Wi-Fi 6E & All RF GPS Wi-Fi 5G 4G 3G 2G LORA LOJACK Cell Phone Signals. 28W high output power, 2-25 meters interference range (-75dBm, depending on signal strength in a given area)","og_url":"https:\/\/www.jammersignal.com\/de\/produkt\/2g-3g-4g-5g-wifi-6e-2-4g-5-8g-bluetooth-gps-cell-phone-jammer\/","og_site_name":"JAMMERSIGNAL","article_modified_time":"2026-01-31T10:27:01+00:00","og_image":[{"width":1000,"height":1000,"url":"https:\/\/www.jammersignal.com\/wp-content\/uploads\/2025\/01\/2g-3g-4g-5g-wifi-6e-2.4g-5.8g-bluetooth-gps-fm-radio-1.jpg","type":"image\/jpeg"}],"twitter_card":"summary_large_image","twitter_misc":{"Gesch\u00e4tzte Lesezeit":"3\u00a0Minuten"},"schema":{"@context":"https:\/\/schema.org","@graph":[{"@type":"WebPage","@id":"https:\/\/www.jammersignal.com\/product\/2g-3g-4g-5g-wifi-6e-2-4g-5-8g-bluetooth-gps-cell-phone-jammer\/","url":"https:\/\/www.jammersignal.com\/product\/2g-3g-4g-5g-wifi-6e-2-4g-5-8g-bluetooth-gps-cell-phone-jammer\/","name":"2G 3G 4G 5G WIFI 6E 2.4G 5.8G Bluetooth GPS FM Radio RC UHF VHF\/LOJACK LORA\/RC915 868 315 Cell Phone Jammer - JAMMERSIGNAL","isPartOf":{"@id":"https:\/\/www.jammersignal.com\/#website"},"primaryImageOfPage":{"@id":"https:\/\/www.jammersignal.com\/product\/2g-3g-4g-5g-wifi-6e-2-4g-5-8g-bluetooth-gps-cell-phone-jammer\/#primaryimage"},"image":{"@id":"https:\/\/www.jammersignal.com\/product\/2g-3g-4g-5g-wifi-6e-2-4g-5-8g-bluetooth-gps-cell-phone-jammer\/#primaryimage"},"thumbnailUrl":"https:\/\/www.jammersignal.com\/wp-content\/uploads\/2025\/01\/2g-3g-4g-5g-wifi-6e-2.4g-5.8g-bluetooth-gps-fm-radio-1.jpg","datePublished":"2025-01-08T00:33:41+00:00","dateModified":"2026-01-31T10:27:01+00:00","description":"Weltweit erster tragbarer 28-Band-St\u00f6rsender mit 27 Antennen zum Blockieren von FM-Radio &amp; Wi-Fi 6E &amp; allen RF GPS Wi-Fi 5G 4G 3G 2G LORA LOJACK Handysignalen. 28W hohe Ausgangsleistung, 2-25 Meter St\u00f6rbereich (-75dBm, je nach Signalst\u00e4rke in einem bestimmten Bereich)","breadcrumb":{"@id":"https:\/\/www.jammersignal.com\/product\/2g-3g-4g-5g-wifi-6e-2-4g-5-8g-bluetooth-gps-cell-phone-jammer\/#breadcrumb"},"inLanguage":"de","potentialAction":[{"@type":"ReadAction","target":["https:\/\/www.jammersignal.com\/product\/2g-3g-4g-5g-wifi-6e-2-4g-5-8g-bluetooth-gps-cell-phone-jammer\/"]}]},{"@type":"ImageObject","inLanguage":"de","@id":"https:\/\/www.jammersignal.com\/product\/2g-3g-4g-5g-wifi-6e-2-4g-5-8g-bluetooth-gps-cell-phone-jammer\/#primaryimage","url":"https:\/\/www.jammersignal.com\/wp-content\/uploads\/2025\/01\/2g-3g-4g-5g-wifi-6e-2.4g-5.8g-bluetooth-gps-fm-radio-1.jpg","contentUrl":"https:\/\/www.jammersignal.com\/wp-content\/uploads\/2025\/01\/2g-3g-4g-5g-wifi-6e-2.4g-5.8g-bluetooth-gps-fm-radio-1.jpg","width":1000,"height":1000,"caption":"2g 3g 4g 5g wifi 6e 2.4g 5.8g bluetooth gps fm radio (1)"},{"@type":"BreadcrumbList","@id":"https:\/\/www.jammersignal.com\/product\/2g-3g-4g-5g-wifi-6e-2-4g-5-8g-bluetooth-gps-cell-phone-jammer\/#breadcrumb","itemListElement":[{"@type":"ListItem","position":1,"name":"Home","item":"https:\/\/www.jammersignal.com\/"},{"@type":"ListItem","position":2,"name":"Shop","item":"https:\/\/www.jammersignal.com\/shop\/"},{"@type":"ListItem","position":3,"name":"Cell Phone Jammer","item":"https:\/\/www.jammersignal.com\/product-category\/cell-phone-signal-jammer\/"},{"@type":"ListItem","position":4,"name":"2G 3G 4G 5G WIFI 6E 2.4G 5.8G Bluetooth GPS FM Radio RC UHF VHF\/LOJACK LORA\/RC915 868 315 Cell Phone Jammer"}]},{"@type":"WebSite","@id":"https:\/\/www.jammersignal.com\/#website","url":"https:\/\/www.jammersignal.com\/","name":"JAMMERSIGNAL","description":"","publisher":{"@id":"https:\/\/www.jammersignal.com\/#organization"},"potentialAction":[{"@type":"SearchAction","target":{"@type":"EntryPoint","urlTemplate":"https:\/\/www.jammersignal.com\/?s={search_term_string}"},"query-input":{"@type":"PropertyValueSpecification","valueRequired":true,"valueName":"search_term_string"}}],"inLanguage":"de"},{"@type":"Organization","@id":"https:\/\/www.jammersignal.com\/#organization","name":"JAMMERSIGNAL","url":"https:\/\/www.jammersignal.com\/","logo":{"@type":"ImageObject","inLanguage":"de","@id":"https:\/\/www.jammersignal.com\/#\/schema\/logo\/image\/","url":"https:\/\/www.jammersignal.com\/wp-content\/uploads\/2024\/05\/cropped-jammersignal-logo-4.png","contentUrl":"https:\/\/www.jammersignal.com\/wp-content\/uploads\/2024\/05\/cropped-jammersignal-logo-4.png","width":104,"height":34,"caption":"JAMMERSIGNAL"},"image":{"@id":"https:\/\/www.jammersignal.com\/#\/schema\/logo\/image\/"}}]}},"_links":{"self":[{"href":"https:\/\/www.jammersignal.com\/de\/wp-json\/wp\/v2\/product\/4008","targetHints":{"allow":["GET"]}}],"collection":[{"href":"https:\/\/www.jammersignal.com\/de\/wp-json\/wp\/v2\/product"}],"about":[{"href":"https:\/\/www.jammersignal.com\/de\/wp-json\/wp\/v2\/types\/product"}],"replies":[{"embeddable":true,"href":"https:\/\/www.jammersignal.com\/de\/wp-json\/wp\/v2\/comments?post=4008"}],"version-history":[{"count":20,"href":"https:\/\/www.jammersignal.com\/de\/wp-json\/wp\/v2\/product\/4008\/revisions"}],"predecessor-version":[{"id":4046,"href":"https:\/\/www.jammersignal.com\/de\/wp-json\/wp\/v2\/product\/4008\/revisions\/4046"}],"wp:featuredmedia":[{"embeddable":true,"href":"https:\/\/www.jammersignal.com\/de\/wp-json\/wp\/v2\/media\/4009"}],"wp:attachment":[{"href":"https:\/\/www.jammersignal.com\/de\/wp-json\/wp\/v2\/media?parent=4008"}],"wp:term":[{"taxonomy":"product_brand","embeddable":true,"href":"https:\/\/www.jammersignal.com\/de\/wp-json\/wp\/v2\/product_brand?post=4008"},{"taxonomy":"product_cat","embeddable":true,"href":"https:\/\/www.jammersignal.com\/de\/wp-json\/wp\/v2\/product_cat?post=4008"},{"taxonomy":"product_tag","embeddable":true,"href":"https:\/\/www.jammersignal.com\/de\/wp-json\/wp\/v2\/product_tag?post=4008"}],"curies":[{"name":"wp","href":"https:\/\/api.w.org\/{rel}","templated":true}]}}