{"id":3328,"date":"2024-07-03T09:05:32","date_gmt":"2024-07-03T09:05:32","guid":{"rendered":"https:\/\/www.jammersignal.com\/?page_id=3328"},"modified":"2024-07-03T09:05:34","modified_gmt":"2024-07-03T09:05:34","slug":"shipping-guide","status":"publish","type":"page","link":"https:\/\/www.jammersignal.com\/es\/shipping-guide\/","title":{"rendered":"Gu\u00eda de env\u00edo"},"content":{"rendered":"<h3 class=\"wp-block-heading\">Gu\u00eda de env\u00edo<\/h3>\n\n\n\n<p>Cuando haga un pedido, podr\u00e1 elegir el m\u00e9todo de env\u00edo que m\u00e1s le convenga.<\/p>\n\n\n\n<ol class=\"wp-block-list\">\n<li>Si elige el env\u00edo gratuito, espere entre 7 y 10 d\u00edas laborables. Le enviaremos un n\u00famero de seguimiento para el seguimiento del env\u00edo.<\/li>\n\n\n\n<li>Si elige el env\u00edo urgente, espere entre 4 y 7 d\u00edas laborables. Le enviaremos un n\u00famero de seguimiento para el seguimiento del env\u00edo.<\/li>\n<\/ol>\n\n\n\n<h3 class=\"wp-block-heading\">Precauciones:<\/h3>\n\n\n\n<ol class=\"wp-block-list\">\n<li>El plazo de entrega var\u00eda seg\u00fan el lugar<\/li>\n\n\n\n<li>El despacho de aduanas puede retrasar la llegada de los art\u00edculos<\/li>\n\n\n\n<li>Enviaremos dentro de 24 horas despu\u00e9s de que su pedido y el pago son aceptados<\/li>\n<\/ol>\n\n\n\n<h3 class=\"wp-block-heading\">Seguridad en el transporte<\/h3>\n\n\n\n<p>Puede seguir su pedido en l\u00ednea y asegurarlo con el seguro est\u00e1ndar del transportista que elija. Una vez entregado el pedido, le enviaremos un n\u00famero de seguimiento. Si la mercanc\u00eda se pierde, sufre da\u00f1os o se entrega de forma incorrecta, debe notificarlo inmediatamente al transportista. Tambi\u00e9n puede ponerse en contacto con nosotros. Investigaremos el asunto y le ayudaremos a presentar una posible reclamaci\u00f3n al seguro. Por lo tanto, es posible que tenga que proporcionarnos fotos o documentos pertinentes como prueba. Tambi\u00e9n estudiaremos la posibilidad de reenviarle o reembolsarle el importe seg\u00fan las circunstancias.<\/p>","protected":false},"excerpt":{"rendered":"<p>Gu\u00eda de env\u00edo Al realizar un pedido, puede elegir un m\u00e9todo de env\u00edo seg\u00fan sus necesidades. Precauciones: Seguridad en el transporte Puede seguir su pedido en l\u00ednea y asegurarlo con el seguro est\u00e1ndar del transportista que elija. Una vez entregado el pedido, le enviaremos un n\u00famero de seguimiento. Si la mercanc\u00eda se pierde, [...]<\/p>","protected":false},"author":1,"featured_media":0,"parent":0,"menu_order":6,"comment_status":"closed","ping_status":"closed","template":"","meta":{"site-sidebar-layout":"right-sidebar","site-content-layout":"","ast-site-content-layout":"default","site-content-style":"default","site-sidebar-style":"default","ast-global-header-display":"","ast-banner-title-visibility":"","ast-main-header-display":"","ast-hfb-above-header-display":"","ast-hfb-below-header-display":"","ast-hfb-mobile-header-display":"","site-post-title":"","ast-breadcrumbs-content":"","ast-featured-img":"","footer-sml-layout":"","theme-transparent-header-meta":"","adv-header-id-meta":"","stick-header-meta":"","header-above-stick-meta":"","header-main-stick-meta":"","header-below-stick-meta":"","astra-migrate-meta-layouts":"set","ast-page-background-enabled":"default","ast-page-background-meta":{"desktop":{"background-color":"var(--ast-global-color-4)","background-image":"","background-repeat":"repeat","background-position":"center center","background-size":"auto","background-attachment":"scroll","background-type":"","background-media":"","overlay-type":"","overlay-color":"","overlay-gradient":""},"tablet":{"background-color":"","background-image":"","background-repeat":"repeat","background-position":"center center","background-size":"auto","background-attachment":"scroll","background-type":"","background-media":"","overlay-type":"","overlay-color":"","overlay-gradient":""},"mobile":{"background-color":"","background-image":"","background-repeat":"repeat","background-position":"center center","background-size":"auto","background-attachment":"scroll","background-type":"","background-media":"","overlay-type":"","overlay-color":"","overlay-gradient":""}},"ast-content-background-meta":{"desktop":{"background-color":"var(--ast-global-color-5)","background-image":"","background-repeat":"repeat","background-position":"center center","background-size":"auto","background-attachment":"scroll","background-type":"","background-media":"","overlay-type":"","overlay-color":"","overlay-gradient":""},"tablet":{"background-color":"var(--ast-global-color-5)","background-image":"","background-repeat":"repeat","background-position":"center center","background-size":"auto","background-attachment":"scroll","background-type":"","background-media":"","overlay-type":"","overlay-color":"","overlay-gradient":""},"mobile":{"background-color":"var(--ast-global-color-5)","background-image":"","background-repeat":"repeat","background-position":"center center","background-size":"auto","background-attachment":"scroll","background-type":"","background-media":"","overlay-type":"","overlay-color":"","overlay-gradient":""}},"footnotes":""},"class_list":["post-3328","page","type-page","status-publish","hentry"],"yoast_head":"<!-- This site is optimized with the Yoast SEO plugin v23.9 - https:\/\/yoast.com\/wordpress\/plugins\/seo\/ -->\n<title>Shipping Guide - JAMMERSIGNAL<\/title>\n<meta name=\"description\" content=\"If you choose free shipping, please wait 7-10 business days. We will send you a tracking number for shipping tracking.\" \/>\n<meta name=\"robots\" content=\"index, follow, max-snippet:-1, max-image-preview:large, max-video-preview:-1\" \/>\n<link rel=\"canonical\" href=\"https:\/\/www.jammersignal.com\/es\/shipping-guide\/\" \/>\n<meta property=\"og:locale\" content=\"es_ES\" \/>\n<meta property=\"og:type\" content=\"article\" \/>\n<meta property=\"og:title\" content=\"Shipping Guide - JAMMERSIGNAL\" \/>\n<meta property=\"og:description\" content=\"If you choose free shipping, please wait 7-10 business days. We will send you a tracking number for shipping tracking.\" \/>\n<meta property=\"og:url\" content=\"https:\/\/www.jammersignal.com\/es\/shipping-guide\/\" \/>\n<meta property=\"og:site_name\" content=\"JAMMERSIGNAL\" \/>\n<meta property=\"article:modified_time\" content=\"2024-07-03T09:05:34+00:00\" \/>\n<meta name=\"twitter:card\" content=\"summary_large_image\" \/>\n<meta name=\"twitter:label1\" content=\"Tiempo de lectura\" \/>\n\t<meta name=\"twitter:data1\" content=\"1 minuto\" \/>\n<script type=\"application\/ld+json\" class=\"yoast-schema-graph\">{\"@context\":\"https:\/\/schema.org\",\"@graph\":[{\"@type\":\"WebPage\",\"@id\":\"https:\/\/www.jammersignal.com\/shipping-guide\/\",\"url\":\"https:\/\/www.jammersignal.com\/shipping-guide\/\",\"name\":\"Shipping Guide - JAMMERSIGNAL\",\"isPartOf\":{\"@id\":\"https:\/\/www.jammersignal.com\/#website\"},\"datePublished\":\"2024-07-03T09:05:32+00:00\",\"dateModified\":\"2024-07-03T09:05:34+00:00\",\"description\":\"If you choose free shipping, please wait 7-10 business days. We will send you a tracking number for shipping tracking.\",\"breadcrumb\":{\"@id\":\"https:\/\/www.jammersignal.com\/shipping-guide\/#breadcrumb\"},\"inLanguage\":\"es\",\"potentialAction\":[{\"@type\":\"ReadAction\",\"target\":[\"https:\/\/www.jammersignal.com\/shipping-guide\/\"]}]},{\"@type\":\"BreadcrumbList\",\"@id\":\"https:\/\/www.jammersignal.com\/shipping-guide\/#breadcrumb\",\"itemListElement\":[{\"@type\":\"ListItem\",\"position\":1,\"name\":\"Home\",\"item\":\"https:\/\/www.jammersignal.com\/\"},{\"@type\":\"ListItem\",\"position\":2,\"name\":\"Shipping Guide\"}]},{\"@type\":\"WebSite\",\"@id\":\"https:\/\/www.jammersignal.com\/#website\",\"url\":\"https:\/\/www.jammersignal.com\/\",\"name\":\"JAMMERSIGNAL\",\"description\":\"\",\"publisher\":{\"@id\":\"https:\/\/www.jammersignal.com\/#organization\"},\"potentialAction\":[{\"@type\":\"SearchAction\",\"target\":{\"@type\":\"EntryPoint\",\"urlTemplate\":\"https:\/\/www.jammersignal.com\/?s={search_term_string}\"},\"query-input\":{\"@type\":\"PropertyValueSpecification\",\"valueRequired\":true,\"valueName\":\"search_term_string\"}}],\"inLanguage\":\"es\"},{\"@type\":\"Organization\",\"@id\":\"https:\/\/www.jammersignal.com\/#organization\",\"name\":\"JAMMERSIGNAL\",\"url\":\"https:\/\/www.jammersignal.com\/\",\"logo\":{\"@type\":\"ImageObject\",\"inLanguage\":\"es\",\"@id\":\"https:\/\/www.jammersignal.com\/#\/schema\/logo\/image\/\",\"url\":\"https:\/\/www.jammersignal.com\/wp-content\/uploads\/2024\/05\/cropped-jammersignal-logo-4.png\",\"contentUrl\":\"https:\/\/www.jammersignal.com\/wp-content\/uploads\/2024\/05\/cropped-jammersignal-logo-4.png\",\"width\":104,\"height\":34,\"caption\":\"JAMMERSIGNAL\"},\"image\":{\"@id\":\"https:\/\/www.jammersignal.com\/#\/schema\/logo\/image\/\"}}]}<\/script>\n<!-- \/ Yoast SEO plugin. -->","yoast_head_json":{"title":"Gu\u00eda de env\u00edo - JAMMERSIGNAL","description":"Si elige el env\u00edo gratuito, espere entre 7 y 10 d\u00edas laborables. Le enviaremos un n\u00famero de seguimiento para el seguimiento del env\u00edo.","robots":{"index":"index","follow":"follow","max-snippet":"max-snippet:-1","max-image-preview":"max-image-preview:large","max-video-preview":"max-video-preview:-1"},"canonical":"https:\/\/www.jammersignal.com\/es\/shipping-guide\/","og_locale":"es_ES","og_type":"article","og_title":"Shipping Guide - JAMMERSIGNAL","og_description":"If you choose free shipping, please wait 7-10 business days. We will send you a tracking number for shipping tracking.","og_url":"https:\/\/www.jammersignal.com\/es\/shipping-guide\/","og_site_name":"JAMMERSIGNAL","article_modified_time":"2024-07-03T09:05:34+00:00","twitter_card":"summary_large_image","twitter_misc":{"Tiempo de lectura":"1 minuto"},"schema":{"@context":"https:\/\/schema.org","@graph":[{"@type":"WebPage","@id":"https:\/\/www.jammersignal.com\/shipping-guide\/","url":"https:\/\/www.jammersignal.com\/shipping-guide\/","name":"Gu\u00eda de env\u00edo - JAMMERSIGNAL","isPartOf":{"@id":"https:\/\/www.jammersignal.com\/#website"},"datePublished":"2024-07-03T09:05:32+00:00","dateModified":"2024-07-03T09:05:34+00:00","description":"Si elige el env\u00edo gratuito, espere entre 7 y 10 d\u00edas laborables. Le enviaremos un n\u00famero de seguimiento para el seguimiento del env\u00edo.","breadcrumb":{"@id":"https:\/\/www.jammersignal.com\/shipping-guide\/#breadcrumb"},"inLanguage":"es","potentialAction":[{"@type":"ReadAction","target":["https:\/\/www.jammersignal.com\/shipping-guide\/"]}]},{"@type":"BreadcrumbList","@id":"https:\/\/www.jammersignal.com\/shipping-guide\/#breadcrumb","itemListElement":[{"@type":"ListItem","position":1,"name":"Home","item":"https:\/\/www.jammersignal.com\/"},{"@type":"ListItem","position":2,"name":"Shipping Guide"}]},{"@type":"WebSite","@id":"https:\/\/www.jammersignal.com\/#website","url":"https:\/\/www.jammersignal.com\/","name":"JAMMERSIGNAL","description":"","publisher":{"@id":"https:\/\/www.jammersignal.com\/#organization"},"potentialAction":[{"@type":"SearchAction","target":{"@type":"EntryPoint","urlTemplate":"https:\/\/www.jammersignal.com\/?s={search_term_string}"},"query-input":{"@type":"PropertyValueSpecification","valueRequired":true,"valueName":"search_term_string"}}],"inLanguage":"es"},{"@type":"Organization","@id":"https:\/\/www.jammersignal.com\/#organization","name":"JAMMERSIGNAL","url":"https:\/\/www.jammersignal.com\/","logo":{"@type":"ImageObject","inLanguage":"es","@id":"https:\/\/www.jammersignal.com\/#\/schema\/logo\/image\/","url":"https:\/\/www.jammersignal.com\/wp-content\/uploads\/2024\/05\/cropped-jammersignal-logo-4.png","contentUrl":"https:\/\/www.jammersignal.com\/wp-content\/uploads\/2024\/05\/cropped-jammersignal-logo-4.png","width":104,"height":34,"caption":"JAMMERSIGNAL"},"image":{"@id":"https:\/\/www.jammersignal.com\/#\/schema\/logo\/image\/"}}]}},"_links":{"self":[{"href":"https:\/\/www.jammersignal.com\/es\/wp-json\/wp\/v2\/pages\/3328","targetHints":{"allow":["GET"]}}],"collection":[{"href":"https:\/\/www.jammersignal.com\/es\/wp-json\/wp\/v2\/pages"}],"about":[{"href":"https:\/\/www.jammersignal.com\/es\/wp-json\/wp\/v2\/types\/page"}],"author":[{"embeddable":true,"href":"https:\/\/www.jammersignal.com\/es\/wp-json\/wp\/v2\/users\/1"}],"replies":[{"embeddable":true,"href":"https:\/\/www.jammersignal.com\/es\/wp-json\/wp\/v2\/comments?post=3328"}],"version-history":[{"count":1,"href":"https:\/\/www.jammersignal.com\/es\/wp-json\/wp\/v2\/pages\/3328\/revisions"}],"predecessor-version":[{"id":3331,"href":"https:\/\/www.jammersignal.com\/es\/wp-json\/wp\/v2\/pages\/3328\/revisions\/3331"}],"wp:attachment":[{"href":"https:\/\/www.jammersignal.com\/es\/wp-json\/wp\/v2\/media?parent=3328"}],"curies":[{"name":"wp","href":"https:\/\/api.w.org\/{rel}","templated":true}]}}