{"id":9,"date":"2024-07-03T09:03:20","date_gmt":"2024-07-03T09:03:20","guid":{"rendered":"https:\/\/www.jammersignal.com\/?page_id=9"},"modified":"2024-07-03T09:08:14","modified_gmt":"2024-07-03T09:08:14","slug":"refund-returns","status":"publish","type":"page","link":"https:\/\/www.jammersignal.com\/es\/refund-returns\/","title":{"rendered":"Pol\u00edtica de devoluciones y reembolsos"},"content":{"rendered":"<p>*JAMMERSIGNAL: Despu\u00e9s de que el cliente haga un pedido, el personal de control de calidad inspeccionar\u00e1 el producto y luego lo enviar\u00e1 al cliente. Despu\u00e9s de que las mercanc\u00edas lleguen, compruebe por favor la calidad de las mercanc\u00edas.<\/p>\n\n\n\n<p>*Sobre devoluciones y cambios: Si el producto est\u00e1 da\u00f1ado debido a la colisi\u00f3n durante el transporte. Le devolveremos el dinero en un plazo de 7 d\u00edas.<\/p>\n\n\n\n<p>*Si hay un problema de calidad del producto<br>Confirme el problema de calidad del producto, JAMMERSIGNAL correr\u00e1 con los gastos log\u00edsticos de ida y vuelta<\/p>\n\n\n\n<p>*Firmaremos por los productos devueltos vencidos y garantizamos que llegar\u00e1n en un plazo de dos semanas.<\/p>\n\n\n\n<p>*Si la mercanc\u00eda devuelta no coincide con los productos pedidos, JAMMERSIGNAL no permitir\u00e1<\/p>\n\n\n\n<p>*JAMMERSIGNAL no aceptar\u00e1 devoluciones si se dan las siguientes situaciones<\/p>\n\n\n\n<p>*Tras la inspecci\u00f3n de calidad, se determina que el defecto del producto es causado por el cliente. Posteriormente, se devuelve por motivos del cliente, como defectos del producto.<\/p>\n\n\n\n<p>*El producto devuelto es diferente del producto adquirido por el cliente.<\/p>\n\n\n\n<p>*El producto que ha recibido tiene problemas de calidad y necesita ser cambiado o reembolsado. P\u00f3ngase en contacto con nuestro servicio de atenci\u00f3n al cliente. Nuestro correo electr\u00f3nico es <a href=\"mailto:info@jammersignal.com\">info@jammersignal.com<\/a> o <a href=\"mailto:jammersignal@outlook.com\">jammersignal@outlook.com<\/a>. As\u00ed que por favor espere nuestra respuesta. No firmaremos los productos devueltos sin comunicaci\u00f3n previa por correo electr\u00f3nico. Despu\u00e9s de devolver el producto, deber\u00e1 esperar un cierto periodo de tiempo. Debemos confirmar la recepci\u00f3n de su producto devuelto antes de que podamos reembolsarle.<\/p>\n\n\n\n<p>*Pol\u00edtica de sustituci\u00f3n<\/p>\n\n\n\n<p>*Tambi\u00e9n se puede sustituir por JAMMERSIGNAL<\/p>\n\n\n\n<p>*Si el cliente cambia el producto por su cuenta, el coste log\u00edstico correr\u00e1 a cargo del cliente.<\/p>\n\n\n\n<p>*Despu\u00e9s de firmarlo, ponte en contacto con el servicio de atenci\u00f3n al cliente en el plazo de una semana.<\/p>\n\n\n\n<p>*F\u00edrmelo: el producto no debe estar da\u00f1ado, totalmente garantizado y libre de manchas.<\/p>\n\n\n\n<p>*El producto devuelto por el cliente debe ser el mismo que el producto adquirido por el cliente.<\/p>\n\n\n\n<p>*Despu\u00e9s del env\u00edo log\u00edstico, no cancele el pedido sin motivo. Por favor, aseg\u00farese de que las mercanc\u00edas est\u00e1n en buenas condiciones antes de realizar un pedido.<\/p>\n\n\n\n<p>*Si el cliente desea devolver el producto, env\u00ede un correo electr\u00f3nico a <a href=\"mailto:info@jammersignal.com\">info@jammersignal.com<\/a> o <a href=\"mailto:jammersignal@outlook.com\">jammersignal@outlook.com<\/a> y espere nuestra respuesta. No aceptamos devoluciones sin notificaci\u00f3n previa por correo electr\u00f3nico.<\/p>","protected":false},"excerpt":{"rendered":"<p>*JAMMERSIGNAL: Despu\u00e9s de que el cliente haga un pedido, el personal de control de calidad inspeccionar\u00e1 el producto y luego lo enviar\u00e1 al cliente. Una vez recibida la mercanc\u00eda, compruebe su calidad. *Sobre devoluciones y cambios: Si el producto se da\u00f1a debido a una colisi\u00f3n durante el transporte. Le devolveremos el dinero en un plazo de 7 d\u00edas. *Si [...]<\/p>","protected":false},"author":1,"featured_media":0,"parent":0,"menu_order":23,"comment_status":"closed","ping_status":"closed","template":"","meta":{"site-sidebar-layout":"right-sidebar","site-content-layout":"","ast-site-content-layout":"default","site-content-style":"default","site-sidebar-style":"default","ast-global-header-display":"","ast-banner-title-visibility":"","ast-main-header-display":"","ast-hfb-above-header-display":"","ast-hfb-below-header-display":"","ast-hfb-mobile-header-display":"","site-post-title":"","ast-breadcrumbs-content":"","ast-featured-img":"","footer-sml-layout":"","theme-transparent-header-meta":"","adv-header-id-meta":"","stick-header-meta":"","header-above-stick-meta":"","header-main-stick-meta":"","header-below-stick-meta":"","astra-migrate-meta-layouts":"set","ast-page-background-enabled":"default","ast-page-background-meta":{"desktop":{"background-color":"var(--ast-global-color-4)","background-image":"","background-repeat":"repeat","background-position":"center center","background-size":"auto","background-attachment":"scroll","background-type":"","background-media":"","overlay-type":"","overlay-color":"","overlay-gradient":""},"tablet":{"background-color":"","background-image":"","background-repeat":"repeat","background-position":"center center","background-size":"auto","background-attachment":"scroll","background-type":"","background-media":"","overlay-type":"","overlay-color":"","overlay-gradient":""},"mobile":{"background-color":"","background-image":"","background-repeat":"repeat","background-position":"center center","background-size":"auto","background-attachment":"scroll","background-type":"","background-media":"","overlay-type":"","overlay-color":"","overlay-gradient":""}},"ast-content-background-meta":{"desktop":{"background-color":"var(--ast-global-color-5)","background-image":"","background-repeat":"repeat","background-position":"center center","background-size":"auto","background-attachment":"scroll","background-type":"","background-media":"","overlay-type":"","overlay-color":"","overlay-gradient":""},"tablet":{"background-color":"var(--ast-global-color-5)","background-image":"","background-repeat":"repeat","background-position":"center center","background-size":"auto","background-attachment":"scroll","background-type":"","background-media":"","overlay-type":"","overlay-color":"","overlay-gradient":""},"mobile":{"background-color":"var(--ast-global-color-5)","background-image":"","background-repeat":"repeat","background-position":"center center","background-size":"auto","background-attachment":"scroll","background-type":"","background-media":"","overlay-type":"","overlay-color":"","overlay-gradient":""}},"footnotes":""},"class_list":["post-9","page","type-page","status-publish","hentry"],"yoast_head":"<!-- This site is optimized with the Yoast SEO plugin v23.9 - https:\/\/yoast.com\/wordpress\/plugins\/seo\/ -->\n<title>Refund and Returns Policy - JAMMERSIGNAL<\/title>\n<meta name=\"description\" content=\"After the customer places an order, the quality control staff will inspect the product and then ship it to the customer. After the goods arrive, please check the quality of the goods.\" \/>\n<meta name=\"robots\" content=\"index, follow, max-snippet:-1, max-image-preview:large, max-video-preview:-1\" \/>\n<link rel=\"canonical\" href=\"https:\/\/www.jammersignal.com\/es\/refund-returns\/\" \/>\n<meta property=\"og:locale\" content=\"es_ES\" \/>\n<meta property=\"og:type\" content=\"article\" \/>\n<meta property=\"og:title\" content=\"Refund and Returns Policy - JAMMERSIGNAL\" \/>\n<meta property=\"og:description\" content=\"After the customer places an order, the quality control staff will inspect the product and then ship it to the customer. After the goods arrive, please check the quality of the goods.\" \/>\n<meta property=\"og:url\" content=\"https:\/\/www.jammersignal.com\/es\/refund-returns\/\" \/>\n<meta property=\"og:site_name\" content=\"JAMMERSIGNAL\" \/>\n<meta property=\"article:modified_time\" content=\"2024-07-03T09:08:14+00:00\" \/>\n<meta name=\"twitter:card\" content=\"summary_large_image\" \/>\n<meta name=\"twitter:label1\" content=\"Tiempo de lectura\" \/>\n\t<meta name=\"twitter:data1\" content=\"2 minutos\" \/>\n<script type=\"application\/ld+json\" class=\"yoast-schema-graph\">{\"@context\":\"https:\/\/schema.org\",\"@graph\":[{\"@type\":\"WebPage\",\"@id\":\"https:\/\/www.jammersignal.com\/refund-returns\/\",\"url\":\"https:\/\/www.jammersignal.com\/refund-returns\/\",\"name\":\"Refund and Returns Policy - JAMMERSIGNAL\",\"isPartOf\":{\"@id\":\"https:\/\/www.jammersignal.com\/#website\"},\"datePublished\":\"2024-07-03T09:03:20+00:00\",\"dateModified\":\"2024-07-03T09:08:14+00:00\",\"description\":\"After the customer places an order, the quality control staff will inspect the product and then ship it to the customer. After the goods arrive, please check the quality of the goods.\",\"breadcrumb\":{\"@id\":\"https:\/\/www.jammersignal.com\/refund-returns\/#breadcrumb\"},\"inLanguage\":\"es\",\"potentialAction\":[{\"@type\":\"ReadAction\",\"target\":[\"https:\/\/www.jammersignal.com\/refund-returns\/\"]}]},{\"@type\":\"BreadcrumbList\",\"@id\":\"https:\/\/www.jammersignal.com\/refund-returns\/#breadcrumb\",\"itemListElement\":[{\"@type\":\"ListItem\",\"position\":1,\"name\":\"Home\",\"item\":\"https:\/\/www.jammersignal.com\/\"},{\"@type\":\"ListItem\",\"position\":2,\"name\":\"Refund and Returns Policy\"}]},{\"@type\":\"WebSite\",\"@id\":\"https:\/\/www.jammersignal.com\/#website\",\"url\":\"https:\/\/www.jammersignal.com\/\",\"name\":\"JAMMERSIGNAL\",\"description\":\"\",\"publisher\":{\"@id\":\"https:\/\/www.jammersignal.com\/#organization\"},\"potentialAction\":[{\"@type\":\"SearchAction\",\"target\":{\"@type\":\"EntryPoint\",\"urlTemplate\":\"https:\/\/www.jammersignal.com\/?s={search_term_string}\"},\"query-input\":{\"@type\":\"PropertyValueSpecification\",\"valueRequired\":true,\"valueName\":\"search_term_string\"}}],\"inLanguage\":\"es\"},{\"@type\":\"Organization\",\"@id\":\"https:\/\/www.jammersignal.com\/#organization\",\"name\":\"JAMMERSIGNAL\",\"url\":\"https:\/\/www.jammersignal.com\/\",\"logo\":{\"@type\":\"ImageObject\",\"inLanguage\":\"es\",\"@id\":\"https:\/\/www.jammersignal.com\/#\/schema\/logo\/image\/\",\"url\":\"https:\/\/www.jammersignal.com\/wp-content\/uploads\/2024\/05\/cropped-jammersignal-logo-4.png\",\"contentUrl\":\"https:\/\/www.jammersignal.com\/wp-content\/uploads\/2024\/05\/cropped-jammersignal-logo-4.png\",\"width\":104,\"height\":34,\"caption\":\"JAMMERSIGNAL\"},\"image\":{\"@id\":\"https:\/\/www.jammersignal.com\/#\/schema\/logo\/image\/\"}}]}<\/script>\n<!-- \/ Yoast SEO plugin. -->","yoast_head_json":{"title":"Pol\u00edtica de devoluciones y reembolsos - JAMMERSIGNAL","description":"Despu\u00e9s de que el cliente haga un pedido, el personal de control de calidad inspeccionar\u00e1 el producto y luego lo enviar\u00e1 al cliente. Una vez recibida la mercanc\u00eda, compruebe su calidad.","robots":{"index":"index","follow":"follow","max-snippet":"max-snippet:-1","max-image-preview":"max-image-preview:large","max-video-preview":"max-video-preview:-1"},"canonical":"https:\/\/www.jammersignal.com\/es\/refund-returns\/","og_locale":"es_ES","og_type":"article","og_title":"Refund and Returns Policy - JAMMERSIGNAL","og_description":"After the customer places an order, the quality control staff will inspect the product and then ship it to the customer. After the goods arrive, please check the quality of the goods.","og_url":"https:\/\/www.jammersignal.com\/es\/refund-returns\/","og_site_name":"JAMMERSIGNAL","article_modified_time":"2024-07-03T09:08:14+00:00","twitter_card":"summary_large_image","twitter_misc":{"Tiempo de lectura":"2 minutos"},"schema":{"@context":"https:\/\/schema.org","@graph":[{"@type":"WebPage","@id":"https:\/\/www.jammersignal.com\/refund-returns\/","url":"https:\/\/www.jammersignal.com\/refund-returns\/","name":"Pol\u00edtica de devoluciones y reembolsos - JAMMERSIGNAL","isPartOf":{"@id":"https:\/\/www.jammersignal.com\/#website"},"datePublished":"2024-07-03T09:03:20+00:00","dateModified":"2024-07-03T09:08:14+00:00","description":"Despu\u00e9s de que el cliente haga un pedido, el personal de control de calidad inspeccionar\u00e1 el producto y luego lo enviar\u00e1 al cliente. Una vez recibida la mercanc\u00eda, compruebe su calidad.","breadcrumb":{"@id":"https:\/\/www.jammersignal.com\/refund-returns\/#breadcrumb"},"inLanguage":"es","potentialAction":[{"@type":"ReadAction","target":["https:\/\/www.jammersignal.com\/refund-returns\/"]}]},{"@type":"BreadcrumbList","@id":"https:\/\/www.jammersignal.com\/refund-returns\/#breadcrumb","itemListElement":[{"@type":"ListItem","position":1,"name":"Home","item":"https:\/\/www.jammersignal.com\/"},{"@type":"ListItem","position":2,"name":"Refund and Returns Policy"}]},{"@type":"WebSite","@id":"https:\/\/www.jammersignal.com\/#website","url":"https:\/\/www.jammersignal.com\/","name":"JAMMERSIGNAL","description":"","publisher":{"@id":"https:\/\/www.jammersignal.com\/#organization"},"potentialAction":[{"@type":"SearchAction","target":{"@type":"EntryPoint","urlTemplate":"https:\/\/www.jammersignal.com\/?s={search_term_string}"},"query-input":{"@type":"PropertyValueSpecification","valueRequired":true,"valueName":"search_term_string"}}],"inLanguage":"es"},{"@type":"Organization","@id":"https:\/\/www.jammersignal.com\/#organization","name":"JAMMERSIGNAL","url":"https:\/\/www.jammersignal.com\/","logo":{"@type":"ImageObject","inLanguage":"es","@id":"https:\/\/www.jammersignal.com\/#\/schema\/logo\/image\/","url":"https:\/\/www.jammersignal.com\/wp-content\/uploads\/2024\/05\/cropped-jammersignal-logo-4.png","contentUrl":"https:\/\/www.jammersignal.com\/wp-content\/uploads\/2024\/05\/cropped-jammersignal-logo-4.png","width":104,"height":34,"caption":"JAMMERSIGNAL"},"image":{"@id":"https:\/\/www.jammersignal.com\/#\/schema\/logo\/image\/"}}]}},"_links":{"self":[{"href":"https:\/\/www.jammersignal.com\/es\/wp-json\/wp\/v2\/pages\/9","targetHints":{"allow":["GET"]}}],"collection":[{"href":"https:\/\/www.jammersignal.com\/es\/wp-json\/wp\/v2\/pages"}],"about":[{"href":"https:\/\/www.jammersignal.com\/es\/wp-json\/wp\/v2\/types\/page"}],"author":[{"embeddable":true,"href":"https:\/\/www.jammersignal.com\/es\/wp-json\/wp\/v2\/users\/1"}],"replies":[{"embeddable":true,"href":"https:\/\/www.jammersignal.com\/es\/wp-json\/wp\/v2\/comments?post=9"}],"version-history":[{"count":1,"href":"https:\/\/www.jammersignal.com\/es\/wp-json\/wp\/v2\/pages\/9\/revisions"}],"predecessor-version":[{"id":3327,"href":"https:\/\/www.jammersignal.com\/es\/wp-json\/wp\/v2\/pages\/9\/revisions\/3327"}],"wp:attachment":[{"href":"https:\/\/www.jammersignal.com\/es\/wp-json\/wp\/v2\/media?parent=9"}],"curies":[{"name":"wp","href":"https:\/\/api.w.org\/{rel}","templated":true}]}}