{"id":1802,"date":"2024-05-19T04:11:29","date_gmt":"2024-05-19T04:11:29","guid":{"rendered":"https:\/\/www.jammersignal.com\/?post_type=product&#038;p=1802"},"modified":"2024-12-19T08:16:16","modified_gmt":"2024-12-19T08:16:16","slug":"desktop-drone-jammer-2-4g-5-1g-5-8g-uav-blocker","status":"publish","type":"product","link":"https:\/\/www.jammersignal.com\/es\/producto\/desktop-drone-jammer-2-4g-5-1g-5-8g-uav-blocker\/","title":{"rendered":"Super Desktop Drone Jammer 2.4G 5.1G 5.8G UAV bloqueador de se\u00f1al"},"content":{"rendered":"<div data-elementor-type=\"wp-post\" data-elementor-id=\"1802\" class=\"elementor elementor-1802\">\n\t\t\t\t<div class=\"elementor-element elementor-element-41eb40f e-flex e-con-boxed e-con e-parent\" data-id=\"41eb40f\" data-element_type=\"container\" data-e-type=\"container\">\n\t\t\t\t\t<div class=\"e-con-inner\">\n\t\t<div class=\"elementor-element elementor-element-434780d e-con-full e-flex e-con e-child\" data-id=\"434780d\" data-element_type=\"container\" data-e-type=\"container\">\n\t\t\t\t<div class=\"elementor-element elementor-element-72730de elementor-widget elementor-widget-text-editor\" data-id=\"72730de\" data-element_type=\"widget\" data-e-type=\"widget\" data-widget_type=\"text-editor.default\">\n\t\t\t\t<div class=\"elementor-widget-container\">\n\t\t\t\t\t\t\t\t\t<h4>Especificaciones t\u00e9cnicas<\/h4><table width=\"144\"><tbody><tr><td width=\"72\"><strong>Nombre del par\u00e1metro<\/strong><\/td><td width=\"72\"><strong>Par\u00e1metros<\/strong><\/td><\/tr><tr><td>Modelo\u00a0<\/td><td>EO-04<\/td><\/tr><tr><td>Frecuencias de interferencia<\/td><td width=\"72\">2.4G: 2400MHz-2480MHz<br \/>5.1G: 5180MHz-5380MHz<br \/>5,8G: 5725MHz-5840MHz<\/td><\/tr><tr><td>Radio de interferencia<\/td><td>Hasta 20 metros<\/td><\/tr><tr><td>Alimentaci\u00f3n<\/td><td>Enchufe, bater\u00eda integrada<\/td><\/tr><tr><td>Potencia de salida total<\/td><td>5W<\/td><\/tr><tr><td>Tensi\u00f3n<\/td><td>AC100-240V DC12V<\/td><\/tr><tr><td>Temperatura de funcionamiento<\/td><td>-40\u2103 a +70\u2103<\/td><\/tr><tr><td>Humedad de funcionamiento<\/td><td>5% a 80%<\/td><\/tr><tr><td>Tama\u00f1o del dispositivo<\/td><td>180mm*130mm*65mm<\/td><\/tr><tr><td>Peso del aparato<\/td><td>2500 g<\/td><\/tr><\/tbody><\/table>\t\t\t\t\t\t\t\t<\/div>\n\t\t\t\t<\/div>\n\t\t\t\t<\/div>\n\t\t<div class=\"elementor-element elementor-element-a357f28 e-con-full e-flex e-con e-child\" data-id=\"a357f28\" data-element_type=\"container\" data-e-type=\"container\">\n\t\t\t\t<div class=\"elementor-element elementor-element-89fb0d0 elementor-widget elementor-widget-text-editor\" data-id=\"89fb0d0\" data-element_type=\"widget\" data-e-type=\"widget\" data-widget_type=\"text-editor.default\">\n\t\t\t\t<div class=\"elementor-widget-container\">\n\t\t\t\t\t\t\t\t\t<h4>Informaci\u00f3n sobre el producto<\/h4><p>Presentamos un inhibidor de drones port\u00e1til 2.4G 5.1G 5.8G dise\u00f1ado para la gesti\u00f3n eficaz de drones ilegales. Ha sido reconocido como la primera opci\u00f3n de los departamentos de gesti\u00f3n de la seguridad de la ciudad, proporcionando soluciones valiosas para proteger la privacidad y la seguridad.<\/p><p><strong>Caracter\u00edsticas principales del producto:<\/strong><\/p><ol><li>Equipado con un sistema de refrigeraci\u00f3n de alta eficiencia y ventilador de refrigeraci\u00f3n incorporado.<\/li><li>El dispositivo inhibidor de se\u00f1ales de drones permite ajustar o desactivar de forma independiente cualquier banda de frecuencia sin interferir en el funcionamiento de otras bandas de frecuencia.<\/li><li>Capaz de interferir con frecuencias de 2,4 GHz, 5,1 GHz y 5,8 GHz.<\/li><\/ol><p><strong>Consideraciones importantes:<\/strong><\/p><p>El inhibidor de drones es adecuado para diversas aplicaciones, como prisiones, c\u00e1rceles, centros de rehabilitaci\u00f3n de drogadictos, agencias de seguridad y uso militar.<\/p>\t\t\t\t\t\t\t\t<\/div>\n\t\t\t\t<\/div>\n\t\t\t\t<\/div>\n\t\t\t\t\t<\/div>\n\t\t\t\t<\/div>\n\t\t\t\t<\/div>","protected":false},"excerpt":{"rendered":"<p>Presentamos un inhibidor de drones port\u00e1til 2.4G 5.1G 5.8G dise\u00f1ado para la gesti\u00f3n eficaz de drones ilegales. Ha sido reconocido como la primera opci\u00f3n de los departamentos de gesti\u00f3n de la seguridad de la ciudad, proporcionando soluciones valiosas para proteger la privacidad y la seguridad.<\/p>\n<p><strong>Caracter\u00edsticas principales del producto:<\/strong><\/p>\n<p>1. Equipado con un sistema de refrigeraci\u00f3n de alta eficiencia y ventilador de refrigeraci\u00f3n incorporado.<br \/>\n2. El dispositivo inhibidor de se\u00f1ales de drones permite ajustar o desactivar de forma independiente cualquier banda de frecuencias sin interferir en el funcionamiento de otras bandas de frecuencias.<br \/>\n3. Capaz de interferir con frecuencias de 2,4 GHz, 5,1 GHz y 5,8 GHz.<\/p>","protected":false},"featured_media":1474,"comment_status":"open","ping_status":"closed","template":"","meta":{"site-sidebar-layout":"no-sidebar","site-content-layout":"page-builder","ast-site-content-layout":"normal-width-container","site-content-style":"default","site-sidebar-style":"default","ast-global-header-display":"","ast-banner-title-visibility":"","ast-main-header-display":"","ast-hfb-above-header-display":"","ast-hfb-below-header-display":"","ast-hfb-mobile-header-display":"","site-post-title":"disabled","ast-breadcrumbs-content":"","ast-featured-img":"disabled","footer-sml-layout":"","ast-disable-related-posts":"","theme-transparent-header-meta":"default","adv-header-id-meta":"","stick-header-meta":"default","header-above-stick-meta":"","header-main-stick-meta":"","header-below-stick-meta":"","astra-migrate-meta-layouts":"set","ast-page-background-enabled":"default","ast-page-background-meta":{"desktop":{"background-color":"var(--ast-global-color-5)","background-image":"","background-repeat":"repeat","background-position":"center center","background-size":"auto","background-attachment":"scroll","background-type":"","background-media":"","overlay-type":"","overlay-color":"","overlay-opacity":"","overlay-gradient":""},"tablet":{"background-color":"","background-image":"","background-repeat":"repeat","background-position":"center center","background-size":"auto","background-attachment":"scroll","background-type":"","background-media":"","overlay-type":"","overlay-color":"","overlay-opacity":"","overlay-gradient":""},"mobile":{"background-color":"","background-image":"","background-repeat":"repeat","background-position":"center center","background-size":"auto","background-attachment":"scroll","background-type":"","background-media":"","overlay-type":"","overlay-color":"","overlay-opacity":"","overlay-gradient":""}},"ast-content-background-meta":{"desktop":{"background-color":"var(--ast-global-color-4)","background-image":"","background-repeat":"repeat","background-position":"center center","background-size":"auto","background-attachment":"scroll","background-type":"","background-media":"","overlay-type":"","overlay-color":"","overlay-opacity":"","overlay-gradient":""},"tablet":{"background-color":"var(--ast-global-color-4)","background-image":"","background-repeat":"repeat","background-position":"center center","background-size":"auto","background-attachment":"scroll","background-type":"","background-media":"","overlay-type":"","overlay-color":"","overlay-opacity":"","overlay-gradient":""},"mobile":{"background-color":"var(--ast-global-color-4)","background-image":"","background-repeat":"repeat","background-position":"center center","background-size":"auto","background-attachment":"scroll","background-type":"","background-media":"","overlay-type":"","overlay-color":"","overlay-opacity":"","overlay-gradient":""}}},"product_brand":[],"product_cat":[15,70,52,40,39,44,43,46,97,98,36],"product_tag":[468,345,353,355,356,357,496,448,359,360,566,346,567,426,529,568,498,362,363,364,365,534,470,452,472,473,535,502,536,537,503,504,424,453,368,369,505,524,493,465,540,508,476,373,509,510,434,512,457,466,563,479,375,378,380,485,384,516,560,549,487,517,385,551,552,441,463,519,562,561,387,388,525,445,495,390,391,443,558,392,349,394,398,399,400,351,403,406,408,409,344,464,436],"class_list":{"0":"post-1802","1":"product","2":"type-product","3":"status-publish","4":"has-post-thumbnail","6":"product_cat-signal-blocker","7":"product_cat-501-1000dollars-jammers","8":"product_cat-anti-tracking-signal-jammer","9":"product_cat-bluetooth-signal-blocker","10":"product_cat-bluetooth-jammer","11":"product_cat-drone-signal-blocker","12":"product_cat-drone-jammer","13":"product_cat-high-power-signal-jammers","14":"product_cat-wifi-2-4g-2400-2500mhz-jammer","15":"product_cat-wifi-5g-5100-5680mhz-or5720-5850mhz-jammer","16":"product_cat-wifi-jammer","17":"product_tag-2-4-ghz-jammer","18":"product_tag-2-4ghz-wifi-jammer","19":"product_tag-5-ghz-wifi-jammer","20":"product_tag-5ghz-wifi-jammer","21":"product_tag-5ghz-wifi-jammer-diy","22":"product_tag-aliexpress-wifi-jammer","23":"product_tag-all-frequency-jammer","24":"product_tag-anti-drone-jammer","25":"product_tag-anti-wifi-jammer","26":"product_tag-arduino-wifi-jammer","27":"product_tag-best-signal-jammer","28":"product_tag-best-wifi-jammer","29":"product_tag-block-signal-jammer","30":"product_tag-blue-tooth-jammer","31":"product_tag-bluetooth-jammer-aaaaaa","32":"product_tag-bluetooth-jammer-online","33":"product_tag-bluetooth-signal-jammer-app","34":"product_tag-bluetooth-wifi-jammer","35":"product_tag-build-wifi-jammer","36":"product_tag-buy-wifi-jammer","37":"product_tag-buy-wifi-signal-jammer","38":"product_tag-define-jammer","39":"product_tag-device-jammer","40":"product_tag-diy-drone-jammer","41":"product_tag-diy-signal-jammer","42":"product_tag-door-jammer-hhhhhh","43":"product_tag-door-jammer-portable","44":"product_tag-drone-frequency-jammer","45":"product_tag-drone-jammer-aaaaaa","46":"product_tag-drone-jammer-app","47":"product_tag-drone-jammer-for-sale","48":"product_tag-drone-radio-jammer","49":"product_tag-drone-signal-jammer","50":"product_tag-drone-signal-jammer-aaaaaa","51":"product_tag-drone-wifi-jammer","52":"product_tag-ebay-wifi-jammer","53":"product_tag-electronic-device-jammer","54":"product_tag-frequency-jammer","55":"product_tag-how-do-jammer-work","56":"product_tag-how-do-signal-jammer-work","57":"product_tag-how-does-jammer-work","58":"product_tag-how-does-signal-jammer-work","59":"product_tag-how-to-make-signal-jammer","60":"product_tag-how-wifi-jammer-works","61":"product_tag-jammer-blocker-signal","62":"product_tag-jammer-bluetooth","63":"product_tag-jammer-device","64":"product_tag-jammer-drone","65":"product_tag-jammer-meaning","66":"product_tag-jammer-means","67":"product_tag-jammer-restaurant","68":"product_tag-jammer-signal-blocker","69":"product_tag-long-range-wifi-jammer","70":"product_tag-mini-portable-wifi-signal-jammer","71":"product_tag-mobile-wifi-jammer","72":"product_tag-radio-signal-jammer","73":"product_tag-raspberry-pi-wifi-jammer","74":"product_tag-rf-frequency-jammer","75":"product_tag-rf-jammer","76":"product_tag-rf-jammer-for-sale","77":"product_tag-rf-signal-jammer","78":"product_tag-rfid-jammer","79":"product_tag-ring-doorbell-wifi-jammer","80":"product_tag-signal-blocker-jammer","81":"product_tag-signal-jammer-blocker","82":"product_tag-signal-jammer-cost","83":"product_tag-signal-jammer-device","84":"product_tag-signal-jammer-diy","85":"product_tag-signal-jammer-for-cameras","86":"product_tag-signal-jammer-for-sale","87":"product_tag-signal-jammer-for-wifi","88":"product_tag-simple-wifi-jammer-circuit","89":"product_tag-the-jammer","90":"product_tag-wave-jammer","91":"product_tag-what-are-jammer","92":"product_tag-what-does-a-wifi-jammer-do","93":"product_tag-what-does-a-wifi-jammer-look-like","94":"product_tag-what-is-a-jammer","95":"product_tag-whats-a-jammer","96":"product_tag-wifi-anti-jammer","97":"product_tag-wifi-blocker-jammer","98":"product_tag-wifi-camera-signal-jammer","99":"product_tag-wifi-jammer-5ghz","100":"product_tag-wifi-jammer-android","101":"product_tag-wifi-jammer-android-app","102":"product_tag-wifi-jammer-blocker","103":"product_tag-wifi-jammer-circuit","104":"product_tag-wifi-jammer-ebay","105":"product_tag-wifi-jammer-for-iphone","106":"product_tag-wifi-jammer-kit","107":"product_tag-wifi-signal-jammer-for-sale","108":"product_tag-wireless-jammer","109":"product_tag-wireless-network-jammer","110":"desktop-align-left","111":"tablet-align-left","112":"mobile-align-left","113":"ast-product-gallery-layout-horizontal-slider","114":"ast-product-single-variable","115":"ast-product-tabs-layout-horizontal","117":"first","118":"instock","119":"sale","120":"shipping-taxable","121":"purchasable","122":"product-type-variable"},"yoast_head":"<!-- This site is optimized with the Yoast SEO plugin v23.9 - https:\/\/yoast.com\/wordpress\/plugins\/seo\/ -->\n<title>2.4G 5.1G 5.8G Drone Jammer Super Desktop UAV Signal Blocker for Sale - JAMMERSIGNAL<\/title>\n<meta name=\"description\" content=\"This is a 2.4G 5.1G 5.8G portable drone jammer designed to effectively deal with unauthorized drone activities. This UAV signal interceptor can provide valuable assistance in protecting against potential threats posed by illegal drones.\" \/>\n<meta name=\"robots\" content=\"index, follow, max-snippet:-1, max-image-preview:large, max-video-preview:-1\" \/>\n<link rel=\"canonical\" href=\"https:\/\/www.jammersignal.com\/es\/producto\/desktop-drone-jammer-2-4g-5-1g-5-8g-uav-blocker\/\" \/>\n<meta property=\"og:locale\" content=\"es_ES\" \/>\n<meta property=\"og:type\" content=\"article\" \/>\n<meta property=\"og:title\" content=\"2.4G 5.1G 5.8G Drone Jammer Super Desktop UAV Signal Blocker for Sale - JAMMERSIGNAL\" \/>\n<meta property=\"og:description\" content=\"This is a 2.4G 5.1G 5.8G portable drone jammer designed to effectively deal with unauthorized drone activities. This UAV signal interceptor can provide valuable assistance in protecting against potential threats posed by illegal drones.\" \/>\n<meta property=\"og:url\" content=\"https:\/\/www.jammersignal.com\/es\/producto\/desktop-drone-jammer-2-4g-5-1g-5-8g-uav-blocker\/\" \/>\n<meta property=\"og:site_name\" content=\"JAMMERSIGNAL\" \/>\n<meta property=\"article:modified_time\" content=\"2024-12-19T08:16:16+00:00\" \/>\n<meta property=\"og:image\" content=\"https:\/\/www.jammersignal.com\/wp-content\/uploads\/2024\/05\/super-desktop-jammersignal-drone-5.8g-5.1g-jammers.jpg\" \/>\n\t<meta property=\"og:image:width\" content=\"600\" \/>\n\t<meta property=\"og:image:height\" content=\"600\" \/>\n\t<meta property=\"og:image:type\" content=\"image\/jpeg\" \/>\n<meta name=\"twitter:card\" content=\"summary_large_image\" \/>\n<meta name=\"twitter:label1\" content=\"Tiempo de lectura\" \/>\n\t<meta name=\"twitter:data1\" content=\"1 minuto\" \/>\n<script type=\"application\/ld+json\" class=\"yoast-schema-graph\">{\"@context\":\"https:\/\/schema.org\",\"@graph\":[{\"@type\":\"WebPage\",\"@id\":\"https:\/\/www.jammersignal.com\/product\/desktop-drone-jammer-2-4g-5-1g-5-8g-uav-blocker\/\",\"url\":\"https:\/\/www.jammersignal.com\/product\/desktop-drone-jammer-2-4g-5-1g-5-8g-uav-blocker\/\",\"name\":\"2.4G 5.1G 5.8G Drone Jammer Super Desktop UAV Signal Blocker for Sale - JAMMERSIGNAL\",\"isPartOf\":{\"@id\":\"https:\/\/www.jammersignal.com\/#website\"},\"primaryImageOfPage\":{\"@id\":\"https:\/\/www.jammersignal.com\/product\/desktop-drone-jammer-2-4g-5-1g-5-8g-uav-blocker\/#primaryimage\"},\"image\":{\"@id\":\"https:\/\/www.jammersignal.com\/product\/desktop-drone-jammer-2-4g-5-1g-5-8g-uav-blocker\/#primaryimage\"},\"thumbnailUrl\":\"https:\/\/www.jammersignal.com\/wp-content\/uploads\/2024\/05\/super-desktop-jammersignal-drone-5.8g-5.1g-jammers.jpg\",\"datePublished\":\"2024-05-19T04:11:29+00:00\",\"dateModified\":\"2024-12-19T08:16:16+00:00\",\"description\":\"This is a 2.4G 5.1G 5.8G portable drone jammer designed to effectively deal with unauthorized drone activities. This UAV signal interceptor can provide valuable assistance in protecting against potential threats posed by illegal drones.\",\"breadcrumb\":{\"@id\":\"https:\/\/www.jammersignal.com\/product\/desktop-drone-jammer-2-4g-5-1g-5-8g-uav-blocker\/#breadcrumb\"},\"inLanguage\":\"es\",\"potentialAction\":[{\"@type\":\"ReadAction\",\"target\":[\"https:\/\/www.jammersignal.com\/product\/desktop-drone-jammer-2-4g-5-1g-5-8g-uav-blocker\/\"]}]},{\"@type\":\"ImageObject\",\"inLanguage\":\"es\",\"@id\":\"https:\/\/www.jammersignal.com\/product\/desktop-drone-jammer-2-4g-5-1g-5-8g-uav-blocker\/#primaryimage\",\"url\":\"https:\/\/www.jammersignal.com\/wp-content\/uploads\/2024\/05\/super-desktop-jammersignal-drone-5.8g-5.1g-jammers.jpg\",\"contentUrl\":\"https:\/\/www.jammersignal.com\/wp-content\/uploads\/2024\/05\/super-desktop-jammersignal-drone-5.8g-5.1g-jammers.jpg\",\"width\":600,\"height\":600,\"caption\":\"super desktop jammersignal drone 5.8g 5.1g jammers\"},{\"@type\":\"BreadcrumbList\",\"@id\":\"https:\/\/www.jammersignal.com\/product\/desktop-drone-jammer-2-4g-5-1g-5-8g-uav-blocker\/#breadcrumb\",\"itemListElement\":[{\"@type\":\"ListItem\",\"position\":1,\"name\":\"Home\",\"item\":\"https:\/\/www.jammersignal.com\/\"},{\"@type\":\"ListItem\",\"position\":2,\"name\":\"Shop\",\"item\":\"https:\/\/www.jammersignal.com\/shop\/\"},{\"@type\":\"ListItem\",\"position\":3,\"name\":\"Signal Blocker\",\"item\":\"https:\/\/www.jammersignal.com\/product-category\/signal-blocker\/\"},{\"@type\":\"ListItem\",\"position\":4,\"name\":\"Super Desktop Drone Jammer 2.4G 5.1G 5.8G UAV Signal Blocker\"}]},{\"@type\":\"WebSite\",\"@id\":\"https:\/\/www.jammersignal.com\/#website\",\"url\":\"https:\/\/www.jammersignal.com\/\",\"name\":\"JAMMERSIGNAL\",\"description\":\"\",\"publisher\":{\"@id\":\"https:\/\/www.jammersignal.com\/#organization\"},\"potentialAction\":[{\"@type\":\"SearchAction\",\"target\":{\"@type\":\"EntryPoint\",\"urlTemplate\":\"https:\/\/www.jammersignal.com\/?s={search_term_string}\"},\"query-input\":{\"@type\":\"PropertyValueSpecification\",\"valueRequired\":true,\"valueName\":\"search_term_string\"}}],\"inLanguage\":\"es\"},{\"@type\":\"Organization\",\"@id\":\"https:\/\/www.jammersignal.com\/#organization\",\"name\":\"JAMMERSIGNAL\",\"url\":\"https:\/\/www.jammersignal.com\/\",\"logo\":{\"@type\":\"ImageObject\",\"inLanguage\":\"es\",\"@id\":\"https:\/\/www.jammersignal.com\/#\/schema\/logo\/image\/\",\"url\":\"https:\/\/www.jammersignal.com\/wp-content\/uploads\/2024\/05\/cropped-jammersignal-logo-4.png\",\"contentUrl\":\"https:\/\/www.jammersignal.com\/wp-content\/uploads\/2024\/05\/cropped-jammersignal-logo-4.png\",\"width\":104,\"height\":34,\"caption\":\"JAMMERSIGNAL\"},\"image\":{\"@id\":\"https:\/\/www.jammersignal.com\/#\/schema\/logo\/image\/\"}}]}<\/script>\n<!-- \/ Yoast SEO plugin. -->","yoast_head_json":{"title":"2.4G 5.1G 5.8G Drone Jammer Super escritorio UAV bloqueador de se\u00f1al para la venta - JAMMERSIGNAL","description":"Se trata de un inhibidor de drones port\u00e1til 2.4G 5.1G 5.8G dise\u00f1ado para hacer frente con eficacia a las actividades no autorizadas de drones. Este interceptor de se\u00f1al UAV puede proporcionar una valiosa ayuda en la protecci\u00f3n contra las amenazas potenciales planteadas por los aviones no tripulados ilegales.","robots":{"index":"index","follow":"follow","max-snippet":"max-snippet:-1","max-image-preview":"max-image-preview:large","max-video-preview":"max-video-preview:-1"},"canonical":"https:\/\/www.jammersignal.com\/es\/producto\/desktop-drone-jammer-2-4g-5-1g-5-8g-uav-blocker\/","og_locale":"es_ES","og_type":"article","og_title":"2.4G 5.1G 5.8G Drone Jammer Super Desktop UAV Signal Blocker for Sale - JAMMERSIGNAL","og_description":"This is a 2.4G 5.1G 5.8G portable drone jammer designed to effectively deal with unauthorized drone activities. This UAV signal interceptor can provide valuable assistance in protecting against potential threats posed by illegal drones.","og_url":"https:\/\/www.jammersignal.com\/es\/producto\/desktop-drone-jammer-2-4g-5-1g-5-8g-uav-blocker\/","og_site_name":"JAMMERSIGNAL","article_modified_time":"2024-12-19T08:16:16+00:00","og_image":[{"width":600,"height":600,"url":"https:\/\/www.jammersignal.com\/wp-content\/uploads\/2024\/05\/super-desktop-jammersignal-drone-5.8g-5.1g-jammers.jpg","type":"image\/jpeg"}],"twitter_card":"summary_large_image","twitter_misc":{"Tiempo de lectura":"1 minuto"},"schema":{"@context":"https:\/\/schema.org","@graph":[{"@type":"WebPage","@id":"https:\/\/www.jammersignal.com\/product\/desktop-drone-jammer-2-4g-5-1g-5-8g-uav-blocker\/","url":"https:\/\/www.jammersignal.com\/product\/desktop-drone-jammer-2-4g-5-1g-5-8g-uav-blocker\/","name":"2.4G 5.1G 5.8G Drone Jammer Super escritorio UAV bloqueador de se\u00f1al para la venta - JAMMERSIGNAL","isPartOf":{"@id":"https:\/\/www.jammersignal.com\/#website"},"primaryImageOfPage":{"@id":"https:\/\/www.jammersignal.com\/product\/desktop-drone-jammer-2-4g-5-1g-5-8g-uav-blocker\/#primaryimage"},"image":{"@id":"https:\/\/www.jammersignal.com\/product\/desktop-drone-jammer-2-4g-5-1g-5-8g-uav-blocker\/#primaryimage"},"thumbnailUrl":"https:\/\/www.jammersignal.com\/wp-content\/uploads\/2024\/05\/super-desktop-jammersignal-drone-5.8g-5.1g-jammers.jpg","datePublished":"2024-05-19T04:11:29+00:00","dateModified":"2024-12-19T08:16:16+00:00","description":"Se trata de un inhibidor de drones port\u00e1til 2.4G 5.1G 5.8G dise\u00f1ado para hacer frente con eficacia a las actividades no autorizadas de drones. Este interceptor de se\u00f1al UAV puede proporcionar una valiosa ayuda en la protecci\u00f3n contra las amenazas potenciales planteadas por los aviones no tripulados ilegales.","breadcrumb":{"@id":"https:\/\/www.jammersignal.com\/product\/desktop-drone-jammer-2-4g-5-1g-5-8g-uav-blocker\/#breadcrumb"},"inLanguage":"es","potentialAction":[{"@type":"ReadAction","target":["https:\/\/www.jammersignal.com\/product\/desktop-drone-jammer-2-4g-5-1g-5-8g-uav-blocker\/"]}]},{"@type":"ImageObject","inLanguage":"es","@id":"https:\/\/www.jammersignal.com\/product\/desktop-drone-jammer-2-4g-5-1g-5-8g-uav-blocker\/#primaryimage","url":"https:\/\/www.jammersignal.com\/wp-content\/uploads\/2024\/05\/super-desktop-jammersignal-drone-5.8g-5.1g-jammers.jpg","contentUrl":"https:\/\/www.jammersignal.com\/wp-content\/uploads\/2024\/05\/super-desktop-jammersignal-drone-5.8g-5.1g-jammers.jpg","width":600,"height":600,"caption":"super desktop jammersignal drone 5.8g 5.1g jammers"},{"@type":"BreadcrumbList","@id":"https:\/\/www.jammersignal.com\/product\/desktop-drone-jammer-2-4g-5-1g-5-8g-uav-blocker\/#breadcrumb","itemListElement":[{"@type":"ListItem","position":1,"name":"Home","item":"https:\/\/www.jammersignal.com\/"},{"@type":"ListItem","position":2,"name":"Shop","item":"https:\/\/www.jammersignal.com\/shop\/"},{"@type":"ListItem","position":3,"name":"Signal Blocker","item":"https:\/\/www.jammersignal.com\/product-category\/signal-blocker\/"},{"@type":"ListItem","position":4,"name":"Super Desktop Drone Jammer 2.4G 5.1G 5.8G UAV Signal Blocker"}]},{"@type":"WebSite","@id":"https:\/\/www.jammersignal.com\/#website","url":"https:\/\/www.jammersignal.com\/","name":"JAMMERSIGNAL","description":"","publisher":{"@id":"https:\/\/www.jammersignal.com\/#organization"},"potentialAction":[{"@type":"SearchAction","target":{"@type":"EntryPoint","urlTemplate":"https:\/\/www.jammersignal.com\/?s={search_term_string}"},"query-input":{"@type":"PropertyValueSpecification","valueRequired":true,"valueName":"search_term_string"}}],"inLanguage":"es"},{"@type":"Organization","@id":"https:\/\/www.jammersignal.com\/#organization","name":"JAMMERSIGNAL","url":"https:\/\/www.jammersignal.com\/","logo":{"@type":"ImageObject","inLanguage":"es","@id":"https:\/\/www.jammersignal.com\/#\/schema\/logo\/image\/","url":"https:\/\/www.jammersignal.com\/wp-content\/uploads\/2024\/05\/cropped-jammersignal-logo-4.png","contentUrl":"https:\/\/www.jammersignal.com\/wp-content\/uploads\/2024\/05\/cropped-jammersignal-logo-4.png","width":104,"height":34,"caption":"JAMMERSIGNAL"},"image":{"@id":"https:\/\/www.jammersignal.com\/#\/schema\/logo\/image\/"}}]}},"_links":{"self":[{"href":"https:\/\/www.jammersignal.com\/es\/wp-json\/wp\/v2\/product\/1802","targetHints":{"allow":["GET"]}}],"collection":[{"href":"https:\/\/www.jammersignal.com\/es\/wp-json\/wp\/v2\/product"}],"about":[{"href":"https:\/\/www.jammersignal.com\/es\/wp-json\/wp\/v2\/types\/product"}],"replies":[{"embeddable":true,"href":"https:\/\/www.jammersignal.com\/es\/wp-json\/wp\/v2\/comments?post=1802"}],"version-history":[{"count":5,"href":"https:\/\/www.jammersignal.com\/es\/wp-json\/wp\/v2\/product\/1802\/revisions"}],"predecessor-version":[{"id":1816,"href":"https:\/\/www.jammersignal.com\/es\/wp-json\/wp\/v2\/product\/1802\/revisions\/1816"}],"wp:featuredmedia":[{"embeddable":true,"href":"https:\/\/www.jammersignal.com\/es\/wp-json\/wp\/v2\/media\/1474"}],"wp:attachment":[{"href":"https:\/\/www.jammersignal.com\/es\/wp-json\/wp\/v2\/media?parent=1802"}],"wp:term":[{"taxonomy":"product_brand","embeddable":true,"href":"https:\/\/www.jammersignal.com\/es\/wp-json\/wp\/v2\/product_brand?post=1802"},{"taxonomy":"product_cat","embeddable":true,"href":"https:\/\/www.jammersignal.com\/es\/wp-json\/wp\/v2\/product_cat?post=1802"},{"taxonomy":"product_tag","embeddable":true,"href":"https:\/\/www.jammersignal.com\/es\/wp-json\/wp\/v2\/product_tag?post=1802"}],"curies":[{"name":"wp","href":"https:\/\/api.w.org\/{rel}","templated":true}]}}