{"id":1805,"date":"2024-05-19T04:11:31","date_gmt":"2024-05-19T04:11:31","guid":{"rendered":"https:\/\/www.jammersignal.com\/?post_type=product&#038;p=1805"},"modified":"2025-09-01T03:10:46","modified_gmt":"2025-09-01T03:10:46","slug":"g9-pro-car-gps-jammer-wifi-base-station","status":"publish","type":"product","link":"https:\/\/www.jammersignal.com\/es\/producto\/g9-pro-car-gps-jammer-wifi-base-station\/","title":{"rendered":"G9 Pro coche GPS Jammer para veh\u00edculos Jamming con GPS \/ GSM \/ Beidou \/ estaci\u00f3n base"},"content":{"rendered":"<div data-elementor-type=\"wp-post\" data-elementor-id=\"1805\" class=\"elementor elementor-1805\">\n\t\t\t\t<div class=\"elementor-element elementor-element-9479e94 e-flex e-con-boxed e-con e-parent\" data-id=\"9479e94\" data-element_type=\"container\">\n\t\t\t\t\t<div class=\"e-con-inner\">\n\t\t\t\t<div class=\"elementor-element elementor-element-ed1955d elementor-widget elementor-widget-text-editor\" data-id=\"ed1955d\" data-element_type=\"widget\" data-widget_type=\"text-editor.default\">\n\t\t\t\t<div class=\"elementor-widget-container\">\n\t\t\t\t\t\t\t\t\t<p>Presentamos el G9 Pro Positioning Jammer, un dispositivo eficaz que puede bloquear de forma integral varios sistemas de posicionamiento de se\u00f1al. G9 Pro Car GPS Jammer es la \u00faltima soluci\u00f3n jammer dise\u00f1ado para fines de anti-rastreo. Este GPS \/ GSM \/ Beidou \/ Base Station Jammer es capaz de bloquear GPS, BDS, GSM y DCS se\u00f1ales, proporcionando una fuerte protecci\u00f3n contra los intentos de seguimiento.<\/p><p>El G9 Pro puede alimentarse mediante diversos m\u00e9todos, como USB, banco de alimentaci\u00f3n y puerto DAB (diagn\u00f3stico a bordo), lo que garantiza su funcionamiento las 24 horas del d\u00eda, los 7 d\u00edas de la semana.<\/p><p><strong>Especificaciones principales:<\/strong><\/p><p>Frecuencia de interferencia:<\/p><ul><li>L1: GSM 925-960MHz<\/li><li>L2: Beidou 1150-1275MHz<\/li><li>L3: GPS 1550-1610MHz<\/li><li>L4: DCS 1800-1920MHz<\/li><\/ul><p>M\u00e9todo de alimentaci\u00f3n: USB, OBD<br \/>Radio de interferencia: 2-15 metros (dependiendo de la intensidad de la se\u00f1al de la zona)<br \/>Peso: 100 g<br \/>Color: Negro<br \/>Tama\u00f1o: 7,6*3,8*1,6cm<\/p>\t\t\t\t\t\t\t\t<\/div>\n\t\t\t\t<\/div>\n\t\t\t\t\t<\/div>\n\t\t\t\t<\/div>\n\t\t\t\t<\/div>","protected":false},"excerpt":{"rendered":"<p>Presentamos el G9 Pro Positioning Jammer, un dispositivo eficaz que puede bloquear de forma integral varios sistemas de posicionamiento de se\u00f1al. G9 Pro Car GPS Jammer es la \u00faltima soluci\u00f3n jammer dise\u00f1ado para fines de anti-rastreo. Este GPS \/ GSM \/ Beidou \/ Base Station Jammer es capaz de bloquear GPS, BDS, GSM y DCS se\u00f1ales, proporcionando una fuerte protecci\u00f3n contra los intentos de seguimiento.<\/p>\n<p>El G9 Pro puede alimentarse mediante diversos m\u00e9todos, como USB, banco de alimentaci\u00f3n y puerto DAB (diagn\u00f3stico a bordo), lo que garantiza su funcionamiento las 24 horas del d\u00eda, los 7 d\u00edas de la semana.<\/p>","protected":false},"featured_media":1487,"comment_status":"open","ping_status":"closed","template":"","meta":{"site-sidebar-layout":"no-sidebar","site-content-layout":"page-builder","ast-site-content-layout":"normal-width-container","site-content-style":"default","site-sidebar-style":"default","ast-global-header-display":"","ast-banner-title-visibility":"","ast-main-header-display":"","ast-hfb-above-header-display":"","ast-hfb-below-header-display":"","ast-hfb-mobile-header-display":"","site-post-title":"disabled","ast-breadcrumbs-content":"","ast-featured-img":"disabled","footer-sml-layout":"","theme-transparent-header-meta":"default","adv-header-id-meta":"","stick-header-meta":"default","header-above-stick-meta":"","header-main-stick-meta":"","header-below-stick-meta":"","astra-migrate-meta-layouts":"set","ast-page-background-enabled":"default","ast-page-background-meta":{"desktop":{"background-color":"var(--ast-global-color-4)","background-image":"","background-repeat":"repeat","background-position":"center center","background-size":"auto","background-attachment":"scroll","background-type":"","background-media":"","overlay-type":"","overlay-color":"","overlay-gradient":""},"tablet":{"background-color":"","background-image":"","background-repeat":"repeat","background-position":"center center","background-size":"auto","background-attachment":"scroll","background-type":"","background-media":"","overlay-type":"","overlay-color":"","overlay-gradient":""},"mobile":{"background-color":"","background-image":"","background-repeat":"repeat","background-position":"center center","background-size":"auto","background-attachment":"scroll","background-type":"","background-media":"","overlay-type":"","overlay-color":"","overlay-gradient":""}},"ast-content-background-meta":{"desktop":{"background-color":"var(--ast-global-color-5)","background-image":"","background-repeat":"repeat","background-position":"center center","background-size":"auto","background-attachment":"scroll","background-type":"","background-media":"","overlay-type":"","overlay-color":"","overlay-gradient":""},"tablet":{"background-color":"var(--ast-global-color-5)","background-image":"","background-repeat":"repeat","background-position":"center center","background-size":"auto","background-attachment":"scroll","background-type":"","background-media":"","overlay-type":"","overlay-color":"","overlay-gradient":""},"mobile":{"background-color":"var(--ast-global-color-5)","background-image":"","background-repeat":"repeat","background-position":"center center","background-size":"auto","background-attachment":"scroll","background-type":"","background-media":"","overlay-type":"","overlay-color":"","overlay-gradient":""}}},"product_brand":[],"product_cat":[15,52,40,39,63,35,34,53,67,54,55,80],"product_tag":[353,355,357,432,332,149,359,360,247,346,361,426,362,363,410,411,412,413,415,417,419,420,421,422,423,364,365,366,158,451,533,159,141,277,534,367,472,326,340,473,369,505,144,454,437,213,427,474,455,506,433,475,538,370,456,539,493,465,540,508,476,373,374,509,477,434,513,438,435,457,466,479,376,377,378,379,380,381,347,333,342,384,516,560,385,386,551,552,518,441,463,519,561,387,325,388,525,522,389,442,495,390,391,334,558,392,349,393,327,350,395,398,330,399,400,401,324,402,351,403,404,335,328,405,406,407,408,329,409,336,337,331,338,343,339,344,352,436],"class_list":{"0":"post-1805","1":"product","2":"type-product","3":"status-publish","4":"has-post-thumbnail","6":"product_cat-signal-blocker","7":"product_cat-anti-tracking-signal-jammer","8":"product_cat-bluetooth-signal-blocker","9":"product_cat-bluetooth-jammer","10":"product_cat-cheap-jammer","11":"product_cat-gps-signal-blocker","12":"product_cat-gps-signal-jammer","13":"product_cat-hidden-signal-jammer","14":"product_cat-less-than-100dollars-jammer","15":"product_cat-mini-jammer-small-blocker","16":"product_cat-outdoor-jammer","17":"product_cat-within-10meters","18":"product_tag-5-ghz-wifi-jammer","19":"product_tag-5ghz-wifi-jammer","20":"product_tag-aliexpress-wifi-jammer","21":"product_tag-aaaaaa-gps-jammer","22":"product_tag-amazon-wifi-jammer","23":"product_tag-anti-cell-phone-jammer","24":"product_tag-anti-wifi-jammer","25":"product_tag-arduino-wifi-jammer","26":"product_tag-best-cell-phone-jammer-reviews","27":"product_tag-best-wifi-jammer","28":"product_tag-block-wifi-jammer","29":"product_tag-blue-tooth-jammer","30":"product_tag-bluetooth-wifi-jammer","31":"product_tag-build-wifi-jammer","32":"product_tag-buy-car-gps-jammer","33":"product_tag-buy-cigarette-lighter-gps-cell-phone-jammer","34":"product_tag-buy-gps-jammer-australia","35":"product_tag-buy-gps-jammer-canada","36":"product_tag-buy-gps-jammer-ebay","37":"product_tag-buy-gps-jammer-in-dallas","38":"product_tag-buy-gps-jammer-online","39":"product_tag-buy-gps-jammer-uk","40":"product_tag-buy-gps-jammer-us","41":"product_tag-buy-gps-tracking-jammer","42":"product_tag-buy-vehicle-gps-jammer","43":"product_tag-buy-wifi-jammer","44":"product_tag-buy-wifi-signal-jammer","45":"product_tag-can-jammer-block-wifi","46":"product_tag-car-cell-phone-jammer","47":"product_tag-car-jammer","48":"product_tag-car-signal-jammer","49":"product_tag-cell-jammer-circuit","50":"product_tag-cell-phone-gps-jammer","51":"product_tag-cell-phone-tracking-jammer","52":"product_tag-define-jammer","53":"product_tag-directional-wifi-jammer","54":"product_tag-diy-signal-jammer","55":"product_tag-diy-wifi-jammer","56":"product_tag-diy-wifi-signal-jammer","57":"product_tag-door-jammer-hhhhhh","58":"product_tag-ebay-wifi-jammer","59":"product_tag-electronic-device-jammer","60":"product_tag-gps-and-cell-phone-jammer","61":"product_tag-gps-blocker-jammer","62":"product_tag-gps-blockers-jammer","63":"product_tag-gps-cell-jammer","64":"product_tag-gps-jammer-aaaaaa","65":"product_tag-gps-jammer-app","66":"product_tag-gps-jammer-car","67":"product_tag-gps-jammer-for-sale","68":"product_tag-gps-signal-jammer","69":"product_tag-gps-tracker-jammer","70":"product_tag-gps-tracking-device-jammer","71":"product_tag-gps-wifi-jammer","72":"product_tag-hidden-camera-jammer","73":"product_tag-homemade-gps-jammer","74":"product_tag-how-do-jammer-work","75":"product_tag-how-do-signal-jammer-work","76":"product_tag-how-does-jammer-work","77":"product_tag-how-does-signal-jammer-work","78":"product_tag-how-to-make-signal-jammer","79":"product_tag-how-wifi-jammer-works","80":"product_tag-iphone-wifi-jammer","81":"product_tag-jammer-blocker-signal","82":"product_tag-jammer-car","83":"product_tag-jammer-device","84":"product_tag-jammer-for-car","85":"product_tag-jammer-gps","86":"product_tag-jammer-gps-aaaaaa","87":"product_tag-jammer-meaning","88":"product_tag-jammer-means","89":"product_tag-jammer-signal-blocker","90":"product_tag-make-wifi-jammer","91":"product_tag-microwave-wifi-jammer","92":"product_tag-mini-portable-wifi-signal-jammer","93":"product_tag-mini-wifi-jammer","94":"product_tag-mobile-wifi-jammer","95":"product_tag-online-wifi-jammer","96":"product_tag-pocket-wifi-jammer","97":"product_tag-portable-wifi-jammer","98":"product_tag-portable-wifi-signal-jammer","99":"product_tag-raspberry-pi-wifi-jammer","100":"product_tag-rf-frequency-jammer","101":"product_tag-rf-jammer","102":"product_tag-ring-doorbell-wifi-jammer","103":"product_tag-ring-wifi-jammer","104":"product_tag-signal-blocker-jammer","105":"product_tag-signal-jammer-blocker","106":"product_tag-signal-jammer-car","107":"product_tag-signal-jammer-cost","108":"product_tag-signal-jammer-device","109":"product_tag-signal-jammer-diy","110":"product_tag-signal-jammer-for-sale","111":"product_tag-signal-jammer-for-wifi","112":"product_tag-signal-jammer-wifi","113":"product_tag-simple-wifi-jammer-circuit","114":"product_tag-the-jammer","115":"product_tag-tracker-jammer","116":"product_tag-usb-wifi-jammer","117":"product_tag-vehicle-gps-jammer","118":"product_tag-what-are-jammer","119":"product_tag-what-does-a-wifi-jammer-do","120":"product_tag-what-does-a-wifi-jammer-look-like","121":"product_tag-what-is-wifi-jammer","122":"product_tag-whats-a-jammer","123":"product_tag-wifi-anti-jammer","124":"product_tag-wifi-blocker-jammer","125":"product_tag-wifi-bluetooth-signal-jammer","126":"product_tag-wifi-camera-jammer","127":"product_tag-wifi-camera-jammer-app","128":"product_tag-wifi-frequency-jammer","129":"product_tag-wifi-jammer-5ghz","130":"product_tag-wifi-jammer-amazon","131":"product_tag-wifi-jammer-android","132":"product_tag-wifi-jammer-android-app","133":"product_tag-wifi-jammer-apk","134":"product_tag-wifi-jammer-app","135":"product_tag-wifi-jammer-best-buy","136":"product_tag-wifi-jammer-blocker","137":"product_tag-wifi-jammer-circuit","138":"product_tag-wifi-jammer-circuit-diagram","139":"product_tag-wifi-jammer-device","140":"product_tag-wifi-jammer-diy","141":"product_tag-wifi-jammer-download","142":"product_tag-wifi-jammer-ebay","143":"product_tag-wifi-jammer-for-home","144":"product_tag-wifi-jammer-for-iphone","145":"product_tag-wifi-jammer-for-sale","146":"product_tag-wifi-jammer-kit","147":"product_tag-wifi-jammer-ring-camera","148":"product_tag-wifi-signal-jammer-amazon","149":"product_tag-wifi-signal-jammer-app","150":"product_tag-wifi-signal-jammer-blocker","151":"product_tag-wifi-signal-jammer-device","152":"product_tag-wifi-signal-jammer-diy","153":"product_tag-wifi-signal-jammer-for-sale","154":"product_tag-wifi-swept-jammer","155":"product_tag-wireless-network-jammer","156":"desktop-align-left","157":"tablet-align-left","158":"mobile-align-left","159":"ast-product-gallery-layout-horizontal-slider","160":"ast-product-single-variable","161":"ast-product-tabs-layout-horizontal","163":"first","164":"instock","165":"sale","166":"shipping-taxable","167":"purchasable","168":"product-type-variable"},"yoast_head":"<!-- This site is optimized with the Yoast SEO plugin v23.9 - https:\/\/yoast.com\/wordpress\/plugins\/seo\/ -->\n<title>G9 Pro Car GPS Jammer for Vehicles Jamming With GPS\/WIFI\/Beidou\/Base Station, GPS Signal Blocker - JAMMERSIGNAL<\/title>\n<meta name=\"description\" content=\"Introducing the G9 Pro positioning GPS jammer, an effective device that can comprehensively interfere with various signal positioning systems. GPS\/WIFI\/Beidou\/Base Station GPS signal jammer is a jammer solution designed for anti-tracking purposes.\" \/>\n<meta name=\"robots\" content=\"index, follow, max-snippet:-1, max-image-preview:large, max-video-preview:-1\" \/>\n<link rel=\"canonical\" href=\"https:\/\/www.jammersignal.com\/es\/producto\/g9-pro-car-gps-jammer-wifi-base-station\/\" \/>\n<meta property=\"og:locale\" content=\"es_ES\" \/>\n<meta property=\"og:type\" content=\"article\" \/>\n<meta property=\"og:title\" content=\"G9 Pro Car GPS Jammer for Vehicles Jamming With GPS\/WIFI\/Beidou\/Base Station, GPS Signal Blocker - JAMMERSIGNAL\" \/>\n<meta property=\"og:description\" content=\"Introducing the G9 Pro positioning GPS jammer, an effective device that can comprehensively interfere with various signal positioning systems. GPS\/WIFI\/Beidou\/Base Station GPS signal jammer is a jammer solution designed for anti-tracking purposes.\" \/>\n<meta property=\"og:url\" content=\"https:\/\/www.jammersignal.com\/es\/producto\/g9-pro-car-gps-jammer-wifi-base-station\/\" \/>\n<meta property=\"og:site_name\" content=\"JAMMERSIGNAL\" \/>\n<meta property=\"article:modified_time\" content=\"2025-09-01T03:10:46+00:00\" \/>\n<meta property=\"og:image\" content=\"https:\/\/www.jammersignal.com\/wp-content\/uploads\/2024\/05\/g9-pro-jammersignal-vehicles-blocker-jammers-1.jpg\" \/>\n\t<meta property=\"og:image:width\" content=\"1000\" \/>\n\t<meta property=\"og:image:height\" content=\"1000\" \/>\n\t<meta property=\"og:image:type\" content=\"image\/jpeg\" \/>\n<meta name=\"twitter:card\" content=\"summary_large_image\" \/>\n<meta name=\"twitter:label1\" content=\"Tiempo de lectura\" \/>\n\t<meta name=\"twitter:data1\" content=\"1 minuto\" \/>\n<script type=\"application\/ld+json\" class=\"yoast-schema-graph\">{\"@context\":\"https:\/\/schema.org\",\"@graph\":[{\"@type\":\"WebPage\",\"@id\":\"https:\/\/www.jammersignal.com\/product\/g9-pro-car-gps-jammer-wifi-base-station\/\",\"url\":\"https:\/\/www.jammersignal.com\/product\/g9-pro-car-gps-jammer-wifi-base-station\/\",\"name\":\"G9 Pro Car GPS Jammer for Vehicles Jamming With GPS\/WIFI\/Beidou\/Base Station, GPS Signal Blocker - JAMMERSIGNAL\",\"isPartOf\":{\"@id\":\"https:\/\/www.jammersignal.com\/#website\"},\"primaryImageOfPage\":{\"@id\":\"https:\/\/www.jammersignal.com\/product\/g9-pro-car-gps-jammer-wifi-base-station\/#primaryimage\"},\"image\":{\"@id\":\"https:\/\/www.jammersignal.com\/product\/g9-pro-car-gps-jammer-wifi-base-station\/#primaryimage\"},\"thumbnailUrl\":\"https:\/\/www.jammersignal.com\/wp-content\/uploads\/2024\/05\/g9-pro-jammersignal-vehicles-blocker-jammers-1.jpg\",\"datePublished\":\"2024-05-19T04:11:31+00:00\",\"dateModified\":\"2025-09-01T03:10:46+00:00\",\"description\":\"Introducing the G9 Pro positioning GPS jammer, an effective device that can comprehensively interfere with various signal positioning systems. GPS\/WIFI\/Beidou\/Base Station GPS signal jammer is a jammer solution designed for anti-tracking purposes.\",\"breadcrumb\":{\"@id\":\"https:\/\/www.jammersignal.com\/product\/g9-pro-car-gps-jammer-wifi-base-station\/#breadcrumb\"},\"inLanguage\":\"es\",\"potentialAction\":[{\"@type\":\"ReadAction\",\"target\":[\"https:\/\/www.jammersignal.com\/product\/g9-pro-car-gps-jammer-wifi-base-station\/\"]}]},{\"@type\":\"ImageObject\",\"inLanguage\":\"es\",\"@id\":\"https:\/\/www.jammersignal.com\/product\/g9-pro-car-gps-jammer-wifi-base-station\/#primaryimage\",\"url\":\"https:\/\/www.jammersignal.com\/wp-content\/uploads\/2024\/05\/g9-pro-jammersignal-vehicles-blocker-jammers-1.jpg\",\"contentUrl\":\"https:\/\/www.jammersignal.com\/wp-content\/uploads\/2024\/05\/g9-pro-jammersignal-vehicles-blocker-jammers-1.jpg\",\"width\":1000,\"height\":1000,\"caption\":\"g9 pro jammersignal vehicles blocker jammers (1)\"},{\"@type\":\"BreadcrumbList\",\"@id\":\"https:\/\/www.jammersignal.com\/product\/g9-pro-car-gps-jammer-wifi-base-station\/#breadcrumb\",\"itemListElement\":[{\"@type\":\"ListItem\",\"position\":1,\"name\":\"Home\",\"item\":\"https:\/\/www.jammersignal.com\/\"},{\"@type\":\"ListItem\",\"position\":2,\"name\":\"Shop\",\"item\":\"https:\/\/www.jammersignal.com\/shop\/\"},{\"@type\":\"ListItem\",\"position\":3,\"name\":\"Signal Blocker\",\"item\":\"https:\/\/www.jammersignal.com\/product-category\/signal-blocker\/\"},{\"@type\":\"ListItem\",\"position\":4,\"name\":\"G9 Pro Car GPS Jammer for Vehicles Jamming With GPS\/GSM\/Beidou\/Base Station\"}]},{\"@type\":\"WebSite\",\"@id\":\"https:\/\/www.jammersignal.com\/#website\",\"url\":\"https:\/\/www.jammersignal.com\/\",\"name\":\"JAMMERSIGNAL\",\"description\":\"\",\"publisher\":{\"@id\":\"https:\/\/www.jammersignal.com\/#organization\"},\"potentialAction\":[{\"@type\":\"SearchAction\",\"target\":{\"@type\":\"EntryPoint\",\"urlTemplate\":\"https:\/\/www.jammersignal.com\/?s={search_term_string}\"},\"query-input\":{\"@type\":\"PropertyValueSpecification\",\"valueRequired\":true,\"valueName\":\"search_term_string\"}}],\"inLanguage\":\"es\"},{\"@type\":\"Organization\",\"@id\":\"https:\/\/www.jammersignal.com\/#organization\",\"name\":\"JAMMERSIGNAL\",\"url\":\"https:\/\/www.jammersignal.com\/\",\"logo\":{\"@type\":\"ImageObject\",\"inLanguage\":\"es\",\"@id\":\"https:\/\/www.jammersignal.com\/#\/schema\/logo\/image\/\",\"url\":\"https:\/\/www.jammersignal.com\/wp-content\/uploads\/2024\/05\/cropped-jammersignal-logo-4.png\",\"contentUrl\":\"https:\/\/www.jammersignal.com\/wp-content\/uploads\/2024\/05\/cropped-jammersignal-logo-4.png\",\"width\":104,\"height\":34,\"caption\":\"JAMMERSIGNAL\"},\"image\":{\"@id\":\"https:\/\/www.jammersignal.com\/#\/schema\/logo\/image\/\"}}]}<\/script>\n<!-- \/ Yoast SEO plugin. -->","yoast_head_json":{"title":"G9 Pro coche GPS Jammer para veh\u00edculos Jamming con GPS \/ WIFI \/ Beidou \/ estaci\u00f3n base, bloqueador de se\u00f1al GPS - JAMMERSIGNAL","description":"Presentamos el bloqueador GPS de posicionamiento G9 Pro, un dispositivo eficaz que puede interferir de forma integral con varios sistemas de posicionamiento de se\u00f1al. GPS \/ WIFI \/ Beidou \/ estaci\u00f3n base GPS jammer es una soluci\u00f3n jammer dise\u00f1ado para fines de anti-rastreo.","robots":{"index":"index","follow":"follow","max-snippet":"max-snippet:-1","max-image-preview":"max-image-preview:large","max-video-preview":"max-video-preview:-1"},"canonical":"https:\/\/www.jammersignal.com\/es\/producto\/g9-pro-car-gps-jammer-wifi-base-station\/","og_locale":"es_ES","og_type":"article","og_title":"G9 Pro Car GPS Jammer for Vehicles Jamming With GPS\/WIFI\/Beidou\/Base Station, GPS Signal Blocker - JAMMERSIGNAL","og_description":"Introducing the G9 Pro positioning GPS jammer, an effective device that can comprehensively interfere with various signal positioning systems. GPS\/WIFI\/Beidou\/Base Station GPS signal jammer is a jammer solution designed for anti-tracking purposes.","og_url":"https:\/\/www.jammersignal.com\/es\/producto\/g9-pro-car-gps-jammer-wifi-base-station\/","og_site_name":"JAMMERSIGNAL","article_modified_time":"2025-09-01T03:10:46+00:00","og_image":[{"width":1000,"height":1000,"url":"https:\/\/www.jammersignal.com\/wp-content\/uploads\/2024\/05\/g9-pro-jammersignal-vehicles-blocker-jammers-1.jpg","type":"image\/jpeg"}],"twitter_card":"summary_large_image","twitter_misc":{"Tiempo de lectura":"1 minuto"},"schema":{"@context":"https:\/\/schema.org","@graph":[{"@type":"WebPage","@id":"https:\/\/www.jammersignal.com\/product\/g9-pro-car-gps-jammer-wifi-base-station\/","url":"https:\/\/www.jammersignal.com\/product\/g9-pro-car-gps-jammer-wifi-base-station\/","name":"G9 Pro coche GPS Jammer para veh\u00edculos Jamming con GPS \/ WIFI \/ Beidou \/ estaci\u00f3n base, bloqueador de se\u00f1al GPS - JAMMERSIGNAL","isPartOf":{"@id":"https:\/\/www.jammersignal.com\/#website"},"primaryImageOfPage":{"@id":"https:\/\/www.jammersignal.com\/product\/g9-pro-car-gps-jammer-wifi-base-station\/#primaryimage"},"image":{"@id":"https:\/\/www.jammersignal.com\/product\/g9-pro-car-gps-jammer-wifi-base-station\/#primaryimage"},"thumbnailUrl":"https:\/\/www.jammersignal.com\/wp-content\/uploads\/2024\/05\/g9-pro-jammersignal-vehicles-blocker-jammers-1.jpg","datePublished":"2024-05-19T04:11:31+00:00","dateModified":"2025-09-01T03:10:46+00:00","description":"Presentamos el bloqueador GPS de posicionamiento G9 Pro, un dispositivo eficaz que puede interferir de forma integral con varios sistemas de posicionamiento de se\u00f1al. GPS \/ WIFI \/ Beidou \/ estaci\u00f3n base GPS jammer es una soluci\u00f3n jammer dise\u00f1ado para fines de anti-rastreo.","breadcrumb":{"@id":"https:\/\/www.jammersignal.com\/product\/g9-pro-car-gps-jammer-wifi-base-station\/#breadcrumb"},"inLanguage":"es","potentialAction":[{"@type":"ReadAction","target":["https:\/\/www.jammersignal.com\/product\/g9-pro-car-gps-jammer-wifi-base-station\/"]}]},{"@type":"ImageObject","inLanguage":"es","@id":"https:\/\/www.jammersignal.com\/product\/g9-pro-car-gps-jammer-wifi-base-station\/#primaryimage","url":"https:\/\/www.jammersignal.com\/wp-content\/uploads\/2024\/05\/g9-pro-jammersignal-vehicles-blocker-jammers-1.jpg","contentUrl":"https:\/\/www.jammersignal.com\/wp-content\/uploads\/2024\/05\/g9-pro-jammersignal-vehicles-blocker-jammers-1.jpg","width":1000,"height":1000,"caption":"g9 pro jammersignal vehicles blocker jammers (1)"},{"@type":"BreadcrumbList","@id":"https:\/\/www.jammersignal.com\/product\/g9-pro-car-gps-jammer-wifi-base-station\/#breadcrumb","itemListElement":[{"@type":"ListItem","position":1,"name":"Home","item":"https:\/\/www.jammersignal.com\/"},{"@type":"ListItem","position":2,"name":"Shop","item":"https:\/\/www.jammersignal.com\/shop\/"},{"@type":"ListItem","position":3,"name":"Signal Blocker","item":"https:\/\/www.jammersignal.com\/product-category\/signal-blocker\/"},{"@type":"ListItem","position":4,"name":"G9 Pro Car GPS Jammer for Vehicles Jamming With GPS\/GSM\/Beidou\/Base Station"}]},{"@type":"WebSite","@id":"https:\/\/www.jammersignal.com\/#website","url":"https:\/\/www.jammersignal.com\/","name":"JAMMERSIGNAL","description":"","publisher":{"@id":"https:\/\/www.jammersignal.com\/#organization"},"potentialAction":[{"@type":"SearchAction","target":{"@type":"EntryPoint","urlTemplate":"https:\/\/www.jammersignal.com\/?s={search_term_string}"},"query-input":{"@type":"PropertyValueSpecification","valueRequired":true,"valueName":"search_term_string"}}],"inLanguage":"es"},{"@type":"Organization","@id":"https:\/\/www.jammersignal.com\/#organization","name":"JAMMERSIGNAL","url":"https:\/\/www.jammersignal.com\/","logo":{"@type":"ImageObject","inLanguage":"es","@id":"https:\/\/www.jammersignal.com\/#\/schema\/logo\/image\/","url":"https:\/\/www.jammersignal.com\/wp-content\/uploads\/2024\/05\/cropped-jammersignal-logo-4.png","contentUrl":"https:\/\/www.jammersignal.com\/wp-content\/uploads\/2024\/05\/cropped-jammersignal-logo-4.png","width":104,"height":34,"caption":"JAMMERSIGNAL"},"image":{"@id":"https:\/\/www.jammersignal.com\/#\/schema\/logo\/image\/"}}]}},"_links":{"self":[{"href":"https:\/\/www.jammersignal.com\/es\/wp-json\/wp\/v2\/product\/1805","targetHints":{"allow":["GET"]}}],"collection":[{"href":"https:\/\/www.jammersignal.com\/es\/wp-json\/wp\/v2\/product"}],"about":[{"href":"https:\/\/www.jammersignal.com\/es\/wp-json\/wp\/v2\/types\/product"}],"replies":[{"embeddable":true,"href":"https:\/\/www.jammersignal.com\/es\/wp-json\/wp\/v2\/comments?post=1805"}],"version-history":[{"count":10,"href":"https:\/\/www.jammersignal.com\/es\/wp-json\/wp\/v2\/product\/1805\/revisions"}],"predecessor-version":[{"id":4543,"href":"https:\/\/www.jammersignal.com\/es\/wp-json\/wp\/v2\/product\/1805\/revisions\/4543"}],"wp:featuredmedia":[{"embeddable":true,"href":"https:\/\/www.jammersignal.com\/es\/wp-json\/wp\/v2\/media\/1487"}],"wp:attachment":[{"href":"https:\/\/www.jammersignal.com\/es\/wp-json\/wp\/v2\/media?parent=1805"}],"wp:term":[{"taxonomy":"product_brand","embeddable":true,"href":"https:\/\/www.jammersignal.com\/es\/wp-json\/wp\/v2\/product_brand?post=1805"},{"taxonomy":"product_cat","embeddable":true,"href":"https:\/\/www.jammersignal.com\/es\/wp-json\/wp\/v2\/product_cat?post=1805"},{"taxonomy":"product_tag","embeddable":true,"href":"https:\/\/www.jammersignal.com\/es\/wp-json\/wp\/v2\/product_tag?post=1805"}],"curies":[{"name":"wp","href":"https:\/\/api.w.org\/{rel}","templated":true}]}}