{"id":1955,"date":"2024-05-19T11:19:13","date_gmt":"2024-05-19T11:19:13","guid":{"rendered":"https:\/\/www.jammersignal.com\/?post_type=product&#038;p=1955"},"modified":"2024-12-17T07:53:44","modified_gmt":"2024-12-17T07:53:44","slug":"portable-recording-jammer-anti-recording-equipment","status":"publish","type":"product","link":"https:\/\/www.jammersignal.com\/es\/producto\/portable-recording-jammer-anti-recording-equipment\/","title":{"rendered":"MDPB-S108 Bloqueador de grabaci\u00f3n port\u00e1til Equipo antigrabaci\u00f3n"},"content":{"rendered":"<div data-elementor-type=\"wp-post\" data-elementor-id=\"1955\" class=\"elementor elementor-1955\">\n\t\t\t\t<div class=\"elementor-element elementor-element-4a8c2a2 e-flex e-con-boxed e-con e-parent\" data-id=\"4a8c2a2\" data-element_type=\"container\">\n\t\t\t\t\t<div class=\"e-con-inner\">\n\t\t<div class=\"elementor-element elementor-element-2677d1d e-con-full e-flex e-con e-child\" data-id=\"2677d1d\" data-element_type=\"container\">\n\t\t\t\t<div class=\"elementor-element elementor-element-5ee8a99 elementor-widget elementor-widget-text-editor\" data-id=\"5ee8a99\" data-element_type=\"widget\" data-widget_type=\"text-editor.default\">\n\t\t\t\t<div class=\"elementor-widget-container\">\n\t\t\t\t\t\t\t\t\t<h4>Especificaciones t\u00e9cnicas<\/h4><table width=\"344\"><tbody><tr><td width=\"72\"><strong>Nombre del par\u00e1metro<\/strong><\/td><td width=\"272\"><strong>Par\u00e1metros<\/strong><\/td><\/tr><tr><td>Modelo\u00a0<\/td><td>MDPB-S108<\/td><\/tr><tr><td>Funci\u00f3n de purificador de aire<\/td><td>soporte<\/td><\/tr><tr><td>Camuflaje<\/td><td>purificador de aire<\/td><\/tr><tr><td>Modo interferencias<\/td><td>Interferencias ac\u00fasticas<\/td><\/tr><tr><td>Intensidad de las interferencias<\/td><td>superior a 90 dB (a 1 metro)<\/td><\/tr><tr><td>Sonido audible<\/td><td>Ninguno<\/td><\/tr><tr><td>Distancia de apantallamiento<\/td><td>2-3 metros<\/td><\/tr><tr><td>\u00c1ngulo de apantallamiento<\/td><td>horizontal 120\u00b0\/vertical 120<\/td><\/tr><tr><td>Fuerza de blindaje<\/td><td>3 niveles ajustables<\/td><\/tr><tr><td>Distancia del mando a distancia<\/td><td>10 metros<\/td><\/tr><tr><td>Modo de alimentaci\u00f3n<\/td><td>adaptador<\/td><\/tr><tr><td>Horario de trabajo<\/td><td>ilimitado (adaptador)<\/td><\/tr><tr><td>Temperatura de trabajo<\/td><td>0\u2103~45\u2103<\/td><\/tr><tr><td>Tensi\u00f3n de trabajo<\/td><td>12V<\/td><\/tr><tr><td>Corriente de trabajo<\/td><td>2A<\/td><\/tr><tr><td>Material de la carcasa<\/td><td>metal aleaci\u00f3n acr\u00edlica<\/td><\/tr><tr><td>Peso<\/td><td>6Kg<\/td><\/tr><tr><td>Personalizaci\u00f3n del aspecto<\/td><td>soporte<\/td><\/tr><tr><td>Accesorios<\/td><td>adaptador\/mando a distancia\/cable de alimentaci\u00f3n<\/td><\/tr><\/tbody><\/table>\t\t\t\t\t\t\t\t<\/div>\n\t\t\t\t<\/div>\n\t\t\t\t<\/div>\n\t\t<div class=\"elementor-element elementor-element-63abe0f e-con-full e-flex e-con e-child\" data-id=\"63abe0f\" data-element_type=\"container\">\n\t\t\t\t<div class=\"elementor-element elementor-element-3d0f9f0 elementor-widget elementor-widget-text-editor\" data-id=\"3d0f9f0\" data-element_type=\"widget\" data-widget_type=\"text-editor.default\">\n\t\t\t\t<div class=\"elementor-widget-container\">\n\t\t\t\t\t\t\t\t\t<h4>Informaci\u00f3n sobre el producto<\/h4><p>El inhibidor de grabaci\u00f3n de sobremesa es el producto estrella de la serie de inhibidores de grabaci\u00f3n y est\u00e1 dise\u00f1ado para entornos como oficinas de direcci\u00f3n y peque\u00f1as salas de conferencias.<\/p><p><strong>Ventaja:<\/strong><\/p><p>El Jammer de sobremesa (edici\u00f3n Camo) destaca en varias \u00e1reas clave de la gama Jammer. Presenta las siguientes ventajas principales:<\/p><ol><li>Mayor efecto de blindaje: En comparaci\u00f3n con otros productos de esta serie, el inhibidor de grabaci\u00f3n de sobremesa (versi\u00f3n camuflaje) proporciona una mayor potencia de se\u00f1al de interferencia de salida. Esto crea una se\u00f1al de ruido m\u00e1s fuerte que interfiere con el equipo de grabaci\u00f3n, proporcionando un blindaje m\u00e1s eficaz.<\/li><li>Mayor distancia de blindaje: La distancia de blindaje del inhibidor de grabaci\u00f3n de sobremesa supera la de productos similares. Puede bloquear eficazmente los mejores equipos de grabaci\u00f3n dentro de un rango de unos 2-3 metros. En algunos casos, puede incluso alcanzar distancias de apantallamiento superiores a 3-5 metros para determinados dispositivos de grabaci\u00f3n, como tel\u00e9fonos m\u00f3viles espec\u00edficos y microbichos.<\/li><li>Amplia cobertura de dispositivos: El interceptor de grabaciones de camuflaje intercepta eficazmente la mayor\u00eda de los dispositivos de grabaci\u00f3n corrientes actuales. El \u00edndice de cobertura supera los 95%, superando a productos similares del mercado.<\/li><\/ol><p>El inhibidor de grabaci\u00f3n de sobremesa (versi\u00f3n camuflaje) tiene un efecto de blindaje m\u00e1s potente, una mayor distancia de blindaje y una cobertura completa de una gran variedad de dispositivos de grabaci\u00f3n. Es la mejor opci\u00f3n para oficinas de direcci\u00f3n, peque\u00f1as salas de conferencias y otros entornos.<\/p><p><strong>Precauciones:<\/strong><\/p><p>1.Los inhibidores est\u00e1n personalizados de acuerdo con las bandas de frecuencia de diferentes pa\u00edses, por favor confirme que el pa\u00eds de compra y el pa\u00eds de uso real son coherentes. Por favor, lea la funci\u00f3n jammer antes de comprar.<br \/>2.If los bloqueadores de baja potencia (tales como bloqueadores de mano) para bloquear el dispositivo de se\u00f1al (tales asWIFI router, Bluetooth equipo de audio, etc), el efecto ser\u00e1 pobre o incluso no puede jammer.<br \/>3.Est\u00e1 prohibido su uso durante la carga.<br \/>4.No utilice inhibidores port\u00e1tiles como inhibidores de sobremesa.<br \/>5.No utilice inhibidores antes de conectar la antena.<\/p>\t\t\t\t\t\t\t\t<\/div>\n\t\t\t\t<\/div>\n\t\t\t\t<\/div>\n\t\t\t\t\t<\/div>\n\t\t\t\t<\/div>\n\t\t\t\t<\/div>","protected":false},"excerpt":{"rendered":"<p>El inhibidor de grabaci\u00f3n de sobremesa (versi\u00f3n camuflaje) tiene un efecto de blindaje m\u00e1s potente, una mayor distancia de blindaje y una cobertura completa de una gran variedad de dispositivos de grabaci\u00f3n. Es la mejor opci\u00f3n para oficinas de direcci\u00f3n, peque\u00f1as salas de conferencias y otros entornos.<\/p>\n<p><strong>Ventaja:<\/strong><\/p>\n<p>El Jammer de sobremesa (edici\u00f3n Camo) destaca en varias \u00e1reas clave de la gama Jammer. Presenta las siguientes ventajas principales:<\/p>\n<p>1. Efecto de blindaje mejorado: En comparaci\u00f3n con otros productos de esta serie, el inhibidor de grabaci\u00f3n de sobremesa (versi\u00f3n camuflaje) proporciona una mayor potencia de se\u00f1al de interferencia de salida. Esto crea una se\u00f1al de ruido m\u00e1s fuerte que interfiere con el equipo de grabaci\u00f3n, proporcionando un blindaje m\u00e1s eficaz.<br \/>\n2. Mayor distancia de blindaje: La distancia de blindaje del inhibidor de grabaci\u00f3n de sobremesa supera la de productos similares. Puede bloquear eficazmente los mejores equipos de grabaci\u00f3n dentro de un rango de unos 2-3 metros. En algunos casos, puede incluso alcanzar distancias de blindaje superiores a 3-5 metros para determinados dispositivos de grabaci\u00f3n, como tel\u00e9fonos m\u00f3viles espec\u00edficos y microbichos.<br \/>\n3. Amplia cobertura de dispositivos: El interceptor de grabaci\u00f3n de camuflaje intercepta eficazmente la mayor\u00eda de los dispositivos de grabaci\u00f3n corrientes actuales. El \u00edndice de cobertura supera los 95%, superando a productos similares del mercado.<\/p>","protected":false},"featured_media":1574,"comment_status":"open","ping_status":"closed","template":"","meta":{"site-sidebar-layout":"no-sidebar","site-content-layout":"page-builder","ast-site-content-layout":"normal-width-container","site-content-style":"default","site-sidebar-style":"default","ast-global-header-display":"","ast-banner-title-visibility":"","ast-main-header-display":"","ast-hfb-above-header-display":"","ast-hfb-below-header-display":"","ast-hfb-mobile-header-display":"","site-post-title":"disabled","ast-breadcrumbs-content":"","ast-featured-img":"disabled","footer-sml-layout":"","theme-transparent-header-meta":"default","adv-header-id-meta":"","stick-header-meta":"default","header-above-stick-meta":"","header-main-stick-meta":"","header-below-stick-meta":"","astra-migrate-meta-layouts":"set","ast-page-background-enabled":"default","ast-page-background-meta":{"desktop":{"background-color":"var(--ast-global-color-4)","background-image":"","background-repeat":"repeat","background-position":"center center","background-size":"auto","background-attachment":"scroll","background-type":"","background-media":"","overlay-type":"","overlay-color":"","overlay-gradient":""},"tablet":{"background-color":"","background-image":"","background-repeat":"repeat","background-position":"center center","background-size":"auto","background-attachment":"scroll","background-type":"","background-media":"","overlay-type":"","overlay-color":"","overlay-gradient":""},"mobile":{"background-color":"","background-image":"","background-repeat":"repeat","background-position":"center center","background-size":"auto","background-attachment":"scroll","background-type":"","background-media":"","overlay-type":"","overlay-color":"","overlay-gradient":""}},"ast-content-background-meta":{"desktop":{"background-color":"var(--ast-global-color-5)","background-image":"","background-repeat":"repeat","background-position":"center center","background-size":"auto","background-attachment":"scroll","background-type":"","background-media":"","overlay-type":"","overlay-color":"","overlay-gradient":""},"tablet":{"background-color":"var(--ast-global-color-5)","background-image":"","background-repeat":"repeat","background-position":"center center","background-size":"auto","background-attachment":"scroll","background-type":"","background-media":"","overlay-type":"","overlay-color":"","overlay-gradient":""},"mobile":{"background-color":"var(--ast-global-color-5)","background-image":"","background-repeat":"repeat","background-position":"center center","background-size":"auto","background-attachment":"scroll","background-type":"","background-media":"","overlay-type":"","overlay-color":"","overlay-gradient":""}}},"product_brand":[],"product_cat":[15,53,46,71],"product_tag":[480,486,558],"class_list":{"0":"post-1955","1":"product","2":"type-product","3":"status-publish","4":"has-post-thumbnail","6":"product_cat-signal-blocker","7":"product_cat-hidden-signal-jammer","8":"product_cat-high-power-signal-jammers","9":"product_cat-more-than-1000dollars-jammers","10":"product_tag-microphone-jammer","11":"product_tag-recording-jammer","12":"product_tag-whats-a-jammer","13":"desktop-align-left","14":"tablet-align-left","15":"mobile-align-left","16":"ast-product-gallery-layout-horizontal-slider","17":"ast-product-single-variable","18":"ast-product-tabs-layout-horizontal","20":"first","21":"instock","22":"sale","23":"shipping-taxable","24":"purchasable","25":"product-type-variable"},"yoast_head":"<!-- This site is optimized with the Yoast SEO plugin v23.9 - https:\/\/yoast.com\/wordpress\/plugins\/seo\/ -->\n<title>Portable Office Desktop Recording Jammer Anti-Recording Equipment MDPB-S108 - JAMMERSIGNAL<\/title>\n<meta name=\"description\" content=\"The Desktop Recording Jammer is the flagship product in the Recording Jammer anti-recording equipment series and is designed for environments such as leadership offices and small conference rooms.\" \/>\n<meta name=\"robots\" content=\"index, follow, max-snippet:-1, max-image-preview:large, max-video-preview:-1\" \/>\n<link rel=\"canonical\" href=\"https:\/\/www.jammersignal.com\/es\/producto\/portable-recording-jammer-anti-recording-equipment\/\" \/>\n<meta property=\"og:locale\" content=\"es_ES\" \/>\n<meta property=\"og:type\" content=\"article\" \/>\n<meta property=\"og:title\" content=\"Portable Office Desktop Recording Jammer Anti-Recording Equipment MDPB-S108 - JAMMERSIGNAL\" \/>\n<meta property=\"og:description\" content=\"The Desktop Recording Jammer is the flagship product in the Recording Jammer anti-recording equipment series and is designed for environments such as leadership offices and small conference rooms.\" \/>\n<meta property=\"og:url\" content=\"https:\/\/www.jammersignal.com\/es\/producto\/portable-recording-jammer-anti-recording-equipment\/\" \/>\n<meta property=\"og:site_name\" content=\"JAMMERSIGNAL\" \/>\n<meta property=\"article:modified_time\" content=\"2024-12-17T07:53:44+00:00\" \/>\n<meta property=\"og:image\" content=\"https:\/\/www.jammersignal.com\/wp-content\/uploads\/2024\/05\/mdpb-s108-portable-jammersignal-equipment-anti-recording-jammers-1.jpg\" \/>\n\t<meta property=\"og:image:width\" content=\"800\" \/>\n\t<meta property=\"og:image:height\" content=\"800\" \/>\n\t<meta property=\"og:image:type\" content=\"image\/jpeg\" \/>\n<meta name=\"twitter:card\" content=\"summary_large_image\" \/>\n<meta name=\"twitter:label1\" content=\"Tiempo de lectura\" \/>\n\t<meta name=\"twitter:data1\" content=\"2 minutos\" \/>\n<script type=\"application\/ld+json\" class=\"yoast-schema-graph\">{\"@context\":\"https:\/\/schema.org\",\"@graph\":[{\"@type\":\"WebPage\",\"@id\":\"https:\/\/www.jammersignal.com\/product\/portable-recording-jammer-anti-recording-equipment\/\",\"url\":\"https:\/\/www.jammersignal.com\/product\/portable-recording-jammer-anti-recording-equipment\/\",\"name\":\"Portable Office Desktop Recording Jammer Anti-Recording Equipment MDPB-S108 - JAMMERSIGNAL\",\"isPartOf\":{\"@id\":\"https:\/\/www.jammersignal.com\/#website\"},\"primaryImageOfPage\":{\"@id\":\"https:\/\/www.jammersignal.com\/product\/portable-recording-jammer-anti-recording-equipment\/#primaryimage\"},\"image\":{\"@id\":\"https:\/\/www.jammersignal.com\/product\/portable-recording-jammer-anti-recording-equipment\/#primaryimage\"},\"thumbnailUrl\":\"https:\/\/www.jammersignal.com\/wp-content\/uploads\/2024\/05\/mdpb-s108-portable-jammersignal-equipment-anti-recording-jammers-1.jpg\",\"datePublished\":\"2024-05-19T11:19:13+00:00\",\"dateModified\":\"2024-12-17T07:53:44+00:00\",\"description\":\"The Desktop Recording Jammer is the flagship product in the Recording Jammer anti-recording equipment series and is designed for environments such as leadership offices and small conference rooms.\",\"breadcrumb\":{\"@id\":\"https:\/\/www.jammersignal.com\/product\/portable-recording-jammer-anti-recording-equipment\/#breadcrumb\"},\"inLanguage\":\"es\",\"potentialAction\":[{\"@type\":\"ReadAction\",\"target\":[\"https:\/\/www.jammersignal.com\/product\/portable-recording-jammer-anti-recording-equipment\/\"]}]},{\"@type\":\"ImageObject\",\"inLanguage\":\"es\",\"@id\":\"https:\/\/www.jammersignal.com\/product\/portable-recording-jammer-anti-recording-equipment\/#primaryimage\",\"url\":\"https:\/\/www.jammersignal.com\/wp-content\/uploads\/2024\/05\/mdpb-s108-portable-jammersignal-equipment-anti-recording-jammers-1.jpg\",\"contentUrl\":\"https:\/\/www.jammersignal.com\/wp-content\/uploads\/2024\/05\/mdpb-s108-portable-jammersignal-equipment-anti-recording-jammers-1.jpg\",\"width\":800,\"height\":800,\"caption\":\"mdpb s108 portable jammersignal equipment anti recording jammers (1)\"},{\"@type\":\"BreadcrumbList\",\"@id\":\"https:\/\/www.jammersignal.com\/product\/portable-recording-jammer-anti-recording-equipment\/#breadcrumb\",\"itemListElement\":[{\"@type\":\"ListItem\",\"position\":1,\"name\":\"Home\",\"item\":\"https:\/\/www.jammersignal.com\/\"},{\"@type\":\"ListItem\",\"position\":2,\"name\":\"Shop\",\"item\":\"https:\/\/www.jammersignal.com\/shop\/\"},{\"@type\":\"ListItem\",\"position\":3,\"name\":\"Signal Blocker\",\"item\":\"https:\/\/www.jammersignal.com\/product-category\/signal-blocker\/\"},{\"@type\":\"ListItem\",\"position\":4,\"name\":\"MDPB-S108 Portable Recording Jammer Anti-Recording Equipment\"}]},{\"@type\":\"WebSite\",\"@id\":\"https:\/\/www.jammersignal.com\/#website\",\"url\":\"https:\/\/www.jammersignal.com\/\",\"name\":\"JAMMERSIGNAL\",\"description\":\"\",\"publisher\":{\"@id\":\"https:\/\/www.jammersignal.com\/#organization\"},\"potentialAction\":[{\"@type\":\"SearchAction\",\"target\":{\"@type\":\"EntryPoint\",\"urlTemplate\":\"https:\/\/www.jammersignal.com\/?s={search_term_string}\"},\"query-input\":{\"@type\":\"PropertyValueSpecification\",\"valueRequired\":true,\"valueName\":\"search_term_string\"}}],\"inLanguage\":\"es\"},{\"@type\":\"Organization\",\"@id\":\"https:\/\/www.jammersignal.com\/#organization\",\"name\":\"JAMMERSIGNAL\",\"url\":\"https:\/\/www.jammersignal.com\/\",\"logo\":{\"@type\":\"ImageObject\",\"inLanguage\":\"es\",\"@id\":\"https:\/\/www.jammersignal.com\/#\/schema\/logo\/image\/\",\"url\":\"https:\/\/www.jammersignal.com\/wp-content\/uploads\/2024\/05\/cropped-jammersignal-logo-4.png\",\"contentUrl\":\"https:\/\/www.jammersignal.com\/wp-content\/uploads\/2024\/05\/cropped-jammersignal-logo-4.png\",\"width\":104,\"height\":34,\"caption\":\"JAMMERSIGNAL\"},\"image\":{\"@id\":\"https:\/\/www.jammersignal.com\/#\/schema\/logo\/image\/\"}}]}<\/script>\n<!-- \/ Yoast SEO plugin. -->","yoast_head_json":{"title":"Grabador port\u00e1til de sobremesa MDPB-S108 - JAMMERSIGNAL","description":"El inhibidor de grabaci\u00f3n de sobremesa es el producto estrella de la serie de equipos antigrabaci\u00f3n Recording Jammer y est\u00e1 dise\u00f1ado para entornos como oficinas de direcci\u00f3n y peque\u00f1as salas de conferencias.","robots":{"index":"index","follow":"follow","max-snippet":"max-snippet:-1","max-image-preview":"max-image-preview:large","max-video-preview":"max-video-preview:-1"},"canonical":"https:\/\/www.jammersignal.com\/es\/producto\/portable-recording-jammer-anti-recording-equipment\/","og_locale":"es_ES","og_type":"article","og_title":"Portable Office Desktop Recording Jammer Anti-Recording Equipment MDPB-S108 - JAMMERSIGNAL","og_description":"The Desktop Recording Jammer is the flagship product in the Recording Jammer anti-recording equipment series and is designed for environments such as leadership offices and small conference rooms.","og_url":"https:\/\/www.jammersignal.com\/es\/producto\/portable-recording-jammer-anti-recording-equipment\/","og_site_name":"JAMMERSIGNAL","article_modified_time":"2024-12-17T07:53:44+00:00","og_image":[{"width":800,"height":800,"url":"https:\/\/www.jammersignal.com\/wp-content\/uploads\/2024\/05\/mdpb-s108-portable-jammersignal-equipment-anti-recording-jammers-1.jpg","type":"image\/jpeg"}],"twitter_card":"summary_large_image","twitter_misc":{"Tiempo de lectura":"2 minutos"},"schema":{"@context":"https:\/\/schema.org","@graph":[{"@type":"WebPage","@id":"https:\/\/www.jammersignal.com\/product\/portable-recording-jammer-anti-recording-equipment\/","url":"https:\/\/www.jammersignal.com\/product\/portable-recording-jammer-anti-recording-equipment\/","name":"Grabador port\u00e1til de sobremesa MDPB-S108 - JAMMERSIGNAL","isPartOf":{"@id":"https:\/\/www.jammersignal.com\/#website"},"primaryImageOfPage":{"@id":"https:\/\/www.jammersignal.com\/product\/portable-recording-jammer-anti-recording-equipment\/#primaryimage"},"image":{"@id":"https:\/\/www.jammersignal.com\/product\/portable-recording-jammer-anti-recording-equipment\/#primaryimage"},"thumbnailUrl":"https:\/\/www.jammersignal.com\/wp-content\/uploads\/2024\/05\/mdpb-s108-portable-jammersignal-equipment-anti-recording-jammers-1.jpg","datePublished":"2024-05-19T11:19:13+00:00","dateModified":"2024-12-17T07:53:44+00:00","description":"El inhibidor de grabaci\u00f3n de sobremesa es el producto estrella de la serie de equipos antigrabaci\u00f3n Recording Jammer y est\u00e1 dise\u00f1ado para entornos como oficinas de direcci\u00f3n y peque\u00f1as salas de conferencias.","breadcrumb":{"@id":"https:\/\/www.jammersignal.com\/product\/portable-recording-jammer-anti-recording-equipment\/#breadcrumb"},"inLanguage":"es","potentialAction":[{"@type":"ReadAction","target":["https:\/\/www.jammersignal.com\/product\/portable-recording-jammer-anti-recording-equipment\/"]}]},{"@type":"ImageObject","inLanguage":"es","@id":"https:\/\/www.jammersignal.com\/product\/portable-recording-jammer-anti-recording-equipment\/#primaryimage","url":"https:\/\/www.jammersignal.com\/wp-content\/uploads\/2024\/05\/mdpb-s108-portable-jammersignal-equipment-anti-recording-jammers-1.jpg","contentUrl":"https:\/\/www.jammersignal.com\/wp-content\/uploads\/2024\/05\/mdpb-s108-portable-jammersignal-equipment-anti-recording-jammers-1.jpg","width":800,"height":800,"caption":"mdpb s108 portable jammersignal equipment anti recording jammers (1)"},{"@type":"BreadcrumbList","@id":"https:\/\/www.jammersignal.com\/product\/portable-recording-jammer-anti-recording-equipment\/#breadcrumb","itemListElement":[{"@type":"ListItem","position":1,"name":"Home","item":"https:\/\/www.jammersignal.com\/"},{"@type":"ListItem","position":2,"name":"Shop","item":"https:\/\/www.jammersignal.com\/shop\/"},{"@type":"ListItem","position":3,"name":"Signal Blocker","item":"https:\/\/www.jammersignal.com\/product-category\/signal-blocker\/"},{"@type":"ListItem","position":4,"name":"MDPB-S108 Portable Recording Jammer Anti-Recording Equipment"}]},{"@type":"WebSite","@id":"https:\/\/www.jammersignal.com\/#website","url":"https:\/\/www.jammersignal.com\/","name":"JAMMERSIGNAL","description":"","publisher":{"@id":"https:\/\/www.jammersignal.com\/#organization"},"potentialAction":[{"@type":"SearchAction","target":{"@type":"EntryPoint","urlTemplate":"https:\/\/www.jammersignal.com\/?s={search_term_string}"},"query-input":{"@type":"PropertyValueSpecification","valueRequired":true,"valueName":"search_term_string"}}],"inLanguage":"es"},{"@type":"Organization","@id":"https:\/\/www.jammersignal.com\/#organization","name":"JAMMERSIGNAL","url":"https:\/\/www.jammersignal.com\/","logo":{"@type":"ImageObject","inLanguage":"es","@id":"https:\/\/www.jammersignal.com\/#\/schema\/logo\/image\/","url":"https:\/\/www.jammersignal.com\/wp-content\/uploads\/2024\/05\/cropped-jammersignal-logo-4.png","contentUrl":"https:\/\/www.jammersignal.com\/wp-content\/uploads\/2024\/05\/cropped-jammersignal-logo-4.png","width":104,"height":34,"caption":"JAMMERSIGNAL"},"image":{"@id":"https:\/\/www.jammersignal.com\/#\/schema\/logo\/image\/"}}]}},"_links":{"self":[{"href":"https:\/\/www.jammersignal.com\/es\/wp-json\/wp\/v2\/product\/1955","targetHints":{"allow":["GET"]}}],"collection":[{"href":"https:\/\/www.jammersignal.com\/es\/wp-json\/wp\/v2\/product"}],"about":[{"href":"https:\/\/www.jammersignal.com\/es\/wp-json\/wp\/v2\/types\/product"}],"replies":[{"embeddable":true,"href":"https:\/\/www.jammersignal.com\/es\/wp-json\/wp\/v2\/comments?post=1955"}],"version-history":[{"count":4,"href":"https:\/\/www.jammersignal.com\/es\/wp-json\/wp\/v2\/product\/1955\/revisions"}],"predecessor-version":[{"id":1999,"href":"https:\/\/www.jammersignal.com\/es\/wp-json\/wp\/v2\/product\/1955\/revisions\/1999"}],"wp:featuredmedia":[{"embeddable":true,"href":"https:\/\/www.jammersignal.com\/es\/wp-json\/wp\/v2\/media\/1574"}],"wp:attachment":[{"href":"https:\/\/www.jammersignal.com\/es\/wp-json\/wp\/v2\/media?parent=1955"}],"wp:term":[{"taxonomy":"product_brand","embeddable":true,"href":"https:\/\/www.jammersignal.com\/es\/wp-json\/wp\/v2\/product_brand?post=1955"},{"taxonomy":"product_cat","embeddable":true,"href":"https:\/\/www.jammersignal.com\/es\/wp-json\/wp\/v2\/product_cat?post=1955"},{"taxonomy":"product_tag","embeddable":true,"href":"https:\/\/www.jammersignal.com\/es\/wp-json\/wp\/v2\/product_tag?post=1955"}],"curies":[{"name":"wp","href":"https:\/\/api.w.org\/{rel}","templated":true}]}}