{"id":1959,"date":"2024-05-19T11:19:16","date_gmt":"2024-05-19T11:19:16","guid":{"rendered":"https:\/\/www.jammersignal.com\/?post_type=product&#038;p=1959"},"modified":"2025-05-25T15:46:49","modified_gmt":"2025-05-25T15:46:49","slug":"glod-4antenna-jammer-interceptor-wifi-gps-gsm-umts","status":"publish","type":"product","link":"https:\/\/www.jammersignal.com\/es\/producto\/glod-4antenna-jammer-interceptor-wifi-gps-gsm-umts\/","title":{"rendered":"Glod 4 Antena Jammer Interceptor WIFI GPS GSM UMTS 315 433 868mhz Se\u00f1al Opcional"},"content":{"rendered":"<div data-elementor-type=\"wp-post\" data-elementor-id=\"1959\" class=\"elementor elementor-1959\">\n\t\t\t\t<div class=\"elementor-element elementor-element-4a8c2a2 e-flex e-con-boxed e-con e-parent\" data-id=\"4a8c2a2\" data-element_type=\"container\">\n\t\t\t\t\t<div class=\"e-con-inner\">\n\t\t<div class=\"elementor-element elementor-element-2677d1d e-con-full e-flex e-con e-child\" data-id=\"2677d1d\" data-element_type=\"container\">\n\t\t\t\t<div class=\"elementor-element elementor-element-5ee8a99 elementor-widget elementor-widget-text-editor\" data-id=\"5ee8a99\" data-element_type=\"widget\" data-widget_type=\"text-editor.default\">\n\t\t\t\t<div class=\"elementor-widget-container\">\n\t\t\t\t\t\t\t\t\t<h4>Especificaciones t\u00e9cnicas<\/h4><table width=\"344\"><tbody><tr><td width=\"72\"><strong>Nombre del par\u00e1metro<\/strong><\/td><td width=\"272\"><strong>Par\u00e1metros<\/strong><\/td><\/tr><tr><td>Modelo\u00a0<\/td><td>H04US<\/td><\/tr><tr><td>Frecuencias de interferencia<\/td><td width=\"272\">GSM\/CDMA: 850-960MHz<br \/>3G: 2110-2170MHz<br \/>GPS: 1570-1610MHz<br \/>WiFi: 2400-2485MHz<br \/>Se\u00f1al inal\u00e1mbrica: 315MHz 433MHz 868MHz<\/td><\/tr><tr><td>Radio de interferencia<\/td><td>Hasta 20 metros<\/td><\/tr><tr><td>Alimentaci\u00f3n<\/td><td>Enchufe, adaptador para coche o bater\u00eda integrada<\/td><\/tr><tr><td>Bater\u00eda integrada<\/td><td>Recargable de iones de litio 2000mAh<\/td><\/tr><tr><td>Duraci\u00f3n de la bater\u00eda<\/td><td>1-3 horas de uso continuo<\/td><\/tr><tr><td>Potencia de salida total<\/td><td>Hasta 3 W<\/td><\/tr><tr><td>Tensi\u00f3n<\/td><td>CA 100 V, CC 12 V<\/td><\/tr><tr><td>Temperatura de funcionamiento<\/td><td>-10\u2103 a +50\u2103<\/td><\/tr><tr><td>Humedad de funcionamiento<\/td><td>5% a 80%<\/td><\/tr><tr><td>Tama\u00f1o del dispositivo<\/td><td width=\"272\">Antena replegada: 62mm*34*120mm<br \/>Antena montada: 62 mm*34 mm*190 mm<\/td><\/tr><\/tbody><\/table>\t\t\t\t\t\t\t\t<\/div>\n\t\t\t\t<\/div>\n\t\t\t\t<\/div>\n\t\t<div class=\"elementor-element elementor-element-63abe0f e-con-full e-flex e-con e-child\" data-id=\"63abe0f\" data-element_type=\"container\">\n\t\t\t\t<div class=\"elementor-element elementor-element-3d0f9f0 elementor-widget elementor-widget-text-editor\" data-id=\"3d0f9f0\" data-element_type=\"widget\" data-widget_type=\"text-editor.default\">\n\t\t\t\t<div class=\"elementor-widget-container\">\n\t\t\t\t\t\t\t\t\t<h4>Informaci\u00f3n sobre el producto<\/h4><p>El dispositivo port\u00e1til Glod 4 Antenna Jammer cuenta con cuatro antenas que proporcionan una gama de frecuencias para bloquear m\u00faltiples bandas de se\u00f1al, incluyendo 315MHz, 433MHz y 868MHz. Este bloqueador de se\u00f1al m\u00f3vil Wi-Fi es ligero y cuenta con el favor de los clientes por su portabilidad.<\/p><p>Este producto inhibidor de 4 antenas es adecuado para su uso en una variedad de entornos y es ideal para salas de examen, gasolineras, iglesias, juzgados, bibliotecas, centros de conferencias, teatros, hospitales, instalaciones militares y otros lugares donde el uso del tel\u00e9fono celular debe ser prohibido.<\/p><p><strong>Caracter\u00edsticas principales:<\/strong><\/p><ol><li>Se puede utilizar y cargar en el coche.<\/li><li>El dise\u00f1o es compacto, exquisito y f\u00e1cil de transportar.<\/li><li>Puede funcionar de forma continua durante 24 horas.<\/li><li>Adopta un avanzado sistema de refrigeraci\u00f3n con un buen efecto de disipaci\u00f3n del calor.<\/li><\/ol><p><strong>Lugares aplicables:<\/strong><\/p><ol><li>Varias salas de reconocimiento.<\/li><li>Iglesia.<\/li><li>Biblioteca.<\/li><li>Sala de conferencias.<\/li><li>Teatro.<\/li><\/ol><p><strong>Precauciones:<\/strong><\/p><p>1.Los inhibidores est\u00e1n personalizados de acuerdo con las bandas de frecuencia de diferentes pa\u00edses, por favor confirme que el pa\u00eds de compra y el pa\u00eds de uso real son coherentes. Por favor, lea la funci\u00f3n jammer antes de comprar.<br \/>2. Si los inhibidores de baja potencia (como inhibidores de mano) para bloquear dispositivo de se\u00f1al de alta potencia (como de alta potencia del router WIFI, Bluetooth equipo de audio, etc), el efecto ser\u00e1 pobre o incluso no puede jammer.<br \/>3.Est\u00e1 prohibido su uso durante la carga.<br \/>4.No utilice inhibidores port\u00e1tiles como inhibidores de sobremesa.<br \/>5.No utilice inhibidores antes de conectar la antena.<\/p>\t\t\t\t\t\t\t\t<\/div>\n\t\t\t\t<\/div>\n\t\t\t\t<\/div>\n\t\t\t\t\t<\/div>\n\t\t\t\t<\/div>\n\t\t\t\t<\/div>","protected":false},"excerpt":{"rendered":"<p>El dispositivo port\u00e1til Glod 4 Antenna Jammer cuenta con cuatro antenas que proporcionan una gama de frecuencias para bloquear m\u00faltiples bandas de se\u00f1al, incluyendo 315MHz, 433MHz y 868MHz. Este bloqueador de se\u00f1al m\u00f3vil Wi-Fi es ligero y cuenta con el favor de los clientes por su portabilidad.<\/p>\n<p><strong>Caracter\u00edsticas principales:<\/strong><\/p>\n<p>1. Puede utilizarse y cargarse en el coche.<br \/>\n2. El dise\u00f1o es compacto, exquisito y f\u00e1cil de transportar.<br \/>\n3. Puede funcionar de forma continua durante 24 horas.<br \/>\n4. Adopta un avanzado sistema de refrigeraci\u00f3n con un buen efecto de disipaci\u00f3n del calor.<\/p>","protected":false},"featured_media":1590,"comment_status":"open","ping_status":"closed","template":"","meta":{"site-sidebar-layout":"no-sidebar","site-content-layout":"page-builder","ast-site-content-layout":"normal-width-container","site-content-style":"default","site-sidebar-style":"default","ast-global-header-display":"","ast-banner-title-visibility":"","ast-main-header-display":"","ast-hfb-above-header-display":"","ast-hfb-below-header-display":"","ast-hfb-mobile-header-display":"","site-post-title":"disabled","ast-breadcrumbs-content":"","ast-featured-img":"disabled","footer-sml-layout":"","theme-transparent-header-meta":"default","adv-header-id-meta":"","stick-header-meta":"default","header-above-stick-meta":"","header-main-stick-meta":"","header-below-stick-meta":"","astra-migrate-meta-layouts":"set","ast-page-background-enabled":"default","ast-page-background-meta":{"desktop":{"background-color":"var(--ast-global-color-4)","background-image":"","background-repeat":"repeat","background-position":"center center","background-size":"auto","background-attachment":"scroll","background-type":"","background-media":"","overlay-type":"","overlay-color":"","overlay-gradient":""},"tablet":{"background-color":"","background-image":"","background-repeat":"repeat","background-position":"center center","background-size":"auto","background-attachment":"scroll","background-type":"","background-media":"","overlay-type":"","overlay-color":"","overlay-gradient":""},"mobile":{"background-color":"","background-image":"","background-repeat":"repeat","background-position":"center center","background-size":"auto","background-attachment":"scroll","background-type":"","background-media":"","overlay-type":"","overlay-color":"","overlay-gradient":""}},"ast-content-background-meta":{"desktop":{"background-color":"var(--ast-global-color-5)","background-image":"","background-repeat":"repeat","background-position":"center center","background-size":"auto","background-attachment":"scroll","background-type":"","background-media":"","overlay-type":"","overlay-color":"","overlay-gradient":""},"tablet":{"background-color":"var(--ast-global-color-5)","background-image":"","background-repeat":"repeat","background-position":"center center","background-size":"auto","background-attachment":"scroll","background-type":"","background-media":"","overlay-type":"","overlay-color":"","overlay-gradient":""},"mobile":{"background-color":"var(--ast-global-color-5)","background-image":"","background-repeat":"repeat","background-position":"center center","background-size":"auto","background-attachment":"scroll","background-type":"","background-media":"","overlay-type":"","overlay-color":"","overlay-gradient":""}}},"product_brand":[],"product_cat":[15,68,81,41,73,42,52,40,39,49,33,32,63,35,34,85,38,55,97,37,36],"product_tag":[310,312,357,150,360,152,565,156,412,414,418,533,252,253,254,120,170,172,256,258,259,175,260,178,180,261,264,266,267,269,273,190,191,276,277,134,135,202,203,281,142,206,282,283,472,340,210,212,474,455,286,428,215,216,218,219,288,220,222,124,374,477,225,145,379,425,380,381,226,295,347,227,228,483,460,232,387,301,234,235,525,389,236,237,238,391,443,240,115,392,393,327,350,241,330,328,408,336,337,344,436],"class_list":{"0":"post-1959","1":"product","2":"type-product","3":"status-publish","4":"has-post-thumbnail","6":"product_cat-signal-blocker","7":"product_cat-101-300dollars-jammers","8":"product_cat-10-20meters","9":"product_cat-3g-signal-jammer","10":"product_cat-4-5antennas-jammers","11":"product_cat-4g-jammer","12":"product_cat-anti-tracking-signal-jammer","13":"product_cat-bluetooth-signal-blocker","14":"product_cat-bluetooth-jammer","15":"product_cat-camera-jammer-wireless","16":"product_cat-cell-phone-signal-blocker","17":"product_cat-cell-phone-signal-jammer","18":"product_cat-cheap-jammer","19":"product_cat-gps-signal-blocker","20":"product_cat-gps-signal-jammer","21":"product_cat-gsm-cdma-850-894mhz","22":"product_cat-gsm-jammer","23":"product_cat-outdoor-jammer","24":"product_cat-wifi-2-4g-2400-2500mhz-jammer","25":"product_cat-wifi-signal-blocker","26":"product_cat-wifi-jammer","27":"product_tag-3g-cell-phone-jammer-circuit","28":"product_tag-4-band-4w-portable-gps-cell-phone-signal-jammer","29":"product_tag-aliexpress-wifi-jammer","30":"product_tag-arduino-cell-phone-jammer","31":"product_tag-arduino-wifi-jammer","32":"product_tag-best-cell-phone-jammer","33":"product_tag-best-gps-jammer-for-car","34":"product_tag-buy-cell-phone-signal-jammer","35":"product_tag-buy-gps-jammer-australia","36":"product_tag-buy-gps-jammer-cigarette-lighter","37":"product_tag-buy-gps-jammer-near-me","38":"product_tag-car-signal-jammer","39":"product_tag-cell-phone-detector-and-jammer-project","40":"product_tag-cell-phone-jammer-aliexpress","41":"product_tag-cell-phone-jammer-apk","42":"product_tag-cell-phone-jammer-app","43":"product_tag-cell-phone-jammer-app-for-iphone","44":"product_tag-cell-phone-jammer-best-buy","45":"product_tag-cell-phone-jammer-block-diagram","46":"product_tag-cell-phone-jammer-chicago","47":"product_tag-cell-phone-jammer-circuit","48":"product_tag-cell-phone-jammer-circuit-diagram","49":"product_tag-cell-phone-jammer-device","50":"product_tag-cell-phone-jammer-for-classroom","51":"product_tag-cell-phone-jammer-for-home-use","52":"product_tag-cell-phone-jammer-in-car","53":"product_tag-cell-phone-jammer-kit-for-sale","54":"product_tag-cell-phone-jammer-uk","55":"product_tag-cell-phone-jammer-walmart","56":"product_tag-cell-phone-service-jammer","57":"product_tag-cell-phone-signal-jammer-app-for-android","58":"product_tag-cell-phone-signal-jammer-circuit","59":"product_tag-cell-phone-signal-jammer-device","60":"product_tag-cell-phone-signal-jammer-south-africa","61":"product_tag-cell-phone-tracking-jammer","62":"product_tag-cell-phone-wifi-jammer","63":"product_tag-cell-signal-jammer-app","64":"product_tag-cell-wifi-jammer","65":"product_tag-cellular-blocker-jammer","66":"product_tag-cellular-jammer-device","67":"product_tag-cellular-network-jammer","68":"product_tag-cheap-cell-phone-signal-jammer","69":"product_tag-chicago-cell-phone-jammer","70":"product_tag-cta-cell-phone-jammer","71":"product_tag-diy-signal-jammer","72":"product_tag-diy-wifi-signal-jammer","73":"product_tag-emp-cell-phone-jammer","74":"product_tag-fcc-cell-phone-jammer","75":"product_tag-gps-jammer-app","76":"product_tag-gps-jammer-car","77":"product_tag-gsm-cell-phone-jammer","78":"product_tag-gsm-jammer-aaaaaa","79":"product_tag-handheld-cell-phone-jammer","80":"product_tag-hidden-cell-phone-jammer","81":"product_tag-home-cell-phone-jammer","82":"product_tag-homemade-cell-phone-jammer","83":"product_tag-homemade-cell-phone-signal-jammer","84":"product_tag-house-party-cell-phone-jammer","85":"product_tag-how-much-does-a-cell-phone-jammer-cost","86":"product_tag-how-to-build-a-cell-phone-jammer","87":"product_tag-iphone-wifi-jammer","88":"product_tag-jammer-car","89":"product_tag-make-your-own-cell-phone-jammer","90":"product_tag-mini-cell-phone-jammer","91":"product_tag-mini-wifi-jammer","92":"product_tag-mobile-jammer-aaaaaa","93":"product_tag-mobile-wifi-jammer","94":"product_tag-online-wifi-jammer","95":"product_tag-personal-cell-phone-jammer","96":"product_tag-pocket-sized-cell-phone-jammer","97":"product_tag-pocket-wifi-jammer","98":"product_tag-portable-cell-phone-jammer-amazon","99":"product_tag-portable-cellular-jammer","100":"product_tag-portable-gsm-jammer","101":"product_tag-portable-mobile-phone-jammer","102":"product_tag-short-range-cell-phone-jammer","103":"product_tag-signal-jammer-for-wifi","104":"product_tag-simplisafe-cell-phone-jammer","105":"product_tag-small-area-cell-phone-jammer","106":"product_tag-small-cell-phone-jammer","107":"product_tag-the-jammer","108":"product_tag-usb-wifi-jammer","109":"product_tag-vehicle-cell-phone-jammer","110":"product_tag-what-does-a-cell-phone-jammer-do","111":"product_tag-what-does-a-cell-phone-jammer-look-like","112":"product_tag-what-does-a-wifi-jammer-look-like","113":"product_tag-what-is-a-jammer","114":"product_tag-where-can-i-buy-a-cell-phone-jammer","115":"product_tag-wifi-and-cellular-jammer","116":"product_tag-wifi-anti-jammer","117":"product_tag-wifi-bluetooth-signal-jammer","118":"product_tag-wifi-camera-jammer","119":"product_tag-wifi-camera-jammer-app","120":"product_tag-wifi-cell-jammer","121":"product_tag-wifi-jammer-amazon","122":"product_tag-wifi-jammer-diy","123":"product_tag-wifi-jammer-for-iphone","124":"product_tag-wifi-jammer-ring-camera","125":"product_tag-wifi-signal-jammer-amazon","126":"product_tag-wifi-signal-jammer-for-sale","127":"product_tag-wireless-network-jammer","128":"desktop-align-left","129":"tablet-align-left","130":"mobile-align-left","131":"ast-product-gallery-layout-horizontal-slider","132":"ast-product-single-variable","133":"ast-product-tabs-layout-horizontal","135":"first","136":"instock","137":"sale","138":"shipping-taxable","139":"purchasable","140":"product-type-variable"},"yoast_head":"<!-- This site is optimized with the Yoast SEO plugin v23.9 - https:\/\/yoast.com\/wordpress\/plugins\/seo\/ -->\n<title>Glod 4 Antenna Jammer to block WIFI GPS GSM UMTS 315 433 868mhz Signal Optional - JAMMERSIGNAL<\/title>\n<meta name=\"description\" content=\"The portable Glod 4 Antenna Jammer device features four antennas that provide a range of frequencies to block multiple signal bands, including 315MHz, 433MHz and 868MHz. This Wi-Fi mobile signal jammer is lightweight and is favored by customers for its portability.\" \/>\n<meta name=\"robots\" content=\"index, follow, max-snippet:-1, max-image-preview:large, max-video-preview:-1\" \/>\n<link rel=\"canonical\" href=\"https:\/\/www.jammersignal.com\/es\/producto\/glod-4antenna-jammer-interceptor-wifi-gps-gsm-umts\/\" \/>\n<meta property=\"og:locale\" content=\"es_ES\" \/>\n<meta property=\"og:type\" content=\"article\" \/>\n<meta property=\"og:title\" content=\"Glod 4 Antenna Jammer to block WIFI GPS GSM UMTS 315 433 868mhz Signal Optional - JAMMERSIGNAL\" \/>\n<meta property=\"og:description\" content=\"The portable Glod 4 Antenna Jammer device features four antennas that provide a range of frequencies to block multiple signal bands, including 315MHz, 433MHz and 868MHz. This Wi-Fi mobile signal jammer is lightweight and is favored by customers for its portability.\" \/>\n<meta property=\"og:url\" content=\"https:\/\/www.jammersignal.com\/es\/producto\/glod-4antenna-jammer-interceptor-wifi-gps-gsm-umts\/\" \/>\n<meta property=\"og:site_name\" content=\"JAMMERSIGNAL\" \/>\n<meta property=\"article:modified_time\" content=\"2025-05-25T15:46:49+00:00\" \/>\n<meta property=\"og:image\" content=\"https:\/\/www.jammersignal.com\/wp-content\/uploads\/2024\/05\/glod-4-antennas-jammersignal-umts-gsm-blocker-jammers-1.jpg\" \/>\n\t<meta property=\"og:image:width\" content=\"800\" \/>\n\t<meta property=\"og:image:height\" content=\"800\" \/>\n\t<meta property=\"og:image:type\" content=\"image\/jpeg\" \/>\n<meta name=\"twitter:card\" content=\"summary_large_image\" \/>\n<meta name=\"twitter:label1\" content=\"Tiempo de lectura\" \/>\n\t<meta name=\"twitter:data1\" content=\"2 minutos\" \/>\n<script type=\"application\/ld+json\" class=\"yoast-schema-graph\">{\"@context\":\"https:\/\/schema.org\",\"@graph\":[{\"@type\":\"WebPage\",\"@id\":\"https:\/\/www.jammersignal.com\/product\/glod-4antenna-jammer-interceptor-wifi-gps-gsm-umts\/\",\"url\":\"https:\/\/www.jammersignal.com\/product\/glod-4antenna-jammer-interceptor-wifi-gps-gsm-umts\/\",\"name\":\"Glod 4 Antenna Jammer to block WIFI GPS GSM UMTS 315 433 868mhz Signal Optional - JAMMERSIGNAL\",\"isPartOf\":{\"@id\":\"https:\/\/www.jammersignal.com\/#website\"},\"primaryImageOfPage\":{\"@id\":\"https:\/\/www.jammersignal.com\/product\/glod-4antenna-jammer-interceptor-wifi-gps-gsm-umts\/#primaryimage\"},\"image\":{\"@id\":\"https:\/\/www.jammersignal.com\/product\/glod-4antenna-jammer-interceptor-wifi-gps-gsm-umts\/#primaryimage\"},\"thumbnailUrl\":\"https:\/\/www.jammersignal.com\/wp-content\/uploads\/2024\/05\/glod-4-antennas-jammersignal-umts-gsm-blocker-jammers-1.jpg\",\"datePublished\":\"2024-05-19T11:19:16+00:00\",\"dateModified\":\"2025-05-25T15:46:49+00:00\",\"description\":\"The portable Glod 4 Antenna Jammer device features four antennas that provide a range of frequencies to block multiple signal bands, including 315MHz, 433MHz and 868MHz. This Wi-Fi mobile signal jammer is lightweight and is favored by customers for its portability.\",\"breadcrumb\":{\"@id\":\"https:\/\/www.jammersignal.com\/product\/glod-4antenna-jammer-interceptor-wifi-gps-gsm-umts\/#breadcrumb\"},\"inLanguage\":\"es\",\"potentialAction\":[{\"@type\":\"ReadAction\",\"target\":[\"https:\/\/www.jammersignal.com\/product\/glod-4antenna-jammer-interceptor-wifi-gps-gsm-umts\/\"]}]},{\"@type\":\"ImageObject\",\"inLanguage\":\"es\",\"@id\":\"https:\/\/www.jammersignal.com\/product\/glod-4antenna-jammer-interceptor-wifi-gps-gsm-umts\/#primaryimage\",\"url\":\"https:\/\/www.jammersignal.com\/wp-content\/uploads\/2024\/05\/glod-4-antennas-jammersignal-umts-gsm-blocker-jammers-1.jpg\",\"contentUrl\":\"https:\/\/www.jammersignal.com\/wp-content\/uploads\/2024\/05\/glod-4-antennas-jammersignal-umts-gsm-blocker-jammers-1.jpg\",\"width\":800,\"height\":800,\"caption\":\"glod 4 antennas jammersignal umts gsm blocker jammers (1)\"},{\"@type\":\"BreadcrumbList\",\"@id\":\"https:\/\/www.jammersignal.com\/product\/glod-4antenna-jammer-interceptor-wifi-gps-gsm-umts\/#breadcrumb\",\"itemListElement\":[{\"@type\":\"ListItem\",\"position\":1,\"name\":\"Home\",\"item\":\"https:\/\/www.jammersignal.com\/\"},{\"@type\":\"ListItem\",\"position\":2,\"name\":\"Shop\",\"item\":\"https:\/\/www.jammersignal.com\/shop\/\"},{\"@type\":\"ListItem\",\"position\":3,\"name\":\"Signal Blocker\",\"item\":\"https:\/\/www.jammersignal.com\/product-category\/signal-blocker\/\"},{\"@type\":\"ListItem\",\"position\":4,\"name\":\"Glod 4 Antenna Jammer Interceptor WIFI GPS GSM UMTS 315 433 868mhz Signal Optional\"}]},{\"@type\":\"WebSite\",\"@id\":\"https:\/\/www.jammersignal.com\/#website\",\"url\":\"https:\/\/www.jammersignal.com\/\",\"name\":\"JAMMERSIGNAL\",\"description\":\"\",\"publisher\":{\"@id\":\"https:\/\/www.jammersignal.com\/#organization\"},\"potentialAction\":[{\"@type\":\"SearchAction\",\"target\":{\"@type\":\"EntryPoint\",\"urlTemplate\":\"https:\/\/www.jammersignal.com\/?s={search_term_string}\"},\"query-input\":{\"@type\":\"PropertyValueSpecification\",\"valueRequired\":true,\"valueName\":\"search_term_string\"}}],\"inLanguage\":\"es\"},{\"@type\":\"Organization\",\"@id\":\"https:\/\/www.jammersignal.com\/#organization\",\"name\":\"JAMMERSIGNAL\",\"url\":\"https:\/\/www.jammersignal.com\/\",\"logo\":{\"@type\":\"ImageObject\",\"inLanguage\":\"es\",\"@id\":\"https:\/\/www.jammersignal.com\/#\/schema\/logo\/image\/\",\"url\":\"https:\/\/www.jammersignal.com\/wp-content\/uploads\/2024\/05\/cropped-jammersignal-logo-4.png\",\"contentUrl\":\"https:\/\/www.jammersignal.com\/wp-content\/uploads\/2024\/05\/cropped-jammersignal-logo-4.png\",\"width\":104,\"height\":34,\"caption\":\"JAMMERSIGNAL\"},\"image\":{\"@id\":\"https:\/\/www.jammersignal.com\/#\/schema\/logo\/image\/\"}}]}<\/script>\n<!-- \/ Yoast SEO plugin. -->","yoast_head_json":{"title":"Glod 4 Antena Jammer para bloquear WIFI GPS GSM UMTS 315 433 868mhz Se\u00f1al Opcional - JAMMERSIGNAL","description":"El dispositivo port\u00e1til Glod 4 Antenna Jammer cuenta con cuatro antenas que proporcionan una gama de frecuencias para bloquear m\u00faltiples bandas de se\u00f1al, incluyendo 315MHz, 433MHz y 868MHz. Este bloqueador de se\u00f1al m\u00f3vil Wi-Fi es ligero y cuenta con el favor de los clientes por su portabilidad.","robots":{"index":"index","follow":"follow","max-snippet":"max-snippet:-1","max-image-preview":"max-image-preview:large","max-video-preview":"max-video-preview:-1"},"canonical":"https:\/\/www.jammersignal.com\/es\/producto\/glod-4antenna-jammer-interceptor-wifi-gps-gsm-umts\/","og_locale":"es_ES","og_type":"article","og_title":"Glod 4 Antenna Jammer to block WIFI GPS GSM UMTS 315 433 868mhz Signal Optional - JAMMERSIGNAL","og_description":"The portable Glod 4 Antenna Jammer device features four antennas that provide a range of frequencies to block multiple signal bands, including 315MHz, 433MHz and 868MHz. This Wi-Fi mobile signal jammer is lightweight and is favored by customers for its portability.","og_url":"https:\/\/www.jammersignal.com\/es\/producto\/glod-4antenna-jammer-interceptor-wifi-gps-gsm-umts\/","og_site_name":"JAMMERSIGNAL","article_modified_time":"2025-05-25T15:46:49+00:00","og_image":[{"width":800,"height":800,"url":"https:\/\/www.jammersignal.com\/wp-content\/uploads\/2024\/05\/glod-4-antennas-jammersignal-umts-gsm-blocker-jammers-1.jpg","type":"image\/jpeg"}],"twitter_card":"summary_large_image","twitter_misc":{"Tiempo de lectura":"2 minutos"},"schema":{"@context":"https:\/\/schema.org","@graph":[{"@type":"WebPage","@id":"https:\/\/www.jammersignal.com\/product\/glod-4antenna-jammer-interceptor-wifi-gps-gsm-umts\/","url":"https:\/\/www.jammersignal.com\/product\/glod-4antenna-jammer-interceptor-wifi-gps-gsm-umts\/","name":"Glod 4 Antena Jammer para bloquear WIFI GPS GSM UMTS 315 433 868mhz Se\u00f1al Opcional - JAMMERSIGNAL","isPartOf":{"@id":"https:\/\/www.jammersignal.com\/#website"},"primaryImageOfPage":{"@id":"https:\/\/www.jammersignal.com\/product\/glod-4antenna-jammer-interceptor-wifi-gps-gsm-umts\/#primaryimage"},"image":{"@id":"https:\/\/www.jammersignal.com\/product\/glod-4antenna-jammer-interceptor-wifi-gps-gsm-umts\/#primaryimage"},"thumbnailUrl":"https:\/\/www.jammersignal.com\/wp-content\/uploads\/2024\/05\/glod-4-antennas-jammersignal-umts-gsm-blocker-jammers-1.jpg","datePublished":"2024-05-19T11:19:16+00:00","dateModified":"2025-05-25T15:46:49+00:00","description":"El dispositivo port\u00e1til Glod 4 Antenna Jammer cuenta con cuatro antenas que proporcionan una gama de frecuencias para bloquear m\u00faltiples bandas de se\u00f1al, incluyendo 315MHz, 433MHz y 868MHz. Este bloqueador de se\u00f1al m\u00f3vil Wi-Fi es ligero y cuenta con el favor de los clientes por su portabilidad.","breadcrumb":{"@id":"https:\/\/www.jammersignal.com\/product\/glod-4antenna-jammer-interceptor-wifi-gps-gsm-umts\/#breadcrumb"},"inLanguage":"es","potentialAction":[{"@type":"ReadAction","target":["https:\/\/www.jammersignal.com\/product\/glod-4antenna-jammer-interceptor-wifi-gps-gsm-umts\/"]}]},{"@type":"ImageObject","inLanguage":"es","@id":"https:\/\/www.jammersignal.com\/product\/glod-4antenna-jammer-interceptor-wifi-gps-gsm-umts\/#primaryimage","url":"https:\/\/www.jammersignal.com\/wp-content\/uploads\/2024\/05\/glod-4-antennas-jammersignal-umts-gsm-blocker-jammers-1.jpg","contentUrl":"https:\/\/www.jammersignal.com\/wp-content\/uploads\/2024\/05\/glod-4-antennas-jammersignal-umts-gsm-blocker-jammers-1.jpg","width":800,"height":800,"caption":"glod 4 antennas jammersignal umts gsm blocker jammers (1)"},{"@type":"BreadcrumbList","@id":"https:\/\/www.jammersignal.com\/product\/glod-4antenna-jammer-interceptor-wifi-gps-gsm-umts\/#breadcrumb","itemListElement":[{"@type":"ListItem","position":1,"name":"Home","item":"https:\/\/www.jammersignal.com\/"},{"@type":"ListItem","position":2,"name":"Shop","item":"https:\/\/www.jammersignal.com\/shop\/"},{"@type":"ListItem","position":3,"name":"Signal Blocker","item":"https:\/\/www.jammersignal.com\/product-category\/signal-blocker\/"},{"@type":"ListItem","position":4,"name":"Glod 4 Antenna Jammer Interceptor WIFI GPS GSM UMTS 315 433 868mhz Signal Optional"}]},{"@type":"WebSite","@id":"https:\/\/www.jammersignal.com\/#website","url":"https:\/\/www.jammersignal.com\/","name":"JAMMERSIGNAL","description":"","publisher":{"@id":"https:\/\/www.jammersignal.com\/#organization"},"potentialAction":[{"@type":"SearchAction","target":{"@type":"EntryPoint","urlTemplate":"https:\/\/www.jammersignal.com\/?s={search_term_string}"},"query-input":{"@type":"PropertyValueSpecification","valueRequired":true,"valueName":"search_term_string"}}],"inLanguage":"es"},{"@type":"Organization","@id":"https:\/\/www.jammersignal.com\/#organization","name":"JAMMERSIGNAL","url":"https:\/\/www.jammersignal.com\/","logo":{"@type":"ImageObject","inLanguage":"es","@id":"https:\/\/www.jammersignal.com\/#\/schema\/logo\/image\/","url":"https:\/\/www.jammersignal.com\/wp-content\/uploads\/2024\/05\/cropped-jammersignal-logo-4.png","contentUrl":"https:\/\/www.jammersignal.com\/wp-content\/uploads\/2024\/05\/cropped-jammersignal-logo-4.png","width":104,"height":34,"caption":"JAMMERSIGNAL"},"image":{"@id":"https:\/\/www.jammersignal.com\/#\/schema\/logo\/image\/"}}]}},"_links":{"self":[{"href":"https:\/\/www.jammersignal.com\/es\/wp-json\/wp\/v2\/product\/1959","targetHints":{"allow":["GET"]}}],"collection":[{"href":"https:\/\/www.jammersignal.com\/es\/wp-json\/wp\/v2\/product"}],"about":[{"href":"https:\/\/www.jammersignal.com\/es\/wp-json\/wp\/v2\/types\/product"}],"replies":[{"embeddable":true,"href":"https:\/\/www.jammersignal.com\/es\/wp-json\/wp\/v2\/comments?post=1959"}],"version-history":[{"count":7,"href":"https:\/\/www.jammersignal.com\/es\/wp-json\/wp\/v2\/product\/1959\/revisions"}],"predecessor-version":[{"id":2030,"href":"https:\/\/www.jammersignal.com\/es\/wp-json\/wp\/v2\/product\/1959\/revisions\/2030"}],"wp:featuredmedia":[{"embeddable":true,"href":"https:\/\/www.jammersignal.com\/es\/wp-json\/wp\/v2\/media\/1590"}],"wp:attachment":[{"href":"https:\/\/www.jammersignal.com\/es\/wp-json\/wp\/v2\/media?parent=1959"}],"wp:term":[{"taxonomy":"product_brand","embeddable":true,"href":"https:\/\/www.jammersignal.com\/es\/wp-json\/wp\/v2\/product_brand?post=1959"},{"taxonomy":"product_cat","embeddable":true,"href":"https:\/\/www.jammersignal.com\/es\/wp-json\/wp\/v2\/product_cat?post=1959"},{"taxonomy":"product_tag","embeddable":true,"href":"https:\/\/www.jammersignal.com\/es\/wp-json\/wp\/v2\/product_tag?post=1959"}],"curies":[{"name":"wp","href":"https:\/\/api.w.org\/{rel}","templated":true}]}}