{"id":2086,"date":"2024-05-20T00:50:20","date_gmt":"2024-05-20T00:50:20","guid":{"rendered":"https:\/\/www.jammersignal.com\/?post_type=product&#038;p=2086"},"modified":"2025-09-02T08:20:09","modified_gmt":"2025-09-02T08:20:09","slug":"portable-gps-wifi-jammer-shielded-gsm","status":"publish","type":"product","link":"https:\/\/www.jammersignal.com\/es\/producto\/portable-gps-wifi-jammer-shielded-gsm\/","title":{"rendered":"GPS port\u00e1til WIFI Jammer de se\u00f1al con blindaje de se\u00f1al GSM"},"content":{"rendered":"<div data-elementor-type=\"wp-post\" data-elementor-id=\"2086\" class=\"elementor elementor-2086\">\n\t\t\t\t<div class=\"elementor-element elementor-element-4a8c2a2 e-flex e-con-boxed e-con e-parent\" data-id=\"4a8c2a2\" data-element_type=\"container\" data-e-type=\"container\">\n\t\t\t\t\t<div class=\"e-con-inner\">\n\t\t<div class=\"elementor-element elementor-element-2677d1d e-con-full e-flex e-con e-child\" data-id=\"2677d1d\" data-element_type=\"container\" data-e-type=\"container\">\n\t\t\t\t<div class=\"elementor-element elementor-element-5ee8a99 elementor-widget elementor-widget-text-editor\" data-id=\"5ee8a99\" data-element_type=\"widget\" data-e-type=\"widget\" data-widget_type=\"text-editor.default\">\n\t\t\t\t<div class=\"elementor-widget-container\">\n\t\t\t\t\t\t\t\t\t<h4>Especificaciones t\u00e9cnicas<\/h4><table width=\"344\"><tbody><tr><td width=\"72\"><strong>Nombre del par\u00e1metro<\/strong><\/td><td width=\"272\"><strong>Par\u00e1metros<\/strong><\/td><\/tr><tr><td>Modelo\u00a0<\/td><td>H041US<\/td><\/tr><tr><td>Frecuencias de interferencia<\/td><td width=\"272\">GSM\/CDMA: 850-960MHz<br \/>3G: 2110-2170MHz<br \/>GPS: 1570-1610MHz<br \/>WiFi: 2400-2485MHz<br \/>Se\u00f1al inal\u00e1mbrica: 315MHz 433MHz 868MHz<\/td><\/tr><tr><td>Radio de interferencia<\/td><td>Hasta 20 metros<\/td><\/tr><tr><td>Alimentaci\u00f3n<\/td><td>Enchufe, adaptador para coche o bater\u00eda integrada<\/td><\/tr><tr><td>Bater\u00eda integrada<\/td><td>Recargable de iones de litio 2000mAh<\/td><\/tr><tr><td>Duraci\u00f3n de la bater\u00eda<\/td><td>1-3 horas de uso continuo<\/td><\/tr><tr><td>Potencia de salida total<\/td><td>Hasta 3 W<\/td><\/tr><tr><td>Tensi\u00f3n<\/td><td>CA 100 V, CC 12 V<\/td><\/tr><tr><td>Temperatura de funcionamiento<\/td><td>-10\u2103 a +50\u2103<\/td><\/tr><tr><td>Humedad de funcionamiento<\/td><td>5% a 80%<\/td><\/tr><tr><td>Tama\u00f1o del dispositivo<\/td><td width=\"272\">Sin antena: 62mm*34*120mm<br \/>Despu\u00e9s de la instalaci\u00f3n de la antena: 62mm*34mm*190mm<\/td><\/tr><\/tbody><\/table>\t\t\t\t\t\t\t\t<\/div>\n\t\t\t\t<\/div>\n\t\t\t\t<\/div>\n\t\t<div class=\"elementor-element elementor-element-63abe0f e-con-full e-flex e-con e-child\" data-id=\"63abe0f\" data-element_type=\"container\" data-e-type=\"container\">\n\t\t\t\t<div class=\"elementor-element elementor-element-3d0f9f0 elementor-widget elementor-widget-text-editor\" data-id=\"3d0f9f0\" data-element_type=\"widget\" data-e-type=\"widget\" data-widget_type=\"text-editor.default\">\n\t\t\t\t<div class=\"elementor-widget-container\">\n\t\t\t\t\t\t\t\t\t<h4>Informaci\u00f3n sobre el producto<\/h4><p>El bloqueador de GPS port\u00e1til para coche funciona en 315 MHz, 433 MHz y 868 MHz, lo que proporciona una potente capacidad de interferencia y 3 vatios de potencia de salida.<\/p><p>El bloqueador tiene un dise\u00f1o extremadamente compacto y es port\u00e1til, ya que s\u00f3lo mide 62 mm*34*120 mm, lo que facilita su transporte y ocultaci\u00f3n. Cuenta con interruptores de banda independientes, lo que permite a los usuarios activar o desactivar bandas espec\u00edficas seg\u00fan sea necesario. Adem\u00e1s, viene con un cargador de mechero que puede utilizarse en el veh\u00edculo.<\/p><p>Este producto es adecuado para su uso en salas de reconocimiento, gasolineras, iglesias, tribunales, bibliotecas, centros de conferencias, teatros, hospitales, instalaciones militares y otros lugares donde est\u00e9 prohibido el uso de tel\u00e9fonos m\u00f3viles.<\/p><p><strong>Caracter\u00edsticas:<\/strong><\/p><ol><li>Equipada con una bater\u00eda de litio de gran capacidad (2000mAh), que puede utilizarse de forma continua durante 1-3 horas.<\/li><li>Capaz de trabajar continuamente durante 24 horas sin sobrecalentarse.<\/li><\/ol><p><strong>Precauciones:<\/strong><\/p><p>1.Los inhibidores est\u00e1n personalizados de acuerdo con las bandas de frecuencia de diferentes pa\u00edses, por favor confirme que el pa\u00eds de compra y el pa\u00eds de uso real son coherentes. Por favor, lea la funci\u00f3n jammer antes de comprar.<br \/>2. Si los inhibidores de baja potencia (como inhibidores de mano) para bloquear dispositivo de se\u00f1al de alta potencia (como de alta potencia del router WIFI, Bluetooth equipo de audio, etc), el efecto ser\u00e1 pobre o incluso no puede jammer.<br \/>3.Est\u00e1 prohibido su uso durante la carga.<br \/>4.No utilice inhibidores port\u00e1tiles como inhibidores de sobremesa.<br \/>5.No utilice inhibidores antes de conectar la antena.<\/p>\t\t\t\t\t\t\t\t<\/div>\n\t\t\t\t<\/div>\n\t\t\t\t<\/div>\n\t\t\t\t\t<\/div>\n\t\t\t\t<\/div>\n\t\t\t\t<\/div>","protected":false},"excerpt":{"rendered":"<p>El bloqueador de GPS port\u00e1til para coche funciona en 315 MHz, 433 MHz y 868 MHz, lo que proporciona una potente capacidad de interferencia y 3 vatios de potencia de salida.<\/p>\n<p>El bloqueador tiene un dise\u00f1o extremadamente compacto y es port\u00e1til, ya que s\u00f3lo mide 62 mm*34*120 mm, lo que facilita su transporte y ocultaci\u00f3n. Cuenta con interruptores de banda independientes, lo que permite a los usuarios activar o desactivar bandas espec\u00edficas seg\u00fan sea necesario. Adem\u00e1s, viene con un cargador de mechero que puede utilizarse en el veh\u00edculo.<\/p>\n<p>Este producto es adecuado para su uso en salas de reconocimiento, gasolineras, iglesias, tribunales, bibliotecas, centros de conferencias, teatros, hospitales, instalaciones militares y otros lugares donde est\u00e9 prohibido el uso de tel\u00e9fonos m\u00f3viles.<\/p>\n<p><strong>Caracter\u00edsticas:<\/strong><\/p>\n<p>1. Equipado con una bater\u00eda de litio de gran capacidad (2000mAh), que puede utilizarse de forma continua durante 1-3 horas.<br \/>\n2. Capaz de trabajar de forma continua durante 24 horas sin sobrecalentarse.<\/p>","protected":false},"featured_media":1637,"comment_status":"open","ping_status":"closed","template":"","meta":{"site-sidebar-layout":"no-sidebar","site-content-layout":"page-builder","ast-site-content-layout":"normal-width-container","site-content-style":"default","site-sidebar-style":"default","ast-global-header-display":"","ast-banner-title-visibility":"","ast-main-header-display":"","ast-hfb-above-header-display":"","ast-hfb-below-header-display":"","ast-hfb-mobile-header-display":"","site-post-title":"disabled","ast-breadcrumbs-content":"","ast-featured-img":"disabled","footer-sml-layout":"","ast-disable-related-posts":"","theme-transparent-header-meta":"default","adv-header-id-meta":"","stick-header-meta":"default","header-above-stick-meta":"","header-main-stick-meta":"","header-below-stick-meta":"","astra-migrate-meta-layouts":"set","ast-page-background-enabled":"default","ast-page-background-meta":{"desktop":{"background-color":"var(--ast-global-color-5)","background-image":"","background-repeat":"repeat","background-position":"center center","background-size":"auto","background-attachment":"scroll","background-type":"","background-media":"","overlay-type":"","overlay-color":"","overlay-opacity":"","overlay-gradient":""},"tablet":{"background-color":"","background-image":"","background-repeat":"repeat","background-position":"center center","background-size":"auto","background-attachment":"scroll","background-type":"","background-media":"","overlay-type":"","overlay-color":"","overlay-opacity":"","overlay-gradient":""},"mobile":{"background-color":"","background-image":"","background-repeat":"repeat","background-position":"center center","background-size":"auto","background-attachment":"scroll","background-type":"","background-media":"","overlay-type":"","overlay-color":"","overlay-opacity":"","overlay-gradient":""}},"ast-content-background-meta":{"desktop":{"background-color":"var(--ast-global-color-4)","background-image":"","background-repeat":"repeat","background-position":"center center","background-size":"auto","background-attachment":"scroll","background-type":"","background-media":"","overlay-type":"","overlay-color":"","overlay-opacity":"","overlay-gradient":""},"tablet":{"background-color":"var(--ast-global-color-4)","background-image":"","background-repeat":"repeat","background-position":"center center","background-size":"auto","background-attachment":"scroll","background-type":"","background-media":"","overlay-type":"","overlay-color":"","overlay-opacity":"","overlay-gradient":""},"mobile":{"background-color":"var(--ast-global-color-4)","background-image":"","background-repeat":"repeat","background-position":"center center","background-size":"auto","background-attachment":"scroll","background-type":"","background-media":"","overlay-type":"","overlay-color":"","overlay-opacity":"","overlay-gradient":""}}},"product_brand":[],"product_cat":[15,68,81,73,52,40,39,56,33,32,63,35,34,38,37,36],"product_tag":[309,310,311,312,357,360,153,156,411,414,416,418,422,364,157,251,162,164,165,166,254,256,174,257,175,260,178,261,263,264,265,266,268,270,272,273,190,193,196,278,134,279,280,203,142,206,208,285,144,370,287,215,289,465,222,116,435,224,225,377,145,425,226,294,347,228,231,325,233,300,235,389,236,239,334,240,349,327,241,331,338,339,242],"class_list":{"0":"post-2086","1":"product","2":"type-product","3":"status-publish","4":"has-post-thumbnail","6":"product_cat-signal-blocker","7":"product_cat-101-300dollars-jammers","8":"product_cat-10-20meters","9":"product_cat-4-5antennas-jammers","10":"product_cat-anti-tracking-signal-jammer","11":"product_cat-bluetooth-signal-blocker","12":"product_cat-bluetooth-jammer","13":"product_cat-car-rechargeable-jammer","14":"product_cat-cell-phone-signal-blocker","15":"product_cat-cell-phone-signal-jammer","16":"product_cat-cheap-jammer","17":"product_cat-gps-signal-blocker","18":"product_cat-gps-signal-jammer","19":"product_cat-gsm-jammer","20":"product_cat-wifi-signal-blocker","21":"product_cat-wifi-jammer","22":"product_tag-3g-cell-phone-jammer","23":"product_tag-3g-cell-phone-jammer-circuit","24":"product_tag-3g-cell-phone-signal-blocker-jammer","25":"product_tag-4-band-4w-portable-gps-cell-phone-signal-jammer","26":"product_tag-aliexpress-wifi-jammer","27":"product_tag-arduino-wifi-jammer","28":"product_tag-best-portable-cell-phone-jammer","29":"product_tag-buy-cell-phone-signal-jammer","30":"product_tag-buy-cigarette-lighter-gps-cell-phone-jammer","31":"product_tag-buy-gps-jammer-cigarette-lighter","32":"product_tag-buy-gps-jammer-for-car","33":"product_tag-buy-gps-jammer-near-me","34":"product_tag-buy-gps-tracking-jammer","35":"product_tag-buy-wifi-jammer","36":"product_tag-can-you-buy-cell-phone-jammer","37":"product_tag-cell-jammer-schematic","38":"product_tag-cell-network-jammer","39":"product_tag-cell-phone-blocker-signal-jammer-device","40":"product_tag-cell-phone-data-jammer","41":"product_tag-cell-phone-frequency-jammer","42":"product_tag-cell-phone-jammer-apk","43":"product_tag-cell-phone-jammer-block-diagram","44":"product_tag-cell-phone-jammer-canadablock","45":"product_tag-cell-phone-jammer-canada-for-sale","46":"product_tag-cell-phone-jammer-circuit-diagram","47":"product_tag-cell-phone-jammer-device","48":"product_tag-cell-phone-jammer-for-classroom","49":"product_tag-cell-phone-jammer-in-car","50":"product_tag-cell-phone-jammer-kit","51":"product_tag-cell-phone-jammer-kit-for-sale","52":"product_tag-cell-phone-jammer-legal-in-canada","53":"product_tag-cell-phone-jammer-uk","54":"product_tag-cell-phone-scrambler-jammer","55":"product_tag-cell-phone-signal-blocker-jammer","56":"product_tag-cell-phone-signal-jammer-apk","57":"product_tag-cell-phone-signal-jammer-app-for-android","58":"product_tag-cell-phone-signal-jammer-circuit","59":"product_tag-cell-phone-signal-jammer-for-cars","60":"product_tag-cell-phone-signal-jammer-for-sale","61":"product_tag-cell-phone-video-camera-jammer","62":"product_tag-cell-phone-wifi-jammer","63":"product_tag-cell-phone-wifi-jammer-amazon","64":"product_tag-cell-service-jammer","65":"product_tag-cellular-blocker-jammer","66":"product_tag-cellular-network-jammer","67":"product_tag-cheap-cell-phone-signal-jammer","68":"product_tag-diy-cell-phone-signal-jammer","69":"product_tag-free-cell-phone-jammer-app","70":"product_tag-gps-and-cell-phone-jammer","71":"product_tag-gps-wifi-jammer","72":"product_tag-hand-held-cell-phone-signal-jammer","73":"product_tag-handheld-cell-phone-jammer","74":"product_tag-house-party-game-cell-phone-jammer","75":"product_tag-how-do-signal-jammer-work","76":"product_tag-how-much-does-a-cell-phone-jammer-cost","77":"product_tag-jammer-for-cell-phone-signal","78":"product_tag-jammer-gps-aaaaaa","79":"product_tag-make-cell-phone-jammer","80":"product_tag-make-your-own-cell-phone-jammer","81":"product_tag-microwave-wifi-jammer","82":"product_tag-mini-cell-phone-jammer","83":"product_tag-mobile-jammer-aaaaaa","84":"product_tag-personal-cell-phone-jammer","85":"product_tag-pocket-cell-phone-jammer","86":"product_tag-pocket-wifi-jammer","87":"product_tag-portable-cellular-jammer","88":"product_tag-raspberrypi-cell-phone-jammer","89":"product_tag-signal-jammer-wifi","90":"product_tag-simple-cell-phone-jammer","91":"product_tag-simplisafe-cell-jammer","92":"product_tag-small-cell-phone-jammer","93":"product_tag-usb-wifi-jammer","94":"product_tag-vehicle-cell-phone-jammer","95":"product_tag-what-is-the-best-cell-phone-jammer","96":"product_tag-what-is-wifi-jammer","97":"product_tag-where-can-i-buy-a-cell-phone-jammer","98":"product_tag-wifi-blocker-jammer","99":"product_tag-wifi-camera-jammer","100":"product_tag-wifi-cell-jammer","101":"product_tag-wifi-signal-jammer-app","102":"product_tag-wifi-signal-jammer-blocker","103":"product_tag-wifi-signal-jammer-diy","104":"product_tag-wireless-cell-phone-jammer","105":"desktop-align-left","106":"tablet-align-left","107":"mobile-align-left","108":"ast-product-gallery-layout-horizontal-slider","109":"ast-product-single-variable","110":"ast-product-tabs-layout-horizontal","112":"first","113":"instock","114":"sale","115":"shipping-taxable","116":"purchasable","117":"product-type-variable"},"yoast_head":"<!-- This site is optimized with the Yoast SEO plugin v23.9 - https:\/\/yoast.com\/wordpress\/plugins\/seo\/ -->\n<title>Portable Car GPS WIFI Signal Jammer with Shielded Signal 315MHZ 433MHZ 868MHZ GSM - JAMMERSIGNAL<\/title>\n<meta name=\"description\" content=\"The portable car GPS jammer operates at 315 MHz, 433 MHz and 868 MHz, providing powerful jamming capabilities and 3 watts of output power. This GPS jammer features an independent frequency band switch, allowing users to activate or deactivate specific frequency bands as needed.\" \/>\n<meta name=\"robots\" content=\"index, follow, max-snippet:-1, max-image-preview:large, max-video-preview:-1\" \/>\n<link rel=\"canonical\" href=\"https:\/\/www.jammersignal.com\/es\/producto\/portable-gps-wifi-jammer-shielded-gsm\/\" \/>\n<meta property=\"og:locale\" content=\"es_ES\" \/>\n<meta property=\"og:type\" content=\"article\" \/>\n<meta property=\"og:title\" content=\"Portable Car GPS WIFI Signal Jammer with Shielded Signal 315MHZ 433MHZ 868MHZ GSM - JAMMERSIGNAL\" \/>\n<meta property=\"og:description\" content=\"The portable car GPS jammer operates at 315 MHz, 433 MHz and 868 MHz, providing powerful jamming capabilities and 3 watts of output power. This GPS jammer features an independent frequency band switch, allowing users to activate or deactivate specific frequency bands as needed.\" \/>\n<meta property=\"og:url\" content=\"https:\/\/www.jammersignal.com\/es\/producto\/portable-gps-wifi-jammer-shielded-gsm\/\" \/>\n<meta property=\"og:site_name\" content=\"JAMMERSIGNAL\" \/>\n<meta property=\"article:modified_time\" content=\"2025-09-02T08:20:09+00:00\" \/>\n<meta property=\"og:image\" content=\"https:\/\/www.jammersignal.com\/wp-content\/uploads\/2024\/05\/portable-wifi-jammersignal-shielded-jammers-1.jpg\" \/>\n\t<meta property=\"og:image:width\" content=\"651\" \/>\n\t<meta property=\"og:image:height\" content=\"709\" \/>\n\t<meta property=\"og:image:type\" content=\"image\/jpeg\" \/>\n<meta name=\"twitter:card\" content=\"summary_large_image\" \/>\n<meta name=\"twitter:label1\" content=\"Tiempo de lectura\" \/>\n\t<meta name=\"twitter:data1\" content=\"2 minutos\" \/>\n<script type=\"application\/ld+json\" class=\"yoast-schema-graph\">{\"@context\":\"https:\/\/schema.org\",\"@graph\":[{\"@type\":\"WebPage\",\"@id\":\"https:\/\/www.jammersignal.com\/product\/portable-gps-wifi-jammer-shielded-gsm\/\",\"url\":\"https:\/\/www.jammersignal.com\/product\/portable-gps-wifi-jammer-shielded-gsm\/\",\"name\":\"Portable Car GPS WIFI Signal Jammer with Shielded Signal 315MHZ 433MHZ 868MHZ GSM - JAMMERSIGNAL\",\"isPartOf\":{\"@id\":\"https:\/\/www.jammersignal.com\/#website\"},\"primaryImageOfPage\":{\"@id\":\"https:\/\/www.jammersignal.com\/product\/portable-gps-wifi-jammer-shielded-gsm\/#primaryimage\"},\"image\":{\"@id\":\"https:\/\/www.jammersignal.com\/product\/portable-gps-wifi-jammer-shielded-gsm\/#primaryimage\"},\"thumbnailUrl\":\"https:\/\/www.jammersignal.com\/wp-content\/uploads\/2024\/05\/portable-wifi-jammersignal-shielded-jammers-1.jpg\",\"datePublished\":\"2024-05-20T00:50:20+00:00\",\"dateModified\":\"2025-09-02T08:20:09+00:00\",\"description\":\"The portable car GPS jammer operates at 315 MHz, 433 MHz and 868 MHz, providing powerful jamming capabilities and 3 watts of output power. This GPS jammer features an independent frequency band switch, allowing users to activate or deactivate specific frequency bands as needed.\",\"breadcrumb\":{\"@id\":\"https:\/\/www.jammersignal.com\/product\/portable-gps-wifi-jammer-shielded-gsm\/#breadcrumb\"},\"inLanguage\":\"es\",\"potentialAction\":[{\"@type\":\"ReadAction\",\"target\":[\"https:\/\/www.jammersignal.com\/product\/portable-gps-wifi-jammer-shielded-gsm\/\"]}]},{\"@type\":\"ImageObject\",\"inLanguage\":\"es\",\"@id\":\"https:\/\/www.jammersignal.com\/product\/portable-gps-wifi-jammer-shielded-gsm\/#primaryimage\",\"url\":\"https:\/\/www.jammersignal.com\/wp-content\/uploads\/2024\/05\/portable-wifi-jammersignal-shielded-jammers-1.jpg\",\"contentUrl\":\"https:\/\/www.jammersignal.com\/wp-content\/uploads\/2024\/05\/portable-wifi-jammersignal-shielded-jammers-1.jpg\",\"width\":651,\"height\":709,\"caption\":\"portable-wifi-jammersignal-shielded-jammers-1\"},{\"@type\":\"BreadcrumbList\",\"@id\":\"https:\/\/www.jammersignal.com\/product\/portable-gps-wifi-jammer-shielded-gsm\/#breadcrumb\",\"itemListElement\":[{\"@type\":\"ListItem\",\"position\":1,\"name\":\"Home\",\"item\":\"https:\/\/www.jammersignal.com\/\"},{\"@type\":\"ListItem\",\"position\":2,\"name\":\"Shop\",\"item\":\"https:\/\/www.jammersignal.com\/shop\/\"},{\"@type\":\"ListItem\",\"position\":3,\"name\":\"Signal Blocker\",\"item\":\"https:\/\/www.jammersignal.com\/product-category\/signal-blocker\/\"},{\"@type\":\"ListItem\",\"position\":4,\"name\":\"Portable GPS WIFI Signal Jammer with Shielded Signal GSM\"}]},{\"@type\":\"WebSite\",\"@id\":\"https:\/\/www.jammersignal.com\/#website\",\"url\":\"https:\/\/www.jammersignal.com\/\",\"name\":\"JAMMERSIGNAL\",\"description\":\"\",\"publisher\":{\"@id\":\"https:\/\/www.jammersignal.com\/#organization\"},\"potentialAction\":[{\"@type\":\"SearchAction\",\"target\":{\"@type\":\"EntryPoint\",\"urlTemplate\":\"https:\/\/www.jammersignal.com\/?s={search_term_string}\"},\"query-input\":{\"@type\":\"PropertyValueSpecification\",\"valueRequired\":true,\"valueName\":\"search_term_string\"}}],\"inLanguage\":\"es\"},{\"@type\":\"Organization\",\"@id\":\"https:\/\/www.jammersignal.com\/#organization\",\"name\":\"JAMMERSIGNAL\",\"url\":\"https:\/\/www.jammersignal.com\/\",\"logo\":{\"@type\":\"ImageObject\",\"inLanguage\":\"es\",\"@id\":\"https:\/\/www.jammersignal.com\/#\/schema\/logo\/image\/\",\"url\":\"https:\/\/www.jammersignal.com\/wp-content\/uploads\/2024\/05\/cropped-jammersignal-logo-4.png\",\"contentUrl\":\"https:\/\/www.jammersignal.com\/wp-content\/uploads\/2024\/05\/cropped-jammersignal-logo-4.png\",\"width\":104,\"height\":34,\"caption\":\"JAMMERSIGNAL\"},\"image\":{\"@id\":\"https:\/\/www.jammersignal.com\/#\/schema\/logo\/image\/\"}}]}<\/script>\n<!-- \/ Yoast SEO plugin. -->","yoast_head_json":{"title":"Port\u00e1til coche GPS WIFI Jammer de se\u00f1al con blindaje de se\u00f1al 315MHZ 433MHZ 868MHZ GSM - JAMMERSIGNAL","description":"El bloqueador de GPS port\u00e1til para coche funciona en 315 MHz, 433 MHz y 868 MHz, proporcionando potentes capacidades de interferencia y 3 vatios de potencia de salida. Este bloqueador de GPS cuenta con un interruptor de banda de frecuencia independiente, lo que permite a los usuarios activar o desactivar bandas de frecuencia espec\u00edficas seg\u00fan sea necesario.","robots":{"index":"index","follow":"follow","max-snippet":"max-snippet:-1","max-image-preview":"max-image-preview:large","max-video-preview":"max-video-preview:-1"},"canonical":"https:\/\/www.jammersignal.com\/es\/producto\/portable-gps-wifi-jammer-shielded-gsm\/","og_locale":"es_ES","og_type":"article","og_title":"Portable Car GPS WIFI Signal Jammer with Shielded Signal 315MHZ 433MHZ 868MHZ GSM - JAMMERSIGNAL","og_description":"The portable car GPS jammer operates at 315 MHz, 433 MHz and 868 MHz, providing powerful jamming capabilities and 3 watts of output power. This GPS jammer features an independent frequency band switch, allowing users to activate or deactivate specific frequency bands as needed.","og_url":"https:\/\/www.jammersignal.com\/es\/producto\/portable-gps-wifi-jammer-shielded-gsm\/","og_site_name":"JAMMERSIGNAL","article_modified_time":"2025-09-02T08:20:09+00:00","og_image":[{"width":651,"height":709,"url":"https:\/\/www.jammersignal.com\/wp-content\/uploads\/2024\/05\/portable-wifi-jammersignal-shielded-jammers-1.jpg","type":"image\/jpeg"}],"twitter_card":"summary_large_image","twitter_misc":{"Tiempo de lectura":"2 minutos"},"schema":{"@context":"https:\/\/schema.org","@graph":[{"@type":"WebPage","@id":"https:\/\/www.jammersignal.com\/product\/portable-gps-wifi-jammer-shielded-gsm\/","url":"https:\/\/www.jammersignal.com\/product\/portable-gps-wifi-jammer-shielded-gsm\/","name":"Port\u00e1til coche GPS WIFI Jammer de se\u00f1al con blindaje de se\u00f1al 315MHZ 433MHZ 868MHZ GSM - JAMMERSIGNAL","isPartOf":{"@id":"https:\/\/www.jammersignal.com\/#website"},"primaryImageOfPage":{"@id":"https:\/\/www.jammersignal.com\/product\/portable-gps-wifi-jammer-shielded-gsm\/#primaryimage"},"image":{"@id":"https:\/\/www.jammersignal.com\/product\/portable-gps-wifi-jammer-shielded-gsm\/#primaryimage"},"thumbnailUrl":"https:\/\/www.jammersignal.com\/wp-content\/uploads\/2024\/05\/portable-wifi-jammersignal-shielded-jammers-1.jpg","datePublished":"2024-05-20T00:50:20+00:00","dateModified":"2025-09-02T08:20:09+00:00","description":"El bloqueador de GPS port\u00e1til para coche funciona en 315 MHz, 433 MHz y 868 MHz, proporcionando potentes capacidades de interferencia y 3 vatios de potencia de salida. Este bloqueador de GPS cuenta con un interruptor de banda de frecuencia independiente, lo que permite a los usuarios activar o desactivar bandas de frecuencia espec\u00edficas seg\u00fan sea necesario.","breadcrumb":{"@id":"https:\/\/www.jammersignal.com\/product\/portable-gps-wifi-jammer-shielded-gsm\/#breadcrumb"},"inLanguage":"es","potentialAction":[{"@type":"ReadAction","target":["https:\/\/www.jammersignal.com\/product\/portable-gps-wifi-jammer-shielded-gsm\/"]}]},{"@type":"ImageObject","inLanguage":"es","@id":"https:\/\/www.jammersignal.com\/product\/portable-gps-wifi-jammer-shielded-gsm\/#primaryimage","url":"https:\/\/www.jammersignal.com\/wp-content\/uploads\/2024\/05\/portable-wifi-jammersignal-shielded-jammers-1.jpg","contentUrl":"https:\/\/www.jammersignal.com\/wp-content\/uploads\/2024\/05\/portable-wifi-jammersignal-shielded-jammers-1.jpg","width":651,"height":709,"caption":"portable-wifi-jammersignal-shielded-jammers-1"},{"@type":"BreadcrumbList","@id":"https:\/\/www.jammersignal.com\/product\/portable-gps-wifi-jammer-shielded-gsm\/#breadcrumb","itemListElement":[{"@type":"ListItem","position":1,"name":"Home","item":"https:\/\/www.jammersignal.com\/"},{"@type":"ListItem","position":2,"name":"Shop","item":"https:\/\/www.jammersignal.com\/shop\/"},{"@type":"ListItem","position":3,"name":"Signal Blocker","item":"https:\/\/www.jammersignal.com\/product-category\/signal-blocker\/"},{"@type":"ListItem","position":4,"name":"Portable GPS WIFI Signal Jammer with Shielded Signal GSM"}]},{"@type":"WebSite","@id":"https:\/\/www.jammersignal.com\/#website","url":"https:\/\/www.jammersignal.com\/","name":"JAMMERSIGNAL","description":"","publisher":{"@id":"https:\/\/www.jammersignal.com\/#organization"},"potentialAction":[{"@type":"SearchAction","target":{"@type":"EntryPoint","urlTemplate":"https:\/\/www.jammersignal.com\/?s={search_term_string}"},"query-input":{"@type":"PropertyValueSpecification","valueRequired":true,"valueName":"search_term_string"}}],"inLanguage":"es"},{"@type":"Organization","@id":"https:\/\/www.jammersignal.com\/#organization","name":"JAMMERSIGNAL","url":"https:\/\/www.jammersignal.com\/","logo":{"@type":"ImageObject","inLanguage":"es","@id":"https:\/\/www.jammersignal.com\/#\/schema\/logo\/image\/","url":"https:\/\/www.jammersignal.com\/wp-content\/uploads\/2024\/05\/cropped-jammersignal-logo-4.png","contentUrl":"https:\/\/www.jammersignal.com\/wp-content\/uploads\/2024\/05\/cropped-jammersignal-logo-4.png","width":104,"height":34,"caption":"JAMMERSIGNAL"},"image":{"@id":"https:\/\/www.jammersignal.com\/#\/schema\/logo\/image\/"}}]}},"_links":{"self":[{"href":"https:\/\/www.jammersignal.com\/es\/wp-json\/wp\/v2\/product\/2086","targetHints":{"allow":["GET"]}}],"collection":[{"href":"https:\/\/www.jammersignal.com\/es\/wp-json\/wp\/v2\/product"}],"about":[{"href":"https:\/\/www.jammersignal.com\/es\/wp-json\/wp\/v2\/types\/product"}],"replies":[{"embeddable":true,"href":"https:\/\/www.jammersignal.com\/es\/wp-json\/wp\/v2\/comments?post=2086"}],"version-history":[{"count":4,"href":"https:\/\/www.jammersignal.com\/es\/wp-json\/wp\/v2\/product\/2086\/revisions"}],"predecessor-version":[{"id":2119,"href":"https:\/\/www.jammersignal.com\/es\/wp-json\/wp\/v2\/product\/2086\/revisions\/2119"}],"wp:featuredmedia":[{"embeddable":true,"href":"https:\/\/www.jammersignal.com\/es\/wp-json\/wp\/v2\/media\/1637"}],"wp:attachment":[{"href":"https:\/\/www.jammersignal.com\/es\/wp-json\/wp\/v2\/media?parent=2086"}],"wp:term":[{"taxonomy":"product_brand","embeddable":true,"href":"https:\/\/www.jammersignal.com\/es\/wp-json\/wp\/v2\/product_brand?post=2086"},{"taxonomy":"product_cat","embeddable":true,"href":"https:\/\/www.jammersignal.com\/es\/wp-json\/wp\/v2\/product_cat?post=2086"},{"taxonomy":"product_tag","embeddable":true,"href":"https:\/\/www.jammersignal.com\/es\/wp-json\/wp\/v2\/product_tag?post=2086"}],"curies":[{"name":"wp","href":"https:\/\/api.w.org\/{rel}","templated":true}]}}