{"id":2091,"date":"2024-05-20T00:50:23","date_gmt":"2024-05-20T00:50:23","guid":{"rendered":"https:\/\/www.jammersignal.com\/?post_type=product&#038;p=2091"},"modified":"2024-12-19T08:15:52","modified_gmt":"2024-12-19T08:15:52","slug":"small-2-4ghz-5-8ghz-drone-jammer","status":"publish","type":"product","link":"https:\/\/www.jammersignal.com\/es\/producto\/small-2-4ghz-5-8ghz-drone-jammer\/","title":{"rendered":"Peque\u00f1a a\u00e9rea 2.4GHz 5.8GHz drone se\u00f1al Jammer"},"content":{"rendered":"<div data-elementor-type=\"wp-post\" data-elementor-id=\"2091\" class=\"elementor elementor-2091\">\n\t\t\t\t<div class=\"elementor-element elementor-element-4a8c2a2 e-flex e-con-boxed e-con e-parent\" data-id=\"4a8c2a2\" data-element_type=\"container\">\n\t\t\t\t\t<div class=\"e-con-inner\">\n\t\t<div class=\"elementor-element elementor-element-2677d1d e-con-full e-flex e-con e-child\" data-id=\"2677d1d\" data-element_type=\"container\">\n\t\t\t\t<div class=\"elementor-element elementor-element-5ee8a99 elementor-widget elementor-widget-text-editor\" data-id=\"5ee8a99\" data-element_type=\"widget\" data-widget_type=\"text-editor.default\">\n\t\t\t\t<div class=\"elementor-widget-container\">\n\t\t\t\t\t\t\t\t\t<h4>Especificaciones t\u00e9cnicas<\/h4><table width=\"344\"><tbody><tr><td width=\"72\"><strong>Nombre del par\u00e1metro<\/strong><\/td><td width=\"272\"><strong>Par\u00e1metros<\/strong><\/td><\/tr><tr><td>Modelo\u00a0<\/td><td>EO-06<\/td><\/tr><tr><td>Frecuencias de interferencia<\/td><td width=\"272\">Banda V1 2400MHz-2450MHz<br \/>Banda V2 2450MHz-2500MHz<br \/>Banda V3 5250MHz-5680MHz<br \/>Banda V4 5680MHz-5900MHz<\/td><\/tr><tr><td>Radio de interferencia<\/td><td>Hasta 100 metros<\/td><\/tr><tr><td>Alimentaci\u00f3n<\/td><td>Enchufe, bater\u00eda integrada<\/td><\/tr><tr><td>Potencia de salida total<\/td><td>7.5W<\/td><\/tr><tr><td>Tensi\u00f3n<\/td><td>AC100-240V DC12V<\/td><\/tr><tr><td>Temperatura de funcionamiento<\/td><td>-40\u2103 a +70\u2103<\/td><\/tr><tr><td>Humedad de funcionamiento<\/td><td>5% a 80%<\/td><\/tr><tr><td>Tama\u00f1o del dispositivo<\/td><td>250mm*47mm*25mm<\/td><\/tr><tr><td>Peso del aparato<\/td><td>2500 g<\/td><\/tr><\/tbody><\/table>\t\t\t\t\t\t\t\t<\/div>\n\t\t\t\t<\/div>\n\t\t\t\t<\/div>\n\t\t<div class=\"elementor-element elementor-element-63abe0f e-con-full e-flex e-con e-child\" data-id=\"63abe0f\" data-element_type=\"container\">\n\t\t\t\t<div class=\"elementor-element elementor-element-3d0f9f0 elementor-widget elementor-widget-text-editor\" data-id=\"3d0f9f0\" data-element_type=\"widget\" data-widget_type=\"text-editor.default\">\n\t\t\t\t<div class=\"elementor-widget-container\">\n\t\t\t\t\t\t\t\t\t<h4>Informaci\u00f3n sobre el producto<\/h4><p>Los inhibidores de drones est\u00e1n dise\u00f1ados espec\u00edficamente para impedir el espionaje, el seguimiento o la fotograf\u00eda no autorizados. Este inhibidor de se\u00f1al de drones se utiliza principalmente con fines civiles y ofrece una soluci\u00f3n eficaz para proteger la privacidad, especialmente en zonas como Estados Unidos, donde est\u00e1 aumentando la actividad ilegal de drones.<\/p><p><strong>Caracter\u00edstica:<\/strong><\/p><ol><li>Equipado con un eficaz sistema de refrigeraci\u00f3n para garantizar largas horas de trabajo sin sobrecalentamiento.<\/li><li>Hay disponible un cable de carga opcional de 3 metros de longitud para facilitar su uso en veh\u00edculos de 12 V CC.<\/li><li>Capaz de interferir con se\u00f1ales en las bandas de frecuencia de 2,4 GHz y 5,8 GHz.<\/li><\/ol><p><strong>Precauciones:<\/strong><\/p><p>Adecuado para prisiones, centros de detenci\u00f3n, centros de rehabilitaci\u00f3n de toxic\u00f3manos, organismos de seguridad, uso militar<\/p>\t\t\t\t\t\t\t\t<\/div>\n\t\t\t\t<\/div>\n\t\t\t\t<\/div>\n\t\t\t\t\t<\/div>\n\t\t\t\t<\/div>\n\t\t\t\t<\/div>","protected":false},"excerpt":{"rendered":"<p>Los inhibidores de drones est\u00e1n dise\u00f1ados espec\u00edficamente para impedir el espionaje, el seguimiento o la fotograf\u00eda no autorizados. Este inhibidor de se\u00f1al de drones se utiliza principalmente con fines civiles y ofrece una soluci\u00f3n eficaz para proteger la privacidad, especialmente en zonas como Estados Unidos, donde est\u00e1 aumentando la actividad ilegal de drones.<\/p>\n<p><strong>Caracter\u00edstica:<\/strong><\/p>\n<p>1. Equipada con un eficaz sistema de refrigeraci\u00f3n para garantizar largas horas de trabajo sin sobrecalentamiento.<br \/>\n2. Hay disponible un cable de carga opcional de 3 metros de longitud para facilitar su uso en veh\u00edculos de 12 V CC.<br \/>\n3. Capaz de interferir con se\u00f1ales en las bandas de frecuencia de 2,4 GHz y 5,8 GHz.<\/p>","protected":false},"featured_media":1664,"comment_status":"open","ping_status":"closed","template":"","meta":{"site-sidebar-layout":"no-sidebar","site-content-layout":"page-builder","ast-site-content-layout":"normal-width-container","site-content-style":"default","site-sidebar-style":"default","ast-global-header-display":"","ast-banner-title-visibility":"","ast-main-header-display":"","ast-hfb-above-header-display":"","ast-hfb-below-header-display":"","ast-hfb-mobile-header-display":"","site-post-title":"disabled","ast-breadcrumbs-content":"","ast-featured-img":"disabled","footer-sml-layout":"","theme-transparent-header-meta":"default","adv-header-id-meta":"","stick-header-meta":"default","header-above-stick-meta":"","header-main-stick-meta":"","header-below-stick-meta":"","astra-migrate-meta-layouts":"set","ast-page-background-enabled":"default","ast-page-background-meta":{"desktop":{"background-color":"var(--ast-global-color-4)","background-image":"","background-repeat":"repeat","background-position":"center center","background-size":"auto","background-attachment":"scroll","background-type":"","background-media":"","overlay-type":"","overlay-color":"","overlay-gradient":""},"tablet":{"background-color":"","background-image":"","background-repeat":"repeat","background-position":"center center","background-size":"auto","background-attachment":"scroll","background-type":"","background-media":"","overlay-type":"","overlay-color":"","overlay-gradient":""},"mobile":{"background-color":"","background-image":"","background-repeat":"repeat","background-position":"center center","background-size":"auto","background-attachment":"scroll","background-type":"","background-media":"","overlay-type":"","overlay-color":"","overlay-gradient":""}},"ast-content-background-meta":{"desktop":{"background-color":"var(--ast-global-color-5)","background-image":"","background-repeat":"repeat","background-position":"center center","background-size":"auto","background-attachment":"scroll","background-type":"","background-media":"","overlay-type":"","overlay-color":"","overlay-gradient":""},"tablet":{"background-color":"var(--ast-global-color-5)","background-image":"","background-repeat":"repeat","background-position":"center center","background-size":"auto","background-attachment":"scroll","background-type":"","background-media":"","overlay-type":"","overlay-color":"","overlay-gradient":""},"mobile":{"background-color":"var(--ast-global-color-5)","background-image":"","background-repeat":"repeat","background-position":"center center","background-size":"auto","background-attachment":"scroll","background-type":"","background-media":"","overlay-type":"","overlay-color":"","overlay-gradient":""}}},"product_brand":[],"product_cat":[15,52,40,39,44,43,46,71,97,98,37,36],"product_tag":[468,345,353,355,356,496,448,360,346,567,534,470,452,472,473,535,502,536,537,503,504,424,368,505,493,465,540,508,476,373,510,434,512,466,563,479,375,378,485,516,560,549,487,551,552,441,463,519,562,561,387,388,525,445,495,443,558,349,398,408,409],"class_list":{"0":"post-2091","1":"product","2":"type-product","3":"status-publish","4":"has-post-thumbnail","6":"product_cat-signal-blocker","7":"product_cat-anti-tracking-signal-jammer","8":"product_cat-bluetooth-signal-blocker","9":"product_cat-bluetooth-jammer","10":"product_cat-drone-signal-blocker","11":"product_cat-drone-jammer","12":"product_cat-high-power-signal-jammers","13":"product_cat-more-than-1000dollars-jammers","14":"product_cat-wifi-2-4g-2400-2500mhz-jammer","15":"product_cat-wifi-5g-5100-5680mhz-or5720-5850mhz-jammer","16":"product_cat-wifi-signal-blocker","17":"product_cat-wifi-jammer","18":"product_tag-2-4-ghz-jammer","19":"product_tag-2-4ghz-wifi-jammer","20":"product_tag-5-ghz-wifi-jammer","21":"product_tag-5ghz-wifi-jammer","22":"product_tag-5ghz-wifi-jammer-diy","23":"product_tag-all-frequency-jammer","24":"product_tag-anti-drone-jammer","25":"product_tag-arduino-wifi-jammer","26":"product_tag-best-wifi-jammer","27":"product_tag-block-signal-jammer","28":"product_tag-define-jammer","29":"product_tag-device-jammer","30":"product_tag-diy-drone-jammer","31":"product_tag-diy-signal-jammer","32":"product_tag-door-jammer-hhhhhh","33":"product_tag-door-jammer-portable","34":"product_tag-drone-frequency-jammer","35":"product_tag-drone-jammer-aaaaaa","36":"product_tag-drone-jammer-app","37":"product_tag-drone-jammer-for-sale","38":"product_tag-drone-radio-jammer","39":"product_tag-drone-signal-jammer","40":"product_tag-drone-wifi-jammer","41":"product_tag-electronic-device-jammer","42":"product_tag-how-do-jammer-work","43":"product_tag-how-do-signal-jammer-work","44":"product_tag-how-does-jammer-work","45":"product_tag-how-does-signal-jammer-work","46":"product_tag-how-to-make-signal-jammer","47":"product_tag-how-wifi-jammer-works","48":"product_tag-jammer-bluetooth","49":"product_tag-jammer-device","50":"product_tag-jammer-drone","51":"product_tag-jammer-means","52":"product_tag-jammer-restaurant","53":"product_tag-jammer-signal-blocker","54":"product_tag-long-range-wifi-jammer","55":"product_tag-mini-portable-wifi-signal-jammer","56":"product_tag-radio-signal-jammer","57":"product_tag-rf-frequency-jammer","58":"product_tag-rf-jammer","59":"product_tag-rf-jammer-for-sale","60":"product_tag-rf-signal-jammer","61":"product_tag-signal-blocker-jammer","62":"product_tag-signal-jammer-blocker","63":"product_tag-signal-jammer-cost","64":"product_tag-signal-jammer-device","65":"product_tag-signal-jammer-diy","66":"product_tag-signal-jammer-for-cameras","67":"product_tag-signal-jammer-for-sale","68":"product_tag-signal-jammer-for-wifi","69":"product_tag-simple-wifi-jammer-circuit","70":"product_tag-the-jammer","71":"product_tag-wave-jammer","72":"product_tag-what-are-jammer","73":"product_tag-what-is-a-jammer","74":"product_tag-whats-a-jammer","75":"product_tag-wifi-blocker-jammer","76":"product_tag-wifi-jammer-5ghz","77":"product_tag-wifi-jammer-for-iphone","78":"product_tag-wifi-jammer-kit","79":"desktop-align-left","80":"tablet-align-left","81":"mobile-align-left","82":"ast-product-gallery-layout-horizontal-slider","83":"ast-product-single-variable","84":"ast-product-tabs-layout-horizontal","86":"first","87":"instock","88":"sale","89":"shipping-taxable","90":"purchasable","91":"product-type-variable"},"yoast_head":"<!-- This site is optimized with the Yoast SEO plugin v23.9 - https:\/\/yoast.com\/wordpress\/plugins\/seo\/ -->\n<title>Small Drone Signal Jammer 2.4GHz 5.8GHz Aerial Spy UAV Interceptor Interference radius up to 100 meters - JAMMERSIGNAL<\/title>\n<meta name=\"description\" content=\"This powerful drone jammer can interfere with signals in the 2.4GHz and 5.8GHz frequency bands. It can be equipped with an optional 3-meter long car charging cable for easy use on DC12V vehicles.\" \/>\n<meta name=\"robots\" content=\"index, follow, max-snippet:-1, max-image-preview:large, max-video-preview:-1\" \/>\n<link rel=\"canonical\" href=\"https:\/\/www.jammersignal.com\/es\/producto\/small-2-4ghz-5-8ghz-drone-jammer\/\" \/>\n<meta property=\"og:locale\" content=\"es_ES\" \/>\n<meta property=\"og:type\" content=\"article\" \/>\n<meta property=\"og:title\" content=\"Small Drone Signal Jammer 2.4GHz 5.8GHz Aerial Spy UAV Interceptor Interference radius up to 100 meters - JAMMERSIGNAL\" \/>\n<meta property=\"og:description\" content=\"This powerful drone jammer can interfere with signals in the 2.4GHz and 5.8GHz frequency bands. It can be equipped with an optional 3-meter long car charging cable for easy use on DC12V vehicles.\" \/>\n<meta property=\"og:url\" content=\"https:\/\/www.jammersignal.com\/es\/producto\/small-2-4ghz-5-8ghz-drone-jammer\/\" \/>\n<meta property=\"og:site_name\" content=\"JAMMERSIGNAL\" \/>\n<meta property=\"article:modified_time\" content=\"2024-12-19T08:15:52+00:00\" \/>\n<meta property=\"og:image\" content=\"https:\/\/www.jammersignal.com\/wp-content\/uploads\/2024\/05\/small-aerial-jammersignal-drone-5.8ghz-jammers.jpg\" \/>\n\t<meta property=\"og:image:width\" content=\"425\" \/>\n\t<meta property=\"og:image:height\" content=\"425\" \/>\n\t<meta property=\"og:image:type\" content=\"image\/jpeg\" \/>\n<meta name=\"twitter:card\" content=\"summary_large_image\" \/>\n<meta name=\"twitter:label1\" content=\"Tiempo de lectura\" \/>\n\t<meta name=\"twitter:data1\" content=\"1 minuto\" \/>\n<script type=\"application\/ld+json\" class=\"yoast-schema-graph\">{\"@context\":\"https:\/\/schema.org\",\"@graph\":[{\"@type\":\"WebPage\",\"@id\":\"https:\/\/www.jammersignal.com\/product\/small-2-4ghz-5-8ghz-drone-jammer\/\",\"url\":\"https:\/\/www.jammersignal.com\/product\/small-2-4ghz-5-8ghz-drone-jammer\/\",\"name\":\"Small Drone Signal Jammer 2.4GHz 5.8GHz Aerial Spy UAV Interceptor Interference radius up to 100 meters - JAMMERSIGNAL\",\"isPartOf\":{\"@id\":\"https:\/\/www.jammersignal.com\/#website\"},\"primaryImageOfPage\":{\"@id\":\"https:\/\/www.jammersignal.com\/product\/small-2-4ghz-5-8ghz-drone-jammer\/#primaryimage\"},\"image\":{\"@id\":\"https:\/\/www.jammersignal.com\/product\/small-2-4ghz-5-8ghz-drone-jammer\/#primaryimage\"},\"thumbnailUrl\":\"https:\/\/www.jammersignal.com\/wp-content\/uploads\/2024\/05\/small-aerial-jammersignal-drone-5.8ghz-jammers.jpg\",\"datePublished\":\"2024-05-20T00:50:23+00:00\",\"dateModified\":\"2024-12-19T08:15:52+00:00\",\"description\":\"This powerful drone jammer can interfere with signals in the 2.4GHz and 5.8GHz frequency bands. It can be equipped with an optional 3-meter long car charging cable for easy use on DC12V vehicles.\",\"breadcrumb\":{\"@id\":\"https:\/\/www.jammersignal.com\/product\/small-2-4ghz-5-8ghz-drone-jammer\/#breadcrumb\"},\"inLanguage\":\"es\",\"potentialAction\":[{\"@type\":\"ReadAction\",\"target\":[\"https:\/\/www.jammersignal.com\/product\/small-2-4ghz-5-8ghz-drone-jammer\/\"]}]},{\"@type\":\"ImageObject\",\"inLanguage\":\"es\",\"@id\":\"https:\/\/www.jammersignal.com\/product\/small-2-4ghz-5-8ghz-drone-jammer\/#primaryimage\",\"url\":\"https:\/\/www.jammersignal.com\/wp-content\/uploads\/2024\/05\/small-aerial-jammersignal-drone-5.8ghz-jammers.jpg\",\"contentUrl\":\"https:\/\/www.jammersignal.com\/wp-content\/uploads\/2024\/05\/small-aerial-jammersignal-drone-5.8ghz-jammers.jpg\",\"width\":425,\"height\":425,\"caption\":\"small aerial jammersignal drone 5.8ghz jammers\"},{\"@type\":\"BreadcrumbList\",\"@id\":\"https:\/\/www.jammersignal.com\/product\/small-2-4ghz-5-8ghz-drone-jammer\/#breadcrumb\",\"itemListElement\":[{\"@type\":\"ListItem\",\"position\":1,\"name\":\"Home\",\"item\":\"https:\/\/www.jammersignal.com\/\"},{\"@type\":\"ListItem\",\"position\":2,\"name\":\"Shop\",\"item\":\"https:\/\/www.jammersignal.com\/shop\/\"},{\"@type\":\"ListItem\",\"position\":3,\"name\":\"Signal Blocker\",\"item\":\"https:\/\/www.jammersignal.com\/product-category\/signal-blocker\/\"},{\"@type\":\"ListItem\",\"position\":4,\"name\":\"Small Aerial 2.4GHz 5.8GHz Drone signal Jammer\"}]},{\"@type\":\"WebSite\",\"@id\":\"https:\/\/www.jammersignal.com\/#website\",\"url\":\"https:\/\/www.jammersignal.com\/\",\"name\":\"JAMMERSIGNAL\",\"description\":\"\",\"publisher\":{\"@id\":\"https:\/\/www.jammersignal.com\/#organization\"},\"potentialAction\":[{\"@type\":\"SearchAction\",\"target\":{\"@type\":\"EntryPoint\",\"urlTemplate\":\"https:\/\/www.jammersignal.com\/?s={search_term_string}\"},\"query-input\":{\"@type\":\"PropertyValueSpecification\",\"valueRequired\":true,\"valueName\":\"search_term_string\"}}],\"inLanguage\":\"es\"},{\"@type\":\"Organization\",\"@id\":\"https:\/\/www.jammersignal.com\/#organization\",\"name\":\"JAMMERSIGNAL\",\"url\":\"https:\/\/www.jammersignal.com\/\",\"logo\":{\"@type\":\"ImageObject\",\"inLanguage\":\"es\",\"@id\":\"https:\/\/www.jammersignal.com\/#\/schema\/logo\/image\/\",\"url\":\"https:\/\/www.jammersignal.com\/wp-content\/uploads\/2024\/05\/cropped-jammersignal-logo-4.png\",\"contentUrl\":\"https:\/\/www.jammersignal.com\/wp-content\/uploads\/2024\/05\/cropped-jammersignal-logo-4.png\",\"width\":104,\"height\":34,\"caption\":\"JAMMERSIGNAL\"},\"image\":{\"@id\":\"https:\/\/www.jammersignal.com\/#\/schema\/logo\/image\/\"}}]}<\/script>\n<!-- \/ Yoast SEO plugin. -->","yoast_head_json":{"title":"Peque\u00f1o drone Jammer de se\u00f1al 2.4GHz 5.8GHz esp\u00eda a\u00e9reo UAV interceptor Radio de interferencia de hasta 100 metros - JAMMERSIGNAL","description":"Este potente inhibidor de drones puede interferir se\u00f1ales en las bandas de frecuencia de 2,4 GHz y 5,8 GHz. Se puede equipar con un cable de carga de coche opcional de 3 metros de longitud para facilitar su uso en veh\u00edculos DC12V.","robots":{"index":"index","follow":"follow","max-snippet":"max-snippet:-1","max-image-preview":"max-image-preview:large","max-video-preview":"max-video-preview:-1"},"canonical":"https:\/\/www.jammersignal.com\/es\/producto\/small-2-4ghz-5-8ghz-drone-jammer\/","og_locale":"es_ES","og_type":"article","og_title":"Small Drone Signal Jammer 2.4GHz 5.8GHz Aerial Spy UAV Interceptor Interference radius up to 100 meters - JAMMERSIGNAL","og_description":"This powerful drone jammer can interfere with signals in the 2.4GHz and 5.8GHz frequency bands. It can be equipped with an optional 3-meter long car charging cable for easy use on DC12V vehicles.","og_url":"https:\/\/www.jammersignal.com\/es\/producto\/small-2-4ghz-5-8ghz-drone-jammer\/","og_site_name":"JAMMERSIGNAL","article_modified_time":"2024-12-19T08:15:52+00:00","og_image":[{"width":425,"height":425,"url":"https:\/\/www.jammersignal.com\/wp-content\/uploads\/2024\/05\/small-aerial-jammersignal-drone-5.8ghz-jammers.jpg","type":"image\/jpeg"}],"twitter_card":"summary_large_image","twitter_misc":{"Tiempo de lectura":"1 minuto"},"schema":{"@context":"https:\/\/schema.org","@graph":[{"@type":"WebPage","@id":"https:\/\/www.jammersignal.com\/product\/small-2-4ghz-5-8ghz-drone-jammer\/","url":"https:\/\/www.jammersignal.com\/product\/small-2-4ghz-5-8ghz-drone-jammer\/","name":"Peque\u00f1o drone Jammer de se\u00f1al 2.4GHz 5.8GHz esp\u00eda a\u00e9reo UAV interceptor Radio de interferencia de hasta 100 metros - JAMMERSIGNAL","isPartOf":{"@id":"https:\/\/www.jammersignal.com\/#website"},"primaryImageOfPage":{"@id":"https:\/\/www.jammersignal.com\/product\/small-2-4ghz-5-8ghz-drone-jammer\/#primaryimage"},"image":{"@id":"https:\/\/www.jammersignal.com\/product\/small-2-4ghz-5-8ghz-drone-jammer\/#primaryimage"},"thumbnailUrl":"https:\/\/www.jammersignal.com\/wp-content\/uploads\/2024\/05\/small-aerial-jammersignal-drone-5.8ghz-jammers.jpg","datePublished":"2024-05-20T00:50:23+00:00","dateModified":"2024-12-19T08:15:52+00:00","description":"Este potente inhibidor de drones puede interferir se\u00f1ales en las bandas de frecuencia de 2,4 GHz y 5,8 GHz. Se puede equipar con un cable de carga de coche opcional de 3 metros de longitud para facilitar su uso en veh\u00edculos DC12V.","breadcrumb":{"@id":"https:\/\/www.jammersignal.com\/product\/small-2-4ghz-5-8ghz-drone-jammer\/#breadcrumb"},"inLanguage":"es","potentialAction":[{"@type":"ReadAction","target":["https:\/\/www.jammersignal.com\/product\/small-2-4ghz-5-8ghz-drone-jammer\/"]}]},{"@type":"ImageObject","inLanguage":"es","@id":"https:\/\/www.jammersignal.com\/product\/small-2-4ghz-5-8ghz-drone-jammer\/#primaryimage","url":"https:\/\/www.jammersignal.com\/wp-content\/uploads\/2024\/05\/small-aerial-jammersignal-drone-5.8ghz-jammers.jpg","contentUrl":"https:\/\/www.jammersignal.com\/wp-content\/uploads\/2024\/05\/small-aerial-jammersignal-drone-5.8ghz-jammers.jpg","width":425,"height":425,"caption":"small aerial jammersignal drone 5.8ghz jammers"},{"@type":"BreadcrumbList","@id":"https:\/\/www.jammersignal.com\/product\/small-2-4ghz-5-8ghz-drone-jammer\/#breadcrumb","itemListElement":[{"@type":"ListItem","position":1,"name":"Home","item":"https:\/\/www.jammersignal.com\/"},{"@type":"ListItem","position":2,"name":"Shop","item":"https:\/\/www.jammersignal.com\/shop\/"},{"@type":"ListItem","position":3,"name":"Signal Blocker","item":"https:\/\/www.jammersignal.com\/product-category\/signal-blocker\/"},{"@type":"ListItem","position":4,"name":"Small Aerial 2.4GHz 5.8GHz Drone signal Jammer"}]},{"@type":"WebSite","@id":"https:\/\/www.jammersignal.com\/#website","url":"https:\/\/www.jammersignal.com\/","name":"JAMMERSIGNAL","description":"","publisher":{"@id":"https:\/\/www.jammersignal.com\/#organization"},"potentialAction":[{"@type":"SearchAction","target":{"@type":"EntryPoint","urlTemplate":"https:\/\/www.jammersignal.com\/?s={search_term_string}"},"query-input":{"@type":"PropertyValueSpecification","valueRequired":true,"valueName":"search_term_string"}}],"inLanguage":"es"},{"@type":"Organization","@id":"https:\/\/www.jammersignal.com\/#organization","name":"JAMMERSIGNAL","url":"https:\/\/www.jammersignal.com\/","logo":{"@type":"ImageObject","inLanguage":"es","@id":"https:\/\/www.jammersignal.com\/#\/schema\/logo\/image\/","url":"https:\/\/www.jammersignal.com\/wp-content\/uploads\/2024\/05\/cropped-jammersignal-logo-4.png","contentUrl":"https:\/\/www.jammersignal.com\/wp-content\/uploads\/2024\/05\/cropped-jammersignal-logo-4.png","width":104,"height":34,"caption":"JAMMERSIGNAL"},"image":{"@id":"https:\/\/www.jammersignal.com\/#\/schema\/logo\/image\/"}}]}},"_links":{"self":[{"href":"https:\/\/www.jammersignal.com\/es\/wp-json\/wp\/v2\/product\/2091","targetHints":{"allow":["GET"]}}],"collection":[{"href":"https:\/\/www.jammersignal.com\/es\/wp-json\/wp\/v2\/product"}],"about":[{"href":"https:\/\/www.jammersignal.com\/es\/wp-json\/wp\/v2\/types\/product"}],"replies":[{"embeddable":true,"href":"https:\/\/www.jammersignal.com\/es\/wp-json\/wp\/v2\/comments?post=2091"}],"version-history":[{"count":4,"href":"https:\/\/www.jammersignal.com\/es\/wp-json\/wp\/v2\/product\/2091\/revisions"}],"predecessor-version":[{"id":2147,"href":"https:\/\/www.jammersignal.com\/es\/wp-json\/wp\/v2\/product\/2091\/revisions\/2147"}],"wp:featuredmedia":[{"embeddable":true,"href":"https:\/\/www.jammersignal.com\/es\/wp-json\/wp\/v2\/media\/1664"}],"wp:attachment":[{"href":"https:\/\/www.jammersignal.com\/es\/wp-json\/wp\/v2\/media?parent=2091"}],"wp:term":[{"taxonomy":"product_brand","embeddable":true,"href":"https:\/\/www.jammersignal.com\/es\/wp-json\/wp\/v2\/product_brand?post=2091"},{"taxonomy":"product_cat","embeddable":true,"href":"https:\/\/www.jammersignal.com\/es\/wp-json\/wp\/v2\/product_cat?post=2091"},{"taxonomy":"product_tag","embeddable":true,"href":"https:\/\/www.jammersignal.com\/es\/wp-json\/wp\/v2\/product_tag?post=2091"}],"curies":[{"name":"wp","href":"https:\/\/api.w.org\/{rel}","templated":true}]}}