{"id":2093,"date":"2024-05-20T00:50:25","date_gmt":"2024-05-20T00:50:25","guid":{"rendered":"https:\/\/www.jammersignal.com\/?post_type=product&#038;p=2093"},"modified":"2024-12-09T06:26:48","modified_gmt":"2024-12-09T06:26:48","slug":"mini-automatic-gps-jammer-in-usb-form","status":"publish","type":"product","link":"https:\/\/www.jammersignal.com\/es\/producto\/mini-automatic-gps-jammer-in-usb-form\/","title":{"rendered":"Mini bloqueador autom\u00e1tico de se\u00f1al GPS en formato USB"},"content":{"rendered":"<div data-elementor-type=\"wp-post\" data-elementor-id=\"2093\" class=\"elementor elementor-2093\">\n\t\t\t\t<div class=\"elementor-element elementor-element-4a8c2a2 e-flex e-con-boxed e-con e-parent\" data-id=\"4a8c2a2\" data-element_type=\"container\" data-e-type=\"container\">\n\t\t\t\t\t<div class=\"e-con-inner\">\n\t\t<div class=\"elementor-element elementor-element-2677d1d e-con-full e-flex e-con e-child\" data-id=\"2677d1d\" data-element_type=\"container\" data-e-type=\"container\">\n\t\t\t\t<div class=\"elementor-element elementor-element-5ee8a99 elementor-widget elementor-widget-text-editor\" data-id=\"5ee8a99\" data-element_type=\"widget\" data-e-type=\"widget\" data-widget_type=\"text-editor.default\">\n\t\t\t\t<div class=\"elementor-widget-container\">\n\t\t\t\t\t\t\t\t\t<h4>Especificaciones t\u00e9cnicas<\/h4><table width=\"344\"><tbody><tr><td width=\"72\"><strong>Nombre del par\u00e1metro<\/strong><\/td><td width=\"272\"><strong>Par\u00e1metros<\/strong><\/td><\/tr><tr><td>Modelo\u00a0<\/td><td>110D-3<\/td><\/tr><tr><td>Frecuencias de interferencia<\/td><td>GPS<\/td><\/tr><tr><td>Radio de interferencia<\/td><td>Hasta 5 metros<\/td><\/tr><tr><td>Alimentaci\u00f3n<\/td><td width=\"272\">Interfaz USB( Bater\u00eda port\u00e1til\u3001Ordenador\u3001<br \/>Cargador de m\u00f3vil\u3001Cargador de coche)<\/td><\/tr><tr><td>Tensi\u00f3n<\/td><td>DC3.7-6V<\/td><\/tr><tr><td>Temperatura de funcionamiento<\/td><td>10\u2103 a 50\u2103<\/td><\/tr><tr><td>Humedad de funcionamiento<\/td><td>5% a 80%<\/td><\/tr><tr><td>Tama\u00f1o del dispositivo<\/td><td>68mm*20mm*10mm<\/td><\/tr><tr><td>Peso del aparato<\/td><td>45g<\/td><\/tr><\/tbody><\/table>\t\t\t\t\t\t\t\t<\/div>\n\t\t\t\t<\/div>\n\t\t\t\t<\/div>\n\t\t<div class=\"elementor-element elementor-element-63abe0f e-con-full e-flex e-con e-child\" data-id=\"63abe0f\" data-element_type=\"container\" data-e-type=\"container\">\n\t\t\t\t<div class=\"elementor-element elementor-element-3d0f9f0 elementor-widget elementor-widget-text-editor\" data-id=\"3d0f9f0\" data-element_type=\"widget\" data-e-type=\"widget\" data-widget_type=\"text-editor.default\">\n\t\t\t\t<div class=\"elementor-widget-container\">\n\t\t\t\t\t\t\t\t\t<h4>Informaci\u00f3n sobre el producto<\/h4><p>Presentamos un inhibidor de se\u00f1al GPS port\u00e1til en forma de dispositivo USB dise\u00f1ado espec\u00edficamente para blindar y bloquear las se\u00f1ales GPS.<\/p><p><strong>Caracter\u00edsticas:<\/strong><\/p><ol><li>Dise\u00f1o de unidad flash USB oculta, extremadamente compacta y f\u00e1cil de transportar.<\/li><li>Proporciona un alcance de interferencia de hasta 5 metros, protegiendo eficazmente su seguridad personal y su privacidad.<\/li><li>C\u00f3modas opciones de alimentaci\u00f3n: Interfaz USB (compatible con bater\u00edas port\u00e1tiles, ordenadores, cargadores de tel\u00e9fonos m\u00f3viles, cargadores de coche) e interfaz de carga Android (compatible con tel\u00e9fonos m\u00f3viles, todos los dispositivos Android, etc.).<\/li><\/ol><p><strong>Precauciones:<\/strong><\/p><p>1.Los inhibidores est\u00e1n personalizados de acuerdo con las bandas de frecuencia de diferentes pa\u00edses, por favor confirme que el pa\u00eds de compra y el pa\u00eds de uso real son coherentes. Por favor, lea la funci\u00f3n jammer antes de comprar.<br \/>2. Si los inhibidores de baja potencia (como inhibidores de mano) para bloquear dispositivo de se\u00f1al de alta potencia (como de alta potencia del router WIFI, Bluetooth equipo de audio, etc), el efecto ser\u00e1 pobre o incluso no puede jammer.<br \/>3.Est\u00e1 prohibido su uso durante la carga.<br \/>4.No utilice inhibidores port\u00e1tiles como inhibidores de sobremesa.<br \/>5.No utilice inhibidores antes de conectar la antena.<\/p>\t\t\t\t\t\t\t\t<\/div>\n\t\t\t\t<\/div>\n\t\t\t\t<\/div>\n\t\t\t\t\t<\/div>\n\t\t\t\t<\/div>\n\t\t\t\t<\/div>","protected":false},"excerpt":{"rendered":"<p>Presentamos un inhibidor de se\u00f1al GPS port\u00e1til en forma de dispositivo USB dise\u00f1ado espec\u00edficamente para blindar y bloquear las se\u00f1ales GPS.<\/p>\n<p><strong>Caracter\u00edsticas:<\/strong><\/p>\n<p>1. Dise\u00f1o de unidad flash USB oculta, extremadamente compacta y f\u00e1cil de transportar.<br \/>\n2. Proporciona un rango de interferencia de hasta 5 metros, protegiendo eficazmente su seguridad personal y su privacidad.<br \/>\n3. C\u00f3modas opciones de alimentaci\u00f3n: Interfaz USB (compatible con bater\u00edas port\u00e1tiles, ordenadores, cargadores de tel\u00e9fonos m\u00f3viles, cargadores de coche) e interfaz de carga Android (compatible con tel\u00e9fonos m\u00f3viles, todos los dispositivos Android, etc.).<\/p>","protected":false},"featured_media":1674,"comment_status":"open","ping_status":"closed","template":"","meta":{"site-sidebar-layout":"no-sidebar","site-content-layout":"page-builder","ast-site-content-layout":"normal-width-container","site-content-style":"default","site-sidebar-style":"default","ast-global-header-display":"","ast-banner-title-visibility":"","ast-main-header-display":"","ast-hfb-above-header-display":"","ast-hfb-below-header-display":"","ast-hfb-mobile-header-display":"","site-post-title":"disabled","ast-breadcrumbs-content":"","ast-featured-img":"disabled","footer-sml-layout":"","ast-disable-related-posts":"","theme-transparent-header-meta":"default","adv-header-id-meta":"","stick-header-meta":"default","header-above-stick-meta":"","header-main-stick-meta":"","header-below-stick-meta":"","astra-migrate-meta-layouts":"set","ast-page-background-enabled":"default","ast-page-background-meta":{"desktop":{"background-color":"var(--ast-global-color-5)","background-image":"","background-repeat":"repeat","background-position":"center center","background-size":"auto","background-attachment":"scroll","background-type":"","background-media":"","overlay-type":"","overlay-color":"","overlay-opacity":"","overlay-gradient":""},"tablet":{"background-color":"","background-image":"","background-repeat":"repeat","background-position":"center center","background-size":"auto","background-attachment":"scroll","background-type":"","background-media":"","overlay-type":"","overlay-color":"","overlay-opacity":"","overlay-gradient":""},"mobile":{"background-color":"","background-image":"","background-repeat":"repeat","background-position":"center center","background-size":"auto","background-attachment":"scroll","background-type":"","background-media":"","overlay-type":"","overlay-color":"","overlay-opacity":"","overlay-gradient":""}},"ast-content-background-meta":{"desktop":{"background-color":"var(--ast-global-color-4)","background-image":"","background-repeat":"repeat","background-position":"center center","background-size":"auto","background-attachment":"scroll","background-type":"","background-media":"","overlay-type":"","overlay-color":"","overlay-opacity":"","overlay-gradient":""},"tablet":{"background-color":"var(--ast-global-color-4)","background-image":"","background-repeat":"repeat","background-position":"center center","background-size":"auto","background-attachment":"scroll","background-type":"","background-media":"","overlay-type":"","overlay-color":"","overlay-opacity":"","overlay-gradient":""},"mobile":{"background-color":"var(--ast-global-color-4)","background-image":"","background-repeat":"repeat","background-position":"center center","background-size":"auto","background-attachment":"scroll","background-type":"","background-media":"","overlay-type":"","overlay-color":"","overlay-opacity":"","overlay-gradient":""}}},"product_brand":[],"product_cat":[15,52,56,63,35,34,96,93,94,95,53,67,54,55,80],"product_tag":[414,213,456,525,442],"class_list":{"0":"post-2093","1":"product","2":"type-product","3":"status-publish","4":"has-post-thumbnail","6":"product_cat-signal-blocker","7":"product_cat-anti-tracking-signal-jammer","8":"product_cat-car-rechargeable-jammer","9":"product_cat-cheap-jammer","10":"product_cat-gps-signal-blocker","11":"product_cat-gps-signal-jammer","12":"product_cat-gps-l1-l2-l3-l4-l5-jammer","13":"product_cat-gps-l1-1570-1580mhz-jammer","14":"product_cat-gps-l2-l5-1170-1280mhz-jammer","15":"product_cat-gps-l3-l4-1370-1390mhz-jammer","16":"product_cat-hidden-signal-jammer","17":"product_cat-less-than-100dollars-jammer","18":"product_cat-mini-jammer-small-blocker","19":"product_cat-outdoor-jammer","20":"product_cat-within-10meters","21":"product_tag-buy-gps-jammer-cigarette-lighter","22":"product_tag-gps-cell-jammer","23":"product_tag-hidden-camera-jammer","24":"product_tag-the-jammer","25":"product_tag-vehicle-gps-jammer","26":"desktop-align-left","27":"tablet-align-left","28":"mobile-align-left","29":"ast-product-gallery-layout-horizontal-slider","30":"ast-product-single-variable","31":"ast-product-tabs-layout-horizontal","33":"first","34":"instock","35":"sale","36":"shipping-taxable","37":"purchasable","38":"product-type-variable"},"yoast_head":"<!-- This site is optimized with the Yoast SEO plugin v23.9 - https:\/\/yoast.com\/wordpress\/plugins\/seo\/ -->\n<title>Mini Automatic GPS Jammer in USB Form, Hidden U-disk design, very small easy to carry - JAMMERSIGNAL<\/title>\n<meta name=\"description\" content=\"This is a portable GPS signal jammer in the form of a USB device, specially designed to shield and block GPS signals, providing an interference range of up to 5 meters, effectively protecting your personal safety and privacy.\" \/>\n<meta name=\"robots\" content=\"index, follow, max-snippet:-1, max-image-preview:large, max-video-preview:-1\" \/>\n<link rel=\"canonical\" href=\"https:\/\/www.jammersignal.com\/es\/producto\/mini-automatic-gps-jammer-in-usb-form\/\" \/>\n<meta property=\"og:locale\" content=\"es_ES\" \/>\n<meta property=\"og:type\" content=\"article\" \/>\n<meta property=\"og:title\" content=\"Mini Automatic GPS Jammer in USB Form, Hidden U-disk design, very small easy to carry - JAMMERSIGNAL\" \/>\n<meta property=\"og:description\" content=\"This is a portable GPS signal jammer in the form of a USB device, specially designed to shield and block GPS signals, providing an interference range of up to 5 meters, effectively protecting your personal safety and privacy.\" \/>\n<meta property=\"og:url\" content=\"https:\/\/www.jammersignal.com\/es\/producto\/mini-automatic-gps-jammer-in-usb-form\/\" \/>\n<meta property=\"og:site_name\" content=\"JAMMERSIGNAL\" \/>\n<meta property=\"article:modified_time\" content=\"2024-12-09T06:26:48+00:00\" \/>\n<meta property=\"og:image\" content=\"https:\/\/www.jammersignal.com\/wp-content\/uploads\/2024\/05\/mini-automatic-jammersignal-small-signal-jammers-5.jpg\" \/>\n\t<meta property=\"og:image:width\" content=\"645\" \/>\n\t<meta property=\"og:image:height\" content=\"591\" \/>\n\t<meta property=\"og:image:type\" content=\"image\/jpeg\" \/>\n<meta name=\"twitter:card\" content=\"summary_large_image\" \/>\n<meta name=\"twitter:label1\" content=\"Tiempo de lectura\" \/>\n\t<meta name=\"twitter:data1\" content=\"1 minuto\" \/>\n<script type=\"application\/ld+json\" class=\"yoast-schema-graph\">{\"@context\":\"https:\/\/schema.org\",\"@graph\":[{\"@type\":\"WebPage\",\"@id\":\"https:\/\/www.jammersignal.com\/product\/mini-automatic-gps-jammer-in-usb-form\/\",\"url\":\"https:\/\/www.jammersignal.com\/product\/mini-automatic-gps-jammer-in-usb-form\/\",\"name\":\"Mini Automatic GPS Jammer in USB Form, Hidden U-disk design, very small easy to carry - JAMMERSIGNAL\",\"isPartOf\":{\"@id\":\"https:\/\/www.jammersignal.com\/#website\"},\"primaryImageOfPage\":{\"@id\":\"https:\/\/www.jammersignal.com\/product\/mini-automatic-gps-jammer-in-usb-form\/#primaryimage\"},\"image\":{\"@id\":\"https:\/\/www.jammersignal.com\/product\/mini-automatic-gps-jammer-in-usb-form\/#primaryimage\"},\"thumbnailUrl\":\"https:\/\/www.jammersignal.com\/wp-content\/uploads\/2024\/05\/mini-automatic-jammersignal-small-signal-jammers-5.jpg\",\"datePublished\":\"2024-05-20T00:50:25+00:00\",\"dateModified\":\"2024-12-09T06:26:48+00:00\",\"description\":\"This is a portable GPS signal jammer in the form of a USB device, specially designed to shield and block GPS signals, providing an interference range of up to 5 meters, effectively protecting your personal safety and privacy.\",\"breadcrumb\":{\"@id\":\"https:\/\/www.jammersignal.com\/product\/mini-automatic-gps-jammer-in-usb-form\/#breadcrumb\"},\"inLanguage\":\"es\",\"potentialAction\":[{\"@type\":\"ReadAction\",\"target\":[\"https:\/\/www.jammersignal.com\/product\/mini-automatic-gps-jammer-in-usb-form\/\"]}]},{\"@type\":\"ImageObject\",\"inLanguage\":\"es\",\"@id\":\"https:\/\/www.jammersignal.com\/product\/mini-automatic-gps-jammer-in-usb-form\/#primaryimage\",\"url\":\"https:\/\/www.jammersignal.com\/wp-content\/uploads\/2024\/05\/mini-automatic-jammersignal-small-signal-jammers-5.jpg\",\"contentUrl\":\"https:\/\/www.jammersignal.com\/wp-content\/uploads\/2024\/05\/mini-automatic-jammersignal-small-signal-jammers-5.jpg\",\"width\":645,\"height\":591,\"caption\":\"mini automatic jammersignal small signal jammers (5)\"},{\"@type\":\"BreadcrumbList\",\"@id\":\"https:\/\/www.jammersignal.com\/product\/mini-automatic-gps-jammer-in-usb-form\/#breadcrumb\",\"itemListElement\":[{\"@type\":\"ListItem\",\"position\":1,\"name\":\"Home\",\"item\":\"https:\/\/www.jammersignal.com\/\"},{\"@type\":\"ListItem\",\"position\":2,\"name\":\"Shop\",\"item\":\"https:\/\/www.jammersignal.com\/shop\/\"},{\"@type\":\"ListItem\",\"position\":3,\"name\":\"Signal Blocker\",\"item\":\"https:\/\/www.jammersignal.com\/product-category\/signal-blocker\/\"},{\"@type\":\"ListItem\",\"position\":4,\"name\":\"Mini Automatic GPS Signal Jammer in USB Form\"}]},{\"@type\":\"WebSite\",\"@id\":\"https:\/\/www.jammersignal.com\/#website\",\"url\":\"https:\/\/www.jammersignal.com\/\",\"name\":\"JAMMERSIGNAL\",\"description\":\"\",\"publisher\":{\"@id\":\"https:\/\/www.jammersignal.com\/#organization\"},\"potentialAction\":[{\"@type\":\"SearchAction\",\"target\":{\"@type\":\"EntryPoint\",\"urlTemplate\":\"https:\/\/www.jammersignal.com\/?s={search_term_string}\"},\"query-input\":{\"@type\":\"PropertyValueSpecification\",\"valueRequired\":true,\"valueName\":\"search_term_string\"}}],\"inLanguage\":\"es\"},{\"@type\":\"Organization\",\"@id\":\"https:\/\/www.jammersignal.com\/#organization\",\"name\":\"JAMMERSIGNAL\",\"url\":\"https:\/\/www.jammersignal.com\/\",\"logo\":{\"@type\":\"ImageObject\",\"inLanguage\":\"es\",\"@id\":\"https:\/\/www.jammersignal.com\/#\/schema\/logo\/image\/\",\"url\":\"https:\/\/www.jammersignal.com\/wp-content\/uploads\/2024\/05\/cropped-jammersignal-logo-4.png\",\"contentUrl\":\"https:\/\/www.jammersignal.com\/wp-content\/uploads\/2024\/05\/cropped-jammersignal-logo-4.png\",\"width\":104,\"height\":34,\"caption\":\"JAMMERSIGNAL\"},\"image\":{\"@id\":\"https:\/\/www.jammersignal.com\/#\/schema\/logo\/image\/\"}}]}<\/script>\n<!-- \/ Yoast SEO plugin. -->","yoast_head_json":{"title":"Mini GPS Jammer autom\u00e1tico en forma de USB, dise\u00f1o oculto U-disk, muy peque\u00f1o f\u00e1cil de llevar - JAMMERSIGNAL","description":"Se trata de un bloqueador de se\u00f1al GPS port\u00e1til en forma de dispositivo USB, especialmente dise\u00f1ado para blindar y bloquear las se\u00f1ales GPS, proporcionando un rango de interferencia de hasta 5 metros, protegiendo eficazmente su seguridad personal y su privacidad.","robots":{"index":"index","follow":"follow","max-snippet":"max-snippet:-1","max-image-preview":"max-image-preview:large","max-video-preview":"max-video-preview:-1"},"canonical":"https:\/\/www.jammersignal.com\/es\/producto\/mini-automatic-gps-jammer-in-usb-form\/","og_locale":"es_ES","og_type":"article","og_title":"Mini Automatic GPS Jammer in USB Form, Hidden U-disk design, very small easy to carry - JAMMERSIGNAL","og_description":"This is a portable GPS signal jammer in the form of a USB device, specially designed to shield and block GPS signals, providing an interference range of up to 5 meters, effectively protecting your personal safety and privacy.","og_url":"https:\/\/www.jammersignal.com\/es\/producto\/mini-automatic-gps-jammer-in-usb-form\/","og_site_name":"JAMMERSIGNAL","article_modified_time":"2024-12-09T06:26:48+00:00","og_image":[{"width":645,"height":591,"url":"https:\/\/www.jammersignal.com\/wp-content\/uploads\/2024\/05\/mini-automatic-jammersignal-small-signal-jammers-5.jpg","type":"image\/jpeg"}],"twitter_card":"summary_large_image","twitter_misc":{"Tiempo de lectura":"1 minuto"},"schema":{"@context":"https:\/\/schema.org","@graph":[{"@type":"WebPage","@id":"https:\/\/www.jammersignal.com\/product\/mini-automatic-gps-jammer-in-usb-form\/","url":"https:\/\/www.jammersignal.com\/product\/mini-automatic-gps-jammer-in-usb-form\/","name":"Mini GPS Jammer autom\u00e1tico en forma de USB, dise\u00f1o oculto U-disk, muy peque\u00f1o f\u00e1cil de llevar - JAMMERSIGNAL","isPartOf":{"@id":"https:\/\/www.jammersignal.com\/#website"},"primaryImageOfPage":{"@id":"https:\/\/www.jammersignal.com\/product\/mini-automatic-gps-jammer-in-usb-form\/#primaryimage"},"image":{"@id":"https:\/\/www.jammersignal.com\/product\/mini-automatic-gps-jammer-in-usb-form\/#primaryimage"},"thumbnailUrl":"https:\/\/www.jammersignal.com\/wp-content\/uploads\/2024\/05\/mini-automatic-jammersignal-small-signal-jammers-5.jpg","datePublished":"2024-05-20T00:50:25+00:00","dateModified":"2024-12-09T06:26:48+00:00","description":"Se trata de un bloqueador de se\u00f1al GPS port\u00e1til en forma de dispositivo USB, especialmente dise\u00f1ado para blindar y bloquear las se\u00f1ales GPS, proporcionando un rango de interferencia de hasta 5 metros, protegiendo eficazmente su seguridad personal y su privacidad.","breadcrumb":{"@id":"https:\/\/www.jammersignal.com\/product\/mini-automatic-gps-jammer-in-usb-form\/#breadcrumb"},"inLanguage":"es","potentialAction":[{"@type":"ReadAction","target":["https:\/\/www.jammersignal.com\/product\/mini-automatic-gps-jammer-in-usb-form\/"]}]},{"@type":"ImageObject","inLanguage":"es","@id":"https:\/\/www.jammersignal.com\/product\/mini-automatic-gps-jammer-in-usb-form\/#primaryimage","url":"https:\/\/www.jammersignal.com\/wp-content\/uploads\/2024\/05\/mini-automatic-jammersignal-small-signal-jammers-5.jpg","contentUrl":"https:\/\/www.jammersignal.com\/wp-content\/uploads\/2024\/05\/mini-automatic-jammersignal-small-signal-jammers-5.jpg","width":645,"height":591,"caption":"mini automatic jammersignal small signal jammers (5)"},{"@type":"BreadcrumbList","@id":"https:\/\/www.jammersignal.com\/product\/mini-automatic-gps-jammer-in-usb-form\/#breadcrumb","itemListElement":[{"@type":"ListItem","position":1,"name":"Home","item":"https:\/\/www.jammersignal.com\/"},{"@type":"ListItem","position":2,"name":"Shop","item":"https:\/\/www.jammersignal.com\/shop\/"},{"@type":"ListItem","position":3,"name":"Signal Blocker","item":"https:\/\/www.jammersignal.com\/product-category\/signal-blocker\/"},{"@type":"ListItem","position":4,"name":"Mini Automatic GPS Signal Jammer in USB Form"}]},{"@type":"WebSite","@id":"https:\/\/www.jammersignal.com\/#website","url":"https:\/\/www.jammersignal.com\/","name":"JAMMERSIGNAL","description":"","publisher":{"@id":"https:\/\/www.jammersignal.com\/#organization"},"potentialAction":[{"@type":"SearchAction","target":{"@type":"EntryPoint","urlTemplate":"https:\/\/www.jammersignal.com\/?s={search_term_string}"},"query-input":{"@type":"PropertyValueSpecification","valueRequired":true,"valueName":"search_term_string"}}],"inLanguage":"es"},{"@type":"Organization","@id":"https:\/\/www.jammersignal.com\/#organization","name":"JAMMERSIGNAL","url":"https:\/\/www.jammersignal.com\/","logo":{"@type":"ImageObject","inLanguage":"es","@id":"https:\/\/www.jammersignal.com\/#\/schema\/logo\/image\/","url":"https:\/\/www.jammersignal.com\/wp-content\/uploads\/2024\/05\/cropped-jammersignal-logo-4.png","contentUrl":"https:\/\/www.jammersignal.com\/wp-content\/uploads\/2024\/05\/cropped-jammersignal-logo-4.png","width":104,"height":34,"caption":"JAMMERSIGNAL"},"image":{"@id":"https:\/\/www.jammersignal.com\/#\/schema\/logo\/image\/"}}]}},"_links":{"self":[{"href":"https:\/\/www.jammersignal.com\/es\/wp-json\/wp\/v2\/product\/2093","targetHints":{"allow":["GET"]}}],"collection":[{"href":"https:\/\/www.jammersignal.com\/es\/wp-json\/wp\/v2\/product"}],"about":[{"href":"https:\/\/www.jammersignal.com\/es\/wp-json\/wp\/v2\/types\/product"}],"replies":[{"embeddable":true,"href":"https:\/\/www.jammersignal.com\/es\/wp-json\/wp\/v2\/comments?post=2093"}],"version-history":[{"count":4,"href":"https:\/\/www.jammersignal.com\/es\/wp-json\/wp\/v2\/product\/2093\/revisions"}],"predecessor-version":[{"id":2157,"href":"https:\/\/www.jammersignal.com\/es\/wp-json\/wp\/v2\/product\/2093\/revisions\/2157"}],"wp:featuredmedia":[{"embeddable":true,"href":"https:\/\/www.jammersignal.com\/es\/wp-json\/wp\/v2\/media\/1674"}],"wp:attachment":[{"href":"https:\/\/www.jammersignal.com\/es\/wp-json\/wp\/v2\/media?parent=2093"}],"wp:term":[{"taxonomy":"product_brand","embeddable":true,"href":"https:\/\/www.jammersignal.com\/es\/wp-json\/wp\/v2\/product_brand?post=2093"},{"taxonomy":"product_cat","embeddable":true,"href":"https:\/\/www.jammersignal.com\/es\/wp-json\/wp\/v2\/product_cat?post=2093"},{"taxonomy":"product_tag","embeddable":true,"href":"https:\/\/www.jammersignal.com\/es\/wp-json\/wp\/v2\/product_tag?post=2093"}],"curies":[{"name":"wp","href":"https:\/\/api.w.org\/{rel}","templated":true}]}}