{"id":2096,"date":"2024-05-31T00:58:48","date_gmt":"2024-05-31T00:58:48","guid":{"rendered":"https:\/\/www.jammersignal.com\/?post_type=product&#038;p=2096"},"modified":"2025-05-18T21:18:45","modified_gmt":"2025-05-18T21:18:45","slug":"8antenna-signal-jammer-effectively-interferes","status":"publish","type":"product","link":"https:\/\/www.jammersignal.com\/es\/producto\/8antenna-signal-jammer-effectively-interferes\/","title":{"rendered":"8 Antenna Signal Jammer Interfiere Efectivamente con 2G 3G 4G y LOJACK GPS WIFI Se\u00f1ales"},"content":{"rendered":"<div data-elementor-type=\"wp-post\" data-elementor-id=\"2096\" class=\"elementor elementor-2096\">\n\t\t\t\t<div class=\"elementor-element elementor-element-4a8c2a2 e-flex e-con-boxed e-con e-parent\" data-id=\"4a8c2a2\" data-element_type=\"container\">\n\t\t\t\t\t<div class=\"e-con-inner\">\n\t\t<div class=\"elementor-element elementor-element-2677d1d e-con-full e-flex e-con e-child\" data-id=\"2677d1d\" data-element_type=\"container\">\n\t\t\t\t<div class=\"elementor-element elementor-element-5ee8a99 elementor-widget elementor-widget-text-editor\" data-id=\"5ee8a99\" data-element_type=\"widget\" data-widget_type=\"text-editor.default\">\n\t\t\t\t<div class=\"elementor-widget-container\">\n\t\t\t\t\t\t\t\t\t<h4>Especificaciones t\u00e9cnicas<\/h4><table width=\"340\"><tbody><tr><td width=\"72\"><strong>Nombre del par\u00e1metro<\/strong><\/td><td width=\"268\"><strong>Par\u00e1metros<\/strong><\/td><\/tr><tr><td>Modelo\u00a0<\/td><td>N8P<\/td><\/tr><tr><td>Frecuencias de interferencia<\/td><td width=\"268\">LoJack: 167-175MHz<br \/>CDMA o GSM: 851-894 o 925-960MHz<br \/>DCS\/PHS: 1805-1880 o 1920-1990MHz<br \/>3G: 2110-2170MHz<br \/>4G1 LTE: 700-803 o 790-862MHz<br \/>4G Wimax: 2500-2690 o 2300-2400MHz<br \/>GPSL1: 1570-1580MHz<br \/>Wi-Fi 2.4G: 2400-2500MHz<\/td><\/tr><tr><td>Radio de interferencia<\/td><td>Hasta 45 metros<\/td><\/tr><tr><td>Alimentaci\u00f3n<\/td><td>Se utiliza despu\u00e9s de conectar la fuente de alimentaci\u00f3n<\/td><\/tr><tr><td>Potencia de salida total<\/td><td>5.6W<\/td><\/tr><tr><td>Temperatura de funcionamiento<\/td><td>-10\u2103 a +50\u2103<\/td><\/tr><tr><td>Humedad de funcionamiento<\/td><td>5% a 80%<\/td><\/tr><tr><td>Tama\u00f1o del dispositivo<\/td><td>240mm*250mm*70mm<\/td><\/tr><tr><td>Peso del aparato<\/td><td>1200 g<\/td><\/tr><\/tbody><\/table>\t\t\t\t\t\t\t\t<\/div>\n\t\t\t\t<\/div>\n\t\t\t\t<\/div>\n\t\t<div class=\"elementor-element elementor-element-63abe0f e-con-full e-flex e-con e-child\" data-id=\"63abe0f\" data-element_type=\"container\">\n\t\t\t\t<div class=\"elementor-element elementor-element-3d0f9f0 elementor-widget elementor-widget-text-editor\" data-id=\"3d0f9f0\" data-element_type=\"widget\" data-widget_type=\"text-editor.default\">\n\t\t\t\t<div class=\"elementor-widget-container\">\n\t\t\t\t\t\t\t\t\t<h4>Informaci\u00f3n sobre el producto<\/h4><p>Presentamos un potente inhibidor para exteriores dise\u00f1ado para un uso prolongado. Este inhibidor de 8 antenas est\u00e1 equipado con una bater\u00eda NiMH de 8000 mAh de alta capacidad para garantizar un tiempo de uso prolongado. En comparaci\u00f3n con otros inhibidores port\u00e1tiles de 8 v\u00edas, tiene antenas extendidas y un mayor rango de interferencia.<\/p><p><strong>Caracter\u00edsticas del producto:<\/strong><\/p><ol><li>\u00a08 bandas 5.6W, equipado con bater\u00eda NiMH de 8000mAh, puede trabajar continuamente hasta 2.5 horas. Se puede utilizar mientras se carga.<\/li><li>Equipada con interruptores DIP, cada banda puede controlarse individualmente. Dispone de una luz LED de trabajo para facilitar la supervisi\u00f3n.<\/li><li>Se puede utilizar directamente en el coche con el cargador de coche incluido, o en interiores con un cargador de CA.<\/li><li>El ventilador de refrigeraci\u00f3n incorporado y el dise\u00f1o m\u00e1s grande del disipador de calor garantizan una disipaci\u00f3n eficaz del calor para un funcionamiento continuo.<\/li><li>La temperatura se mantiene por debajo de 55\u2103 para garantizar un funcionamiento seguro y fiable.<\/li><\/ol><p><strong>Precauciones:<\/strong><\/p><p>1.Los inhibidores est\u00e1n personalizados de acuerdo con las bandas de frecuencia de diferentes pa\u00edses, por favor confirme que el pa\u00eds de compra y el pa\u00eds de uso real son coherentes. Por favor, lea la funci\u00f3n jammer antes de comprar.<br \/>2. Si los inhibidores de baja potencia (como inhibidores de mano) para bloquear dispositivo de se\u00f1al de alta potencia (como de alta potencia del router WIFI, Bluetooth equipo de audio, etc), el efecto ser\u00e1 pobre o incluso no puede jammer.<br \/>3.Est\u00e1 prohibido su uso durante la carga.<br \/>4.No utilice inhibidores port\u00e1tiles como inhibidores de sobremesa.<br \/>5.No utilice inhibidores antes de conectar la antena.<\/p>\t\t\t\t\t\t\t\t<\/div>\n\t\t\t\t<\/div>\n\t\t\t\t<\/div>\n\t\t\t\t\t<\/div>\n\t\t\t\t<\/div>\n\t\t\t\t<\/div>","protected":false},"excerpt":{"rendered":"<p>Presentamos un potente inhibidor para exteriores dise\u00f1ado para un uso prolongado. Este inhibidor de 8 antenas est\u00e1 equipado con una bater\u00eda NiMH de 8000 mAh de alta capacidad para garantizar un tiempo de uso prolongado. En comparaci\u00f3n con otros inhibidores port\u00e1tiles de 8 v\u00edas, tiene antenas extendidas y un mayor rango de interferencia.<\/p>\n<p><strong>Caracter\u00edsticas del producto:<\/strong><\/p>\n<p>1. 8 bandas 5.6W, equipado con bater\u00eda NiMH de 8000mAh, puede trabajar continuamente hasta 2.5 horas. Se puede utilizar mientras se carga.<br \/>\n2. Equipado con interruptores DIP, cada banda puede controlarse individualmente. 3. Dispone de una luz LED de trabajo para facilitar la supervisi\u00f3n.<br \/>\n3. Puede utilizarse directamente en el coche con el cargador de coche incluido, o en interiores con un cargador de CA.<br \/>\n4. El ventilador de refrigeraci\u00f3n incorporado y el dise\u00f1o m\u00e1s grande del disipador de calor garantizan una disipaci\u00f3n eficiente del calor para un funcionamiento continuo.<br \/>\n5. La temperatura se mantiene por debajo de 55\u2103 para garantizar un funcionamiento seguro y fiable.<\/p>","protected":false},"featured_media":1686,"comment_status":"open","ping_status":"closed","template":"","meta":{"site-sidebar-layout":"no-sidebar","site-content-layout":"page-builder","ast-site-content-layout":"normal-width-container","site-content-style":"default","site-sidebar-style":"default","ast-global-header-display":"","ast-banner-title-visibility":"","ast-main-header-display":"","ast-hfb-above-header-display":"","ast-hfb-below-header-display":"","ast-hfb-mobile-header-display":"","site-post-title":"disabled","ast-breadcrumbs-content":"","ast-featured-img":"disabled","footer-sml-layout":"","theme-transparent-header-meta":"default","adv-header-id-meta":"","stick-header-meta":"default","header-above-stick-meta":"","header-main-stick-meta":"","header-below-stick-meta":"","astra-migrate-meta-layouts":"set","ast-page-background-enabled":"default","ast-page-background-meta":{"desktop":{"background-color":"var(--ast-global-color-4)","background-image":"","background-repeat":"repeat","background-position":"center center","background-size":"auto","background-attachment":"scroll","background-type":"","background-media":"","overlay-type":"","overlay-color":"","overlay-gradient":""},"tablet":{"background-color":"","background-image":"","background-repeat":"repeat","background-position":"center center","background-size":"auto","background-attachment":"scroll","background-type":"","background-media":"","overlay-type":"","overlay-color":"","overlay-gradient":""},"mobile":{"background-color":"","background-image":"","background-repeat":"repeat","background-position":"center center","background-size":"auto","background-attachment":"scroll","background-type":"","background-media":"","overlay-type":"","overlay-color":"","overlay-gradient":""}},"ast-content-background-meta":{"desktop":{"background-color":"var(--ast-global-color-5)","background-image":"","background-repeat":"repeat","background-position":"center center","background-size":"auto","background-attachment":"scroll","background-type":"","background-media":"","overlay-type":"","overlay-color":"","overlay-gradient":""},"tablet":{"background-color":"var(--ast-global-color-5)","background-image":"","background-repeat":"repeat","background-position":"center center","background-size":"auto","background-attachment":"scroll","background-type":"","background-media":"","overlay-type":"","overlay-color":"","overlay-gradient":""},"mobile":{"background-color":"var(--ast-global-color-5)","background-image":"","background-repeat":"repeat","background-position":"center center","background-size":"auto","background-attachment":"scroll","background-type":"","background-media":"","overlay-type":"","overlay-color":"","overlay-gradient":""}}},"product_brand":[],"product_cat":[15,70,41,42,75,40,39,49,32,35,34,36],"product_tag":[306,147,469,150,152,153,346,125,250,132,257,185,269,191,193,195,277,204,437,372,374,509,542,429,382,294,295,347,297,228,461,384,232,301,234,235,522,555,391,558,394,330,399,401,408],"class_list":{"0":"post-2096","1":"product","2":"type-product","3":"status-publish","4":"has-post-thumbnail","6":"product_cat-signal-blocker","7":"product_cat-501-1000dollars-jammers","8":"product_cat-3g-signal-jammer","9":"product_cat-4g-jammer","10":"product_cat-8antennas-jammers","11":"product_cat-bluetooth-signal-blocker","12":"product_cat-bluetooth-jammer","13":"product_cat-camera-jammer-wireless","14":"product_cat-cell-phone-signal-jammer","15":"product_cat-gps-signal-blocker","16":"product_cat-gps-signal-jammer","17":"product_cat-wifi-jammer","18":"product_tag-12v-cell-phone-jammer","19":"product_tag-4g-cell-phone-jammer","20":"product_tag-anti-mobile-jammer-device","21":"product_tag-arduino-cell-phone-jammer","22":"product_tag-best-cell-phone-jammer","23":"product_tag-best-portable-cell-phone-jammer","24":"product_tag-best-wifi-jammer","25":"product_tag-cell-jammer-app","26":"product_tag-cell-jammer-circuit-diagram","27":"product_tag-cell-phone-camera-jammer","28":"product_tag-cell-phone-jammer-canada-for-sale","29":"product_tag-cell-phone-jammer-raspberry-pi","30":"product_tag-cell-phone-service-jammer","31":"product_tag-cell-phone-signal-jammer-device","32":"product_tag-cell-phone-signal-jammer-for-cars","33":"product_tag-cell-phone-signal-jammer-for-home","34":"product_tag-cell-phone-tracking-jammer","35":"product_tag-cellular-data-jammer","36":"product_tag-gps-blockers-jammer","37":"product_tag-homemade-wifi-jammer","38":"product_tag-iphone-wifi-jammer","39":"product_tag-jammer-blocker-signal","40":"product_tag-jammer-car-gps","41":"product_tag-mobile-phone-jammer-aaaaaa","42":"product_tag-phone-and-wifi-jammer","43":"product_tag-pocket-cell-phone-jammer","44":"product_tag-pocket-sized-cell-phone-jammer","45":"product_tag-pocket-wifi-jammer","46":"product_tag-portable-cell-phone-jammer-ebay","47":"product_tag-portable-cellular-jammer","48":"product_tag-portable-mobile-signal-jammer","49":"product_tag-raspberry-pi-wifi-jammer","50":"product_tag-short-range-cell-phone-jammer","51":"product_tag-simplisafe-cell-phone-jammer","52":"product_tag-small-area-cell-phone-jammer","53":"product_tag-small-cell-phone-jammer","54":"product_tag-tracker-jammer","55":"product_tag-video-recording-jammer","56":"product_tag-what-does-a-wifi-jammer-look-like","57":"product_tag-whats-a-jammer","58":"product_tag-wifi-camera-signal-jammer","59":"product_tag-wifi-jammer-amazon","60":"product_tag-wifi-jammer-android","61":"product_tag-wifi-jammer-apk","62":"product_tag-wifi-jammer-for-iphone","63":"desktop-align-left","64":"tablet-align-left","65":"mobile-align-left","66":"ast-product-gallery-layout-horizontal-slider","67":"ast-product-single-variable","68":"ast-product-tabs-layout-horizontal","70":"first","71":"instock","72":"sale","73":"shipping-taxable","74":"purchasable","75":"product-type-variable"},"yoast_head":"<!-- This site is optimized with the Yoast SEO plugin v23.9 - https:\/\/yoast.com\/wordpress\/plugins\/seo\/ -->\n<title>8 Antenna Signal Jammer Effectively Interferes with 2G 3G 4G and LOJACK GPS L1\/L2 WIFI Signals - JAMMERSIGNAL<\/title>\n<meta name=\"description\" content=\"This Enhanced Plus 8-Band Portable Cell Phone Signal Jammer is designed to effectively jam the frequencies of 2G, 3G, 4G, LOJACK, GPS and WIFI signals. This versatile 8-antenna jammer is suitable for a variety of occasions.\" \/>\n<meta name=\"robots\" content=\"index, follow, max-snippet:-1, max-image-preview:large, max-video-preview:-1\" \/>\n<link rel=\"canonical\" href=\"https:\/\/www.jammersignal.com\/es\/producto\/8antenna-signal-jammer-effectively-interferes\/\" \/>\n<meta property=\"og:locale\" content=\"es_ES\" \/>\n<meta property=\"og:type\" content=\"article\" \/>\n<meta property=\"og:title\" content=\"8 Antenna Signal Jammer Effectively Interferes with 2G 3G 4G and LOJACK GPS L1\/L2 WIFI Signals - JAMMERSIGNAL\" \/>\n<meta property=\"og:description\" content=\"This Enhanced Plus 8-Band Portable Cell Phone Signal Jammer is designed to effectively jam the frequencies of 2G, 3G, 4G, LOJACK, GPS and WIFI signals. This versatile 8-antenna jammer is suitable for a variety of occasions.\" \/>\n<meta property=\"og:url\" content=\"https:\/\/www.jammersignal.com\/es\/producto\/8antenna-signal-jammer-effectively-interferes\/\" \/>\n<meta property=\"og:site_name\" content=\"JAMMERSIGNAL\" \/>\n<meta property=\"article:modified_time\" content=\"2025-05-18T21:18:45+00:00\" \/>\n<meta property=\"og:image\" content=\"https:\/\/www.jammersignal.com\/wp-content\/uploads\/2024\/05\/8-antennas-effective-jammersignal-4g-3g-2g-jammers-1.jpg\" \/>\n\t<meta property=\"og:image:width\" content=\"500\" \/>\n\t<meta property=\"og:image:height\" content=\"500\" \/>\n\t<meta property=\"og:image:type\" content=\"image\/jpeg\" \/>\n<meta name=\"twitter:card\" content=\"summary_large_image\" \/>\n<meta name=\"twitter:label1\" content=\"Tiempo de lectura\" \/>\n\t<meta name=\"twitter:data1\" content=\"2 minutos\" \/>\n<script type=\"application\/ld+json\" class=\"yoast-schema-graph\">{\"@context\":\"https:\/\/schema.org\",\"@graph\":[{\"@type\":\"WebPage\",\"@id\":\"https:\/\/www.jammersignal.com\/product\/8antenna-signal-jammer-effectively-interferes\/\",\"url\":\"https:\/\/www.jammersignal.com\/product\/8antenna-signal-jammer-effectively-interferes\/\",\"name\":\"8 Antenna Signal Jammer Effectively Interferes with 2G 3G 4G and LOJACK GPS L1\/L2 WIFI Signals - JAMMERSIGNAL\",\"isPartOf\":{\"@id\":\"https:\/\/www.jammersignal.com\/#website\"},\"primaryImageOfPage\":{\"@id\":\"https:\/\/www.jammersignal.com\/product\/8antenna-signal-jammer-effectively-interferes\/#primaryimage\"},\"image\":{\"@id\":\"https:\/\/www.jammersignal.com\/product\/8antenna-signal-jammer-effectively-interferes\/#primaryimage\"},\"thumbnailUrl\":\"https:\/\/www.jammersignal.com\/wp-content\/uploads\/2024\/05\/8-antennas-effective-jammersignal-4g-3g-2g-jammers-1.jpg\",\"datePublished\":\"2024-05-31T00:58:48+00:00\",\"dateModified\":\"2025-05-18T21:18:45+00:00\",\"description\":\"This Enhanced Plus 8-Band Portable Cell Phone Signal Jammer is designed to effectively jam the frequencies of 2G, 3G, 4G, LOJACK, GPS and WIFI signals. This versatile 8-antenna jammer is suitable for a variety of occasions.\",\"breadcrumb\":{\"@id\":\"https:\/\/www.jammersignal.com\/product\/8antenna-signal-jammer-effectively-interferes\/#breadcrumb\"},\"inLanguage\":\"es\",\"potentialAction\":[{\"@type\":\"ReadAction\",\"target\":[\"https:\/\/www.jammersignal.com\/product\/8antenna-signal-jammer-effectively-interferes\/\"]}]},{\"@type\":\"ImageObject\",\"inLanguage\":\"es\",\"@id\":\"https:\/\/www.jammersignal.com\/product\/8antenna-signal-jammer-effectively-interferes\/#primaryimage\",\"url\":\"https:\/\/www.jammersignal.com\/wp-content\/uploads\/2024\/05\/8-antennas-effective-jammersignal-4g-3g-2g-jammers-1.jpg\",\"contentUrl\":\"https:\/\/www.jammersignal.com\/wp-content\/uploads\/2024\/05\/8-antennas-effective-jammersignal-4g-3g-2g-jammers-1.jpg\",\"width\":500,\"height\":500,\"caption\":\"8 antennas effective jammersignal 4g 3g 2g jammers (1)\"},{\"@type\":\"BreadcrumbList\",\"@id\":\"https:\/\/www.jammersignal.com\/product\/8antenna-signal-jammer-effectively-interferes\/#breadcrumb\",\"itemListElement\":[{\"@type\":\"ListItem\",\"position\":1,\"name\":\"Home\",\"item\":\"https:\/\/www.jammersignal.com\/\"},{\"@type\":\"ListItem\",\"position\":2,\"name\":\"Shop\",\"item\":\"https:\/\/www.jammersignal.com\/shop\/\"},{\"@type\":\"ListItem\",\"position\":3,\"name\":\"Signal Blocker\",\"item\":\"https:\/\/www.jammersignal.com\/product-category\/signal-blocker\/\"},{\"@type\":\"ListItem\",\"position\":4,\"name\":\"8 Antenna Signal Jammer Effectively Interferes with 2G 3G 4G and LOJACK GPS WIFI Signals\"}]},{\"@type\":\"WebSite\",\"@id\":\"https:\/\/www.jammersignal.com\/#website\",\"url\":\"https:\/\/www.jammersignal.com\/\",\"name\":\"JAMMERSIGNAL\",\"description\":\"\",\"publisher\":{\"@id\":\"https:\/\/www.jammersignal.com\/#organization\"},\"potentialAction\":[{\"@type\":\"SearchAction\",\"target\":{\"@type\":\"EntryPoint\",\"urlTemplate\":\"https:\/\/www.jammersignal.com\/?s={search_term_string}\"},\"query-input\":{\"@type\":\"PropertyValueSpecification\",\"valueRequired\":true,\"valueName\":\"search_term_string\"}}],\"inLanguage\":\"es\"},{\"@type\":\"Organization\",\"@id\":\"https:\/\/www.jammersignal.com\/#organization\",\"name\":\"JAMMERSIGNAL\",\"url\":\"https:\/\/www.jammersignal.com\/\",\"logo\":{\"@type\":\"ImageObject\",\"inLanguage\":\"es\",\"@id\":\"https:\/\/www.jammersignal.com\/#\/schema\/logo\/image\/\",\"url\":\"https:\/\/www.jammersignal.com\/wp-content\/uploads\/2024\/05\/cropped-jammersignal-logo-4.png\",\"contentUrl\":\"https:\/\/www.jammersignal.com\/wp-content\/uploads\/2024\/05\/cropped-jammersignal-logo-4.png\",\"width\":104,\"height\":34,\"caption\":\"JAMMERSIGNAL\"},\"image\":{\"@id\":\"https:\/\/www.jammersignal.com\/#\/schema\/logo\/image\/\"}}]}<\/script>\n<!-- \/ Yoast SEO plugin. -->","yoast_head_json":{"title":"8 Antenna Signal Jammer Interfiere Efectivamente con 2G 3G 4G y LOJACK GPS L1\/L2 WIFI Se\u00f1ales - JAMMERSIGNAL","description":"Este Enhanced Plus 8-Band Portable Cell Phone Signal Jammer est\u00e1 dise\u00f1ado para bloquear eficazmente las frecuencias de 2G, 3G, 4G, LOJACK, GPS y se\u00f1ales WIFI. Este vers\u00e1til bloqueador de 8 antenas es adecuado para una variedad de ocasiones.","robots":{"index":"index","follow":"follow","max-snippet":"max-snippet:-1","max-image-preview":"max-image-preview:large","max-video-preview":"max-video-preview:-1"},"canonical":"https:\/\/www.jammersignal.com\/es\/producto\/8antenna-signal-jammer-effectively-interferes\/","og_locale":"es_ES","og_type":"article","og_title":"8 Antenna Signal Jammer Effectively Interferes with 2G 3G 4G and LOJACK GPS L1\/L2 WIFI Signals - JAMMERSIGNAL","og_description":"This Enhanced Plus 8-Band Portable Cell Phone Signal Jammer is designed to effectively jam the frequencies of 2G, 3G, 4G, LOJACK, GPS and WIFI signals. This versatile 8-antenna jammer is suitable for a variety of occasions.","og_url":"https:\/\/www.jammersignal.com\/es\/producto\/8antenna-signal-jammer-effectively-interferes\/","og_site_name":"JAMMERSIGNAL","article_modified_time":"2025-05-18T21:18:45+00:00","og_image":[{"width":500,"height":500,"url":"https:\/\/www.jammersignal.com\/wp-content\/uploads\/2024\/05\/8-antennas-effective-jammersignal-4g-3g-2g-jammers-1.jpg","type":"image\/jpeg"}],"twitter_card":"summary_large_image","twitter_misc":{"Tiempo de lectura":"2 minutos"},"schema":{"@context":"https:\/\/schema.org","@graph":[{"@type":"WebPage","@id":"https:\/\/www.jammersignal.com\/product\/8antenna-signal-jammer-effectively-interferes\/","url":"https:\/\/www.jammersignal.com\/product\/8antenna-signal-jammer-effectively-interferes\/","name":"8 Antenna Signal Jammer Interfiere Efectivamente con 2G 3G 4G y LOJACK GPS L1\/L2 WIFI Se\u00f1ales - JAMMERSIGNAL","isPartOf":{"@id":"https:\/\/www.jammersignal.com\/#website"},"primaryImageOfPage":{"@id":"https:\/\/www.jammersignal.com\/product\/8antenna-signal-jammer-effectively-interferes\/#primaryimage"},"image":{"@id":"https:\/\/www.jammersignal.com\/product\/8antenna-signal-jammer-effectively-interferes\/#primaryimage"},"thumbnailUrl":"https:\/\/www.jammersignal.com\/wp-content\/uploads\/2024\/05\/8-antennas-effective-jammersignal-4g-3g-2g-jammers-1.jpg","datePublished":"2024-05-31T00:58:48+00:00","dateModified":"2025-05-18T21:18:45+00:00","description":"Este Enhanced Plus 8-Band Portable Cell Phone Signal Jammer est\u00e1 dise\u00f1ado para bloquear eficazmente las frecuencias de 2G, 3G, 4G, LOJACK, GPS y se\u00f1ales WIFI. Este vers\u00e1til bloqueador de 8 antenas es adecuado para una variedad de ocasiones.","breadcrumb":{"@id":"https:\/\/www.jammersignal.com\/product\/8antenna-signal-jammer-effectively-interferes\/#breadcrumb"},"inLanguage":"es","potentialAction":[{"@type":"ReadAction","target":["https:\/\/www.jammersignal.com\/product\/8antenna-signal-jammer-effectively-interferes\/"]}]},{"@type":"ImageObject","inLanguage":"es","@id":"https:\/\/www.jammersignal.com\/product\/8antenna-signal-jammer-effectively-interferes\/#primaryimage","url":"https:\/\/www.jammersignal.com\/wp-content\/uploads\/2024\/05\/8-antennas-effective-jammersignal-4g-3g-2g-jammers-1.jpg","contentUrl":"https:\/\/www.jammersignal.com\/wp-content\/uploads\/2024\/05\/8-antennas-effective-jammersignal-4g-3g-2g-jammers-1.jpg","width":500,"height":500,"caption":"8 antennas effective jammersignal 4g 3g 2g jammers (1)"},{"@type":"BreadcrumbList","@id":"https:\/\/www.jammersignal.com\/product\/8antenna-signal-jammer-effectively-interferes\/#breadcrumb","itemListElement":[{"@type":"ListItem","position":1,"name":"Home","item":"https:\/\/www.jammersignal.com\/"},{"@type":"ListItem","position":2,"name":"Shop","item":"https:\/\/www.jammersignal.com\/shop\/"},{"@type":"ListItem","position":3,"name":"Signal Blocker","item":"https:\/\/www.jammersignal.com\/product-category\/signal-blocker\/"},{"@type":"ListItem","position":4,"name":"8 Antenna Signal Jammer Effectively Interferes with 2G 3G 4G and LOJACK GPS WIFI Signals"}]},{"@type":"WebSite","@id":"https:\/\/www.jammersignal.com\/#website","url":"https:\/\/www.jammersignal.com\/","name":"JAMMERSIGNAL","description":"","publisher":{"@id":"https:\/\/www.jammersignal.com\/#organization"},"potentialAction":[{"@type":"SearchAction","target":{"@type":"EntryPoint","urlTemplate":"https:\/\/www.jammersignal.com\/?s={search_term_string}"},"query-input":{"@type":"PropertyValueSpecification","valueRequired":true,"valueName":"search_term_string"}}],"inLanguage":"es"},{"@type":"Organization","@id":"https:\/\/www.jammersignal.com\/#organization","name":"JAMMERSIGNAL","url":"https:\/\/www.jammersignal.com\/","logo":{"@type":"ImageObject","inLanguage":"es","@id":"https:\/\/www.jammersignal.com\/#\/schema\/logo\/image\/","url":"https:\/\/www.jammersignal.com\/wp-content\/uploads\/2024\/05\/cropped-jammersignal-logo-4.png","contentUrl":"https:\/\/www.jammersignal.com\/wp-content\/uploads\/2024\/05\/cropped-jammersignal-logo-4.png","width":104,"height":34,"caption":"JAMMERSIGNAL"},"image":{"@id":"https:\/\/www.jammersignal.com\/#\/schema\/logo\/image\/"}}]}},"_links":{"self":[{"href":"https:\/\/www.jammersignal.com\/es\/wp-json\/wp\/v2\/product\/2096","targetHints":{"allow":["GET"]}}],"collection":[{"href":"https:\/\/www.jammersignal.com\/es\/wp-json\/wp\/v2\/product"}],"about":[{"href":"https:\/\/www.jammersignal.com\/es\/wp-json\/wp\/v2\/types\/product"}],"replies":[{"embeddable":true,"href":"https:\/\/www.jammersignal.com\/es\/wp-json\/wp\/v2\/comments?post=2096"}],"version-history":[{"count":6,"href":"https:\/\/www.jammersignal.com\/es\/wp-json\/wp\/v2\/product\/2096\/revisions"}],"predecessor-version":[{"id":2225,"href":"https:\/\/www.jammersignal.com\/es\/wp-json\/wp\/v2\/product\/2096\/revisions\/2225"}],"wp:featuredmedia":[{"embeddable":true,"href":"https:\/\/www.jammersignal.com\/es\/wp-json\/wp\/v2\/media\/1686"}],"wp:attachment":[{"href":"https:\/\/www.jammersignal.com\/es\/wp-json\/wp\/v2\/media?parent=2096"}],"wp:term":[{"taxonomy":"product_brand","embeddable":true,"href":"https:\/\/www.jammersignal.com\/es\/wp-json\/wp\/v2\/product_brand?post=2096"},{"taxonomy":"product_cat","embeddable":true,"href":"https:\/\/www.jammersignal.com\/es\/wp-json\/wp\/v2\/product_cat?post=2096"},{"taxonomy":"product_tag","embeddable":true,"href":"https:\/\/www.jammersignal.com\/es\/wp-json\/wp\/v2\/product_tag?post=2096"}],"curies":[{"name":"wp","href":"https:\/\/api.w.org\/{rel}","templated":true}]}}