{"id":2100,"date":"2024-05-31T00:58:51","date_gmt":"2024-05-31T00:58:51","guid":{"rendered":"https:\/\/www.jammersignal.com\/?post_type=product&#038;p=2100"},"modified":"2024-12-03T07:39:24","modified_gmt":"2024-12-03T07:39:24","slug":"small-car-gps-jammer-can-be-charged-from-cigarette-lighter","status":"publish","type":"product","link":"https:\/\/www.jammersignal.com\/es\/producto\/small-car-gps-jammer-can-be-charged-from-cigarette-lighter\/","title":{"rendered":"Peque\u00f1o Jammer GPS coche se puede cargar desde el encendedor de cigarrillos"},"content":{"rendered":"<div data-elementor-type=\"wp-post\" data-elementor-id=\"2100\" class=\"elementor elementor-2100\">\n\t\t\t\t<div class=\"elementor-element elementor-element-4a8c2a2 e-flex e-con-boxed e-con e-parent\" data-id=\"4a8c2a2\" data-element_type=\"container\" data-e-type=\"container\">\n\t\t\t\t\t<div class=\"e-con-inner\">\n\t\t<div class=\"elementor-element elementor-element-2677d1d e-con-full e-flex e-con e-child\" data-id=\"2677d1d\" data-element_type=\"container\" data-e-type=\"container\">\n\t\t\t\t<div class=\"elementor-element elementor-element-5ee8a99 elementor-widget elementor-widget-text-editor\" data-id=\"5ee8a99\" data-element_type=\"widget\" data-e-type=\"widget\" data-widget_type=\"text-editor.default\">\n\t\t\t\t<div class=\"elementor-widget-container\">\n\t\t\t\t\t\t\t\t\t<h4>Especificaciones t\u00e9cnicas<\/h4><table width=\"340\"><tbody><tr><td width=\"72\"><strong>Nombre del par\u00e1metro<\/strong><\/td><td width=\"268\"><strong>Par\u00e1metros<\/strong><\/td><\/tr><tr><td>Modelo\u00a0<\/td><td>H01US<\/td><\/tr><tr><td>Frecuencias de interferencia<\/td><td>GPS<\/td><\/tr><tr><td>Radio de interferencia<\/td><td>Hasta 15 metros<\/td><\/tr><tr><td>Alimentaci\u00f3n<\/td><td>Se utiliza despu\u00e9s de conectar la fuente de alimentaci\u00f3n<\/td><\/tr><tr><td>Tensi\u00f3n<\/td><td>AC 110V-240V DC 4,5V<\/td><\/tr><tr><td>Temperatura de funcionamiento<\/td><td>-30\u2103 a +50\u2103<\/td><\/tr><tr><td>Humedad de funcionamiento<\/td><td>5% a 95%<\/td><\/tr><tr><td>Tama\u00f1o del dispositivo<\/td><td>95mm*45mm*20mm<\/td><\/tr><tr><td>Peso del aparato<\/td><td>360 g<\/td><\/tr><\/tbody><\/table>\t\t\t\t\t\t\t\t<\/div>\n\t\t\t\t<\/div>\n\t\t\t\t<\/div>\n\t\t<div class=\"elementor-element elementor-element-63abe0f e-con-full e-flex e-con e-child\" data-id=\"63abe0f\" data-element_type=\"container\" data-e-type=\"container\">\n\t\t\t\t<div class=\"elementor-element elementor-element-3d0f9f0 elementor-widget elementor-widget-text-editor\" data-id=\"3d0f9f0\" data-element_type=\"widget\" data-e-type=\"widget\" data-widget_type=\"text-editor.default\">\n\t\t\t\t<div class=\"elementor-widget-container\">\n\t\t\t\t\t\t\t\t\t<h4>Informaci\u00f3n sobre el producto<\/h4><p>Presentamos el bloqueador de se\u00f1al GPS para coche ligero, que es actualmente el bloqueador de se\u00f1al m\u00e1s popular del mercado. Proporciona una soluci\u00f3n asequible para evitar que las frecuencias de seguimiento de los sat\u00e9lites de autom\u00f3viles.<\/p><p>Si se encuentra en una situaci\u00f3n en la que necesita contrarrestar se\u00f1ales GPS innecesarias, este dispositivo es esencial, especialmente si alguien ha colocado un dispositivo de seguimiento en usted o en su veh\u00edculo. Para obtener informaci\u00f3n m\u00e1s detallada sobre este bloqueador de GPS, consulte las especificaciones del producto o p\u00f3ngase en contacto con nosotros en l\u00ednea.<\/p><p>Nuestros inhibidores de GPS son peque\u00f1os y port\u00e1tiles, y ofrecen protecci\u00f3n para su privacidad personal y su ubicaci\u00f3n en cualquier momento y lugar. Gracias a su funci\u00f3n de carga a bordo, pueden utilizarse durante periodos prolongados en veh\u00edculos. Adem\u00e1s, estos bloqueadores tienen una excelente capacidad de camuflaje, por lo que son dif\u00edciles de detectar.<\/p><p>Este producto es muy rentable y se considera uno de los dispositivos de mini-interferencia m\u00e1s populares del mercado. Para consultas al por mayor, p\u00f3ngase en contacto con nosotros en info@jammersignal.com para obtener un precio a\u00fan m\u00e1s favorable.<\/p><p><strong>Escenarios aplicables:<\/strong><\/p><p>1. Veh\u00edculos equipados con dispositivos de localizaci\u00f3n GPS.<br \/>2. Lugares en los que debe evitarse el rastreo personal.<\/p><p><strong>Caracter\u00edsticas del producto:<\/strong><\/p><p>1. Bloquea eficazmente las se\u00f1ales de sat\u00e9lite GPS, salvaguardando la privacidad de su ubicaci\u00f3n e informaci\u00f3n personal.<br \/>2. No interfiere con el funcionamiento normal de los tel\u00e9fonos m\u00f3viles u otros dispositivos electr\u00f3nicos.<br \/>3. Tama\u00f1o peque\u00f1o, alta potencia de salida, dise\u00f1o ligero, amplia cobertura y f\u00e1cil portabilidad.<\/p>\t\t\t\t\t\t\t\t<\/div>\n\t\t\t\t<\/div>\n\t\t\t\t<\/div>\n\t\t\t\t\t<\/div>\n\t\t\t\t<\/div>\n\t\t\t\t<\/div>","protected":false},"excerpt":{"rendered":"<p>Nuestros inhibidores de GPS son peque\u00f1os y port\u00e1tiles, y ofrecen protecci\u00f3n para su privacidad personal y su ubicaci\u00f3n en cualquier momento y lugar. Gracias a su funci\u00f3n de carga a bordo, pueden utilizarse durante periodos prolongados en veh\u00edculos. Adem\u00e1s, estos bloqueadores tienen una excelente capacidad de camuflaje, por lo que son dif\u00edciles de detectar.<\/p>\n<p>Este producto es muy rentable y se considera uno de los dispositivos de mini-interferencia m\u00e1s populares del mercado. Para consultas al por mayor, p\u00f3ngase en contacto con nosotros en info@jammersignal.com para obtener un precio a\u00fan m\u00e1s favorable.<\/p>\n<p><strong>Escenarios aplicables:<\/strong><\/p>\n<ol>\n<li>Veh\u00edculos equipados con dispositivos de localizaci\u00f3n GPS.<\/li>\n<li>Lugares en los que debe evitarse el rastreo personal.<\/li>\n<\/ol>\n<p><strong>Caracter\u00edsticas del producto:<\/strong><\/p>\n<ol>\n<li>Bloquea eficazmente las se\u00f1ales de sat\u00e9lite GPS, salvaguardando la privacidad de su ubicaci\u00f3n y su informaci\u00f3n personal.<\/li>\n<li>No interfiere con el funcionamiento normal de tel\u00e9fonos m\u00f3viles u otros dispositivos electr\u00f3nicos.<\/li>\n<li>Tama\u00f1o reducido, gran potencia, dise\u00f1o ligero, amplia cobertura y f\u00e1cil portabilidad.<\/li>\n<\/ol>","protected":false},"featured_media":1705,"comment_status":"open","ping_status":"closed","template":"","meta":{"site-sidebar-layout":"no-sidebar","site-content-layout":"page-builder","ast-site-content-layout":"normal-width-container","site-content-style":"default","site-sidebar-style":"default","ast-global-header-display":"","ast-banner-title-visibility":"","ast-main-header-display":"","ast-hfb-above-header-display":"","ast-hfb-below-header-display":"","ast-hfb-mobile-header-display":"","site-post-title":"disabled","ast-breadcrumbs-content":"","ast-featured-img":"disabled","footer-sml-layout":"","ast-disable-related-posts":"","theme-transparent-header-meta":"default","adv-header-id-meta":"","stick-header-meta":"default","header-above-stick-meta":"","header-main-stick-meta":"","header-below-stick-meta":"","astra-migrate-meta-layouts":"set","ast-page-background-enabled":"default","ast-page-background-meta":{"desktop":{"background-color":"var(--ast-global-color-5)","background-image":"","background-repeat":"repeat","background-position":"center center","background-size":"auto","background-attachment":"scroll","background-type":"","background-media":"","overlay-type":"","overlay-color":"","overlay-opacity":"","overlay-gradient":""},"tablet":{"background-color":"","background-image":"","background-repeat":"repeat","background-position":"center center","background-size":"auto","background-attachment":"scroll","background-type":"","background-media":"","overlay-type":"","overlay-color":"","overlay-opacity":"","overlay-gradient":""},"mobile":{"background-color":"","background-image":"","background-repeat":"repeat","background-position":"center center","background-size":"auto","background-attachment":"scroll","background-type":"","background-media":"","overlay-type":"","overlay-color":"","overlay-opacity":"","overlay-gradient":""}},"ast-content-background-meta":{"desktop":{"background-color":"var(--ast-global-color-4)","background-image":"","background-repeat":"repeat","background-position":"center center","background-size":"auto","background-attachment":"scroll","background-type":"","background-media":"","overlay-type":"","overlay-color":"","overlay-opacity":"","overlay-gradient":""},"tablet":{"background-color":"var(--ast-global-color-4)","background-image":"","background-repeat":"repeat","background-position":"center center","background-size":"auto","background-attachment":"scroll","background-type":"","background-media":"","overlay-type":"","overlay-color":"","overlay-opacity":"","overlay-gradient":""},"mobile":{"background-color":"var(--ast-global-color-4)","background-image":"","background-repeat":"repeat","background-position":"center center","background-size":"auto","background-attachment":"scroll","background-type":"","background-media":"","overlay-type":"","overlay-color":"","overlay-opacity":"","overlay-gradient":""}}},"product_brand":[],"product_cat":[15,72,52,56,63,35,34,95,67,80],"product_tag":[432,247,410,411,412,413,414,415,416,417,418,158,451,277,472,505,454,213,474,509,463,442,443],"class_list":{"0":"post-2100","1":"product","2":"type-product","3":"status-publish","4":"has-post-thumbnail","6":"product_cat-signal-blocker","7":"product_cat-1-3antennas-jammers","8":"product_cat-anti-tracking-signal-jammer","9":"product_cat-car-rechargeable-jammer","10":"product_cat-cheap-jammer","11":"product_cat-gps-signal-blocker","12":"product_cat-gps-signal-jammer","13":"product_cat-gps-l3-l4-1370-1390mhz-jammer","14":"product_cat-less-than-100dollars-jammer","15":"product_cat-within-10meters","16":"product_tag-aaaaaa-gps-jammer","17":"product_tag-best-cell-phone-jammer-reviews","18":"product_tag-buy-car-gps-jammer","19":"product_tag-buy-cigarette-lighter-gps-cell-phone-jammer","20":"product_tag-buy-gps-jammer-australia","21":"product_tag-buy-gps-jammer-canada","22":"product_tag-buy-gps-jammer-cigarette-lighter","23":"product_tag-buy-gps-jammer-ebay","24":"product_tag-buy-gps-jammer-for-car","25":"product_tag-buy-gps-jammer-in-dallas","26":"product_tag-buy-gps-jammer-near-me","27":"product_tag-car-cell-phone-jammer","28":"product_tag-car-jammer","29":"product_tag-cell-phone-tracking-jammer","30":"product_tag-diy-signal-jammer","31":"product_tag-electronic-device-jammer","32":"product_tag-gps-blocker-jammer","33":"product_tag-gps-cell-jammer","34":"product_tag-gps-jammer-app","35":"product_tag-jammer-blocker-signal","36":"product_tag-signal-jammer-device","37":"product_tag-vehicle-gps-jammer","38":"product_tag-what-is-a-jammer","39":"desktop-align-left","40":"tablet-align-left","41":"mobile-align-left","42":"ast-product-gallery-layout-horizontal-slider","43":"ast-product-single-variable","44":"ast-product-tabs-layout-horizontal","46":"first","47":"instock","48":"sale","49":"shipping-taxable","50":"purchasable","51":"product-type-variable"},"yoast_head":"<!-- This site is optimized with the Yoast SEO plugin v23.9 - https:\/\/yoast.com\/wordpress\/plugins\/seo\/ -->\n<title>Small Car-Mounted GPS Jammer can be Charged via Cigarette Lighter, with A Jamming Radius of up to 15 Meters - JAMMERSIGNAL<\/title>\n<meta name=\"description\" content=\"Our GPS jammers are compact and portable, offering protection for your personal privacy and location anywhere, anytime. With onboard charging functionality, GPS jammers can be used for extended periods in vehicles.\" \/>\n<meta name=\"robots\" content=\"index, follow, max-snippet:-1, max-image-preview:large, max-video-preview:-1\" \/>\n<link rel=\"canonical\" href=\"https:\/\/www.jammersignal.com\/es\/producto\/small-car-gps-jammer-can-be-charged-from-cigarette-lighter\/\" \/>\n<meta property=\"og:locale\" content=\"es_ES\" \/>\n<meta property=\"og:type\" content=\"article\" \/>\n<meta property=\"og:title\" content=\"Small Car-Mounted GPS Jammer can be Charged via Cigarette Lighter, with A Jamming Radius of up to 15 Meters - JAMMERSIGNAL\" \/>\n<meta property=\"og:description\" content=\"Our GPS jammers are compact and portable, offering protection for your personal privacy and location anywhere, anytime. With onboard charging functionality, GPS jammers can be used for extended periods in vehicles.\" \/>\n<meta property=\"og:url\" content=\"https:\/\/www.jammersignal.com\/es\/producto\/small-car-gps-jammer-can-be-charged-from-cigarette-lighter\/\" \/>\n<meta property=\"og:site_name\" content=\"JAMMERSIGNAL\" \/>\n<meta property=\"article:modified_time\" content=\"2024-12-03T07:39:24+00:00\" \/>\n<meta property=\"og:image\" content=\"https:\/\/www.jammersignal.com\/wp-content\/uploads\/2024\/05\/small-car-charging-jammersignal-jammers-1.jpg\" \/>\n\t<meta property=\"og:image:width\" content=\"800\" \/>\n\t<meta property=\"og:image:height\" content=\"800\" \/>\n\t<meta property=\"og:image:type\" content=\"image\/jpeg\" \/>\n<meta name=\"twitter:card\" content=\"summary_large_image\" \/>\n<meta name=\"twitter:label1\" content=\"Tiempo de lectura\" \/>\n\t<meta name=\"twitter:data1\" content=\"2 minutos\" \/>\n<script type=\"application\/ld+json\" class=\"yoast-schema-graph\">{\"@context\":\"https:\/\/schema.org\",\"@graph\":[{\"@type\":\"WebPage\",\"@id\":\"https:\/\/www.jammersignal.com\/product\/small-car-gps-jammer-can-be-charged-from-cigarette-lighter\/\",\"url\":\"https:\/\/www.jammersignal.com\/product\/small-car-gps-jammer-can-be-charged-from-cigarette-lighter\/\",\"name\":\"Small Car-Mounted GPS Jammer can be Charged via Cigarette Lighter, with A Jamming Radius of up to 15 Meters - JAMMERSIGNAL\",\"isPartOf\":{\"@id\":\"https:\/\/www.jammersignal.com\/#website\"},\"primaryImageOfPage\":{\"@id\":\"https:\/\/www.jammersignal.com\/product\/small-car-gps-jammer-can-be-charged-from-cigarette-lighter\/#primaryimage\"},\"image\":{\"@id\":\"https:\/\/www.jammersignal.com\/product\/small-car-gps-jammer-can-be-charged-from-cigarette-lighter\/#primaryimage\"},\"thumbnailUrl\":\"https:\/\/www.jammersignal.com\/wp-content\/uploads\/2024\/05\/small-car-charging-jammersignal-jammers-1.jpg\",\"datePublished\":\"2024-05-31T00:58:51+00:00\",\"dateModified\":\"2024-12-03T07:39:24+00:00\",\"description\":\"Our GPS jammers are compact and portable, offering protection for your personal privacy and location anywhere, anytime. With onboard charging functionality, GPS jammers can be used for extended periods in vehicles.\",\"breadcrumb\":{\"@id\":\"https:\/\/www.jammersignal.com\/product\/small-car-gps-jammer-can-be-charged-from-cigarette-lighter\/#breadcrumb\"},\"inLanguage\":\"es\",\"potentialAction\":[{\"@type\":\"ReadAction\",\"target\":[\"https:\/\/www.jammersignal.com\/product\/small-car-gps-jammer-can-be-charged-from-cigarette-lighter\/\"]}]},{\"@type\":\"ImageObject\",\"inLanguage\":\"es\",\"@id\":\"https:\/\/www.jammersignal.com\/product\/small-car-gps-jammer-can-be-charged-from-cigarette-lighter\/#primaryimage\",\"url\":\"https:\/\/www.jammersignal.com\/wp-content\/uploads\/2024\/05\/small-car-charging-jammersignal-jammers-1.jpg\",\"contentUrl\":\"https:\/\/www.jammersignal.com\/wp-content\/uploads\/2024\/05\/small-car-charging-jammersignal-jammers-1.jpg\",\"width\":800,\"height\":800,\"caption\":\"small car charging jammersignal jammers (1)\"},{\"@type\":\"BreadcrumbList\",\"@id\":\"https:\/\/www.jammersignal.com\/product\/small-car-gps-jammer-can-be-charged-from-cigarette-lighter\/#breadcrumb\",\"itemListElement\":[{\"@type\":\"ListItem\",\"position\":1,\"name\":\"Home\",\"item\":\"https:\/\/www.jammersignal.com\/\"},{\"@type\":\"ListItem\",\"position\":2,\"name\":\"Shop\",\"item\":\"https:\/\/www.jammersignal.com\/shop\/\"},{\"@type\":\"ListItem\",\"position\":3,\"name\":\"Signal Blocker\",\"item\":\"https:\/\/www.jammersignal.com\/product-category\/signal-blocker\/\"},{\"@type\":\"ListItem\",\"position\":4,\"name\":\"Small Car GPS Jammer can be charged from Cigarette Lighter\"}]},{\"@type\":\"WebSite\",\"@id\":\"https:\/\/www.jammersignal.com\/#website\",\"url\":\"https:\/\/www.jammersignal.com\/\",\"name\":\"JAMMERSIGNAL\",\"description\":\"\",\"publisher\":{\"@id\":\"https:\/\/www.jammersignal.com\/#organization\"},\"potentialAction\":[{\"@type\":\"SearchAction\",\"target\":{\"@type\":\"EntryPoint\",\"urlTemplate\":\"https:\/\/www.jammersignal.com\/?s={search_term_string}\"},\"query-input\":{\"@type\":\"PropertyValueSpecification\",\"valueRequired\":true,\"valueName\":\"search_term_string\"}}],\"inLanguage\":\"es\"},{\"@type\":\"Organization\",\"@id\":\"https:\/\/www.jammersignal.com\/#organization\",\"name\":\"JAMMERSIGNAL\",\"url\":\"https:\/\/www.jammersignal.com\/\",\"logo\":{\"@type\":\"ImageObject\",\"inLanguage\":\"es\",\"@id\":\"https:\/\/www.jammersignal.com\/#\/schema\/logo\/image\/\",\"url\":\"https:\/\/www.jammersignal.com\/wp-content\/uploads\/2024\/05\/cropped-jammersignal-logo-4.png\",\"contentUrl\":\"https:\/\/www.jammersignal.com\/wp-content\/uploads\/2024\/05\/cropped-jammersignal-logo-4.png\",\"width\":104,\"height\":34,\"caption\":\"JAMMERSIGNAL\"},\"image\":{\"@id\":\"https:\/\/www.jammersignal.com\/#\/schema\/logo\/image\/\"}}]}<\/script>\n<!-- \/ Yoast SEO plugin. -->","yoast_head_json":{"title":"Peque\u00f1o bloqueador de GPS montado en el coche que se carga con el encendedor, con un radio de interferencia de hasta 15 metros - JAMMERSIGNAL","description":"Nuestros inhibidores de GPS son compactos y port\u00e1tiles, y ofrecen protecci\u00f3n para su privacidad personal y localizaci\u00f3n en cualquier momento y lugar. Gracias a la funci\u00f3n de carga a bordo, los bloqueadores de GPS pueden utilizarse durante periodos prolongados en veh\u00edculos.","robots":{"index":"index","follow":"follow","max-snippet":"max-snippet:-1","max-image-preview":"max-image-preview:large","max-video-preview":"max-video-preview:-1"},"canonical":"https:\/\/www.jammersignal.com\/es\/producto\/small-car-gps-jammer-can-be-charged-from-cigarette-lighter\/","og_locale":"es_ES","og_type":"article","og_title":"Small Car-Mounted GPS Jammer can be Charged via Cigarette Lighter, with A Jamming Radius of up to 15 Meters - JAMMERSIGNAL","og_description":"Our GPS jammers are compact and portable, offering protection for your personal privacy and location anywhere, anytime. With onboard charging functionality, GPS jammers can be used for extended periods in vehicles.","og_url":"https:\/\/www.jammersignal.com\/es\/producto\/small-car-gps-jammer-can-be-charged-from-cigarette-lighter\/","og_site_name":"JAMMERSIGNAL","article_modified_time":"2024-12-03T07:39:24+00:00","og_image":[{"width":800,"height":800,"url":"https:\/\/www.jammersignal.com\/wp-content\/uploads\/2024\/05\/small-car-charging-jammersignal-jammers-1.jpg","type":"image\/jpeg"}],"twitter_card":"summary_large_image","twitter_misc":{"Tiempo de lectura":"2 minutos"},"schema":{"@context":"https:\/\/schema.org","@graph":[{"@type":"WebPage","@id":"https:\/\/www.jammersignal.com\/product\/small-car-gps-jammer-can-be-charged-from-cigarette-lighter\/","url":"https:\/\/www.jammersignal.com\/product\/small-car-gps-jammer-can-be-charged-from-cigarette-lighter\/","name":"Peque\u00f1o bloqueador de GPS montado en el coche que se carga con el encendedor, con un radio de interferencia de hasta 15 metros - JAMMERSIGNAL","isPartOf":{"@id":"https:\/\/www.jammersignal.com\/#website"},"primaryImageOfPage":{"@id":"https:\/\/www.jammersignal.com\/product\/small-car-gps-jammer-can-be-charged-from-cigarette-lighter\/#primaryimage"},"image":{"@id":"https:\/\/www.jammersignal.com\/product\/small-car-gps-jammer-can-be-charged-from-cigarette-lighter\/#primaryimage"},"thumbnailUrl":"https:\/\/www.jammersignal.com\/wp-content\/uploads\/2024\/05\/small-car-charging-jammersignal-jammers-1.jpg","datePublished":"2024-05-31T00:58:51+00:00","dateModified":"2024-12-03T07:39:24+00:00","description":"Nuestros inhibidores de GPS son compactos y port\u00e1tiles, y ofrecen protecci\u00f3n para su privacidad personal y localizaci\u00f3n en cualquier momento y lugar. Gracias a la funci\u00f3n de carga a bordo, los bloqueadores de GPS pueden utilizarse durante periodos prolongados en veh\u00edculos.","breadcrumb":{"@id":"https:\/\/www.jammersignal.com\/product\/small-car-gps-jammer-can-be-charged-from-cigarette-lighter\/#breadcrumb"},"inLanguage":"es","potentialAction":[{"@type":"ReadAction","target":["https:\/\/www.jammersignal.com\/product\/small-car-gps-jammer-can-be-charged-from-cigarette-lighter\/"]}]},{"@type":"ImageObject","inLanguage":"es","@id":"https:\/\/www.jammersignal.com\/product\/small-car-gps-jammer-can-be-charged-from-cigarette-lighter\/#primaryimage","url":"https:\/\/www.jammersignal.com\/wp-content\/uploads\/2024\/05\/small-car-charging-jammersignal-jammers-1.jpg","contentUrl":"https:\/\/www.jammersignal.com\/wp-content\/uploads\/2024\/05\/small-car-charging-jammersignal-jammers-1.jpg","width":800,"height":800,"caption":"small car charging jammersignal jammers (1)"},{"@type":"BreadcrumbList","@id":"https:\/\/www.jammersignal.com\/product\/small-car-gps-jammer-can-be-charged-from-cigarette-lighter\/#breadcrumb","itemListElement":[{"@type":"ListItem","position":1,"name":"Home","item":"https:\/\/www.jammersignal.com\/"},{"@type":"ListItem","position":2,"name":"Shop","item":"https:\/\/www.jammersignal.com\/shop\/"},{"@type":"ListItem","position":3,"name":"Signal Blocker","item":"https:\/\/www.jammersignal.com\/product-category\/signal-blocker\/"},{"@type":"ListItem","position":4,"name":"Small Car GPS Jammer can be charged from Cigarette Lighter"}]},{"@type":"WebSite","@id":"https:\/\/www.jammersignal.com\/#website","url":"https:\/\/www.jammersignal.com\/","name":"JAMMERSIGNAL","description":"","publisher":{"@id":"https:\/\/www.jammersignal.com\/#organization"},"potentialAction":[{"@type":"SearchAction","target":{"@type":"EntryPoint","urlTemplate":"https:\/\/www.jammersignal.com\/?s={search_term_string}"},"query-input":{"@type":"PropertyValueSpecification","valueRequired":true,"valueName":"search_term_string"}}],"inLanguage":"es"},{"@type":"Organization","@id":"https:\/\/www.jammersignal.com\/#organization","name":"JAMMERSIGNAL","url":"https:\/\/www.jammersignal.com\/","logo":{"@type":"ImageObject","inLanguage":"es","@id":"https:\/\/www.jammersignal.com\/#\/schema\/logo\/image\/","url":"https:\/\/www.jammersignal.com\/wp-content\/uploads\/2024\/05\/cropped-jammersignal-logo-4.png","contentUrl":"https:\/\/www.jammersignal.com\/wp-content\/uploads\/2024\/05\/cropped-jammersignal-logo-4.png","width":104,"height":34,"caption":"JAMMERSIGNAL"},"image":{"@id":"https:\/\/www.jammersignal.com\/#\/schema\/logo\/image\/"}}]}},"_links":{"self":[{"href":"https:\/\/www.jammersignal.com\/es\/wp-json\/wp\/v2\/product\/2100","targetHints":{"allow":["GET"]}}],"collection":[{"href":"https:\/\/www.jammersignal.com\/es\/wp-json\/wp\/v2\/product"}],"about":[{"href":"https:\/\/www.jammersignal.com\/es\/wp-json\/wp\/v2\/types\/product"}],"replies":[{"embeddable":true,"href":"https:\/\/www.jammersignal.com\/es\/wp-json\/wp\/v2\/comments?post=2100"}],"version-history":[{"count":5,"href":"https:\/\/www.jammersignal.com\/es\/wp-json\/wp\/v2\/product\/2100\/revisions"}],"predecessor-version":[{"id":2245,"href":"https:\/\/www.jammersignal.com\/es\/wp-json\/wp\/v2\/product\/2100\/revisions\/2245"}],"wp:featuredmedia":[{"embeddable":true,"href":"https:\/\/www.jammersignal.com\/es\/wp-json\/wp\/v2\/media\/1705"}],"wp:attachment":[{"href":"https:\/\/www.jammersignal.com\/es\/wp-json\/wp\/v2\/media?parent=2100"}],"wp:term":[{"taxonomy":"product_brand","embeddable":true,"href":"https:\/\/www.jammersignal.com\/es\/wp-json\/wp\/v2\/product_brand?post=2100"},{"taxonomy":"product_cat","embeddable":true,"href":"https:\/\/www.jammersignal.com\/es\/wp-json\/wp\/v2\/product_cat?post=2100"},{"taxonomy":"product_tag","embeddable":true,"href":"https:\/\/www.jammersignal.com\/es\/wp-json\/wp\/v2\/product_tag?post=2100"}],"curies":[{"name":"wp","href":"https:\/\/api.w.org\/{rel}","templated":true}]}}