{"id":2101,"date":"2024-05-20T00:58:51","date_gmt":"2024-05-20T00:58:51","guid":{"rendered":"https:\/\/www.jammersignal.com\/?post_type=product&#038;p=2101"},"modified":"2025-05-26T22:58:10","modified_gmt":"2025-05-26T22:58:10","slug":"latest-8antenna-handheld-gsm-4g-jammer","status":"publish","type":"product","link":"https:\/\/www.jammersignal.com\/es\/producto\/latest-8antenna-handheld-gsm-4g-jammer\/","title":{"rendered":"La \u00faltima 8-antena de mano GSM 4G Jammer tiene la capacidad de interceptar se\u00f1ales WIFI GPS"},"content":{"rendered":"<div data-elementor-type=\"wp-post\" data-elementor-id=\"2101\" class=\"elementor elementor-2101\">\n\t\t\t\t<div class=\"elementor-element elementor-element-4a8c2a2 e-flex e-con-boxed e-con e-parent\" data-id=\"4a8c2a2\" data-element_type=\"container\">\n\t\t\t\t\t<div class=\"e-con-inner\">\n\t\t<div class=\"elementor-element elementor-element-2677d1d e-con-full e-flex e-con e-child\" data-id=\"2677d1d\" data-element_type=\"container\">\n\t\t\t\t<div class=\"elementor-element elementor-element-5ee8a99 elementor-widget elementor-widget-text-editor\" data-id=\"5ee8a99\" data-element_type=\"widget\" data-widget_type=\"text-editor.default\">\n\t\t\t\t<div class=\"elementor-widget-container\">\n\t\t\t\t\t\t\t\t\t<h4>Especificaciones t\u00e9cnicas<\/h4><table width=\"340\"><tbody><tr><td width=\"72\"><strong>Nombre del par\u00e1metro<\/strong><\/td><td width=\"268\"><strong>Par\u00e1metros<\/strong><\/td><\/tr><tr><td>Modelo\u00a0<\/td><td>H082US<\/td><\/tr><tr><td>Frecuencias de interferencia<\/td><td width=\"268\">\u00a0LoJack: 167-175MHz<br \/>CDMA o GSM: 851-894 o 925-960MHz<br \/>DCS o PCS: 1805-1880 o 1920-1990MHz<br \/>Wi-Fi 2.4G: 2400-2500MHz<br \/>4G1 LTE: 700-803 o 790-862MHz<br \/>GPSL1: 1570-1580MHz<br \/>3G: 2110-2170MHz<br \/>4G Wimax: 2500-2690 o 2300-2400MHz<br \/>GPSL2+L5: 1170-1280MHz<\/td><\/tr><tr><td>Radio de interferencia<\/td><td>Hasta 40 metros<\/td><\/tr><tr><td>Alimentaci\u00f3n<\/td><td>Enchufe, cargador de coche o bater\u00eda integrada<\/td><\/tr><tr><td>Potencia de salida total<\/td><td>4W<\/td><\/tr><tr><td>Temperatura de funcionamiento<\/td><td>-10\u2103 a +50\u2103<\/td><\/tr><tr><td>Humedad de funcionamiento<\/td><td>5% a 80%<\/td><\/tr><tr><td>Tama\u00f1o del dispositivo<\/td><td>132mm*80mm*41mm<\/td><\/tr><tr><td>Peso del aparato<\/td><td>800 g<\/td><\/tr><\/tbody><\/table>\t\t\t\t\t\t\t\t<\/div>\n\t\t\t\t<\/div>\n\t\t\t\t<\/div>\n\t\t<div class=\"elementor-element elementor-element-63abe0f e-con-full e-flex e-con e-child\" data-id=\"63abe0f\" data-element_type=\"container\">\n\t\t\t\t<div class=\"elementor-element elementor-element-3d0f9f0 elementor-widget elementor-widget-text-editor\" data-id=\"3d0f9f0\" data-element_type=\"widget\" data-widget_type=\"text-editor.default\">\n\t\t\t\t<div class=\"elementor-widget-container\">\n\t\t\t\t\t\t\t\t\t<h4>Informaci\u00f3n sobre el producto<\/h4><p>Este bloqueador de se\u00f1al port\u00e1til con 8 antenas es adecuado para el hogar, la oficina y la escuela. El dispositivo bloqueador puede bloquear eficazmente las se\u00f1ales GSM, 3G, 4G y LOJACK, proporcionando una zona de protecci\u00f3n eficaz sin necesidad de equipos adicionales.<\/p><p>Los tel\u00e9fonos m\u00f3viles pueden causar interferencias en diversas ocasiones, como cines, aulas, funerales y ceremonias religiosas. Para resolver este problema, cada vez son m\u00e1s populares los dispositivos que interfieren en los tel\u00e9fonos m\u00f3viles. Por ejemplo, en Kenia, los imanes expresaron su descontento por el constante timbre de los tel\u00e9fonos m\u00f3viles durante las reuniones religiosas. Adem\u00e1s, no es deseable recibir llamadas o mensajes no deseados durante reuniones importantes o de emergencia. La tecnolog\u00eda de bloqueo de tel\u00e9fonos m\u00f3viles permite a las personas evitar estas interferencias sin apagar sus tel\u00e9fonos m\u00f3viles. Al bloquear las se\u00f1ales de la estaci\u00f3n base, la tecnolog\u00eda puede bloquear las comunicaciones a trav\u00e9s de los tel\u00e9fonos m\u00f3viles.<\/p><p>El inhibidor de se\u00f1al de telefon\u00eda m\u00f3vil port\u00e1til de 8 bandas es capaz de interferir todo tipo de tel\u00e9fonos Android, tabletas, smartphones, iPhones, Windows Phone y otros dispositivos que utilicen frecuencias 2G, 3G, 4G, GPS L1-L5, LOJACK o de control remoto (como 315MHz y 433MHz), as\u00ed como se\u00f1ales Bluetooth y Wi-Fi. Est\u00e1 equipado con una bater\u00eda NiMH incorporada con una capacidad de 4700mAh, que puede proporcionar alrededor de 1,5 horas de tiempo de funcionamiento. Este inhibidor puede utilizarse tanto en interiores como en exteriores, por lo que resulta muy pr\u00e1ctico en diferentes situaciones.<\/p><p><strong>Caracter\u00edsticas del producto:<\/strong><\/p><ol><li>8 bandas, potencia de salida de 4,0 W, capacidad de la bater\u00eda NiMH de 4700 mAh, que puede proporcionar 1,5 horas de tiempo de funcionamiento. El dispositivo se puede utilizar mientras la bater\u00eda se est\u00e1 cargando.<\/li><li>Adoptando un dise\u00f1o \u00fanico de interruptor DIP, cada banda puede controlarse individualmente, y est\u00e1 equipada con luces LED para indicar el estado de funcionamiento.<\/li><li>Se puede utilizar directamente en el coche con un cargador de coche o con el cargador de CA incluido.<\/li><li>Equipado con un ventilador de refrigeraci\u00f3n interno y un disipador de calor m\u00e1s grande para garantizar el funcionamiento continuo del dispositivo.<\/li><\/ol><p><strong>Precauciones:<\/strong><\/p><p>1.Los inhibidores est\u00e1n personalizados de acuerdo con las bandas de frecuencia de diferentes pa\u00edses, por favor confirme que el pa\u00eds de compra y el pa\u00eds de uso real son coherentes. Por favor, lea la funci\u00f3n jammer antes de comprar.<br \/>2. Si los inhibidores de baja potencia (como inhibidores de mano) para bloquear dispositivo de se\u00f1al de alta potencia (como de alta potencia del router WIFI, Bluetooth equipo de audio, etc), el efecto ser\u00e1 pobre o incluso no puede jammer.<br \/>3.Est\u00e1 prohibido su uso durante la carga.<br \/>4.No utilice inhibidores port\u00e1tiles como inhibidores de sobremesa.<br \/>5.No utilice inhibidores antes de conectar la antena.<\/p>\t\t\t\t\t\t\t\t<\/div>\n\t\t\t\t<\/div>\n\t\t\t\t<\/div>\n\t\t\t\t\t<\/div>\n\t\t\t\t<\/div>\n\t\t\t\t<\/div>","protected":false},"excerpt":{"rendered":"<p>El inhibidor de se\u00f1al de telefon\u00eda m\u00f3vil port\u00e1til de 8 bandas es capaz de interferir todo tipo de tel\u00e9fonos Android, tabletas, smartphones, iPhones, Windows Phone y otros dispositivos que utilicen frecuencias 2G, 3G, 4G, GPS L1-L5, LOJACK o de control remoto (como 315MHz y 433MHz), as\u00ed como se\u00f1ales Bluetooth y Wi-Fi. Est\u00e1 equipado con una bater\u00eda NiMH incorporada con una capacidad de 4700mAh, que puede proporcionar alrededor de 1,5 horas de tiempo de funcionamiento. Este inhibidor puede utilizarse tanto en interiores como en exteriores, por lo que resulta muy pr\u00e1ctico en diferentes situaciones.<\/p>\n<p><strong>Caracter\u00edsticas del producto:<\/strong><\/p>\n<p>1. 8 bandas, potencia de salida de 4,0 W, capacidad de la bater\u00eda NiMH de 4700 mAh, que puede proporcionar 1,5 horas de tiempo de funcionamiento. El dispositivo se puede utilizar mientras la bater\u00eda se est\u00e1 cargando.<br \/>\n2. Adoptando un dise\u00f1o \u00fanico de interruptor DIP, cada banda puede controlarse individualmente, y est\u00e1 equipada con luces LED para indicar el estado de funcionamiento.<br \/>\n3. Puede utilizarse directamente en el coche con un cargador de coche o con el cargador de CA incluido.<br \/>\n4. Equipado con un ventilador de refrigeraci\u00f3n interno y un disipador de calor m\u00e1s grande para garantizar el funcionamiento continuo del dispositivo.<\/p>","protected":false},"featured_media":1709,"comment_status":"open","ping_status":"closed","template":"","meta":{"site-sidebar-layout":"no-sidebar","site-content-layout":"page-builder","ast-site-content-layout":"normal-width-container","site-content-style":"default","site-sidebar-style":"default","ast-global-header-display":"","ast-banner-title-visibility":"","ast-main-header-display":"","ast-hfb-above-header-display":"","ast-hfb-below-header-display":"","ast-hfb-mobile-header-display":"","site-post-title":"disabled","ast-breadcrumbs-content":"","ast-featured-img":"disabled","footer-sml-layout":"","theme-transparent-header-meta":"default","adv-header-id-meta":"","stick-header-meta":"default","header-above-stick-meta":"","header-main-stick-meta":"","header-below-stick-meta":"","astra-migrate-meta-layouts":"set","ast-page-background-enabled":"default","ast-page-background-meta":{"desktop":{"background-color":"var(--ast-global-color-4)","background-image":"","background-repeat":"repeat","background-position":"center center","background-size":"auto","background-attachment":"scroll","background-type":"","background-media":"","overlay-type":"","overlay-color":"","overlay-gradient":""},"tablet":{"background-color":"","background-image":"","background-repeat":"repeat","background-position":"center center","background-size":"auto","background-attachment":"scroll","background-type":"","background-media":"","overlay-type":"","overlay-color":"","overlay-gradient":""},"mobile":{"background-color":"","background-image":"","background-repeat":"repeat","background-position":"center center","background-size":"auto","background-attachment":"scroll","background-type":"","background-media":"","overlay-type":"","overlay-color":"","overlay-gradient":""}},"ast-content-background-meta":{"desktop":{"background-color":"var(--ast-global-color-5)","background-image":"","background-repeat":"repeat","background-position":"center center","background-size":"auto","background-attachment":"scroll","background-type":"","background-media":"","overlay-type":"","overlay-color":"","overlay-gradient":""},"tablet":{"background-color":"var(--ast-global-color-5)","background-image":"","background-repeat":"repeat","background-position":"center center","background-size":"auto","background-attachment":"scroll","background-type":"","background-media":"","overlay-type":"","overlay-color":"","overlay-gradient":""},"mobile":{"background-color":"var(--ast-global-color-5)","background-image":"","background-repeat":"repeat","background-position":"center center","background-size":"auto","background-attachment":"scroll","background-type":"","background-media":"","overlay-type":"","overlay-color":"","overlay-gradient":""}}},"product_brand":[],"product_cat":[15,69,81,42,75,32,63,34,38,37,36],"product_tag":[308,311,314,323,469,150,151,152,247,153,155,411,412,414,416,417,366,157,249,159,126,160,163,171,172,256,264,275,191,198,135,129,210,437,287,288,221,476,541,374,513,290,225,145,544,379,226,294,347,227,461,516,232,561,234,235,236,558,392,335,407,339],"class_list":{"0":"post-2101","1":"product","2":"type-product","3":"status-publish","4":"has-post-thumbnail","6":"product_cat-signal-blocker","7":"product_cat-301-500dollars-jammers","8":"product_cat-10-20meters","9":"product_cat-4g-jammer","10":"product_cat-8antennas-jammers","11":"product_cat-cell-phone-signal-jammer","12":"product_cat-cheap-jammer","13":"product_cat-gps-signal-jammer","14":"product_cat-gsm-jammer","15":"product_cat-wifi-signal-blocker","16":"product_cat-wifi-jammer","17":"product_tag-3g-and-4g-cell-phone-jammer","18":"product_tag-3g-cell-phone-signal-blocker-jammer","19":"product_tag-4g-cell-phone-jammer-amazon","20":"product_tag-8-bands-gsm-cdma-3g-4g-wifi-cell-phone-jammer","21":"product_tag-anti-mobile-jammer-device","22":"product_tag-arduino-cell-phone-jammer","23":"product_tag-bathroom-cell-phone-jammer","24":"product_tag-best-cell-phone-jammer","25":"product_tag-best-cell-phone-jammer-reviews","26":"product_tag-best-portable-cell-phone-jammer","27":"product_tag-buy-cell-phone-jammer-online","28":"product_tag-buy-cigarette-lighter-gps-cell-phone-jammer","29":"product_tag-buy-gps-jammer-australia","30":"product_tag-buy-gps-jammer-cigarette-lighter","31":"product_tag-buy-gps-jammer-for-car","32":"product_tag-buy-gps-jammer-in-dallas","33":"product_tag-can-jammer-block-wifi","34":"product_tag-can-you-buy-cell-phone-jammer","35":"product_tag-cell-jammer-canada","36":"product_tag-cell-jammer-circuit","37":"product_tag-cell-jammer-diy","38":"product_tag-cell-jammer-for-sale","39":"product_tag-cell-phone-and-wifi-jammer-amazon","40":"product_tag-cell-phone-jammer-arduino","41":"product_tag-cell-phone-jammer-best-buy","42":"product_tag-cell-phone-jammer-block-diagram","43":"product_tag-cell-phone-jammer-kit-for-sale","44":"product_tag-cell-phone-signal-jammer-classroom","45":"product_tag-cell-phone-signal-jammer-device","46":"product_tag-cell-phone-signal-jammer-legal","47":"product_tag-cell-signal-jammer-app","48":"product_tag-diy-cell-phone-jammer","49":"product_tag-emp-cell-phone-jammer","50":"product_tag-gps-blockers-jammer","51":"product_tag-hand-held-cell-phone-signal-jammer","52":"product_tag-homemade-cell-phone-signal-jammer","53":"product_tag-how-does-cell-phone-jammer-work","54":"product_tag-how-to-make-signal-jammer","55":"product_tag-internet-jammer-price","56":"product_tag-iphone-wifi-jammer","57":"product_tag-jammer-for-car","58":"product_tag-lte-cell-phone-jammer","59":"product_tag-make-your-own-cell-phone-jammer","60":"product_tag-mini-cell-phone-jammer","61":"product_tag-mini-mobile-jammer","62":"product_tag-mini-wifi-jammer","63":"product_tag-personal-cell-phone-jammer","64":"product_tag-pocket-cell-phone-jammer","65":"product_tag-pocket-wifi-jammer","66":"product_tag-portable-cell-phone-jammer-amazon","67":"product_tag-portable-mobile-signal-jammer","68":"product_tag-rf-frequency-jammer","69":"product_tag-short-range-cell-phone-jammer","70":"product_tag-signal-jammer-for-sale","71":"product_tag-small-area-cell-phone-jammer","72":"product_tag-small-cell-phone-jammer","73":"product_tag-vehicle-cell-phone-jammer","74":"product_tag-whats-a-jammer","75":"product_tag-wifi-anti-jammer","76":"product_tag-wifi-jammer-device","77":"product_tag-wifi-jammer-for-home","78":"product_tag-wifi-signal-jammer-diy","79":"desktop-align-left","80":"tablet-align-left","81":"mobile-align-left","82":"ast-product-gallery-layout-horizontal-slider","83":"ast-product-single-variable","84":"ast-product-tabs-layout-horizontal","86":"first","87":"instock","88":"sale","89":"shipping-taxable","90":"purchasable","91":"product-type-variable"},"yoast_head":"<!-- This site is optimized with the Yoast SEO plugin v23.9 - https:\/\/yoast.com\/wordpress\/plugins\/seo\/ -->\n<title>8-Antenna Handheld GSM 4G Jammer can intercept WIFI GPS signals with a jamming radius of up to 40 meters - JAMMERSIGNAL<\/title>\n<meta name=\"description\" content=\"This portable signal jammer with 8 antennas is suitable for home, office and school. The jammer device can effectively block GSM, 3G, 4G and LOJACK signals, providing an efficient protection zone without the need for additional equipment.\" \/>\n<meta name=\"robots\" content=\"index, follow, max-snippet:-1, max-image-preview:large, max-video-preview:-1\" \/>\n<link rel=\"canonical\" href=\"https:\/\/www.jammersignal.com\/es\/producto\/latest-8antenna-handheld-gsm-4g-jammer\/\" \/>\n<meta property=\"og:locale\" content=\"es_ES\" \/>\n<meta property=\"og:type\" content=\"article\" \/>\n<meta property=\"og:title\" content=\"8-Antenna Handheld GSM 4G Jammer can intercept WIFI GPS signals with a jamming radius of up to 40 meters - JAMMERSIGNAL\" \/>\n<meta property=\"og:description\" content=\"This portable signal jammer with 8 antennas is suitable for home, office and school. The jammer device can effectively block GSM, 3G, 4G and LOJACK signals, providing an efficient protection zone without the need for additional equipment.\" \/>\n<meta property=\"og:url\" content=\"https:\/\/www.jammersignal.com\/es\/producto\/latest-8antenna-handheld-gsm-4g-jammer\/\" \/>\n<meta property=\"og:site_name\" content=\"JAMMERSIGNAL\" \/>\n<meta property=\"article:modified_time\" content=\"2025-05-26T22:58:10+00:00\" \/>\n<meta property=\"og:image\" content=\"https:\/\/www.jammersignal.com\/wp-content\/uploads\/2024\/05\/the-latest-8-band-jammersignal-handheld-4g-gsm-jammers-1.jpg\" \/>\n\t<meta property=\"og:image:width\" content=\"650\" \/>\n\t<meta property=\"og:image:height\" content=\"650\" \/>\n\t<meta property=\"og:image:type\" content=\"image\/jpeg\" \/>\n<meta name=\"twitter:card\" content=\"summary_large_image\" \/>\n<meta name=\"twitter:label1\" content=\"Tiempo de lectura\" \/>\n\t<meta name=\"twitter:data1\" content=\"3 minutos\" \/>\n<script type=\"application\/ld+json\" class=\"yoast-schema-graph\">{\"@context\":\"https:\/\/schema.org\",\"@graph\":[{\"@type\":\"WebPage\",\"@id\":\"https:\/\/www.jammersignal.com\/product\/latest-8antenna-handheld-gsm-4g-jammer\/\",\"url\":\"https:\/\/www.jammersignal.com\/product\/latest-8antenna-handheld-gsm-4g-jammer\/\",\"name\":\"8-Antenna Handheld GSM 4G Jammer can intercept WIFI GPS signals with a jamming radius of up to 40 meters - JAMMERSIGNAL\",\"isPartOf\":{\"@id\":\"https:\/\/www.jammersignal.com\/#website\"},\"primaryImageOfPage\":{\"@id\":\"https:\/\/www.jammersignal.com\/product\/latest-8antenna-handheld-gsm-4g-jammer\/#primaryimage\"},\"image\":{\"@id\":\"https:\/\/www.jammersignal.com\/product\/latest-8antenna-handheld-gsm-4g-jammer\/#primaryimage\"},\"thumbnailUrl\":\"https:\/\/www.jammersignal.com\/wp-content\/uploads\/2024\/05\/the-latest-8-band-jammersignal-handheld-4g-gsm-jammers-1.jpg\",\"datePublished\":\"2024-05-20T00:58:51+00:00\",\"dateModified\":\"2025-05-26T22:58:10+00:00\",\"description\":\"This portable signal jammer with 8 antennas is suitable for home, office and school. The jammer device can effectively block GSM, 3G, 4G and LOJACK signals, providing an efficient protection zone without the need for additional equipment.\",\"breadcrumb\":{\"@id\":\"https:\/\/www.jammersignal.com\/product\/latest-8antenna-handheld-gsm-4g-jammer\/#breadcrumb\"},\"inLanguage\":\"es\",\"potentialAction\":[{\"@type\":\"ReadAction\",\"target\":[\"https:\/\/www.jammersignal.com\/product\/latest-8antenna-handheld-gsm-4g-jammer\/\"]}]},{\"@type\":\"ImageObject\",\"inLanguage\":\"es\",\"@id\":\"https:\/\/www.jammersignal.com\/product\/latest-8antenna-handheld-gsm-4g-jammer\/#primaryimage\",\"url\":\"https:\/\/www.jammersignal.com\/wp-content\/uploads\/2024\/05\/the-latest-8-band-jammersignal-handheld-4g-gsm-jammers-1.jpg\",\"contentUrl\":\"https:\/\/www.jammersignal.com\/wp-content\/uploads\/2024\/05\/the-latest-8-band-jammersignal-handheld-4g-gsm-jammers-1.jpg\",\"width\":650,\"height\":650,\"caption\":\"the latest 8 band jammersignal handheld 4g gsm jammers (1)\"},{\"@type\":\"BreadcrumbList\",\"@id\":\"https:\/\/www.jammersignal.com\/product\/latest-8antenna-handheld-gsm-4g-jammer\/#breadcrumb\",\"itemListElement\":[{\"@type\":\"ListItem\",\"position\":1,\"name\":\"Home\",\"item\":\"https:\/\/www.jammersignal.com\/\"},{\"@type\":\"ListItem\",\"position\":2,\"name\":\"Shop\",\"item\":\"https:\/\/www.jammersignal.com\/shop\/\"},{\"@type\":\"ListItem\",\"position\":3,\"name\":\"Signal Blocker\",\"item\":\"https:\/\/www.jammersignal.com\/product-category\/signal-blocker\/\"},{\"@type\":\"ListItem\",\"position\":4,\"name\":\"The Latest 8-Antenna Handheld GSM 4G Jammer has the ability to intercept WIFI GPS Signals\"}]},{\"@type\":\"WebSite\",\"@id\":\"https:\/\/www.jammersignal.com\/#website\",\"url\":\"https:\/\/www.jammersignal.com\/\",\"name\":\"JAMMERSIGNAL\",\"description\":\"\",\"publisher\":{\"@id\":\"https:\/\/www.jammersignal.com\/#organization\"},\"potentialAction\":[{\"@type\":\"SearchAction\",\"target\":{\"@type\":\"EntryPoint\",\"urlTemplate\":\"https:\/\/www.jammersignal.com\/?s={search_term_string}\"},\"query-input\":{\"@type\":\"PropertyValueSpecification\",\"valueRequired\":true,\"valueName\":\"search_term_string\"}}],\"inLanguage\":\"es\"},{\"@type\":\"Organization\",\"@id\":\"https:\/\/www.jammersignal.com\/#organization\",\"name\":\"JAMMERSIGNAL\",\"url\":\"https:\/\/www.jammersignal.com\/\",\"logo\":{\"@type\":\"ImageObject\",\"inLanguage\":\"es\",\"@id\":\"https:\/\/www.jammersignal.com\/#\/schema\/logo\/image\/\",\"url\":\"https:\/\/www.jammersignal.com\/wp-content\/uploads\/2024\/05\/cropped-jammersignal-logo-4.png\",\"contentUrl\":\"https:\/\/www.jammersignal.com\/wp-content\/uploads\/2024\/05\/cropped-jammersignal-logo-4.png\",\"width\":104,\"height\":34,\"caption\":\"JAMMERSIGNAL\"},\"image\":{\"@id\":\"https:\/\/www.jammersignal.com\/#\/schema\/logo\/image\/\"}}]}<\/script>\n<!-- \/ Yoast SEO plugin. -->","yoast_head_json":{"title":"8-Antenas de mano GSM 4G Jammer puede interceptar se\u00f1ales WIFI GPS con un radio de interferencia de hasta 40 metros - JAMMERSIGNAL","description":"Este bloqueador de se\u00f1al port\u00e1til con 8 antenas es adecuado para el hogar, la oficina y la escuela. El dispositivo bloqueador puede bloquear eficazmente las se\u00f1ales GSM, 3G, 4G y LOJACK, proporcionando una zona de protecci\u00f3n eficaz sin necesidad de equipos adicionales.","robots":{"index":"index","follow":"follow","max-snippet":"max-snippet:-1","max-image-preview":"max-image-preview:large","max-video-preview":"max-video-preview:-1"},"canonical":"https:\/\/www.jammersignal.com\/es\/producto\/latest-8antenna-handheld-gsm-4g-jammer\/","og_locale":"es_ES","og_type":"article","og_title":"8-Antenna Handheld GSM 4G Jammer can intercept WIFI GPS signals with a jamming radius of up to 40 meters - JAMMERSIGNAL","og_description":"This portable signal jammer with 8 antennas is suitable for home, office and school. The jammer device can effectively block GSM, 3G, 4G and LOJACK signals, providing an efficient protection zone without the need for additional equipment.","og_url":"https:\/\/www.jammersignal.com\/es\/producto\/latest-8antenna-handheld-gsm-4g-jammer\/","og_site_name":"JAMMERSIGNAL","article_modified_time":"2025-05-26T22:58:10+00:00","og_image":[{"width":650,"height":650,"url":"https:\/\/www.jammersignal.com\/wp-content\/uploads\/2024\/05\/the-latest-8-band-jammersignal-handheld-4g-gsm-jammers-1.jpg","type":"image\/jpeg"}],"twitter_card":"summary_large_image","twitter_misc":{"Tiempo de lectura":"3 minutos"},"schema":{"@context":"https:\/\/schema.org","@graph":[{"@type":"WebPage","@id":"https:\/\/www.jammersignal.com\/product\/latest-8antenna-handheld-gsm-4g-jammer\/","url":"https:\/\/www.jammersignal.com\/product\/latest-8antenna-handheld-gsm-4g-jammer\/","name":"8-Antenas de mano GSM 4G Jammer puede interceptar se\u00f1ales WIFI GPS con un radio de interferencia de hasta 40 metros - JAMMERSIGNAL","isPartOf":{"@id":"https:\/\/www.jammersignal.com\/#website"},"primaryImageOfPage":{"@id":"https:\/\/www.jammersignal.com\/product\/latest-8antenna-handheld-gsm-4g-jammer\/#primaryimage"},"image":{"@id":"https:\/\/www.jammersignal.com\/product\/latest-8antenna-handheld-gsm-4g-jammer\/#primaryimage"},"thumbnailUrl":"https:\/\/www.jammersignal.com\/wp-content\/uploads\/2024\/05\/the-latest-8-band-jammersignal-handheld-4g-gsm-jammers-1.jpg","datePublished":"2024-05-20T00:58:51+00:00","dateModified":"2025-05-26T22:58:10+00:00","description":"Este bloqueador de se\u00f1al port\u00e1til con 8 antenas es adecuado para el hogar, la oficina y la escuela. El dispositivo bloqueador puede bloquear eficazmente las se\u00f1ales GSM, 3G, 4G y LOJACK, proporcionando una zona de protecci\u00f3n eficaz sin necesidad de equipos adicionales.","breadcrumb":{"@id":"https:\/\/www.jammersignal.com\/product\/latest-8antenna-handheld-gsm-4g-jammer\/#breadcrumb"},"inLanguage":"es","potentialAction":[{"@type":"ReadAction","target":["https:\/\/www.jammersignal.com\/product\/latest-8antenna-handheld-gsm-4g-jammer\/"]}]},{"@type":"ImageObject","inLanguage":"es","@id":"https:\/\/www.jammersignal.com\/product\/latest-8antenna-handheld-gsm-4g-jammer\/#primaryimage","url":"https:\/\/www.jammersignal.com\/wp-content\/uploads\/2024\/05\/the-latest-8-band-jammersignal-handheld-4g-gsm-jammers-1.jpg","contentUrl":"https:\/\/www.jammersignal.com\/wp-content\/uploads\/2024\/05\/the-latest-8-band-jammersignal-handheld-4g-gsm-jammers-1.jpg","width":650,"height":650,"caption":"the latest 8 band jammersignal handheld 4g gsm jammers (1)"},{"@type":"BreadcrumbList","@id":"https:\/\/www.jammersignal.com\/product\/latest-8antenna-handheld-gsm-4g-jammer\/#breadcrumb","itemListElement":[{"@type":"ListItem","position":1,"name":"Home","item":"https:\/\/www.jammersignal.com\/"},{"@type":"ListItem","position":2,"name":"Shop","item":"https:\/\/www.jammersignal.com\/shop\/"},{"@type":"ListItem","position":3,"name":"Signal Blocker","item":"https:\/\/www.jammersignal.com\/product-category\/signal-blocker\/"},{"@type":"ListItem","position":4,"name":"The Latest 8-Antenna Handheld GSM 4G Jammer has the ability to intercept WIFI GPS Signals"}]},{"@type":"WebSite","@id":"https:\/\/www.jammersignal.com\/#website","url":"https:\/\/www.jammersignal.com\/","name":"JAMMERSIGNAL","description":"","publisher":{"@id":"https:\/\/www.jammersignal.com\/#organization"},"potentialAction":[{"@type":"SearchAction","target":{"@type":"EntryPoint","urlTemplate":"https:\/\/www.jammersignal.com\/?s={search_term_string}"},"query-input":{"@type":"PropertyValueSpecification","valueRequired":true,"valueName":"search_term_string"}}],"inLanguage":"es"},{"@type":"Organization","@id":"https:\/\/www.jammersignal.com\/#organization","name":"JAMMERSIGNAL","url":"https:\/\/www.jammersignal.com\/","logo":{"@type":"ImageObject","inLanguage":"es","@id":"https:\/\/www.jammersignal.com\/#\/schema\/logo\/image\/","url":"https:\/\/www.jammersignal.com\/wp-content\/uploads\/2024\/05\/cropped-jammersignal-logo-4.png","contentUrl":"https:\/\/www.jammersignal.com\/wp-content\/uploads\/2024\/05\/cropped-jammersignal-logo-4.png","width":104,"height":34,"caption":"JAMMERSIGNAL"},"image":{"@id":"https:\/\/www.jammersignal.com\/#\/schema\/logo\/image\/"}}]}},"_links":{"self":[{"href":"https:\/\/www.jammersignal.com\/es\/wp-json\/wp\/v2\/product\/2101","targetHints":{"allow":["GET"]}}],"collection":[{"href":"https:\/\/www.jammersignal.com\/es\/wp-json\/wp\/v2\/product"}],"about":[{"href":"https:\/\/www.jammersignal.com\/es\/wp-json\/wp\/v2\/types\/product"}],"replies":[{"embeddable":true,"href":"https:\/\/www.jammersignal.com\/es\/wp-json\/wp\/v2\/comments?post=2101"}],"version-history":[{"count":5,"href":"https:\/\/www.jammersignal.com\/es\/wp-json\/wp\/v2\/product\/2101\/revisions"}],"predecessor-version":[{"id":2251,"href":"https:\/\/www.jammersignal.com\/es\/wp-json\/wp\/v2\/product\/2101\/revisions\/2251"}],"wp:featuredmedia":[{"embeddable":true,"href":"https:\/\/www.jammersignal.com\/es\/wp-json\/wp\/v2\/media\/1709"}],"wp:attachment":[{"href":"https:\/\/www.jammersignal.com\/es\/wp-json\/wp\/v2\/media?parent=2101"}],"wp:term":[{"taxonomy":"product_brand","embeddable":true,"href":"https:\/\/www.jammersignal.com\/es\/wp-json\/wp\/v2\/product_brand?post=2101"},{"taxonomy":"product_cat","embeddable":true,"href":"https:\/\/www.jammersignal.com\/es\/wp-json\/wp\/v2\/product_cat?post=2101"},{"taxonomy":"product_tag","embeddable":true,"href":"https:\/\/www.jammersignal.com\/es\/wp-json\/wp\/v2\/product_tag?post=2101"}],"curies":[{"name":"wp","href":"https:\/\/api.w.org\/{rel}","templated":true}]}}