{"id":2102,"date":"2024-05-31T00:58:52","date_gmt":"2024-05-31T00:58:52","guid":{"rendered":"https:\/\/www.jammersignal.com\/?post_type=product&#038;p=2102"},"modified":"2025-09-20T02:36:56","modified_gmt":"2025-09-20T02:36:56","slug":"handheld-all-in-one-drone-jammer","status":"publish","type":"product","link":"https:\/\/www.jammersignal.com\/es\/producto\/handheld-all-in-one-drone-jammer\/","title":{"rendered":"Jammer de mano todo en uno para drones con una distancia de interferencia de hasta 500 metros"},"content":{"rendered":"<div data-elementor-type=\"wp-post\" data-elementor-id=\"2102\" class=\"elementor elementor-2102\">\n\t\t\t\t<div class=\"elementor-element elementor-element-4a8c2a2 e-flex e-con-boxed e-con e-parent\" data-id=\"4a8c2a2\" data-element_type=\"container\">\n\t\t\t\t\t<div class=\"e-con-inner\">\n\t\t<div class=\"elementor-element elementor-element-2677d1d e-con-full e-flex e-con e-child\" data-id=\"2677d1d\" data-element_type=\"container\">\n\t\t\t\t<div class=\"elementor-element elementor-element-5ee8a99 elementor-widget elementor-widget-text-editor\" data-id=\"5ee8a99\" data-element_type=\"widget\" data-widget_type=\"text-editor.default\">\n\t\t\t\t<div class=\"elementor-widget-container\">\n\t\t\t\t\t\t\t\t\t<h4>Especificaciones t\u00e9cnicas<\/h4><table width=\"340\"><tbody><tr><td width=\"72\"><strong>Nombre del par\u00e1metro<\/strong><\/td><td width=\"268\"><strong>Par\u00e1metros<\/strong><\/td><\/tr><tr><td>Modelo\u00a0<\/td><td>HW10US<\/td><\/tr><tr><td>Frecuencias de interferencia<\/td><td width=\"268\">RC2.4G: 2400-2500MHz<br \/>GRC5.8G: 5725-5850MHz<br \/>GPSL1 y Glonass L1: 1560-1620MHz<br \/><br \/>OPCI\u00d3N :<br \/>GPSL2+L5 : GPSL2+L5<br \/>RC 868\/912: 868-916MHz<\/td><\/tr><tr><td>Radio de interferencia<\/td><td>100-500 metros<\/td><\/tr><tr><td>Alimentaci\u00f3n<\/td><td>AC110-240V a DC24V<\/td><\/tr><tr><td>Potencia de salida total<\/td><td>Total 20W(5-10W cada banda)<\/td><\/tr><tr><td>Tiempo de trabajo<\/td><td>Bater\u00eda incorporada: 24V 4Ah Tiempo de trabajo:1.5Horas<\/td><\/tr><tr><td>Tama\u00f1o del dispositivo<\/td><td>450*105*60mm<\/td><\/tr><tr><td>Peso del aparato<\/td><td>1,5 kg<\/td><\/tr><tr><td>Contenido del paquete<\/td><td>Jammer Host x 1, Cargador de bater\u00eda x1<\/td><\/tr><\/tbody><\/table>\t\t\t\t\t\t\t\t<\/div>\n\t\t\t\t<\/div>\n\t\t\t\t<\/div>\n\t\t<div class=\"elementor-element elementor-element-63abe0f e-con-full e-flex e-con e-child\" data-id=\"63abe0f\" data-element_type=\"container\">\n\t\t\t\t<div class=\"elementor-element elementor-element-3d0f9f0 elementor-widget elementor-widget-text-editor\" data-id=\"3d0f9f0\" data-element_type=\"widget\" data-widget_type=\"text-editor.default\">\n\t\t\t\t<div class=\"elementor-widget-container\">\n\t\t\t\t\t\t\t\t\t<h4>Informaci\u00f3n sobre el producto<\/h4><p>Presentamos el \u00faltimo mini bloqueador de se\u00f1al de dron port\u00e1til todo en uno con antena direccional. Este dispositivo jammer port\u00e1til es ligero e integra una antena direccional 10dbi de alta ganancia, que puede interferir se\u00f1ales de 100 a 500 metros de distancia.<\/p><p>Dise\u00f1ado para bloquear se\u00f1ales de drones, este mini bloqueador port\u00e1til proporciona cobertura 100% para una variedad de se\u00f1ales de drones, incluidos modelos populares como Dji Phantom 4, Phantom 3 Professional, Advanced, Standard series e Inspire series. Con su dise\u00f1o port\u00e1til, se puede transportar y desplegar f\u00e1cilmente. La bater\u00eda incorporada garantiza un funcionamiento continuo durante aproximadamente 1,5 horas.<\/p><p><strong>\u00c1mbitos de aplicaci\u00f3n:<\/strong><\/p><ol><li>Protecci\u00f3n de zonas restringidas como prisiones, zonas de gesti\u00f3n militar, proyectos de recursos estrat\u00e9gicos nacionales, instalaciones industriales nucleares, aeropuertos y distritos pol\u00edticos.<\/li><li>Escenarios de delitos, zonas de gesti\u00f3n urbana de las fuerzas del orden, lugares de seguridad importantes, protecci\u00f3n de dignatarios, ensayos de espect\u00e1culos a gran escala, lugares de excavaciones arqueol\u00f3gicas y lugares de actividades de grupos a gran escala para evitar fugas de informaci\u00f3n.<\/li><li>Lucha contra las actividades ilegales y delictivas mediante drones, como el tr\u00e1fico de drogas, el contrabando, las mercanc\u00edas ilegales o la difusi\u00f3n de informaci\u00f3n, etc.<\/li><\/ol><p><strong>Caracter\u00edsticas del producto:<\/strong><\/p><ol><li>\u00a0Dise\u00f1o de mano integrado, peque\u00f1o y ligero.<\/li><li>Antena direccional de 10dbi de alta ganancia incorporada, potencia total de salida de 20W, proporcionando una distancia de interferencia de 100-500 metros (dependiendo de la distancia entre el dron y el mando a distancia).<\/li><li>Cada dispositivo puede interferir hasta 3 bandas de frecuencia al mismo tiempo, equipado con un interruptor de alimentaci\u00f3n independiente y un indicador LED para mostrar el estado de la alimentaci\u00f3n.<\/li><li>La protecci\u00f3n contra sobretensiones VSWR garantiza la seguridad de cada m\u00f3dulo 100%.<\/li><li>Bater\u00eda incorporada, el tiempo de trabajo es de unos 60 minutos.<\/li><li>La potencia de la bater\u00eda, el estado del cargador y la corriente de trabajo se muestran en la pantalla LED para facilitar la supervisi\u00f3n.<\/li><\/ol><p><strong>Precauciones:<\/strong><\/p><p>1.Los inhibidores est\u00e1n personalizados de acuerdo con las bandas de frecuencia de diferentes pa\u00edses, por favor confirme que el pa\u00eds de compra y el pa\u00eds de uso real son coherentes. Por favor, lea la funci\u00f3n jammer antes de comprar.<br \/>2. Si los inhibidores de baja potencia (como inhibidores de mano) para bloquear dispositivo de se\u00f1al de alta potencia (como de alta potencia del router WIFI, Bluetooth equipo de audio, etc), el efecto ser\u00e1 pobre o incluso no puede jammer.<br \/>3.Est\u00e1 prohibido su uso durante la carga.<br \/>4.No utilice inhibidores port\u00e1tiles como inhibidores de sobremesa.<br \/>5.No utilice inhibidores antes de conectar la antena.<\/p>\t\t\t\t\t\t\t\t<\/div>\n\t\t\t\t<\/div>\n\t\t\t\t<\/div>\n\t\t\t\t\t<\/div>\n\t\t\t\t<\/div>\n\t\t\t\t<\/div>","protected":false},"excerpt":{"rendered":"<p>Presentamos el \u00faltimo mini bloqueador de se\u00f1al de dron port\u00e1til todo en uno con antena direccional. Este dispositivo jammer port\u00e1til es ligero e integra una antena direccional 10dbi de alta ganancia, que puede interferir de 100 a 500 metros de distancia.<\/p>\n<p><strong>Caracter\u00edsticas del producto:<\/strong><\/p>\n<p>1. Dise\u00f1o de mano integrado, peque\u00f1o y ligero.<br \/>\n2. Antena direccional de 10dbi de alta ganancia incorporada tres en uno, potencia de salida total de 20W, proporcionando una distancia de interferencia de 100-500 metros (dependiendo de la distancia entre el dron y el mando a distancia).<br \/>\n3. Cada dispositivo puede interferir hasta 3 bandas de frecuencia al mismo tiempo, equipado con un interruptor de alimentaci\u00f3n independiente y un indicador LED para mostrar el estado de la alimentaci\u00f3n.<br \/>\n4. La protecci\u00f3n contra sobretensiones VSWR garantiza la seguridad de cada m\u00f3dulo 100%.<br \/>\n5. Bater\u00eda incorporada, el tiempo de trabajo es de unos 60 minutos.<br \/>\n6. La potencia de la bater\u00eda, el estado del cargador y la corriente de trabajo se muestran en la pantalla LED para facilitar la supervisi\u00f3n.<\/p>","protected":false},"featured_media":1714,"comment_status":"open","ping_status":"closed","template":"","meta":{"site-sidebar-layout":"no-sidebar","site-content-layout":"page-builder","ast-site-content-layout":"normal-width-container","site-content-style":"default","site-sidebar-style":"default","ast-global-header-display":"","ast-banner-title-visibility":"","ast-main-header-display":"","ast-hfb-above-header-display":"","ast-hfb-below-header-display":"","ast-hfb-mobile-header-display":"","site-post-title":"disabled","ast-breadcrumbs-content":"","ast-featured-img":"disabled","footer-sml-layout":"","theme-transparent-header-meta":"default","adv-header-id-meta":"","stick-header-meta":"default","header-above-stick-meta":"","header-main-stick-meta":"","header-below-stick-meta":"","astra-migrate-meta-layouts":"set","ast-page-background-enabled":"default","ast-page-background-meta":{"desktop":{"background-color":"var(--ast-global-color-4)","background-image":"","background-repeat":"repeat","background-position":"center center","background-size":"auto","background-attachment":"scroll","background-type":"","background-media":"","overlay-type":"","overlay-color":"","overlay-gradient":""},"tablet":{"background-color":"","background-image":"","background-repeat":"repeat","background-position":"center center","background-size":"auto","background-attachment":"scroll","background-type":"","background-media":"","overlay-type":"","overlay-color":"","overlay-gradient":""},"mobile":{"background-color":"","background-image":"","background-repeat":"repeat","background-position":"center center","background-size":"auto","background-attachment":"scroll","background-type":"","background-media":"","overlay-type":"","overlay-color":"","overlay-gradient":""}},"ast-content-background-meta":{"desktop":{"background-color":"var(--ast-global-color-5)","background-image":"","background-repeat":"repeat","background-position":"center center","background-size":"auto","background-attachment":"scroll","background-type":"","background-media":"","overlay-type":"","overlay-color":"","overlay-gradient":""},"tablet":{"background-color":"var(--ast-global-color-5)","background-image":"","background-repeat":"repeat","background-position":"center center","background-size":"auto","background-attachment":"scroll","background-type":"","background-media":"","overlay-type":"","overlay-color":"","overlay-gradient":""},"mobile":{"background-color":"var(--ast-global-color-5)","background-image":"","background-repeat":"repeat","background-position":"center center","background-size":"auto","background-attachment":"scroll","background-type":"","background-media":"","overlay-type":"","overlay-color":"","overlay-gradient":""}}},"product_brand":[],"product_cat":[15,40,44,43,35,34,53,46,71,84,55,37,36],"product_tag":[345,448,470,452,473,502,536,537,503,504,424,453,368,505,524,493,465,476,434,512,457,479,516,560,549,487,552,441,561,445,443,558],"class_list":{"0":"post-2102","1":"product","2":"type-product","3":"status-publish","4":"has-post-thumbnail","6":"product_cat-signal-blocker","7":"product_cat-bluetooth-signal-blocker","8":"product_cat-drone-signal-blocker","9":"product_cat-drone-jammer","10":"product_cat-gps-signal-blocker","11":"product_cat-gps-signal-jammer","12":"product_cat-hidden-signal-jammer","13":"product_cat-high-power-signal-jammers","14":"product_cat-more-than-1000dollars-jammers","15":"product_cat-more-than-40meters","16":"product_cat-outdoor-jammer","17":"product_cat-wifi-signal-blocker","18":"product_cat-wifi-jammer","19":"product_tag-2-4ghz-wifi-jammer","20":"product_tag-anti-drone-jammer","21":"product_tag-device-jammer","22":"product_tag-diy-drone-jammer","23":"product_tag-door-jammer-hhhhhh","24":"product_tag-drone-frequency-jammer","25":"product_tag-drone-jammer-aaaaaa","26":"product_tag-drone-jammer-app","27":"product_tag-drone-jammer-for-sale","28":"product_tag-drone-radio-jammer","29":"product_tag-drone-signal-jammer","30":"product_tag-drone-signal-jammer-aaaaaa","31":"product_tag-drone-wifi-jammer","32":"product_tag-electronic-device-jammer","33":"product_tag-frequency-jammer","34":"product_tag-how-do-jammer-work","35":"product_tag-how-do-signal-jammer-work","36":"product_tag-how-to-make-signal-jammer","37":"product_tag-jammer-device","38":"product_tag-jammer-drone","39":"product_tag-jammer-meaning","40":"product_tag-jammer-signal-blocker","41":"product_tag-rf-frequency-jammer","42":"product_tag-rf-jammer","43":"product_tag-rf-jammer-for-sale","44":"product_tag-rf-signal-jammer","45":"product_tag-signal-jammer-blocker","46":"product_tag-signal-jammer-cost","47":"product_tag-signal-jammer-for-sale","48":"product_tag-wave-jammer","49":"product_tag-what-is-a-jammer","50":"product_tag-whats-a-jammer","51":"desktop-align-left","52":"tablet-align-left","53":"mobile-align-left","54":"ast-product-gallery-layout-horizontal-slider","55":"ast-product-single-variable","56":"ast-product-tabs-layout-horizontal","58":"first","59":"instock","60":"sale","61":"shipping-taxable","62":"purchasable","63":"product-type-variable"},"yoast_head":"<!-- This site is optimized with the Yoast SEO plugin v23.9 - https:\/\/yoast.com\/wordpress\/plugins\/seo\/ -->\n<title>Handheld all in one Drone Jammer with jamming distance up to 500 meters, Blocks RC2.4G 5.8GHz GPS GLONASS L1 Signals - JAMMERSIGNAL<\/title>\n<meta name=\"description\" content=\"This popular handheld all-in-one drone signal jammer, lightweight, integrated high-gain 10dbi directional antenna, has a jamming distance of up to 500 meters and can intercept RC2.4G 5.8GHz GPS GLONASS L1 signals.\" \/>\n<meta name=\"robots\" content=\"index, follow, max-snippet:-1, max-image-preview:large, max-video-preview:-1\" \/>\n<link rel=\"canonical\" href=\"https:\/\/www.jammersignal.com\/es\/producto\/handheld-all-in-one-drone-jammer\/\" \/>\n<meta property=\"og:locale\" content=\"es_ES\" \/>\n<meta property=\"og:type\" content=\"article\" \/>\n<meta property=\"og:title\" content=\"Handheld all in one Drone Jammer with jamming distance up to 500 meters, Blocks RC2.4G 5.8GHz GPS GLONASS L1 Signals - JAMMERSIGNAL\" \/>\n<meta property=\"og:description\" content=\"This popular handheld all-in-one drone signal jammer, lightweight, integrated high-gain 10dbi directional antenna, has a jamming distance of up to 500 meters and can intercept RC2.4G 5.8GHz GPS GLONASS L1 signals.\" \/>\n<meta property=\"og:url\" content=\"https:\/\/www.jammersignal.com\/es\/producto\/handheld-all-in-one-drone-jammer\/\" \/>\n<meta property=\"og:site_name\" content=\"JAMMERSIGNAL\" \/>\n<meta property=\"article:modified_time\" content=\"2025-09-20T02:36:56+00:00\" \/>\n<meta property=\"og:image\" content=\"https:\/\/www.jammersignal.com\/wp-content\/uploads\/2024\/05\/handheld-jammersignal-uav-all-in-one-jammers-1.jpg\" \/>\n\t<meta property=\"og:image:width\" content=\"600\" \/>\n\t<meta property=\"og:image:height\" content=\"600\" \/>\n\t<meta property=\"og:image:type\" content=\"image\/jpeg\" \/>\n<meta name=\"twitter:card\" content=\"summary_large_image\" \/>\n<meta name=\"twitter:label1\" content=\"Tiempo de lectura\" \/>\n\t<meta name=\"twitter:data1\" content=\"2 minutos\" \/>\n<script type=\"application\/ld+json\" class=\"yoast-schema-graph\">{\"@context\":\"https:\/\/schema.org\",\"@graph\":[{\"@type\":\"WebPage\",\"@id\":\"https:\/\/www.jammersignal.com\/product\/handheld-all-in-one-drone-jammer\/\",\"url\":\"https:\/\/www.jammersignal.com\/product\/handheld-all-in-one-drone-jammer\/\",\"name\":\"Handheld all in one Drone Jammer with jamming distance up to 500 meters, Blocks RC2.4G 5.8GHz GPS GLONASS L1 Signals - JAMMERSIGNAL\",\"isPartOf\":{\"@id\":\"https:\/\/www.jammersignal.com\/#website\"},\"primaryImageOfPage\":{\"@id\":\"https:\/\/www.jammersignal.com\/product\/handheld-all-in-one-drone-jammer\/#primaryimage\"},\"image\":{\"@id\":\"https:\/\/www.jammersignal.com\/product\/handheld-all-in-one-drone-jammer\/#primaryimage\"},\"thumbnailUrl\":\"https:\/\/www.jammersignal.com\/wp-content\/uploads\/2024\/05\/handheld-jammersignal-uav-all-in-one-jammers-1.jpg\",\"datePublished\":\"2024-05-31T00:58:52+00:00\",\"dateModified\":\"2025-09-20T02:36:56+00:00\",\"description\":\"This popular handheld all-in-one drone signal jammer, lightweight, integrated high-gain 10dbi directional antenna, has a jamming distance of up to 500 meters and can intercept RC2.4G 5.8GHz GPS GLONASS L1 signals.\",\"breadcrumb\":{\"@id\":\"https:\/\/www.jammersignal.com\/product\/handheld-all-in-one-drone-jammer\/#breadcrumb\"},\"inLanguage\":\"es\",\"potentialAction\":[{\"@type\":\"ReadAction\",\"target\":[\"https:\/\/www.jammersignal.com\/product\/handheld-all-in-one-drone-jammer\/\"]}]},{\"@type\":\"ImageObject\",\"inLanguage\":\"es\",\"@id\":\"https:\/\/www.jammersignal.com\/product\/handheld-all-in-one-drone-jammer\/#primaryimage\",\"url\":\"https:\/\/www.jammersignal.com\/wp-content\/uploads\/2024\/05\/handheld-jammersignal-uav-all-in-one-jammers-1.jpg\",\"contentUrl\":\"https:\/\/www.jammersignal.com\/wp-content\/uploads\/2024\/05\/handheld-jammersignal-uav-all-in-one-jammers-1.jpg\",\"width\":600,\"height\":600,\"caption\":\"handheld jammersignal uav all in one jammers (1)\"},{\"@type\":\"BreadcrumbList\",\"@id\":\"https:\/\/www.jammersignal.com\/product\/handheld-all-in-one-drone-jammer\/#breadcrumb\",\"itemListElement\":[{\"@type\":\"ListItem\",\"position\":1,\"name\":\"Home\",\"item\":\"https:\/\/www.jammersignal.com\/\"},{\"@type\":\"ListItem\",\"position\":2,\"name\":\"Shop\",\"item\":\"https:\/\/www.jammersignal.com\/shop\/\"},{\"@type\":\"ListItem\",\"position\":3,\"name\":\"Signal Blocker\",\"item\":\"https:\/\/www.jammersignal.com\/product-category\/signal-blocker\/\"},{\"@type\":\"ListItem\",\"position\":4,\"name\":\"Handheld all in one Drone Jammer with jamming distance up to 500 meters\"}]},{\"@type\":\"WebSite\",\"@id\":\"https:\/\/www.jammersignal.com\/#website\",\"url\":\"https:\/\/www.jammersignal.com\/\",\"name\":\"JAMMERSIGNAL\",\"description\":\"\",\"publisher\":{\"@id\":\"https:\/\/www.jammersignal.com\/#organization\"},\"potentialAction\":[{\"@type\":\"SearchAction\",\"target\":{\"@type\":\"EntryPoint\",\"urlTemplate\":\"https:\/\/www.jammersignal.com\/?s={search_term_string}\"},\"query-input\":{\"@type\":\"PropertyValueSpecification\",\"valueRequired\":true,\"valueName\":\"search_term_string\"}}],\"inLanguage\":\"es\"},{\"@type\":\"Organization\",\"@id\":\"https:\/\/www.jammersignal.com\/#organization\",\"name\":\"JAMMERSIGNAL\",\"url\":\"https:\/\/www.jammersignal.com\/\",\"logo\":{\"@type\":\"ImageObject\",\"inLanguage\":\"es\",\"@id\":\"https:\/\/www.jammersignal.com\/#\/schema\/logo\/image\/\",\"url\":\"https:\/\/www.jammersignal.com\/wp-content\/uploads\/2024\/05\/cropped-jammersignal-logo-4.png\",\"contentUrl\":\"https:\/\/www.jammersignal.com\/wp-content\/uploads\/2024\/05\/cropped-jammersignal-logo-4.png\",\"width\":104,\"height\":34,\"caption\":\"JAMMERSIGNAL\"},\"image\":{\"@id\":\"https:\/\/www.jammersignal.com\/#\/schema\/logo\/image\/\"}}]}<\/script>\n<!-- \/ Yoast SEO plugin. -->","yoast_head_json":{"title":"De mano todo en uno Drone Jammer con jamming distancia de hasta 500 metros, Bloquea RC2.4G 5.8GHz GPS GLONASS L1 Se\u00f1ales - JAMMERSIGNAL","description":"Este popular inhibidor de se\u00f1al de drones todo en uno de mano, ligero, antena direccional de 10dbi de alta ganancia integrada, tiene una distancia de interferencia de hasta 500 metros y puede interceptar se\u00f1ales RC2.4G 5.8GHz GPS GLONASS L1.","robots":{"index":"index","follow":"follow","max-snippet":"max-snippet:-1","max-image-preview":"max-image-preview:large","max-video-preview":"max-video-preview:-1"},"canonical":"https:\/\/www.jammersignal.com\/es\/producto\/handheld-all-in-one-drone-jammer\/","og_locale":"es_ES","og_type":"article","og_title":"Handheld all in one Drone Jammer with jamming distance up to 500 meters, Blocks RC2.4G 5.8GHz GPS GLONASS L1 Signals - JAMMERSIGNAL","og_description":"This popular handheld all-in-one drone signal jammer, lightweight, integrated high-gain 10dbi directional antenna, has a jamming distance of up to 500 meters and can intercept RC2.4G 5.8GHz GPS GLONASS L1 signals.","og_url":"https:\/\/www.jammersignal.com\/es\/producto\/handheld-all-in-one-drone-jammer\/","og_site_name":"JAMMERSIGNAL","article_modified_time":"2025-09-20T02:36:56+00:00","og_image":[{"width":600,"height":600,"url":"https:\/\/www.jammersignal.com\/wp-content\/uploads\/2024\/05\/handheld-jammersignal-uav-all-in-one-jammers-1.jpg","type":"image\/jpeg"}],"twitter_card":"summary_large_image","twitter_misc":{"Tiempo de lectura":"2 minutos"},"schema":{"@context":"https:\/\/schema.org","@graph":[{"@type":"WebPage","@id":"https:\/\/www.jammersignal.com\/product\/handheld-all-in-one-drone-jammer\/","url":"https:\/\/www.jammersignal.com\/product\/handheld-all-in-one-drone-jammer\/","name":"De mano todo en uno Drone Jammer con jamming distancia de hasta 500 metros, Bloquea RC2.4G 5.8GHz GPS GLONASS L1 Se\u00f1ales - JAMMERSIGNAL","isPartOf":{"@id":"https:\/\/www.jammersignal.com\/#website"},"primaryImageOfPage":{"@id":"https:\/\/www.jammersignal.com\/product\/handheld-all-in-one-drone-jammer\/#primaryimage"},"image":{"@id":"https:\/\/www.jammersignal.com\/product\/handheld-all-in-one-drone-jammer\/#primaryimage"},"thumbnailUrl":"https:\/\/www.jammersignal.com\/wp-content\/uploads\/2024\/05\/handheld-jammersignal-uav-all-in-one-jammers-1.jpg","datePublished":"2024-05-31T00:58:52+00:00","dateModified":"2025-09-20T02:36:56+00:00","description":"Este popular inhibidor de se\u00f1al de drones todo en uno de mano, ligero, antena direccional de 10dbi de alta ganancia integrada, tiene una distancia de interferencia de hasta 500 metros y puede interceptar se\u00f1ales RC2.4G 5.8GHz GPS GLONASS L1.","breadcrumb":{"@id":"https:\/\/www.jammersignal.com\/product\/handheld-all-in-one-drone-jammer\/#breadcrumb"},"inLanguage":"es","potentialAction":[{"@type":"ReadAction","target":["https:\/\/www.jammersignal.com\/product\/handheld-all-in-one-drone-jammer\/"]}]},{"@type":"ImageObject","inLanguage":"es","@id":"https:\/\/www.jammersignal.com\/product\/handheld-all-in-one-drone-jammer\/#primaryimage","url":"https:\/\/www.jammersignal.com\/wp-content\/uploads\/2024\/05\/handheld-jammersignal-uav-all-in-one-jammers-1.jpg","contentUrl":"https:\/\/www.jammersignal.com\/wp-content\/uploads\/2024\/05\/handheld-jammersignal-uav-all-in-one-jammers-1.jpg","width":600,"height":600,"caption":"handheld jammersignal uav all in one jammers (1)"},{"@type":"BreadcrumbList","@id":"https:\/\/www.jammersignal.com\/product\/handheld-all-in-one-drone-jammer\/#breadcrumb","itemListElement":[{"@type":"ListItem","position":1,"name":"Home","item":"https:\/\/www.jammersignal.com\/"},{"@type":"ListItem","position":2,"name":"Shop","item":"https:\/\/www.jammersignal.com\/shop\/"},{"@type":"ListItem","position":3,"name":"Signal Blocker","item":"https:\/\/www.jammersignal.com\/product-category\/signal-blocker\/"},{"@type":"ListItem","position":4,"name":"Handheld all in one Drone Jammer with jamming distance up to 500 meters"}]},{"@type":"WebSite","@id":"https:\/\/www.jammersignal.com\/#website","url":"https:\/\/www.jammersignal.com\/","name":"JAMMERSIGNAL","description":"","publisher":{"@id":"https:\/\/www.jammersignal.com\/#organization"},"potentialAction":[{"@type":"SearchAction","target":{"@type":"EntryPoint","urlTemplate":"https:\/\/www.jammersignal.com\/?s={search_term_string}"},"query-input":{"@type":"PropertyValueSpecification","valueRequired":true,"valueName":"search_term_string"}}],"inLanguage":"es"},{"@type":"Organization","@id":"https:\/\/www.jammersignal.com\/#organization","name":"JAMMERSIGNAL","url":"https:\/\/www.jammersignal.com\/","logo":{"@type":"ImageObject","inLanguage":"es","@id":"https:\/\/www.jammersignal.com\/#\/schema\/logo\/image\/","url":"https:\/\/www.jammersignal.com\/wp-content\/uploads\/2024\/05\/cropped-jammersignal-logo-4.png","contentUrl":"https:\/\/www.jammersignal.com\/wp-content\/uploads\/2024\/05\/cropped-jammersignal-logo-4.png","width":104,"height":34,"caption":"JAMMERSIGNAL"},"image":{"@id":"https:\/\/www.jammersignal.com\/#\/schema\/logo\/image\/"}}]}},"_links":{"self":[{"href":"https:\/\/www.jammersignal.com\/es\/wp-json\/wp\/v2\/product\/2102","targetHints":{"allow":["GET"]}}],"collection":[{"href":"https:\/\/www.jammersignal.com\/es\/wp-json\/wp\/v2\/product"}],"about":[{"href":"https:\/\/www.jammersignal.com\/es\/wp-json\/wp\/v2\/types\/product"}],"replies":[{"embeddable":true,"href":"https:\/\/www.jammersignal.com\/es\/wp-json\/wp\/v2\/comments?post=2102"}],"version-history":[{"count":5,"href":"https:\/\/www.jammersignal.com\/es\/wp-json\/wp\/v2\/product\/2102\/revisions"}],"predecessor-version":[{"id":2256,"href":"https:\/\/www.jammersignal.com\/es\/wp-json\/wp\/v2\/product\/2102\/revisions\/2256"}],"wp:featuredmedia":[{"embeddable":true,"href":"https:\/\/www.jammersignal.com\/es\/wp-json\/wp\/v2\/media\/1714"}],"wp:attachment":[{"href":"https:\/\/www.jammersignal.com\/es\/wp-json\/wp\/v2\/media?parent=2102"}],"wp:term":[{"taxonomy":"product_brand","embeddable":true,"href":"https:\/\/www.jammersignal.com\/es\/wp-json\/wp\/v2\/product_brand?post=2102"},{"taxonomy":"product_cat","embeddable":true,"href":"https:\/\/www.jammersignal.com\/es\/wp-json\/wp\/v2\/product_cat?post=2102"},{"taxonomy":"product_tag","embeddable":true,"href":"https:\/\/www.jammersignal.com\/es\/wp-json\/wp\/v2\/product_tag?post=2102"}],"curies":[{"name":"wp","href":"https:\/\/api.w.org\/{rel}","templated":true}]}}