{"id":2104,"date":"2024-05-31T02:05:54","date_gmt":"2024-05-31T02:05:54","guid":{"rendered":"https:\/\/www.jammersignal.com\/?post_type=product&#038;p=2104"},"modified":"2024-12-18T06:28:54","modified_gmt":"2024-12-18T06:28:54","slug":"cell-phone-gps-signal-tracking-interceptor-bag","status":"publish","type":"product","link":"https:\/\/www.jammersignal.com\/es\/producto\/cell-phone-gps-signal-tracking-interceptor-bag\/","title":{"rendered":"Bolsa protectora para interceptar la se\u00f1al GPS del tel\u00e9fono m\u00f3vil"},"content":{"rendered":"<div data-elementor-type=\"wp-post\" data-elementor-id=\"2104\" class=\"elementor elementor-2104\">\n\t\t\t\t<div class=\"elementor-element elementor-element-4a8c2a2 e-flex e-con-boxed e-con e-parent\" data-id=\"4a8c2a2\" data-element_type=\"container\">\n\t\t\t\t\t<div class=\"e-con-inner\">\n\t\t<div class=\"elementor-element elementor-element-2677d1d e-con-full e-flex e-con e-child\" data-id=\"2677d1d\" data-element_type=\"container\">\n\t\t\t\t<div class=\"elementor-element elementor-element-5ee8a99 elementor-widget elementor-widget-text-editor\" data-id=\"5ee8a99\" data-element_type=\"widget\" data-widget_type=\"text-editor.default\">\n\t\t\t\t<div class=\"elementor-widget-container\">\n\t\t\t\t\t\t\t\t\t<h4>Especificaciones t\u00e9cnicas<\/h4><table width=\"340\"><tbody><tr><td width=\"72\"><strong>Nombre del par\u00e1metro<\/strong><\/td><td width=\"268\"><strong>Par\u00e1metros<\/strong><\/td><\/tr><tr><td>Modelo\u00a0<\/td><td>HP01US<\/td><\/tr><tr><td>Frecuencias de interferencia<\/td><td>Se\u00f1al m\u00f3vil<\/td><\/tr><tr><td>Tama\u00f1o del dispositivo<\/td><td>130mm*70mm<\/td><\/tr><tr><td>Peso del aparato<\/td><td>20 g<\/td><\/tr><\/tbody><\/table>\t\t\t\t\t\t\t\t<\/div>\n\t\t\t\t<\/div>\n\t\t\t\t<\/div>\n\t\t<div class=\"elementor-element elementor-element-63abe0f e-con-full e-flex e-con e-child\" data-id=\"63abe0f\" data-element_type=\"container\">\n\t\t\t\t<div class=\"elementor-element elementor-element-3d0f9f0 elementor-widget elementor-widget-text-editor\" data-id=\"3d0f9f0\" data-element_type=\"widget\" data-widget_type=\"text-editor.default\">\n\t\t\t\t<div class=\"elementor-widget-container\">\n\t\t\t\t\t\t\t\t\t<h4>Informaci\u00f3n sobre el producto<\/h4><p>Presentamos un bloqueador de se\u00f1al de tel\u00e9fonos m\u00f3viles y una bolsa antirradiaci\u00f3n dise\u00f1ados para proteger la ubicaci\u00f3n de su tel\u00e9fono m\u00f3vil del rastreo por GPS.<\/p><p><strong>Caracter\u00edsticas del producto:<\/strong><\/p><p>1. Las llamadas entrantes desde el tel\u00e9fono m\u00f3vil de la bolsa mostrar\u00e1n un mensaje que dice \"El usuario al que est\u00e1 llamando se encuentra temporalmente fuera del \u00e1rea de servicio\".<\/p><p>2. Colocar el m\u00f3vil en la bolsa ayuda a evitar las radiaciones electromagn\u00e9ticas y tiene funciones de protecci\u00f3n de la salud.<\/p><p>Esta bolsa bloqueadora de se\u00f1al y antirradiaci\u00f3n para tel\u00e9fonos m\u00f3viles est\u00e1 dise\u00f1ada para proteger la ubicaci\u00f3n de su tel\u00e9fono m\u00f3vil del rastreo por GPS. Poner su tel\u00e9fono celular en la bolsa anti-rastreo bloquear\u00e1 GPS y se\u00f1ales de telefon\u00eda celular.<\/p><p><strong>Precauciones:<\/strong><\/p><p>1.Los inhibidores est\u00e1n personalizados de acuerdo con las bandas de frecuencia de diferentes pa\u00edses, por favor confirme que el pa\u00eds de compra y el pa\u00eds de uso real son coherentes. Por favor, lea la funci\u00f3n jammer antes de comprar.<br \/>2. Si los inhibidores de baja potencia (como inhibidores de mano) para bloquear dispositivo de se\u00f1al de alta potencia (como de alta potencia del router WIFI, Bluetooth equipo de audio, etc), el efecto ser\u00e1 pobre o incluso no puede jammer.<br \/>3.Est\u00e1 prohibido su uso durante la carga.<br \/>4.No utilice inhibidores port\u00e1tiles como inhibidores de sobremesa.<br \/>5.No utilice inhibidores antes de conectar la antena.<\/p>\t\t\t\t\t\t\t\t<\/div>\n\t\t\t\t<\/div>\n\t\t\t\t<\/div>\n\t\t\t\t\t<\/div>\n\t\t\t\t<\/div>\n\t\t\t\t<\/div>","protected":false},"excerpt":{"rendered":"<p>Presentamos un bloqueador de se\u00f1al de tel\u00e9fonos m\u00f3viles y una bolsa antirradiaci\u00f3n dise\u00f1ados para proteger la ubicaci\u00f3n de su tel\u00e9fono m\u00f3vil del rastreo por GPS.<\/p>\n<p><strong>Caracter\u00edsticas del producto:<\/strong><\/p>\n<ol>\n<li>Las llamadas entrantes desde el tel\u00e9fono m\u00f3vil de la bolsa mostrar\u00e1n un mensaje que dice \"El usuario al que est\u00e1 llamando se encuentra temporalmente fuera del \u00e1rea de servicio\".<\/li>\n<li>Colocar el m\u00f3vil en la bolsa ayuda a evitar las radiaciones electromagn\u00e9ticas y tiene funciones de protecci\u00f3n de la salud.<\/li>\n<\/ol>","protected":false},"featured_media":1723,"comment_status":"open","ping_status":"closed","template":"","meta":{"site-sidebar-layout":"no-sidebar","site-content-layout":"page-builder","ast-site-content-layout":"normal-width-container","site-content-style":"default","site-sidebar-style":"default","ast-global-header-display":"","ast-banner-title-visibility":"","ast-main-header-display":"","ast-hfb-above-header-display":"","ast-hfb-below-header-display":"","ast-hfb-mobile-header-display":"","site-post-title":"disabled","ast-breadcrumbs-content":"","ast-featured-img":"disabled","footer-sml-layout":"","theme-transparent-header-meta":"default","adv-header-id-meta":"","stick-header-meta":"default","header-above-stick-meta":"","header-main-stick-meta":"","header-below-stick-meta":"","astra-migrate-meta-layouts":"set","ast-page-background-enabled":"default","ast-page-background-meta":{"desktop":{"background-color":"var(--ast-global-color-4)","background-image":"","background-repeat":"repeat","background-position":"center center","background-size":"auto","background-attachment":"scroll","background-type":"","background-media":"","overlay-type":"","overlay-color":"","overlay-gradient":""},"tablet":{"background-color":"","background-image":"","background-repeat":"repeat","background-position":"center center","background-size":"auto","background-attachment":"scroll","background-type":"","background-media":"","overlay-type":"","overlay-color":"","overlay-gradient":""},"mobile":{"background-color":"","background-image":"","background-repeat":"repeat","background-position":"center center","background-size":"auto","background-attachment":"scroll","background-type":"","background-media":"","overlay-type":"","overlay-color":"","overlay-gradient":""}},"ast-content-background-meta":{"desktop":{"background-color":"var(--ast-global-color-5)","background-image":"","background-repeat":"repeat","background-position":"center center","background-size":"auto","background-attachment":"scroll","background-type":"","background-media":"","overlay-type":"","overlay-color":"","overlay-gradient":""},"tablet":{"background-color":"var(--ast-global-color-5)","background-image":"","background-repeat":"repeat","background-position":"center center","background-size":"auto","background-attachment":"scroll","background-type":"","background-media":"","overlay-type":"","overlay-color":"","overlay-gradient":""},"mobile":{"background-color":"var(--ast-global-color-5)","background-image":"","background-repeat":"repeat","background-position":"center center","background-size":"auto","background-attachment":"scroll","background-type":"","background-media":"","overlay-type":"","overlay-color":"","overlay-gradient":""}}},"product_brand":[],"product_cat":[15,56,33,32,63,35,34,67,54,80],"product_tag":[410,154,155,156,411,412,413,414,415,418,158,117,159,164,254,172,174,175,176,177,178,114,182,184,185,118,274,275,277,205,285,144,213,286,288,509,116,435,224,225,145,226,294,295,296,227,297,228,231,441,561,233,235,442,240,243],"class_list":{"0":"post-2104","1":"product","2":"type-product","3":"status-publish","4":"has-post-thumbnail","6":"product_cat-signal-blocker","7":"product_cat-car-rechargeable-jammer","8":"product_cat-cell-phone-signal-blocker","9":"product_cat-cell-phone-signal-jammer","10":"product_cat-cheap-jammer","11":"product_cat-gps-signal-blocker","12":"product_cat-gps-signal-jammer","13":"product_cat-less-than-100dollars-jammer","14":"product_cat-mini-jammer-small-blocker","15":"product_cat-within-10meters","16":"product_tag-buy-car-gps-jammer","17":"product_tag-buy-cell-phone-jammer","18":"product_tag-buy-cell-phone-jammer-online","19":"product_tag-buy-cell-phone-signal-jammer","20":"product_tag-buy-cigarette-lighter-gps-cell-phone-jammer","21":"product_tag-buy-gps-jammer-australia","22":"product_tag-buy-gps-jammer-canada","23":"product_tag-buy-gps-jammer-cigarette-lighter","24":"product_tag-buy-gps-jammer-ebay","25":"product_tag-buy-gps-jammer-near-me","26":"product_tag-car-cell-phone-jammer","27":"product_tag-cell-jammer-amazon","28":"product_tag-cell-jammer-circuit","29":"product_tag-cell-phone-blocker-signal-jammer-device","30":"product_tag-cell-phone-jammer-apk","31":"product_tag-cell-phone-jammer-best-buy","32":"product_tag-cell-phone-jammer-canadablock","33":"product_tag-cell-phone-jammer-circuit-diagram","34":"product_tag-cell-phone-jammer-ebay","35":"product_tag-cell-phone-jammer-for-business","36":"product_tag-cell-phone-jammer-for-classroom","37":"product_tag-cell-phone-jammer-for-sale","38":"product_tag-cell-phone-jammer-for-workplace","39":"product_tag-cell-phone-jammer-range","40":"product_tag-cell-phone-jammer-raspberry-pi","41":"product_tag-cell-phone-reception-jammer","42":"product_tag-cell-phone-signal-jammer-app-iphone","43":"product_tag-cell-phone-signal-jammer-classroom","44":"product_tag-cell-phone-tracking-jammer","45":"product_tag-cellular-jammer-ebay","46":"product_tag-free-cell-phone-jammer-app","47":"product_tag-gps-and-cell-phone-jammer","48":"product_tag-gps-cell-jammer","49":"product_tag-gsm-cell-phone-jammer","50":"product_tag-homemade-cell-phone-signal-jammer","51":"product_tag-jammer-blocker-signal","52":"product_tag-jammer-for-cell-phone-signal","53":"product_tag-jammer-gps-aaaaaa","54":"product_tag-make-cell-phone-jammer","55":"product_tag-make-your-own-cell-phone-jammer","56":"product_tag-mini-cell-phone-jammer","57":"product_tag-personal-cell-phone-jammer","58":"product_tag-pocket-cell-phone-jammer","59":"product_tag-pocket-sized-cell-phone-jammer","60":"product_tag-portable-cell-phone-jammer","61":"product_tag-portable-cell-phone-jammer-amazon","62":"product_tag-portable-cell-phone-jammer-ebay","63":"product_tag-portable-cellular-jammer","64":"product_tag-raspberrypi-cell-phone-jammer","65":"product_tag-signal-jammer-cost","66":"product_tag-signal-jammer-for-sale","67":"product_tag-simple-cell-phone-jammer","68":"product_tag-small-cell-phone-jammer","69":"product_tag-vehicle-gps-jammer","70":"product_tag-where-can-i-buy-a-cell-phone-jammer","71":"product_tag-workplace-cell-phone-jammer","72":"desktop-align-left","73":"tablet-align-left","74":"mobile-align-left","75":"ast-product-gallery-layout-horizontal-slider","76":"ast-product-single-variable","77":"ast-product-tabs-layout-horizontal","79":"first","80":"instock","81":"sale","82":"shipping-taxable","83":"purchasable","84":"product-type-variable"},"yoast_head":"<!-- This site is optimized with the Yoast SEO plugin v23.9 - https:\/\/yoast.com\/wordpress\/plugins\/seo\/ -->\n<title>Protect Mobile Phone GPS Signal Tracking Interceptor Bag while preventing electromagnetic radiation from mobile phones - JAMMERSIGNAL<\/title>\n<meta name=\"description\" content=\"Introducing a cell phone signal blocker and anti-radiation bag designed to protect your cell phone location from GPS tracking. Putting your cell phone in the anti-tracking bag will block GPS and cell phone signals.\" \/>\n<meta name=\"robots\" content=\"index, follow, max-snippet:-1, max-image-preview:large, max-video-preview:-1\" \/>\n<link rel=\"canonical\" href=\"https:\/\/www.jammersignal.com\/es\/producto\/cell-phone-gps-signal-tracking-interceptor-bag\/\" \/>\n<meta property=\"og:locale\" content=\"es_ES\" \/>\n<meta property=\"og:type\" content=\"article\" \/>\n<meta property=\"og:title\" content=\"Protect Mobile Phone GPS Signal Tracking Interceptor Bag while preventing electromagnetic radiation from mobile phones - JAMMERSIGNAL\" \/>\n<meta property=\"og:description\" content=\"Introducing a cell phone signal blocker and anti-radiation bag designed to protect your cell phone location from GPS tracking. Putting your cell phone in the anti-tracking bag will block GPS and cell phone signals.\" \/>\n<meta property=\"og:url\" content=\"https:\/\/www.jammersignal.com\/es\/producto\/cell-phone-gps-signal-tracking-interceptor-bag\/\" \/>\n<meta property=\"og:site_name\" content=\"JAMMERSIGNAL\" \/>\n<meta property=\"article:modified_time\" content=\"2024-12-18T06:28:54+00:00\" \/>\n<meta property=\"og:image\" content=\"https:\/\/www.jammersignal.com\/wp-content\/uploads\/2024\/05\/protective-cell-jammersignal-tracking-signal-gps-jammers-1.jpg\" \/>\n\t<meta property=\"og:image:width\" content=\"320\" \/>\n\t<meta property=\"og:image:height\" content=\"320\" \/>\n\t<meta property=\"og:image:type\" content=\"image\/jpeg\" \/>\n<meta name=\"twitter:card\" content=\"summary_large_image\" \/>\n<meta name=\"twitter:label1\" content=\"Tiempo de lectura\" \/>\n\t<meta name=\"twitter:data1\" content=\"1 minuto\" \/>\n<script type=\"application\/ld+json\" class=\"yoast-schema-graph\">{\"@context\":\"https:\/\/schema.org\",\"@graph\":[{\"@type\":\"WebPage\",\"@id\":\"https:\/\/www.jammersignal.com\/product\/cell-phone-gps-signal-tracking-interceptor-bag\/\",\"url\":\"https:\/\/www.jammersignal.com\/product\/cell-phone-gps-signal-tracking-interceptor-bag\/\",\"name\":\"Protect Mobile Phone GPS Signal Tracking Interceptor Bag while preventing electromagnetic radiation from mobile phones - JAMMERSIGNAL\",\"isPartOf\":{\"@id\":\"https:\/\/www.jammersignal.com\/#website\"},\"primaryImageOfPage\":{\"@id\":\"https:\/\/www.jammersignal.com\/product\/cell-phone-gps-signal-tracking-interceptor-bag\/#primaryimage\"},\"image\":{\"@id\":\"https:\/\/www.jammersignal.com\/product\/cell-phone-gps-signal-tracking-interceptor-bag\/#primaryimage\"},\"thumbnailUrl\":\"https:\/\/www.jammersignal.com\/wp-content\/uploads\/2024\/05\/protective-cell-jammersignal-tracking-signal-gps-jammers-1.jpg\",\"datePublished\":\"2024-05-31T02:05:54+00:00\",\"dateModified\":\"2024-12-18T06:28:54+00:00\",\"description\":\"Introducing a cell phone signal blocker and anti-radiation bag designed to protect your cell phone location from GPS tracking. Putting your cell phone in the anti-tracking bag will block GPS and cell phone signals.\",\"breadcrumb\":{\"@id\":\"https:\/\/www.jammersignal.com\/product\/cell-phone-gps-signal-tracking-interceptor-bag\/#breadcrumb\"},\"inLanguage\":\"es\",\"potentialAction\":[{\"@type\":\"ReadAction\",\"target\":[\"https:\/\/www.jammersignal.com\/product\/cell-phone-gps-signal-tracking-interceptor-bag\/\"]}]},{\"@type\":\"ImageObject\",\"inLanguage\":\"es\",\"@id\":\"https:\/\/www.jammersignal.com\/product\/cell-phone-gps-signal-tracking-interceptor-bag\/#primaryimage\",\"url\":\"https:\/\/www.jammersignal.com\/wp-content\/uploads\/2024\/05\/protective-cell-jammersignal-tracking-signal-gps-jammers-1.jpg\",\"contentUrl\":\"https:\/\/www.jammersignal.com\/wp-content\/uploads\/2024\/05\/protective-cell-jammersignal-tracking-signal-gps-jammers-1.jpg\",\"width\":320,\"height\":320,\"caption\":\"protective cell jammersignal tracking signal gps jammers (1)\"},{\"@type\":\"BreadcrumbList\",\"@id\":\"https:\/\/www.jammersignal.com\/product\/cell-phone-gps-signal-tracking-interceptor-bag\/#breadcrumb\",\"itemListElement\":[{\"@type\":\"ListItem\",\"position\":1,\"name\":\"Home\",\"item\":\"https:\/\/www.jammersignal.com\/\"},{\"@type\":\"ListItem\",\"position\":2,\"name\":\"Shop\",\"item\":\"https:\/\/www.jammersignal.com\/shop\/\"},{\"@type\":\"ListItem\",\"position\":3,\"name\":\"Signal Blocker\",\"item\":\"https:\/\/www.jammersignal.com\/product-category\/signal-blocker\/\"},{\"@type\":\"ListItem\",\"position\":4,\"name\":\"Protective Cell Phone GPS Signal Tracking Interceptor Bag\"}]},{\"@type\":\"WebSite\",\"@id\":\"https:\/\/www.jammersignal.com\/#website\",\"url\":\"https:\/\/www.jammersignal.com\/\",\"name\":\"JAMMERSIGNAL\",\"description\":\"\",\"publisher\":{\"@id\":\"https:\/\/www.jammersignal.com\/#organization\"},\"potentialAction\":[{\"@type\":\"SearchAction\",\"target\":{\"@type\":\"EntryPoint\",\"urlTemplate\":\"https:\/\/www.jammersignal.com\/?s={search_term_string}\"},\"query-input\":{\"@type\":\"PropertyValueSpecification\",\"valueRequired\":true,\"valueName\":\"search_term_string\"}}],\"inLanguage\":\"es\"},{\"@type\":\"Organization\",\"@id\":\"https:\/\/www.jammersignal.com\/#organization\",\"name\":\"JAMMERSIGNAL\",\"url\":\"https:\/\/www.jammersignal.com\/\",\"logo\":{\"@type\":\"ImageObject\",\"inLanguage\":\"es\",\"@id\":\"https:\/\/www.jammersignal.com\/#\/schema\/logo\/image\/\",\"url\":\"https:\/\/www.jammersignal.com\/wp-content\/uploads\/2024\/05\/cropped-jammersignal-logo-4.png\",\"contentUrl\":\"https:\/\/www.jammersignal.com\/wp-content\/uploads\/2024\/05\/cropped-jammersignal-logo-4.png\",\"width\":104,\"height\":34,\"caption\":\"JAMMERSIGNAL\"},\"image\":{\"@id\":\"https:\/\/www.jammersignal.com\/#\/schema\/logo\/image\/\"}}]}<\/script>\n<!-- \/ Yoast SEO plugin. -->","yoast_head_json":{"title":"Proteger el tel\u00e9fono m\u00f3vil GPS de seguimiento de la se\u00f1al de la bolsa interceptor al tiempo que evita la radiaci\u00f3n electromagn\u00e9tica de los tel\u00e9fonos m\u00f3viles - JAMMERSIGNAL","description":"Presentamos un bloqueador de se\u00f1al de tel\u00e9fonos m\u00f3viles y una bolsa antirradiaci\u00f3n dise\u00f1ados para proteger la ubicaci\u00f3n de su tel\u00e9fono m\u00f3vil del rastreo por GPS. Poner su tel\u00e9fono celular en la bolsa anti-rastreo bloquear\u00e1 GPS y se\u00f1ales de telefon\u00eda celular.","robots":{"index":"index","follow":"follow","max-snippet":"max-snippet:-1","max-image-preview":"max-image-preview:large","max-video-preview":"max-video-preview:-1"},"canonical":"https:\/\/www.jammersignal.com\/es\/producto\/cell-phone-gps-signal-tracking-interceptor-bag\/","og_locale":"es_ES","og_type":"article","og_title":"Protect Mobile Phone GPS Signal Tracking Interceptor Bag while preventing electromagnetic radiation from mobile phones - JAMMERSIGNAL","og_description":"Introducing a cell phone signal blocker and anti-radiation bag designed to protect your cell phone location from GPS tracking. Putting your cell phone in the anti-tracking bag will block GPS and cell phone signals.","og_url":"https:\/\/www.jammersignal.com\/es\/producto\/cell-phone-gps-signal-tracking-interceptor-bag\/","og_site_name":"JAMMERSIGNAL","article_modified_time":"2024-12-18T06:28:54+00:00","og_image":[{"width":320,"height":320,"url":"https:\/\/www.jammersignal.com\/wp-content\/uploads\/2024\/05\/protective-cell-jammersignal-tracking-signal-gps-jammers-1.jpg","type":"image\/jpeg"}],"twitter_card":"summary_large_image","twitter_misc":{"Tiempo de lectura":"1 minuto"},"schema":{"@context":"https:\/\/schema.org","@graph":[{"@type":"WebPage","@id":"https:\/\/www.jammersignal.com\/product\/cell-phone-gps-signal-tracking-interceptor-bag\/","url":"https:\/\/www.jammersignal.com\/product\/cell-phone-gps-signal-tracking-interceptor-bag\/","name":"Proteger el tel\u00e9fono m\u00f3vil GPS de seguimiento de la se\u00f1al de la bolsa interceptor al tiempo que evita la radiaci\u00f3n electromagn\u00e9tica de los tel\u00e9fonos m\u00f3viles - JAMMERSIGNAL","isPartOf":{"@id":"https:\/\/www.jammersignal.com\/#website"},"primaryImageOfPage":{"@id":"https:\/\/www.jammersignal.com\/product\/cell-phone-gps-signal-tracking-interceptor-bag\/#primaryimage"},"image":{"@id":"https:\/\/www.jammersignal.com\/product\/cell-phone-gps-signal-tracking-interceptor-bag\/#primaryimage"},"thumbnailUrl":"https:\/\/www.jammersignal.com\/wp-content\/uploads\/2024\/05\/protective-cell-jammersignal-tracking-signal-gps-jammers-1.jpg","datePublished":"2024-05-31T02:05:54+00:00","dateModified":"2024-12-18T06:28:54+00:00","description":"Presentamos un bloqueador de se\u00f1al de tel\u00e9fonos m\u00f3viles y una bolsa antirradiaci\u00f3n dise\u00f1ados para proteger la ubicaci\u00f3n de su tel\u00e9fono m\u00f3vil del rastreo por GPS. Poner su tel\u00e9fono celular en la bolsa anti-rastreo bloquear\u00e1 GPS y se\u00f1ales de telefon\u00eda celular.","breadcrumb":{"@id":"https:\/\/www.jammersignal.com\/product\/cell-phone-gps-signal-tracking-interceptor-bag\/#breadcrumb"},"inLanguage":"es","potentialAction":[{"@type":"ReadAction","target":["https:\/\/www.jammersignal.com\/product\/cell-phone-gps-signal-tracking-interceptor-bag\/"]}]},{"@type":"ImageObject","inLanguage":"es","@id":"https:\/\/www.jammersignal.com\/product\/cell-phone-gps-signal-tracking-interceptor-bag\/#primaryimage","url":"https:\/\/www.jammersignal.com\/wp-content\/uploads\/2024\/05\/protective-cell-jammersignal-tracking-signal-gps-jammers-1.jpg","contentUrl":"https:\/\/www.jammersignal.com\/wp-content\/uploads\/2024\/05\/protective-cell-jammersignal-tracking-signal-gps-jammers-1.jpg","width":320,"height":320,"caption":"protective cell jammersignal tracking signal gps jammers (1)"},{"@type":"BreadcrumbList","@id":"https:\/\/www.jammersignal.com\/product\/cell-phone-gps-signal-tracking-interceptor-bag\/#breadcrumb","itemListElement":[{"@type":"ListItem","position":1,"name":"Home","item":"https:\/\/www.jammersignal.com\/"},{"@type":"ListItem","position":2,"name":"Shop","item":"https:\/\/www.jammersignal.com\/shop\/"},{"@type":"ListItem","position":3,"name":"Signal Blocker","item":"https:\/\/www.jammersignal.com\/product-category\/signal-blocker\/"},{"@type":"ListItem","position":4,"name":"Protective Cell Phone GPS Signal Tracking Interceptor Bag"}]},{"@type":"WebSite","@id":"https:\/\/www.jammersignal.com\/#website","url":"https:\/\/www.jammersignal.com\/","name":"JAMMERSIGNAL","description":"","publisher":{"@id":"https:\/\/www.jammersignal.com\/#organization"},"potentialAction":[{"@type":"SearchAction","target":{"@type":"EntryPoint","urlTemplate":"https:\/\/www.jammersignal.com\/?s={search_term_string}"},"query-input":{"@type":"PropertyValueSpecification","valueRequired":true,"valueName":"search_term_string"}}],"inLanguage":"es"},{"@type":"Organization","@id":"https:\/\/www.jammersignal.com\/#organization","name":"JAMMERSIGNAL","url":"https:\/\/www.jammersignal.com\/","logo":{"@type":"ImageObject","inLanguage":"es","@id":"https:\/\/www.jammersignal.com\/#\/schema\/logo\/image\/","url":"https:\/\/www.jammersignal.com\/wp-content\/uploads\/2024\/05\/cropped-jammersignal-logo-4.png","contentUrl":"https:\/\/www.jammersignal.com\/wp-content\/uploads\/2024\/05\/cropped-jammersignal-logo-4.png","width":104,"height":34,"caption":"JAMMERSIGNAL"},"image":{"@id":"https:\/\/www.jammersignal.com\/#\/schema\/logo\/image\/"}}]}},"_links":{"self":[{"href":"https:\/\/www.jammersignal.com\/es\/wp-json\/wp\/v2\/product\/2104","targetHints":{"allow":["GET"]}}],"collection":[{"href":"https:\/\/www.jammersignal.com\/es\/wp-json\/wp\/v2\/product"}],"about":[{"href":"https:\/\/www.jammersignal.com\/es\/wp-json\/wp\/v2\/types\/product"}],"replies":[{"embeddable":true,"href":"https:\/\/www.jammersignal.com\/es\/wp-json\/wp\/v2\/comments?post=2104"}],"version-history":[{"count":5,"href":"https:\/\/www.jammersignal.com\/es\/wp-json\/wp\/v2\/product\/2104\/revisions"}],"predecessor-version":[{"id":2268,"href":"https:\/\/www.jammersignal.com\/es\/wp-json\/wp\/v2\/product\/2104\/revisions\/2268"}],"wp:featuredmedia":[{"embeddable":true,"href":"https:\/\/www.jammersignal.com\/es\/wp-json\/wp\/v2\/media\/1723"}],"wp:attachment":[{"href":"https:\/\/www.jammersignal.com\/es\/wp-json\/wp\/v2\/media?parent=2104"}],"wp:term":[{"taxonomy":"product_brand","embeddable":true,"href":"https:\/\/www.jammersignal.com\/es\/wp-json\/wp\/v2\/product_brand?post=2104"},{"taxonomy":"product_cat","embeddable":true,"href":"https:\/\/www.jammersignal.com\/es\/wp-json\/wp\/v2\/product_cat?post=2104"},{"taxonomy":"product_tag","embeddable":true,"href":"https:\/\/www.jammersignal.com\/es\/wp-json\/wp\/v2\/product_tag?post=2104"}],"curies":[{"name":"wp","href":"https:\/\/api.w.org\/{rel}","templated":true}]}}