{"id":2270,"date":"2024-05-31T02:15:27","date_gmt":"2024-05-31T02:15:27","guid":{"rendered":"https:\/\/www.jammersignal.com\/?post_type=product&#038;p=2270"},"modified":"2024-12-19T08:16:14","modified_gmt":"2024-12-19T08:16:14","slug":"2-4ghz-5-1ghz-5-8ghz-3channel-portable-drone-jammer","status":"publish","type":"product","link":"https:\/\/www.jammersignal.com\/es\/producto\/2-4ghz-5-1ghz-5-8ghz-3channel-portable-drone-jammer\/","title":{"rendered":"2.4GHz 5.1GHz 5.8GHz 3-canal Port\u00e1til Drone Se\u00f1al Jammer"},"content":{"rendered":"<div data-elementor-type=\"wp-post\" data-elementor-id=\"2270\" class=\"elementor elementor-2270\">\n\t\t\t\t<div class=\"elementor-element elementor-element-4a8c2a2 e-flex e-con-boxed e-con e-parent\" data-id=\"4a8c2a2\" data-element_type=\"container\">\n\t\t\t\t\t<div class=\"e-con-inner\">\n\t\t<div class=\"elementor-element elementor-element-2677d1d e-con-full e-flex e-con e-child\" data-id=\"2677d1d\" data-element_type=\"container\">\n\t\t\t\t<div class=\"elementor-element elementor-element-5ee8a99 elementor-widget elementor-widget-text-editor\" data-id=\"5ee8a99\" data-element_type=\"widget\" data-widget_type=\"text-editor.default\">\n\t\t\t\t<div class=\"elementor-widget-container\">\n\t\t\t\t\t\t\t\t\t<h4>Especificaciones t\u00e9cnicas<\/h4><table width=\"416\"><tbody><tr><td width=\"72\"><strong>Nombre del par\u00e1metro<\/strong><\/td><td width=\"344\"><strong>Par\u00e1metros<\/strong><\/td><\/tr><tr><td>Modelo\u00a0<\/td><td>HW03US<\/td><\/tr><tr><td>Frecuencias de interferencia<\/td><td width=\"344\">2.4G: 2400MHz-2480MHz<br \/>5.1G: 5180MHz-5380MHz<br \/>5,8G: 5725MHz-5840MHz<\/td><\/tr><tr><td>Radio de interferencia<\/td><td>Hasta 100 metros<\/td><\/tr><tr><td>Alimentaci\u00f3n<\/td><td>Enchufe de alimentaci\u00f3n, bater\u00eda incorporada(Cancelado debido a la actualizaci\u00f3n del producto)<\/td><\/tr><tr><td>Potencia de salida total<\/td><td>5W<\/td><\/tr><tr><td>Tensi\u00f3n<\/td><td>AC100-240V DC12V<\/td><\/tr><tr><td>Temperatura de funcionamiento<\/td><td>-40\u2103 a +70\u2103<\/td><\/tr><tr><td>Humedad de funcionamiento<\/td><td>5% a 80%<\/td><\/tr><tr><td>Tama\u00f1o del dispositivo<\/td><td>180mm*130mm*65mm<\/td><\/tr><tr><td>Peso del aparato<\/td><td>2500 g<\/td><\/tr><\/tbody><\/table>\t\t\t\t\t\t\t\t<\/div>\n\t\t\t\t<\/div>\n\t\t\t\t<\/div>\n\t\t<div class=\"elementor-element elementor-element-63abe0f e-con-full e-flex e-con e-child\" data-id=\"63abe0f\" data-element_type=\"container\">\n\t\t\t\t<div class=\"elementor-element elementor-element-3d0f9f0 elementor-widget elementor-widget-text-editor\" data-id=\"3d0f9f0\" data-element_type=\"widget\" data-widget_type=\"text-editor.default\">\n\t\t\t\t<div class=\"elementor-widget-container\">\n\t\t\t\t\t\t\t\t\t<h4>Informaci\u00f3n sobre el producto<\/h4><p>Nuestro potente inhibidor de drones est\u00e1 dise\u00f1ado para bloquear eficazmente las se\u00f1ales WiFi de drones en m\u00faltiples bandas de frecuencia. Este bloqueador de se\u00f1al UAV tiene una excelente conductividad t\u00e9rmica, un alto rendimiento y un alcance impresionante.<\/p><p>Dise\u00f1ado para ser port\u00e1til, es una soluci\u00f3n ideal para controlar las actividades ilegales de los drones. Este inhibidor de drones de 3 canales a 2,4 GHz 5,1 GHz 5,8 GHz es la primera opci\u00f3n de los departamentos de gesti\u00f3n de la seguridad de las ciudades y una valiosa herramienta para proteger la privacidad y garantizar la seguridad.<\/p><p><strong>Caracter\u00edsticas del producto:<\/strong><\/p><ol><li>Equipado con un fiable sistema de refrigeraci\u00f3n y ventilador incorporado para una disipaci\u00f3n eficaz del calor.<\/li><li>Las bandas de frecuencia individuales pueden ajustarse o desactivarse sin interferir con el funcionamiento de otras bandas de frecuencia.<\/li><li>Capaz de interferir se\u00f1ales en frecuencias de 2,4 GHz, 5,1 GHz y 5,8 GHz.<\/li><\/ol><p><strong>Aplicaciones:<\/strong><\/p><p>Este inhibidor de drones es ideal para diversas aplicaciones, como prisiones, centros de detenci\u00f3n, centros de rehabilitaci\u00f3n de drogadictos, agencias de seguridad y uso militar. Proporciona un medio eficaz para combatir las actividades no autorizadas de drones y mantener la seguridad de las zonas sensibles.<\/p>\t\t\t\t\t\t\t\t<\/div>\n\t\t\t\t<\/div>\n\t\t\t\t<\/div>\n\t\t\t\t\t<\/div>\n\t\t\t\t<\/div>\n\t\t\t\t<\/div>","protected":false},"excerpt":{"rendered":"<p>Nuestro potente inhibidor de drones est\u00e1 dise\u00f1ado para bloquear eficazmente las se\u00f1ales WiFi de drones en m\u00faltiples bandas de frecuencia. Este bloqueador de se\u00f1al UAV tiene una excelente conductividad t\u00e9rmica, un alto rendimiento y un alcance impresionante.<\/p>\n<p>Dise\u00f1ado para ser port\u00e1til, es una soluci\u00f3n ideal para controlar las actividades ilegales de los drones. Este inhibidor de drones de 3 canales a 2,4 GHz 5,1 GHz 5,8 GHz es la primera opci\u00f3n de los departamentos de gesti\u00f3n de la seguridad de las ciudades y una valiosa herramienta para proteger la privacidad y garantizar la seguridad.<\/p>\n<p><strong>Caracter\u00edsticas del producto:<\/strong><\/p>\n<p>1. Equipado con un fiable sistema de refrigeraci\u00f3n y ventilador incorporado para una disipaci\u00f3n eficaz del calor.<br \/>\n2. Las bandas de frecuencia individuales pueden ajustarse o desactivarse sin interferir con el funcionamiento de otras bandas de frecuencia.<br \/>\n3. Capaz de interferir se\u00f1ales en frecuencias de 2,4 GHz, 5,1 GHz y 5,8 GHz.<\/p>","protected":false},"featured_media":1733,"comment_status":"open","ping_status":"closed","template":"","meta":{"site-sidebar-layout":"no-sidebar","site-content-layout":"page-builder","ast-site-content-layout":"normal-width-container","site-content-style":"default","site-sidebar-style":"default","ast-global-header-display":"","ast-banner-title-visibility":"","ast-main-header-display":"","ast-hfb-above-header-display":"","ast-hfb-below-header-display":"","ast-hfb-mobile-header-display":"","site-post-title":"disabled","ast-breadcrumbs-content":"","ast-featured-img":"disabled","footer-sml-layout":"","theme-transparent-header-meta":"default","adv-header-id-meta":"","stick-header-meta":"default","header-above-stick-meta":"","header-main-stick-meta":"","header-below-stick-meta":"","astra-migrate-meta-layouts":"set","ast-page-background-enabled":"default","ast-page-background-meta":{"desktop":{"background-color":"var(--ast-global-color-4)","background-image":"","background-repeat":"repeat","background-position":"center center","background-size":"auto","background-attachment":"scroll","background-type":"","background-media":"","overlay-type":"","overlay-color":"","overlay-gradient":""},"tablet":{"background-color":"","background-image":"","background-repeat":"repeat","background-position":"center center","background-size":"auto","background-attachment":"scroll","background-type":"","background-media":"","overlay-type":"","overlay-color":"","overlay-gradient":""},"mobile":{"background-color":"","background-image":"","background-repeat":"repeat","background-position":"center center","background-size":"auto","background-attachment":"scroll","background-type":"","background-media":"","overlay-type":"","overlay-color":"","overlay-gradient":""}},"ast-content-background-meta":{"desktop":{"background-color":"var(--ast-global-color-5)","background-image":"","background-repeat":"repeat","background-position":"center center","background-size":"auto","background-attachment":"scroll","background-type":"","background-media":"","overlay-type":"","overlay-color":"","overlay-gradient":""},"tablet":{"background-color":"var(--ast-global-color-5)","background-image":"","background-repeat":"repeat","background-position":"center center","background-size":"auto","background-attachment":"scroll","background-type":"","background-media":"","overlay-type":"","overlay-color":"","overlay-gradient":""},"mobile":{"background-color":"var(--ast-global-color-5)","background-image":"","background-repeat":"repeat","background-position":"center center","background-size":"auto","background-attachment":"scroll","background-type":"","background-media":"","overlay-type":"","overlay-color":"","overlay-gradient":""}}},"product_brand":[],"product_cat":[15,70,72,40,39,44,43,46,97,98,37,36],"product_tag":[468,345,353,355,356,357,496,448,359,360,566,346,567,426,529,568,498,362,363,364,365,534,470,452,472,340,473,535,502,536,537,503,504,424,453,368,369,505,524,493,465,540,508,476,373,374,509,510,434,512,457,466,563,479,375,376,378,380,485,384,516,560,549,487,517,385,551,552,441,463,519,562,561,387,431,388,525,445,495,390,391,443,558,392,349,393,394,398,399,400,401,351,403,406,407,408,409,344,464,436],"class_list":{"0":"post-2270","1":"product","2":"type-product","3":"status-publish","4":"has-post-thumbnail","6":"product_cat-signal-blocker","7":"product_cat-501-1000dollars-jammers","8":"product_cat-1-3antennas-jammers","9":"product_cat-bluetooth-signal-blocker","10":"product_cat-bluetooth-jammer","11":"product_cat-drone-signal-blocker","12":"product_cat-drone-jammer","13":"product_cat-high-power-signal-jammers","14":"product_cat-wifi-2-4g-2400-2500mhz-jammer","15":"product_cat-wifi-5g-5100-5680mhz-or5720-5850mhz-jammer","16":"product_cat-wifi-signal-blocker","17":"product_cat-wifi-jammer","18":"product_tag-2-4-ghz-jammer","19":"product_tag-2-4ghz-wifi-jammer","20":"product_tag-5-ghz-wifi-jammer","21":"product_tag-5ghz-wifi-jammer","22":"product_tag-5ghz-wifi-jammer-diy","23":"product_tag-aliexpress-wifi-jammer","24":"product_tag-all-frequency-jammer","25":"product_tag-anti-drone-jammer","26":"product_tag-anti-wifi-jammer","27":"product_tag-arduino-wifi-jammer","28":"product_tag-best-signal-jammer","29":"product_tag-best-wifi-jammer","30":"product_tag-block-signal-jammer","31":"product_tag-blue-tooth-jammer","32":"product_tag-bluetooth-jammer-aaaaaa","33":"product_tag-bluetooth-jammer-online","34":"product_tag-bluetooth-signal-jammer-app","35":"product_tag-bluetooth-wifi-jammer","36":"product_tag-build-wifi-jammer","37":"product_tag-buy-wifi-jammer","38":"product_tag-buy-wifi-signal-jammer","39":"product_tag-define-jammer","40":"product_tag-device-jammer","41":"product_tag-diy-drone-jammer","42":"product_tag-diy-signal-jammer","43":"product_tag-diy-wifi-signal-jammer","44":"product_tag-door-jammer-hhhhhh","45":"product_tag-door-jammer-portable","46":"product_tag-drone-frequency-jammer","47":"product_tag-drone-jammer-aaaaaa","48":"product_tag-drone-jammer-app","49":"product_tag-drone-jammer-for-sale","50":"product_tag-drone-radio-jammer","51":"product_tag-drone-signal-jammer","52":"product_tag-drone-signal-jammer-aaaaaa","53":"product_tag-drone-wifi-jammer","54":"product_tag-ebay-wifi-jammer","55":"product_tag-electronic-device-jammer","56":"product_tag-frequency-jammer","57":"product_tag-how-do-jammer-work","58":"product_tag-how-do-signal-jammer-work","59":"product_tag-how-does-jammer-work","60":"product_tag-how-does-signal-jammer-work","61":"product_tag-how-to-make-signal-jammer","62":"product_tag-how-wifi-jammer-works","63":"product_tag-iphone-wifi-jammer","64":"product_tag-jammer-blocker-signal","65":"product_tag-jammer-bluetooth","66":"product_tag-jammer-device","67":"product_tag-jammer-drone","68":"product_tag-jammer-meaning","69":"product_tag-jammer-means","70":"product_tag-jammer-restaurant","71":"product_tag-jammer-signal-blocker","72":"product_tag-long-range-wifi-jammer","73":"product_tag-make-wifi-jammer","74":"product_tag-mini-portable-wifi-signal-jammer","75":"product_tag-mobile-wifi-jammer","76":"product_tag-radio-signal-jammer","77":"product_tag-raspberry-pi-wifi-jammer","78":"product_tag-rf-frequency-jammer","79":"product_tag-rf-jammer","80":"product_tag-rf-jammer-for-sale","81":"product_tag-rf-signal-jammer","82":"product_tag-rfid-jammer","83":"product_tag-ring-doorbell-wifi-jammer","84":"product_tag-signal-blocker-jammer","85":"product_tag-signal-jammer-blocker","86":"product_tag-signal-jammer-cost","87":"product_tag-signal-jammer-device","88":"product_tag-signal-jammer-diy","89":"product_tag-signal-jammer-for-cameras","90":"product_tag-signal-jammer-for-sale","91":"product_tag-signal-jammer-for-wifi","92":"product_tag-signal-jammer-locations","93":"product_tag-simple-wifi-jammer-circuit","94":"product_tag-the-jammer","95":"product_tag-wave-jammer","96":"product_tag-what-are-jammer","97":"product_tag-what-does-a-wifi-jammer-do","98":"product_tag-what-does-a-wifi-jammer-look-like","99":"product_tag-what-is-a-jammer","100":"product_tag-whats-a-jammer","101":"product_tag-wifi-anti-jammer","102":"product_tag-wifi-blocker-jammer","103":"product_tag-wifi-bluetooth-signal-jammer","104":"product_tag-wifi-camera-signal-jammer","105":"product_tag-wifi-jammer-5ghz","106":"product_tag-wifi-jammer-android","107":"product_tag-wifi-jammer-android-app","108":"product_tag-wifi-jammer-apk","109":"product_tag-wifi-jammer-blocker","110":"product_tag-wifi-jammer-circuit","111":"product_tag-wifi-jammer-ebay","112":"product_tag-wifi-jammer-for-home","113":"product_tag-wifi-jammer-for-iphone","114":"product_tag-wifi-jammer-kit","115":"product_tag-wifi-signal-jammer-for-sale","116":"product_tag-wireless-jammer","117":"product_tag-wireless-network-jammer","118":"desktop-align-left","119":"tablet-align-left","120":"mobile-align-left","121":"ast-product-gallery-layout-horizontal-slider","122":"ast-product-single-variable","123":"ast-product-tabs-layout-horizontal","125":"first","126":"instock","127":"sale","128":"shipping-taxable","129":"purchasable","130":"product-type-variable"},"yoast_head":"<!-- This site is optimized with the Yoast SEO plugin v23.9 - https:\/\/yoast.com\/wordpress\/plugins\/seo\/ -->\n<title>2.4GHz 5.1GHz 5.8GHz 3-channel portable drone signal jammer, shielding radius up to 100 meters - JAMMERSIGNAL<\/title>\n<meta name=\"description\" content=\"This powerful drone jammer is designed to effectively block drone WiFi signals in multiple frequency bands. This UAV signal jammer has excellent thermal conductivity, high performance and impressive range.\" \/>\n<meta name=\"robots\" content=\"index, follow, max-snippet:-1, max-image-preview:large, max-video-preview:-1\" \/>\n<link rel=\"canonical\" href=\"https:\/\/www.jammersignal.com\/es\/producto\/2-4ghz-5-1ghz-5-8ghz-3channel-portable-drone-jammer\/\" \/>\n<meta property=\"og:locale\" content=\"es_ES\" \/>\n<meta property=\"og:type\" content=\"article\" \/>\n<meta property=\"og:title\" content=\"2.4GHz 5.1GHz 5.8GHz 3-channel portable drone signal jammer, shielding radius up to 100 meters - JAMMERSIGNAL\" \/>\n<meta property=\"og:description\" content=\"This powerful drone jammer is designed to effectively block drone WiFi signals in multiple frequency bands. This UAV signal jammer has excellent thermal conductivity, high performance and impressive range.\" \/>\n<meta property=\"og:url\" content=\"https:\/\/www.jammersignal.com\/es\/producto\/2-4ghz-5-1ghz-5-8ghz-3channel-portable-drone-jammer\/\" \/>\n<meta property=\"og:site_name\" content=\"JAMMERSIGNAL\" \/>\n<meta property=\"article:modified_time\" content=\"2024-12-19T08:16:14+00:00\" \/>\n<meta property=\"og:image\" content=\"https:\/\/www.jammersignal.com\/wp-content\/uploads\/2024\/05\/new-2.4ghz-jammersignal-portable-3-channel-5.8ghz-jammers-1.jpg\" \/>\n\t<meta property=\"og:image:width\" content=\"420\" \/>\n\t<meta property=\"og:image:height\" content=\"420\" \/>\n\t<meta property=\"og:image:type\" content=\"image\/jpeg\" \/>\n<meta name=\"twitter:card\" content=\"summary_large_image\" \/>\n<meta name=\"twitter:label1\" content=\"Tiempo de lectura\" \/>\n\t<meta name=\"twitter:data1\" content=\"1 minuto\" \/>\n<script type=\"application\/ld+json\" class=\"yoast-schema-graph\">{\"@context\":\"https:\/\/schema.org\",\"@graph\":[{\"@type\":\"WebPage\",\"@id\":\"https:\/\/www.jammersignal.com\/product\/2-4ghz-5-1ghz-5-8ghz-3channel-portable-drone-jammer\/\",\"url\":\"https:\/\/www.jammersignal.com\/product\/2-4ghz-5-1ghz-5-8ghz-3channel-portable-drone-jammer\/\",\"name\":\"2.4GHz 5.1GHz 5.8GHz 3-channel portable drone signal jammer, shielding radius up to 100 meters - JAMMERSIGNAL\",\"isPartOf\":{\"@id\":\"https:\/\/www.jammersignal.com\/#website\"},\"primaryImageOfPage\":{\"@id\":\"https:\/\/www.jammersignal.com\/product\/2-4ghz-5-1ghz-5-8ghz-3channel-portable-drone-jammer\/#primaryimage\"},\"image\":{\"@id\":\"https:\/\/www.jammersignal.com\/product\/2-4ghz-5-1ghz-5-8ghz-3channel-portable-drone-jammer\/#primaryimage\"},\"thumbnailUrl\":\"https:\/\/www.jammersignal.com\/wp-content\/uploads\/2024\/05\/new-2.4ghz-jammersignal-portable-3-channel-5.8ghz-jammers-1.jpg\",\"datePublished\":\"2024-05-31T02:15:27+00:00\",\"dateModified\":\"2024-12-19T08:16:14+00:00\",\"description\":\"This powerful drone jammer is designed to effectively block drone WiFi signals in multiple frequency bands. This UAV signal jammer has excellent thermal conductivity, high performance and impressive range.\",\"breadcrumb\":{\"@id\":\"https:\/\/www.jammersignal.com\/product\/2-4ghz-5-1ghz-5-8ghz-3channel-portable-drone-jammer\/#breadcrumb\"},\"inLanguage\":\"es\",\"potentialAction\":[{\"@type\":\"ReadAction\",\"target\":[\"https:\/\/www.jammersignal.com\/product\/2-4ghz-5-1ghz-5-8ghz-3channel-portable-drone-jammer\/\"]}]},{\"@type\":\"ImageObject\",\"inLanguage\":\"es\",\"@id\":\"https:\/\/www.jammersignal.com\/product\/2-4ghz-5-1ghz-5-8ghz-3channel-portable-drone-jammer\/#primaryimage\",\"url\":\"https:\/\/www.jammersignal.com\/wp-content\/uploads\/2024\/05\/new-2.4ghz-jammersignal-portable-3-channel-5.8ghz-jammers-1.jpg\",\"contentUrl\":\"https:\/\/www.jammersignal.com\/wp-content\/uploads\/2024\/05\/new-2.4ghz-jammersignal-portable-3-channel-5.8ghz-jammers-1.jpg\",\"width\":420,\"height\":420,\"caption\":\"new 2.4ghz jammersignal portable 3 channel 5.8ghz jammers (1)\"},{\"@type\":\"BreadcrumbList\",\"@id\":\"https:\/\/www.jammersignal.com\/product\/2-4ghz-5-1ghz-5-8ghz-3channel-portable-drone-jammer\/#breadcrumb\",\"itemListElement\":[{\"@type\":\"ListItem\",\"position\":1,\"name\":\"Home\",\"item\":\"https:\/\/www.jammersignal.com\/\"},{\"@type\":\"ListItem\",\"position\":2,\"name\":\"Shop\",\"item\":\"https:\/\/www.jammersignal.com\/shop\/\"},{\"@type\":\"ListItem\",\"position\":3,\"name\":\"Signal Blocker\",\"item\":\"https:\/\/www.jammersignal.com\/product-category\/signal-blocker\/\"},{\"@type\":\"ListItem\",\"position\":4,\"name\":\"2.4GHz 5.1GHz 5.8GHz 3-channel Portable Drone Signal Jammer\"}]},{\"@type\":\"WebSite\",\"@id\":\"https:\/\/www.jammersignal.com\/#website\",\"url\":\"https:\/\/www.jammersignal.com\/\",\"name\":\"JAMMERSIGNAL\",\"description\":\"\",\"publisher\":{\"@id\":\"https:\/\/www.jammersignal.com\/#organization\"},\"potentialAction\":[{\"@type\":\"SearchAction\",\"target\":{\"@type\":\"EntryPoint\",\"urlTemplate\":\"https:\/\/www.jammersignal.com\/?s={search_term_string}\"},\"query-input\":{\"@type\":\"PropertyValueSpecification\",\"valueRequired\":true,\"valueName\":\"search_term_string\"}}],\"inLanguage\":\"es\"},{\"@type\":\"Organization\",\"@id\":\"https:\/\/www.jammersignal.com\/#organization\",\"name\":\"JAMMERSIGNAL\",\"url\":\"https:\/\/www.jammersignal.com\/\",\"logo\":{\"@type\":\"ImageObject\",\"inLanguage\":\"es\",\"@id\":\"https:\/\/www.jammersignal.com\/#\/schema\/logo\/image\/\",\"url\":\"https:\/\/www.jammersignal.com\/wp-content\/uploads\/2024\/05\/cropped-jammersignal-logo-4.png\",\"contentUrl\":\"https:\/\/www.jammersignal.com\/wp-content\/uploads\/2024\/05\/cropped-jammersignal-logo-4.png\",\"width\":104,\"height\":34,\"caption\":\"JAMMERSIGNAL\"},\"image\":{\"@id\":\"https:\/\/www.jammersignal.com\/#\/schema\/logo\/image\/\"}}]}<\/script>\n<!-- \/ Yoast SEO plugin. -->","yoast_head_json":{"title":"2.4GHz 5.1GHz 5.8GHz 3-canal port\u00e1til drone se\u00f1al jammer, blindaje radio de hasta 100 metros - JAMMERSIGNAL","description":"Este potente inhibidor de drones est\u00e1 dise\u00f1ado para bloquear eficazmente las se\u00f1ales WiFi de drones en m\u00faltiples bandas de frecuencia. Este bloqueador de se\u00f1al UAV tiene una excelente conductividad t\u00e9rmica, un alto rendimiento y un alcance impresionante.","robots":{"index":"index","follow":"follow","max-snippet":"max-snippet:-1","max-image-preview":"max-image-preview:large","max-video-preview":"max-video-preview:-1"},"canonical":"https:\/\/www.jammersignal.com\/es\/producto\/2-4ghz-5-1ghz-5-8ghz-3channel-portable-drone-jammer\/","og_locale":"es_ES","og_type":"article","og_title":"2.4GHz 5.1GHz 5.8GHz 3-channel portable drone signal jammer, shielding radius up to 100 meters - JAMMERSIGNAL","og_description":"This powerful drone jammer is designed to effectively block drone WiFi signals in multiple frequency bands. This UAV signal jammer has excellent thermal conductivity, high performance and impressive range.","og_url":"https:\/\/www.jammersignal.com\/es\/producto\/2-4ghz-5-1ghz-5-8ghz-3channel-portable-drone-jammer\/","og_site_name":"JAMMERSIGNAL","article_modified_time":"2024-12-19T08:16:14+00:00","og_image":[{"width":420,"height":420,"url":"https:\/\/www.jammersignal.com\/wp-content\/uploads\/2024\/05\/new-2.4ghz-jammersignal-portable-3-channel-5.8ghz-jammers-1.jpg","type":"image\/jpeg"}],"twitter_card":"summary_large_image","twitter_misc":{"Tiempo de lectura":"1 minuto"},"schema":{"@context":"https:\/\/schema.org","@graph":[{"@type":"WebPage","@id":"https:\/\/www.jammersignal.com\/product\/2-4ghz-5-1ghz-5-8ghz-3channel-portable-drone-jammer\/","url":"https:\/\/www.jammersignal.com\/product\/2-4ghz-5-1ghz-5-8ghz-3channel-portable-drone-jammer\/","name":"2.4GHz 5.1GHz 5.8GHz 3-canal port\u00e1til drone se\u00f1al jammer, blindaje radio de hasta 100 metros - JAMMERSIGNAL","isPartOf":{"@id":"https:\/\/www.jammersignal.com\/#website"},"primaryImageOfPage":{"@id":"https:\/\/www.jammersignal.com\/product\/2-4ghz-5-1ghz-5-8ghz-3channel-portable-drone-jammer\/#primaryimage"},"image":{"@id":"https:\/\/www.jammersignal.com\/product\/2-4ghz-5-1ghz-5-8ghz-3channel-portable-drone-jammer\/#primaryimage"},"thumbnailUrl":"https:\/\/www.jammersignal.com\/wp-content\/uploads\/2024\/05\/new-2.4ghz-jammersignal-portable-3-channel-5.8ghz-jammers-1.jpg","datePublished":"2024-05-31T02:15:27+00:00","dateModified":"2024-12-19T08:16:14+00:00","description":"Este potente inhibidor de drones est\u00e1 dise\u00f1ado para bloquear eficazmente las se\u00f1ales WiFi de drones en m\u00faltiples bandas de frecuencia. Este bloqueador de se\u00f1al UAV tiene una excelente conductividad t\u00e9rmica, un alto rendimiento y un alcance impresionante.","breadcrumb":{"@id":"https:\/\/www.jammersignal.com\/product\/2-4ghz-5-1ghz-5-8ghz-3channel-portable-drone-jammer\/#breadcrumb"},"inLanguage":"es","potentialAction":[{"@type":"ReadAction","target":["https:\/\/www.jammersignal.com\/product\/2-4ghz-5-1ghz-5-8ghz-3channel-portable-drone-jammer\/"]}]},{"@type":"ImageObject","inLanguage":"es","@id":"https:\/\/www.jammersignal.com\/product\/2-4ghz-5-1ghz-5-8ghz-3channel-portable-drone-jammer\/#primaryimage","url":"https:\/\/www.jammersignal.com\/wp-content\/uploads\/2024\/05\/new-2.4ghz-jammersignal-portable-3-channel-5.8ghz-jammers-1.jpg","contentUrl":"https:\/\/www.jammersignal.com\/wp-content\/uploads\/2024\/05\/new-2.4ghz-jammersignal-portable-3-channel-5.8ghz-jammers-1.jpg","width":420,"height":420,"caption":"new 2.4ghz jammersignal portable 3 channel 5.8ghz jammers (1)"},{"@type":"BreadcrumbList","@id":"https:\/\/www.jammersignal.com\/product\/2-4ghz-5-1ghz-5-8ghz-3channel-portable-drone-jammer\/#breadcrumb","itemListElement":[{"@type":"ListItem","position":1,"name":"Home","item":"https:\/\/www.jammersignal.com\/"},{"@type":"ListItem","position":2,"name":"Shop","item":"https:\/\/www.jammersignal.com\/shop\/"},{"@type":"ListItem","position":3,"name":"Signal Blocker","item":"https:\/\/www.jammersignal.com\/product-category\/signal-blocker\/"},{"@type":"ListItem","position":4,"name":"2.4GHz 5.1GHz 5.8GHz 3-channel Portable Drone Signal Jammer"}]},{"@type":"WebSite","@id":"https:\/\/www.jammersignal.com\/#website","url":"https:\/\/www.jammersignal.com\/","name":"JAMMERSIGNAL","description":"","publisher":{"@id":"https:\/\/www.jammersignal.com\/#organization"},"potentialAction":[{"@type":"SearchAction","target":{"@type":"EntryPoint","urlTemplate":"https:\/\/www.jammersignal.com\/?s={search_term_string}"},"query-input":{"@type":"PropertyValueSpecification","valueRequired":true,"valueName":"search_term_string"}}],"inLanguage":"es"},{"@type":"Organization","@id":"https:\/\/www.jammersignal.com\/#organization","name":"JAMMERSIGNAL","url":"https:\/\/www.jammersignal.com\/","logo":{"@type":"ImageObject","inLanguage":"es","@id":"https:\/\/www.jammersignal.com\/#\/schema\/logo\/image\/","url":"https:\/\/www.jammersignal.com\/wp-content\/uploads\/2024\/05\/cropped-jammersignal-logo-4.png","contentUrl":"https:\/\/www.jammersignal.com\/wp-content\/uploads\/2024\/05\/cropped-jammersignal-logo-4.png","width":104,"height":34,"caption":"JAMMERSIGNAL"},"image":{"@id":"https:\/\/www.jammersignal.com\/#\/schema\/logo\/image\/"}}]}},"_links":{"self":[{"href":"https:\/\/www.jammersignal.com\/es\/wp-json\/wp\/v2\/product\/2270","targetHints":{"allow":["GET"]}}],"collection":[{"href":"https:\/\/www.jammersignal.com\/es\/wp-json\/wp\/v2\/product"}],"about":[{"href":"https:\/\/www.jammersignal.com\/es\/wp-json\/wp\/v2\/types\/product"}],"replies":[{"embeddable":true,"href":"https:\/\/www.jammersignal.com\/es\/wp-json\/wp\/v2\/comments?post=2270"}],"version-history":[{"count":4,"href":"https:\/\/www.jammersignal.com\/es\/wp-json\/wp\/v2\/product\/2270\/revisions"}],"predecessor-version":[{"id":2296,"href":"https:\/\/www.jammersignal.com\/es\/wp-json\/wp\/v2\/product\/2270\/revisions\/2296"}],"wp:featuredmedia":[{"embeddable":true,"href":"https:\/\/www.jammersignal.com\/es\/wp-json\/wp\/v2\/media\/1733"}],"wp:attachment":[{"href":"https:\/\/www.jammersignal.com\/es\/wp-json\/wp\/v2\/media?parent=2270"}],"wp:term":[{"taxonomy":"product_brand","embeddable":true,"href":"https:\/\/www.jammersignal.com\/es\/wp-json\/wp\/v2\/product_brand?post=2270"},{"taxonomy":"product_cat","embeddable":true,"href":"https:\/\/www.jammersignal.com\/es\/wp-json\/wp\/v2\/product_cat?post=2270"},{"taxonomy":"product_tag","embeddable":true,"href":"https:\/\/www.jammersignal.com\/es\/wp-json\/wp\/v2\/product_tag?post=2270"}],"curies":[{"name":"wp","href":"https:\/\/api.w.org\/{rel}","templated":true}]}}