{"id":2271,"date":"2024-05-31T03:15:27","date_gmt":"2024-05-31T03:15:27","guid":{"rendered":"https:\/\/www.jammersignal.com\/?post_type=product&#038;p=2271"},"modified":"2025-05-18T06:31:57","modified_gmt":"2025-05-18T06:31:57","slug":"box-type-hidden-antenna-wifi-cell-phone-jammer","status":"publish","type":"product","link":"https:\/\/www.jammersignal.com\/es\/producto\/box-type-hidden-antenna-wifi-cell-phone-jammer\/","title":{"rendered":"Tipo de caja ajustable antena oculta WIFI tel\u00e9fono celular Jammer de se\u00f1al"},"content":{"rendered":"<div data-elementor-type=\"wp-post\" data-elementor-id=\"2271\" class=\"elementor elementor-2271\">\n\t\t\t\t<div class=\"elementor-element elementor-element-4a8c2a2 e-flex e-con-boxed e-con e-parent\" data-id=\"4a8c2a2\" data-element_type=\"container\" data-e-type=\"container\">\n\t\t\t\t\t<div class=\"e-con-inner\">\n\t\t<div class=\"elementor-element elementor-element-2677d1d e-con-full e-flex e-con e-child\" data-id=\"2677d1d\" data-element_type=\"container\" data-e-type=\"container\">\n\t\t\t\t<div class=\"elementor-element elementor-element-5ee8a99 elementor-widget elementor-widget-text-editor\" data-id=\"5ee8a99\" data-element_type=\"widget\" data-e-type=\"widget\" data-widget_type=\"text-editor.default\">\n\t\t\t\t<div class=\"elementor-widget-container\">\n\t\t\t\t\t\t\t\t\t<h4>Especificaciones t\u00e9cnicas<\/h4><p><strong>Frecuencias de interferencia<\/strong><\/p><p><strong>2G:<\/strong><br \/>870-880MHZ<br \/>925-960MHZ<br \/>1880-1920MHZ<br \/><strong>3G:<\/strong><br \/>2010-2170MHZ<br \/>2110-2125MHZ<br \/><strong>4G:<\/strong><br \/>2300-2400MHZ<br \/>2400-2500MHZ<br \/>2515-2675MHZ<br \/><strong>5G \uff1a<\/strong><br \/>2515-2675MHZ<br \/>3400-3600MHZ<br \/>4800-4900MHZ<br \/><strong>WIFI2.4:<\/strong><br \/>2400-2500MHZ<br \/><strong>WIFI 5.8:<\/strong><br \/>5725-5850MHZ<\/p><p><strong>Especificaciones b\u00e1sicas<\/strong><\/p><p>Potencia de salida \uff1aTotal 100W<br \/>Radio de atasco\uff1ahasta 50 metros<br \/>Fuente de alimentaci\u00f3n\uff1aAC160V~240V<br \/>Tama\u00f1o del producto\uff1a450*450*200mm<br \/>Peso del producto: 17,0 kg<\/p><p>Contenido del paquete: Se\u00f1al Jammer * 1pcs\/ Adaptador de CA * 1pcs \/ Detalles Manual de Usuario * 1pcs<\/p>\t\t\t\t\t\t\t\t<\/div>\n\t\t\t\t<\/div>\n\t\t\t\t<\/div>\n\t\t<div class=\"elementor-element elementor-element-63abe0f e-con-full e-flex e-con e-child\" data-id=\"63abe0f\" data-element_type=\"container\" data-e-type=\"container\">\n\t\t\t\t<div class=\"elementor-element elementor-element-3d0f9f0 elementor-widget elementor-widget-text-editor\" data-id=\"3d0f9f0\" data-element_type=\"widget\" data-e-type=\"widget\" data-widget_type=\"text-editor.default\">\n\t\t\t\t<div class=\"elementor-widget-container\">\n\t\t\t\t\t\t\t\t\t<h4>Informaci\u00f3n sobre el producto<\/h4><p>Este bloqueador de se\u00f1al WiFi de tel\u00e9fono m\u00f3vil con antena oculta y montaje en pared es una soluci\u00f3n completa para apantallar las se\u00f1ales de interferencia. El bloqueador utiliza contramedidas electr\u00f3nicas para emitir ondas electromagn\u00e9ticas con el fin de apantallar y desactivar las se\u00f1ales de telefon\u00eda m\u00f3vil de enlace descendente y las se\u00f1ales WiFi en un radio de 50 metros. Esto impide eficazmente que los tel\u00e9fonos m\u00f3viles y los dispositivos WiFi funcionen en un \u00e1rea designada, haciendo que no puedan enviar ni recibir se\u00f1ales.<\/p><p>Gracias a su amplia cobertura, su eficaz capacidad de interferencia y su blindaje completo de todas las se\u00f1ales de telefon\u00eda m\u00f3vil y WiFi, puede bloquear eficazmente todas las se\u00f1ales de telefon\u00eda m\u00f3vil 2G, 3G, 4G y 5G y las se\u00f1ales WiFi.<\/p><p>Una de sus principales caracter\u00edsticas es la antena de ganancia ultra alta. A diferencia de los inhibidores tradicionales que suelen compartir antenas de alta ganancia para todos los canales o utilizar antenas de peque\u00f1a ganancia para cada canal, este potente inhibidor utiliza una antena de alta ganancia de 14dBi para cada canal con el fin de garantizar efectos de interferencia estables y a larga distancia.<\/p><p><strong>Aplicaciones:<\/strong><\/p><p>1) Impedir el uso ilegal de tel\u00e9fonos m\u00f3viles por parte de las fuerzas del orden, como prisiones, centros de detenci\u00f3n, comisar\u00edas de polic\u00eda, tribunales y fiscal\u00edas.<\/p><p>2) Evitar la filtraci\u00f3n de documentos o secretos comerciales en transacciones inmobiliarias, salas de conferencias de negocios, bases militares, sedes gubernamentales, departamentos administrativos, investigaciones criminales in situ, operaciones policiales, lugares clave de seguridad, etc.<\/p><p>3) Prevenir accidentes peligrosos causados por el uso indebido de tel\u00e9fonos m\u00f3viles y se\u00f1ales WiFi en lugares como gasolineras, plantas qu\u00edmicas, dep\u00f3sitos de petr\u00f3leo, almacenes de mercanc\u00edas peligrosas y concentraciones.<\/p><p>4) Eliminar las interferencias telef\u00f3nicas en lugares como bibliotecas, cines, teatros, salas de conciertos, salas conmemorativas, auditorios e iglesias.<\/p><p>5) Impedir que se hagan trampas en los ex\u00e1menes escolares, los cursos de formaci\u00f3n y las competiciones deportivas.<\/p><p>6) Eliminar las interferencias del tel\u00e9fono m\u00f3vil durante las horas de trabajo, mejorar la eficiencia y evitar accidentes en lugares de trabajo como f\u00e1bricas textiles y plantas metal\u00fargicas.<\/p>\t\t\t\t\t\t\t\t<\/div>\n\t\t\t\t<\/div>\n\t\t\t\t<\/div>\n\t\t\t\t\t<\/div>\n\t\t\t\t<\/div>\n\t\t\t\t<\/div>","protected":false},"excerpt":{"rendered":"<p>Este bloqueador de se\u00f1al WiFi de tel\u00e9fono m\u00f3vil con antena oculta y montaje en pared es una soluci\u00f3n completa para apantallar las se\u00f1ales de interferencia. El bloqueador utiliza contramedidas electr\u00f3nicas para emitir ondas electromagn\u00e9ticas con el fin de apantallar y desactivar las se\u00f1ales de telefon\u00eda m\u00f3vil de enlace descendente y las se\u00f1ales WiFi en un radio de 50 metros. Esto impide eficazmente que los tel\u00e9fonos m\u00f3viles y los dispositivos WiFi funcionen en un \u00e1rea designada, haciendo que no puedan enviar ni recibir se\u00f1ales.<\/p>\n<p>Gracias a su amplia cobertura, su eficaz capacidad de interferencia y su blindaje completo de todas las se\u00f1ales de telefon\u00eda m\u00f3vil y WiFi, puede bloquear eficazmente todas las se\u00f1ales de telefon\u00eda m\u00f3vil 2G, 3G, 4G y 5G y las se\u00f1ales WiFi.<\/p>\n<p>Una de sus principales caracter\u00edsticas es la antena de ganancia ultra alta. A diferencia de los inhibidores tradicionales que suelen compartir antenas de alta ganancia para todos los canales o utilizar antenas de peque\u00f1a ganancia para cada canal, este potente inhibidor utiliza una antena de alta ganancia de 14dBi para cada canal con el fin de garantizar efectos de interferencia estables y a larga distancia.<\/p>","protected":false},"featured_media":1737,"comment_status":"open","ping_status":"closed","template":"","meta":{"site-sidebar-layout":"no-sidebar","site-content-layout":"page-builder","ast-site-content-layout":"normal-width-container","site-content-style":"default","site-sidebar-style":"default","ast-global-header-display":"","ast-banner-title-visibility":"","ast-main-header-display":"","ast-hfb-above-header-display":"","ast-hfb-below-header-display":"","ast-hfb-mobile-header-display":"","site-post-title":"disabled","ast-breadcrumbs-content":"","ast-featured-img":"disabled","footer-sml-layout":"","ast-disable-related-posts":"","theme-transparent-header-meta":"default","adv-header-id-meta":"","stick-header-meta":"default","header-above-stick-meta":"","header-main-stick-meta":"","header-below-stick-meta":"","astra-migrate-meta-layouts":"set","ast-page-background-enabled":"default","ast-page-background-meta":{"desktop":{"background-color":"var(--ast-global-color-5)","background-image":"","background-repeat":"repeat","background-position":"center center","background-size":"auto","background-attachment":"scroll","background-type":"","background-media":"","overlay-type":"","overlay-color":"","overlay-opacity":"","overlay-gradient":""},"tablet":{"background-color":"","background-image":"","background-repeat":"repeat","background-position":"center center","background-size":"auto","background-attachment":"scroll","background-type":"","background-media":"","overlay-type":"","overlay-color":"","overlay-opacity":"","overlay-gradient":""},"mobile":{"background-color":"","background-image":"","background-repeat":"repeat","background-position":"center center","background-size":"auto","background-attachment":"scroll","background-type":"","background-media":"","overlay-type":"","overlay-color":"","overlay-opacity":"","overlay-gradient":""}},"ast-content-background-meta":{"desktop":{"background-color":"var(--ast-global-color-4)","background-image":"","background-repeat":"repeat","background-position":"center center","background-size":"auto","background-attachment":"scroll","background-type":"","background-media":"","overlay-type":"","overlay-color":"","overlay-opacity":"","overlay-gradient":""},"tablet":{"background-color":"var(--ast-global-color-4)","background-image":"","background-repeat":"repeat","background-position":"center center","background-size":"auto","background-attachment":"scroll","background-type":"","background-media":"","overlay-type":"","overlay-color":"","overlay-opacity":"","overlay-gradient":""},"mobile":{"background-color":"var(--ast-global-color-4)","background-image":"","background-repeat":"repeat","background-position":"center center","background-size":"auto","background-attachment":"scroll","background-type":"","background-media":"","overlay-type":"","overlay-color":"","overlay-opacity":"","overlay-gradient":""}}},"product_brand":[],"product_cat":[15,49,32,58,38,53,46,54,71,50,36],"product_tag":[357,496,359,564,426,363,257,272,201,369,433,456,493,124,543,458,293,467,230,441,522,555,495,391,119,492,558,393,406,352,464,447],"class_list":{"0":"post-2271","1":"product","2":"type-product","3":"status-publish","4":"has-post-thumbnail","6":"product_cat-signal-blocker","7":"product_cat-camera-jammer-wireless","8":"product_cat-cell-phone-signal-jammer","9":"product_cat-fixed-jammer","10":"product_cat-gsm-jammer","11":"product_cat-hidden-signal-jammer","12":"product_cat-high-power-signal-jammers","13":"product_cat-mini-jammer-small-blocker","14":"product_cat-more-than-1000dollars-jammers","15":"product_cat-waterproof-signal-jammer","16":"product_cat-wifi-jammer","17":"product_tag-aliexpress-wifi-jammer","18":"product_tag-all-frequency-jammer","19":"product_tag-anti-wifi-jammer","20":"product_tag-best-camera-jammer","21":"product_tag-blue-tooth-jammer","22":"product_tag-build-wifi-jammer","23":"product_tag-cell-phone-jammer-canada-for-sale","24":"product_tag-cell-phone-signal-jammer-apk","25":"product_tag-cell-tower-jammer","26":"product_tag-ebay-wifi-jammer","27":"product_tag-gps-signal-jammer","28":"product_tag-hidden-camera-jammer","29":"product_tag-how-do-jammer-work","30":"product_tag-how-to-build-a-cell-phone-jammer","31":"product_tag-jammer-gsm","32":"product_tag-mobile-jammer-device","33":"product_tag-most-powerful-cell-phone-jammer","34":"product_tag-phone-jammer-aaaaaa","35":"product_tag-professional-cell-phone-jammer","36":"product_tag-signal-jammer-cost","37":"product_tag-tracker-jammer","38":"product_tag-video-recording-jammer","39":"product_tag-what-are-jammer","40":"product_tag-what-does-a-wifi-jammer-look-like","41":"product_tag-what-is-a-cell-phone-jammer","42":"product_tag-what-is-mobile-phone-jammer","43":"product_tag-whats-a-jammer","44":"product_tag-wifi-bluetooth-signal-jammer","45":"product_tag-wifi-jammer-ebay","46":"product_tag-wifi-swept-jammer","47":"product_tag-wireless-jammer","48":"product_tag-wireless-signal-jammer","49":"desktop-align-left","50":"tablet-align-left","51":"mobile-align-left","52":"ast-product-gallery-layout-horizontal-slider","53":"ast-product-single-variable","54":"ast-product-tabs-layout-horizontal","56":"first","57":"instock","58":"sale","59":"shipping-taxable","60":"purchasable","61":"product-type-variable"},"yoast_head":"<!-- This site is optimized with the Yoast SEO plugin v23.9 - https:\/\/yoast.com\/wordpress\/plugins\/seo\/ -->\n<title>Box Type Adjustable Hidden Antenna WIFI Mobile Phone Signal Jammer, shielding radius up to 50 meters - JAMMERSIGNAL<\/title>\n<meta name=\"description\" content=\"Our independently developed hidden antenna wall-mounted mobile phone WiFi signal jammer consists of an antenna, a RF amplifier unit, a multiplexer, a main control board, an intelligent cooling system and a power supply system.\" \/>\n<meta name=\"robots\" content=\"index, follow, max-snippet:-1, max-image-preview:large, max-video-preview:-1\" \/>\n<link rel=\"canonical\" href=\"https:\/\/www.jammersignal.com\/es\/producto\/box-type-hidden-antenna-wifi-cell-phone-jammer\/\" \/>\n<meta property=\"og:locale\" content=\"es_ES\" \/>\n<meta property=\"og:type\" content=\"article\" \/>\n<meta property=\"og:title\" content=\"Box Type Adjustable Hidden Antenna WIFI Mobile Phone Signal Jammer, shielding radius up to 50 meters - JAMMERSIGNAL\" \/>\n<meta property=\"og:description\" content=\"Our independently developed hidden antenna wall-mounted mobile phone WiFi signal jammer consists of an antenna, a RF amplifier unit, a multiplexer, a main control board, an intelligent cooling system and a power supply system.\" \/>\n<meta property=\"og:url\" content=\"https:\/\/www.jammersignal.com\/es\/producto\/box-type-hidden-antenna-wifi-cell-phone-jammer\/\" \/>\n<meta property=\"og:site_name\" content=\"JAMMERSIGNAL\" \/>\n<meta property=\"article:modified_time\" content=\"2025-05-18T06:31:57+00:00\" \/>\n<meta property=\"og:image\" content=\"https:\/\/www.jammersignal.com\/wp-content\/uploads\/2024\/05\/box-type-hidden-antenna-jammersignal-phone-cell-wifi-jammers-1.png\" \/>\n\t<meta property=\"og:image:width\" content=\"797\" \/>\n\t<meta property=\"og:image:height\" content=\"797\" \/>\n\t<meta property=\"og:image:type\" content=\"image\/png\" \/>\n<meta name=\"twitter:card\" content=\"summary_large_image\" \/>\n<meta name=\"twitter:label1\" content=\"Tiempo de lectura\" \/>\n\t<meta name=\"twitter:data1\" content=\"2 minutos\" \/>\n<script type=\"application\/ld+json\" class=\"yoast-schema-graph\">{\"@context\":\"https:\/\/schema.org\",\"@graph\":[{\"@type\":\"WebPage\",\"@id\":\"https:\/\/www.jammersignal.com\/product\/box-type-hidden-antenna-wifi-cell-phone-jammer\/\",\"url\":\"https:\/\/www.jammersignal.com\/product\/box-type-hidden-antenna-wifi-cell-phone-jammer\/\",\"name\":\"Box Type Adjustable Hidden Antenna WIFI Mobile Phone Signal Jammer, shielding radius up to 50 meters - JAMMERSIGNAL\",\"isPartOf\":{\"@id\":\"https:\/\/www.jammersignal.com\/#website\"},\"primaryImageOfPage\":{\"@id\":\"https:\/\/www.jammersignal.com\/product\/box-type-hidden-antenna-wifi-cell-phone-jammer\/#primaryimage\"},\"image\":{\"@id\":\"https:\/\/www.jammersignal.com\/product\/box-type-hidden-antenna-wifi-cell-phone-jammer\/#primaryimage\"},\"thumbnailUrl\":\"https:\/\/www.jammersignal.com\/wp-content\/uploads\/2024\/05\/box-type-hidden-antenna-jammersignal-phone-cell-wifi-jammers-1.png\",\"datePublished\":\"2024-05-31T03:15:27+00:00\",\"dateModified\":\"2025-05-18T06:31:57+00:00\",\"description\":\"Our independently developed hidden antenna wall-mounted mobile phone WiFi signal jammer consists of an antenna, a RF amplifier unit, a multiplexer, a main control board, an intelligent cooling system and a power supply system.\",\"breadcrumb\":{\"@id\":\"https:\/\/www.jammersignal.com\/product\/box-type-hidden-antenna-wifi-cell-phone-jammer\/#breadcrumb\"},\"inLanguage\":\"es\",\"potentialAction\":[{\"@type\":\"ReadAction\",\"target\":[\"https:\/\/www.jammersignal.com\/product\/box-type-hidden-antenna-wifi-cell-phone-jammer\/\"]}]},{\"@type\":\"ImageObject\",\"inLanguage\":\"es\",\"@id\":\"https:\/\/www.jammersignal.com\/product\/box-type-hidden-antenna-wifi-cell-phone-jammer\/#primaryimage\",\"url\":\"https:\/\/www.jammersignal.com\/wp-content\/uploads\/2024\/05\/box-type-hidden-antenna-jammersignal-phone-cell-wifi-jammers-1.png\",\"contentUrl\":\"https:\/\/www.jammersignal.com\/wp-content\/uploads\/2024\/05\/box-type-hidden-antenna-jammersignal-phone-cell-wifi-jammers-1.png\",\"width\":797,\"height\":797,\"caption\":\"box type hidden antenna jammersignal phone cell wifi jammers (1)\"},{\"@type\":\"BreadcrumbList\",\"@id\":\"https:\/\/www.jammersignal.com\/product\/box-type-hidden-antenna-wifi-cell-phone-jammer\/#breadcrumb\",\"itemListElement\":[{\"@type\":\"ListItem\",\"position\":1,\"name\":\"Home\",\"item\":\"https:\/\/www.jammersignal.com\/\"},{\"@type\":\"ListItem\",\"position\":2,\"name\":\"Shop\",\"item\":\"https:\/\/www.jammersignal.com\/shop\/\"},{\"@type\":\"ListItem\",\"position\":3,\"name\":\"Signal Blocker\",\"item\":\"https:\/\/www.jammersignal.com\/product-category\/signal-blocker\/\"},{\"@type\":\"ListItem\",\"position\":4,\"name\":\"Box Type Adjustable Hidden Antenna WIFI Cell Phone Signal Jammer\"}]},{\"@type\":\"WebSite\",\"@id\":\"https:\/\/www.jammersignal.com\/#website\",\"url\":\"https:\/\/www.jammersignal.com\/\",\"name\":\"JAMMERSIGNAL\",\"description\":\"\",\"publisher\":{\"@id\":\"https:\/\/www.jammersignal.com\/#organization\"},\"potentialAction\":[{\"@type\":\"SearchAction\",\"target\":{\"@type\":\"EntryPoint\",\"urlTemplate\":\"https:\/\/www.jammersignal.com\/?s={search_term_string}\"},\"query-input\":{\"@type\":\"PropertyValueSpecification\",\"valueRequired\":true,\"valueName\":\"search_term_string\"}}],\"inLanguage\":\"es\"},{\"@type\":\"Organization\",\"@id\":\"https:\/\/www.jammersignal.com\/#organization\",\"name\":\"JAMMERSIGNAL\",\"url\":\"https:\/\/www.jammersignal.com\/\",\"logo\":{\"@type\":\"ImageObject\",\"inLanguage\":\"es\",\"@id\":\"https:\/\/www.jammersignal.com\/#\/schema\/logo\/image\/\",\"url\":\"https:\/\/www.jammersignal.com\/wp-content\/uploads\/2024\/05\/cropped-jammersignal-logo-4.png\",\"contentUrl\":\"https:\/\/www.jammersignal.com\/wp-content\/uploads\/2024\/05\/cropped-jammersignal-logo-4.png\",\"width\":104,\"height\":34,\"caption\":\"JAMMERSIGNAL\"},\"image\":{\"@id\":\"https:\/\/www.jammersignal.com\/#\/schema\/logo\/image\/\"}}]}<\/script>\n<!-- \/ Yoast SEO plugin. -->","yoast_head_json":{"title":"Tipo Caja Antena Oculta Ajustable WIFI Tel\u00e9fono M\u00f3vil Jammer de se\u00f1al, radio de blindaje de hasta 50 metros - JAMMERSIGNAL","description":"Nuestro inhibidor de se\u00f1al WiFi para tel\u00e9fonos m\u00f3viles de montaje en pared con antena oculta, desarrollado de forma independiente, consta de una antena, una unidad amplificadora de RF, un multiplexor, una placa de control principal, un sistema de refrigeraci\u00f3n inteligente y un sistema de alimentaci\u00f3n el\u00e9ctrica.","robots":{"index":"index","follow":"follow","max-snippet":"max-snippet:-1","max-image-preview":"max-image-preview:large","max-video-preview":"max-video-preview:-1"},"canonical":"https:\/\/www.jammersignal.com\/es\/producto\/box-type-hidden-antenna-wifi-cell-phone-jammer\/","og_locale":"es_ES","og_type":"article","og_title":"Box Type Adjustable Hidden Antenna WIFI Mobile Phone Signal Jammer, shielding radius up to 50 meters - JAMMERSIGNAL","og_description":"Our independently developed hidden antenna wall-mounted mobile phone WiFi signal jammer consists of an antenna, a RF amplifier unit, a multiplexer, a main control board, an intelligent cooling system and a power supply system.","og_url":"https:\/\/www.jammersignal.com\/es\/producto\/box-type-hidden-antenna-wifi-cell-phone-jammer\/","og_site_name":"JAMMERSIGNAL","article_modified_time":"2025-05-18T06:31:57+00:00","og_image":[{"width":797,"height":797,"url":"https:\/\/www.jammersignal.com\/wp-content\/uploads\/2024\/05\/box-type-hidden-antenna-jammersignal-phone-cell-wifi-jammers-1.png","type":"image\/png"}],"twitter_card":"summary_large_image","twitter_misc":{"Tiempo de lectura":"2 minutos"},"schema":{"@context":"https:\/\/schema.org","@graph":[{"@type":"WebPage","@id":"https:\/\/www.jammersignal.com\/product\/box-type-hidden-antenna-wifi-cell-phone-jammer\/","url":"https:\/\/www.jammersignal.com\/product\/box-type-hidden-antenna-wifi-cell-phone-jammer\/","name":"Tipo Caja Antena Oculta Ajustable WIFI Tel\u00e9fono M\u00f3vil Jammer de se\u00f1al, radio de blindaje de hasta 50 metros - JAMMERSIGNAL","isPartOf":{"@id":"https:\/\/www.jammersignal.com\/#website"},"primaryImageOfPage":{"@id":"https:\/\/www.jammersignal.com\/product\/box-type-hidden-antenna-wifi-cell-phone-jammer\/#primaryimage"},"image":{"@id":"https:\/\/www.jammersignal.com\/product\/box-type-hidden-antenna-wifi-cell-phone-jammer\/#primaryimage"},"thumbnailUrl":"https:\/\/www.jammersignal.com\/wp-content\/uploads\/2024\/05\/box-type-hidden-antenna-jammersignal-phone-cell-wifi-jammers-1.png","datePublished":"2024-05-31T03:15:27+00:00","dateModified":"2025-05-18T06:31:57+00:00","description":"Nuestro inhibidor de se\u00f1al WiFi para tel\u00e9fonos m\u00f3viles de montaje en pared con antena oculta, desarrollado de forma independiente, consta de una antena, una unidad amplificadora de RF, un multiplexor, una placa de control principal, un sistema de refrigeraci\u00f3n inteligente y un sistema de alimentaci\u00f3n el\u00e9ctrica.","breadcrumb":{"@id":"https:\/\/www.jammersignal.com\/product\/box-type-hidden-antenna-wifi-cell-phone-jammer\/#breadcrumb"},"inLanguage":"es","potentialAction":[{"@type":"ReadAction","target":["https:\/\/www.jammersignal.com\/product\/box-type-hidden-antenna-wifi-cell-phone-jammer\/"]}]},{"@type":"ImageObject","inLanguage":"es","@id":"https:\/\/www.jammersignal.com\/product\/box-type-hidden-antenna-wifi-cell-phone-jammer\/#primaryimage","url":"https:\/\/www.jammersignal.com\/wp-content\/uploads\/2024\/05\/box-type-hidden-antenna-jammersignal-phone-cell-wifi-jammers-1.png","contentUrl":"https:\/\/www.jammersignal.com\/wp-content\/uploads\/2024\/05\/box-type-hidden-antenna-jammersignal-phone-cell-wifi-jammers-1.png","width":797,"height":797,"caption":"box type hidden antenna jammersignal phone cell wifi jammers (1)"},{"@type":"BreadcrumbList","@id":"https:\/\/www.jammersignal.com\/product\/box-type-hidden-antenna-wifi-cell-phone-jammer\/#breadcrumb","itemListElement":[{"@type":"ListItem","position":1,"name":"Home","item":"https:\/\/www.jammersignal.com\/"},{"@type":"ListItem","position":2,"name":"Shop","item":"https:\/\/www.jammersignal.com\/shop\/"},{"@type":"ListItem","position":3,"name":"Signal Blocker","item":"https:\/\/www.jammersignal.com\/product-category\/signal-blocker\/"},{"@type":"ListItem","position":4,"name":"Box Type Adjustable Hidden Antenna WIFI Cell Phone Signal Jammer"}]},{"@type":"WebSite","@id":"https:\/\/www.jammersignal.com\/#website","url":"https:\/\/www.jammersignal.com\/","name":"JAMMERSIGNAL","description":"","publisher":{"@id":"https:\/\/www.jammersignal.com\/#organization"},"potentialAction":[{"@type":"SearchAction","target":{"@type":"EntryPoint","urlTemplate":"https:\/\/www.jammersignal.com\/?s={search_term_string}"},"query-input":{"@type":"PropertyValueSpecification","valueRequired":true,"valueName":"search_term_string"}}],"inLanguage":"es"},{"@type":"Organization","@id":"https:\/\/www.jammersignal.com\/#organization","name":"JAMMERSIGNAL","url":"https:\/\/www.jammersignal.com\/","logo":{"@type":"ImageObject","inLanguage":"es","@id":"https:\/\/www.jammersignal.com\/#\/schema\/logo\/image\/","url":"https:\/\/www.jammersignal.com\/wp-content\/uploads\/2024\/05\/cropped-jammersignal-logo-4.png","contentUrl":"https:\/\/www.jammersignal.com\/wp-content\/uploads\/2024\/05\/cropped-jammersignal-logo-4.png","width":104,"height":34,"caption":"JAMMERSIGNAL"},"image":{"@id":"https:\/\/www.jammersignal.com\/#\/schema\/logo\/image\/"}}]}},"_links":{"self":[{"href":"https:\/\/www.jammersignal.com\/es\/wp-json\/wp\/v2\/product\/2271","targetHints":{"allow":["GET"]}}],"collection":[{"href":"https:\/\/www.jammersignal.com\/es\/wp-json\/wp\/v2\/product"}],"about":[{"href":"https:\/\/www.jammersignal.com\/es\/wp-json\/wp\/v2\/types\/product"}],"replies":[{"embeddable":true,"href":"https:\/\/www.jammersignal.com\/es\/wp-json\/wp\/v2\/comments?post=2271"}],"version-history":[{"count":4,"href":"https:\/\/www.jammersignal.com\/es\/wp-json\/wp\/v2\/product\/2271\/revisions"}],"predecessor-version":[{"id":2301,"href":"https:\/\/www.jammersignal.com\/es\/wp-json\/wp\/v2\/product\/2271\/revisions\/2301"}],"wp:featuredmedia":[{"embeddable":true,"href":"https:\/\/www.jammersignal.com\/es\/wp-json\/wp\/v2\/media\/1737"}],"wp:attachment":[{"href":"https:\/\/www.jammersignal.com\/es\/wp-json\/wp\/v2\/media?parent=2271"}],"wp:term":[{"taxonomy":"product_brand","embeddable":true,"href":"https:\/\/www.jammersignal.com\/es\/wp-json\/wp\/v2\/product_brand?post=2271"},{"taxonomy":"product_cat","embeddable":true,"href":"https:\/\/www.jammersignal.com\/es\/wp-json\/wp\/v2\/product_cat?post=2271"},{"taxonomy":"product_tag","embeddable":true,"href":"https:\/\/www.jammersignal.com\/es\/wp-json\/wp\/v2\/product_tag?post=2271"}],"curies":[{"name":"wp","href":"https:\/\/api.w.org\/{rel}","templated":true}]}}