{"id":2273,"date":"2024-05-31T05:15:29","date_gmt":"2024-05-31T05:15:29","guid":{"rendered":"https:\/\/www.jammersignal.com\/?post_type=product&#038;p=2273"},"modified":"2024-12-17T07:53:43","modified_gmt":"2024-12-17T07:53:43","slug":"high-power-handheld-portable-drone-jammer","status":"publish","type":"product","link":"https:\/\/www.jammersignal.com\/es\/producto\/high-power-handheld-portable-drone-jammer\/","title":{"rendered":"Jammer de se\u00f1al de drone port\u00e1til de alta potencia HW08US"},"content":{"rendered":"<div data-elementor-type=\"wp-post\" data-elementor-id=\"2273\" class=\"elementor elementor-2273\">\n\t\t\t\t<div class=\"elementor-element elementor-element-4a8c2a2 e-flex e-con-boxed e-con e-parent\" data-id=\"4a8c2a2\" data-element_type=\"container\">\n\t\t\t\t\t<div class=\"e-con-inner\">\n\t\t<div class=\"elementor-element elementor-element-2677d1d e-con-full e-flex e-con e-child\" data-id=\"2677d1d\" data-element_type=\"container\">\n\t\t\t\t<div class=\"elementor-element elementor-element-5ee8a99 elementor-widget elementor-widget-text-editor\" data-id=\"5ee8a99\" data-element_type=\"widget\" data-widget_type=\"text-editor.default\">\n\t\t\t\t<div class=\"elementor-widget-container\">\n\t\t\t\t\t\t\t\t\t<h4>Especificaciones t\u00e9cnicas<\/h4><table width=\"416\"><tbody><tr><td width=\"72\"><strong>Nombre del par\u00e1metro<\/strong><\/td><td width=\"344\"><strong>Par\u00e1metros<\/strong><\/td><\/tr><tr><td>Modelo\u00a0<\/td><td>HW08US<\/td><\/tr><tr><td>Frecuencias de interferencia<\/td><td width=\"344\">2400-2500 MHz<br \/>5725-5850MHz<br \/>1560-1620MHz<br \/>1170-1280 MHz<\/td><\/tr><tr><td>Radio de interferencia<\/td><td>Hasta 250 metros<\/td><\/tr><tr><td>Tensi\u00f3n<\/td><td>CA 220 V<\/td><\/tr><tr><td>Alimentaci\u00f3n<\/td><td>Bater\u00eda integrada<\/td><\/tr><tr><td>Tiempo de trabajo<\/td><td>1-1,5 horas<\/td><\/tr><tr><td>Peso<\/td><td>3500 g<\/td><\/tr><tr><td>Talla<\/td><td>380mm*260mm*95mm<\/td><\/tr><tr><td>Temperatura de funcionamiento<\/td><td>-10\u2103 a +50\u2103<\/td><\/tr><tr><td>Humedad de funcionamiento<\/td><td>5% a 80%<\/td><\/tr><\/tbody><\/table>\t\t\t\t\t\t\t\t<\/div>\n\t\t\t\t<\/div>\n\t\t\t\t<\/div>\n\t\t<div class=\"elementor-element elementor-element-63abe0f e-con-full e-flex e-con e-child\" data-id=\"63abe0f\" data-element_type=\"container\">\n\t\t\t\t<div class=\"elementor-element elementor-element-3d0f9f0 elementor-widget elementor-widget-text-editor\" data-id=\"3d0f9f0\" data-element_type=\"widget\" data-widget_type=\"text-editor.default\">\n\t\t\t\t<div class=\"elementor-widget-container\">\n\t\t\t\t\t\t\t\t\t<h4>Informaci\u00f3n sobre el producto<\/h4><p>Este inhibidor de se\u00f1al de drones port\u00e1til de potencia media est\u00e1 dise\u00f1ado para cubrir 100% de frecuencias de se\u00f1al de drones. Su rango de interferencia direccional es de 20 a 250 metros, lo que puede prevenir eficazmente las actividades no deseadas de aviones no tripulados.<\/p><p>Este inhibidor de drones port\u00e1til se distingue de otros inhibidores de drones por su dise\u00f1o ligero y su peque\u00f1o tama\u00f1o. Se puede transportar f\u00e1cilmente sin llamar la atenci\u00f3n sobre el hecho de que se est\u00e1 utilizando un inhibidor. La portabilidad de este inhibidor es una caracter\u00edstica que no tiene precio.<\/p><p>Como excelente bloqueador de drones, este dispositivo puede bloquear eficazmente las se\u00f1ales de 2,4 GHz y 5,8 GHz utilizadas por los sistemas GLONASS y GPS. Proporciona un incre\u00edble rango de cobertura de hasta 250 metros, lo que puede contrarrestar eficazmente drones y veh\u00edculos a\u00e9reos no tripulados como DJI Phantom 4, Phantom 3 Professional, Advanced, Standard series e Inspire series.<\/p><p><strong>Caracter\u00edsticas del producto:<\/strong><\/p><ol><li>Con una potencia de salida total de 24 vatios y equipado con una antena direccional plana de alta ganancia de 5-7 dBi, la distancia de interferencia puede alcanzar hasta 250 metros.<\/li><li>Cada unidad puede interferir hasta 4 bandas simult\u00e1neamente, con potencia ajustable para cada banda, que va desde la potencia m\u00e1xima hasta desactivada (0). El indicador LED muestra el estado de la potencia.<\/li><li>Proporcionan una protecci\u00f3n de sobrecarga VSWR segura 100% para cada m\u00f3dulo, lo que garantiza la fiabilidad y la vida \u00fatil del interferente.<\/li><li>Bater\u00eda incorporada, tiempo de trabajo superior a 60-90 minutos, se puede utilizar durante mucho tiempo sin necesidad de carga constante.<\/li><li>La carga de la bater\u00eda y el estado del cargador se muestran c\u00f3modamente en la pantalla LED, proporcionando informaci\u00f3n en tiempo real.<\/li><\/ol><p>Nuestro inhibidor de se\u00f1al de drones port\u00e1til es una soluci\u00f3n ideal para hacer frente a las amenazas de los drones en diversas situaciones. Su potente rendimiento, portabilidad y facilidad de uso lo convierten en una opci\u00f3n fiable para proteger zonas sensibles de actividades no autorizadas de drones.<\/p><p><strong>Precauciones:<\/strong><\/p><p>1.Los inhibidores est\u00e1n personalizados de acuerdo con las bandas de frecuencia de diferentes pa\u00edses, por favor confirme que el pa\u00eds de compra y el pa\u00eds de uso real son coherentes. Por favor, lea la funci\u00f3n jammer antes de comprar.<br \/>2. Si los inhibidores de baja potencia (como inhibidores de mano) para bloquear dispositivo de se\u00f1al de alta potencia (como de alta potencia del router WIFI, Bluetooth equipo de audio, etc), el efecto ser\u00e1 pobre o incluso no puede jammer.<br \/>3.Est\u00e1 prohibido su uso durante la carga.<br \/>4.No utilice inhibidores port\u00e1tiles como inhibidores de sobremesa.<br \/>5.No utilice inhibidores antes de conectar la antena.<\/p>\t\t\t\t\t\t\t\t<\/div>\n\t\t\t\t<\/div>\n\t\t\t\t<\/div>\n\t\t\t\t\t<\/div>\n\t\t\t\t<\/div>\n\t\t\t\t<\/div>","protected":false},"excerpt":{"rendered":"<p>Este inhibidor de se\u00f1al de drones port\u00e1til de potencia media est\u00e1 dise\u00f1ado para cubrir 100% de frecuencias de se\u00f1al de drones. Su rango de interferencia direccional es de 20 a 250 metros, lo que puede prevenir eficazmente las actividades no deseadas de aviones no tripulados.<\/p>\n<p>Como excelente bloqueador de drones, este dispositivo puede bloquear eficazmente las se\u00f1ales de 2,4 GHz y 5,8 GHz utilizadas por los sistemas GLONASS y GPS. Proporciona un incre\u00edble rango de cobertura de hasta 250 metros, lo que puede contrarrestar eficazmente drones y veh\u00edculos a\u00e9reos no tripulados como DJI Phantom 4, Phantom 3 Professional, Advanced, Standard series e Inspire series.<\/p>\n<p><strong>Caracter\u00edsticas del producto:<\/strong><\/p>\n<p>1. Con una potencia de salida total de 24 vatios y equipado con una antena direccional plana de alta ganancia de 5-7 dBi, la distancia de interferencia puede alcanzar hasta 250 metros.<br \/>\n2. Cada unidad puede interferir hasta 4 bandas simult\u00e1neamente, con potencia ajustable para cada banda, desde la m\u00e1xima potencia hasta desactivada (0). El indicador LED muestra el estado de la potencia.<br \/>\n3. Proporciona una protecci\u00f3n de sobrecarga VSWR segura 100% para cada m\u00f3dulo, lo que garantiza la fiabilidad y la vida \u00fatil del interferente.<br \/>\n4. Bater\u00eda incorporada, tiempo de trabajo superior a 60-90 minutos, se puede utilizar durante mucho tiempo sin necesidad de carga constante.<br \/>\n5. La carga de la bater\u00eda y el estado del cargador se muestran c\u00f3modamente en la pantalla LED, proporcionando informaci\u00f3n en tiempo real.<\/p>","protected":false},"featured_media":1750,"comment_status":"open","ping_status":"closed","template":"","meta":{"site-sidebar-layout":"no-sidebar","site-content-layout":"page-builder","ast-site-content-layout":"normal-width-container","site-content-style":"default","site-sidebar-style":"default","ast-global-header-display":"","ast-banner-title-visibility":"","ast-main-header-display":"","ast-hfb-above-header-display":"","ast-hfb-below-header-display":"","ast-hfb-mobile-header-display":"","site-post-title":"disabled","ast-breadcrumbs-content":"","ast-featured-img":"disabled","footer-sml-layout":"","theme-transparent-header-meta":"default","adv-header-id-meta":"","stick-header-meta":"default","header-above-stick-meta":"","header-main-stick-meta":"","header-below-stick-meta":"","astra-migrate-meta-layouts":"set","ast-page-background-enabled":"default","ast-page-background-meta":{"desktop":{"background-color":"var(--ast-global-color-4)","background-image":"","background-repeat":"repeat","background-position":"center center","background-size":"auto","background-attachment":"scroll","background-type":"","background-media":"","overlay-type":"","overlay-color":"","overlay-gradient":""},"tablet":{"background-color":"","background-image":"","background-repeat":"repeat","background-position":"center center","background-size":"auto","background-attachment":"scroll","background-type":"","background-media":"","overlay-type":"","overlay-color":"","overlay-gradient":""},"mobile":{"background-color":"","background-image":"","background-repeat":"repeat","background-position":"center center","background-size":"auto","background-attachment":"scroll","background-type":"","background-media":"","overlay-type":"","overlay-color":"","overlay-gradient":""}},"ast-content-background-meta":{"desktop":{"background-color":"var(--ast-global-color-5)","background-image":"","background-repeat":"repeat","background-position":"center center","background-size":"auto","background-attachment":"scroll","background-type":"","background-media":"","overlay-type":"","overlay-color":"","overlay-gradient":""},"tablet":{"background-color":"var(--ast-global-color-5)","background-image":"","background-repeat":"repeat","background-position":"center center","background-size":"auto","background-attachment":"scroll","background-type":"","background-media":"","overlay-type":"","overlay-color":"","overlay-gradient":""},"mobile":{"background-color":"var(--ast-global-color-5)","background-image":"","background-repeat":"repeat","background-position":"center center","background-size":"auto","background-attachment":"scroll","background-type":"","background-media":"","overlay-type":"","overlay-color":"","overlay-gradient":""}}},"product_brand":[],"product_cat":[15,44,43,53,46,71,84,55,97,98],"product_tag":[345,448,452,535,502,536,537,503,504,424,453,368,524,512,457,551,525,558],"class_list":{"0":"post-2273","1":"product","2":"type-product","3":"status-publish","4":"has-post-thumbnail","6":"product_cat-signal-blocker","7":"product_cat-drone-signal-blocker","8":"product_cat-drone-jammer","9":"product_cat-hidden-signal-jammer","10":"product_cat-high-power-signal-jammers","11":"product_cat-more-than-1000dollars-jammers","12":"product_cat-more-than-40meters","13":"product_cat-outdoor-jammer","14":"product_cat-wifi-2-4g-2400-2500mhz-jammer","15":"product_cat-wifi-5g-5100-5680mhz-or5720-5850mhz-jammer","16":"product_tag-2-4ghz-wifi-jammer","17":"product_tag-anti-drone-jammer","18":"product_tag-diy-drone-jammer","19":"product_tag-door-jammer-portable","20":"product_tag-drone-frequency-jammer","21":"product_tag-drone-jammer-aaaaaa","22":"product_tag-drone-jammer-app","23":"product_tag-drone-jammer-for-sale","24":"product_tag-drone-radio-jammer","25":"product_tag-drone-signal-jammer","26":"product_tag-drone-signal-jammer-aaaaaa","27":"product_tag-drone-wifi-jammer","28":"product_tag-frequency-jammer","29":"product_tag-jammer-drone","30":"product_tag-jammer-meaning","31":"product_tag-signal-blocker-jammer","32":"product_tag-the-jammer","33":"product_tag-whats-a-jammer","34":"desktop-align-left","35":"tablet-align-left","36":"mobile-align-left","37":"ast-product-gallery-layout-horizontal-slider","38":"ast-product-single-variable","39":"ast-product-tabs-layout-horizontal","41":"first","42":"instock","43":"sale","44":"shipping-taxable","45":"purchasable","46":"product-type-variable"},"yoast_head":"<!-- This site is optimized with the Yoast SEO plugin v23.9 - https:\/\/yoast.com\/wordpress\/plugins\/seo\/ -->\n<title>High-Power Portable Drone Signal Jammer with A Shielding Radius of up to 250 Meters - JAMMERSIGNAL<\/title>\n<meta name=\"description\" content=\"This latest mid-power portable drone signal jammer is designed to cover 100% of drone signal frequencies. Its directional jamming range is 20 to 250m, which effectively prevents unwanted drone activities.\" \/>\n<meta name=\"robots\" content=\"index, follow, max-snippet:-1, max-image-preview:large, max-video-preview:-1\" \/>\n<link rel=\"canonical\" href=\"https:\/\/www.jammersignal.com\/es\/producto\/high-power-handheld-portable-drone-jammer\/\" \/>\n<meta property=\"og:locale\" content=\"es_ES\" \/>\n<meta property=\"og:type\" content=\"article\" \/>\n<meta property=\"og:title\" content=\"High-Power Portable Drone Signal Jammer with A Shielding Radius of up to 250 Meters - JAMMERSIGNAL\" \/>\n<meta property=\"og:description\" content=\"This latest mid-power portable drone signal jammer is designed to cover 100% of drone signal frequencies. Its directional jamming range is 20 to 250m, which effectively prevents unwanted drone activities.\" \/>\n<meta property=\"og:url\" content=\"https:\/\/www.jammersignal.com\/es\/producto\/high-power-handheld-portable-drone-jammer\/\" \/>\n<meta property=\"og:site_name\" content=\"JAMMERSIGNAL\" \/>\n<meta property=\"article:modified_time\" content=\"2024-12-17T07:53:43+00:00\" \/>\n<meta property=\"og:image\" content=\"https:\/\/www.jammersignal.com\/wp-content\/uploads\/2024\/05\/hw08us-high-jammersignal-drone-portable-handheld-jammers-1.jpg\" \/>\n\t<meta property=\"og:image:width\" content=\"2000\" \/>\n\t<meta property=\"og:image:height\" content=\"2000\" \/>\n\t<meta property=\"og:image:type\" content=\"image\/jpeg\" \/>\n<meta name=\"twitter:card\" content=\"summary_large_image\" \/>\n<meta name=\"twitter:label1\" content=\"Tiempo de lectura\" \/>\n\t<meta name=\"twitter:data1\" content=\"2 minutos\" \/>\n<script type=\"application\/ld+json\" class=\"yoast-schema-graph\">{\"@context\":\"https:\/\/schema.org\",\"@graph\":[{\"@type\":\"WebPage\",\"@id\":\"https:\/\/www.jammersignal.com\/product\/high-power-handheld-portable-drone-jammer\/\",\"url\":\"https:\/\/www.jammersignal.com\/product\/high-power-handheld-portable-drone-jammer\/\",\"name\":\"High-Power Portable Drone Signal Jammer with A Shielding Radius of up to 250 Meters - JAMMERSIGNAL\",\"isPartOf\":{\"@id\":\"https:\/\/www.jammersignal.com\/#website\"},\"primaryImageOfPage\":{\"@id\":\"https:\/\/www.jammersignal.com\/product\/high-power-handheld-portable-drone-jammer\/#primaryimage\"},\"image\":{\"@id\":\"https:\/\/www.jammersignal.com\/product\/high-power-handheld-portable-drone-jammer\/#primaryimage\"},\"thumbnailUrl\":\"https:\/\/www.jammersignal.com\/wp-content\/uploads\/2024\/05\/hw08us-high-jammersignal-drone-portable-handheld-jammers-1.jpg\",\"datePublished\":\"2024-05-31T05:15:29+00:00\",\"dateModified\":\"2024-12-17T07:53:43+00:00\",\"description\":\"This latest mid-power portable drone signal jammer is designed to cover 100% of drone signal frequencies. Its directional jamming range is 20 to 250m, which effectively prevents unwanted drone activities.\",\"breadcrumb\":{\"@id\":\"https:\/\/www.jammersignal.com\/product\/high-power-handheld-portable-drone-jammer\/#breadcrumb\"},\"inLanguage\":\"es\",\"potentialAction\":[{\"@type\":\"ReadAction\",\"target\":[\"https:\/\/www.jammersignal.com\/product\/high-power-handheld-portable-drone-jammer\/\"]}]},{\"@type\":\"ImageObject\",\"inLanguage\":\"es\",\"@id\":\"https:\/\/www.jammersignal.com\/product\/high-power-handheld-portable-drone-jammer\/#primaryimage\",\"url\":\"https:\/\/www.jammersignal.com\/wp-content\/uploads\/2024\/05\/hw08us-high-jammersignal-drone-portable-handheld-jammers-1.jpg\",\"contentUrl\":\"https:\/\/www.jammersignal.com\/wp-content\/uploads\/2024\/05\/hw08us-high-jammersignal-drone-portable-handheld-jammers-1.jpg\",\"width\":2000,\"height\":2000,\"caption\":\"hw08us high jammersignal drone portable handheld jammers (1)\"},{\"@type\":\"BreadcrumbList\",\"@id\":\"https:\/\/www.jammersignal.com\/product\/high-power-handheld-portable-drone-jammer\/#breadcrumb\",\"itemListElement\":[{\"@type\":\"ListItem\",\"position\":1,\"name\":\"Home\",\"item\":\"https:\/\/www.jammersignal.com\/\"},{\"@type\":\"ListItem\",\"position\":2,\"name\":\"Shop\",\"item\":\"https:\/\/www.jammersignal.com\/shop\/\"},{\"@type\":\"ListItem\",\"position\":3,\"name\":\"Signal Blocker\",\"item\":\"https:\/\/www.jammersignal.com\/product-category\/signal-blocker\/\"},{\"@type\":\"ListItem\",\"position\":4,\"name\":\"High Power Handheld Portable Drone Signal Jammer HW08US\"}]},{\"@type\":\"WebSite\",\"@id\":\"https:\/\/www.jammersignal.com\/#website\",\"url\":\"https:\/\/www.jammersignal.com\/\",\"name\":\"JAMMERSIGNAL\",\"description\":\"\",\"publisher\":{\"@id\":\"https:\/\/www.jammersignal.com\/#organization\"},\"potentialAction\":[{\"@type\":\"SearchAction\",\"target\":{\"@type\":\"EntryPoint\",\"urlTemplate\":\"https:\/\/www.jammersignal.com\/?s={search_term_string}\"},\"query-input\":{\"@type\":\"PropertyValueSpecification\",\"valueRequired\":true,\"valueName\":\"search_term_string\"}}],\"inLanguage\":\"es\"},{\"@type\":\"Organization\",\"@id\":\"https:\/\/www.jammersignal.com\/#organization\",\"name\":\"JAMMERSIGNAL\",\"url\":\"https:\/\/www.jammersignal.com\/\",\"logo\":{\"@type\":\"ImageObject\",\"inLanguage\":\"es\",\"@id\":\"https:\/\/www.jammersignal.com\/#\/schema\/logo\/image\/\",\"url\":\"https:\/\/www.jammersignal.com\/wp-content\/uploads\/2024\/05\/cropped-jammersignal-logo-4.png\",\"contentUrl\":\"https:\/\/www.jammersignal.com\/wp-content\/uploads\/2024\/05\/cropped-jammersignal-logo-4.png\",\"width\":104,\"height\":34,\"caption\":\"JAMMERSIGNAL\"},\"image\":{\"@id\":\"https:\/\/www.jammersignal.com\/#\/schema\/logo\/image\/\"}}]}<\/script>\n<!-- \/ Yoast SEO plugin. -->","yoast_head_json":{"title":"Bloqueador de se\u00f1al de drones port\u00e1til de alta potencia con un radio de blindaje de hasta 250 metros - JAMMERSIGNAL","description":"Este inhibidor de se\u00f1al de drones port\u00e1til de potencia media est\u00e1 dise\u00f1ado para cubrir 100% de frecuencias de se\u00f1al de drones. Su rango de interferencia direccional es de 20 a 250 m, lo que impide eficazmente las actividades no deseadas de aviones no tripulados.","robots":{"index":"index","follow":"follow","max-snippet":"max-snippet:-1","max-image-preview":"max-image-preview:large","max-video-preview":"max-video-preview:-1"},"canonical":"https:\/\/www.jammersignal.com\/es\/producto\/high-power-handheld-portable-drone-jammer\/","og_locale":"es_ES","og_type":"article","og_title":"High-Power Portable Drone Signal Jammer with A Shielding Radius of up to 250 Meters - JAMMERSIGNAL","og_description":"This latest mid-power portable drone signal jammer is designed to cover 100% of drone signal frequencies. Its directional jamming range is 20 to 250m, which effectively prevents unwanted drone activities.","og_url":"https:\/\/www.jammersignal.com\/es\/producto\/high-power-handheld-portable-drone-jammer\/","og_site_name":"JAMMERSIGNAL","article_modified_time":"2024-12-17T07:53:43+00:00","og_image":[{"width":2000,"height":2000,"url":"https:\/\/www.jammersignal.com\/wp-content\/uploads\/2024\/05\/hw08us-high-jammersignal-drone-portable-handheld-jammers-1.jpg","type":"image\/jpeg"}],"twitter_card":"summary_large_image","twitter_misc":{"Tiempo de lectura":"2 minutos"},"schema":{"@context":"https:\/\/schema.org","@graph":[{"@type":"WebPage","@id":"https:\/\/www.jammersignal.com\/product\/high-power-handheld-portable-drone-jammer\/","url":"https:\/\/www.jammersignal.com\/product\/high-power-handheld-portable-drone-jammer\/","name":"Bloqueador de se\u00f1al de drones port\u00e1til de alta potencia con un radio de blindaje de hasta 250 metros - JAMMERSIGNAL","isPartOf":{"@id":"https:\/\/www.jammersignal.com\/#website"},"primaryImageOfPage":{"@id":"https:\/\/www.jammersignal.com\/product\/high-power-handheld-portable-drone-jammer\/#primaryimage"},"image":{"@id":"https:\/\/www.jammersignal.com\/product\/high-power-handheld-portable-drone-jammer\/#primaryimage"},"thumbnailUrl":"https:\/\/www.jammersignal.com\/wp-content\/uploads\/2024\/05\/hw08us-high-jammersignal-drone-portable-handheld-jammers-1.jpg","datePublished":"2024-05-31T05:15:29+00:00","dateModified":"2024-12-17T07:53:43+00:00","description":"Este inhibidor de se\u00f1al de drones port\u00e1til de potencia media est\u00e1 dise\u00f1ado para cubrir 100% de frecuencias de se\u00f1al de drones. Su rango de interferencia direccional es de 20 a 250 m, lo que impide eficazmente las actividades no deseadas de aviones no tripulados.","breadcrumb":{"@id":"https:\/\/www.jammersignal.com\/product\/high-power-handheld-portable-drone-jammer\/#breadcrumb"},"inLanguage":"es","potentialAction":[{"@type":"ReadAction","target":["https:\/\/www.jammersignal.com\/product\/high-power-handheld-portable-drone-jammer\/"]}]},{"@type":"ImageObject","inLanguage":"es","@id":"https:\/\/www.jammersignal.com\/product\/high-power-handheld-portable-drone-jammer\/#primaryimage","url":"https:\/\/www.jammersignal.com\/wp-content\/uploads\/2024\/05\/hw08us-high-jammersignal-drone-portable-handheld-jammers-1.jpg","contentUrl":"https:\/\/www.jammersignal.com\/wp-content\/uploads\/2024\/05\/hw08us-high-jammersignal-drone-portable-handheld-jammers-1.jpg","width":2000,"height":2000,"caption":"hw08us high jammersignal drone portable handheld jammers (1)"},{"@type":"BreadcrumbList","@id":"https:\/\/www.jammersignal.com\/product\/high-power-handheld-portable-drone-jammer\/#breadcrumb","itemListElement":[{"@type":"ListItem","position":1,"name":"Home","item":"https:\/\/www.jammersignal.com\/"},{"@type":"ListItem","position":2,"name":"Shop","item":"https:\/\/www.jammersignal.com\/shop\/"},{"@type":"ListItem","position":3,"name":"Signal Blocker","item":"https:\/\/www.jammersignal.com\/product-category\/signal-blocker\/"},{"@type":"ListItem","position":4,"name":"High Power Handheld Portable Drone Signal Jammer HW08US"}]},{"@type":"WebSite","@id":"https:\/\/www.jammersignal.com\/#website","url":"https:\/\/www.jammersignal.com\/","name":"JAMMERSIGNAL","description":"","publisher":{"@id":"https:\/\/www.jammersignal.com\/#organization"},"potentialAction":[{"@type":"SearchAction","target":{"@type":"EntryPoint","urlTemplate":"https:\/\/www.jammersignal.com\/?s={search_term_string}"},"query-input":{"@type":"PropertyValueSpecification","valueRequired":true,"valueName":"search_term_string"}}],"inLanguage":"es"},{"@type":"Organization","@id":"https:\/\/www.jammersignal.com\/#organization","name":"JAMMERSIGNAL","url":"https:\/\/www.jammersignal.com\/","logo":{"@type":"ImageObject","inLanguage":"es","@id":"https:\/\/www.jammersignal.com\/#\/schema\/logo\/image\/","url":"https:\/\/www.jammersignal.com\/wp-content\/uploads\/2024\/05\/cropped-jammersignal-logo-4.png","contentUrl":"https:\/\/www.jammersignal.com\/wp-content\/uploads\/2024\/05\/cropped-jammersignal-logo-4.png","width":104,"height":34,"caption":"JAMMERSIGNAL"},"image":{"@id":"https:\/\/www.jammersignal.com\/#\/schema\/logo\/image\/"}}]}},"_links":{"self":[{"href":"https:\/\/www.jammersignal.com\/es\/wp-json\/wp\/v2\/product\/2273","targetHints":{"allow":["GET"]}}],"collection":[{"href":"https:\/\/www.jammersignal.com\/es\/wp-json\/wp\/v2\/product"}],"about":[{"href":"https:\/\/www.jammersignal.com\/es\/wp-json\/wp\/v2\/types\/product"}],"replies":[{"embeddable":true,"href":"https:\/\/www.jammersignal.com\/es\/wp-json\/wp\/v2\/comments?post=2273"}],"version-history":[{"count":4,"href":"https:\/\/www.jammersignal.com\/es\/wp-json\/wp\/v2\/product\/2273\/revisions"}],"predecessor-version":[{"id":2317,"href":"https:\/\/www.jammersignal.com\/es\/wp-json\/wp\/v2\/product\/2273\/revisions\/2317"}],"wp:featuredmedia":[{"embeddable":true,"href":"https:\/\/www.jammersignal.com\/es\/wp-json\/wp\/v2\/media\/1750"}],"wp:attachment":[{"href":"https:\/\/www.jammersignal.com\/es\/wp-json\/wp\/v2\/media?parent=2273"}],"wp:term":[{"taxonomy":"product_brand","embeddable":true,"href":"https:\/\/www.jammersignal.com\/es\/wp-json\/wp\/v2\/product_brand?post=2273"},{"taxonomy":"product_cat","embeddable":true,"href":"https:\/\/www.jammersignal.com\/es\/wp-json\/wp\/v2\/product_cat?post=2273"},{"taxonomy":"product_tag","embeddable":true,"href":"https:\/\/www.jammersignal.com\/es\/wp-json\/wp\/v2\/product_tag?post=2273"}],"curies":[{"name":"wp","href":"https:\/\/api.w.org\/{rel}","templated":true}]}}