{"id":2277,"date":"2024-05-31T05:45:32","date_gmt":"2024-05-31T05:45:32","guid":{"rendered":"https:\/\/www.jammersignal.com\/?post_type=product&#038;p=2277"},"modified":"2025-05-26T05:01:05","modified_gmt":"2025-05-26T05:01:05","slug":"shield-type-drone-jammer-2-4g-5-8g","status":"publish","type":"product","link":"https:\/\/www.jammersignal.com\/es\/producto\/shield-type-drone-jammer-2-4g-5-8g\/","title":{"rendered":"Militar T\u00e1ctica Escudo Tipo Drone Jammer 2.4G 5.8G"},"content":{"rendered":"<div data-elementor-type=\"wp-post\" data-elementor-id=\"2277\" class=\"elementor elementor-2277\">\n\t\t\t\t<div class=\"elementor-element elementor-element-4a8c2a2 e-flex e-con-boxed e-con e-parent\" data-id=\"4a8c2a2\" data-element_type=\"container\">\n\t\t\t\t\t<div class=\"e-con-inner\">\n\t\t<div class=\"elementor-element elementor-element-2677d1d e-con-full e-flex e-con e-child\" data-id=\"2677d1d\" data-element_type=\"container\">\n\t\t\t\t<div class=\"elementor-element elementor-element-5ee8a99 elementor-widget elementor-widget-text-editor\" data-id=\"5ee8a99\" data-element_type=\"widget\" data-widget_type=\"text-editor.default\">\n\t\t\t\t<div class=\"elementor-widget-container\">\n\t\t\t\t\t\t\t\t\t<h4>Especificaciones t\u00e9cnicas<\/h4><table width=\"400\"><tbody><tr><td width=\"72\"><strong>Nombre del par\u00e1metro<\/strong><\/td><td width=\"328\"><strong>Par\u00e1metros<\/strong><\/td><\/tr><tr><td>Modelo\u00a0<\/td><td>PD-17<\/td><\/tr><tr><td>Frecuencias de interferencia<\/td><td width=\"328\">2.4G<br \/>5.8G<br \/>GPS<br \/>GLONASS<\/td><\/tr><tr><td>Radio de interferencia<\/td><td>Hasta 2000 metros<\/td><\/tr><tr><td>Alimentaci\u00f3n<\/td><td>Enchufe, bater\u00eda integrada<\/td><\/tr><tr><td>Bater\u00eda integrada<\/td><td>DC24V\/3500mA<\/td><\/tr><tr><td>Bater\u00eda integrada<\/td><td>DC24V\/3500mA<\/td><\/tr><tr><td>Potencia de salida total<\/td><td>55W<\/td><\/tr><tr><td>Tensi\u00f3n<\/td><td>AC110-240V DC12V<\/td><\/tr><tr><td>Temperatura de funcionamiento<\/td><td>-40\u2103 a +70\u2103<\/td><\/tr><tr><td>Humedad de funcionamiento<\/td><td>5% a 80%<\/td><\/tr><tr><td>Tama\u00f1o del dispositivo<\/td><td>277mm*80mm*51mm<\/td><\/tr><tr><td>Peso del aparato<\/td><td>1500 g<\/td><\/tr><\/tbody><\/table>\t\t\t\t\t\t\t\t<\/div>\n\t\t\t\t<\/div>\n\t\t\t\t<\/div>\n\t\t<div class=\"elementor-element elementor-element-63abe0f e-con-full e-flex e-con e-child\" data-id=\"63abe0f\" data-element_type=\"container\">\n\t\t\t\t<div class=\"elementor-element elementor-element-3d0f9f0 elementor-widget elementor-widget-text-editor\" data-id=\"3d0f9f0\" data-element_type=\"widget\" data-widget_type=\"text-editor.default\">\n\t\t\t\t<div class=\"elementor-widget-container\">\n\t\t\t\t\t\t\t\t\t<h4>Informaci\u00f3n sobre el producto<\/h4><p>Este inhibidor de drones tipo escudo de \u00faltima generaci\u00f3n adopta un dise\u00f1o militar de nivel profesional. Este dispositivo jammer ligero y port\u00e1til est\u00e1 especialmente dise\u00f1ado para contrarrestar los drones de bajo vuelo al interferir con sus se\u00f1ales de control remoto sin afectar a otras se\u00f1ales.<\/p><p>Con una distancia de interferencia efectiva de hasta 2000 metros, este bloqueador de se\u00f1al de UAV puede blindar eficazmente las se\u00f1ales de drones y evitar el acceso no autorizado de drones. Est\u00e1 dise\u00f1ado para escenarios relacionados con drones y es imprescindible para los interesados en el control de drones.<\/p><p><strong>Caracter\u00edsticas del producto:<\/strong><\/p><ol><li>F\u00e1cil de transportar y manejar, lo que garantiza un uso c\u00f3modo en diversas situaciones.<\/li><li>La carcasa de aluminio mejora la disipaci\u00f3n del calor y garantiza un funcionamiento \u00f3ptimo.<\/li><li>La distancia efectiva de interferencia es de 300 a 2000 metros, cubriendo un amplio rango.<\/li><li>Adoptando un dise\u00f1o de interruptor de control independiente, el control es f\u00e1cil y preciso.<\/li><\/ol><p><strong>Precauciones:<\/strong><\/p><p>1.Los inhibidores est\u00e1n personalizados de acuerdo con las bandas de frecuencia de diferentes pa\u00edses, por favor confirme que el pa\u00eds de compra y el pa\u00eds de uso real son coherentes. De lo contrario no se puede utilizar. Por favor, lea la funci\u00f3n jammer antes de comprar.<br \/>2.If los bloqueadores de baja potencia (tales como bloqueadores de mano) para bloquear el dispositivo de se\u00f1al (tales asWIFI router, Bluetooth equipo de audio, etc), el efecto ser\u00e1 pobre o incluso no puede jammer.<br \/>3.Est\u00e1 prohibido su uso durante la carga.<br \/>4.No utilice inhibidores port\u00e1tiles como inhibidores de sobremesa.<br \/>5.No utilice inhibidores antes de conectar la antena.<\/p>\t\t\t\t\t\t\t\t<\/div>\n\t\t\t\t<\/div>\n\t\t\t\t<\/div>\n\t\t\t\t\t<\/div>\n\t\t\t\t<\/div>\n\t\t\t\t<\/div>","protected":false},"excerpt":{"rendered":"<p>Este inhibidor de drones tipo escudo de \u00faltima generaci\u00f3n adopta un dise\u00f1o militar de nivel profesional. Este dispositivo jammer ligero y port\u00e1til est\u00e1 especialmente dise\u00f1ado para contrarrestar los drones de bajo vuelo al interferir con sus se\u00f1ales de control remoto sin afectar a otras se\u00f1ales.<\/p>\n<p>Con una distancia de interferencia efectiva de hasta 2000 metros, este bloqueador de se\u00f1al de UAV puede blindar eficazmente las se\u00f1ales de drones y evitar el acceso no autorizado de drones. Est\u00e1 dise\u00f1ado para escenarios relacionados con drones y es imprescindible para los interesados en el control de drones.<\/p>\n<p><strong>Caracter\u00edsticas del producto:<\/strong><\/p>\n<p>1. F\u00e1cil de transportar y manejar, lo que garantiza un uso c\u00f3modo en diversas situaciones.<br \/>\n2. La carcasa de aluminio mejora la disipaci\u00f3n del calor y garantiza un funcionamiento \u00f3ptimo.<br \/>\n3. La distancia efectiva de interferencia es de 300 a 2000 metros, cubriendo un amplio rango.<br \/>\n4. Adopta un dise\u00f1o de interruptor de control independiente, el control es f\u00e1cil y preciso.<\/p>","protected":false},"featured_media":2848,"comment_status":"open","ping_status":"closed","template":"","meta":{"site-sidebar-layout":"no-sidebar","site-content-layout":"page-builder","ast-site-content-layout":"normal-width-container","site-content-style":"default","site-sidebar-style":"default","ast-global-header-display":"","ast-banner-title-visibility":"","ast-main-header-display":"","ast-hfb-above-header-display":"","ast-hfb-below-header-display":"","ast-hfb-mobile-header-display":"","site-post-title":"disabled","ast-breadcrumbs-content":"","ast-featured-img":"disabled","footer-sml-layout":"","theme-transparent-header-meta":"default","adv-header-id-meta":"","stick-header-meta":"default","header-above-stick-meta":"","header-main-stick-meta":"","header-below-stick-meta":"","astra-migrate-meta-layouts":"set","ast-page-background-enabled":"default","ast-page-background-meta":{"desktop":{"background-color":"var(--ast-global-color-4)","background-image":"","background-repeat":"repeat","background-position":"center center","background-size":"auto","background-attachment":"scroll","background-type":"","background-media":"","overlay-type":"","overlay-color":"","overlay-gradient":""},"tablet":{"background-color":"","background-image":"","background-repeat":"repeat","background-position":"center center","background-size":"auto","background-attachment":"scroll","background-type":"","background-media":"","overlay-type":"","overlay-color":"","overlay-gradient":""},"mobile":{"background-color":"","background-image":"","background-repeat":"repeat","background-position":"center center","background-size":"auto","background-attachment":"scroll","background-type":"","background-media":"","overlay-type":"","overlay-color":"","overlay-gradient":""}},"ast-content-background-meta":{"desktop":{"background-color":"var(--ast-global-color-5)","background-image":"","background-repeat":"repeat","background-position":"center center","background-size":"auto","background-attachment":"scroll","background-type":"","background-media":"","overlay-type":"","overlay-color":"","overlay-gradient":""},"tablet":{"background-color":"var(--ast-global-color-5)","background-image":"","background-repeat":"repeat","background-position":"center center","background-size":"auto","background-attachment":"scroll","background-type":"","background-media":"","overlay-type":"","overlay-color":"","overlay-gradient":""},"mobile":{"background-color":"var(--ast-global-color-5)","background-image":"","background-repeat":"repeat","background-position":"center center","background-size":"auto","background-attachment":"scroll","background-type":"","background-media":"","overlay-type":"","overlay-color":"","overlay-gradient":""}}},"product_brand":[],"product_cat":[15,40,39,44,43,35,34,46,71,97,98,37,36],"product_tag":[345,353,355,356,448,452,502,536,537,503,504,368,512,558,398],"class_list":{"0":"post-2277","1":"product","2":"type-product","3":"status-publish","4":"has-post-thumbnail","6":"product_cat-signal-blocker","7":"product_cat-bluetooth-signal-blocker","8":"product_cat-bluetooth-jammer","9":"product_cat-drone-signal-blocker","10":"product_cat-drone-jammer","11":"product_cat-gps-signal-blocker","12":"product_cat-gps-signal-jammer","13":"product_cat-high-power-signal-jammers","14":"product_cat-more-than-1000dollars-jammers","15":"product_cat-wifi-2-4g-2400-2500mhz-jammer","16":"product_cat-wifi-5g-5100-5680mhz-or5720-5850mhz-jammer","17":"product_cat-wifi-signal-blocker","18":"product_cat-wifi-jammer","19":"product_tag-2-4ghz-wifi-jammer","20":"product_tag-5-ghz-wifi-jammer","21":"product_tag-5ghz-wifi-jammer","22":"product_tag-5ghz-wifi-jammer-diy","23":"product_tag-anti-drone-jammer","24":"product_tag-diy-drone-jammer","25":"product_tag-drone-frequency-jammer","26":"product_tag-drone-jammer-aaaaaa","27":"product_tag-drone-jammer-app","28":"product_tag-drone-jammer-for-sale","29":"product_tag-drone-radio-jammer","30":"product_tag-drone-wifi-jammer","31":"product_tag-jammer-drone","32":"product_tag-whats-a-jammer","33":"product_tag-wifi-jammer-5ghz","34":"desktop-align-left","35":"tablet-align-left","36":"mobile-align-left","37":"ast-product-gallery-layout-horizontal-slider","38":"ast-product-single-variable","39":"ast-product-tabs-layout-horizontal","41":"first","42":"instock","43":"sale","44":"shipping-taxable","45":"purchasable","46":"product-type-variable"},"yoast_head":"<!-- This site is optimized with the Yoast SEO plugin v23.9 - https:\/\/yoast.com\/wordpress\/plugins\/seo\/ -->\n<title>Military Tactical Shield Type Drone Jammer 2.4G 5.8G, interference radius up to 2000 meters - JAMMERSIGNAL<\/title>\n<meta name=\"description\" content=\"This latest drone jammer, with professional-grade military design, can shield 2.4G 5.8G drone signals, with an interference radius of up to 2000m, and is specially designed to counter low-flying drones by interfering with their remote control signals without affecting other signals.\" \/>\n<meta name=\"robots\" content=\"index, follow, max-snippet:-1, max-image-preview:large, max-video-preview:-1\" \/>\n<link rel=\"canonical\" href=\"https:\/\/www.jammersignal.com\/es\/producto\/shield-type-drone-jammer-2-4g-5-8g\/\" \/>\n<meta property=\"og:locale\" content=\"es_ES\" \/>\n<meta property=\"og:type\" content=\"article\" \/>\n<meta property=\"og:title\" content=\"Military Tactical Shield Type Drone Jammer 2.4G 5.8G, interference radius up to 2000 meters - JAMMERSIGNAL\" \/>\n<meta property=\"og:description\" content=\"This latest drone jammer, with professional-grade military design, can shield 2.4G 5.8G drone signals, with an interference radius of up to 2000m, and is specially designed to counter low-flying drones by interfering with their remote control signals without affecting other signals.\" \/>\n<meta property=\"og:url\" content=\"https:\/\/www.jammersignal.com\/es\/producto\/shield-type-drone-jammer-2-4g-5-8g\/\" \/>\n<meta property=\"og:site_name\" content=\"JAMMERSIGNAL\" \/>\n<meta property=\"article:modified_time\" content=\"2025-05-26T05:01:05+00:00\" \/>\n<meta property=\"og:image\" content=\"https:\/\/www.jammersignal.com\/wp-content\/uploads\/2024\/06\/high-quality-jammersignal-drone-jammers-1.jpg\" \/>\n\t<meta property=\"og:image:width\" content=\"431\" \/>\n\t<meta property=\"og:image:height\" content=\"430\" \/>\n\t<meta property=\"og:image:type\" content=\"image\/jpeg\" \/>\n<meta name=\"twitter:card\" content=\"summary_large_image\" \/>\n<meta name=\"twitter:label1\" content=\"Tiempo de lectura\" \/>\n\t<meta name=\"twitter:data1\" content=\"2 minutos\" \/>\n<script type=\"application\/ld+json\" class=\"yoast-schema-graph\">{\"@context\":\"https:\/\/schema.org\",\"@graph\":[{\"@type\":\"WebPage\",\"@id\":\"https:\/\/www.jammersignal.com\/product\/shield-type-drone-jammer-2-4g-5-8g\/\",\"url\":\"https:\/\/www.jammersignal.com\/product\/shield-type-drone-jammer-2-4g-5-8g\/\",\"name\":\"Military Tactical Shield Type Drone Jammer 2.4G 5.8G, interference radius up to 2000 meters - JAMMERSIGNAL\",\"isPartOf\":{\"@id\":\"https:\/\/www.jammersignal.com\/#website\"},\"primaryImageOfPage\":{\"@id\":\"https:\/\/www.jammersignal.com\/product\/shield-type-drone-jammer-2-4g-5-8g\/#primaryimage\"},\"image\":{\"@id\":\"https:\/\/www.jammersignal.com\/product\/shield-type-drone-jammer-2-4g-5-8g\/#primaryimage\"},\"thumbnailUrl\":\"https:\/\/www.jammersignal.com\/wp-content\/uploads\/2024\/06\/high-quality-jammersignal-drone-jammers-1.jpg\",\"datePublished\":\"2024-05-31T05:45:32+00:00\",\"dateModified\":\"2025-05-26T05:01:05+00:00\",\"description\":\"This latest drone jammer, with professional-grade military design, can shield 2.4G 5.8G drone signals, with an interference radius of up to 2000m, and is specially designed to counter low-flying drones by interfering with their remote control signals without affecting other signals.\",\"breadcrumb\":{\"@id\":\"https:\/\/www.jammersignal.com\/product\/shield-type-drone-jammer-2-4g-5-8g\/#breadcrumb\"},\"inLanguage\":\"es\",\"potentialAction\":[{\"@type\":\"ReadAction\",\"target\":[\"https:\/\/www.jammersignal.com\/product\/shield-type-drone-jammer-2-4g-5-8g\/\"]}]},{\"@type\":\"ImageObject\",\"inLanguage\":\"es\",\"@id\":\"https:\/\/www.jammersignal.com\/product\/shield-type-drone-jammer-2-4g-5-8g\/#primaryimage\",\"url\":\"https:\/\/www.jammersignal.com\/wp-content\/uploads\/2024\/06\/high-quality-jammersignal-drone-jammers-1.jpg\",\"contentUrl\":\"https:\/\/www.jammersignal.com\/wp-content\/uploads\/2024\/06\/high-quality-jammersignal-drone-jammers-1.jpg\",\"width\":431,\"height\":430,\"caption\":\"high quality jammersignal drone jammers (1)\"},{\"@type\":\"BreadcrumbList\",\"@id\":\"https:\/\/www.jammersignal.com\/product\/shield-type-drone-jammer-2-4g-5-8g\/#breadcrumb\",\"itemListElement\":[{\"@type\":\"ListItem\",\"position\":1,\"name\":\"Home\",\"item\":\"https:\/\/www.jammersignal.com\/\"},{\"@type\":\"ListItem\",\"position\":2,\"name\":\"Shop\",\"item\":\"https:\/\/www.jammersignal.com\/shop\/\"},{\"@type\":\"ListItem\",\"position\":3,\"name\":\"Signal Blocker\",\"item\":\"https:\/\/www.jammersignal.com\/product-category\/signal-blocker\/\"},{\"@type\":\"ListItem\",\"position\":4,\"name\":\"Military Tactical Shield Type Drone Jammer 2.4G 5.8G\"}]},{\"@type\":\"WebSite\",\"@id\":\"https:\/\/www.jammersignal.com\/#website\",\"url\":\"https:\/\/www.jammersignal.com\/\",\"name\":\"JAMMERSIGNAL\",\"description\":\"\",\"publisher\":{\"@id\":\"https:\/\/www.jammersignal.com\/#organization\"},\"potentialAction\":[{\"@type\":\"SearchAction\",\"target\":{\"@type\":\"EntryPoint\",\"urlTemplate\":\"https:\/\/www.jammersignal.com\/?s={search_term_string}\"},\"query-input\":{\"@type\":\"PropertyValueSpecification\",\"valueRequired\":true,\"valueName\":\"search_term_string\"}}],\"inLanguage\":\"es\"},{\"@type\":\"Organization\",\"@id\":\"https:\/\/www.jammersignal.com\/#organization\",\"name\":\"JAMMERSIGNAL\",\"url\":\"https:\/\/www.jammersignal.com\/\",\"logo\":{\"@type\":\"ImageObject\",\"inLanguage\":\"es\",\"@id\":\"https:\/\/www.jammersignal.com\/#\/schema\/logo\/image\/\",\"url\":\"https:\/\/www.jammersignal.com\/wp-content\/uploads\/2024\/05\/cropped-jammersignal-logo-4.png\",\"contentUrl\":\"https:\/\/www.jammersignal.com\/wp-content\/uploads\/2024\/05\/cropped-jammersignal-logo-4.png\",\"width\":104,\"height\":34,\"caption\":\"JAMMERSIGNAL\"},\"image\":{\"@id\":\"https:\/\/www.jammersignal.com\/#\/schema\/logo\/image\/\"}}]}<\/script>\n<!-- \/ Yoast SEO plugin. -->","yoast_head_json":{"title":"Escudo Militar T\u00e1ctico Tipo Drone Jammer 2.4G 5.8G, radio de interferencia de hasta 2000 metros - JAMMERSIGNAL","description":"Este \u00faltimo bloqueador de drones, con dise\u00f1o militar de grado profesional, puede blindar se\u00f1ales de drones 2.4G 5.8G, con un radio de interferencia de hasta 2000m, y est\u00e1 especialmente dise\u00f1ado para contrarrestar drones de bajo vuelo interfiriendo con sus se\u00f1ales de control remoto sin afectar a otras se\u00f1ales.","robots":{"index":"index","follow":"follow","max-snippet":"max-snippet:-1","max-image-preview":"max-image-preview:large","max-video-preview":"max-video-preview:-1"},"canonical":"https:\/\/www.jammersignal.com\/es\/producto\/shield-type-drone-jammer-2-4g-5-8g\/","og_locale":"es_ES","og_type":"article","og_title":"Military Tactical Shield Type Drone Jammer 2.4G 5.8G, interference radius up to 2000 meters - JAMMERSIGNAL","og_description":"This latest drone jammer, with professional-grade military design, can shield 2.4G 5.8G drone signals, with an interference radius of up to 2000m, and is specially designed to counter low-flying drones by interfering with their remote control signals without affecting other signals.","og_url":"https:\/\/www.jammersignal.com\/es\/producto\/shield-type-drone-jammer-2-4g-5-8g\/","og_site_name":"JAMMERSIGNAL","article_modified_time":"2025-05-26T05:01:05+00:00","og_image":[{"width":431,"height":430,"url":"https:\/\/www.jammersignal.com\/wp-content\/uploads\/2024\/06\/high-quality-jammersignal-drone-jammers-1.jpg","type":"image\/jpeg"}],"twitter_card":"summary_large_image","twitter_misc":{"Tiempo de lectura":"2 minutos"},"schema":{"@context":"https:\/\/schema.org","@graph":[{"@type":"WebPage","@id":"https:\/\/www.jammersignal.com\/product\/shield-type-drone-jammer-2-4g-5-8g\/","url":"https:\/\/www.jammersignal.com\/product\/shield-type-drone-jammer-2-4g-5-8g\/","name":"Escudo Militar T\u00e1ctico Tipo Drone Jammer 2.4G 5.8G, radio de interferencia de hasta 2000 metros - JAMMERSIGNAL","isPartOf":{"@id":"https:\/\/www.jammersignal.com\/#website"},"primaryImageOfPage":{"@id":"https:\/\/www.jammersignal.com\/product\/shield-type-drone-jammer-2-4g-5-8g\/#primaryimage"},"image":{"@id":"https:\/\/www.jammersignal.com\/product\/shield-type-drone-jammer-2-4g-5-8g\/#primaryimage"},"thumbnailUrl":"https:\/\/www.jammersignal.com\/wp-content\/uploads\/2024\/06\/high-quality-jammersignal-drone-jammers-1.jpg","datePublished":"2024-05-31T05:45:32+00:00","dateModified":"2025-05-26T05:01:05+00:00","description":"Este \u00faltimo bloqueador de drones, con dise\u00f1o militar de grado profesional, puede blindar se\u00f1ales de drones 2.4G 5.8G, con un radio de interferencia de hasta 2000m, y est\u00e1 especialmente dise\u00f1ado para contrarrestar drones de bajo vuelo interfiriendo con sus se\u00f1ales de control remoto sin afectar a otras se\u00f1ales.","breadcrumb":{"@id":"https:\/\/www.jammersignal.com\/product\/shield-type-drone-jammer-2-4g-5-8g\/#breadcrumb"},"inLanguage":"es","potentialAction":[{"@type":"ReadAction","target":["https:\/\/www.jammersignal.com\/product\/shield-type-drone-jammer-2-4g-5-8g\/"]}]},{"@type":"ImageObject","inLanguage":"es","@id":"https:\/\/www.jammersignal.com\/product\/shield-type-drone-jammer-2-4g-5-8g\/#primaryimage","url":"https:\/\/www.jammersignal.com\/wp-content\/uploads\/2024\/06\/high-quality-jammersignal-drone-jammers-1.jpg","contentUrl":"https:\/\/www.jammersignal.com\/wp-content\/uploads\/2024\/06\/high-quality-jammersignal-drone-jammers-1.jpg","width":431,"height":430,"caption":"high quality jammersignal drone jammers (1)"},{"@type":"BreadcrumbList","@id":"https:\/\/www.jammersignal.com\/product\/shield-type-drone-jammer-2-4g-5-8g\/#breadcrumb","itemListElement":[{"@type":"ListItem","position":1,"name":"Home","item":"https:\/\/www.jammersignal.com\/"},{"@type":"ListItem","position":2,"name":"Shop","item":"https:\/\/www.jammersignal.com\/shop\/"},{"@type":"ListItem","position":3,"name":"Signal Blocker","item":"https:\/\/www.jammersignal.com\/product-category\/signal-blocker\/"},{"@type":"ListItem","position":4,"name":"Military Tactical Shield Type Drone Jammer 2.4G 5.8G"}]},{"@type":"WebSite","@id":"https:\/\/www.jammersignal.com\/#website","url":"https:\/\/www.jammersignal.com\/","name":"JAMMERSIGNAL","description":"","publisher":{"@id":"https:\/\/www.jammersignal.com\/#organization"},"potentialAction":[{"@type":"SearchAction","target":{"@type":"EntryPoint","urlTemplate":"https:\/\/www.jammersignal.com\/?s={search_term_string}"},"query-input":{"@type":"PropertyValueSpecification","valueRequired":true,"valueName":"search_term_string"}}],"inLanguage":"es"},{"@type":"Organization","@id":"https:\/\/www.jammersignal.com\/#organization","name":"JAMMERSIGNAL","url":"https:\/\/www.jammersignal.com\/","logo":{"@type":"ImageObject","inLanguage":"es","@id":"https:\/\/www.jammersignal.com\/#\/schema\/logo\/image\/","url":"https:\/\/www.jammersignal.com\/wp-content\/uploads\/2024\/05\/cropped-jammersignal-logo-4.png","contentUrl":"https:\/\/www.jammersignal.com\/wp-content\/uploads\/2024\/05\/cropped-jammersignal-logo-4.png","width":104,"height":34,"caption":"JAMMERSIGNAL"},"image":{"@id":"https:\/\/www.jammersignal.com\/#\/schema\/logo\/image\/"}}]}},"_links":{"self":[{"href":"https:\/\/www.jammersignal.com\/es\/wp-json\/wp\/v2\/product\/2277","targetHints":{"allow":["GET"]}}],"collection":[{"href":"https:\/\/www.jammersignal.com\/es\/wp-json\/wp\/v2\/product"}],"about":[{"href":"https:\/\/www.jammersignal.com\/es\/wp-json\/wp\/v2\/types\/product"}],"replies":[{"embeddable":true,"href":"https:\/\/www.jammersignal.com\/es\/wp-json\/wp\/v2\/comments?post=2277"}],"version-history":[{"count":6,"href":"https:\/\/www.jammersignal.com\/es\/wp-json\/wp\/v2\/product\/2277\/revisions"}],"predecessor-version":[{"id":2851,"href":"https:\/\/www.jammersignal.com\/es\/wp-json\/wp\/v2\/product\/2277\/revisions\/2851"}],"wp:featuredmedia":[{"embeddable":true,"href":"https:\/\/www.jammersignal.com\/es\/wp-json\/wp\/v2\/media\/2848"}],"wp:attachment":[{"href":"https:\/\/www.jammersignal.com\/es\/wp-json\/wp\/v2\/media?parent=2277"}],"wp:term":[{"taxonomy":"product_brand","embeddable":true,"href":"https:\/\/www.jammersignal.com\/es\/wp-json\/wp\/v2\/product_brand?post=2277"},{"taxonomy":"product_cat","embeddable":true,"href":"https:\/\/www.jammersignal.com\/es\/wp-json\/wp\/v2\/product_cat?post=2277"},{"taxonomy":"product_tag","embeddable":true,"href":"https:\/\/www.jammersignal.com\/es\/wp-json\/wp\/v2\/product_tag?post=2277"}],"curies":[{"name":"wp","href":"https:\/\/api.w.org\/{rel}","templated":true}]}}