{"id":2278,"date":"2024-05-31T05:57:32","date_gmt":"2024-05-31T05:57:32","guid":{"rendered":"https:\/\/www.jammersignal.com\/?post_type=product&#038;p=2278"},"modified":"2025-05-23T02:49:44","modified_gmt":"2025-05-23T02:49:44","slug":"desktop-12band-mobile-phone-multi-frequency-drone-jammer","status":"publish","type":"product","link":"https:\/\/www.jammersignal.com\/es\/producto\/desktop-12band-mobile-phone-multi-frequency-drone-jammer\/","title":{"rendered":"Bloqueador de se\u00f1al de tel\u00e9fono m\u00f3vil multifrecuencia de 12 bandas de sobremesa Drone Jammer"},"content":{"rendered":"<div data-elementor-type=\"wp-post\" data-elementor-id=\"2278\" class=\"elementor elementor-2278\">\n\t\t\t\t<div class=\"elementor-element elementor-element-4a8c2a2 e-flex e-con-boxed e-con e-parent\" data-id=\"4a8c2a2\" data-element_type=\"container\">\n\t\t\t\t\t<div class=\"e-con-inner\">\n\t\t<div class=\"elementor-element elementor-element-2677d1d e-con-full e-flex e-con e-child\" data-id=\"2677d1d\" data-element_type=\"container\">\n\t\t\t\t<div class=\"elementor-element elementor-element-5ee8a99 elementor-widget elementor-widget-text-editor\" data-id=\"5ee8a99\" data-element_type=\"widget\" data-widget_type=\"text-editor.default\">\n\t\t\t\t<div class=\"elementor-widget-container\">\n\t\t\t\t\t\t\t\t\t<h4>Especificaciones t\u00e9cnicas<\/h4><p><strong>Frecuencias de interferencia<\/strong><\/p><p>-CDMA 800: 850-894MHz<br \/>-GSM 900: 925-960 MHz<br \/>-GSM 1800: 1805-1880 MHz<br \/>-GSM 1900: 1920-1990 MHz<br \/>-3G: 2110-2170MHz<br \/>-GPSL2-L5: 1170-1280 MHz<br \/>-VHF: 135-174MHz<br \/>-UHF: 400-470MHz<br \/>-315 MHz<br \/>-4G LTE: 725-770MHz<br \/>-4GWIMAX: 2345-2400MHz,2500-2690MHz<br \/>-LOJACK: 167-175MHz<\/p><p><strong>Especificaciones b\u00e1sicas<\/strong><\/p><p>Fuente de alimentaci\u00f3n\uff1aSe utiliza despu\u00e9s de conectar la Fuente de alimentaci\u00f3n.<br \/>Radio de interferencia\uff1aHasta 200 metros<br \/>Potencia total de salida \uff1a20W<br \/>Tensi\u00f3n : AC110 o 220-240V \/DC 27V<br \/>Temperatura de funcionamiento\uff1a-10\u2103 a +50\u2103<br \/>Humedad de funcionamiento\uff1a5% a 80%<br \/>Tama\u00f1o del dispositivo: 450 mm*190 mm*60 mm<br \/>Peso del aparato: 10000 g<\/p>\t\t\t\t\t\t\t\t<\/div>\n\t\t\t\t<\/div>\n\t\t\t\t<\/div>\n\t\t<div class=\"elementor-element elementor-element-63abe0f e-con-full e-flex e-con e-child\" data-id=\"63abe0f\" data-element_type=\"container\">\n\t\t\t\t<div class=\"elementor-element elementor-element-3d0f9f0 elementor-widget elementor-widget-text-editor\" data-id=\"3d0f9f0\" data-element_type=\"widget\" data-widget_type=\"text-editor.default\">\n\t\t\t\t<div class=\"elementor-widget-container\">\n\t\t\t\t\t\t\t\t\t<h4>Informaci\u00f3n sobre el producto<\/h4><p><strong>Caracter\u00edsticas principales:<\/strong><\/p><p>1. Equipado con un sistema de refrigeraci\u00f3n de alta eficiencia, que incluye un disipador de calor y dos ventiladores superiores grandes, y cuatro ventiladores internos peque\u00f1os, con bajo nivel de ruido.<br \/>2. Cada banda de frecuencia es independiente y ajustable, lo que permite ajustar la potencia desde el m\u00e1ximo hasta completamente desactivada (0).<br \/>3. Proporciona una protecci\u00f3n segura contra sobretensiones VSWR (relaci\u00f3n de onda estacionaria de tensi\u00f3n) 100% para cada componente modular.<br \/>4. Proporciona una banda de interferencia ultraancha, capaz de bloquear las bandas de frecuencia m\u00e1s utilizadas.<\/p><p><strong>Nota:<\/strong><\/p><p>1.Los inhibidores est\u00e1n personalizados de acuerdo con las bandas de frecuencia de diferentes pa\u00edses, por favor confirme que el pa\u00eds de compra y el pa\u00eds de uso real son coherentes. Por favor, lea la funci\u00f3n jammer antes de comprar.<br \/>2.If los bloqueadores de baja potencia (como bloqueadores de mano) para bloquear el dispositivo de se\u00f1al de potencia (como enrutador WIFI de energ\u00eda, equipos de audio Bluetooth, etc.), el efecto ser\u00e1 pobre o incluso no puede jammer.<br \/>3.Est\u00e1 prohibido su uso durante la carga.<br \/>4.No utilice inhibidores port\u00e1tiles como inhibidores de sobremesa.<br \/>5.No utilice inhibidores antes de conectar la antena.<\/p>\t\t\t\t\t\t\t\t<\/div>\n\t\t\t\t<\/div>\n\t\t\t\t<\/div>\n\t\t\t\t\t<\/div>\n\t\t\t\t<\/div>\n\t\t\t\t<\/div>","protected":false},"excerpt":{"rendered":"<p><strong>Caracter\u00edsticas principales:<\/strong><\/p>\n<ol>\n<li>Equipado con un sistema de refrigeraci\u00f3n de alta eficiencia, que incluye un disipador de calor y dos ventiladores superiores grandes, y cuatro ventiladores internos peque\u00f1os, de bajo nivel sonoro.<\/li>\n<li>Cada banda de frecuencia es independiente y ajustable, lo que permite ajustar la potencia desde el m\u00e1ximo hasta completamente desactivada (0).<\/li>\n<li>Proporciona una protecci\u00f3n segura contra sobretensiones VSWR (relaci\u00f3n de onda estacionaria de tensi\u00f3n) 100% para cada componente modular.<\/li>\n<li>Proporciona una banda de interferencia ultraancha, capaz de bloquear las bandas de frecuencia m\u00e1s utilizadas.<\/li>\n<\/ol>","protected":false},"featured_media":1772,"comment_status":"open","ping_status":"closed","template":"","meta":{"site-sidebar-layout":"no-sidebar","site-content-layout":"page-builder","ast-site-content-layout":"normal-width-container","site-content-style":"default","site-sidebar-style":"default","ast-global-header-display":"","ast-banner-title-visibility":"","ast-main-header-display":"","ast-hfb-above-header-display":"","ast-hfb-below-header-display":"","ast-hfb-mobile-header-display":"","site-post-title":"disabled","ast-breadcrumbs-content":"","ast-featured-img":"disabled","footer-sml-layout":"","theme-transparent-header-meta":"default","adv-header-id-meta":"","stick-header-meta":"default","header-above-stick-meta":"","header-main-stick-meta":"","header-below-stick-meta":"","astra-migrate-meta-layouts":"set","ast-page-background-enabled":"default","ast-page-background-meta":{"desktop":{"background-color":"var(--ast-global-color-4)","background-image":"","background-repeat":"repeat","background-position":"center center","background-size":"auto","background-attachment":"scroll","background-type":"","background-media":"","overlay-type":"","overlay-color":"","overlay-gradient":""},"tablet":{"background-color":"","background-image":"","background-repeat":"repeat","background-position":"center center","background-size":"auto","background-attachment":"scroll","background-type":"","background-media":"","overlay-type":"","overlay-color":"","overlay-gradient":""},"mobile":{"background-color":"","background-image":"","background-repeat":"repeat","background-position":"center center","background-size":"auto","background-attachment":"scroll","background-type":"","background-media":"","overlay-type":"","overlay-color":"","overlay-gradient":""}},"ast-content-background-meta":{"desktop":{"background-color":"var(--ast-global-color-5)","background-image":"","background-repeat":"repeat","background-position":"center center","background-size":"auto","background-attachment":"scroll","background-type":"","background-media":"","overlay-type":"","overlay-color":"","overlay-gradient":""},"tablet":{"background-color":"var(--ast-global-color-5)","background-image":"","background-repeat":"repeat","background-position":"center center","background-size":"auto","background-attachment":"scroll","background-type":"","background-media":"","overlay-type":"","overlay-color":"","overlay-gradient":""},"mobile":{"background-color":"var(--ast-global-color-5)","background-image":"","background-repeat":"repeat","background-position":"center center","background-size":"auto","background-attachment":"scroll","background-type":"","background-media":"","overlay-type":"","overlay-color":"","overlay-gradient":""}}},"product_brand":[],"product_cat":[15,77,74,40,33,32,44,43,35,34,46,71,84,36],"product_tag":[303,305,496,448,253,260,183,452,535,502,536,537,503,504,424,453,368,524,217,509,512,457,223,293,229,230,486,488,525,558,243],"class_list":{"0":"post-2278","1":"product","2":"type-product","3":"status-publish","4":"has-post-thumbnail","6":"product_cat-signal-blocker","7":"product_cat-12antennas-jammers","8":"product_cat-6antennas-jammers","9":"product_cat-bluetooth-signal-blocker","10":"product_cat-cell-phone-signal-blocker","11":"product_cat-cell-phone-signal-jammer","12":"product_cat-drone-signal-blocker","13":"product_cat-drone-jammer","14":"product_cat-gps-signal-blocker","15":"product_cat-gps-signal-jammer","16":"product_cat-high-power-signal-jammers","17":"product_cat-more-than-1000dollars-jammers","18":"product_cat-more-than-40meters","19":"product_cat-wifi-jammer","20":"product_tag-12-antenna-rf-cell-jammer","21":"product_tag-12antennas-all-bands-all-frequency-cell-phone-jammer-rf-jammer","22":"product_tag-all-frequency-jammer","23":"product_tag-anti-drone-jammer","24":"product_tag-cell-phone-jammer-aliexpress","25":"product_tag-cell-phone-jammer-device","26":"product_tag-cell-phone-jammer-from-tv-remote","27":"product_tag-diy-drone-jammer","28":"product_tag-door-jammer-portable","29":"product_tag-drone-frequency-jammer","30":"product_tag-drone-jammer-aaaaaa","31":"product_tag-drone-jammer-app","32":"product_tag-drone-jammer-for-sale","33":"product_tag-drone-radio-jammer","34":"product_tag-drone-signal-jammer","35":"product_tag-drone-signal-jammer-aaaaaa","36":"product_tag-drone-wifi-jammer","37":"product_tag-frequency-jammer","38":"product_tag-high-powered-cell-phone-jammer","39":"product_tag-jammer-blocker-signal","40":"product_tag-jammer-drone","41":"product_tag-jammer-meaning","42":"product_tag-long-range-cell-phone-jammer","43":"product_tag-most-powerful-cell-phone-jammer","44":"product_tag-powerful-cell-phone-jammer","45":"product_tag-professional-cell-phone-jammer","46":"product_tag-recording-jammer","47":"product_tag-security-door-jammer","48":"product_tag-the-jammer","49":"product_tag-whats-a-jammer","50":"product_tag-workplace-cell-phone-jammer","51":"desktop-align-left","52":"tablet-align-left","53":"mobile-align-left","54":"ast-product-gallery-layout-horizontal-slider","55":"ast-product-single-variable","56":"ast-product-tabs-layout-horizontal","58":"first","59":"instock","60":"sale","61":"shipping-taxable","62":"purchasable","63":"product-type-variable"},"yoast_head":"<!-- This site is optimized with the Yoast SEO plugin v23.9 - https:\/\/yoast.com\/wordpress\/plugins\/seo\/ -->\n<title>Desktop 12-Band Mobile Phone Signal Blocker Multi-Frequency Drone Jammer, interference radius up to 200 meters - JAMMERSIGNAL<\/title>\n<meta name=\"description\" content=\"This desktop 12-band signal jammer has an interference radius of up to 200 meters and is equipped with a high-efficiency cooling system, including a heat sink and two large top fans, as well as four internal small fans, with low noise.\" \/>\n<meta name=\"robots\" content=\"index, follow, max-snippet:-1, max-image-preview:large, max-video-preview:-1\" \/>\n<link rel=\"canonical\" href=\"https:\/\/www.jammersignal.com\/es\/producto\/desktop-12band-mobile-phone-multi-frequency-drone-jammer\/\" \/>\n<meta property=\"og:locale\" content=\"es_ES\" \/>\n<meta property=\"og:type\" content=\"article\" \/>\n<meta property=\"og:title\" content=\"Desktop 12-Band Mobile Phone Signal Blocker Multi-Frequency Drone Jammer, interference radius up to 200 meters - JAMMERSIGNAL\" \/>\n<meta property=\"og:description\" content=\"This desktop 12-band signal jammer has an interference radius of up to 200 meters and is equipped with a high-efficiency cooling system, including a heat sink and two large top fans, as well as four internal small fans, with low noise.\" \/>\n<meta property=\"og:url\" content=\"https:\/\/www.jammersignal.com\/es\/producto\/desktop-12band-mobile-phone-multi-frequency-drone-jammer\/\" \/>\n<meta property=\"og:site_name\" content=\"JAMMERSIGNAL\" \/>\n<meta property=\"article:modified_time\" content=\"2025-05-23T02:49:44+00:00\" \/>\n<meta property=\"og:image\" content=\"https:\/\/www.jammersignal.com\/wp-content\/uploads\/2024\/05\/desktop-12-bands-jammersignal-multiple-jamming-signal-jammers-1.jpg\" \/>\n\t<meta property=\"og:image:width\" content=\"491\" \/>\n\t<meta property=\"og:image:height\" content=\"491\" \/>\n\t<meta property=\"og:image:type\" content=\"image\/jpeg\" \/>\n<meta name=\"twitter:card\" content=\"summary_large_image\" \/>\n<meta name=\"twitter:label1\" content=\"Tiempo de lectura\" \/>\n\t<meta name=\"twitter:data1\" content=\"2 minutos\" \/>\n<script type=\"application\/ld+json\" class=\"yoast-schema-graph\">{\"@context\":\"https:\/\/schema.org\",\"@graph\":[{\"@type\":\"WebPage\",\"@id\":\"https:\/\/www.jammersignal.com\/product\/desktop-12band-mobile-phone-multi-frequency-drone-jammer\/\",\"url\":\"https:\/\/www.jammersignal.com\/product\/desktop-12band-mobile-phone-multi-frequency-drone-jammer\/\",\"name\":\"Desktop 12-Band Mobile Phone Signal Blocker Multi-Frequency Drone Jammer, interference radius up to 200 meters - JAMMERSIGNAL\",\"isPartOf\":{\"@id\":\"https:\/\/www.jammersignal.com\/#website\"},\"primaryImageOfPage\":{\"@id\":\"https:\/\/www.jammersignal.com\/product\/desktop-12band-mobile-phone-multi-frequency-drone-jammer\/#primaryimage\"},\"image\":{\"@id\":\"https:\/\/www.jammersignal.com\/product\/desktop-12band-mobile-phone-multi-frequency-drone-jammer\/#primaryimage\"},\"thumbnailUrl\":\"https:\/\/www.jammersignal.com\/wp-content\/uploads\/2024\/05\/desktop-12-bands-jammersignal-multiple-jamming-signal-jammers-1.jpg\",\"datePublished\":\"2024-05-31T05:57:32+00:00\",\"dateModified\":\"2025-05-23T02:49:44+00:00\",\"description\":\"This desktop 12-band signal jammer has an interference radius of up to 200 meters and is equipped with a high-efficiency cooling system, including a heat sink and two large top fans, as well as four internal small fans, with low noise.\",\"breadcrumb\":{\"@id\":\"https:\/\/www.jammersignal.com\/product\/desktop-12band-mobile-phone-multi-frequency-drone-jammer\/#breadcrumb\"},\"inLanguage\":\"es\",\"potentialAction\":[{\"@type\":\"ReadAction\",\"target\":[\"https:\/\/www.jammersignal.com\/product\/desktop-12band-mobile-phone-multi-frequency-drone-jammer\/\"]}]},{\"@type\":\"ImageObject\",\"inLanguage\":\"es\",\"@id\":\"https:\/\/www.jammersignal.com\/product\/desktop-12band-mobile-phone-multi-frequency-drone-jammer\/#primaryimage\",\"url\":\"https:\/\/www.jammersignal.com\/wp-content\/uploads\/2024\/05\/desktop-12-bands-jammersignal-multiple-jamming-signal-jammers-1.jpg\",\"contentUrl\":\"https:\/\/www.jammersignal.com\/wp-content\/uploads\/2024\/05\/desktop-12-bands-jammersignal-multiple-jamming-signal-jammers-1.jpg\",\"width\":491,\"height\":491,\"caption\":\"desktop 12 bands jammersignal multiple jamming signal jammers (1)\"},{\"@type\":\"BreadcrumbList\",\"@id\":\"https:\/\/www.jammersignal.com\/product\/desktop-12band-mobile-phone-multi-frequency-drone-jammer\/#breadcrumb\",\"itemListElement\":[{\"@type\":\"ListItem\",\"position\":1,\"name\":\"Home\",\"item\":\"https:\/\/www.jammersignal.com\/\"},{\"@type\":\"ListItem\",\"position\":2,\"name\":\"Shop\",\"item\":\"https:\/\/www.jammersignal.com\/shop\/\"},{\"@type\":\"ListItem\",\"position\":3,\"name\":\"Signal Blocker\",\"item\":\"https:\/\/www.jammersignal.com\/product-category\/signal-blocker\/\"},{\"@type\":\"ListItem\",\"position\":4,\"name\":\"Desktop 12-Band Mobile Phone Signal Blocker Multi-Frequency Drone Jammer\"}]},{\"@type\":\"WebSite\",\"@id\":\"https:\/\/www.jammersignal.com\/#website\",\"url\":\"https:\/\/www.jammersignal.com\/\",\"name\":\"JAMMERSIGNAL\",\"description\":\"\",\"publisher\":{\"@id\":\"https:\/\/www.jammersignal.com\/#organization\"},\"potentialAction\":[{\"@type\":\"SearchAction\",\"target\":{\"@type\":\"EntryPoint\",\"urlTemplate\":\"https:\/\/www.jammersignal.com\/?s={search_term_string}\"},\"query-input\":{\"@type\":\"PropertyValueSpecification\",\"valueRequired\":true,\"valueName\":\"search_term_string\"}}],\"inLanguage\":\"es\"},{\"@type\":\"Organization\",\"@id\":\"https:\/\/www.jammersignal.com\/#organization\",\"name\":\"JAMMERSIGNAL\",\"url\":\"https:\/\/www.jammersignal.com\/\",\"logo\":{\"@type\":\"ImageObject\",\"inLanguage\":\"es\",\"@id\":\"https:\/\/www.jammersignal.com\/#\/schema\/logo\/image\/\",\"url\":\"https:\/\/www.jammersignal.com\/wp-content\/uploads\/2024\/05\/cropped-jammersignal-logo-4.png\",\"contentUrl\":\"https:\/\/www.jammersignal.com\/wp-content\/uploads\/2024\/05\/cropped-jammersignal-logo-4.png\",\"width\":104,\"height\":34,\"caption\":\"JAMMERSIGNAL\"},\"image\":{\"@id\":\"https:\/\/www.jammersignal.com\/#\/schema\/logo\/image\/\"}}]}<\/script>\n<!-- \/ Yoast SEO plugin. -->","yoast_head_json":{"title":"Bloqueador de se\u00f1al de tel\u00e9fono m\u00f3vil multifrecuencia de 12 bandas, radio de interferencia de hasta 200 metros - JAMMERSIGNAL","description":"Este inhibidor de se\u00f1ales de 12 bandas de sobremesa tiene un radio de interferencia de hasta 200 metros y est\u00e1 equipado con un sistema de refrigeraci\u00f3n de alta eficiencia, que incluye un disipador de calor y dos ventiladores superiores grandes, as\u00ed como cuatro ventiladores internos peque\u00f1os, de bajo ruido.","robots":{"index":"index","follow":"follow","max-snippet":"max-snippet:-1","max-image-preview":"max-image-preview:large","max-video-preview":"max-video-preview:-1"},"canonical":"https:\/\/www.jammersignal.com\/es\/producto\/desktop-12band-mobile-phone-multi-frequency-drone-jammer\/","og_locale":"es_ES","og_type":"article","og_title":"Desktop 12-Band Mobile Phone Signal Blocker Multi-Frequency Drone Jammer, interference radius up to 200 meters - JAMMERSIGNAL","og_description":"This desktop 12-band signal jammer has an interference radius of up to 200 meters and is equipped with a high-efficiency cooling system, including a heat sink and two large top fans, as well as four internal small fans, with low noise.","og_url":"https:\/\/www.jammersignal.com\/es\/producto\/desktop-12band-mobile-phone-multi-frequency-drone-jammer\/","og_site_name":"JAMMERSIGNAL","article_modified_time":"2025-05-23T02:49:44+00:00","og_image":[{"width":491,"height":491,"url":"https:\/\/www.jammersignal.com\/wp-content\/uploads\/2024\/05\/desktop-12-bands-jammersignal-multiple-jamming-signal-jammers-1.jpg","type":"image\/jpeg"}],"twitter_card":"summary_large_image","twitter_misc":{"Tiempo de lectura":"2 minutos"},"schema":{"@context":"https:\/\/schema.org","@graph":[{"@type":"WebPage","@id":"https:\/\/www.jammersignal.com\/product\/desktop-12band-mobile-phone-multi-frequency-drone-jammer\/","url":"https:\/\/www.jammersignal.com\/product\/desktop-12band-mobile-phone-multi-frequency-drone-jammer\/","name":"Bloqueador de se\u00f1al de tel\u00e9fono m\u00f3vil multifrecuencia de 12 bandas, radio de interferencia de hasta 200 metros - JAMMERSIGNAL","isPartOf":{"@id":"https:\/\/www.jammersignal.com\/#website"},"primaryImageOfPage":{"@id":"https:\/\/www.jammersignal.com\/product\/desktop-12band-mobile-phone-multi-frequency-drone-jammer\/#primaryimage"},"image":{"@id":"https:\/\/www.jammersignal.com\/product\/desktop-12band-mobile-phone-multi-frequency-drone-jammer\/#primaryimage"},"thumbnailUrl":"https:\/\/www.jammersignal.com\/wp-content\/uploads\/2024\/05\/desktop-12-bands-jammersignal-multiple-jamming-signal-jammers-1.jpg","datePublished":"2024-05-31T05:57:32+00:00","dateModified":"2025-05-23T02:49:44+00:00","description":"Este inhibidor de se\u00f1ales de 12 bandas de sobremesa tiene un radio de interferencia de hasta 200 metros y est\u00e1 equipado con un sistema de refrigeraci\u00f3n de alta eficiencia, que incluye un disipador de calor y dos ventiladores superiores grandes, as\u00ed como cuatro ventiladores internos peque\u00f1os, de bajo ruido.","breadcrumb":{"@id":"https:\/\/www.jammersignal.com\/product\/desktop-12band-mobile-phone-multi-frequency-drone-jammer\/#breadcrumb"},"inLanguage":"es","potentialAction":[{"@type":"ReadAction","target":["https:\/\/www.jammersignal.com\/product\/desktop-12band-mobile-phone-multi-frequency-drone-jammer\/"]}]},{"@type":"ImageObject","inLanguage":"es","@id":"https:\/\/www.jammersignal.com\/product\/desktop-12band-mobile-phone-multi-frequency-drone-jammer\/#primaryimage","url":"https:\/\/www.jammersignal.com\/wp-content\/uploads\/2024\/05\/desktop-12-bands-jammersignal-multiple-jamming-signal-jammers-1.jpg","contentUrl":"https:\/\/www.jammersignal.com\/wp-content\/uploads\/2024\/05\/desktop-12-bands-jammersignal-multiple-jamming-signal-jammers-1.jpg","width":491,"height":491,"caption":"desktop 12 bands jammersignal multiple jamming signal jammers (1)"},{"@type":"BreadcrumbList","@id":"https:\/\/www.jammersignal.com\/product\/desktop-12band-mobile-phone-multi-frequency-drone-jammer\/#breadcrumb","itemListElement":[{"@type":"ListItem","position":1,"name":"Home","item":"https:\/\/www.jammersignal.com\/"},{"@type":"ListItem","position":2,"name":"Shop","item":"https:\/\/www.jammersignal.com\/shop\/"},{"@type":"ListItem","position":3,"name":"Signal Blocker","item":"https:\/\/www.jammersignal.com\/product-category\/signal-blocker\/"},{"@type":"ListItem","position":4,"name":"Desktop 12-Band Mobile Phone Signal Blocker Multi-Frequency Drone Jammer"}]},{"@type":"WebSite","@id":"https:\/\/www.jammersignal.com\/#website","url":"https:\/\/www.jammersignal.com\/","name":"JAMMERSIGNAL","description":"","publisher":{"@id":"https:\/\/www.jammersignal.com\/#organization"},"potentialAction":[{"@type":"SearchAction","target":{"@type":"EntryPoint","urlTemplate":"https:\/\/www.jammersignal.com\/?s={search_term_string}"},"query-input":{"@type":"PropertyValueSpecification","valueRequired":true,"valueName":"search_term_string"}}],"inLanguage":"es"},{"@type":"Organization","@id":"https:\/\/www.jammersignal.com\/#organization","name":"JAMMERSIGNAL","url":"https:\/\/www.jammersignal.com\/","logo":{"@type":"ImageObject","inLanguage":"es","@id":"https:\/\/www.jammersignal.com\/#\/schema\/logo\/image\/","url":"https:\/\/www.jammersignal.com\/wp-content\/uploads\/2024\/05\/cropped-jammersignal-logo-4.png","contentUrl":"https:\/\/www.jammersignal.com\/wp-content\/uploads\/2024\/05\/cropped-jammersignal-logo-4.png","width":104,"height":34,"caption":"JAMMERSIGNAL"},"image":{"@id":"https:\/\/www.jammersignal.com\/#\/schema\/logo\/image\/"}}]}},"_links":{"self":[{"href":"https:\/\/www.jammersignal.com\/es\/wp-json\/wp\/v2\/product\/2278","targetHints":{"allow":["GET"]}}],"collection":[{"href":"https:\/\/www.jammersignal.com\/es\/wp-json\/wp\/v2\/product"}],"about":[{"href":"https:\/\/www.jammersignal.com\/es\/wp-json\/wp\/v2\/types\/product"}],"replies":[{"embeddable":true,"href":"https:\/\/www.jammersignal.com\/es\/wp-json\/wp\/v2\/comments?post=2278"}],"version-history":[{"count":5,"href":"https:\/\/www.jammersignal.com\/es\/wp-json\/wp\/v2\/product\/2278\/revisions"}],"predecessor-version":[{"id":2363,"href":"https:\/\/www.jammersignal.com\/es\/wp-json\/wp\/v2\/product\/2278\/revisions\/2363"}],"wp:featuredmedia":[{"embeddable":true,"href":"https:\/\/www.jammersignal.com\/es\/wp-json\/wp\/v2\/media\/1772"}],"wp:attachment":[{"href":"https:\/\/www.jammersignal.com\/es\/wp-json\/wp\/v2\/media?parent=2278"}],"wp:term":[{"taxonomy":"product_brand","embeddable":true,"href":"https:\/\/www.jammersignal.com\/es\/wp-json\/wp\/v2\/product_brand?post=2278"},{"taxonomy":"product_cat","embeddable":true,"href":"https:\/\/www.jammersignal.com\/es\/wp-json\/wp\/v2\/product_cat?post=2278"},{"taxonomy":"product_tag","embeddable":true,"href":"https:\/\/www.jammersignal.com\/es\/wp-json\/wp\/v2\/product_tag?post=2278"}],"curies":[{"name":"wp","href":"https:\/\/api.w.org\/{rel}","templated":true}]}}