{"id":2279,"date":"2024-05-31T06:03:03","date_gmt":"2024-05-31T06:03:03","guid":{"rendered":"https:\/\/www.jammersignal.com\/?post_type=product&#038;p=2279"},"modified":"2024-12-20T06:18:35","modified_gmt":"2024-12-20T06:18:35","slug":"desktop-wifi-cellular-phone-anti-gps-tracking-jammer","status":"publish","type":"product","link":"https:\/\/www.jammersignal.com\/es\/producto\/desktop-wifi-cellular-phone-anti-gps-tracking-jammer\/","title":{"rendered":"WiFi de escritorio bloqueador de tel\u00e9fono celular Anti GPS de seguimiento Jammer"},"content":{"rendered":"<div data-elementor-type=\"wp-post\" data-elementor-id=\"2279\" class=\"elementor elementor-2279\">\n\t\t\t\t<div class=\"elementor-element elementor-element-4a8c2a2 e-flex e-con-boxed e-con e-parent\" data-id=\"4a8c2a2\" data-element_type=\"container\">\n\t\t\t\t\t<div class=\"e-con-inner\">\n\t\t<div class=\"elementor-element elementor-element-2677d1d e-con-full e-flex e-con e-child\" data-id=\"2677d1d\" data-element_type=\"container\">\n\t\t\t\t<div class=\"elementor-element elementor-element-5ee8a99 elementor-widget elementor-widget-text-editor\" data-id=\"5ee8a99\" data-element_type=\"widget\" data-widget_type=\"text-editor.default\">\n\t\t\t\t<div class=\"elementor-widget-container\">\n\t\t\t\t\t\t\t\t\t<h4>Especificaciones t\u00e9cnicas<\/h4><table width=\"400\"><tbody><tr><td width=\"72\"><strong>Nombre del par\u00e1metro<\/strong><\/td><td width=\"328\"><strong>Par\u00e1metros<\/strong><\/td><\/tr><tr><td>Modelo\u00a0<\/td><td>H064US<\/td><\/tr><tr><td>Frecuencias de interferencia<\/td><td width=\"328\">CDMA: 870-880MHz<br \/>GSM: 930-960MHz<br \/>DCS\/PHS: 1805-1918MHz<br \/>3G\/4G: 2010-2145MHz<br \/>VHF: 135-174MHz o 315MHz \/ 433MHZ<br \/>UHF: 400-470MHz o 420-480MHz o 450-470MHz<\/td><\/tr><tr><td>Radio de interferencia<\/td><td>Hasta 40 metros<\/td><\/tr><tr><td>Alimentaci\u00f3n<\/td><td>Se utiliza despu\u00e9s de conectar la fuente de alimentaci\u00f3n<\/td><\/tr><tr><td>Tensi\u00f3n<\/td><td>AC220V, DC12V<\/td><\/tr><tr><td>Temperatura de funcionamiento<\/td><td>-10\u2103 a +50\u2103<\/td><\/tr><tr><td>Humedad de funcionamiento<\/td><td>5% a 80%<\/td><\/tr><tr><td>Tama\u00f1o del dispositivo<\/td><td>140mm*51mm*305mm<\/td><\/tr><tr><td>Peso del aparato<\/td><td>2500 g<\/td><\/tr><\/tbody><\/table>\t\t\t\t\t\t\t\t<\/div>\n\t\t\t\t<\/div>\n\t\t\t\t<\/div>\n\t\t<div class=\"elementor-element elementor-element-63abe0f e-con-full e-flex e-con e-child\" data-id=\"63abe0f\" data-element_type=\"container\">\n\t\t\t\t<div class=\"elementor-element elementor-element-3d0f9f0 elementor-widget elementor-widget-text-editor\" data-id=\"3d0f9f0\" data-element_type=\"widget\" data-widget_type=\"text-editor.default\">\n\t\t\t\t<div class=\"elementor-widget-container\">\n\t\t\t\t\t\t\t\t\t<h4>Informaci\u00f3n sobre el producto<\/h4><p>Este inhibidor de sobremesa de alta potencia puede bloquear seis frecuencias diferentes, incluidas las se\u00f1ales GSM y 3G b\u00e1sicas, as\u00ed como otras se\u00f1ales como 4G, GPS, WiFi, UHF y VHF, en funci\u00f3n de la configuraci\u00f3n que desee.<\/p><p><strong>Caracter\u00edsticas del producto:<\/strong><\/p><p>1. Interferencia completa con todas las se\u00f1ales de telefon\u00eda m\u00f3vil, ideal para escuelas, salas de examen, prisiones, oficinas y otros lugares.<br \/>2. Equipado con tecnolog\u00eda de refrigeraci\u00f3n eficiente, incluidos seis ventiladores de refrigeraci\u00f3n integrados, para garantizar un funcionamiento a largo plazo sin sobrecalentamiento.<\/p><p><strong>Aplicaci\u00f3n:<\/strong><\/p><p>Este bloqueador es adecuado para una gran variedad de lugares, como salas de examen, gasolineras, iglesias, tribunales, bibliotecas, centros de conferencias, teatros, hospitales, instalaciones militares y otros lugares donde los tel\u00e9fonos m\u00f3viles est\u00e1n prohibidos.<\/p><p><strong>Precauciones:<\/strong><\/p><p>1.Los inhibidores est\u00e1n personalizados de acuerdo con las bandas de frecuencia de diferentes pa\u00edses, por favor confirme que el pa\u00eds de compra y el pa\u00eds de uso real son coherentes. Por favor, lea la funci\u00f3n jammer antes de comprar.<br \/>2. Si los inhibidores de baja potencia (como inhibidores de mano) para bloquear dispositivo de se\u00f1al de alta potencia (como de alta potencia del router WIFI, Bluetooth equipo de audio, etc), el efecto ser\u00e1 pobre o incluso no puede jammer.<br \/>3.Est\u00e1 prohibido su uso durante la carga.<br \/>4.No utilice inhibidores port\u00e1tiles como inhibidores de sobremesa.<br \/>5.No utilice inhibidores antes de conectar la antena.<\/p>\t\t\t\t\t\t\t\t<\/div>\n\t\t\t\t<\/div>\n\t\t\t\t<\/div>\n\t\t\t\t\t<\/div>\n\t\t\t\t<\/div>\n\t\t\t\t<\/div>","protected":false},"excerpt":{"rendered":"<p>Este inhibidor de sobremesa de alta potencia puede bloquear seis frecuencias diferentes, incluidas las se\u00f1ales GSM y 3G b\u00e1sicas, as\u00ed como otras se\u00f1ales como 4G, GPS, WiFi, UHF y VHF, en funci\u00f3n de la configuraci\u00f3n que desee.<\/p>\n<p><strong>Caracter\u00edsticas del producto:<\/strong><\/p>\n<ol>\n<li>Interferencia total con todas las se\u00f1ales de telefon\u00eda m\u00f3vil, ideal para escuelas, salas de examen, prisiones, oficinas y otros lugares.<\/li>\n<li>Equipada con una eficaz tecnolog\u00eda de refrigeraci\u00f3n, que incluye seis ventiladores integrados, para garantizar un funcionamiento prolongado sin sobrecalentamiento.<\/li>\n<\/ol>\n<p><strong>Aplicaci\u00f3n:<\/strong><\/p>\n<p>Este bloqueador es adecuado para una gran variedad de lugares, como salas de examen, gasolineras, iglesias, tribunales, bibliotecas, centros de conferencias, teatros, hospitales, instalaciones militares y otros lugares donde los tel\u00e9fonos m\u00f3viles est\u00e1n prohibidos.<\/p>","protected":false},"featured_media":1776,"comment_status":"open","ping_status":"closed","template":"","meta":{"site-sidebar-layout":"no-sidebar","site-content-layout":"page-builder","ast-site-content-layout":"normal-width-container","site-content-style":"default","site-sidebar-style":"default","ast-global-header-display":"","ast-banner-title-visibility":"","ast-main-header-display":"","ast-hfb-above-header-display":"","ast-hfb-below-header-display":"","ast-hfb-mobile-header-display":"","site-post-title":"disabled","ast-breadcrumbs-content":"","ast-featured-img":"disabled","footer-sml-layout":"","theme-transparent-header-meta":"default","adv-header-id-meta":"","stick-header-meta":"default","header-above-stick-meta":"","header-main-stick-meta":"","header-below-stick-meta":"","astra-migrate-meta-layouts":"set","ast-page-background-enabled":"default","ast-page-background-meta":{"desktop":{"background-color":"var(--ast-global-color-4)","background-image":"","background-repeat":"repeat","background-position":"center center","background-size":"auto","background-attachment":"scroll","background-type":"","background-media":"","overlay-type":"","overlay-color":"","overlay-gradient":""},"tablet":{"background-color":"","background-image":"","background-repeat":"repeat","background-position":"center center","background-size":"auto","background-attachment":"scroll","background-type":"","background-media":"","overlay-type":"","overlay-color":"","overlay-gradient":""},"mobile":{"background-color":"","background-image":"","background-repeat":"repeat","background-position":"center center","background-size":"auto","background-attachment":"scroll","background-type":"","background-media":"","overlay-type":"","overlay-color":"","overlay-gradient":""}},"ast-content-background-meta":{"desktop":{"background-color":"var(--ast-global-color-5)","background-image":"","background-repeat":"repeat","background-position":"center center","background-size":"auto","background-attachment":"scroll","background-type":"","background-media":"","overlay-type":"","overlay-color":"","overlay-gradient":""},"tablet":{"background-color":"var(--ast-global-color-5)","background-image":"","background-repeat":"repeat","background-position":"center center","background-size":"auto","background-attachment":"scroll","background-type":"","background-media":"","overlay-type":"","overlay-color":"","overlay-gradient":""},"mobile":{"background-color":"var(--ast-global-color-5)","background-image":"","background-repeat":"repeat","background-position":"center center","background-size":"auto","background-attachment":"scroll","background-type":"","background-media":"","overlay-type":"","overlay-color":"","overlay-gradient":""}}},"product_brand":[],"product_cat":[15,70,83,41,40,49,33,32,63,62,35,34,37,36],"product_tag":[313,358,469,557,412,414,126,439,132,252,258,259,178,180,261,184,189,193,137,208,210,211,524,573,216,559,222,478,514,225,226,467,347,515,460,461,485,384,387,325,234,523,558,394,241,146,335,331,444],"class_list":{"0":"post-2279","1":"product","2":"type-product","3":"status-publish","4":"has-post-thumbnail","6":"product_cat-signal-blocker","7":"product_cat-501-1000dollars-jammers","8":"product_cat-30-40meters","9":"product_cat-3g-signal-jammer","10":"product_cat-bluetooth-signal-blocker","11":"product_cat-camera-jammer-wireless","12":"product_cat-cell-phone-signal-blocker","13":"product_cat-cell-phone-signal-jammer","14":"product_cat-cheap-jammer","15":"product_cat-desktop-jammer","16":"product_cat-gps-signal-blocker","17":"product_cat-gps-signal-jammer","18":"product_cat-wifi-signal-blocker","19":"product_cat-wifi-jammer","20":"product_tag-4g-cell-phone-blocker-jammer-overseas","21":"product_tag-android-wifi-jammer","22":"product_tag-anti-mobile-jammer-device","23":"product_tag-auto-gps-jammer","24":"product_tag-buy-gps-jammer-australia","25":"product_tag-buy-gps-jammer-cigarette-lighter","26":"product_tag-cell-jammer-diy","27":"product_tag-cell-phone-blockers-jammer","28":"product_tag-cell-phone-camera-jammer","29":"product_tag-cell-phone-detector-and-jammer-project","30":"product_tag-cell-phone-jammer-chicago","31":"product_tag-cell-phone-jammer-circuit","32":"product_tag-cell-phone-jammer-for-classroom","33":"product_tag-cell-phone-jammer-for-home-use","34":"product_tag-cell-phone-jammer-in-car","35":"product_tag-cell-phone-jammer-range","36":"product_tag-cell-phone-network-jammer","37":"product_tag-cell-phone-signal-jammer-for-cars","38":"product_tag-classroom-cell-phone-jammer","39":"product_tag-diy-cell-phone-signal-jammer","40":"product_tag-emp-cell-phone-jammer","41":"product_tag-emp-jammer-cell-phone","42":"product_tag-frequency-jammer","43":"product_tag-gps-jammer-blocker","44":"product_tag-hidden-cell-phone-jammer","45":"product_tag-how-do-wifi-jammer-work","46":"product_tag-how-much-does-a-cell-phone-jammer-cost","47":"product_tag-jammer-device-for-camera","48":"product_tag-jammer-for-cctv-camera","49":"product_tag-make-your-own-cell-phone-jammer","50":"product_tag-personal-cell-phone-jammer","51":"product_tag-phone-jammer-aaaaaa","52":"product_tag-pocket-wifi-jammer","53":"product_tag-portable-door-jammer","54":"product_tag-portable-mobile-phone-jammer","55":"product_tag-portable-mobile-signal-jammer","56":"product_tag-radio-signal-jammer","57":"product_tag-raspberry-pi-wifi-jammer","58":"product_tag-signal-jammer-for-wifi","59":"product_tag-signal-jammer-wifi","60":"product_tag-small-area-cell-phone-jammer","61":"product_tag-what-is-phone-jammer","62":"product_tag-whats-a-jammer","63":"product_tag-wifi-camera-signal-jammer","64":"product_tag-wifi-cell-jammer","65":"product_tag-wifi-cell-phone-jammer","66":"product_tag-wifi-jammer-device","67":"product_tag-wifi-signal-jammer-app","68":"product_tag-wireless-camera-jammer","69":"desktop-align-left","70":"tablet-align-left","71":"mobile-align-left","72":"ast-product-gallery-layout-horizontal-slider","73":"ast-product-single-variable","74":"ast-product-tabs-layout-horizontal","76":"first","77":"instock","78":"sale","79":"shipping-taxable","80":"purchasable","81":"product-type-variable"},"yoast_head":"<!-- This site is optimized with the Yoast SEO plugin v23.9 - https:\/\/yoast.com\/wordpress\/plugins\/seo\/ -->\n<title>Desktop WiFi Cellular Phone Blocker Anti GPS Tracking Jammer, jammer radius up to 40 meters - JAMMERSIGNAL<\/title>\n<meta name=\"description\" content=\"This high-power desktop jammer can block GSM and 3G signals, as well as other signals such as 4G, GPS, WiFi, UHF and VHF, and is ideal for schools, exam rooms, prisons, offices and other places.\" \/>\n<meta name=\"robots\" content=\"index, follow, max-snippet:-1, max-image-preview:large, max-video-preview:-1\" \/>\n<link rel=\"canonical\" href=\"https:\/\/www.jammersignal.com\/es\/producto\/desktop-wifi-cellular-phone-anti-gps-tracking-jammer\/\" \/>\n<meta property=\"og:locale\" content=\"es_ES\" \/>\n<meta property=\"og:type\" content=\"article\" \/>\n<meta property=\"og:title\" content=\"Desktop WiFi Cellular Phone Blocker Anti GPS Tracking Jammer, jammer radius up to 40 meters - JAMMERSIGNAL\" \/>\n<meta property=\"og:description\" content=\"This high-power desktop jammer can block GSM and 3G signals, as well as other signals such as 4G, GPS, WiFi, UHF and VHF, and is ideal for schools, exam rooms, prisons, offices and other places.\" \/>\n<meta property=\"og:url\" content=\"https:\/\/www.jammersignal.com\/es\/producto\/desktop-wifi-cellular-phone-anti-gps-tracking-jammer\/\" \/>\n<meta property=\"og:site_name\" content=\"JAMMERSIGNAL\" \/>\n<meta property=\"article:modified_time\" content=\"2024-12-20T06:18:35+00:00\" \/>\n<meta property=\"og:image\" content=\"https:\/\/www.jammersignal.com\/wp-content\/uploads\/2024\/05\/desktop-wifi-jammersignal-anti-phone-jammers-1.jpg\" \/>\n\t<meta property=\"og:image:width\" content=\"500\" \/>\n\t<meta property=\"og:image:height\" content=\"500\" \/>\n\t<meta property=\"og:image:type\" content=\"image\/jpeg\" \/>\n<meta name=\"twitter:card\" content=\"summary_large_image\" \/>\n<meta name=\"twitter:label1\" content=\"Tiempo de lectura\" \/>\n\t<meta name=\"twitter:data1\" content=\"2 minutos\" \/>\n<script type=\"application\/ld+json\" class=\"yoast-schema-graph\">{\"@context\":\"https:\/\/schema.org\",\"@graph\":[{\"@type\":\"WebPage\",\"@id\":\"https:\/\/www.jammersignal.com\/product\/desktop-wifi-cellular-phone-anti-gps-tracking-jammer\/\",\"url\":\"https:\/\/www.jammersignal.com\/product\/desktop-wifi-cellular-phone-anti-gps-tracking-jammer\/\",\"name\":\"Desktop WiFi Cellular Phone Blocker Anti GPS Tracking Jammer, jammer radius up to 40 meters - JAMMERSIGNAL\",\"isPartOf\":{\"@id\":\"https:\/\/www.jammersignal.com\/#website\"},\"primaryImageOfPage\":{\"@id\":\"https:\/\/www.jammersignal.com\/product\/desktop-wifi-cellular-phone-anti-gps-tracking-jammer\/#primaryimage\"},\"image\":{\"@id\":\"https:\/\/www.jammersignal.com\/product\/desktop-wifi-cellular-phone-anti-gps-tracking-jammer\/#primaryimage\"},\"thumbnailUrl\":\"https:\/\/www.jammersignal.com\/wp-content\/uploads\/2024\/05\/desktop-wifi-jammersignal-anti-phone-jammers-1.jpg\",\"datePublished\":\"2024-05-31T06:03:03+00:00\",\"dateModified\":\"2024-12-20T06:18:35+00:00\",\"description\":\"This high-power desktop jammer can block GSM and 3G signals, as well as other signals such as 4G, GPS, WiFi, UHF and VHF, and is ideal for schools, exam rooms, prisons, offices and other places.\",\"breadcrumb\":{\"@id\":\"https:\/\/www.jammersignal.com\/product\/desktop-wifi-cellular-phone-anti-gps-tracking-jammer\/#breadcrumb\"},\"inLanguage\":\"es\",\"potentialAction\":[{\"@type\":\"ReadAction\",\"target\":[\"https:\/\/www.jammersignal.com\/product\/desktop-wifi-cellular-phone-anti-gps-tracking-jammer\/\"]}]},{\"@type\":\"ImageObject\",\"inLanguage\":\"es\",\"@id\":\"https:\/\/www.jammersignal.com\/product\/desktop-wifi-cellular-phone-anti-gps-tracking-jammer\/#primaryimage\",\"url\":\"https:\/\/www.jammersignal.com\/wp-content\/uploads\/2024\/05\/desktop-wifi-jammersignal-anti-phone-jammers-1.jpg\",\"contentUrl\":\"https:\/\/www.jammersignal.com\/wp-content\/uploads\/2024\/05\/desktop-wifi-jammersignal-anti-phone-jammers-1.jpg\",\"width\":500,\"height\":500,\"caption\":\"desktop wifi jammersignal anti phone jammers (1)\"},{\"@type\":\"BreadcrumbList\",\"@id\":\"https:\/\/www.jammersignal.com\/product\/desktop-wifi-cellular-phone-anti-gps-tracking-jammer\/#breadcrumb\",\"itemListElement\":[{\"@type\":\"ListItem\",\"position\":1,\"name\":\"Home\",\"item\":\"https:\/\/www.jammersignal.com\/\"},{\"@type\":\"ListItem\",\"position\":2,\"name\":\"Shop\",\"item\":\"https:\/\/www.jammersignal.com\/shop\/\"},{\"@type\":\"ListItem\",\"position\":3,\"name\":\"Signal Blocker\",\"item\":\"https:\/\/www.jammersignal.com\/product-category\/signal-blocker\/\"},{\"@type\":\"ListItem\",\"position\":4,\"name\":\"Desktop WiFi Cellular Phone Blocker Anti GPS Tracking Jammer\"}]},{\"@type\":\"WebSite\",\"@id\":\"https:\/\/www.jammersignal.com\/#website\",\"url\":\"https:\/\/www.jammersignal.com\/\",\"name\":\"JAMMERSIGNAL\",\"description\":\"\",\"publisher\":{\"@id\":\"https:\/\/www.jammersignal.com\/#organization\"},\"potentialAction\":[{\"@type\":\"SearchAction\",\"target\":{\"@type\":\"EntryPoint\",\"urlTemplate\":\"https:\/\/www.jammersignal.com\/?s={search_term_string}\"},\"query-input\":{\"@type\":\"PropertyValueSpecification\",\"valueRequired\":true,\"valueName\":\"search_term_string\"}}],\"inLanguage\":\"es\"},{\"@type\":\"Organization\",\"@id\":\"https:\/\/www.jammersignal.com\/#organization\",\"name\":\"JAMMERSIGNAL\",\"url\":\"https:\/\/www.jammersignal.com\/\",\"logo\":{\"@type\":\"ImageObject\",\"inLanguage\":\"es\",\"@id\":\"https:\/\/www.jammersignal.com\/#\/schema\/logo\/image\/\",\"url\":\"https:\/\/www.jammersignal.com\/wp-content\/uploads\/2024\/05\/cropped-jammersignal-logo-4.png\",\"contentUrl\":\"https:\/\/www.jammersignal.com\/wp-content\/uploads\/2024\/05\/cropped-jammersignal-logo-4.png\",\"width\":104,\"height\":34,\"caption\":\"JAMMERSIGNAL\"},\"image\":{\"@id\":\"https:\/\/www.jammersignal.com\/#\/schema\/logo\/image\/\"}}]}<\/script>\n<!-- \/ Yoast SEO plugin. -->","yoast_head_json":{"title":"WiFi de escritorio bloqueador de tel\u00e9fono celular Anti GPS de seguimiento Jammer, jammer radio de hasta 40 metros - JAMMERSIGNAL","description":"Este inhibidor de sobremesa de alta potencia puede bloquear se\u00f1ales GSM y 3G, as\u00ed como otras se\u00f1ales como 4G, GPS, WiFi, UHF y VHF, y es ideal para escuelas, salas de examen, prisiones, oficinas y otros lugares.","robots":{"index":"index","follow":"follow","max-snippet":"max-snippet:-1","max-image-preview":"max-image-preview:large","max-video-preview":"max-video-preview:-1"},"canonical":"https:\/\/www.jammersignal.com\/es\/producto\/desktop-wifi-cellular-phone-anti-gps-tracking-jammer\/","og_locale":"es_ES","og_type":"article","og_title":"Desktop WiFi Cellular Phone Blocker Anti GPS Tracking Jammer, jammer radius up to 40 meters - JAMMERSIGNAL","og_description":"This high-power desktop jammer can block GSM and 3G signals, as well as other signals such as 4G, GPS, WiFi, UHF and VHF, and is ideal for schools, exam rooms, prisons, offices and other places.","og_url":"https:\/\/www.jammersignal.com\/es\/producto\/desktop-wifi-cellular-phone-anti-gps-tracking-jammer\/","og_site_name":"JAMMERSIGNAL","article_modified_time":"2024-12-20T06:18:35+00:00","og_image":[{"width":500,"height":500,"url":"https:\/\/www.jammersignal.com\/wp-content\/uploads\/2024\/05\/desktop-wifi-jammersignal-anti-phone-jammers-1.jpg","type":"image\/jpeg"}],"twitter_card":"summary_large_image","twitter_misc":{"Tiempo de lectura":"2 minutos"},"schema":{"@context":"https:\/\/schema.org","@graph":[{"@type":"WebPage","@id":"https:\/\/www.jammersignal.com\/product\/desktop-wifi-cellular-phone-anti-gps-tracking-jammer\/","url":"https:\/\/www.jammersignal.com\/product\/desktop-wifi-cellular-phone-anti-gps-tracking-jammer\/","name":"WiFi de escritorio bloqueador de tel\u00e9fono celular Anti GPS de seguimiento Jammer, jammer radio de hasta 40 metros - JAMMERSIGNAL","isPartOf":{"@id":"https:\/\/www.jammersignal.com\/#website"},"primaryImageOfPage":{"@id":"https:\/\/www.jammersignal.com\/product\/desktop-wifi-cellular-phone-anti-gps-tracking-jammer\/#primaryimage"},"image":{"@id":"https:\/\/www.jammersignal.com\/product\/desktop-wifi-cellular-phone-anti-gps-tracking-jammer\/#primaryimage"},"thumbnailUrl":"https:\/\/www.jammersignal.com\/wp-content\/uploads\/2024\/05\/desktop-wifi-jammersignal-anti-phone-jammers-1.jpg","datePublished":"2024-05-31T06:03:03+00:00","dateModified":"2024-12-20T06:18:35+00:00","description":"Este inhibidor de sobremesa de alta potencia puede bloquear se\u00f1ales GSM y 3G, as\u00ed como otras se\u00f1ales como 4G, GPS, WiFi, UHF y VHF, y es ideal para escuelas, salas de examen, prisiones, oficinas y otros lugares.","breadcrumb":{"@id":"https:\/\/www.jammersignal.com\/product\/desktop-wifi-cellular-phone-anti-gps-tracking-jammer\/#breadcrumb"},"inLanguage":"es","potentialAction":[{"@type":"ReadAction","target":["https:\/\/www.jammersignal.com\/product\/desktop-wifi-cellular-phone-anti-gps-tracking-jammer\/"]}]},{"@type":"ImageObject","inLanguage":"es","@id":"https:\/\/www.jammersignal.com\/product\/desktop-wifi-cellular-phone-anti-gps-tracking-jammer\/#primaryimage","url":"https:\/\/www.jammersignal.com\/wp-content\/uploads\/2024\/05\/desktop-wifi-jammersignal-anti-phone-jammers-1.jpg","contentUrl":"https:\/\/www.jammersignal.com\/wp-content\/uploads\/2024\/05\/desktop-wifi-jammersignal-anti-phone-jammers-1.jpg","width":500,"height":500,"caption":"desktop wifi jammersignal anti phone jammers (1)"},{"@type":"BreadcrumbList","@id":"https:\/\/www.jammersignal.com\/product\/desktop-wifi-cellular-phone-anti-gps-tracking-jammer\/#breadcrumb","itemListElement":[{"@type":"ListItem","position":1,"name":"Home","item":"https:\/\/www.jammersignal.com\/"},{"@type":"ListItem","position":2,"name":"Shop","item":"https:\/\/www.jammersignal.com\/shop\/"},{"@type":"ListItem","position":3,"name":"Signal Blocker","item":"https:\/\/www.jammersignal.com\/product-category\/signal-blocker\/"},{"@type":"ListItem","position":4,"name":"Desktop WiFi Cellular Phone Blocker Anti GPS Tracking Jammer"}]},{"@type":"WebSite","@id":"https:\/\/www.jammersignal.com\/#website","url":"https:\/\/www.jammersignal.com\/","name":"JAMMERSIGNAL","description":"","publisher":{"@id":"https:\/\/www.jammersignal.com\/#organization"},"potentialAction":[{"@type":"SearchAction","target":{"@type":"EntryPoint","urlTemplate":"https:\/\/www.jammersignal.com\/?s={search_term_string}"},"query-input":{"@type":"PropertyValueSpecification","valueRequired":true,"valueName":"search_term_string"}}],"inLanguage":"es"},{"@type":"Organization","@id":"https:\/\/www.jammersignal.com\/#organization","name":"JAMMERSIGNAL","url":"https:\/\/www.jammersignal.com\/","logo":{"@type":"ImageObject","inLanguage":"es","@id":"https:\/\/www.jammersignal.com\/#\/schema\/logo\/image\/","url":"https:\/\/www.jammersignal.com\/wp-content\/uploads\/2024\/05\/cropped-jammersignal-logo-4.png","contentUrl":"https:\/\/www.jammersignal.com\/wp-content\/uploads\/2024\/05\/cropped-jammersignal-logo-4.png","width":104,"height":34,"caption":"JAMMERSIGNAL"},"image":{"@id":"https:\/\/www.jammersignal.com\/#\/schema\/logo\/image\/"}}]}},"_links":{"self":[{"href":"https:\/\/www.jammersignal.com\/es\/wp-json\/wp\/v2\/product\/2279","targetHints":{"allow":["GET"]}}],"collection":[{"href":"https:\/\/www.jammersignal.com\/es\/wp-json\/wp\/v2\/product"}],"about":[{"href":"https:\/\/www.jammersignal.com\/es\/wp-json\/wp\/v2\/types\/product"}],"replies":[{"embeddable":true,"href":"https:\/\/www.jammersignal.com\/es\/wp-json\/wp\/v2\/comments?post=2279"}],"version-history":[{"count":5,"href":"https:\/\/www.jammersignal.com\/es\/wp-json\/wp\/v2\/product\/2279\/revisions"}],"predecessor-version":[{"id":2373,"href":"https:\/\/www.jammersignal.com\/es\/wp-json\/wp\/v2\/product\/2279\/revisions\/2373"}],"wp:featuredmedia":[{"embeddable":true,"href":"https:\/\/www.jammersignal.com\/es\/wp-json\/wp\/v2\/media\/1776"}],"wp:attachment":[{"href":"https:\/\/www.jammersignal.com\/es\/wp-json\/wp\/v2\/media?parent=2279"}],"wp:term":[{"taxonomy":"product_brand","embeddable":true,"href":"https:\/\/www.jammersignal.com\/es\/wp-json\/wp\/v2\/product_brand?post=2279"},{"taxonomy":"product_cat","embeddable":true,"href":"https:\/\/www.jammersignal.com\/es\/wp-json\/wp\/v2\/product_cat?post=2279"},{"taxonomy":"product_tag","embeddable":true,"href":"https:\/\/www.jammersignal.com\/es\/wp-json\/wp\/v2\/product_tag?post=2279"}],"curies":[{"name":"wp","href":"https:\/\/api.w.org\/{rel}","templated":true}]}}