{"id":2280,"date":"2024-05-31T06:16:04","date_gmt":"2024-05-31T06:16:04","guid":{"rendered":"https:\/\/www.jammersignal.com\/?post_type=product&#038;p=2280"},"modified":"2025-08-15T09:30:08","modified_gmt":"2025-08-15T09:30:08","slug":"drone-jammer-interception-equipment-box-type","status":"publish","type":"product","link":"https:\/\/www.jammersignal.com\/es\/producto\/drone-jammer-interception-equipment-box-type\/","title":{"rendered":"Equipo de interceptaci\u00f3n de drones Jammer de alta potencia Equipo de alejamiento de UAV tipo caja"},"content":{"rendered":"<div data-elementor-type=\"wp-post\" data-elementor-id=\"2280\" class=\"elementor elementor-2280\">\n\t\t\t\t<div class=\"elementor-element elementor-element-4a8c2a2 e-flex e-con-boxed e-con e-parent\" data-id=\"4a8c2a2\" data-element_type=\"container\">\n\t\t\t\t\t<div class=\"e-con-inner\">\n\t\t<div class=\"elementor-element elementor-element-2677d1d e-con-full e-flex e-con e-child\" data-id=\"2677d1d\" data-element_type=\"container\">\n\t\t\t\t<div class=\"elementor-element elementor-element-5ee8a99 elementor-widget elementor-widget-text-editor\" data-id=\"5ee8a99\" data-element_type=\"widget\" data-widget_type=\"text-editor.default\">\n\t\t\t\t<div class=\"elementor-widget-container\">\n\t\t\t\t\t\t\t\t\t<h4>Especificaciones t\u00e9cnicas<\/h4><p>Este bloqueador de drones tipo caja no s\u00f3lo puede bloquear las se\u00f1ales de posicionamiento por sat\u00e9lite GPS, sino tambi\u00e9n las bandas de frecuencia 2.4G y 5.8G utilizadas habitualmente por los drones. El bloqueador de UAV puede invalidar el control remoto del dron, la transmisi\u00f3n de im\u00e1genes y la recepci\u00f3n de se\u00f1ales, lo que provoca que el dron aterrice sin control, regrese o flote.<\/p><p>Este inhibidor de drones tipo caja es una soluci\u00f3n de contramedidas para drones segura para la salud humana y respetuosa con el medio ambiente.<\/p><p>Este eficaz, silencioso y r\u00e1pido sistema inhibidor de drones tiene las siguientes caracter\u00edsticas:<\/p><p><strong>Caracter\u00edsticas del producto:<\/strong><\/p><ol><li>Interferir en la comunicaci\u00f3n entre el dron y el operador, invalidando el control remoto del dron.<\/li><li>Impedir que los operadores terrestres reciban fotos y v\u00eddeos a\u00e9reos enviados por drones.<\/li><li>Hacer que el dron no pueda localizarse, oblig\u00e1ndole a aterrizar o regresar.<\/li><\/ol><table width=\"400\"><tbody><tr><td width=\"72\"><strong>Nombre del par\u00e1metro<\/strong><\/td><td width=\"328\"><strong>Par\u00e1metros<\/strong><\/td><\/tr><tr><td>Modelo\u00a0<\/td><td>Tipo caja<\/td><\/tr><tr><td>Banda de frecuencias<\/td><td width=\"328\">ANT1:1560~1620MHz<br \/>ANT2:2400~2486MHz<br \/>ANT3:5720~5850MHz<\/td><\/tr><tr><td>Peso del hu\u00e9sped<\/td><td>\u22644,5 kg (incluida la bater\u00eda integrada)<\/td><\/tr><tr><td>Tama\u00f1o del host<\/td><td>largo 37 cm, ancho 30 cm, alto 19 cm<\/td><\/tr><\/tbody><\/table>\t\t\t\t\t\t\t\t<\/div>\n\t\t\t\t<\/div>\n\t\t\t\t<\/div>\n\t\t<div class=\"elementor-element elementor-element-63abe0f e-con-full e-flex e-con e-child\" data-id=\"63abe0f\" data-element_type=\"container\">\n\t\t\t\t<div class=\"elementor-element elementor-element-3d0f9f0 elementor-widget elementor-widget-text-editor\" data-id=\"3d0f9f0\" data-element_type=\"widget\" data-widget_type=\"text-editor.default\">\n\t\t\t\t<div class=\"elementor-widget-container\">\n\t\t\t\t\t\t\t\t\t<h4>Informaci\u00f3n sobre el producto<\/h4><p>Los informes sobre v\u00edctimas y p\u00e9rdidas materiales causadas por drones (com\u00fanmente conocidos como \"vuelos negros\") son cada vez m\u00e1s frecuentes. Solo en la segunda mitad de 2016, se produjeron muchos accidentes en grandes eventos, incluidas inmovilizaciones en tierra y choques. Recientemente, se han producido accidentes de vuelo en Canad\u00e1, Ningbo, Hefei y otros lugares, con v\u00edctimas. La frecuente aparici\u00f3n de este tipo de incidentes pone de manifiesto los importantes riesgos para la seguridad que conlleva el uso desordenado de drones. En caso de supervisi\u00f3n deficiente de los drones, deben tomarse medidas contundentes para garantizar la seguridad a\u00e9rea.<\/p><p>Como conocido proveedor de equipos de seguridad, nuestra empresa ha desarrollado de forma independiente un inhibidor de drones que puede interferir en las se\u00f1ales de posicionamiento por sat\u00e9lite GNSS, como GPS\/Beidou\/GLONASS\/Galileo. Adem\u00e1s, tambi\u00e9n puede interferir con las bandas de frecuencia ISM 2.4G e ISM 5.8G com\u00fanmente utilizadas por drones, y obligar eficazmente a los drones a aterrizar, regresar o planear interfiriendo con el control remoto, la transmisi\u00f3n de im\u00e1genes, las se\u00f1ales de posicionamiento, etc. El bloqueador de drones desarrollado por nuestra empresa es potente y tiene una larga distancia de interferencia, que puede alcanzar 1-2 kil\u00f3metros dependiendo del entorno de uso espec\u00edfico.<\/p><p>El inhibidor de nuestra empresa no s\u00f3lo puede interferir y bloquear las se\u00f1ales de posicionamiento por sat\u00e9lite GPS, sino tambi\u00e9n las bandas de frecuencia 2,4G y 5,8G utilizadas habitualmente por los drones. Las interferencias pueden hacer que fallen el control remoto, la transmisi\u00f3n de im\u00e1genes y la recepci\u00f3n de se\u00f1ales de los drones, provocando que el dron aterrice sin control, regrese o se quede suspendido.<\/p><p>El dispositivo de contramedidas para drones tipo caja es un sistema de interceptaci\u00f3n de alto rendimiento desarrollado independientemente por nuestra empresa. Interfiere con la banda de frecuencia utilizada por los drones, destruye la transmisi\u00f3n de la se\u00f1al de banda de frecuencia de enlace ascendente y descendente, hace que falle el control remoto del dron y se bloqueen las transmisiones de imagen y v\u00eddeo, y obliga al dron a planear o aterrizar en el aire, con lo que se corta eficazmente la conexi\u00f3n entre el dron y el control remoto o la estaci\u00f3n terrestre. El dispositivo es especialmente adecuado para su despliegue en prisiones, centros de detenci\u00f3n, centros de rehabilitaci\u00f3n de drogodependientes, agencias de seguridad, el ej\u00e9rcito y otras ocasiones.<\/p>\t\t\t\t\t\t\t\t<\/div>\n\t\t\t\t<\/div>\n\t\t\t\t<\/div>\n\t\t\t\t\t<\/div>\n\t\t\t\t<\/div>\n\t\t\t\t<\/div>","protected":false},"excerpt":{"rendered":"<p>Este bloqueador de drones tipo caja no s\u00f3lo puede bloquear las se\u00f1ales de posicionamiento por sat\u00e9lite GPS, sino tambi\u00e9n las bandas de frecuencia 2.4G y 5.8G utilizadas habitualmente por los drones. El bloqueador de UAV puede invalidar el control remoto del dron, la transmisi\u00f3n de im\u00e1genes y la recepci\u00f3n de se\u00f1ales, lo que provoca que el dron aterrice sin control, regrese o flote.<\/p>\n<p>Este eficaz, silencioso y r\u00e1pido sistema inhibidor de drones tiene las siguientes caracter\u00edsticas:<\/p>\n<p><strong>Caracter\u00edsticas del producto:<\/strong><\/p>\n<ol>\n<li>Interferir en la comunicaci\u00f3n entre el dron y el operador, invalidando el control remoto del dron.<\/li>\n<li>Impedir que los operadores terrestres reciban fotos y v\u00eddeos a\u00e9reos enviados por drones.<\/li>\n<li>Hacer que el dron no pueda localizarse, oblig\u00e1ndole a aterrizar o regresar.<\/li>\n<\/ol>","protected":false},"featured_media":1781,"comment_status":"open","ping_status":"closed","template":"","meta":{"site-sidebar-layout":"no-sidebar","site-content-layout":"page-builder","ast-site-content-layout":"normal-width-container","site-content-style":"default","site-sidebar-style":"default","ast-global-header-display":"","ast-banner-title-visibility":"","ast-main-header-display":"","ast-hfb-above-header-display":"","ast-hfb-below-header-display":"","ast-hfb-mobile-header-display":"","site-post-title":"disabled","ast-breadcrumbs-content":"","ast-featured-img":"disabled","footer-sml-layout":"","theme-transparent-header-meta":"default","adv-header-id-meta":"","stick-header-meta":"default","header-above-stick-meta":"","header-main-stick-meta":"","header-below-stick-meta":"","astra-migrate-meta-layouts":"set","ast-page-background-enabled":"default","ast-page-background-meta":{"desktop":{"background-color":"var(--ast-global-color-4)","background-image":"","background-repeat":"repeat","background-position":"center center","background-size":"auto","background-attachment":"scroll","background-type":"","background-media":"","overlay-type":"","overlay-color":"","overlay-gradient":""},"tablet":{"background-color":"","background-image":"","background-repeat":"repeat","background-position":"center center","background-size":"auto","background-attachment":"scroll","background-type":"","background-media":"","overlay-type":"","overlay-color":"","overlay-gradient":""},"mobile":{"background-color":"","background-image":"","background-repeat":"repeat","background-position":"center center","background-size":"auto","background-attachment":"scroll","background-type":"","background-media":"","overlay-type":"","overlay-color":"","overlay-gradient":""}},"ast-content-background-meta":{"desktop":{"background-color":"var(--ast-global-color-5)","background-image":"","background-repeat":"repeat","background-position":"center center","background-size":"auto","background-attachment":"scroll","background-type":"","background-media":"","overlay-type":"","overlay-color":"","overlay-gradient":""},"tablet":{"background-color":"var(--ast-global-color-5)","background-image":"","background-repeat":"repeat","background-position":"center center","background-size":"auto","background-attachment":"scroll","background-type":"","background-media":"","overlay-type":"","overlay-color":"","overlay-gradient":""},"mobile":{"background-color":"var(--ast-global-color-5)","background-image":"","background-repeat":"repeat","background-position":"center center","background-size":"auto","background-attachment":"scroll","background-type":"","background-media":"","overlay-type":"","overlay-color":"","overlay-gradient":""}}},"product_brand":[],"product_cat":[15,40,39,44,43,53,46,71,84,55,97,98,37,36],"product_tag":[345,496,448,499,470,207,452,473,502,536,537,503,504,424,453,368,505,211,524,493,465,476,509,434,512,457,479,230,516,560,549,487,488,552,441,519,562,561,558],"class_list":{"0":"post-2280","1":"product","2":"type-product","3":"status-publish","4":"has-post-thumbnail","6":"product_cat-signal-blocker","7":"product_cat-bluetooth-signal-blocker","8":"product_cat-bluetooth-jammer","9":"product_cat-drone-signal-blocker","10":"product_cat-drone-jammer","11":"product_cat-hidden-signal-jammer","12":"product_cat-high-power-signal-jammers","13":"product_cat-more-than-1000dollars-jammers","14":"product_cat-more-than-40meters","15":"product_cat-outdoor-jammer","16":"product_cat-wifi-2-4g-2400-2500mhz-jammer","17":"product_cat-wifi-5g-5100-5680mhz-or5720-5850mhz-jammer","18":"product_cat-wifi-signal-blocker","19":"product_cat-wifi-jammer","20":"product_tag-2-4ghz-wifi-jammer","21":"product_tag-all-frequency-jammer","22":"product_tag-anti-drone-jammer","23":"product_tag-broad-spectrum-radio-jammer","24":"product_tag-device-jammer","25":"product_tag-directional-cell-phone-jammer","26":"product_tag-diy-drone-jammer","27":"product_tag-door-jammer-hhhhhh","28":"product_tag-drone-frequency-jammer","29":"product_tag-drone-jammer-aaaaaa","30":"product_tag-drone-jammer-app","31":"product_tag-drone-jammer-for-sale","32":"product_tag-drone-radio-jammer","33":"product_tag-drone-signal-jammer","34":"product_tag-drone-signal-jammer-aaaaaa","35":"product_tag-drone-wifi-jammer","36":"product_tag-electronic-device-jammer","37":"product_tag-emp-jammer-cell-phone","38":"product_tag-frequency-jammer","39":"product_tag-how-do-jammer-work","40":"product_tag-how-do-signal-jammer-work","41":"product_tag-how-to-make-signal-jammer","42":"product_tag-jammer-blocker-signal","43":"product_tag-jammer-device","44":"product_tag-jammer-drone","45":"product_tag-jammer-meaning","46":"product_tag-jammer-signal-blocker","47":"product_tag-professional-cell-phone-jammer","48":"product_tag-rf-frequency-jammer","49":"product_tag-rf-jammer","50":"product_tag-rf-jammer-for-sale","51":"product_tag-rf-signal-jammer","52":"product_tag-security-door-jammer","53":"product_tag-signal-jammer-blocker","54":"product_tag-signal-jammer-cost","55":"product_tag-signal-jammer-diy","56":"product_tag-signal-jammer-for-cameras","57":"product_tag-signal-jammer-for-sale","58":"product_tag-whats-a-jammer","59":"desktop-align-left","60":"tablet-align-left","61":"mobile-align-left","62":"ast-product-gallery-layout-horizontal-slider","63":"ast-product-single-variable","64":"ast-product-tabs-layout-horizontal","66":"first","67":"instock","68":"sale","69":"shipping-taxable","70":"purchasable","71":"product-type-variable"},"yoast_head":"<!-- This site is optimized with the Yoast SEO plugin v23.9 - https:\/\/yoast.com\/wordpress\/plugins\/seo\/ -->\n<title>High-Power Drone Jammer Interception Equipment Box-Type UAV Expulsion Equipment, the interference radius can reach 1-2 kilometers - JAMMERSIGNAL<\/title>\n<meta name=\"description\" content=\"This box-type drone jammer can not only block GPS satellite positioning signals, but also block the 2.4G and 5.8G frequency bands commonly used by drones. The UAV jammer can cause the drone remote control, image transmission, and signal reception to fail.\" \/>\n<meta name=\"robots\" content=\"index, follow, max-snippet:-1, max-image-preview:large, max-video-preview:-1\" \/>\n<link rel=\"canonical\" href=\"https:\/\/www.jammersignal.com\/es\/producto\/drone-jammer-interception-equipment-box-type\/\" \/>\n<meta property=\"og:locale\" content=\"es_ES\" \/>\n<meta property=\"og:type\" content=\"article\" \/>\n<meta property=\"og:title\" content=\"High-Power Drone Jammer Interception Equipment Box-Type UAV Expulsion Equipment, the interference radius can reach 1-2 kilometers - JAMMERSIGNAL\" \/>\n<meta property=\"og:description\" content=\"This box-type drone jammer can not only block GPS satellite positioning signals, but also block the 2.4G and 5.8G frequency bands commonly used by drones. The UAV jammer can cause the drone remote control, image transmission, and signal reception to fail.\" \/>\n<meta property=\"og:url\" content=\"https:\/\/www.jammersignal.com\/es\/producto\/drone-jammer-interception-equipment-box-type\/\" \/>\n<meta property=\"og:site_name\" content=\"JAMMERSIGNAL\" \/>\n<meta property=\"article:modified_time\" content=\"2025-08-15T09:30:08+00:00\" \/>\n<meta property=\"og:image\" content=\"https:\/\/www.jammersignal.com\/wp-content\/uploads\/2024\/05\/high-power-drone-jammersignal-box-type-equipment-interception-jammers-1.jpg\" \/>\n\t<meta property=\"og:image:width\" content=\"500\" \/>\n\t<meta property=\"og:image:height\" content=\"500\" \/>\n\t<meta property=\"og:image:type\" content=\"image\/jpeg\" \/>\n<meta name=\"twitter:card\" content=\"summary_large_image\" \/>\n<meta name=\"twitter:label1\" content=\"Tiempo de lectura\" \/>\n\t<meta name=\"twitter:data1\" content=\"3 minutos\" \/>\n<script type=\"application\/ld+json\" class=\"yoast-schema-graph\">{\"@context\":\"https:\/\/schema.org\",\"@graph\":[{\"@type\":\"WebPage\",\"@id\":\"https:\/\/www.jammersignal.com\/product\/drone-jammer-interception-equipment-box-type\/\",\"url\":\"https:\/\/www.jammersignal.com\/product\/drone-jammer-interception-equipment-box-type\/\",\"name\":\"High-Power Drone Jammer Interception Equipment Box-Type UAV Expulsion Equipment, the interference radius can reach 1-2 kilometers - JAMMERSIGNAL\",\"isPartOf\":{\"@id\":\"https:\/\/www.jammersignal.com\/#website\"},\"primaryImageOfPage\":{\"@id\":\"https:\/\/www.jammersignal.com\/product\/drone-jammer-interception-equipment-box-type\/#primaryimage\"},\"image\":{\"@id\":\"https:\/\/www.jammersignal.com\/product\/drone-jammer-interception-equipment-box-type\/#primaryimage\"},\"thumbnailUrl\":\"https:\/\/www.jammersignal.com\/wp-content\/uploads\/2024\/05\/high-power-drone-jammersignal-box-type-equipment-interception-jammers-1.jpg\",\"datePublished\":\"2024-05-31T06:16:04+00:00\",\"dateModified\":\"2025-08-15T09:30:08+00:00\",\"description\":\"This box-type drone jammer can not only block GPS satellite positioning signals, but also block the 2.4G and 5.8G frequency bands commonly used by drones. The UAV jammer can cause the drone remote control, image transmission, and signal reception to fail.\",\"breadcrumb\":{\"@id\":\"https:\/\/www.jammersignal.com\/product\/drone-jammer-interception-equipment-box-type\/#breadcrumb\"},\"inLanguage\":\"es\",\"potentialAction\":[{\"@type\":\"ReadAction\",\"target\":[\"https:\/\/www.jammersignal.com\/product\/drone-jammer-interception-equipment-box-type\/\"]}]},{\"@type\":\"ImageObject\",\"inLanguage\":\"es\",\"@id\":\"https:\/\/www.jammersignal.com\/product\/drone-jammer-interception-equipment-box-type\/#primaryimage\",\"url\":\"https:\/\/www.jammersignal.com\/wp-content\/uploads\/2024\/05\/high-power-drone-jammersignal-box-type-equipment-interception-jammers-1.jpg\",\"contentUrl\":\"https:\/\/www.jammersignal.com\/wp-content\/uploads\/2024\/05\/high-power-drone-jammersignal-box-type-equipment-interception-jammers-1.jpg\",\"width\":500,\"height\":500,\"caption\":\"high power drone jammersignal box type equipment interception jammers (1)\"},{\"@type\":\"BreadcrumbList\",\"@id\":\"https:\/\/www.jammersignal.com\/product\/drone-jammer-interception-equipment-box-type\/#breadcrumb\",\"itemListElement\":[{\"@type\":\"ListItem\",\"position\":1,\"name\":\"Home\",\"item\":\"https:\/\/www.jammersignal.com\/\"},{\"@type\":\"ListItem\",\"position\":2,\"name\":\"Shop\",\"item\":\"https:\/\/www.jammersignal.com\/shop\/\"},{\"@type\":\"ListItem\",\"position\":3,\"name\":\"Signal Blocker\",\"item\":\"https:\/\/www.jammersignal.com\/product-category\/signal-blocker\/\"},{\"@type\":\"ListItem\",\"position\":4,\"name\":\"High-Power Drone Jammer Interception Equipment Box-Type UAV Drive Away Equipment\"}]},{\"@type\":\"WebSite\",\"@id\":\"https:\/\/www.jammersignal.com\/#website\",\"url\":\"https:\/\/www.jammersignal.com\/\",\"name\":\"JAMMERSIGNAL\",\"description\":\"\",\"publisher\":{\"@id\":\"https:\/\/www.jammersignal.com\/#organization\"},\"potentialAction\":[{\"@type\":\"SearchAction\",\"target\":{\"@type\":\"EntryPoint\",\"urlTemplate\":\"https:\/\/www.jammersignal.com\/?s={search_term_string}\"},\"query-input\":{\"@type\":\"PropertyValueSpecification\",\"valueRequired\":true,\"valueName\":\"search_term_string\"}}],\"inLanguage\":\"es\"},{\"@type\":\"Organization\",\"@id\":\"https:\/\/www.jammersignal.com\/#organization\",\"name\":\"JAMMERSIGNAL\",\"url\":\"https:\/\/www.jammersignal.com\/\",\"logo\":{\"@type\":\"ImageObject\",\"inLanguage\":\"es\",\"@id\":\"https:\/\/www.jammersignal.com\/#\/schema\/logo\/image\/\",\"url\":\"https:\/\/www.jammersignal.com\/wp-content\/uploads\/2024\/05\/cropped-jammersignal-logo-4.png\",\"contentUrl\":\"https:\/\/www.jammersignal.com\/wp-content\/uploads\/2024\/05\/cropped-jammersignal-logo-4.png\",\"width\":104,\"height\":34,\"caption\":\"JAMMERSIGNAL\"},\"image\":{\"@id\":\"https:\/\/www.jammersignal.com\/#\/schema\/logo\/image\/\"}}]}<\/script>\n<!-- \/ Yoast SEO plugin. -->","yoast_head_json":{"title":"Equipo de interceptaci\u00f3n de drones Jammer de alta potencia Equipo de expulsi\u00f3n de UAV tipo caja, el radio de interferencia puede alcanzar 1-2 kil\u00f3metros - JAMMERSIGNAL","description":"Este bloqueador de drones tipo caja no s\u00f3lo puede bloquear las se\u00f1ales de posicionamiento por sat\u00e9lite GPS, sino tambi\u00e9n las bandas de frecuencia 2.4G y 5.8G utilizadas habitualmente por los drones. El bloqueador de UAV puede hacer que fallen el control remoto del dron, la transmisi\u00f3n de im\u00e1genes y la recepci\u00f3n de se\u00f1ales.","robots":{"index":"index","follow":"follow","max-snippet":"max-snippet:-1","max-image-preview":"max-image-preview:large","max-video-preview":"max-video-preview:-1"},"canonical":"https:\/\/www.jammersignal.com\/es\/producto\/drone-jammer-interception-equipment-box-type\/","og_locale":"es_ES","og_type":"article","og_title":"High-Power Drone Jammer Interception Equipment Box-Type UAV Expulsion Equipment, the interference radius can reach 1-2 kilometers - JAMMERSIGNAL","og_description":"This box-type drone jammer can not only block GPS satellite positioning signals, but also block the 2.4G and 5.8G frequency bands commonly used by drones. The UAV jammer can cause the drone remote control, image transmission, and signal reception to fail.","og_url":"https:\/\/www.jammersignal.com\/es\/producto\/drone-jammer-interception-equipment-box-type\/","og_site_name":"JAMMERSIGNAL","article_modified_time":"2025-08-15T09:30:08+00:00","og_image":[{"width":500,"height":500,"url":"https:\/\/www.jammersignal.com\/wp-content\/uploads\/2024\/05\/high-power-drone-jammersignal-box-type-equipment-interception-jammers-1.jpg","type":"image\/jpeg"}],"twitter_card":"summary_large_image","twitter_misc":{"Tiempo de lectura":"3 minutos"},"schema":{"@context":"https:\/\/schema.org","@graph":[{"@type":"WebPage","@id":"https:\/\/www.jammersignal.com\/product\/drone-jammer-interception-equipment-box-type\/","url":"https:\/\/www.jammersignal.com\/product\/drone-jammer-interception-equipment-box-type\/","name":"Equipo de interceptaci\u00f3n de drones Jammer de alta potencia Equipo de expulsi\u00f3n de UAV tipo caja, el radio de interferencia puede alcanzar 1-2 kil\u00f3metros - JAMMERSIGNAL","isPartOf":{"@id":"https:\/\/www.jammersignal.com\/#website"},"primaryImageOfPage":{"@id":"https:\/\/www.jammersignal.com\/product\/drone-jammer-interception-equipment-box-type\/#primaryimage"},"image":{"@id":"https:\/\/www.jammersignal.com\/product\/drone-jammer-interception-equipment-box-type\/#primaryimage"},"thumbnailUrl":"https:\/\/www.jammersignal.com\/wp-content\/uploads\/2024\/05\/high-power-drone-jammersignal-box-type-equipment-interception-jammers-1.jpg","datePublished":"2024-05-31T06:16:04+00:00","dateModified":"2025-08-15T09:30:08+00:00","description":"Este bloqueador de drones tipo caja no s\u00f3lo puede bloquear las se\u00f1ales de posicionamiento por sat\u00e9lite GPS, sino tambi\u00e9n las bandas de frecuencia 2.4G y 5.8G utilizadas habitualmente por los drones. El bloqueador de UAV puede hacer que fallen el control remoto del dron, la transmisi\u00f3n de im\u00e1genes y la recepci\u00f3n de se\u00f1ales.","breadcrumb":{"@id":"https:\/\/www.jammersignal.com\/product\/drone-jammer-interception-equipment-box-type\/#breadcrumb"},"inLanguage":"es","potentialAction":[{"@type":"ReadAction","target":["https:\/\/www.jammersignal.com\/product\/drone-jammer-interception-equipment-box-type\/"]}]},{"@type":"ImageObject","inLanguage":"es","@id":"https:\/\/www.jammersignal.com\/product\/drone-jammer-interception-equipment-box-type\/#primaryimage","url":"https:\/\/www.jammersignal.com\/wp-content\/uploads\/2024\/05\/high-power-drone-jammersignal-box-type-equipment-interception-jammers-1.jpg","contentUrl":"https:\/\/www.jammersignal.com\/wp-content\/uploads\/2024\/05\/high-power-drone-jammersignal-box-type-equipment-interception-jammers-1.jpg","width":500,"height":500,"caption":"high power drone jammersignal box type equipment interception jammers (1)"},{"@type":"BreadcrumbList","@id":"https:\/\/www.jammersignal.com\/product\/drone-jammer-interception-equipment-box-type\/#breadcrumb","itemListElement":[{"@type":"ListItem","position":1,"name":"Home","item":"https:\/\/www.jammersignal.com\/"},{"@type":"ListItem","position":2,"name":"Shop","item":"https:\/\/www.jammersignal.com\/shop\/"},{"@type":"ListItem","position":3,"name":"Signal Blocker","item":"https:\/\/www.jammersignal.com\/product-category\/signal-blocker\/"},{"@type":"ListItem","position":4,"name":"High-Power Drone Jammer Interception Equipment Box-Type UAV Drive Away Equipment"}]},{"@type":"WebSite","@id":"https:\/\/www.jammersignal.com\/#website","url":"https:\/\/www.jammersignal.com\/","name":"JAMMERSIGNAL","description":"","publisher":{"@id":"https:\/\/www.jammersignal.com\/#organization"},"potentialAction":[{"@type":"SearchAction","target":{"@type":"EntryPoint","urlTemplate":"https:\/\/www.jammersignal.com\/?s={search_term_string}"},"query-input":{"@type":"PropertyValueSpecification","valueRequired":true,"valueName":"search_term_string"}}],"inLanguage":"es"},{"@type":"Organization","@id":"https:\/\/www.jammersignal.com\/#organization","name":"JAMMERSIGNAL","url":"https:\/\/www.jammersignal.com\/","logo":{"@type":"ImageObject","inLanguage":"es","@id":"https:\/\/www.jammersignal.com\/#\/schema\/logo\/image\/","url":"https:\/\/www.jammersignal.com\/wp-content\/uploads\/2024\/05\/cropped-jammersignal-logo-4.png","contentUrl":"https:\/\/www.jammersignal.com\/wp-content\/uploads\/2024\/05\/cropped-jammersignal-logo-4.png","width":104,"height":34,"caption":"JAMMERSIGNAL"},"image":{"@id":"https:\/\/www.jammersignal.com\/#\/schema\/logo\/image\/"}}]}},"_links":{"self":[{"href":"https:\/\/www.jammersignal.com\/es\/wp-json\/wp\/v2\/product\/2280","targetHints":{"allow":["GET"]}}],"collection":[{"href":"https:\/\/www.jammersignal.com\/es\/wp-json\/wp\/v2\/product"}],"about":[{"href":"https:\/\/www.jammersignal.com\/es\/wp-json\/wp\/v2\/types\/product"}],"replies":[{"embeddable":true,"href":"https:\/\/www.jammersignal.com\/es\/wp-json\/wp\/v2\/comments?post=2280"}],"version-history":[{"count":5,"href":"https:\/\/www.jammersignal.com\/es\/wp-json\/wp\/v2\/product\/2280\/revisions"}],"predecessor-version":[{"id":2379,"href":"https:\/\/www.jammersignal.com\/es\/wp-json\/wp\/v2\/product\/2280\/revisions\/2379"}],"wp:featuredmedia":[{"embeddable":true,"href":"https:\/\/www.jammersignal.com\/es\/wp-json\/wp\/v2\/media\/1781"}],"wp:attachment":[{"href":"https:\/\/www.jammersignal.com\/es\/wp-json\/wp\/v2\/media?parent=2280"}],"wp:term":[{"taxonomy":"product_brand","embeddable":true,"href":"https:\/\/www.jammersignal.com\/es\/wp-json\/wp\/v2\/product_brand?post=2280"},{"taxonomy":"product_cat","embeddable":true,"href":"https:\/\/www.jammersignal.com\/es\/wp-json\/wp\/v2\/product_cat?post=2280"},{"taxonomy":"product_tag","embeddable":true,"href":"https:\/\/www.jammersignal.com\/es\/wp-json\/wp\/v2\/product_tag?post=2280"}],"curies":[{"name":"wp","href":"https:\/\/api.w.org\/{rel}","templated":true}]}}