{"id":2282,"date":"2024-05-31T06:22:05","date_gmt":"2024-05-31T06:22:05","guid":{"rendered":"https:\/\/www.jammersignal.com\/?post_type=product&#038;p=2282"},"modified":"2024-12-17T07:53:44","modified_gmt":"2024-12-17T07:53:44","slug":"8bands-drone-jammer-3g-4g-wifi-blocker","status":"publish","type":"product","link":"https:\/\/www.jammersignal.com\/es\/producto\/8bands-drone-jammer-3g-4g-wifi-blocker\/","title":{"rendered":"Potencia 8 Bandas Drone Se\u00f1al Jammer 3G 4G WIFI Blocker"},"content":{"rendered":"<div data-elementor-type=\"wp-post\" data-elementor-id=\"2282\" class=\"elementor elementor-2282\">\n\t\t\t\t<div class=\"elementor-element elementor-element-4a8c2a2 e-flex e-con-boxed e-con e-parent\" data-id=\"4a8c2a2\" data-element_type=\"container\">\n\t\t\t\t\t<div class=\"e-con-inner\">\n\t\t<div class=\"elementor-element elementor-element-2677d1d e-con-full e-flex e-con e-child\" data-id=\"2677d1d\" data-element_type=\"container\">\n\t\t\t\t<div class=\"elementor-element elementor-element-5ee8a99 elementor-widget elementor-widget-text-editor\" data-id=\"5ee8a99\" data-element_type=\"widget\" data-widget_type=\"text-editor.default\">\n\t\t\t\t<div class=\"elementor-widget-container\">\n\t\t\t\t\t\t\t\t\t<h4>Especificaciones t\u00e9cnicas<\/h4><p><strong>Frecuencias de interferencia<\/strong><\/p><p>CDMA o GSM\uff1a851-894 o 925-960MHz<br \/>DCS\/PCS\uff1a1805-1990MHz<br \/>3G\uff1a2110-2170MHz<br \/>4GLTE\uff1a700-803 o 790-862MHz<br \/>4G WIMAX\uff1a2500-2690 o 2300-2400MHz<br \/>WIFI2.4G\uff1a2400-2500MHz<br \/>VHF\uff1a130-174MHz<br \/>UHF\uff1a400-470MHz<br \/>GPSL1:1570-1610MHz<br \/>GPSL2+L5:1170-1280MHz<br \/>GPSL2:1200-1280MHz<br \/>GPSL5:1170-1200MHz<br \/>RC868, 912 y 916: 868-916 MHz<br \/>LOJACK:167-175MHz<br \/>RC2.4G:RC2.4G<br \/>RC5.8G:5725-5850MHz<br \/>RC433 434 435:430-440 MHz<br \/>RC315 312:315MHz<br \/>GPSL1 y Glonass L1:1560-1620MHz<\/p><p><strong>Especificaciones b\u00e1sicas<\/strong><\/p><p>Potencia total de salida: 100-130 W, 10-30 W en cada banda<br \/>Radio de interferencia: 20-120 metros (se\u00f1al GPS para 300 m)<br \/>Fuente de alimentaci\u00f3n: AC110-240V a DC27V<br \/>Tiempo de trabajo: sin paradas<br \/>Tama\u00f1o del dispositivo:550x 238 x 60 mm Peso del dispositivo:aprox.10kg Contenido del paquete:Jammer Host x 1, Adaptador x 1, antena x8<\/p><p><strong>Nota<\/strong>: Es posible que la importaci\u00f3n de inhibidores de se\u00f1al m\u00f3vil no est\u00e9 permitida en determinados pa\u00edses debido a la concesi\u00f3n de licencias de se\u00f1ales de radiodifusi\u00f3n u otras restricciones. Por favor, compruebe la normativa de telecomunicaciones de su pa\u00eds antes de realizar su pedido. Vamos a ajustar el CDMA \/ GSM \/ DCS \/ PCS para usted base en la frecuencia de la se\u00f1al de su pa\u00eds.<br \/>El alcance de las interferencias depende de la intensidad de la se\u00f1al procedente de diversas fuentes, as\u00ed como de las condiciones del entorno local.<\/p>\t\t\t\t\t\t\t\t<\/div>\n\t\t\t\t<\/div>\n\t\t\t\t<\/div>\n\t\t<div class=\"elementor-element elementor-element-63abe0f e-con-full e-flex e-con e-child\" data-id=\"63abe0f\" data-element_type=\"container\">\n\t\t\t\t<div class=\"elementor-element elementor-element-3d0f9f0 elementor-widget elementor-widget-text-editor\" data-id=\"3d0f9f0\" data-element_type=\"widget\" data-widget_type=\"text-editor.default\">\n\t\t\t\t<div class=\"elementor-widget-container\">\n\t\t\t\t\t\t\t\t\t<h4>Informaci\u00f3n sobre el producto<\/h4><p>Se trata de un potente bloqueador de tel\u00e9fonos m\u00f3viles de 8 bandas de calidad profesional. Tambi\u00e9n es adecuado para el bloqueo de 3G, 4G, 4GLTE\/WIMAX, Wi-Fi, UHF y VHF se\u00f1ales. Este bloqueador est\u00e1 equipado con 8 antenas, 7 ventiladores de refrigeraci\u00f3n, y tiene potentes capacidades de interferencia. Puede funcionar de forma continua durante todo el d\u00eda y puede defenderse de varios drones, incluyendo Phantom 4, Phantom 3 Professional, Advanced, Standard series e Inspire series.<\/p><p><strong>Caracter\u00edsticas principales:<\/strong><\/p><ul><li>Potencia de salida 130 W<\/li><li>Antena omnidireccional o direccional plana de 5-7 dBi de alta ganancia opcional<\/li><li>Alcance efectivo del apantallamiento 30-300 metros, dependiendo de la intensidad de la se\u00f1al regional<\/li><li>Se pueden apantallar hasta 6 bandas simult\u00e1neamente, y la potencia de cada banda es ajustable<\/li><li>El indicador LED muestra el estado de la alimentaci\u00f3n<\/li><li>Proporciona protecci\u00f3n VSWR (relaci\u00f3n de onda estacionaria de tensi\u00f3n) segura 100% para cada m\u00f3dulo.<\/li><li>Equipado con un buen sistema de refrigeraci\u00f3n, que incluye un disipador de calor, 3 ventiladores grandes en la parte superior y 4 ventiladores peque\u00f1os en el interior, lo que garantiza un funcionamiento silencioso y continuo.<\/li><\/ul><p><strong>Aplicaci\u00f3n:<\/strong><\/p><p>El inhibidor puede utilizarse en diversos entornos, como salas de reuniones, salas de conferencias, museos, galer\u00edas, teatros, salas de conciertos, iglesias, templos, restaurantes, aulas, centros de formaci\u00f3n, f\u00e1bricas, bancos, trenes, autobuses y otros lugares que requieran silencio, confidencialidad y seguridad de la informaci\u00f3n. Pero para lugares de uso espec\u00edfico, como hospitales y gasolineras, se recomienda realizar pruebas in situ con antelaci\u00f3n para asegurarse de que no interferir\u00e1 en el funcionamiento normal de equipos e instrumentos.<\/p>\t\t\t\t\t\t\t\t<\/div>\n\t\t\t\t<\/div>\n\t\t\t\t<\/div>\n\t\t\t\t\t<\/div>\n\t\t\t\t<\/div>\n\t\t\t\t<\/div>","protected":false},"excerpt":{"rendered":"<p>Se trata de un potente bloqueador de tel\u00e9fonos m\u00f3viles de 8 bandas de calidad profesional. Tambi\u00e9n es adecuado para el bloqueo de 3G, 4G, 4GLTE\/WIMAX, Wi-Fi, UHF y VHF se\u00f1ales. Este bloqueador est\u00e1 equipado con 8 antenas, 7 ventiladores de refrigeraci\u00f3n, y tiene potentes capacidades de interferencia. Puede funcionar de forma continua durante todo el d\u00eda y puede defenderse de varios drones, incluyendo Phantom 4, Phantom 3 Professional, Advanced, Standard series e Inspire series.<\/p>\n<p><strong>Caracter\u00edsticas principales:<\/strong><\/p>\n<p>- Potencia de salida 130 W<br \/>\n- Antena omnidireccional o direccional plana de 5-7 dBi de alta ganancia opcional<br \/>\n- Alcance efectivo del apantallamiento 30-300 metros, dependiendo de la intensidad de la se\u00f1al regional<br \/>\n- Se pueden apantallar hasta 6 bandas simult\u00e1neamente, y la potencia de cada banda es ajustable<br \/>\n- El indicador LED muestra el estado de la alimentaci\u00f3n<br \/>\n- Proporciona protecci\u00f3n VSWR (relaci\u00f3n de onda estacionaria de tensi\u00f3n) segura 100% para cada m\u00f3dulo.<br \/>\n- Equipado con un buen sistema de refrigeraci\u00f3n, que incluye un disipador de calor, 3 ventiladores grandes en la parte superior y 4 ventiladores peque\u00f1os en el interior, lo que garantiza un funcionamiento silencioso y continuo.<\/p>","protected":false},"featured_media":1791,"comment_status":"open","ping_status":"closed","template":"","meta":{"site-sidebar-layout":"no-sidebar","site-content-layout":"page-builder","ast-site-content-layout":"normal-width-container","site-content-style":"default","site-sidebar-style":"default","ast-global-header-display":"","ast-banner-title-visibility":"","ast-main-header-display":"","ast-hfb-above-header-display":"","ast-hfb-below-header-display":"","ast-hfb-mobile-header-display":"","site-post-title":"disabled","ast-breadcrumbs-content":"","ast-featured-img":"disabled","footer-sml-layout":"","theme-transparent-header-meta":"default","adv-header-id-meta":"","stick-header-meta":"default","header-above-stick-meta":"","header-main-stick-meta":"","header-below-stick-meta":"","astra-migrate-meta-layouts":"set","ast-page-background-enabled":"default","ast-page-background-meta":{"desktop":{"background-color":"var(--ast-global-color-4)","background-image":"","background-repeat":"repeat","background-position":"center center","background-size":"auto","background-attachment":"scroll","background-type":"","background-media":"","overlay-type":"","overlay-color":"","overlay-gradient":""},"tablet":{"background-color":"","background-image":"","background-repeat":"repeat","background-position":"center center","background-size":"auto","background-attachment":"scroll","background-type":"","background-media":"","overlay-type":"","overlay-color":"","overlay-gradient":""},"mobile":{"background-color":"","background-image":"","background-repeat":"repeat","background-position":"center center","background-size":"auto","background-attachment":"scroll","background-type":"","background-media":"","overlay-type":"","overlay-color":"","overlay-gradient":""}},"ast-content-background-meta":{"desktop":{"background-color":"var(--ast-global-color-5)","background-image":"","background-repeat":"repeat","background-position":"center center","background-size":"auto","background-attachment":"scroll","background-type":"","background-media":"","overlay-type":"","overlay-color":"","overlay-gradient":""},"tablet":{"background-color":"var(--ast-global-color-5)","background-image":"","background-repeat":"repeat","background-position":"center center","background-size":"auto","background-attachment":"scroll","background-type":"","background-media":"","overlay-type":"","overlay-color":"","overlay-gradient":""},"mobile":{"background-color":"var(--ast-global-color-5)","background-image":"","background-repeat":"repeat","background-position":"center center","background-size":"auto","background-attachment":"scroll","background-type":"","background-media":"","overlay-type":"","overlay-color":"","overlay-gradient":""}}},"product_brand":[],"product_cat":[15,41,42,75,66,40,39,33,32,62,44,43,35,34,86,38,46,71,84,37,36],"product_tag":[345,448,260,452,535,502,536,537,503,504,424,368,512,290,293,230,552,525,558],"class_list":{"0":"post-2282","1":"product","2":"type-product","3":"status-publish","4":"has-post-thumbnail","6":"product_cat-signal-blocker","7":"product_cat-3g-signal-jammer","8":"product_cat-4g-jammer","9":"product_cat-8antennas-jammers","10":"product_cat-adjustable-jammer","11":"product_cat-bluetooth-signal-blocker","12":"product_cat-bluetooth-jammer","13":"product_cat-cell-phone-signal-blocker","14":"product_cat-cell-phone-signal-jammer","15":"product_cat-desktop-jammer","16":"product_cat-drone-signal-blocker","17":"product_cat-drone-jammer","18":"product_cat-gps-signal-blocker","19":"product_cat-gps-signal-jammer","20":"product_cat-gsm900-lora925-960mhz","21":"product_cat-gsm-jammer","22":"product_cat-high-power-signal-jammers","23":"product_cat-more-than-1000dollars-jammers","24":"product_cat-more-than-40meters","25":"product_cat-wifi-signal-blocker","26":"product_cat-wifi-jammer","27":"product_tag-2-4ghz-wifi-jammer","28":"product_tag-anti-drone-jammer","29":"product_tag-cell-phone-jammer-device","30":"product_tag-diy-drone-jammer","31":"product_tag-door-jammer-portable","32":"product_tag-drone-frequency-jammer","33":"product_tag-drone-jammer-aaaaaa","34":"product_tag-drone-jammer-app","35":"product_tag-drone-jammer-for-sale","36":"product_tag-drone-radio-jammer","37":"product_tag-drone-signal-jammer","38":"product_tag-drone-wifi-jammer","39":"product_tag-jammer-drone","40":"product_tag-lte-cell-phone-jammer","41":"product_tag-most-powerful-cell-phone-jammer","42":"product_tag-professional-cell-phone-jammer","43":"product_tag-signal-jammer-blocker","44":"product_tag-the-jammer","45":"product_tag-whats-a-jammer","46":"desktop-align-left","47":"tablet-align-left","48":"mobile-align-left","49":"ast-product-gallery-layout-horizontal-slider","50":"ast-product-single-variable","51":"ast-product-tabs-layout-horizontal","53":"first","54":"instock","55":"sale","56":"shipping-taxable","57":"purchasable","58":"product-type-variable"},"yoast_head":"<!-- This site is optimized with the Yoast SEO plugin v23.9 - https:\/\/yoast.com\/wordpress\/plugins\/seo\/ -->\n<title>Power 8 Band Drone Signal Jammer 3G 4G WIFI Blocker, Output Power 130W - JAMMERSIGNAL<\/title>\n<meta name=\"description\" content=\"This cell phone jammer blocks drone signals and is able to defend against a wide range of drones, including the Phantom 4, Phantom 3 Professional, Advanced, Standard series, and Inspire series.\" \/>\n<meta name=\"robots\" content=\"index, follow, max-snippet:-1, max-image-preview:large, max-video-preview:-1\" \/>\n<link rel=\"canonical\" href=\"https:\/\/www.jammersignal.com\/es\/producto\/8bands-drone-jammer-3g-4g-wifi-blocker\/\" \/>\n<meta property=\"og:locale\" content=\"es_ES\" \/>\n<meta property=\"og:type\" content=\"article\" \/>\n<meta property=\"og:title\" content=\"Power 8 Band Drone Signal Jammer 3G 4G WIFI Blocker, Output Power 130W - JAMMERSIGNAL\" \/>\n<meta property=\"og:description\" content=\"This cell phone jammer blocks drone signals and is able to defend against a wide range of drones, including the Phantom 4, Phantom 3 Professional, Advanced, Standard series, and Inspire series.\" \/>\n<meta property=\"og:url\" content=\"https:\/\/www.jammersignal.com\/es\/producto\/8bands-drone-jammer-3g-4g-wifi-blocker\/\" \/>\n<meta property=\"og:site_name\" content=\"JAMMERSIGNAL\" \/>\n<meta property=\"article:modified_time\" content=\"2024-12-17T07:53:44+00:00\" \/>\n<meta property=\"og:image\" content=\"https:\/\/www.jammersignal.com\/wp-content\/uploads\/2024\/05\/power-8-bands-jammersignal-blocker-wifi-4g-jammers-2.jpg\" \/>\n\t<meta property=\"og:image:width\" content=\"940\" \/>\n\t<meta property=\"og:image:height\" content=\"940\" \/>\n\t<meta property=\"og:image:type\" content=\"image\/jpeg\" \/>\n<meta name=\"twitter:card\" content=\"summary_large_image\" \/>\n<meta name=\"twitter:label1\" content=\"Tiempo de lectura\" \/>\n\t<meta name=\"twitter:data1\" content=\"2 minutos\" \/>\n<script type=\"application\/ld+json\" class=\"yoast-schema-graph\">{\"@context\":\"https:\/\/schema.org\",\"@graph\":[{\"@type\":\"WebPage\",\"@id\":\"https:\/\/www.jammersignal.com\/product\/8bands-drone-jammer-3g-4g-wifi-blocker\/\",\"url\":\"https:\/\/www.jammersignal.com\/product\/8bands-drone-jammer-3g-4g-wifi-blocker\/\",\"name\":\"Power 8 Band Drone Signal Jammer 3G 4G WIFI Blocker, Output Power 130W - JAMMERSIGNAL\",\"isPartOf\":{\"@id\":\"https:\/\/www.jammersignal.com\/#website\"},\"primaryImageOfPage\":{\"@id\":\"https:\/\/www.jammersignal.com\/product\/8bands-drone-jammer-3g-4g-wifi-blocker\/#primaryimage\"},\"image\":{\"@id\":\"https:\/\/www.jammersignal.com\/product\/8bands-drone-jammer-3g-4g-wifi-blocker\/#primaryimage\"},\"thumbnailUrl\":\"https:\/\/www.jammersignal.com\/wp-content\/uploads\/2024\/05\/power-8-bands-jammersignal-blocker-wifi-4g-jammers-2.jpg\",\"datePublished\":\"2024-05-31T06:22:05+00:00\",\"dateModified\":\"2024-12-17T07:53:44+00:00\",\"description\":\"This cell phone jammer blocks drone signals and is able to defend against a wide range of drones, including the Phantom 4, Phantom 3 Professional, Advanced, Standard series, and Inspire series.\",\"breadcrumb\":{\"@id\":\"https:\/\/www.jammersignal.com\/product\/8bands-drone-jammer-3g-4g-wifi-blocker\/#breadcrumb\"},\"inLanguage\":\"es\",\"potentialAction\":[{\"@type\":\"ReadAction\",\"target\":[\"https:\/\/www.jammersignal.com\/product\/8bands-drone-jammer-3g-4g-wifi-blocker\/\"]}]},{\"@type\":\"ImageObject\",\"inLanguage\":\"es\",\"@id\":\"https:\/\/www.jammersignal.com\/product\/8bands-drone-jammer-3g-4g-wifi-blocker\/#primaryimage\",\"url\":\"https:\/\/www.jammersignal.com\/wp-content\/uploads\/2024\/05\/power-8-bands-jammersignal-blocker-wifi-4g-jammers-2.jpg\",\"contentUrl\":\"https:\/\/www.jammersignal.com\/wp-content\/uploads\/2024\/05\/power-8-bands-jammersignal-blocker-wifi-4g-jammers-2.jpg\",\"width\":940,\"height\":940,\"caption\":\"power 8 bands jammersignal blocker wifi 4g jammers (2)\"},{\"@type\":\"BreadcrumbList\",\"@id\":\"https:\/\/www.jammersignal.com\/product\/8bands-drone-jammer-3g-4g-wifi-blocker\/#breadcrumb\",\"itemListElement\":[{\"@type\":\"ListItem\",\"position\":1,\"name\":\"Home\",\"item\":\"https:\/\/www.jammersignal.com\/\"},{\"@type\":\"ListItem\",\"position\":2,\"name\":\"Shop\",\"item\":\"https:\/\/www.jammersignal.com\/shop\/\"},{\"@type\":\"ListItem\",\"position\":3,\"name\":\"Signal Blocker\",\"item\":\"https:\/\/www.jammersignal.com\/product-category\/signal-blocker\/\"},{\"@type\":\"ListItem\",\"position\":4,\"name\":\"Power 8 Bands Drone Signal Jammer 3G 4G WIFI Blocker\"}]},{\"@type\":\"WebSite\",\"@id\":\"https:\/\/www.jammersignal.com\/#website\",\"url\":\"https:\/\/www.jammersignal.com\/\",\"name\":\"JAMMERSIGNAL\",\"description\":\"\",\"publisher\":{\"@id\":\"https:\/\/www.jammersignal.com\/#organization\"},\"potentialAction\":[{\"@type\":\"SearchAction\",\"target\":{\"@type\":\"EntryPoint\",\"urlTemplate\":\"https:\/\/www.jammersignal.com\/?s={search_term_string}\"},\"query-input\":{\"@type\":\"PropertyValueSpecification\",\"valueRequired\":true,\"valueName\":\"search_term_string\"}}],\"inLanguage\":\"es\"},{\"@type\":\"Organization\",\"@id\":\"https:\/\/www.jammersignal.com\/#organization\",\"name\":\"JAMMERSIGNAL\",\"url\":\"https:\/\/www.jammersignal.com\/\",\"logo\":{\"@type\":\"ImageObject\",\"inLanguage\":\"es\",\"@id\":\"https:\/\/www.jammersignal.com\/#\/schema\/logo\/image\/\",\"url\":\"https:\/\/www.jammersignal.com\/wp-content\/uploads\/2024\/05\/cropped-jammersignal-logo-4.png\",\"contentUrl\":\"https:\/\/www.jammersignal.com\/wp-content\/uploads\/2024\/05\/cropped-jammersignal-logo-4.png\",\"width\":104,\"height\":34,\"caption\":\"JAMMERSIGNAL\"},\"image\":{\"@id\":\"https:\/\/www.jammersignal.com\/#\/schema\/logo\/image\/\"}}]}<\/script>\n<!-- \/ Yoast SEO plugin. -->","yoast_head_json":{"title":"Bloqueador de se\u00f1al de drone de 8 bandas 3G 4G WIFI, potencia de salida 130W - JAMMERSIGNAL","description":"Este bloqueador de tel\u00e9fonos m\u00f3viles bloquea las se\u00f1ales de drones y es capaz de defenderse contra una amplia gama de drones, incluidos los de las series Phantom 4, Phantom 3 Professional, Advanced, Standard e Inspire.","robots":{"index":"index","follow":"follow","max-snippet":"max-snippet:-1","max-image-preview":"max-image-preview:large","max-video-preview":"max-video-preview:-1"},"canonical":"https:\/\/www.jammersignal.com\/es\/producto\/8bands-drone-jammer-3g-4g-wifi-blocker\/","og_locale":"es_ES","og_type":"article","og_title":"Power 8 Band Drone Signal Jammer 3G 4G WIFI Blocker, Output Power 130W - JAMMERSIGNAL","og_description":"This cell phone jammer blocks drone signals and is able to defend against a wide range of drones, including the Phantom 4, Phantom 3 Professional, Advanced, Standard series, and Inspire series.","og_url":"https:\/\/www.jammersignal.com\/es\/producto\/8bands-drone-jammer-3g-4g-wifi-blocker\/","og_site_name":"JAMMERSIGNAL","article_modified_time":"2024-12-17T07:53:44+00:00","og_image":[{"width":940,"height":940,"url":"https:\/\/www.jammersignal.com\/wp-content\/uploads\/2024\/05\/power-8-bands-jammersignal-blocker-wifi-4g-jammers-2.jpg","type":"image\/jpeg"}],"twitter_card":"summary_large_image","twitter_misc":{"Tiempo de lectura":"2 minutos"},"schema":{"@context":"https:\/\/schema.org","@graph":[{"@type":"WebPage","@id":"https:\/\/www.jammersignal.com\/product\/8bands-drone-jammer-3g-4g-wifi-blocker\/","url":"https:\/\/www.jammersignal.com\/product\/8bands-drone-jammer-3g-4g-wifi-blocker\/","name":"Bloqueador de se\u00f1al de drone de 8 bandas 3G 4G WIFI, potencia de salida 130W - JAMMERSIGNAL","isPartOf":{"@id":"https:\/\/www.jammersignal.com\/#website"},"primaryImageOfPage":{"@id":"https:\/\/www.jammersignal.com\/product\/8bands-drone-jammer-3g-4g-wifi-blocker\/#primaryimage"},"image":{"@id":"https:\/\/www.jammersignal.com\/product\/8bands-drone-jammer-3g-4g-wifi-blocker\/#primaryimage"},"thumbnailUrl":"https:\/\/www.jammersignal.com\/wp-content\/uploads\/2024\/05\/power-8-bands-jammersignal-blocker-wifi-4g-jammers-2.jpg","datePublished":"2024-05-31T06:22:05+00:00","dateModified":"2024-12-17T07:53:44+00:00","description":"Este bloqueador de tel\u00e9fonos m\u00f3viles bloquea las se\u00f1ales de drones y es capaz de defenderse contra una amplia gama de drones, incluidos los de las series Phantom 4, Phantom 3 Professional, Advanced, Standard e Inspire.","breadcrumb":{"@id":"https:\/\/www.jammersignal.com\/product\/8bands-drone-jammer-3g-4g-wifi-blocker\/#breadcrumb"},"inLanguage":"es","potentialAction":[{"@type":"ReadAction","target":["https:\/\/www.jammersignal.com\/product\/8bands-drone-jammer-3g-4g-wifi-blocker\/"]}]},{"@type":"ImageObject","inLanguage":"es","@id":"https:\/\/www.jammersignal.com\/product\/8bands-drone-jammer-3g-4g-wifi-blocker\/#primaryimage","url":"https:\/\/www.jammersignal.com\/wp-content\/uploads\/2024\/05\/power-8-bands-jammersignal-blocker-wifi-4g-jammers-2.jpg","contentUrl":"https:\/\/www.jammersignal.com\/wp-content\/uploads\/2024\/05\/power-8-bands-jammersignal-blocker-wifi-4g-jammers-2.jpg","width":940,"height":940,"caption":"power 8 bands jammersignal blocker wifi 4g jammers (2)"},{"@type":"BreadcrumbList","@id":"https:\/\/www.jammersignal.com\/product\/8bands-drone-jammer-3g-4g-wifi-blocker\/#breadcrumb","itemListElement":[{"@type":"ListItem","position":1,"name":"Home","item":"https:\/\/www.jammersignal.com\/"},{"@type":"ListItem","position":2,"name":"Shop","item":"https:\/\/www.jammersignal.com\/shop\/"},{"@type":"ListItem","position":3,"name":"Signal Blocker","item":"https:\/\/www.jammersignal.com\/product-category\/signal-blocker\/"},{"@type":"ListItem","position":4,"name":"Power 8 Bands Drone Signal Jammer 3G 4G WIFI Blocker"}]},{"@type":"WebSite","@id":"https:\/\/www.jammersignal.com\/#website","url":"https:\/\/www.jammersignal.com\/","name":"JAMMERSIGNAL","description":"","publisher":{"@id":"https:\/\/www.jammersignal.com\/#organization"},"potentialAction":[{"@type":"SearchAction","target":{"@type":"EntryPoint","urlTemplate":"https:\/\/www.jammersignal.com\/?s={search_term_string}"},"query-input":{"@type":"PropertyValueSpecification","valueRequired":true,"valueName":"search_term_string"}}],"inLanguage":"es"},{"@type":"Organization","@id":"https:\/\/www.jammersignal.com\/#organization","name":"JAMMERSIGNAL","url":"https:\/\/www.jammersignal.com\/","logo":{"@type":"ImageObject","inLanguage":"es","@id":"https:\/\/www.jammersignal.com\/#\/schema\/logo\/image\/","url":"https:\/\/www.jammersignal.com\/wp-content\/uploads\/2024\/05\/cropped-jammersignal-logo-4.png","contentUrl":"https:\/\/www.jammersignal.com\/wp-content\/uploads\/2024\/05\/cropped-jammersignal-logo-4.png","width":104,"height":34,"caption":"JAMMERSIGNAL"},"image":{"@id":"https:\/\/www.jammersignal.com\/#\/schema\/logo\/image\/"}}]}},"_links":{"self":[{"href":"https:\/\/www.jammersignal.com\/es\/wp-json\/wp\/v2\/product\/2282","targetHints":{"allow":["GET"]}}],"collection":[{"href":"https:\/\/www.jammersignal.com\/es\/wp-json\/wp\/v2\/product"}],"about":[{"href":"https:\/\/www.jammersignal.com\/es\/wp-json\/wp\/v2\/types\/product"}],"replies":[{"embeddable":true,"href":"https:\/\/www.jammersignal.com\/es\/wp-json\/wp\/v2\/comments?post=2282"}],"version-history":[{"count":5,"href":"https:\/\/www.jammersignal.com\/es\/wp-json\/wp\/v2\/product\/2282\/revisions"}],"predecessor-version":[{"id":2400,"href":"https:\/\/www.jammersignal.com\/es\/wp-json\/wp\/v2\/product\/2282\/revisions\/2400"}],"wp:featuredmedia":[{"embeddable":true,"href":"https:\/\/www.jammersignal.com\/es\/wp-json\/wp\/v2\/media\/1791"}],"wp:attachment":[{"href":"https:\/\/www.jammersignal.com\/es\/wp-json\/wp\/v2\/media?parent=2282"}],"wp:term":[{"taxonomy":"product_brand","embeddable":true,"href":"https:\/\/www.jammersignal.com\/es\/wp-json\/wp\/v2\/product_brand?post=2282"},{"taxonomy":"product_cat","embeddable":true,"href":"https:\/\/www.jammersignal.com\/es\/wp-json\/wp\/v2\/product_cat?post=2282"},{"taxonomy":"product_tag","embeddable":true,"href":"https:\/\/www.jammersignal.com\/es\/wp-json\/wp\/v2\/product_tag?post=2282"}],"curies":[{"name":"wp","href":"https:\/\/api.w.org\/{rel}","templated":true}]}}