{"id":4008,"date":"2025-01-08T00:33:41","date_gmt":"2025-01-08T00:33:41","guid":{"rendered":"https:\/\/www.jammersignal.com\/?post_type=product&#038;p=4008"},"modified":"2026-01-31T10:27:01","modified_gmt":"2026-01-31T10:27:01","slug":"2g-3g-4g-5g-wifi-6e-2-4g-5-8g-bluetooth-gps-cell-phone-jammer","status":"publish","type":"product","link":"https:\/\/www.jammersignal.com\/es\/producto\/2g-3g-4g-5g-wifi-6e-2-4g-5-8g-bluetooth-gps-cell-phone-jammer\/","title":{"rendered":"2G 3G 4G 5G WIFI 6E 2.4G 5.8G Bluetooth GPS FM Radio RC UHF VHF\/LOJACK LORA\/RC915 868 315 Cell Phone Jammer"},"content":{"rendered":"<div data-elementor-type=\"wp-post\" data-elementor-id=\"4008\" class=\"elementor elementor-4008\">\n\t\t\t\t<div class=\"elementor-element elementor-element-4a8c2a2 e-flex e-con-boxed e-con e-parent\" data-id=\"4a8c2a2\" data-element_type=\"container\">\n\t\t\t\t\t<div class=\"e-con-inner\">\n\t\t<div class=\"elementor-element elementor-element-2677d1d e-con-full e-flex e-con e-child\" data-id=\"2677d1d\" data-element_type=\"container\">\n\t\t\t\t<div class=\"elementor-element elementor-element-5ee8a99 elementor-widget elementor-widget-text-editor\" data-id=\"5ee8a99\" data-element_type=\"widget\" data-widget_type=\"text-editor.default\">\n\t\t\t\t<div class=\"elementor-widget-container\">\n\t\t\t\t\t\t\t\t\t<h4>Especificaciones t\u00e9cnicas<\/h4><table width=\"877\"><tbody><tr><td colspan=\"4\" width=\"877\">Especificaciones t\u00e9cnicas clave: Radio FM y Wi-Fi Jammer 6E para todo el mundo<\/td><\/tr><tr><td>Canal\u00a0<\/td><td>Puerto de salida<\/td><td>Gama de frecuencias<\/td><td>Potencia<\/td><\/tr><tr><td>CH 1<\/td><td>VHF\/LOJACK<\/td><td>135-175MHz<\/td><td>30\u00b11dBm\/ 1\u00b10,2W<\/td><\/tr><tr><td>CH 2<\/td><td>5G600<\/td><td>617-698MHz<\/td><td>30\u00b11dBm\/ 1\u00b10,2W<\/td><\/tr><tr><td>CH 3<\/td><td>5G3700<\/td><td>3600-3900MHz<\/td><td>30\u00b11dBm\/ 1\u00b10,2W<\/td><\/tr><tr><td>CH 4<\/td><td>3G2100<\/td><td>2110-2180MHZ<\/td><td>30\u00b11dBm\/ 1\u00b10,2W<\/td><\/tr><tr><td>CH 5<\/td><td>RC-868<\/td><td>868 MHz<\/td><td>30\u00b11dBm\/ 1\u00b10,2W<\/td><\/tr><tr><td>CH 6<\/td><td>WIFI5.2G<\/td><td>5100-5500MHz<\/td><td>30\u00b11dBm\/ 1\u00b10,2W<\/td><\/tr><tr><td>CH 7<\/td><td>4G2600<\/td><td>2620-2690MHZ<\/td><td>30\u00b11dBm\/ 1\u00b10,2W<\/td><\/tr><tr><td>CH 8<\/td><td>4G800<\/td><td>790-826MHz<\/td><td>30\u00b11dBm\/ 1\u00b10,2W<\/td><\/tr><tr><td>CH 9<\/td><td>Radio FM<\/td><td>80-108MHz<\/td><td>30\u00b11dBm\/ 1\u00b10,2W<\/td><\/tr><tr><td>CH 10<\/td><td>RC-433<\/td><td>433-434MHz<\/td><td>30\u00b11dBm\/ 1\u00b10,2W<\/td><\/tr><tr><td>CH 11<\/td><td>4G700<\/td><td>700-803MHz<\/td><td>30\u00b11dBm\/ 1\u00b10,2W<\/td><\/tr><tr><td>CH 12<\/td><td>GPSL1<\/td><td>1560-1610MHz<\/td><td>30\u00b11dBm\/ 1\u00b10,2W<\/td><\/tr><tr><td>CH 13<\/td><td>LORA\/RC915<\/td><td>900-930MHz<\/td><td>30\u00b11dBm\/ 1\u00b10,2W<\/td><\/tr><tr><td>CH 14<\/td><td>4G2500<\/td><td>2500-2620MHz<\/td><td>30\u00b11dBm\/ 1\u00b10,2W<\/td><\/tr><tr><td>CH 15<\/td><td>GPSL2L3L4L5<\/td><td>1170-1390 MHz<\/td><td>30\u00b11dBm\/ 1\u00b10,2W<\/td><\/tr><tr><td>CH 16<\/td><td>CDMA850<\/td><td>851-894MHZ<\/td><td>30\u00b11dBm\/ 1\u00b10,2W<\/td><\/tr><tr><td>CH 17<\/td><td>4G1700<\/td><td>1710-1780MHz<\/td><td>30\u00b11dBm\/ 1\u00b10,2W<\/td><\/tr><tr><td>CH 18<\/td><td>WIFI 6E<\/td><td>5925-6425MHz<\/td><td>30\u00b11dBm\/ 1\u00b10,2W<\/td><\/tr><tr><td>CH 19<\/td><td>RC-315<\/td><td>315 MHz<\/td><td>30\u00b11dBm\/ 1\u00b10,2W<\/td><\/tr><tr><td>CH 20<\/td><td>GSM900<\/td><td>925-960 MHz<\/td><td>30\u00b11dBm\/ 1\u00b10,2W<\/td><\/tr><tr><td>CH 21<\/td><td>DCS1800<\/td><td>1805-1920MHz<\/td><td>30\u00b11dBm\/ 1\u00b10,2W<\/td><\/tr><tr><td>CH 22<\/td><td>WIFI2.4G<\/td><td>2400-2500 MHz<\/td><td>30\u00b11dBm\/ 1\u00b10,2W<\/td><\/tr><tr><td>CH 23<\/td><td>WIFI5.8G<\/td><td>5500-5900MHz<\/td><td>30\u00b11dBm\/ 1\u00b10,2W<\/td><\/tr><tr><td>CH 24<\/td><td>5G3300\/3500<\/td><td>3300-3600MHZ<\/td><td>30\u00b11dBm\/ 1\u00b10,2W<\/td><\/tr><tr><td>CH 25<\/td><td>UHF&amp;CDMA450<\/td><td>400-470 MHz<\/td><td>30\u00b11dBm\/ 1\u00b10,2W<\/td><\/tr><tr><td>CH 26<\/td><td>5G1500<\/td><td>1427-1518MHz<\/td><td>30\u00b11dBm\/ 1\u00b10,2W<\/td><\/tr><tr><td>CH 27<\/td><td>PCS1900<\/td><td>1920-2000MHz<\/td><td>30\u00b11dBm\/ 1\u00b10,2W<\/td><\/tr><tr><td>CH 28<\/td><td>4G2300<\/td><td>2300-2400MHz<\/td><td>30\u00b11dBm\/ 1\u00b10,2W<\/td><\/tr><tr><td colspan=\"4\">Fuente de alimentaci\u00f3n: Adaptador de CA 50-60 Hz (110-240 V CA\/12 V CC)<br \/>Cargador de coche: DC12V IN<br \/>La bater\u00eda integrada sigue funcionando: unos 90 minutos<\/td><\/tr><tr><td colspan=\"4\">Dimensiones: (largo, ancho, alto) 200x133x66mm (sin antena)<br \/>Longitud de la antena: 166-195 mm<br \/>Ganancia: 2,0 dbi<\/td><\/tr><tr><td colspan=\"4\">Dimensiones del paquete: 295 x 260 x 125 mm<br \/>Peso neto: 2,2 kg<br \/>Peso bruto: 3,0 kg<\/td><\/tr><tr><td colspan=\"4\">Potencia total: 28 W<br \/>Radio de apantallamiento: (2-25) metros, siempre depende de la intensidad de la se\u00f1al en la zona determinada<\/td><\/tr><\/tbody><\/table>\t\t\t\t\t\t\t\t<\/div>\n\t\t\t\t<\/div>\n\t\t\t\t<\/div>\n\t\t<div class=\"elementor-element elementor-element-63abe0f e-con-full e-flex e-con e-child\" data-id=\"63abe0f\" data-element_type=\"container\">\n\t\t\t\t<div class=\"elementor-element elementor-element-3d0f9f0 elementor-widget elementor-widget-text-editor\" data-id=\"3d0f9f0\" data-element_type=\"widget\" data-widget_type=\"text-editor.default\">\n\t\t\t\t<div class=\"elementor-widget-container\">\n\t\t\t\t\t\t\t\t\t<h4>Informaci\u00f3n sobre el producto<\/h4><ol><li>Tipo de se\u00f1al interferente: N28: Tel\u00e9fonos m\u00f3viles de banda completa 5G\/4G\/3G\/2G + WiFi 2.4G\/5G + GPSL1-L5 UHF\/VHF\/LOJACK + RC433 315 868 + LORA + Radio FM + WiFi 6E<\/li><li>Potencia de salida: 28 W en total, 1 W por banda con antenas omnidireccionales de 2 dBi de ganancia<\/li><li>Radio de interferencia: de 2 a 25 metros Depende siempre de la intensidad de la se\u00f1al en la zona en cuesti\u00f3n<\/li><li>Fuente de alimentaci\u00f3n: De CA 110-240 V a CC 12 V<\/li><li>Sistema de refrigeraci\u00f3n: Radiador de aleaci\u00f3n de aluminio de alta eficiencia, 3 ventiladores de refrigeraci\u00f3n incorporados.<\/li><li>Tiempo de funcionamiento con la bater\u00eda completamente cargada: La bater\u00eda incorporada sigue funcionando: unos 90 minutos<\/li><li>Tama\u00f1o del producto: 200 x 133 x 66 mm (sin antena)<\/li><li>Peso del producto: unos 3,0 kg<\/li><li>Contenido del paquete: Jammer Host x 1, Cargador de corriente x1, Antena omnidireccional x27, Cargador de coche x1, Funda de nylon x1.<\/li><\/ol><p><strong>Beneficios<\/strong> :<\/p><ol><li>Primer Jammer Port\u00e1til de 28 Bandas del Mundo con 27 Antenas, Bloquea Radio FM &amp; Wi-Fi 6E &amp; Todas las Se\u00f1ales RF GPS Wi-Fi 5G 4G 3G 2G LORA LOJACK Tel\u00e9fono M\u00f3vil<\/li><li>Alta potencia de salida de 28 vatios, rango de interferencia de 2 a 25 metros (a -75 dBm, depende de la intensidad de la se\u00f1al en la zona dada)<\/li><li>Buen sistema de refrigeraci\u00f3n con 3 ventiladores en el interior y disipador de calor m\u00e1s grande, funda de nylon para port\u00e1til<\/li><li>Con el interruptor DIP, puede activar\/desactivar cualquier banda de se\u00f1al sin afectar a otras bandas<\/li><li>Equipado con un cargador de coche, tambi\u00e9n se puede cargar a trav\u00e9s de una fuente de alimentaci\u00f3n de 12 V CC\/CA<\/li><li>Con bater\u00eda incorporada, puede trabajar 90 minutos, carga repetida<\/li><li>Pantalla LCD de la capacidad de la bater\u00eda (porcentaje de capacidad, tensi\u00f3n\/corriente de funcionamiento)<\/li><\/ol><p><strong>Aplicaci\u00f3n<\/strong> :<\/p><ul><li>Puede aplicarse en salas de reuniones, salas de conferencias, museos, galer\u00edas, teatros, salas de conciertos, iglesias, templos, restaurantes, aulas, centros de formaci\u00f3n, f\u00e1bricas, bancos, trenes, autobuses y otros lugares que requieran silencio, confidencialidad y seguridad de la informaci\u00f3n.<\/li><li>Para algunos lugares con fines especiales, como hospitales, gasolineras y otros, realice primero una prueba sobre el terreno para asegurarse de que no se ha producido ninguna interferencia con el funcionamiento normal de sus equipos e instrumentos.<\/li><\/ul>\t\t\t\t\t\t\t\t<\/div>\n\t\t\t\t<\/div>\n\t\t\t\t<\/div>\n\t\t\t\t\t<\/div>\n\t\t\t\t<\/div>\n\t\t\t\t<\/div>","protected":false},"excerpt":{"rendered":"<p>Marca nueva y \u00fanica de una sola pieza de dise\u00f1o inal\u00e1mbrico se\u00f1al jammer con 28 bandas de frecuencia, 27 antenas, c\u00e1scara de nylon, f\u00e1cil de llevar, puede interferir con todo tipo de tel\u00e9fonos Android, tabletas, tel\u00e9fonos inteligentes, iPhones, Win tel\u00e9fonos, etc., puede bloquear GSM, 3G, 4G 5G y CDMA 450Mhz, bloquea GPS, Glonass, Beidou, Wi-Fi 2.4G, Wi-Fi 5G, Wi-Fi 6E, UHF\/VHF y RF walkie talkie se\u00f1ales tales como 315, 433, 868, 915, LORA, LOJACK, 88-108 MHz FM, etc.<\/p>\n<p><strong>ventaja<\/strong>:<\/p>\n<ul>\n<li>El primer bloqueador port\u00e1til de 28 bandas del mundo con 27 antenas dise\u00f1ado para bloquear las se\u00f1ales de radio FM y Wi-Fi 6E y todas las se\u00f1ales de radiofrecuencia GPS Wi-Fi 5G 4G 3G 2G LORA LOJACK de tel\u00e9fonos m\u00f3viles<\/li>\n<li>28 W de potencia de salida, rango de interferencia de 2-25 metros (-75 dBm, dependiendo de la intensidad de la se\u00f1al en una zona determinada)<\/li>\n<li>Buen sistema de refrigeraci\u00f3n con 3 ventiladores de refrigeraci\u00f3n en el interior y disipador de calor m\u00e1s grande, caja de nylon port\u00e1til<\/li>\n<li>Con el interruptor DIP, puedes activar\/desactivar cualquier banda de se\u00f1al sin afectar a otras bandas<\/li>\n<li>Equipado con un cargador de coche, tambi\u00e9n se puede cargar a trav\u00e9s de una fuente de alimentaci\u00f3n de 12 V CC\/CA<\/li>\n<li>Bater\u00eda incorporada, puede funcionar durante 90 minutos, recargable<\/li>\n<li>Pantalla LCD de la capacidad de la bater\u00eda (porcentaje de capacidad, tensi\u00f3n\/corriente de funcionamiento)<\/li>\n<\/ul>","protected":false},"featured_media":4009,"comment_status":"open","ping_status":"closed","template":"","meta":{"site-sidebar-layout":"no-sidebar","site-content-layout":"page-builder","ast-site-content-layout":"normal-width-container","site-content-style":"default","site-sidebar-style":"default","ast-global-header-display":"","ast-banner-title-visibility":"","ast-main-header-display":"","ast-hfb-above-header-display":"","ast-hfb-below-header-display":"","ast-hfb-mobile-header-display":"","site-post-title":"disabled","ast-breadcrumbs-content":"","ast-featured-img":"disabled","footer-sml-layout":"","theme-transparent-header-meta":"default","adv-header-id-meta":"","stick-header-meta":"default","header-above-stick-meta":"","header-main-stick-meta":"","header-below-stick-meta":"","astra-migrate-meta-layouts":"set","ast-page-background-enabled":"default","ast-page-background-meta":{"desktop":{"background-color":"var(--ast-global-color-4)","background-image":"","background-repeat":"repeat","background-position":"center center","background-size":"auto","background-attachment":"scroll","background-type":"","background-media":"","overlay-type":"","overlay-color":"","overlay-gradient":""},"tablet":{"background-color":"","background-image":"","background-repeat":"repeat","background-position":"center center","background-size":"auto","background-attachment":"scroll","background-type":"","background-media":"","overlay-type":"","overlay-color":"","overlay-gradient":""},"mobile":{"background-color":"","background-image":"","background-repeat":"repeat","background-position":"center center","background-size":"auto","background-attachment":"scroll","background-type":"","background-media":"","overlay-type":"","overlay-color":"","overlay-gradient":""}},"ast-content-background-meta":{"desktop":{"background-color":"var(--ast-global-color-5)","background-image":"","background-repeat":"repeat","background-position":"center center","background-size":"auto","background-attachment":"scroll","background-type":"","background-media":"","overlay-type":"","overlay-color":"","overlay-gradient":""},"tablet":{"background-color":"var(--ast-global-color-5)","background-image":"","background-repeat":"repeat","background-position":"center center","background-size":"auto","background-attachment":"scroll","background-type":"","background-media":"","overlay-type":"","overlay-color":"","overlay-gradient":""},"mobile":{"background-color":"var(--ast-global-color-5)","background-image":"","background-repeat":"repeat","background-position":"center center","background-size":"auto","background-attachment":"scroll","background-type":"","background-media":"","overlay-type":"","overlay-color":"","overlay-gradient":""}}},"product_brand":[],"product_cat":[15,42,45,57,33,32,34,61,36],"product_tag":[],"class_list":{"0":"post-4008","1":"product","2":"type-product","3":"status-publish","4":"has-post-thumbnail","6":"product_cat-signal-blocker","7":"product_cat-4g-jammer","8":"product_cat-5g-jammers","9":"product_cat-antenna-jammer","10":"product_cat-cell-phone-signal-blocker","11":"product_cat-cell-phone-signal-jammer","12":"product_cat-gps-signal-jammer","13":"product_cat-portable-jammer","14":"product_cat-wifi-jammer","15":"desktop-align-left","16":"tablet-align-left","17":"mobile-align-left","18":"ast-product-gallery-layout-horizontal-slider","19":"ast-product-single-variable","20":"ast-product-tabs-layout-horizontal","22":"first","23":"instock","24":"sale","25":"shipping-taxable","26":"purchasable","27":"product-type-variable"},"yoast_head":"<!-- This site is optimized with the Yoast SEO plugin v23.9 - https:\/\/yoast.com\/wordpress\/plugins\/seo\/ -->\n<title>2G 3G 4G 5G WIFI 6E 2.4G 5.8G Bluetooth GPS FM Radio RC UHF VHF\/LOJACK LORA\/RC915 868 315 Cell Phone Jammer - JAMMERSIGNAL<\/title>\n<meta name=\"description\" content=\"World&#039;s First 28 Band Portable Jammer with 27 Antennas Designed to Block FM Radio &amp; Wi-Fi 6E &amp; All RF GPS Wi-Fi 5G 4G 3G 2G LORA LOJACK Cell Phone Signals. 28W high output power, 2-25 meters interference range (-75dBm, depending on signal strength in a given area)\" \/>\n<meta name=\"robots\" content=\"index, follow, max-snippet:-1, max-image-preview:large, max-video-preview:-1\" \/>\n<link rel=\"canonical\" href=\"https:\/\/www.jammersignal.com\/es\/producto\/2g-3g-4g-5g-wifi-6e-2-4g-5-8g-bluetooth-gps-cell-phone-jammer\/\" \/>\n<meta property=\"og:locale\" content=\"es_ES\" \/>\n<meta property=\"og:type\" content=\"article\" \/>\n<meta property=\"og:title\" content=\"2G 3G 4G 5G WIFI 6E 2.4G 5.8G Bluetooth GPS FM Radio RC UHF VHF\/LOJACK LORA\/RC915 868 315 Cell Phone Jammer - JAMMERSIGNAL\" \/>\n<meta property=\"og:description\" content=\"World&#039;s First 28 Band Portable Jammer with 27 Antennas Designed to Block FM Radio &amp; Wi-Fi 6E &amp; All RF GPS Wi-Fi 5G 4G 3G 2G LORA LOJACK Cell Phone Signals. 28W high output power, 2-25 meters interference range (-75dBm, depending on signal strength in a given area)\" \/>\n<meta property=\"og:url\" content=\"https:\/\/www.jammersignal.com\/es\/producto\/2g-3g-4g-5g-wifi-6e-2-4g-5-8g-bluetooth-gps-cell-phone-jammer\/\" \/>\n<meta property=\"og:site_name\" content=\"JAMMERSIGNAL\" \/>\n<meta property=\"article:modified_time\" content=\"2026-01-31T10:27:01+00:00\" \/>\n<meta property=\"og:image\" content=\"https:\/\/www.jammersignal.com\/wp-content\/uploads\/2025\/01\/2g-3g-4g-5g-wifi-6e-2.4g-5.8g-bluetooth-gps-fm-radio-1.jpg\" \/>\n\t<meta property=\"og:image:width\" content=\"1000\" \/>\n\t<meta property=\"og:image:height\" content=\"1000\" \/>\n\t<meta property=\"og:image:type\" content=\"image\/jpeg\" \/>\n<meta name=\"twitter:card\" content=\"summary_large_image\" \/>\n<meta name=\"twitter:label1\" content=\"Tiempo de lectura\" \/>\n\t<meta name=\"twitter:data1\" content=\"3 minutos\" \/>\n<script type=\"application\/ld+json\" class=\"yoast-schema-graph\">{\"@context\":\"https:\/\/schema.org\",\"@graph\":[{\"@type\":\"WebPage\",\"@id\":\"https:\/\/www.jammersignal.com\/product\/2g-3g-4g-5g-wifi-6e-2-4g-5-8g-bluetooth-gps-cell-phone-jammer\/\",\"url\":\"https:\/\/www.jammersignal.com\/product\/2g-3g-4g-5g-wifi-6e-2-4g-5-8g-bluetooth-gps-cell-phone-jammer\/\",\"name\":\"2G 3G 4G 5G WIFI 6E 2.4G 5.8G Bluetooth GPS FM Radio RC UHF VHF\/LOJACK LORA\/RC915 868 315 Cell Phone Jammer - JAMMERSIGNAL\",\"isPartOf\":{\"@id\":\"https:\/\/www.jammersignal.com\/#website\"},\"primaryImageOfPage\":{\"@id\":\"https:\/\/www.jammersignal.com\/product\/2g-3g-4g-5g-wifi-6e-2-4g-5-8g-bluetooth-gps-cell-phone-jammer\/#primaryimage\"},\"image\":{\"@id\":\"https:\/\/www.jammersignal.com\/product\/2g-3g-4g-5g-wifi-6e-2-4g-5-8g-bluetooth-gps-cell-phone-jammer\/#primaryimage\"},\"thumbnailUrl\":\"https:\/\/www.jammersignal.com\/wp-content\/uploads\/2025\/01\/2g-3g-4g-5g-wifi-6e-2.4g-5.8g-bluetooth-gps-fm-radio-1.jpg\",\"datePublished\":\"2025-01-08T00:33:41+00:00\",\"dateModified\":\"2026-01-31T10:27:01+00:00\",\"description\":\"World's First 28 Band Portable Jammer with 27 Antennas Designed to Block FM Radio & Wi-Fi 6E & All RF GPS Wi-Fi 5G 4G 3G 2G LORA LOJACK Cell Phone Signals. 28W high output power, 2-25 meters interference range (-75dBm, depending on signal strength in a given area)\",\"breadcrumb\":{\"@id\":\"https:\/\/www.jammersignal.com\/product\/2g-3g-4g-5g-wifi-6e-2-4g-5-8g-bluetooth-gps-cell-phone-jammer\/#breadcrumb\"},\"inLanguage\":\"es\",\"potentialAction\":[{\"@type\":\"ReadAction\",\"target\":[\"https:\/\/www.jammersignal.com\/product\/2g-3g-4g-5g-wifi-6e-2-4g-5-8g-bluetooth-gps-cell-phone-jammer\/\"]}]},{\"@type\":\"ImageObject\",\"inLanguage\":\"es\",\"@id\":\"https:\/\/www.jammersignal.com\/product\/2g-3g-4g-5g-wifi-6e-2-4g-5-8g-bluetooth-gps-cell-phone-jammer\/#primaryimage\",\"url\":\"https:\/\/www.jammersignal.com\/wp-content\/uploads\/2025\/01\/2g-3g-4g-5g-wifi-6e-2.4g-5.8g-bluetooth-gps-fm-radio-1.jpg\",\"contentUrl\":\"https:\/\/www.jammersignal.com\/wp-content\/uploads\/2025\/01\/2g-3g-4g-5g-wifi-6e-2.4g-5.8g-bluetooth-gps-fm-radio-1.jpg\",\"width\":1000,\"height\":1000,\"caption\":\"2g 3g 4g 5g wifi 6e 2.4g 5.8g bluetooth gps fm radio (1)\"},{\"@type\":\"BreadcrumbList\",\"@id\":\"https:\/\/www.jammersignal.com\/product\/2g-3g-4g-5g-wifi-6e-2-4g-5-8g-bluetooth-gps-cell-phone-jammer\/#breadcrumb\",\"itemListElement\":[{\"@type\":\"ListItem\",\"position\":1,\"name\":\"Home\",\"item\":\"https:\/\/www.jammersignal.com\/\"},{\"@type\":\"ListItem\",\"position\":2,\"name\":\"Shop\",\"item\":\"https:\/\/www.jammersignal.com\/shop\/\"},{\"@type\":\"ListItem\",\"position\":3,\"name\":\"Cell Phone Jammer\",\"item\":\"https:\/\/www.jammersignal.com\/product-category\/cell-phone-signal-jammer\/\"},{\"@type\":\"ListItem\",\"position\":4,\"name\":\"2G 3G 4G 5G WIFI 6E 2.4G 5.8G Bluetooth GPS FM Radio RC UHF VHF\/LOJACK LORA\/RC915 868 315 Cell Phone Jammer\"}]},{\"@type\":\"WebSite\",\"@id\":\"https:\/\/www.jammersignal.com\/#website\",\"url\":\"https:\/\/www.jammersignal.com\/\",\"name\":\"JAMMERSIGNAL\",\"description\":\"\",\"publisher\":{\"@id\":\"https:\/\/www.jammersignal.com\/#organization\"},\"potentialAction\":[{\"@type\":\"SearchAction\",\"target\":{\"@type\":\"EntryPoint\",\"urlTemplate\":\"https:\/\/www.jammersignal.com\/?s={search_term_string}\"},\"query-input\":{\"@type\":\"PropertyValueSpecification\",\"valueRequired\":true,\"valueName\":\"search_term_string\"}}],\"inLanguage\":\"es\"},{\"@type\":\"Organization\",\"@id\":\"https:\/\/www.jammersignal.com\/#organization\",\"name\":\"JAMMERSIGNAL\",\"url\":\"https:\/\/www.jammersignal.com\/\",\"logo\":{\"@type\":\"ImageObject\",\"inLanguage\":\"es\",\"@id\":\"https:\/\/www.jammersignal.com\/#\/schema\/logo\/image\/\",\"url\":\"https:\/\/www.jammersignal.com\/wp-content\/uploads\/2024\/05\/cropped-jammersignal-logo-4.png\",\"contentUrl\":\"https:\/\/www.jammersignal.com\/wp-content\/uploads\/2024\/05\/cropped-jammersignal-logo-4.png\",\"width\":104,\"height\":34,\"caption\":\"JAMMERSIGNAL\"},\"image\":{\"@id\":\"https:\/\/www.jammersignal.com\/#\/schema\/logo\/image\/\"}}]}<\/script>\n<!-- \/ Yoast SEO plugin. -->","yoast_head_json":{"title":"2G 3G 4G 5G WIFI 6E 2.4G 5.8G Bluetooth GPS FM Radio RC UHF VHF\/LOJACK LORA\/RC915 868 315 Cell Phone Jammer - JAMMERSIGNAL","description":"Primer Jammer Port\u00e1til de 28 Bandas del Mundo con 27 Antenas Dise\u00f1ado para Bloquear Radio FM &amp; Wi-Fi 6E &amp; Todas las Se\u00f1ales de RF GPS Wi-Fi 5G 4G 3G 2G LORA LOJACK Tel\u00e9fono M\u00f3vil. 28W de alta potencia de salida, 2-25 metros rango de interferencia (-75dBm, dependiendo de la intensidad de la se\u00f1al en un \u00e1rea determinada)","robots":{"index":"index","follow":"follow","max-snippet":"max-snippet:-1","max-image-preview":"max-image-preview:large","max-video-preview":"max-video-preview:-1"},"canonical":"https:\/\/www.jammersignal.com\/es\/producto\/2g-3g-4g-5g-wifi-6e-2-4g-5-8g-bluetooth-gps-cell-phone-jammer\/","og_locale":"es_ES","og_type":"article","og_title":"2G 3G 4G 5G WIFI 6E 2.4G 5.8G Bluetooth GPS FM Radio RC UHF VHF\/LOJACK LORA\/RC915 868 315 Cell Phone Jammer - JAMMERSIGNAL","og_description":"World's First 28 Band Portable Jammer with 27 Antennas Designed to Block FM Radio & Wi-Fi 6E & All RF GPS Wi-Fi 5G 4G 3G 2G LORA LOJACK Cell Phone Signals. 28W high output power, 2-25 meters interference range (-75dBm, depending on signal strength in a given area)","og_url":"https:\/\/www.jammersignal.com\/es\/producto\/2g-3g-4g-5g-wifi-6e-2-4g-5-8g-bluetooth-gps-cell-phone-jammer\/","og_site_name":"JAMMERSIGNAL","article_modified_time":"2026-01-31T10:27:01+00:00","og_image":[{"width":1000,"height":1000,"url":"https:\/\/www.jammersignal.com\/wp-content\/uploads\/2025\/01\/2g-3g-4g-5g-wifi-6e-2.4g-5.8g-bluetooth-gps-fm-radio-1.jpg","type":"image\/jpeg"}],"twitter_card":"summary_large_image","twitter_misc":{"Tiempo de lectura":"3 minutos"},"schema":{"@context":"https:\/\/schema.org","@graph":[{"@type":"WebPage","@id":"https:\/\/www.jammersignal.com\/product\/2g-3g-4g-5g-wifi-6e-2-4g-5-8g-bluetooth-gps-cell-phone-jammer\/","url":"https:\/\/www.jammersignal.com\/product\/2g-3g-4g-5g-wifi-6e-2-4g-5-8g-bluetooth-gps-cell-phone-jammer\/","name":"2G 3G 4G 5G WIFI 6E 2.4G 5.8G Bluetooth GPS FM Radio RC UHF VHF\/LOJACK LORA\/RC915 868 315 Cell Phone Jammer - JAMMERSIGNAL","isPartOf":{"@id":"https:\/\/www.jammersignal.com\/#website"},"primaryImageOfPage":{"@id":"https:\/\/www.jammersignal.com\/product\/2g-3g-4g-5g-wifi-6e-2-4g-5-8g-bluetooth-gps-cell-phone-jammer\/#primaryimage"},"image":{"@id":"https:\/\/www.jammersignal.com\/product\/2g-3g-4g-5g-wifi-6e-2-4g-5-8g-bluetooth-gps-cell-phone-jammer\/#primaryimage"},"thumbnailUrl":"https:\/\/www.jammersignal.com\/wp-content\/uploads\/2025\/01\/2g-3g-4g-5g-wifi-6e-2.4g-5.8g-bluetooth-gps-fm-radio-1.jpg","datePublished":"2025-01-08T00:33:41+00:00","dateModified":"2026-01-31T10:27:01+00:00","description":"Primer Jammer Port\u00e1til de 28 Bandas del Mundo con 27 Antenas Dise\u00f1ado para Bloquear Radio FM &amp; Wi-Fi 6E &amp; Todas las Se\u00f1ales de RF GPS Wi-Fi 5G 4G 3G 2G LORA LOJACK Tel\u00e9fono M\u00f3vil. 28W de alta potencia de salida, 2-25 metros rango de interferencia (-75dBm, dependiendo de la intensidad de la se\u00f1al en un \u00e1rea determinada)","breadcrumb":{"@id":"https:\/\/www.jammersignal.com\/product\/2g-3g-4g-5g-wifi-6e-2-4g-5-8g-bluetooth-gps-cell-phone-jammer\/#breadcrumb"},"inLanguage":"es","potentialAction":[{"@type":"ReadAction","target":["https:\/\/www.jammersignal.com\/product\/2g-3g-4g-5g-wifi-6e-2-4g-5-8g-bluetooth-gps-cell-phone-jammer\/"]}]},{"@type":"ImageObject","inLanguage":"es","@id":"https:\/\/www.jammersignal.com\/product\/2g-3g-4g-5g-wifi-6e-2-4g-5-8g-bluetooth-gps-cell-phone-jammer\/#primaryimage","url":"https:\/\/www.jammersignal.com\/wp-content\/uploads\/2025\/01\/2g-3g-4g-5g-wifi-6e-2.4g-5.8g-bluetooth-gps-fm-radio-1.jpg","contentUrl":"https:\/\/www.jammersignal.com\/wp-content\/uploads\/2025\/01\/2g-3g-4g-5g-wifi-6e-2.4g-5.8g-bluetooth-gps-fm-radio-1.jpg","width":1000,"height":1000,"caption":"2g 3g 4g 5g wifi 6e 2.4g 5.8g bluetooth gps fm radio (1)"},{"@type":"BreadcrumbList","@id":"https:\/\/www.jammersignal.com\/product\/2g-3g-4g-5g-wifi-6e-2-4g-5-8g-bluetooth-gps-cell-phone-jammer\/#breadcrumb","itemListElement":[{"@type":"ListItem","position":1,"name":"Home","item":"https:\/\/www.jammersignal.com\/"},{"@type":"ListItem","position":2,"name":"Shop","item":"https:\/\/www.jammersignal.com\/shop\/"},{"@type":"ListItem","position":3,"name":"Cell Phone Jammer","item":"https:\/\/www.jammersignal.com\/product-category\/cell-phone-signal-jammer\/"},{"@type":"ListItem","position":4,"name":"2G 3G 4G 5G WIFI 6E 2.4G 5.8G Bluetooth GPS FM Radio RC UHF VHF\/LOJACK LORA\/RC915 868 315 Cell Phone Jammer"}]},{"@type":"WebSite","@id":"https:\/\/www.jammersignal.com\/#website","url":"https:\/\/www.jammersignal.com\/","name":"JAMMERSIGNAL","description":"","publisher":{"@id":"https:\/\/www.jammersignal.com\/#organization"},"potentialAction":[{"@type":"SearchAction","target":{"@type":"EntryPoint","urlTemplate":"https:\/\/www.jammersignal.com\/?s={search_term_string}"},"query-input":{"@type":"PropertyValueSpecification","valueRequired":true,"valueName":"search_term_string"}}],"inLanguage":"es"},{"@type":"Organization","@id":"https:\/\/www.jammersignal.com\/#organization","name":"JAMMERSIGNAL","url":"https:\/\/www.jammersignal.com\/","logo":{"@type":"ImageObject","inLanguage":"es","@id":"https:\/\/www.jammersignal.com\/#\/schema\/logo\/image\/","url":"https:\/\/www.jammersignal.com\/wp-content\/uploads\/2024\/05\/cropped-jammersignal-logo-4.png","contentUrl":"https:\/\/www.jammersignal.com\/wp-content\/uploads\/2024\/05\/cropped-jammersignal-logo-4.png","width":104,"height":34,"caption":"JAMMERSIGNAL"},"image":{"@id":"https:\/\/www.jammersignal.com\/#\/schema\/logo\/image\/"}}]}},"_links":{"self":[{"href":"https:\/\/www.jammersignal.com\/es\/wp-json\/wp\/v2\/product\/4008","targetHints":{"allow":["GET"]}}],"collection":[{"href":"https:\/\/www.jammersignal.com\/es\/wp-json\/wp\/v2\/product"}],"about":[{"href":"https:\/\/www.jammersignal.com\/es\/wp-json\/wp\/v2\/types\/product"}],"replies":[{"embeddable":true,"href":"https:\/\/www.jammersignal.com\/es\/wp-json\/wp\/v2\/comments?post=4008"}],"version-history":[{"count":20,"href":"https:\/\/www.jammersignal.com\/es\/wp-json\/wp\/v2\/product\/4008\/revisions"}],"predecessor-version":[{"id":4046,"href":"https:\/\/www.jammersignal.com\/es\/wp-json\/wp\/v2\/product\/4008\/revisions\/4046"}],"wp:featuredmedia":[{"embeddable":true,"href":"https:\/\/www.jammersignal.com\/es\/wp-json\/wp\/v2\/media\/4009"}],"wp:attachment":[{"href":"https:\/\/www.jammersignal.com\/es\/wp-json\/wp\/v2\/media?parent=4008"}],"wp:term":[{"taxonomy":"product_brand","embeddable":true,"href":"https:\/\/www.jammersignal.com\/es\/wp-json\/wp\/v2\/product_brand?post=4008"},{"taxonomy":"product_cat","embeddable":true,"href":"https:\/\/www.jammersignal.com\/es\/wp-json\/wp\/v2\/product_cat?post=4008"},{"taxonomy":"product_tag","embeddable":true,"href":"https:\/\/www.jammersignal.com\/es\/wp-json\/wp\/v2\/product_tag?post=4008"}],"curies":[{"name":"wp","href":"https:\/\/api.w.org\/{rel}","templated":true}]}}