{"id":3328,"date":"2024-07-03T09:05:32","date_gmt":"2024-07-03T09:05:32","guid":{"rendered":"https:\/\/www.jammersignal.com\/?page_id=3328"},"modified":"2024-07-03T09:05:34","modified_gmt":"2024-07-03T09:05:34","slug":"shipping-guide","status":"publish","type":"page","link":"https:\/\/www.jammersignal.com\/fr\/shipping-guide\/","title":{"rendered":"Guide d'exp\u00e9dition"},"content":{"rendered":"<h3 class=\"wp-block-heading\">Guide d'exp\u00e9dition<\/h3>\n\n\n\n<p>Lorsque vous passez une commande, vous pouvez choisir un mode d'exp\u00e9dition en fonction de vos besoins.<\/p>\n\n\n\n<ol class=\"wp-block-list\">\n<li>Si vous choisissez l'exp\u00e9dition gratuite, veuillez attendre 7 \u00e0 10 jours ouvrables. Nous vous enverrons un num\u00e9ro de suivi pour l'exp\u00e9dition.<\/li>\n\n\n\n<li>Si vous choisissez l'exp\u00e9dition acc\u00e9l\u00e9r\u00e9e, veuillez attendre 4 \u00e0 7 jours ouvrables. Nous vous enverrons un num\u00e9ro de suivi pour l'exp\u00e9dition.<\/li>\n<\/ol>\n\n\n\n<h3 class=\"wp-block-heading\">Pr\u00e9cautions :<\/h3>\n\n\n\n<ol class=\"wp-block-list\">\n<li>Le d\u00e9lai de livraison varie en fonction du lieu<\/li>\n\n\n\n<li>Le d\u00e9douanement peut retarder l'arriv\u00e9e des articles<\/li>\n\n\n\n<li>Nous exp\u00e9dions dans les 24 heures suivant l'acceptation de votre commande et de votre paiement.<\/li>\n<\/ol>\n\n\n\n<h3 class=\"wp-block-heading\">S\u00e9curit\u00e9 des transports<\/h3>\n\n\n\n<p>Vous pouvez suivre votre commande en ligne et l'assurer avec l'assurance standard du transporteur que vous avez choisi. Une fois la commande livr\u00e9e, nous vous enverrons un num\u00e9ro de suivi. Si les marchandises sont perdues, endommag\u00e9es ou livr\u00e9es de mani\u00e8re incorrecte, vous devez en informer imm\u00e9diatement le transporteur. Vous pouvez \u00e9galement nous contacter. Nous examinerons la question et vous aiderons \u00e0 introduire une \u00e9ventuelle demande d'indemnisation aupr\u00e8s de l'assurance. Il se peut donc que vous deviez nous fournir des photos ou des documents pertinents \u00e0 titre de preuve. Nous envisagerons \u00e9galement de vous r\u00e9exp\u00e9dier ou de vous rembourser en fonction des circonstances.<\/p>","protected":false},"excerpt":{"rendered":"<p>Guide d'exp\u00e9dition Lorsque vous passez une commande, vous pouvez choisir un mode d'exp\u00e9dition en fonction de vos besoins. Pr\u00e9cautions \u00e0 prendre : S\u00e9curit\u00e9 du transport Vous pouvez suivre votre commande en ligne et l'assurer avec l'assurance standard du transporteur que vous avez choisi. Une fois la commande livr\u00e9e, nous vous enverrons un num\u00e9ro de suivi. En cas de perte de la marchandise, [...]<\/p>","protected":false},"author":1,"featured_media":0,"parent":0,"menu_order":6,"comment_status":"closed","ping_status":"closed","template":"","meta":{"site-sidebar-layout":"right-sidebar","site-content-layout":"","ast-site-content-layout":"default","site-content-style":"default","site-sidebar-style":"default","ast-global-header-display":"","ast-banner-title-visibility":"","ast-main-header-display":"","ast-hfb-above-header-display":"","ast-hfb-below-header-display":"","ast-hfb-mobile-header-display":"","site-post-title":"","ast-breadcrumbs-content":"","ast-featured-img":"","footer-sml-layout":"","theme-transparent-header-meta":"","adv-header-id-meta":"","stick-header-meta":"","header-above-stick-meta":"","header-main-stick-meta":"","header-below-stick-meta":"","astra-migrate-meta-layouts":"set","ast-page-background-enabled":"default","ast-page-background-meta":{"desktop":{"background-color":"var(--ast-global-color-4)","background-image":"","background-repeat":"repeat","background-position":"center center","background-size":"auto","background-attachment":"scroll","background-type":"","background-media":"","overlay-type":"","overlay-color":"","overlay-gradient":""},"tablet":{"background-color":"","background-image":"","background-repeat":"repeat","background-position":"center center","background-size":"auto","background-attachment":"scroll","background-type":"","background-media":"","overlay-type":"","overlay-color":"","overlay-gradient":""},"mobile":{"background-color":"","background-image":"","background-repeat":"repeat","background-position":"center center","background-size":"auto","background-attachment":"scroll","background-type":"","background-media":"","overlay-type":"","overlay-color":"","overlay-gradient":""}},"ast-content-background-meta":{"desktop":{"background-color":"var(--ast-global-color-5)","background-image":"","background-repeat":"repeat","background-position":"center center","background-size":"auto","background-attachment":"scroll","background-type":"","background-media":"","overlay-type":"","overlay-color":"","overlay-gradient":""},"tablet":{"background-color":"var(--ast-global-color-5)","background-image":"","background-repeat":"repeat","background-position":"center center","background-size":"auto","background-attachment":"scroll","background-type":"","background-media":"","overlay-type":"","overlay-color":"","overlay-gradient":""},"mobile":{"background-color":"var(--ast-global-color-5)","background-image":"","background-repeat":"repeat","background-position":"center center","background-size":"auto","background-attachment":"scroll","background-type":"","background-media":"","overlay-type":"","overlay-color":"","overlay-gradient":""}},"footnotes":""},"class_list":["post-3328","page","type-page","status-publish","hentry"],"yoast_head":"<!-- This site is optimized with the Yoast SEO plugin v23.9 - https:\/\/yoast.com\/wordpress\/plugins\/seo\/ -->\n<title>Shipping Guide - JAMMERSIGNAL<\/title>\n<meta name=\"description\" content=\"If you choose free shipping, please wait 7-10 business days. We will send you a tracking number for shipping tracking.\" \/>\n<meta name=\"robots\" content=\"index, follow, max-snippet:-1, max-image-preview:large, max-video-preview:-1\" \/>\n<link rel=\"canonical\" href=\"https:\/\/www.jammersignal.com\/fr\/shipping-guide\/\" \/>\n<meta property=\"og:locale\" content=\"fr_FR\" \/>\n<meta property=\"og:type\" content=\"article\" \/>\n<meta property=\"og:title\" content=\"Shipping Guide - JAMMERSIGNAL\" \/>\n<meta property=\"og:description\" content=\"If you choose free shipping, please wait 7-10 business days. We will send you a tracking number for shipping tracking.\" \/>\n<meta property=\"og:url\" content=\"https:\/\/www.jammersignal.com\/fr\/shipping-guide\/\" \/>\n<meta property=\"og:site_name\" content=\"JAMMERSIGNAL\" \/>\n<meta property=\"article:modified_time\" content=\"2024-07-03T09:05:34+00:00\" \/>\n<meta name=\"twitter:card\" content=\"summary_large_image\" \/>\n<meta name=\"twitter:label1\" content=\"Dur\u00e9e de lecture estim\u00e9e\" \/>\n\t<meta name=\"twitter:data1\" content=\"1 minute\" \/>\n<script type=\"application\/ld+json\" class=\"yoast-schema-graph\">{\"@context\":\"https:\/\/schema.org\",\"@graph\":[{\"@type\":\"WebPage\",\"@id\":\"https:\/\/www.jammersignal.com\/shipping-guide\/\",\"url\":\"https:\/\/www.jammersignal.com\/shipping-guide\/\",\"name\":\"Shipping Guide - JAMMERSIGNAL\",\"isPartOf\":{\"@id\":\"https:\/\/www.jammersignal.com\/#website\"},\"datePublished\":\"2024-07-03T09:05:32+00:00\",\"dateModified\":\"2024-07-03T09:05:34+00:00\",\"description\":\"If you choose free shipping, please wait 7-10 business days. We will send you a tracking number for shipping tracking.\",\"breadcrumb\":{\"@id\":\"https:\/\/www.jammersignal.com\/shipping-guide\/#breadcrumb\"},\"inLanguage\":\"fr-FR\",\"potentialAction\":[{\"@type\":\"ReadAction\",\"target\":[\"https:\/\/www.jammersignal.com\/shipping-guide\/\"]}]},{\"@type\":\"BreadcrumbList\",\"@id\":\"https:\/\/www.jammersignal.com\/shipping-guide\/#breadcrumb\",\"itemListElement\":[{\"@type\":\"ListItem\",\"position\":1,\"name\":\"Home\",\"item\":\"https:\/\/www.jammersignal.com\/\"},{\"@type\":\"ListItem\",\"position\":2,\"name\":\"Shipping Guide\"}]},{\"@type\":\"WebSite\",\"@id\":\"https:\/\/www.jammersignal.com\/#website\",\"url\":\"https:\/\/www.jammersignal.com\/\",\"name\":\"JAMMERSIGNAL\",\"description\":\"\",\"publisher\":{\"@id\":\"https:\/\/www.jammersignal.com\/#organization\"},\"potentialAction\":[{\"@type\":\"SearchAction\",\"target\":{\"@type\":\"EntryPoint\",\"urlTemplate\":\"https:\/\/www.jammersignal.com\/?s={search_term_string}\"},\"query-input\":{\"@type\":\"PropertyValueSpecification\",\"valueRequired\":true,\"valueName\":\"search_term_string\"}}],\"inLanguage\":\"fr-FR\"},{\"@type\":\"Organization\",\"@id\":\"https:\/\/www.jammersignal.com\/#organization\",\"name\":\"JAMMERSIGNAL\",\"url\":\"https:\/\/www.jammersignal.com\/\",\"logo\":{\"@type\":\"ImageObject\",\"inLanguage\":\"fr-FR\",\"@id\":\"https:\/\/www.jammersignal.com\/#\/schema\/logo\/image\/\",\"url\":\"https:\/\/www.jammersignal.com\/wp-content\/uploads\/2024\/05\/cropped-jammersignal-logo-4.png\",\"contentUrl\":\"https:\/\/www.jammersignal.com\/wp-content\/uploads\/2024\/05\/cropped-jammersignal-logo-4.png\",\"width\":104,\"height\":34,\"caption\":\"JAMMERSIGNAL\"},\"image\":{\"@id\":\"https:\/\/www.jammersignal.com\/#\/schema\/logo\/image\/\"}}]}<\/script>\n<!-- \/ Yoast SEO plugin. -->","yoast_head_json":{"title":"Guide d'exp\u00e9dition - JAMMERSIGNAL","description":"Si vous choisissez l'exp\u00e9dition gratuite, veuillez attendre 7 \u00e0 10 jours ouvrables. Nous vous enverrons un num\u00e9ro de suivi pour l'exp\u00e9dition.","robots":{"index":"index","follow":"follow","max-snippet":"max-snippet:-1","max-image-preview":"max-image-preview:large","max-video-preview":"max-video-preview:-1"},"canonical":"https:\/\/www.jammersignal.com\/fr\/shipping-guide\/","og_locale":"fr_FR","og_type":"article","og_title":"Shipping Guide - JAMMERSIGNAL","og_description":"If you choose free shipping, please wait 7-10 business days. We will send you a tracking number for shipping tracking.","og_url":"https:\/\/www.jammersignal.com\/fr\/shipping-guide\/","og_site_name":"JAMMERSIGNAL","article_modified_time":"2024-07-03T09:05:34+00:00","twitter_card":"summary_large_image","twitter_misc":{"Dur\u00e9e de lecture estim\u00e9e":"1 minute"},"schema":{"@context":"https:\/\/schema.org","@graph":[{"@type":"WebPage","@id":"https:\/\/www.jammersignal.com\/shipping-guide\/","url":"https:\/\/www.jammersignal.com\/shipping-guide\/","name":"Guide d'exp\u00e9dition - JAMMERSIGNAL","isPartOf":{"@id":"https:\/\/www.jammersignal.com\/#website"},"datePublished":"2024-07-03T09:05:32+00:00","dateModified":"2024-07-03T09:05:34+00:00","description":"Si vous choisissez l'exp\u00e9dition gratuite, veuillez attendre 7 \u00e0 10 jours ouvrables. Nous vous enverrons un num\u00e9ro de suivi pour l'exp\u00e9dition.","breadcrumb":{"@id":"https:\/\/www.jammersignal.com\/shipping-guide\/#breadcrumb"},"inLanguage":"fr-FR","potentialAction":[{"@type":"ReadAction","target":["https:\/\/www.jammersignal.com\/shipping-guide\/"]}]},{"@type":"BreadcrumbList","@id":"https:\/\/www.jammersignal.com\/shipping-guide\/#breadcrumb","itemListElement":[{"@type":"ListItem","position":1,"name":"Home","item":"https:\/\/www.jammersignal.com\/"},{"@type":"ListItem","position":2,"name":"Shipping Guide"}]},{"@type":"WebSite","@id":"https:\/\/www.jammersignal.com\/#website","url":"https:\/\/www.jammersignal.com\/","name":"JAMMERSIGNAL","description":"","publisher":{"@id":"https:\/\/www.jammersignal.com\/#organization"},"potentialAction":[{"@type":"SearchAction","target":{"@type":"EntryPoint","urlTemplate":"https:\/\/www.jammersignal.com\/?s={search_term_string}"},"query-input":{"@type":"PropertyValueSpecification","valueRequired":true,"valueName":"search_term_string"}}],"inLanguage":"fr-FR"},{"@type":"Organization","@id":"https:\/\/www.jammersignal.com\/#organization","name":"JAMMERSIGNAL","url":"https:\/\/www.jammersignal.com\/","logo":{"@type":"ImageObject","inLanguage":"fr-FR","@id":"https:\/\/www.jammersignal.com\/#\/schema\/logo\/image\/","url":"https:\/\/www.jammersignal.com\/wp-content\/uploads\/2024\/05\/cropped-jammersignal-logo-4.png","contentUrl":"https:\/\/www.jammersignal.com\/wp-content\/uploads\/2024\/05\/cropped-jammersignal-logo-4.png","width":104,"height":34,"caption":"JAMMERSIGNAL"},"image":{"@id":"https:\/\/www.jammersignal.com\/#\/schema\/logo\/image\/"}}]}},"_links":{"self":[{"href":"https:\/\/www.jammersignal.com\/fr\/wp-json\/wp\/v2\/pages\/3328","targetHints":{"allow":["GET"]}}],"collection":[{"href":"https:\/\/www.jammersignal.com\/fr\/wp-json\/wp\/v2\/pages"}],"about":[{"href":"https:\/\/www.jammersignal.com\/fr\/wp-json\/wp\/v2\/types\/page"}],"author":[{"embeddable":true,"href":"https:\/\/www.jammersignal.com\/fr\/wp-json\/wp\/v2\/users\/1"}],"replies":[{"embeddable":true,"href":"https:\/\/www.jammersignal.com\/fr\/wp-json\/wp\/v2\/comments?post=3328"}],"version-history":[{"count":1,"href":"https:\/\/www.jammersignal.com\/fr\/wp-json\/wp\/v2\/pages\/3328\/revisions"}],"predecessor-version":[{"id":3331,"href":"https:\/\/www.jammersignal.com\/fr\/wp-json\/wp\/v2\/pages\/3328\/revisions\/3331"}],"wp:attachment":[{"href":"https:\/\/www.jammersignal.com\/fr\/wp-json\/wp\/v2\/media?parent=3328"}],"curies":[{"name":"wp","href":"https:\/\/api.w.org\/{rel}","templated":true}]}}