{"id":3329,"date":"2024-07-03T09:07:45","date_gmt":"2024-07-03T09:07:45","guid":{"rendered":"https:\/\/www.jammersignal.com\/?page_id=3329"},"modified":"2024-07-03T09:08:39","modified_gmt":"2024-07-03T09:08:39","slug":"reasons-to-choose-us","status":"publish","type":"page","link":"https:\/\/www.jammersignal.com\/fr\/reasons-to-choose-us\/","title":{"rendered":"Les raisons de nous choisir"},"content":{"rendered":"<p>*<a href=\"https:\/\/www.jammersignal.com\/fr\/\">Brouilleur de signaux de haute qualit\u00e9<\/a>. JAMMERSIGNAL vous offre toujours un service et un prix excellents (par rapport \u00e0 d'autres sites). Bien entendu, la qualit\u00e9 de nos produits est irr\u00e9prochable.<\/p>\n\n\n\n<p>*<a href=\"https:\/\/www.jammersignal.com\/fr\/contact\/\">R\u00e9ponse rapide<\/a>. Nous r\u00e9pondrons \u00e0 chaque e-mail dans les 24 heures et r\u00e9soudrons vos probl\u00e8mes en temps r\u00e9el.<\/p>\n\n\n\n<p>*<a href=\"https:\/\/www.jammersignal.com\/fr\/shipping-guide\/\">Livraison rapide<\/a>Vous recevrez nos produits dans les 7 \u00e0 10 jours suivant l'envoi, et nous exp\u00e9dions gratuitement.<\/p>\n\n\n\n<p>*<a href=\"https:\/\/www.jammersignal.com\/fr\/refund-returns\/\">Un bon service \u00e0 la client\u00e8le<\/a>. Nous offrons une garantie d'un an pour les produits achet\u00e9s (les frais d'exp\u00e9dition et d'accessoires sont \u00e0 la charge des clients) et assurons le service apr\u00e8s-vente.<\/p>","protected":false},"excerpt":{"rendered":"<p>*Brouilleur de signal de haute qualit\u00e9. JAMMERSIGNAL vous fournit toujours un service et un prix excellents (par rapport \u00e0 d'autres sites web). Bien entendu, la qualit\u00e9 de nos produits est irr\u00e9prochable. *R\u00e9ponse rapide. Nous r\u00e9pondons \u00e0 chaque email dans les 24 heures et r\u00e9solvons vos probl\u00e8mes en temps r\u00e9el. *La livraison rapide, vous recevrez nos produits dans les 7-10 jours apr\u00e8s l'exp\u00e9dition, [...]<\/p>","protected":false},"author":1,"featured_media":1756,"parent":0,"menu_order":5,"comment_status":"closed","ping_status":"closed","template":"","meta":{"site-sidebar-layout":"right-sidebar","site-content-layout":"","ast-site-content-layout":"default","site-content-style":"default","site-sidebar-style":"default","ast-global-header-display":"","ast-banner-title-visibility":"","ast-main-header-display":"","ast-hfb-above-header-display":"","ast-hfb-below-header-display":"","ast-hfb-mobile-header-display":"","site-post-title":"","ast-breadcrumbs-content":"","ast-featured-img":"","footer-sml-layout":"","theme-transparent-header-meta":"","adv-header-id-meta":"","stick-header-meta":"","header-above-stick-meta":"","header-main-stick-meta":"","header-below-stick-meta":"","astra-migrate-meta-layouts":"set","ast-page-background-enabled":"default","ast-page-background-meta":{"desktop":{"background-color":"var(--ast-global-color-4)","background-image":"","background-repeat":"repeat","background-position":"center center","background-size":"auto","background-attachment":"scroll","background-type":"","background-media":"","overlay-type":"","overlay-color":"","overlay-gradient":""},"tablet":{"background-color":"","background-image":"","background-repeat":"repeat","background-position":"center center","background-size":"auto","background-attachment":"scroll","background-type":"","background-media":"","overlay-type":"","overlay-color":"","overlay-gradient":""},"mobile":{"background-color":"","background-image":"","background-repeat":"repeat","background-position":"center center","background-size":"auto","background-attachment":"scroll","background-type":"","background-media":"","overlay-type":"","overlay-color":"","overlay-gradient":""}},"ast-content-background-meta":{"desktop":{"background-color":"var(--ast-global-color-5)","background-image":"","background-repeat":"repeat","background-position":"center center","background-size":"auto","background-attachment":"scroll","background-type":"","background-media":"","overlay-type":"","overlay-color":"","overlay-gradient":""},"tablet":{"background-color":"var(--ast-global-color-5)","background-image":"","background-repeat":"repeat","background-position":"center center","background-size":"auto","background-attachment":"scroll","background-type":"","background-media":"","overlay-type":"","overlay-color":"","overlay-gradient":""},"mobile":{"background-color":"var(--ast-global-color-5)","background-image":"","background-repeat":"repeat","background-position":"center center","background-size":"auto","background-attachment":"scroll","background-type":"","background-media":"","overlay-type":"","overlay-color":"","overlay-gradient":""}},"footnotes":""},"class_list":["post-3329","page","type-page","status-publish","has-post-thumbnail","hentry"],"yoast_head":"<!-- This site is optimized with the Yoast SEO plugin v23.9 - https:\/\/yoast.com\/wordpress\/plugins\/seo\/ -->\n<title>Reasons to choose us - JAMMERSIGNAL<\/title>\n<meta name=\"description\" content=\"High quality signal jammer. JAMMERSIGNAL always provides you with excellent service and price (compared with other websites). Of course, the quality of our products is impeccable.\" \/>\n<meta name=\"robots\" content=\"index, follow, max-snippet:-1, max-image-preview:large, max-video-preview:-1\" \/>\n<link rel=\"canonical\" href=\"https:\/\/www.jammersignal.com\/fr\/reasons-to-choose-us\/\" \/>\n<meta property=\"og:locale\" content=\"fr_FR\" \/>\n<meta property=\"og:type\" content=\"article\" \/>\n<meta property=\"og:title\" content=\"Reasons to choose us - JAMMERSIGNAL\" \/>\n<meta property=\"og:description\" content=\"High quality signal jammer. JAMMERSIGNAL always provides you with excellent service and price (compared with other websites). Of course, the quality of our products is impeccable.\" \/>\n<meta property=\"og:url\" content=\"https:\/\/www.jammersignal.com\/fr\/reasons-to-choose-us\/\" \/>\n<meta property=\"og:site_name\" content=\"JAMMERSIGNAL\" \/>\n<meta property=\"article:modified_time\" content=\"2024-07-03T09:08:39+00:00\" \/>\n<meta property=\"og:image\" content=\"https:\/\/www.jammersignal.com\/wp-content\/uploads\/2024\/05\/high-performance-jammersignal-3g-gsm-dcs-jammers-2.png\" \/>\n\t<meta property=\"og:image:width\" content=\"430\" \/>\n\t<meta property=\"og:image:height\" content=\"430\" \/>\n\t<meta property=\"og:image:type\" content=\"image\/png\" \/>\n<meta name=\"twitter:card\" content=\"summary_large_image\" \/>\n<meta name=\"twitter:label1\" content=\"Dur\u00e9e de lecture estim\u00e9e\" \/>\n\t<meta name=\"twitter:data1\" content=\"1 minute\" \/>\n<script type=\"application\/ld+json\" class=\"yoast-schema-graph\">{\"@context\":\"https:\/\/schema.org\",\"@graph\":[{\"@type\":\"WebPage\",\"@id\":\"https:\/\/www.jammersignal.com\/reasons-to-choose-us\/\",\"url\":\"https:\/\/www.jammersignal.com\/reasons-to-choose-us\/\",\"name\":\"Reasons to choose us - JAMMERSIGNAL\",\"isPartOf\":{\"@id\":\"https:\/\/www.jammersignal.com\/#website\"},\"primaryImageOfPage\":{\"@id\":\"https:\/\/www.jammersignal.com\/reasons-to-choose-us\/#primaryimage\"},\"image\":{\"@id\":\"https:\/\/www.jammersignal.com\/reasons-to-choose-us\/#primaryimage\"},\"thumbnailUrl\":\"https:\/\/www.jammersignal.com\/wp-content\/uploads\/2024\/05\/high-performance-jammersignal-3g-gsm-dcs-jammers-2.png\",\"datePublished\":\"2024-07-03T09:07:45+00:00\",\"dateModified\":\"2024-07-03T09:08:39+00:00\",\"description\":\"High quality signal jammer. JAMMERSIGNAL always provides you with excellent service and price (compared with other websites). Of course, the quality of our products is impeccable.\",\"breadcrumb\":{\"@id\":\"https:\/\/www.jammersignal.com\/reasons-to-choose-us\/#breadcrumb\"},\"inLanguage\":\"fr-FR\",\"potentialAction\":[{\"@type\":\"ReadAction\",\"target\":[\"https:\/\/www.jammersignal.com\/reasons-to-choose-us\/\"]}]},{\"@type\":\"ImageObject\",\"inLanguage\":\"fr-FR\",\"@id\":\"https:\/\/www.jammersignal.com\/reasons-to-choose-us\/#primaryimage\",\"url\":\"https:\/\/www.jammersignal.com\/wp-content\/uploads\/2024\/05\/high-performance-jammersignal-3g-gsm-dcs-jammers-2.png\",\"contentUrl\":\"https:\/\/www.jammersignal.com\/wp-content\/uploads\/2024\/05\/high-performance-jammersignal-3g-gsm-dcs-jammers-2.png\",\"width\":430,\"height\":430,\"caption\":\"high performance jammersignal 3g gsm dcs jammers (2)\"},{\"@type\":\"BreadcrumbList\",\"@id\":\"https:\/\/www.jammersignal.com\/reasons-to-choose-us\/#breadcrumb\",\"itemListElement\":[{\"@type\":\"ListItem\",\"position\":1,\"name\":\"Home\",\"item\":\"https:\/\/www.jammersignal.com\/\"},{\"@type\":\"ListItem\",\"position\":2,\"name\":\"Reasons to choose us\"}]},{\"@type\":\"WebSite\",\"@id\":\"https:\/\/www.jammersignal.com\/#website\",\"url\":\"https:\/\/www.jammersignal.com\/\",\"name\":\"JAMMERSIGNAL\",\"description\":\"\",\"publisher\":{\"@id\":\"https:\/\/www.jammersignal.com\/#organization\"},\"potentialAction\":[{\"@type\":\"SearchAction\",\"target\":{\"@type\":\"EntryPoint\",\"urlTemplate\":\"https:\/\/www.jammersignal.com\/?s={search_term_string}\"},\"query-input\":{\"@type\":\"PropertyValueSpecification\",\"valueRequired\":true,\"valueName\":\"search_term_string\"}}],\"inLanguage\":\"fr-FR\"},{\"@type\":\"Organization\",\"@id\":\"https:\/\/www.jammersignal.com\/#organization\",\"name\":\"JAMMERSIGNAL\",\"url\":\"https:\/\/www.jammersignal.com\/\",\"logo\":{\"@type\":\"ImageObject\",\"inLanguage\":\"fr-FR\",\"@id\":\"https:\/\/www.jammersignal.com\/#\/schema\/logo\/image\/\",\"url\":\"https:\/\/www.jammersignal.com\/wp-content\/uploads\/2024\/05\/cropped-jammersignal-logo-4.png\",\"contentUrl\":\"https:\/\/www.jammersignal.com\/wp-content\/uploads\/2024\/05\/cropped-jammersignal-logo-4.png\",\"width\":104,\"height\":34,\"caption\":\"JAMMERSIGNAL\"},\"image\":{\"@id\":\"https:\/\/www.jammersignal.com\/#\/schema\/logo\/image\/\"}}]}<\/script>\n<!-- \/ Yoast SEO plugin. -->","yoast_head_json":{"title":"Les raisons de nous choisir - JAMMERSIGNAL","description":"Brouilleur de signal de haute qualit\u00e9. JAMMERSIGNAL vous fournit toujours un service et un prix excellents (par rapport \u00e0 d'autres sites web). Bien entendu, la qualit\u00e9 de nos produits est irr\u00e9prochable.","robots":{"index":"index","follow":"follow","max-snippet":"max-snippet:-1","max-image-preview":"max-image-preview:large","max-video-preview":"max-video-preview:-1"},"canonical":"https:\/\/www.jammersignal.com\/fr\/reasons-to-choose-us\/","og_locale":"fr_FR","og_type":"article","og_title":"Reasons to choose us - JAMMERSIGNAL","og_description":"High quality signal jammer. JAMMERSIGNAL always provides you with excellent service and price (compared with other websites). Of course, the quality of our products is impeccable.","og_url":"https:\/\/www.jammersignal.com\/fr\/reasons-to-choose-us\/","og_site_name":"JAMMERSIGNAL","article_modified_time":"2024-07-03T09:08:39+00:00","og_image":[{"width":430,"height":430,"url":"https:\/\/www.jammersignal.com\/wp-content\/uploads\/2024\/05\/high-performance-jammersignal-3g-gsm-dcs-jammers-2.png","type":"image\/png"}],"twitter_card":"summary_large_image","twitter_misc":{"Dur\u00e9e de lecture estim\u00e9e":"1 minute"},"schema":{"@context":"https:\/\/schema.org","@graph":[{"@type":"WebPage","@id":"https:\/\/www.jammersignal.com\/reasons-to-choose-us\/","url":"https:\/\/www.jammersignal.com\/reasons-to-choose-us\/","name":"Les raisons de nous choisir - JAMMERSIGNAL","isPartOf":{"@id":"https:\/\/www.jammersignal.com\/#website"},"primaryImageOfPage":{"@id":"https:\/\/www.jammersignal.com\/reasons-to-choose-us\/#primaryimage"},"image":{"@id":"https:\/\/www.jammersignal.com\/reasons-to-choose-us\/#primaryimage"},"thumbnailUrl":"https:\/\/www.jammersignal.com\/wp-content\/uploads\/2024\/05\/high-performance-jammersignal-3g-gsm-dcs-jammers-2.png","datePublished":"2024-07-03T09:07:45+00:00","dateModified":"2024-07-03T09:08:39+00:00","description":"Brouilleur de signal de haute qualit\u00e9. JAMMERSIGNAL vous fournit toujours un service et un prix excellents (par rapport \u00e0 d'autres sites web). Bien entendu, la qualit\u00e9 de nos produits est irr\u00e9prochable.","breadcrumb":{"@id":"https:\/\/www.jammersignal.com\/reasons-to-choose-us\/#breadcrumb"},"inLanguage":"fr-FR","potentialAction":[{"@type":"ReadAction","target":["https:\/\/www.jammersignal.com\/reasons-to-choose-us\/"]}]},{"@type":"ImageObject","inLanguage":"fr-FR","@id":"https:\/\/www.jammersignal.com\/reasons-to-choose-us\/#primaryimage","url":"https:\/\/www.jammersignal.com\/wp-content\/uploads\/2024\/05\/high-performance-jammersignal-3g-gsm-dcs-jammers-2.png","contentUrl":"https:\/\/www.jammersignal.com\/wp-content\/uploads\/2024\/05\/high-performance-jammersignal-3g-gsm-dcs-jammers-2.png","width":430,"height":430,"caption":"high performance jammersignal 3g gsm dcs jammers (2)"},{"@type":"BreadcrumbList","@id":"https:\/\/www.jammersignal.com\/reasons-to-choose-us\/#breadcrumb","itemListElement":[{"@type":"ListItem","position":1,"name":"Home","item":"https:\/\/www.jammersignal.com\/"},{"@type":"ListItem","position":2,"name":"Reasons to choose us"}]},{"@type":"WebSite","@id":"https:\/\/www.jammersignal.com\/#website","url":"https:\/\/www.jammersignal.com\/","name":"JAMMERSIGNAL","description":"","publisher":{"@id":"https:\/\/www.jammersignal.com\/#organization"},"potentialAction":[{"@type":"SearchAction","target":{"@type":"EntryPoint","urlTemplate":"https:\/\/www.jammersignal.com\/?s={search_term_string}"},"query-input":{"@type":"PropertyValueSpecification","valueRequired":true,"valueName":"search_term_string"}}],"inLanguage":"fr-FR"},{"@type":"Organization","@id":"https:\/\/www.jammersignal.com\/#organization","name":"JAMMERSIGNAL","url":"https:\/\/www.jammersignal.com\/","logo":{"@type":"ImageObject","inLanguage":"fr-FR","@id":"https:\/\/www.jammersignal.com\/#\/schema\/logo\/image\/","url":"https:\/\/www.jammersignal.com\/wp-content\/uploads\/2024\/05\/cropped-jammersignal-logo-4.png","contentUrl":"https:\/\/www.jammersignal.com\/wp-content\/uploads\/2024\/05\/cropped-jammersignal-logo-4.png","width":104,"height":34,"caption":"JAMMERSIGNAL"},"image":{"@id":"https:\/\/www.jammersignal.com\/#\/schema\/logo\/image\/"}}]}},"_links":{"self":[{"href":"https:\/\/www.jammersignal.com\/fr\/wp-json\/wp\/v2\/pages\/3329","targetHints":{"allow":["GET"]}}],"collection":[{"href":"https:\/\/www.jammersignal.com\/fr\/wp-json\/wp\/v2\/pages"}],"about":[{"href":"https:\/\/www.jammersignal.com\/fr\/wp-json\/wp\/v2\/types\/page"}],"author":[{"embeddable":true,"href":"https:\/\/www.jammersignal.com\/fr\/wp-json\/wp\/v2\/users\/1"}],"replies":[{"embeddable":true,"href":"https:\/\/www.jammersignal.com\/fr\/wp-json\/wp\/v2\/comments?post=3329"}],"version-history":[{"count":2,"href":"https:\/\/www.jammersignal.com\/fr\/wp-json\/wp\/v2\/pages\/3329\/revisions"}],"predecessor-version":[{"id":3333,"href":"https:\/\/www.jammersignal.com\/fr\/wp-json\/wp\/v2\/pages\/3329\/revisions\/3333"}],"wp:featuredmedia":[{"embeddable":true,"href":"https:\/\/www.jammersignal.com\/fr\/wp-json\/wp\/v2\/media\/1756"}],"wp:attachment":[{"href":"https:\/\/www.jammersignal.com\/fr\/wp-json\/wp\/v2\/media?parent=3329"}],"curies":[{"name":"wp","href":"https:\/\/api.w.org\/{rel}","templated":true}]}}