{"id":9,"date":"2024-07-03T09:03:20","date_gmt":"2024-07-03T09:03:20","guid":{"rendered":"https:\/\/www.jammersignal.com\/?page_id=9"},"modified":"2024-07-03T09:08:14","modified_gmt":"2024-07-03T09:08:14","slug":"refund-returns","status":"publish","type":"page","link":"https:\/\/www.jammersignal.com\/fr\/refund-returns\/","title":{"rendered":"Politique de remboursement et de retour"},"content":{"rendered":"<p>*JAMMERSIGNAL : Une fois que le client a pass\u00e9 commande, le personnel charg\u00e9 du contr\u00f4le de la qualit\u00e9 inspecte le produit et l'exp\u00e9die au client. Apr\u00e8s l'arriv\u00e9e des marchandises, veuillez en v\u00e9rifier la qualit\u00e9.<\/p>\n\n\n\n<p>*A propos des retours et des \u00e9changes : Si le produit est endommag\u00e9 en raison d'une collision pendant le transport. Nous vous rembourserons dans les 7 jours.<\/p>\n\n\n\n<p>*S'il y a un probl\u00e8me de qualit\u00e9 du produit<br>En cas de probl\u00e8me de qualit\u00e9 du produit, JAMMERSIGNAL prendra en charge les frais de logistique aller-retour.<\/p>\n\n\n\n<p>*Nous signerons pour les produits retourn\u00e9s en retard et garantirons qu'ils arriveront dans un d\u00e9lai de deux semaines.<\/p>\n\n\n\n<p>*Si les produits retourn\u00e9s ne correspondent pas aux produits command\u00e9s, JAMMERSIGNAL n'autorisera pas le retour des produits.<\/p>\n\n\n\n<p>*JAMMERSIGNAL n'acceptera aucun retour dans les cas suivants<\/p>\n\n\n\n<p>*Apr\u00e8s l'inspection de la qualit\u00e9, il est \u00e9tabli que le d\u00e9faut du produit est caus\u00e9 par le client. Par la suite, le produit a \u00e9t\u00e9 retourn\u00e9 pour des raisons li\u00e9es au client, telles que des d\u00e9fauts du produit.<\/p>\n\n\n\n<p>*Le produit retourn\u00e9 est diff\u00e9rent du produit achet\u00e9 par le client.<\/p>\n\n\n\n<p>*Le produit que vous avez re\u00e7u pr\u00e9sente des probl\u00e8mes de qualit\u00e9 et doit \u00eatre \u00e9chang\u00e9 ou rembours\u00e9. Veuillez contacter notre service client\u00e8le. Notre adresse \u00e9lectronique est la suivante <a href=\"mailto:info@jammersignal.com\">info@jammersignal.com<\/a> ou <a href=\"mailto:jammersignal@outlook.com\">jammersignal@outlook.com<\/a>. Veuillez donc attendre notre r\u00e9ponse. Nous ne signerons pas pour les produits retourn\u00e9s sans communication pr\u00e9alable par courrier \u00e9lectronique. Apr\u00e8s avoir renvoy\u00e9 le produit, vous devez attendre un certain temps. Nous devons confirmer la r\u00e9ception du produit retourn\u00e9 avant de pouvoir vous rembourser.<\/p>\n\n\n\n<p>*Politique de remplacement<\/p>\n\n\n\n<p>*Peut \u00e9galement \u00eatre remplac\u00e9 par JAMMERSIGNAL<\/p>\n\n\n\n<p>*Si le client \u00e9change lui-m\u00eame le produit, les frais de logistique sont \u00e0 sa charge.<\/p>\n\n\n\n<p>*Apr\u00e8s l'avoir sign\u00e9, contactez le service client\u00e8le dans un d\u00e9lai d'une semaine.<\/p>\n\n\n\n<p>*Signature : le produit ne doit pas \u00eatre endommag\u00e9, enti\u00e8rement garanti et exempt de taches.<\/p>\n\n\n\n<p>*Le produit retourn\u00e9 par le client doit \u00eatre identique au produit achet\u00e9 par le client.<\/p>\n\n\n\n<p>*Apr\u00e8s l'exp\u00e9dition des produits logistiques, il n'est pas possible d'annuler la commande sans raison. Veuillez vous assurer que les marchandises sont en bon \u00e9tat avant de passer une commande.<\/p>\n\n\n\n<p>*Si le client souhaite retourner le produit, il doit envoyer un courrier \u00e9lectronique \u00e0 l'adresse suivante <a href=\"mailto:info@jammersignal.com\">info@jammersignal.com<\/a> ou <a href=\"mailto:jammersignal@outlook.com\">jammersignal@outlook.com<\/a> et attendez notre r\u00e9ponse. Nous n'acceptons pas les retours sans notification pr\u00e9alable par e-mail.<\/p>","protected":false},"excerpt":{"rendered":"<p>*JAMMERSIGNAL : Une fois que le client a pass\u00e9 commande, le personnel charg\u00e9 du contr\u00f4le de la qualit\u00e9 inspecte le produit et l'exp\u00e9die au client. Apr\u00e8s l'arriv\u00e9e des marchandises, veuillez en v\u00e9rifier la qualit\u00e9. *A propos des retours et des \u00e9changes : Si le produit est endommag\u00e9 \u00e0 la suite d'une collision pendant le transport, nous vous remboursons dans les 7 jours. Nous vous rembourserons dans les 7 jours. *Si [...]<\/p>","protected":false},"author":1,"featured_media":0,"parent":0,"menu_order":23,"comment_status":"closed","ping_status":"closed","template":"","meta":{"site-sidebar-layout":"right-sidebar","site-content-layout":"","ast-site-content-layout":"default","site-content-style":"default","site-sidebar-style":"default","ast-global-header-display":"","ast-banner-title-visibility":"","ast-main-header-display":"","ast-hfb-above-header-display":"","ast-hfb-below-header-display":"","ast-hfb-mobile-header-display":"","site-post-title":"","ast-breadcrumbs-content":"","ast-featured-img":"","footer-sml-layout":"","theme-transparent-header-meta":"","adv-header-id-meta":"","stick-header-meta":"","header-above-stick-meta":"","header-main-stick-meta":"","header-below-stick-meta":"","astra-migrate-meta-layouts":"set","ast-page-background-enabled":"default","ast-page-background-meta":{"desktop":{"background-color":"var(--ast-global-color-4)","background-image":"","background-repeat":"repeat","background-position":"center center","background-size":"auto","background-attachment":"scroll","background-type":"","background-media":"","overlay-type":"","overlay-color":"","overlay-gradient":""},"tablet":{"background-color":"","background-image":"","background-repeat":"repeat","background-position":"center center","background-size":"auto","background-attachment":"scroll","background-type":"","background-media":"","overlay-type":"","overlay-color":"","overlay-gradient":""},"mobile":{"background-color":"","background-image":"","background-repeat":"repeat","background-position":"center center","background-size":"auto","background-attachment":"scroll","background-type":"","background-media":"","overlay-type":"","overlay-color":"","overlay-gradient":""}},"ast-content-background-meta":{"desktop":{"background-color":"var(--ast-global-color-5)","background-image":"","background-repeat":"repeat","background-position":"center center","background-size":"auto","background-attachment":"scroll","background-type":"","background-media":"","overlay-type":"","overlay-color":"","overlay-gradient":""},"tablet":{"background-color":"var(--ast-global-color-5)","background-image":"","background-repeat":"repeat","background-position":"center center","background-size":"auto","background-attachment":"scroll","background-type":"","background-media":"","overlay-type":"","overlay-color":"","overlay-gradient":""},"mobile":{"background-color":"var(--ast-global-color-5)","background-image":"","background-repeat":"repeat","background-position":"center center","background-size":"auto","background-attachment":"scroll","background-type":"","background-media":"","overlay-type":"","overlay-color":"","overlay-gradient":""}},"footnotes":""},"class_list":["post-9","page","type-page","status-publish","hentry"],"yoast_head":"<!-- This site is optimized with the Yoast SEO plugin v23.9 - https:\/\/yoast.com\/wordpress\/plugins\/seo\/ -->\n<title>Refund and Returns Policy - JAMMERSIGNAL<\/title>\n<meta name=\"description\" content=\"After the customer places an order, the quality control staff will inspect the product and then ship it to the customer. After the goods arrive, please check the quality of the goods.\" \/>\n<meta name=\"robots\" content=\"index, follow, max-snippet:-1, max-image-preview:large, max-video-preview:-1\" \/>\n<link rel=\"canonical\" href=\"https:\/\/www.jammersignal.com\/fr\/refund-returns\/\" \/>\n<meta property=\"og:locale\" content=\"fr_FR\" \/>\n<meta property=\"og:type\" content=\"article\" \/>\n<meta property=\"og:title\" content=\"Refund and Returns Policy - JAMMERSIGNAL\" \/>\n<meta property=\"og:description\" content=\"After the customer places an order, the quality control staff will inspect the product and then ship it to the customer. After the goods arrive, please check the quality of the goods.\" \/>\n<meta property=\"og:url\" content=\"https:\/\/www.jammersignal.com\/fr\/refund-returns\/\" \/>\n<meta property=\"og:site_name\" content=\"JAMMERSIGNAL\" \/>\n<meta property=\"article:modified_time\" content=\"2024-07-03T09:08:14+00:00\" \/>\n<meta name=\"twitter:card\" content=\"summary_large_image\" \/>\n<meta name=\"twitter:label1\" content=\"Dur\u00e9e de lecture estim\u00e9e\" \/>\n\t<meta name=\"twitter:data1\" content=\"2 minutes\" \/>\n<script type=\"application\/ld+json\" class=\"yoast-schema-graph\">{\"@context\":\"https:\/\/schema.org\",\"@graph\":[{\"@type\":\"WebPage\",\"@id\":\"https:\/\/www.jammersignal.com\/refund-returns\/\",\"url\":\"https:\/\/www.jammersignal.com\/refund-returns\/\",\"name\":\"Refund and Returns Policy - JAMMERSIGNAL\",\"isPartOf\":{\"@id\":\"https:\/\/www.jammersignal.com\/#website\"},\"datePublished\":\"2024-07-03T09:03:20+00:00\",\"dateModified\":\"2024-07-03T09:08:14+00:00\",\"description\":\"After the customer places an order, the quality control staff will inspect the product and then ship it to the customer. After the goods arrive, please check the quality of the goods.\",\"breadcrumb\":{\"@id\":\"https:\/\/www.jammersignal.com\/refund-returns\/#breadcrumb\"},\"inLanguage\":\"fr-FR\",\"potentialAction\":[{\"@type\":\"ReadAction\",\"target\":[\"https:\/\/www.jammersignal.com\/refund-returns\/\"]}]},{\"@type\":\"BreadcrumbList\",\"@id\":\"https:\/\/www.jammersignal.com\/refund-returns\/#breadcrumb\",\"itemListElement\":[{\"@type\":\"ListItem\",\"position\":1,\"name\":\"Home\",\"item\":\"https:\/\/www.jammersignal.com\/\"},{\"@type\":\"ListItem\",\"position\":2,\"name\":\"Refund and Returns Policy\"}]},{\"@type\":\"WebSite\",\"@id\":\"https:\/\/www.jammersignal.com\/#website\",\"url\":\"https:\/\/www.jammersignal.com\/\",\"name\":\"JAMMERSIGNAL\",\"description\":\"\",\"publisher\":{\"@id\":\"https:\/\/www.jammersignal.com\/#organization\"},\"potentialAction\":[{\"@type\":\"SearchAction\",\"target\":{\"@type\":\"EntryPoint\",\"urlTemplate\":\"https:\/\/www.jammersignal.com\/?s={search_term_string}\"},\"query-input\":{\"@type\":\"PropertyValueSpecification\",\"valueRequired\":true,\"valueName\":\"search_term_string\"}}],\"inLanguage\":\"fr-FR\"},{\"@type\":\"Organization\",\"@id\":\"https:\/\/www.jammersignal.com\/#organization\",\"name\":\"JAMMERSIGNAL\",\"url\":\"https:\/\/www.jammersignal.com\/\",\"logo\":{\"@type\":\"ImageObject\",\"inLanguage\":\"fr-FR\",\"@id\":\"https:\/\/www.jammersignal.com\/#\/schema\/logo\/image\/\",\"url\":\"https:\/\/www.jammersignal.com\/wp-content\/uploads\/2024\/05\/cropped-jammersignal-logo-4.png\",\"contentUrl\":\"https:\/\/www.jammersignal.com\/wp-content\/uploads\/2024\/05\/cropped-jammersignal-logo-4.png\",\"width\":104,\"height\":34,\"caption\":\"JAMMERSIGNAL\"},\"image\":{\"@id\":\"https:\/\/www.jammersignal.com\/#\/schema\/logo\/image\/\"}}]}<\/script>\n<!-- \/ Yoast SEO plugin. -->","yoast_head_json":{"title":"Politique de remboursement et de retour - JAMMERSIGNAL","description":"Une fois que le client a pass\u00e9 commande, le personnel charg\u00e9 du contr\u00f4le de la qualit\u00e9 inspecte le produit et l'exp\u00e9die au client. Une fois les marchandises arriv\u00e9es, veuillez en v\u00e9rifier la qualit\u00e9.","robots":{"index":"index","follow":"follow","max-snippet":"max-snippet:-1","max-image-preview":"max-image-preview:large","max-video-preview":"max-video-preview:-1"},"canonical":"https:\/\/www.jammersignal.com\/fr\/refund-returns\/","og_locale":"fr_FR","og_type":"article","og_title":"Refund and Returns Policy - JAMMERSIGNAL","og_description":"After the customer places an order, the quality control staff will inspect the product and then ship it to the customer. After the goods arrive, please check the quality of the goods.","og_url":"https:\/\/www.jammersignal.com\/fr\/refund-returns\/","og_site_name":"JAMMERSIGNAL","article_modified_time":"2024-07-03T09:08:14+00:00","twitter_card":"summary_large_image","twitter_misc":{"Dur\u00e9e de lecture estim\u00e9e":"2 minutes"},"schema":{"@context":"https:\/\/schema.org","@graph":[{"@type":"WebPage","@id":"https:\/\/www.jammersignal.com\/refund-returns\/","url":"https:\/\/www.jammersignal.com\/refund-returns\/","name":"Politique de remboursement et de retour - JAMMERSIGNAL","isPartOf":{"@id":"https:\/\/www.jammersignal.com\/#website"},"datePublished":"2024-07-03T09:03:20+00:00","dateModified":"2024-07-03T09:08:14+00:00","description":"Une fois que le client a pass\u00e9 commande, le personnel charg\u00e9 du contr\u00f4le de la qualit\u00e9 inspecte le produit et l'exp\u00e9die au client. Une fois les marchandises arriv\u00e9es, veuillez en v\u00e9rifier la qualit\u00e9.","breadcrumb":{"@id":"https:\/\/www.jammersignal.com\/refund-returns\/#breadcrumb"},"inLanguage":"fr-FR","potentialAction":[{"@type":"ReadAction","target":["https:\/\/www.jammersignal.com\/refund-returns\/"]}]},{"@type":"BreadcrumbList","@id":"https:\/\/www.jammersignal.com\/refund-returns\/#breadcrumb","itemListElement":[{"@type":"ListItem","position":1,"name":"Home","item":"https:\/\/www.jammersignal.com\/"},{"@type":"ListItem","position":2,"name":"Refund and Returns Policy"}]},{"@type":"WebSite","@id":"https:\/\/www.jammersignal.com\/#website","url":"https:\/\/www.jammersignal.com\/","name":"JAMMERSIGNAL","description":"","publisher":{"@id":"https:\/\/www.jammersignal.com\/#organization"},"potentialAction":[{"@type":"SearchAction","target":{"@type":"EntryPoint","urlTemplate":"https:\/\/www.jammersignal.com\/?s={search_term_string}"},"query-input":{"@type":"PropertyValueSpecification","valueRequired":true,"valueName":"search_term_string"}}],"inLanguage":"fr-FR"},{"@type":"Organization","@id":"https:\/\/www.jammersignal.com\/#organization","name":"JAMMERSIGNAL","url":"https:\/\/www.jammersignal.com\/","logo":{"@type":"ImageObject","inLanguage":"fr-FR","@id":"https:\/\/www.jammersignal.com\/#\/schema\/logo\/image\/","url":"https:\/\/www.jammersignal.com\/wp-content\/uploads\/2024\/05\/cropped-jammersignal-logo-4.png","contentUrl":"https:\/\/www.jammersignal.com\/wp-content\/uploads\/2024\/05\/cropped-jammersignal-logo-4.png","width":104,"height":34,"caption":"JAMMERSIGNAL"},"image":{"@id":"https:\/\/www.jammersignal.com\/#\/schema\/logo\/image\/"}}]}},"_links":{"self":[{"href":"https:\/\/www.jammersignal.com\/fr\/wp-json\/wp\/v2\/pages\/9","targetHints":{"allow":["GET"]}}],"collection":[{"href":"https:\/\/www.jammersignal.com\/fr\/wp-json\/wp\/v2\/pages"}],"about":[{"href":"https:\/\/www.jammersignal.com\/fr\/wp-json\/wp\/v2\/types\/page"}],"author":[{"embeddable":true,"href":"https:\/\/www.jammersignal.com\/fr\/wp-json\/wp\/v2\/users\/1"}],"replies":[{"embeddable":true,"href":"https:\/\/www.jammersignal.com\/fr\/wp-json\/wp\/v2\/comments?post=9"}],"version-history":[{"count":1,"href":"https:\/\/www.jammersignal.com\/fr\/wp-json\/wp\/v2\/pages\/9\/revisions"}],"predecessor-version":[{"id":3327,"href":"https:\/\/www.jammersignal.com\/fr\/wp-json\/wp\/v2\/pages\/9\/revisions\/3327"}],"wp:attachment":[{"href":"https:\/\/www.jammersignal.com\/fr\/wp-json\/wp\/v2\/media?parent=9"}],"curies":[{"name":"wp","href":"https:\/\/api.w.org\/{rel}","templated":true}]}}