{"id":1803,"date":"2024-05-19T04:11:30","date_gmt":"2024-05-19T04:11:30","guid":{"rendered":"https:\/\/www.jammersignal.com\/?post_type=product&#038;p=1803"},"modified":"2024-12-18T06:28:55","modified_gmt":"2024-12-18T06:28:55","slug":"full-band-u-disk-wifi-jammer-2-4ghz-5-2ghz-5-8ghz","status":"publish","type":"product","link":"https:\/\/www.jammersignal.com\/fr\/produit\/full-band-u-disk-wifi-jammer-2-4ghz-5-2ghz-5-8ghz\/","title":{"rendered":"Brouilleur WiFi Full Band U Disk 2.4GHZ\/5.2GHZ\/5.8GHZ"},"content":{"rendered":"<div data-elementor-type=\"wp-post\" data-elementor-id=\"1803\" class=\"elementor elementor-1803\">\n\t\t\t\t<div class=\"elementor-element elementor-element-712a46e e-flex e-con-boxed e-con e-parent\" data-id=\"712a46e\" data-element_type=\"container\">\n\t\t\t\t\t<div class=\"e-con-inner\">\n\t\t\t\t<div class=\"elementor-element elementor-element-b3b9320 elementor-widget elementor-widget-text-editor\" data-id=\"b3b9320\" data-element_type=\"widget\" data-widget_type=\"text-editor.default\">\n\t\t\t\t<div class=\"elementor-widget-container\">\n\t\t\t\t\t\t\t\t\t<p>Voici le W6 Pro, le dernier brouilleur WiFi \u00e0 disque en U con\u00e7u pour perturber les signaux WiFi pleine bande. La port\u00e9e du blindage est de 2 \u00e0 10 m\u00e8tres, ce qui permet d'interf\u00e9rer efficacement avec les fr\u00e9quences WiFi. Ce petit brouilleur de signaux WiFi se recharge par USB et OBD et brouille 24 heures par jour, 7 jours par semaine.<\/p><p>Le W6 Pro est dot\u00e9 d'un \u00e9cran LCD, ce qui le rend id\u00e9al pour une utilisation dans les chambres \u00e0 coucher et les salles de classe. C'est le meilleur choix pour les communications par t\u00e9l\u00e9phone mobile qui ne sont pas affect\u00e9es par des sc\u00e9narios d'interf\u00e9rence \u00e0 petite \u00e9chelle.<\/p><p><strong>Fr\u00e9quence d'interf\u00e9rence :<\/strong><\/p><p>WIFI2.4G : 2400-2500MHz<br \/>WIFI5.2G : 5125-5350MHz<br \/>WIFI5.8G : 5725-5850MHz<\/p><p><strong>Mode d'alimentation<\/strong>: USB\/OBD<br \/><strong>Rayon d'interf\u00e9rence<\/strong>2-10m (en fonction de la force du signal dans une zone donn\u00e9e)<br \/><strong>Couleur<\/strong>: Blanc<br \/><strong>Taille<\/strong>Dimensions : 7,6*3,8*1,6cm<br \/><strong>Poids<\/strong>: 100g<\/p><p><strong>Le paquet comprend<\/strong>: W6 Pro Brouilleur WiFi*1<\/p>\t\t\t\t\t\t\t\t<\/div>\n\t\t\t\t<\/div>\n\t\t\t\t\t<\/div>\n\t\t\t\t<\/div>\n\t\t\t\t<\/div>","protected":false},"excerpt":{"rendered":"<p>Voici le W6 Pro, le dernier brouilleur WiFi \u00e0 disque en U con\u00e7u pour perturber les signaux WiFi pleine bande. La port\u00e9e du blindage est de 2 \u00e0 10 m\u00e8tres, ce qui permet d'interf\u00e9rer efficacement avec les fr\u00e9quences WiFi. Ce petit brouilleur de signaux WiFi se recharge par USB et OBD et brouille 24 heures par jour, 7 jours par semaine.<\/p>\n<p>Le W6 Pro est dot\u00e9 d'un \u00e9cran LCD, ce qui le rend id\u00e9al pour une utilisation dans les chambres \u00e0 coucher et les salles de classe. C'est le meilleur choix pour les communications par t\u00e9l\u00e9phone mobile qui ne sont pas affect\u00e9es par des sc\u00e9narios d'interf\u00e9rence \u00e0 petite \u00e9chelle.<\/p>","protected":false},"featured_media":1475,"comment_status":"open","ping_status":"closed","template":"","meta":{"site-sidebar-layout":"no-sidebar","site-content-layout":"page-builder","ast-site-content-layout":"normal-width-container","site-content-style":"default","site-sidebar-style":"default","ast-global-header-display":"","ast-banner-title-visibility":"","ast-main-header-display":"","ast-hfb-above-header-display":"","ast-hfb-below-header-display":"","ast-hfb-mobile-header-display":"","site-post-title":"disabled","ast-breadcrumbs-content":"","ast-featured-img":"disabled","footer-sml-layout":"","theme-transparent-header-meta":"default","adv-header-id-meta":"","stick-header-meta":"default","header-above-stick-meta":"","header-main-stick-meta":"","header-below-stick-meta":"","astra-migrate-meta-layouts":"set","ast-page-background-enabled":"default","ast-page-background-meta":{"desktop":{"background-color":"var(--ast-global-color-4)","background-image":"","background-repeat":"repeat","background-position":"center center","background-size":"auto","background-attachment":"scroll","background-type":"","background-media":"","overlay-type":"","overlay-color":"","overlay-gradient":""},"tablet":{"background-color":"","background-image":"","background-repeat":"repeat","background-position":"center center","background-size":"auto","background-attachment":"scroll","background-type":"","background-media":"","overlay-type":"","overlay-color":"","overlay-gradient":""},"mobile":{"background-color":"","background-image":"","background-repeat":"repeat","background-position":"center center","background-size":"auto","background-attachment":"scroll","background-type":"","background-media":"","overlay-type":"","overlay-color":"","overlay-gradient":""}},"ast-content-background-meta":{"desktop":{"background-color":"var(--ast-global-color-5)","background-image":"","background-repeat":"repeat","background-position":"center center","background-size":"auto","background-attachment":"scroll","background-type":"","background-media":"","overlay-type":"","overlay-color":"","overlay-gradient":""},"tablet":{"background-color":"var(--ast-global-color-5)","background-image":"","background-repeat":"repeat","background-position":"center center","background-size":"auto","background-attachment":"scroll","background-type":"","background-media":"","overlay-type":"","overlay-color":"","overlay-gradient":""},"mobile":{"background-color":"var(--ast-global-color-5)","background-image":"","background-repeat":"repeat","background-position":"center center","background-size":"auto","background-attachment":"scroll","background-type":"","background-media":"","overlay-type":"","overlay-color":"","overlay-gradient":""}}},"product_brand":[],"product_cat":[15,52,40,39,56,63,53,67,54,55,97,98,37,36,80],"product_tag":[468,345,353,355,356,357,358,359,360,346,361,426,449,498,362,364,365,366,451,277,142,534,470,367,472,326,340,473,369,505,213,456,493,465,559,508,476,373,374,509,510,477,434,513,457,466,479,376,377,379,459,381,347,333,342,384,516,560,386,551,552,441,463,519,561,387,325,388,525,389,495,390,443,334,558,392,349,350,395,398,330,399,400,401,324,402,351,403,404,335,328,405,406,407,408,329,409,336,337,338,343,339,344,352,436],"class_list":{"0":"post-1803","1":"product","2":"type-product","3":"status-publish","4":"has-post-thumbnail","6":"product_cat-signal-blocker","7":"product_cat-anti-tracking-signal-jammer","8":"product_cat-bluetooth-signal-blocker","9":"product_cat-bluetooth-jammer","10":"product_cat-car-rechargeable-jammer","11":"product_cat-cheap-jammer","12":"product_cat-hidden-signal-jammer","13":"product_cat-less-than-100dollars-jammer","14":"product_cat-mini-jammer-small-blocker","15":"product_cat-outdoor-jammer","16":"product_cat-wifi-2-4g-2400-2500mhz-jammer","17":"product_cat-wifi-5g-5100-5680mhz-or5720-5850mhz-jammer","18":"product_cat-wifi-signal-blocker","19":"product_cat-wifi-jammer","20":"product_cat-within-10meters","21":"product_tag-2-4-ghz-jammer","22":"product_tag-2-4ghz-wifi-jammer","23":"product_tag-5-ghz-wifi-jammer","24":"product_tag-5ghz-wifi-jammer","25":"product_tag-5ghz-wifi-jammer-diy","26":"product_tag-aliexpress-wifi-jammer","27":"product_tag-android-wifi-jammer","28":"product_tag-anti-wifi-jammer","29":"product_tag-arduino-wifi-jammer","30":"product_tag-best-wifi-jammer","31":"product_tag-block-wifi-jammer","32":"product_tag-blue-tooth-jammer","33":"product_tag-bluetooth-jammer-app","34":"product_tag-bluetooth-signal-jammer-app","35":"product_tag-bluetooth-wifi-jammer","36":"product_tag-buy-wifi-jammer","37":"product_tag-buy-wifi-signal-jammer","38":"product_tag-can-jammer-block-wifi","39":"product_tag-car-jammer","40":"product_tag-cell-phone-tracking-jammer","41":"product_tag-cellular-network-jammer","42":"product_tag-define-jammer","43":"product_tag-device-jammer","44":"product_tag-directional-wifi-jammer","45":"product_tag-diy-signal-jammer","46":"product_tag-diy-wifi-jammer","47":"product_tag-diy-wifi-signal-jammer","48":"product_tag-door-jammer-hhhhhh","49":"product_tag-ebay-wifi-jammer","50":"product_tag-electronic-device-jammer","51":"product_tag-gps-cell-jammer","52":"product_tag-hidden-camera-jammer","53":"product_tag-how-do-jammer-work","54":"product_tag-how-do-signal-jammer-work","55":"product_tag-how-do-wifi-jammer-work","56":"product_tag-how-does-signal-jammer-work","57":"product_tag-how-to-make-signal-jammer","58":"product_tag-how-wifi-jammer-works","59":"product_tag-iphone-wifi-jammer","60":"product_tag-jammer-blocker-signal","61":"product_tag-jammer-bluetooth","62":"product_tag-jammer-car","63":"product_tag-jammer-device","64":"product_tag-jammer-for-car","65":"product_tag-jammer-meaning","66":"product_tag-jammer-means","67":"product_tag-jammer-signal-blocker","68":"product_tag-make-wifi-jammer","69":"product_tag-microwave-wifi-jammer","70":"product_tag-mini-wifi-jammer","71":"product_tag-network-jammer","72":"product_tag-online-wifi-jammer","73":"product_tag-pocket-wifi-jammer","74":"product_tag-portable-wifi-jammer","75":"product_tag-portable-wifi-signal-jammer","76":"product_tag-raspberry-pi-wifi-jammer","77":"product_tag-rf-frequency-jammer","78":"product_tag-rf-jammer","79":"product_tag-ring-wifi-jammer","80":"product_tag-signal-blocker-jammer","81":"product_tag-signal-jammer-blocker","82":"product_tag-signal-jammer-cost","83":"product_tag-signal-jammer-device","84":"product_tag-signal-jammer-diy","85":"product_tag-signal-jammer-for-sale","86":"product_tag-signal-jammer-for-wifi","87":"product_tag-signal-jammer-wifi","88":"product_tag-simple-wifi-jammer-circuit","89":"product_tag-the-jammer","90":"product_tag-usb-wifi-jammer","91":"product_tag-what-are-jammer","92":"product_tag-what-does-a-wifi-jammer-do","93":"product_tag-what-is-a-jammer","94":"product_tag-what-is-wifi-jammer","95":"product_tag-whats-a-jammer","96":"product_tag-wifi-anti-jammer","97":"product_tag-wifi-blocker-jammer","98":"product_tag-wifi-camera-jammer-app","99":"product_tag-wifi-frequency-jammer","100":"product_tag-wifi-jammer-5ghz","101":"product_tag-wifi-jammer-amazon","102":"product_tag-wifi-jammer-android","103":"product_tag-wifi-jammer-android-app","104":"product_tag-wifi-jammer-apk","105":"product_tag-wifi-jammer-app","106":"product_tag-wifi-jammer-best-buy","107":"product_tag-wifi-jammer-blocker","108":"product_tag-wifi-jammer-circuit","109":"product_tag-wifi-jammer-circuit-diagram","110":"product_tag-wifi-jammer-device","111":"product_tag-wifi-jammer-diy","112":"product_tag-wifi-jammer-download","113":"product_tag-wifi-jammer-ebay","114":"product_tag-wifi-jammer-for-home","115":"product_tag-wifi-jammer-for-iphone","116":"product_tag-wifi-jammer-for-sale","117":"product_tag-wifi-jammer-kit","118":"product_tag-wifi-jammer-ring-camera","119":"product_tag-wifi-signal-jammer-amazon","120":"product_tag-wifi-signal-jammer-blocker","121":"product_tag-wifi-signal-jammer-device","122":"product_tag-wifi-signal-jammer-diy","123":"product_tag-wifi-signal-jammer-for-sale","124":"product_tag-wifi-swept-jammer","125":"product_tag-wireless-network-jammer","126":"desktop-align-left","127":"tablet-align-left","128":"mobile-align-left","129":"ast-product-gallery-layout-horizontal-slider","130":"ast-product-single-variable","131":"ast-product-tabs-layout-horizontal","133":"first","134":"instock","135":"sale","136":"shipping-taxable","137":"purchasable","138":"product-type-variable"},"yoast_head":"<!-- This site is optimized with the Yoast SEO plugin v23.9 - https:\/\/yoast.com\/wordpress\/plugins\/seo\/ -->\n<title>Full Band U Disk WiFi Jammer 2.4GHZ\/5.2GHZ\/5.8GHZ WiFi Signal Blockers - JAMMERSIGNAL<\/title>\n<meta name=\"description\" content=\"Introducing W6 Pro, the latest U-disk WiFi jammer designed to disrupt full-band WiFi signals. This small WiFi signal jammer device charges using USB and OBD power and jams 24 hours a day, 7 days a week.\" \/>\n<meta name=\"robots\" content=\"index, follow, max-snippet:-1, max-image-preview:large, max-video-preview:-1\" \/>\n<link rel=\"canonical\" href=\"https:\/\/www.jammersignal.com\/fr\/produit\/full-band-u-disk-wifi-jammer-2-4ghz-5-2ghz-5-8ghz\/\" \/>\n<meta property=\"og:locale\" content=\"fr_FR\" \/>\n<meta property=\"og:type\" content=\"article\" \/>\n<meta property=\"og:title\" content=\"Full Band U Disk WiFi Jammer 2.4GHZ\/5.2GHZ\/5.8GHZ WiFi Signal Blockers - JAMMERSIGNAL\" \/>\n<meta property=\"og:description\" content=\"Introducing W6 Pro, the latest U-disk WiFi jammer designed to disrupt full-band WiFi signals. This small WiFi signal jammer device charges using USB and OBD power and jams 24 hours a day, 7 days a week.\" \/>\n<meta property=\"og:url\" content=\"https:\/\/www.jammersignal.com\/fr\/produit\/full-band-u-disk-wifi-jammer-2-4ghz-5-2ghz-5-8ghz\/\" \/>\n<meta property=\"og:site_name\" content=\"JAMMERSIGNAL\" \/>\n<meta property=\"article:modified_time\" content=\"2024-12-18T06:28:55+00:00\" \/>\n<meta property=\"og:image\" content=\"https:\/\/www.jammersignal.com\/wp-content\/uploads\/2024\/05\/full-band-wifi-jammersignal-disk-u-2.4ghz-5.2ghz-5.8ghz-jammers-1.jpg\" \/>\n\t<meta property=\"og:image:width\" content=\"640\" \/>\n\t<meta property=\"og:image:height\" content=\"640\" \/>\n\t<meta property=\"og:image:type\" content=\"image\/jpeg\" \/>\n<meta name=\"twitter:card\" content=\"summary_large_image\" \/>\n<meta name=\"twitter:label1\" content=\"Dur\u00e9e de lecture estim\u00e9e\" \/>\n\t<meta name=\"twitter:data1\" content=\"1 minute\" \/>\n<script type=\"application\/ld+json\" class=\"yoast-schema-graph\">{\"@context\":\"https:\/\/schema.org\",\"@graph\":[{\"@type\":\"WebPage\",\"@id\":\"https:\/\/www.jammersignal.com\/product\/full-band-u-disk-wifi-jammer-2-4ghz-5-2ghz-5-8ghz\/\",\"url\":\"https:\/\/www.jammersignal.com\/product\/full-band-u-disk-wifi-jammer-2-4ghz-5-2ghz-5-8ghz\/\",\"name\":\"Full Band U Disk WiFi Jammer 2.4GHZ\/5.2GHZ\/5.8GHZ WiFi Signal Blockers - JAMMERSIGNAL\",\"isPartOf\":{\"@id\":\"https:\/\/www.jammersignal.com\/#website\"},\"primaryImageOfPage\":{\"@id\":\"https:\/\/www.jammersignal.com\/product\/full-band-u-disk-wifi-jammer-2-4ghz-5-2ghz-5-8ghz\/#primaryimage\"},\"image\":{\"@id\":\"https:\/\/www.jammersignal.com\/product\/full-band-u-disk-wifi-jammer-2-4ghz-5-2ghz-5-8ghz\/#primaryimage\"},\"thumbnailUrl\":\"https:\/\/www.jammersignal.com\/wp-content\/uploads\/2024\/05\/full-band-wifi-jammersignal-disk-u-2.4ghz-5.2ghz-5.8ghz-jammers-1.jpg\",\"datePublished\":\"2024-05-19T04:11:30+00:00\",\"dateModified\":\"2024-12-18T06:28:55+00:00\",\"description\":\"Introducing W6 Pro, the latest U-disk WiFi jammer designed to disrupt full-band WiFi signals. This small WiFi signal jammer device charges using USB and OBD power and jams 24 hours a day, 7 days a week.\",\"breadcrumb\":{\"@id\":\"https:\/\/www.jammersignal.com\/product\/full-band-u-disk-wifi-jammer-2-4ghz-5-2ghz-5-8ghz\/#breadcrumb\"},\"inLanguage\":\"fr-FR\",\"potentialAction\":[{\"@type\":\"ReadAction\",\"target\":[\"https:\/\/www.jammersignal.com\/product\/full-band-u-disk-wifi-jammer-2-4ghz-5-2ghz-5-8ghz\/\"]}]},{\"@type\":\"ImageObject\",\"inLanguage\":\"fr-FR\",\"@id\":\"https:\/\/www.jammersignal.com\/product\/full-band-u-disk-wifi-jammer-2-4ghz-5-2ghz-5-8ghz\/#primaryimage\",\"url\":\"https:\/\/www.jammersignal.com\/wp-content\/uploads\/2024\/05\/full-band-wifi-jammersignal-disk-u-2.4ghz-5.2ghz-5.8ghz-jammers-1.jpg\",\"contentUrl\":\"https:\/\/www.jammersignal.com\/wp-content\/uploads\/2024\/05\/full-band-wifi-jammersignal-disk-u-2.4ghz-5.2ghz-5.8ghz-jammers-1.jpg\",\"width\":640,\"height\":640,\"caption\":\"full band wifi jammersignal disk u 2.4ghz 5.2ghz 5.8ghz jammers (1)\"},{\"@type\":\"BreadcrumbList\",\"@id\":\"https:\/\/www.jammersignal.com\/product\/full-band-u-disk-wifi-jammer-2-4ghz-5-2ghz-5-8ghz\/#breadcrumb\",\"itemListElement\":[{\"@type\":\"ListItem\",\"position\":1,\"name\":\"Home\",\"item\":\"https:\/\/www.jammersignal.com\/\"},{\"@type\":\"ListItem\",\"position\":2,\"name\":\"Shop\",\"item\":\"https:\/\/www.jammersignal.com\/shop\/\"},{\"@type\":\"ListItem\",\"position\":3,\"name\":\"Signal Blocker\",\"item\":\"https:\/\/www.jammersignal.com\/product-category\/signal-blocker\/\"},{\"@type\":\"ListItem\",\"position\":4,\"name\":\"Full Band U Disk WiFi Jammer 2.4GHZ\/5.2GHZ\/5.8GHZ\"}]},{\"@type\":\"WebSite\",\"@id\":\"https:\/\/www.jammersignal.com\/#website\",\"url\":\"https:\/\/www.jammersignal.com\/\",\"name\":\"JAMMERSIGNAL\",\"description\":\"\",\"publisher\":{\"@id\":\"https:\/\/www.jammersignal.com\/#organization\"},\"potentialAction\":[{\"@type\":\"SearchAction\",\"target\":{\"@type\":\"EntryPoint\",\"urlTemplate\":\"https:\/\/www.jammersignal.com\/?s={search_term_string}\"},\"query-input\":{\"@type\":\"PropertyValueSpecification\",\"valueRequired\":true,\"valueName\":\"search_term_string\"}}],\"inLanguage\":\"fr-FR\"},{\"@type\":\"Organization\",\"@id\":\"https:\/\/www.jammersignal.com\/#organization\",\"name\":\"JAMMERSIGNAL\",\"url\":\"https:\/\/www.jammersignal.com\/\",\"logo\":{\"@type\":\"ImageObject\",\"inLanguage\":\"fr-FR\",\"@id\":\"https:\/\/www.jammersignal.com\/#\/schema\/logo\/image\/\",\"url\":\"https:\/\/www.jammersignal.com\/wp-content\/uploads\/2024\/05\/cropped-jammersignal-logo-4.png\",\"contentUrl\":\"https:\/\/www.jammersignal.com\/wp-content\/uploads\/2024\/05\/cropped-jammersignal-logo-4.png\",\"width\":104,\"height\":34,\"caption\":\"JAMMERSIGNAL\"},\"image\":{\"@id\":\"https:\/\/www.jammersignal.com\/#\/schema\/logo\/image\/\"}}]}<\/script>\n<!-- \/ Yoast SEO plugin. -->","yoast_head_json":{"title":"Brouilleur WiFi Full Band U Disk 2.4GHZ\/5.2GHZ\/5.8GHZ Bloqueurs de signaux WiFi - JAMMERSIGNAL","description":"Voici le W6 Pro, le dernier brouilleur WiFi \u00e0 disque en U con\u00e7u pour perturber les signaux WiFi pleine bande. Ce petit brouilleur de signaux WiFi se recharge par USB et OBD et brouille 24 heures par jour, 7 jours par semaine.","robots":{"index":"index","follow":"follow","max-snippet":"max-snippet:-1","max-image-preview":"max-image-preview:large","max-video-preview":"max-video-preview:-1"},"canonical":"https:\/\/www.jammersignal.com\/fr\/produit\/full-band-u-disk-wifi-jammer-2-4ghz-5-2ghz-5-8ghz\/","og_locale":"fr_FR","og_type":"article","og_title":"Full Band U Disk WiFi Jammer 2.4GHZ\/5.2GHZ\/5.8GHZ WiFi Signal Blockers - JAMMERSIGNAL","og_description":"Introducing W6 Pro, the latest U-disk WiFi jammer designed to disrupt full-band WiFi signals. This small WiFi signal jammer device charges using USB and OBD power and jams 24 hours a day, 7 days a week.","og_url":"https:\/\/www.jammersignal.com\/fr\/produit\/full-band-u-disk-wifi-jammer-2-4ghz-5-2ghz-5-8ghz\/","og_site_name":"JAMMERSIGNAL","article_modified_time":"2024-12-18T06:28:55+00:00","og_image":[{"width":640,"height":640,"url":"https:\/\/www.jammersignal.com\/wp-content\/uploads\/2024\/05\/full-band-wifi-jammersignal-disk-u-2.4ghz-5.2ghz-5.8ghz-jammers-1.jpg","type":"image\/jpeg"}],"twitter_card":"summary_large_image","twitter_misc":{"Dur\u00e9e de lecture estim\u00e9e":"1 minute"},"schema":{"@context":"https:\/\/schema.org","@graph":[{"@type":"WebPage","@id":"https:\/\/www.jammersignal.com\/product\/full-band-u-disk-wifi-jammer-2-4ghz-5-2ghz-5-8ghz\/","url":"https:\/\/www.jammersignal.com\/product\/full-band-u-disk-wifi-jammer-2-4ghz-5-2ghz-5-8ghz\/","name":"Brouilleur WiFi Full Band U Disk 2.4GHZ\/5.2GHZ\/5.8GHZ Bloqueurs de signaux WiFi - JAMMERSIGNAL","isPartOf":{"@id":"https:\/\/www.jammersignal.com\/#website"},"primaryImageOfPage":{"@id":"https:\/\/www.jammersignal.com\/product\/full-band-u-disk-wifi-jammer-2-4ghz-5-2ghz-5-8ghz\/#primaryimage"},"image":{"@id":"https:\/\/www.jammersignal.com\/product\/full-band-u-disk-wifi-jammer-2-4ghz-5-2ghz-5-8ghz\/#primaryimage"},"thumbnailUrl":"https:\/\/www.jammersignal.com\/wp-content\/uploads\/2024\/05\/full-band-wifi-jammersignal-disk-u-2.4ghz-5.2ghz-5.8ghz-jammers-1.jpg","datePublished":"2024-05-19T04:11:30+00:00","dateModified":"2024-12-18T06:28:55+00:00","description":"Voici le W6 Pro, le dernier brouilleur WiFi \u00e0 disque en U con\u00e7u pour perturber les signaux WiFi pleine bande. Ce petit brouilleur de signaux WiFi se recharge par USB et OBD et brouille 24 heures par jour, 7 jours par semaine.","breadcrumb":{"@id":"https:\/\/www.jammersignal.com\/product\/full-band-u-disk-wifi-jammer-2-4ghz-5-2ghz-5-8ghz\/#breadcrumb"},"inLanguage":"fr-FR","potentialAction":[{"@type":"ReadAction","target":["https:\/\/www.jammersignal.com\/product\/full-band-u-disk-wifi-jammer-2-4ghz-5-2ghz-5-8ghz\/"]}]},{"@type":"ImageObject","inLanguage":"fr-FR","@id":"https:\/\/www.jammersignal.com\/product\/full-band-u-disk-wifi-jammer-2-4ghz-5-2ghz-5-8ghz\/#primaryimage","url":"https:\/\/www.jammersignal.com\/wp-content\/uploads\/2024\/05\/full-band-wifi-jammersignal-disk-u-2.4ghz-5.2ghz-5.8ghz-jammers-1.jpg","contentUrl":"https:\/\/www.jammersignal.com\/wp-content\/uploads\/2024\/05\/full-band-wifi-jammersignal-disk-u-2.4ghz-5.2ghz-5.8ghz-jammers-1.jpg","width":640,"height":640,"caption":"full band wifi jammersignal disk u 2.4ghz 5.2ghz 5.8ghz jammers (1)"},{"@type":"BreadcrumbList","@id":"https:\/\/www.jammersignal.com\/product\/full-band-u-disk-wifi-jammer-2-4ghz-5-2ghz-5-8ghz\/#breadcrumb","itemListElement":[{"@type":"ListItem","position":1,"name":"Home","item":"https:\/\/www.jammersignal.com\/"},{"@type":"ListItem","position":2,"name":"Shop","item":"https:\/\/www.jammersignal.com\/shop\/"},{"@type":"ListItem","position":3,"name":"Signal Blocker","item":"https:\/\/www.jammersignal.com\/product-category\/signal-blocker\/"},{"@type":"ListItem","position":4,"name":"Full Band U Disk WiFi Jammer 2.4GHZ\/5.2GHZ\/5.8GHZ"}]},{"@type":"WebSite","@id":"https:\/\/www.jammersignal.com\/#website","url":"https:\/\/www.jammersignal.com\/","name":"JAMMERSIGNAL","description":"","publisher":{"@id":"https:\/\/www.jammersignal.com\/#organization"},"potentialAction":[{"@type":"SearchAction","target":{"@type":"EntryPoint","urlTemplate":"https:\/\/www.jammersignal.com\/?s={search_term_string}"},"query-input":{"@type":"PropertyValueSpecification","valueRequired":true,"valueName":"search_term_string"}}],"inLanguage":"fr-FR"},{"@type":"Organization","@id":"https:\/\/www.jammersignal.com\/#organization","name":"JAMMERSIGNAL","url":"https:\/\/www.jammersignal.com\/","logo":{"@type":"ImageObject","inLanguage":"fr-FR","@id":"https:\/\/www.jammersignal.com\/#\/schema\/logo\/image\/","url":"https:\/\/www.jammersignal.com\/wp-content\/uploads\/2024\/05\/cropped-jammersignal-logo-4.png","contentUrl":"https:\/\/www.jammersignal.com\/wp-content\/uploads\/2024\/05\/cropped-jammersignal-logo-4.png","width":104,"height":34,"caption":"JAMMERSIGNAL"},"image":{"@id":"https:\/\/www.jammersignal.com\/#\/schema\/logo\/image\/"}}]}},"_links":{"self":[{"href":"https:\/\/www.jammersignal.com\/fr\/wp-json\/wp\/v2\/product\/1803","targetHints":{"allow":["GET"]}}],"collection":[{"href":"https:\/\/www.jammersignal.com\/fr\/wp-json\/wp\/v2\/product"}],"about":[{"href":"https:\/\/www.jammersignal.com\/fr\/wp-json\/wp\/v2\/types\/product"}],"replies":[{"embeddable":true,"href":"https:\/\/www.jammersignal.com\/fr\/wp-json\/wp\/v2\/comments?post=1803"}],"version-history":[{"count":8,"href":"https:\/\/www.jammersignal.com\/fr\/wp-json\/wp\/v2\/product\/1803\/revisions"}],"predecessor-version":[{"id":1827,"href":"https:\/\/www.jammersignal.com\/fr\/wp-json\/wp\/v2\/product\/1803\/revisions\/1827"}],"wp:featuredmedia":[{"embeddable":true,"href":"https:\/\/www.jammersignal.com\/fr\/wp-json\/wp\/v2\/media\/1475"}],"wp:attachment":[{"href":"https:\/\/www.jammersignal.com\/fr\/wp-json\/wp\/v2\/media?parent=1803"}],"wp:term":[{"taxonomy":"product_brand","embeddable":true,"href":"https:\/\/www.jammersignal.com\/fr\/wp-json\/wp\/v2\/product_brand?post=1803"},{"taxonomy":"product_cat","embeddable":true,"href":"https:\/\/www.jammersignal.com\/fr\/wp-json\/wp\/v2\/product_cat?post=1803"},{"taxonomy":"product_tag","embeddable":true,"href":"https:\/\/www.jammersignal.com\/fr\/wp-json\/wp\/v2\/product_tag?post=1803"}],"curies":[{"name":"wp","href":"https:\/\/api.w.org\/{rel}","templated":true}]}}