{"id":1863,"date":"2024-05-19T07:49:59","date_gmt":"2024-05-19T07:49:59","guid":{"rendered":"https:\/\/www.jammersignal.com\/?post_type=product&#038;p=1863"},"modified":"2024-12-20T06:18:31","modified_gmt":"2024-12-20T06:18:31","slug":"portable-handheld-2band-gps-l1-l2-jammer","status":"publish","type":"product","link":"https:\/\/www.jammersignal.com\/fr\/produit\/portable-handheld-2band-gps-l1-l2-jammer\/","title":{"rendered":"Brouilleur GPS L1-L2 portable \u00e0 2 bandes"},"content":{"rendered":"<div data-elementor-type=\"wp-post\" data-elementor-id=\"1863\" class=\"elementor elementor-1863\">\n\t\t\t\t<div class=\"elementor-element elementor-element-4a8c2a2 e-flex e-con-boxed e-con e-parent\" data-id=\"4a8c2a2\" data-element_type=\"container\" data-e-type=\"container\">\n\t\t\t\t\t<div class=\"e-con-inner\">\n\t\t<div class=\"elementor-element elementor-element-2677d1d e-con-full e-flex e-con e-child\" data-id=\"2677d1d\" data-element_type=\"container\" data-e-type=\"container\">\n\t\t\t\t<div class=\"elementor-element elementor-element-5ee8a99 elementor-widget elementor-widget-text-editor\" data-id=\"5ee8a99\" data-element_type=\"widget\" data-e-type=\"widget\" data-widget_type=\"text-editor.default\">\n\t\t\t\t<div class=\"elementor-widget-container\">\n\t\t\t\t\t\t\t\t\t<h4>Sp\u00e9cifications techniques<\/h4><table width=\"344\"><tbody><tr><td width=\"72\"><strong>Nom du param\u00e8tre<\/strong><\/td><td width=\"272\"><strong>D\u00e9tails des param\u00e8tres<\/strong><\/td><\/tr><tr><td>Mod\u00e8le\u00a0<\/td><td>E0-0201<\/td><\/tr><tr><td>Fr\u00e9quences de brouillage<\/td><td>GPS L1-L2<\/td><\/tr><tr><td>Rayon de brouillage<\/td><td>Jusqu'\u00e0 15 m\u00e8tres<\/td><\/tr><tr><td>Alimentation \u00e9lectrique<\/td><td>Prise de courant, adaptateur de voiture ou batterie int\u00e9gr\u00e9e<\/td><\/tr><tr><td>Puissance de sortie totale<\/td><td>l'oiseau<\/td><\/tr><tr><td>Tension<\/td><td>1W<\/td><\/tr><tr><td>Temp\u00e9rature de fonctionnement<\/td><td>-10\u2103 \u00e0 +50\u2103<\/td><\/tr><tr><td>Humidit\u00e9 de fonctionnement<\/td><td>5% \u00e0 80%<\/td><\/tr><tr><td>Taille de l'appareil<\/td><td>130mm*80mm*38mm<\/td><\/tr><tr><td>Poids de l'appareil<\/td><td>400 g<\/td><\/tr><\/tbody><\/table>\t\t\t\t\t\t\t\t<\/div>\n\t\t\t\t<\/div>\n\t\t\t\t<\/div>\n\t\t<div class=\"elementor-element elementor-element-63abe0f e-con-full e-flex e-con e-child\" data-id=\"63abe0f\" data-element_type=\"container\" data-e-type=\"container\">\n\t\t\t\t<div class=\"elementor-element elementor-element-3d0f9f0 elementor-widget elementor-widget-text-editor\" data-id=\"3d0f9f0\" data-element_type=\"widget\" data-e-type=\"widget\" data-widget_type=\"text-editor.default\">\n\t\t\t\t<div class=\"elementor-widget-container\">\n\t\t\t\t\t\t\t\t\t<h4>Informations sur les produits<\/h4><p>Le brouilleur GPS L1-L2 \u00e0 2 bandes est con\u00e7u pour couvrir une port\u00e9e de 15 m\u00e8tres, bloquant efficacement tous les dispositifs de positionnement et autres signaux GPS. Cela garantit la protection de vos donn\u00e9es personnelles et de votre vie priv\u00e9e.<\/p><p>Ce dispositif de brouillage GPS est sp\u00e9cialement con\u00e7u pour brouiller les signaux GPS. Il est petit et l\u00e9ger, ce qui le rend facile \u00e0 transporter.<\/p><p><strong>Caract\u00e9ristiques :<\/strong><\/p><ol><li>Emp\u00eachez efficacement le positionnement par satellite GPS et garantissez la confidentialit\u00e9 de vos d\u00e9placements.<\/li><li>Il n'interf\u00e8re qu'avec les signaux des satellites GPS et ne perturbe pas l'utilisation normale des t\u00e9l\u00e9phones mobiles.<\/li><li>Puissance de sortie \u00e9lev\u00e9e, poids l\u00e9ger, facile \u00e0 transporter et \u00e0 utiliser.<\/li><\/ol><p><strong>Pr\u00e9cautions :<\/strong><\/p><p>1. les brouilleurs sont personnalis\u00e9s en fonction des bandes de fr\u00e9quence des diff\u00e9rents pays, veuillez vous assurer que le pays d'achat et le pays d'utilisation r\u00e9el sont coh\u00e9rents, sinon le brouilleur ne pourra pas \u00eatre utilis\u00e9. Veuillez lire la fonction du brouilleur avant de l'acheter.<br \/>2 Si les brouilleurs de faible puissance (tels que les brouilleurs portatifs) bloquent un dispositif de signal de forte puissance (tel qu'un routeur WIFI de forte puissance, un \u00e9quipement audio Bluetooth, etc.<br \/>3. il est interdit d'utiliser l'appareil pendant qu'il est en charge.<br \/>4. ne pas utiliser de brouilleurs portatifs comme brouilleurs de bureau.<br \/>5. n'utilisez pas de brouilleurs avant de connecter l'antenne.<\/p>\t\t\t\t\t\t\t\t<\/div>\n\t\t\t\t<\/div>\n\t\t\t\t<\/div>\n\t\t\t\t\t<\/div>\n\t\t\t\t<\/div>\n\t\t\t\t<\/div>","protected":false},"excerpt":{"rendered":"<p>Le brouilleur GPS L1-L2 \u00e0 2 bandes est con\u00e7u pour couvrir une port\u00e9e de 15 m\u00e8tres, bloquant efficacement tous les dispositifs de positionnement et autres signaux GPS. Cela garantit la protection de vos donn\u00e9es personnelles et de votre vie priv\u00e9e.<\/p>\n<p>Ce dispositif de brouillage GPS est sp\u00e9cialement con\u00e7u pour brouiller les signaux GPS. Il est petit et l\u00e9ger, ce qui le rend facile \u00e0 transporter.<\/p>\n<p><strong>Caract\u00e9ristiques :<\/strong><\/p>\n<p>1. Emp\u00eachez efficacement le positionnement par satellite GPS et garantissez la confidentialit\u00e9 de vos d\u00e9placements.<br \/>\n2. Il ne perturbe que les signaux des satellites GPS et n'interf\u00e8re pas avec l'utilisation normale des t\u00e9l\u00e9phones mobiles.<br \/>\n3. Puissance de sortie \u00e9lev\u00e9e, poids l\u00e9ger, facile \u00e0 transporter et \u00e0 utiliser.<\/p>","protected":false},"featured_media":1513,"comment_status":"open","ping_status":"closed","template":"","meta":{"site-sidebar-layout":"no-sidebar","site-content-layout":"page-builder","ast-site-content-layout":"normal-width-container","site-content-style":"default","site-sidebar-style":"default","ast-global-header-display":"","ast-banner-title-visibility":"","ast-main-header-display":"","ast-hfb-above-header-display":"","ast-hfb-below-header-display":"","ast-hfb-mobile-header-display":"","site-post-title":"disabled","ast-breadcrumbs-content":"","ast-featured-img":"disabled","footer-sml-layout":"","ast-disable-related-posts":"","theme-transparent-header-meta":"default","adv-header-id-meta":"","stick-header-meta":"default","header-above-stick-meta":"","header-main-stick-meta":"","header-below-stick-meta":"","astra-migrate-meta-layouts":"set","ast-page-background-enabled":"default","ast-page-background-meta":{"desktop":{"background-color":"var(--ast-global-color-5)","background-image":"","background-repeat":"repeat","background-position":"center center","background-size":"auto","background-attachment":"scroll","background-type":"","background-media":"","overlay-type":"","overlay-color":"","overlay-opacity":"","overlay-gradient":""},"tablet":{"background-color":"","background-image":"","background-repeat":"repeat","background-position":"center center","background-size":"auto","background-attachment":"scroll","background-type":"","background-media":"","overlay-type":"","overlay-color":"","overlay-opacity":"","overlay-gradient":""},"mobile":{"background-color":"","background-image":"","background-repeat":"repeat","background-position":"center center","background-size":"auto","background-attachment":"scroll","background-type":"","background-media":"","overlay-type":"","overlay-color":"","overlay-opacity":"","overlay-gradient":""}},"ast-content-background-meta":{"desktop":{"background-color":"var(--ast-global-color-4)","background-image":"","background-repeat":"repeat","background-position":"center center","background-size":"auto","background-attachment":"scroll","background-type":"","background-media":"","overlay-type":"","overlay-color":"","overlay-opacity":"","overlay-gradient":""},"tablet":{"background-color":"var(--ast-global-color-4)","background-image":"","background-repeat":"repeat","background-position":"center center","background-size":"auto","background-attachment":"scroll","background-type":"","background-media":"","overlay-type":"","overlay-color":"","overlay-opacity":"","overlay-gradient":""},"mobile":{"background-color":"var(--ast-global-color-4)","background-image":"","background-repeat":"repeat","background-position":"center center","background-size":"auto","background-attachment":"scroll","background-type":"","background-media":"","overlay-type":"","overlay-color":"","overlay-opacity":"","overlay-gradient":""}}},"product_brand":[],"product_cat":[15,81,52,56,63,35,34,96,93,94,95,67,61],"product_tag":[432,557,247,565,567,410,411,412,413,414,415,416,417,418,419,421,422,423,451,533,277,534,470,472,473,505,454,437,213,427,474,573,455,506,433,475,538,539,493,465,540,508,476,509,477,542,434,513,438,435,457,466,479,516,560,551,552,518,441,463,519,561,525,522,442,495,443,558],"class_list":{"0":"post-1863","1":"product","2":"type-product","3":"status-publish","4":"has-post-thumbnail","6":"product_cat-signal-blocker","7":"product_cat-10-20meters","8":"product_cat-anti-tracking-signal-jammer","9":"product_cat-car-rechargeable-jammer","10":"product_cat-cheap-jammer","11":"product_cat-gps-signal-blocker","12":"product_cat-gps-signal-jammer","13":"product_cat-gps-l1-l2-l3-l4-l5-jammer","14":"product_cat-gps-l1-1570-1580mhz-jammer","15":"product_cat-gps-l2-l5-1170-1280mhz-jammer","16":"product_cat-gps-l3-l4-1370-1390mhz-jammer","17":"product_cat-less-than-100dollars-jammer","18":"product_cat-portable-jammer","19":"product_tag-aaaaaa-gps-jammer","20":"product_tag-auto-gps-jammer","21":"product_tag-best-cell-phone-jammer-reviews","22":"product_tag-best-gps-jammer-for-car","23":"product_tag-block-signal-jammer","24":"product_tag-buy-car-gps-jammer","25":"product_tag-buy-cigarette-lighter-gps-cell-phone-jammer","26":"product_tag-buy-gps-jammer-australia","27":"product_tag-buy-gps-jammer-canada","28":"product_tag-buy-gps-jammer-cigarette-lighter","29":"product_tag-buy-gps-jammer-ebay","30":"product_tag-buy-gps-jammer-for-car","31":"product_tag-buy-gps-jammer-in-dallas","32":"product_tag-buy-gps-jammer-near-me","33":"product_tag-buy-gps-jammer-online","34":"product_tag-buy-gps-jammer-us","35":"product_tag-buy-gps-tracking-jammer","36":"product_tag-buy-vehicle-gps-jammer","37":"product_tag-car-jammer","38":"product_tag-car-signal-jammer","39":"product_tag-cell-phone-tracking-jammer","40":"product_tag-define-jammer","41":"product_tag-device-jammer","42":"product_tag-diy-signal-jammer","43":"product_tag-door-jammer-hhhhhh","44":"product_tag-electronic-device-jammer","45":"product_tag-gps-blocker-jammer","46":"product_tag-gps-blockers-jammer","47":"product_tag-gps-cell-jammer","48":"product_tag-gps-jammer-aaaaaa","49":"product_tag-gps-jammer-app","50":"product_tag-gps-jammer-blocker","51":"product_tag-gps-jammer-car","52":"product_tag-gps-jammer-for-sale","53":"product_tag-gps-signal-jammer","54":"product_tag-gps-tracker-jammer","55":"product_tag-gps-tracking-device-jammer","56":"product_tag-homemade-gps-jammer","57":"product_tag-how-do-jammer-work","58":"product_tag-how-do-signal-jammer-work","59":"product_tag-how-does-jammer-work","60":"product_tag-how-does-signal-jammer-work","61":"product_tag-how-to-make-signal-jammer","62":"product_tag-jammer-blocker-signal","63":"product_tag-jammer-car","64":"product_tag-jammer-car-gps","65":"product_tag-jammer-device","66":"product_tag-jammer-for-car","67":"product_tag-jammer-gps","68":"product_tag-jammer-gps-aaaaaa","69":"product_tag-jammer-meaning","70":"product_tag-jammer-means","71":"product_tag-jammer-signal-blocker","72":"product_tag-rf-frequency-jammer","73":"product_tag-rf-jammer","74":"product_tag-signal-blocker-jammer","75":"product_tag-signal-jammer-blocker","76":"product_tag-signal-jammer-car","77":"product_tag-signal-jammer-cost","78":"product_tag-signal-jammer-device","79":"product_tag-signal-jammer-diy","80":"product_tag-signal-jammer-for-sale","81":"product_tag-the-jammer","82":"product_tag-tracker-jammer","83":"product_tag-vehicle-gps-jammer","84":"product_tag-what-are-jammer","85":"product_tag-what-is-a-jammer","86":"product_tag-whats-a-jammer","87":"desktop-align-left","88":"tablet-align-left","89":"mobile-align-left","90":"ast-product-gallery-layout-horizontal-slider","91":"ast-product-single-variable","92":"ast-product-tabs-layout-horizontal","94":"first","95":"instock","96":"sale","97":"shipping-taxable","98":"purchasable","99":"product-type-variable"},"yoast_head":"<!-- This site is optimized with the Yoast SEO plugin v23.9 - https:\/\/yoast.com\/wordpress\/plugins\/seo\/ -->\n<title>Portable 2 Band GPS L1-L2 Jammer Handheld Car 2 Frequency Bands GPS Blockers - JAMMERSIGNAL<\/title>\n<meta name=\"description\" content=\"The 2-band GPS L1-L2 jammer is designed to cover a 15-meter range, effectively blocking all positioning devices and other GPS signals. This L1-L2 GPS blocker ensures the protection of your personal data and privacy.\" \/>\n<meta name=\"robots\" content=\"index, follow, max-snippet:-1, max-image-preview:large, max-video-preview:-1\" \/>\n<link rel=\"canonical\" href=\"https:\/\/www.jammersignal.com\/fr\/produit\/portable-handheld-2band-gps-l1-l2-jammer\/\" \/>\n<meta property=\"og:locale\" content=\"fr_FR\" \/>\n<meta property=\"og:type\" content=\"article\" \/>\n<meta property=\"og:title\" content=\"Portable 2 Band GPS L1-L2 Jammer Handheld Car 2 Frequency Bands GPS Blockers - JAMMERSIGNAL\" \/>\n<meta property=\"og:description\" content=\"The 2-band GPS L1-L2 jammer is designed to cover a 15-meter range, effectively blocking all positioning devices and other GPS signals. This L1-L2 GPS blocker ensures the protection of your personal data and privacy.\" \/>\n<meta property=\"og:url\" content=\"https:\/\/www.jammersignal.com\/fr\/produit\/portable-handheld-2band-gps-l1-l2-jammer\/\" \/>\n<meta property=\"og:site_name\" content=\"JAMMERSIGNAL\" \/>\n<meta property=\"article:modified_time\" content=\"2024-12-20T06:18:31+00:00\" \/>\n<meta property=\"og:image\" content=\"https:\/\/www.jammersignal.com\/wp-content\/uploads\/2024\/05\/handheld-portable-jammersignal-jammer-2-band-l1-l2-jammers-1.jpg\" \/>\n\t<meta property=\"og:image:width\" content=\"433\" \/>\n\t<meta property=\"og:image:height\" content=\"433\" \/>\n\t<meta property=\"og:image:type\" content=\"image\/jpeg\" \/>\n<meta name=\"twitter:card\" content=\"summary_large_image\" \/>\n<meta name=\"twitter:label1\" content=\"Dur\u00e9e de lecture estim\u00e9e\" \/>\n\t<meta name=\"twitter:data1\" content=\"2 minutes\" \/>\n<script type=\"application\/ld+json\" class=\"yoast-schema-graph\">{\"@context\":\"https:\/\/schema.org\",\"@graph\":[{\"@type\":\"WebPage\",\"@id\":\"https:\/\/www.jammersignal.com\/product\/portable-handheld-2band-gps-l1-l2-jammer\/\",\"url\":\"https:\/\/www.jammersignal.com\/product\/portable-handheld-2band-gps-l1-l2-jammer\/\",\"name\":\"Portable 2 Band GPS L1-L2 Jammer Handheld Car 2 Frequency Bands GPS Blockers - JAMMERSIGNAL\",\"isPartOf\":{\"@id\":\"https:\/\/www.jammersignal.com\/#website\"},\"primaryImageOfPage\":{\"@id\":\"https:\/\/www.jammersignal.com\/product\/portable-handheld-2band-gps-l1-l2-jammer\/#primaryimage\"},\"image\":{\"@id\":\"https:\/\/www.jammersignal.com\/product\/portable-handheld-2band-gps-l1-l2-jammer\/#primaryimage\"},\"thumbnailUrl\":\"https:\/\/www.jammersignal.com\/wp-content\/uploads\/2024\/05\/handheld-portable-jammersignal-jammer-2-band-l1-l2-jammers-1.jpg\",\"datePublished\":\"2024-05-19T07:49:59+00:00\",\"dateModified\":\"2024-12-20T06:18:31+00:00\",\"description\":\"The 2-band GPS L1-L2 jammer is designed to cover a 15-meter range, effectively blocking all positioning devices and other GPS signals. This L1-L2 GPS blocker ensures the protection of your personal data and privacy.\",\"breadcrumb\":{\"@id\":\"https:\/\/www.jammersignal.com\/product\/portable-handheld-2band-gps-l1-l2-jammer\/#breadcrumb\"},\"inLanguage\":\"fr-FR\",\"potentialAction\":[{\"@type\":\"ReadAction\",\"target\":[\"https:\/\/www.jammersignal.com\/product\/portable-handheld-2band-gps-l1-l2-jammer\/\"]}]},{\"@type\":\"ImageObject\",\"inLanguage\":\"fr-FR\",\"@id\":\"https:\/\/www.jammersignal.com\/product\/portable-handheld-2band-gps-l1-l2-jammer\/#primaryimage\",\"url\":\"https:\/\/www.jammersignal.com\/wp-content\/uploads\/2024\/05\/handheld-portable-jammersignal-jammer-2-band-l1-l2-jammers-1.jpg\",\"contentUrl\":\"https:\/\/www.jammersignal.com\/wp-content\/uploads\/2024\/05\/handheld-portable-jammersignal-jammer-2-band-l1-l2-jammers-1.jpg\",\"width\":433,\"height\":433,\"caption\":\"handheld portable jammersignal jammer 2 band l1 l2 jammers (1)\"},{\"@type\":\"BreadcrumbList\",\"@id\":\"https:\/\/www.jammersignal.com\/product\/portable-handheld-2band-gps-l1-l2-jammer\/#breadcrumb\",\"itemListElement\":[{\"@type\":\"ListItem\",\"position\":1,\"name\":\"Home\",\"item\":\"https:\/\/www.jammersignal.com\/\"},{\"@type\":\"ListItem\",\"position\":2,\"name\":\"Shop\",\"item\":\"https:\/\/www.jammersignal.com\/shop\/\"},{\"@type\":\"ListItem\",\"position\":3,\"name\":\"Signal Blocker\",\"item\":\"https:\/\/www.jammersignal.com\/product-category\/signal-blocker\/\"},{\"@type\":\"ListItem\",\"position\":4,\"name\":\"Portable Handheld 2 Band GPS L1-L2 Jammer\"}]},{\"@type\":\"WebSite\",\"@id\":\"https:\/\/www.jammersignal.com\/#website\",\"url\":\"https:\/\/www.jammersignal.com\/\",\"name\":\"JAMMERSIGNAL\",\"description\":\"\",\"publisher\":{\"@id\":\"https:\/\/www.jammersignal.com\/#organization\"},\"potentialAction\":[{\"@type\":\"SearchAction\",\"target\":{\"@type\":\"EntryPoint\",\"urlTemplate\":\"https:\/\/www.jammersignal.com\/?s={search_term_string}\"},\"query-input\":{\"@type\":\"PropertyValueSpecification\",\"valueRequired\":true,\"valueName\":\"search_term_string\"}}],\"inLanguage\":\"fr-FR\"},{\"@type\":\"Organization\",\"@id\":\"https:\/\/www.jammersignal.com\/#organization\",\"name\":\"JAMMERSIGNAL\",\"url\":\"https:\/\/www.jammersignal.com\/\",\"logo\":{\"@type\":\"ImageObject\",\"inLanguage\":\"fr-FR\",\"@id\":\"https:\/\/www.jammersignal.com\/#\/schema\/logo\/image\/\",\"url\":\"https:\/\/www.jammersignal.com\/wp-content\/uploads\/2024\/05\/cropped-jammersignal-logo-4.png\",\"contentUrl\":\"https:\/\/www.jammersignal.com\/wp-content\/uploads\/2024\/05\/cropped-jammersignal-logo-4.png\",\"width\":104,\"height\":34,\"caption\":\"JAMMERSIGNAL\"},\"image\":{\"@id\":\"https:\/\/www.jammersignal.com\/#\/schema\/logo\/image\/\"}}]}<\/script>\n<!-- \/ Yoast SEO plugin. -->","yoast_head_json":{"title":"Brouilleur GPS portable \u00e0 2 bandes L1-L2 Brouilleur GPS portable pour voiture \u00e0 2 bandes de fr\u00e9quences - JAMMERSIGNAL","description":"Le brouilleur GPS L1-L2 \u00e0 2 bandes est con\u00e7u pour couvrir une port\u00e9e de 15 m\u00e8tres, bloquant efficacement tous les dispositifs de positionnement et autres signaux GPS. Ce bloqueur GPS L1-L2 garantit la protection de vos donn\u00e9es personnelles et de votre vie priv\u00e9e.","robots":{"index":"index","follow":"follow","max-snippet":"max-snippet:-1","max-image-preview":"max-image-preview:large","max-video-preview":"max-video-preview:-1"},"canonical":"https:\/\/www.jammersignal.com\/fr\/produit\/portable-handheld-2band-gps-l1-l2-jammer\/","og_locale":"fr_FR","og_type":"article","og_title":"Portable 2 Band GPS L1-L2 Jammer Handheld Car 2 Frequency Bands GPS Blockers - JAMMERSIGNAL","og_description":"The 2-band GPS L1-L2 jammer is designed to cover a 15-meter range, effectively blocking all positioning devices and other GPS signals. This L1-L2 GPS blocker ensures the protection of your personal data and privacy.","og_url":"https:\/\/www.jammersignal.com\/fr\/produit\/portable-handheld-2band-gps-l1-l2-jammer\/","og_site_name":"JAMMERSIGNAL","article_modified_time":"2024-12-20T06:18:31+00:00","og_image":[{"width":433,"height":433,"url":"https:\/\/www.jammersignal.com\/wp-content\/uploads\/2024\/05\/handheld-portable-jammersignal-jammer-2-band-l1-l2-jammers-1.jpg","type":"image\/jpeg"}],"twitter_card":"summary_large_image","twitter_misc":{"Dur\u00e9e de lecture estim\u00e9e":"2 minutes"},"schema":{"@context":"https:\/\/schema.org","@graph":[{"@type":"WebPage","@id":"https:\/\/www.jammersignal.com\/product\/portable-handheld-2band-gps-l1-l2-jammer\/","url":"https:\/\/www.jammersignal.com\/product\/portable-handheld-2band-gps-l1-l2-jammer\/","name":"Brouilleur GPS portable \u00e0 2 bandes L1-L2 Brouilleur GPS portable pour voiture \u00e0 2 bandes de fr\u00e9quences - JAMMERSIGNAL","isPartOf":{"@id":"https:\/\/www.jammersignal.com\/#website"},"primaryImageOfPage":{"@id":"https:\/\/www.jammersignal.com\/product\/portable-handheld-2band-gps-l1-l2-jammer\/#primaryimage"},"image":{"@id":"https:\/\/www.jammersignal.com\/product\/portable-handheld-2band-gps-l1-l2-jammer\/#primaryimage"},"thumbnailUrl":"https:\/\/www.jammersignal.com\/wp-content\/uploads\/2024\/05\/handheld-portable-jammersignal-jammer-2-band-l1-l2-jammers-1.jpg","datePublished":"2024-05-19T07:49:59+00:00","dateModified":"2024-12-20T06:18:31+00:00","description":"Le brouilleur GPS L1-L2 \u00e0 2 bandes est con\u00e7u pour couvrir une port\u00e9e de 15 m\u00e8tres, bloquant efficacement tous les dispositifs de positionnement et autres signaux GPS. Ce bloqueur GPS L1-L2 garantit la protection de vos donn\u00e9es personnelles et de votre vie priv\u00e9e.","breadcrumb":{"@id":"https:\/\/www.jammersignal.com\/product\/portable-handheld-2band-gps-l1-l2-jammer\/#breadcrumb"},"inLanguage":"fr-FR","potentialAction":[{"@type":"ReadAction","target":["https:\/\/www.jammersignal.com\/product\/portable-handheld-2band-gps-l1-l2-jammer\/"]}]},{"@type":"ImageObject","inLanguage":"fr-FR","@id":"https:\/\/www.jammersignal.com\/product\/portable-handheld-2band-gps-l1-l2-jammer\/#primaryimage","url":"https:\/\/www.jammersignal.com\/wp-content\/uploads\/2024\/05\/handheld-portable-jammersignal-jammer-2-band-l1-l2-jammers-1.jpg","contentUrl":"https:\/\/www.jammersignal.com\/wp-content\/uploads\/2024\/05\/handheld-portable-jammersignal-jammer-2-band-l1-l2-jammers-1.jpg","width":433,"height":433,"caption":"handheld portable jammersignal jammer 2 band l1 l2 jammers (1)"},{"@type":"BreadcrumbList","@id":"https:\/\/www.jammersignal.com\/product\/portable-handheld-2band-gps-l1-l2-jammer\/#breadcrumb","itemListElement":[{"@type":"ListItem","position":1,"name":"Home","item":"https:\/\/www.jammersignal.com\/"},{"@type":"ListItem","position":2,"name":"Shop","item":"https:\/\/www.jammersignal.com\/shop\/"},{"@type":"ListItem","position":3,"name":"Signal Blocker","item":"https:\/\/www.jammersignal.com\/product-category\/signal-blocker\/"},{"@type":"ListItem","position":4,"name":"Portable Handheld 2 Band GPS L1-L2 Jammer"}]},{"@type":"WebSite","@id":"https:\/\/www.jammersignal.com\/#website","url":"https:\/\/www.jammersignal.com\/","name":"JAMMERSIGNAL","description":"","publisher":{"@id":"https:\/\/www.jammersignal.com\/#organization"},"potentialAction":[{"@type":"SearchAction","target":{"@type":"EntryPoint","urlTemplate":"https:\/\/www.jammersignal.com\/?s={search_term_string}"},"query-input":{"@type":"PropertyValueSpecification","valueRequired":true,"valueName":"search_term_string"}}],"inLanguage":"fr-FR"},{"@type":"Organization","@id":"https:\/\/www.jammersignal.com\/#organization","name":"JAMMERSIGNAL","url":"https:\/\/www.jammersignal.com\/","logo":{"@type":"ImageObject","inLanguage":"fr-FR","@id":"https:\/\/www.jammersignal.com\/#\/schema\/logo\/image\/","url":"https:\/\/www.jammersignal.com\/wp-content\/uploads\/2024\/05\/cropped-jammersignal-logo-4.png","contentUrl":"https:\/\/www.jammersignal.com\/wp-content\/uploads\/2024\/05\/cropped-jammersignal-logo-4.png","width":104,"height":34,"caption":"JAMMERSIGNAL"},"image":{"@id":"https:\/\/www.jammersignal.com\/#\/schema\/logo\/image\/"}}]}},"_links":{"self":[{"href":"https:\/\/www.jammersignal.com\/fr\/wp-json\/wp\/v2\/product\/1863","targetHints":{"allow":["GET"]}}],"collection":[{"href":"https:\/\/www.jammersignal.com\/fr\/wp-json\/wp\/v2\/product"}],"about":[{"href":"https:\/\/www.jammersignal.com\/fr\/wp-json\/wp\/v2\/types\/product"}],"replies":[{"embeddable":true,"href":"https:\/\/www.jammersignal.com\/fr\/wp-json\/wp\/v2\/comments?post=1863"}],"version-history":[{"count":7,"href":"https:\/\/www.jammersignal.com\/fr\/wp-json\/wp\/v2\/product\/1863\/revisions"}],"predecessor-version":[{"id":1895,"href":"https:\/\/www.jammersignal.com\/fr\/wp-json\/wp\/v2\/product\/1863\/revisions\/1895"}],"wp:featuredmedia":[{"embeddable":true,"href":"https:\/\/www.jammersignal.com\/fr\/wp-json\/wp\/v2\/media\/1513"}],"wp:attachment":[{"href":"https:\/\/www.jammersignal.com\/fr\/wp-json\/wp\/v2\/media?parent=1863"}],"wp:term":[{"taxonomy":"product_brand","embeddable":true,"href":"https:\/\/www.jammersignal.com\/fr\/wp-json\/wp\/v2\/product_brand?post=1863"},{"taxonomy":"product_cat","embeddable":true,"href":"https:\/\/www.jammersignal.com\/fr\/wp-json\/wp\/v2\/product_cat?post=1863"},{"taxonomy":"product_tag","embeddable":true,"href":"https:\/\/www.jammersignal.com\/fr\/wp-json\/wp\/v2\/product_tag?post=1863"}],"curies":[{"name":"wp","href":"https:\/\/api.w.org\/{rel}","templated":true}]}}