{"id":1955,"date":"2024-05-19T11:19:13","date_gmt":"2024-05-19T11:19:13","guid":{"rendered":"https:\/\/www.jammersignal.com\/?post_type=product&#038;p=1955"},"modified":"2024-12-17T07:53:44","modified_gmt":"2024-12-17T07:53:44","slug":"portable-recording-jammer-anti-recording-equipment","status":"publish","type":"product","link":"https:\/\/www.jammersignal.com\/fr\/produit\/portable-recording-jammer-anti-recording-equipment\/","title":{"rendered":"MDPB-S108 Brouilleur d'enregistrement portable \u00c9quipement anti-enregistrement"},"content":{"rendered":"<div data-elementor-type=\"wp-post\" data-elementor-id=\"1955\" class=\"elementor elementor-1955\">\n\t\t\t\t<div class=\"elementor-element elementor-element-4a8c2a2 e-flex e-con-boxed e-con e-parent\" data-id=\"4a8c2a2\" data-element_type=\"container\">\n\t\t\t\t\t<div class=\"e-con-inner\">\n\t\t<div class=\"elementor-element elementor-element-2677d1d e-con-full e-flex e-con e-child\" data-id=\"2677d1d\" data-element_type=\"container\">\n\t\t\t\t<div class=\"elementor-element elementor-element-5ee8a99 elementor-widget elementor-widget-text-editor\" data-id=\"5ee8a99\" data-element_type=\"widget\" data-widget_type=\"text-editor.default\">\n\t\t\t\t<div class=\"elementor-widget-container\">\n\t\t\t\t\t\t\t\t\t<h4>Sp\u00e9cifications techniques<\/h4><table width=\"344\"><tbody><tr><td width=\"72\"><strong>Nom du param\u00e8tre<\/strong><\/td><td width=\"272\"><strong>D\u00e9tails des param\u00e8tres<\/strong><\/td><\/tr><tr><td>Mod\u00e8le\u00a0<\/td><td>MDPB-S108<\/td><\/tr><tr><td>Fonction de purification de l'air<\/td><td>soutien<\/td><\/tr><tr><td>Camouflage<\/td><td>purificateur d'air<\/td><\/tr><tr><td>Mode interf\u00e9rence<\/td><td>Interf\u00e9rences acoustiques<\/td><\/tr><tr><td>Intensit\u00e9 des interf\u00e9rences<\/td><td>sup\u00e9rieur \u00e0 90dB (\u00e0 1 m\u00e8tre)<\/td><\/tr><tr><td>Son audible<\/td><td>Aucun<\/td><\/tr><tr><td>Distance de blindage<\/td><td>2-3 m\u00e8tres<\/td><\/tr><tr><td>Angle de blindage<\/td><td>horizontal 120\u00b0\/vertical 120\u00b0<\/td><\/tr><tr><td>R\u00e9sistance du blindage<\/td><td>3 niveaux r\u00e9glables<\/td><\/tr><tr><td>Distance de la t\u00e9l\u00e9commande<\/td><td>10 m\u00e8tres<\/td><\/tr><tr><td>Mode d'alimentation<\/td><td>adaptateur<\/td><\/tr><tr><td>Heures de travail<\/td><td>illimit\u00e9 (adaptateur)<\/td><\/tr><tr><td>Temp\u00e9rature de travail<\/td><td>0\u2103~45\u2103<\/td><\/tr><tr><td>Tension de fonctionnement<\/td><td>12V<\/td><\/tr><tr><td>Courant de travail<\/td><td>2A<\/td><\/tr><tr><td>Mat\u00e9riau de la coque<\/td><td>m\u00e9tal alliage acrylique<\/td><\/tr><tr><td>Poids<\/td><td>6Kg<\/td><\/tr><tr><td>Personnalisation de l'apparence<\/td><td>soutien<\/td><\/tr><tr><td>Accessoires<\/td><td>adaptateur\/t\u00e9l\u00e9commande\/cordon d'alimentation<\/td><\/tr><\/tbody><\/table>\t\t\t\t\t\t\t\t<\/div>\n\t\t\t\t<\/div>\n\t\t\t\t<\/div>\n\t\t<div class=\"elementor-element elementor-element-63abe0f e-con-full e-flex e-con e-child\" data-id=\"63abe0f\" data-element_type=\"container\">\n\t\t\t\t<div class=\"elementor-element elementor-element-3d0f9f0 elementor-widget elementor-widget-text-editor\" data-id=\"3d0f9f0\" data-element_type=\"widget\" data-widget_type=\"text-editor.default\">\n\t\t\t\t<div class=\"elementor-widget-container\">\n\t\t\t\t\t\t\t\t\t<h4>Informations sur les produits<\/h4><p>Le brouilleur d'enregistrement de bureau est le produit phare de la s\u00e9rie des brouilleurs d'enregistrement et est con\u00e7u pour des environnements tels que les bureaux de direction et les petites salles de conf\u00e9rence.<\/p><p><strong>Avantage :<\/strong><\/p><p>Le Desktop Jammer (\u00e9dition Camo) excelle dans plusieurs domaines cl\u00e9s de la gamme Jammer. Il pr\u00e9sente les principaux avantages suivants :<\/p><ol><li>Effet de blindage am\u00e9lior\u00e9 : Par rapport aux autres produits de cette s\u00e9rie, le brouilleur d'enregistrement de bureau (version camouflage) offre une puissance de signal de brouillage plus \u00e9lev\u00e9e. Cela cr\u00e9e un signal de bruit plus fort qui interf\u00e8re avec l'\u00e9quipement d'enregistrement, offrant ainsi un blindage plus efficace.<\/li><li>Distance de protection plus longue : La distance de protection du brouilleur d'enregistrement de bureau est sup\u00e9rieure \u00e0 celle des produits similaires. Il peut bloquer efficacement les meilleurs appareils d'enregistrement dans un rayon d'environ 2 \u00e0 3 m\u00e8tres. Dans certains cas, il peut m\u00eame atteindre des distances de blindage sup\u00e9rieures \u00e0 3-5 m\u00e8tres pour certains appareils d'enregistrement, tels que des t\u00e9l\u00e9phones portables sp\u00e9cifiques et des micro-mouchards.<\/li><li>Couverture compl\u00e8te des appareils : L'intercepteur d'enregistrement camoufl\u00e9 intercepte efficacement la plupart des dispositifs d'enregistrement courants. Le taux de couverture est sup\u00e9rieur \u00e0 95%, surpassant les produits similaires sur le march\u00e9.<\/li><\/ol><p>Le brouilleur d'enregistrement de bureau (version camouflage) a un effet de blindage plus fort, une distance de blindage plus longue et une couverture compl\u00e8te d'une vari\u00e9t\u00e9 d'appareils d'enregistrement. C'est le meilleur choix pour les bureaux de direction, les petites salles de conf\u00e9rence et d'autres environnements.<\/p><p><strong>Pr\u00e9cautions :<\/strong><\/p><p>1. les brouilleurs sont personnalis\u00e9s en fonction des bandes de fr\u00e9quence des diff\u00e9rents pays, veuillez vous assurer que le pays d'achat et le pays d'utilisation r\u00e9el sont coh\u00e9rents, sinon le brouilleur ne pourra pas \u00eatre utilis\u00e9. Veuillez lire la fonction du brouilleur avant de l'acheter.<br \/>2 Si les brouilleurs de faible puissance (tels que les brouilleurs portatifs) bloquent le signal d'un dispositif (tel qu'un routeur WIFI, un \u00e9quipement audio Bluetooth, etc.), l'effet sera m\u00e9diocre ou ne pourra m\u00eame pas \u00eatre brouill\u00e9.<br \/>3. il est interdit d'utiliser l'appareil pendant qu'il est en charge.<br \/>4. ne pas utiliser de brouilleurs portatifs comme brouilleurs de bureau.<br \/>5. n'utilisez pas de brouilleurs avant de connecter l'antenne.<\/p>\t\t\t\t\t\t\t\t<\/div>\n\t\t\t\t<\/div>\n\t\t\t\t<\/div>\n\t\t\t\t\t<\/div>\n\t\t\t\t<\/div>\n\t\t\t\t<\/div>","protected":false},"excerpt":{"rendered":"<p>Le brouilleur d'enregistrement de bureau (version camouflage) a un effet de blindage plus fort, une distance de blindage plus longue et une couverture compl\u00e8te d'une vari\u00e9t\u00e9 d'appareils d'enregistrement. C'est le meilleur choix pour les bureaux de direction, les petites salles de conf\u00e9rence et d'autres environnements.<\/p>\n<p><strong>Avantage :<\/strong><\/p>\n<p>Le Desktop Jammer (\u00e9dition Camo) excelle dans plusieurs domaines cl\u00e9s de la gamme Jammer. Il pr\u00e9sente les principaux avantages suivants :<\/p>\n<p>1. Effet de blindage am\u00e9lior\u00e9 : Compar\u00e9 aux autres produits de cette s\u00e9rie, le brouilleur d'enregistrement de bureau (version camouflage) offre une puissance de signal de brouillage plus \u00e9lev\u00e9e. Cela cr\u00e9e un signal de bruit plus fort qui interf\u00e8re avec l'\u00e9quipement d'enregistrement, offrant ainsi un blindage plus efficace.<br \/>\n2. Distance de protection plus longue : La distance de protection du brouilleur d'enregistrement de bureau est sup\u00e9rieure \u00e0 celle des produits similaires. Il peut bloquer efficacement les meilleurs appareils d'enregistrement dans un rayon d'environ 2 \u00e0 3 m\u00e8tres. Dans certains cas, il peut m\u00eame atteindre des distances de blindage sup\u00e9rieures \u00e0 3-5 m\u00e8tres pour certains appareils d'enregistrement, tels que des t\u00e9l\u00e9phones portables sp\u00e9cifiques et des micro-mouchards.<br \/>\n3. Couverture compl\u00e8te des appareils : L'intercepteur d'enregistrement camoufl\u00e9 intercepte efficacement la plupart des dispositifs d'enregistrement courants. Le taux de couverture est sup\u00e9rieur \u00e0 95%, surpassant les produits similaires sur le march\u00e9.<\/p>","protected":false},"featured_media":1574,"comment_status":"open","ping_status":"closed","template":"","meta":{"site-sidebar-layout":"no-sidebar","site-content-layout":"page-builder","ast-site-content-layout":"normal-width-container","site-content-style":"default","site-sidebar-style":"default","ast-global-header-display":"","ast-banner-title-visibility":"","ast-main-header-display":"","ast-hfb-above-header-display":"","ast-hfb-below-header-display":"","ast-hfb-mobile-header-display":"","site-post-title":"disabled","ast-breadcrumbs-content":"","ast-featured-img":"disabled","footer-sml-layout":"","theme-transparent-header-meta":"default","adv-header-id-meta":"","stick-header-meta":"default","header-above-stick-meta":"","header-main-stick-meta":"","header-below-stick-meta":"","astra-migrate-meta-layouts":"set","ast-page-background-enabled":"default","ast-page-background-meta":{"desktop":{"background-color":"var(--ast-global-color-4)","background-image":"","background-repeat":"repeat","background-position":"center center","background-size":"auto","background-attachment":"scroll","background-type":"","background-media":"","overlay-type":"","overlay-color":"","overlay-gradient":""},"tablet":{"background-color":"","background-image":"","background-repeat":"repeat","background-position":"center center","background-size":"auto","background-attachment":"scroll","background-type":"","background-media":"","overlay-type":"","overlay-color":"","overlay-gradient":""},"mobile":{"background-color":"","background-image":"","background-repeat":"repeat","background-position":"center center","background-size":"auto","background-attachment":"scroll","background-type":"","background-media":"","overlay-type":"","overlay-color":"","overlay-gradient":""}},"ast-content-background-meta":{"desktop":{"background-color":"var(--ast-global-color-5)","background-image":"","background-repeat":"repeat","background-position":"center center","background-size":"auto","background-attachment":"scroll","background-type":"","background-media":"","overlay-type":"","overlay-color":"","overlay-gradient":""},"tablet":{"background-color":"var(--ast-global-color-5)","background-image":"","background-repeat":"repeat","background-position":"center center","background-size":"auto","background-attachment":"scroll","background-type":"","background-media":"","overlay-type":"","overlay-color":"","overlay-gradient":""},"mobile":{"background-color":"var(--ast-global-color-5)","background-image":"","background-repeat":"repeat","background-position":"center center","background-size":"auto","background-attachment":"scroll","background-type":"","background-media":"","overlay-type":"","overlay-color":"","overlay-gradient":""}}},"product_brand":[],"product_cat":[15,53,46,71],"product_tag":[480,486,558],"class_list":{"0":"post-1955","1":"product","2":"type-product","3":"status-publish","4":"has-post-thumbnail","6":"product_cat-signal-blocker","7":"product_cat-hidden-signal-jammer","8":"product_cat-high-power-signal-jammers","9":"product_cat-more-than-1000dollars-jammers","10":"product_tag-microphone-jammer","11":"product_tag-recording-jammer","12":"product_tag-whats-a-jammer","13":"desktop-align-left","14":"tablet-align-left","15":"mobile-align-left","16":"ast-product-gallery-layout-horizontal-slider","17":"ast-product-single-variable","18":"ast-product-tabs-layout-horizontal","20":"first","21":"instock","22":"sale","23":"shipping-taxable","24":"purchasable","25":"product-type-variable"},"yoast_head":"<!-- This site is optimized with the Yoast SEO plugin v23.9 - https:\/\/yoast.com\/wordpress\/plugins\/seo\/ -->\n<title>Portable Office Desktop Recording Jammer Anti-Recording Equipment MDPB-S108 - JAMMERSIGNAL<\/title>\n<meta name=\"description\" content=\"The Desktop Recording Jammer is the flagship product in the Recording Jammer anti-recording equipment series and is designed for environments such as leadership offices and small conference rooms.\" \/>\n<meta name=\"robots\" content=\"index, follow, max-snippet:-1, max-image-preview:large, max-video-preview:-1\" \/>\n<link rel=\"canonical\" href=\"https:\/\/www.jammersignal.com\/fr\/produit\/portable-recording-jammer-anti-recording-equipment\/\" \/>\n<meta property=\"og:locale\" content=\"fr_FR\" \/>\n<meta property=\"og:type\" content=\"article\" \/>\n<meta property=\"og:title\" content=\"Portable Office Desktop Recording Jammer Anti-Recording Equipment MDPB-S108 - JAMMERSIGNAL\" \/>\n<meta property=\"og:description\" content=\"The Desktop Recording Jammer is the flagship product in the Recording Jammer anti-recording equipment series and is designed for environments such as leadership offices and small conference rooms.\" \/>\n<meta property=\"og:url\" content=\"https:\/\/www.jammersignal.com\/fr\/produit\/portable-recording-jammer-anti-recording-equipment\/\" \/>\n<meta property=\"og:site_name\" content=\"JAMMERSIGNAL\" \/>\n<meta property=\"article:modified_time\" content=\"2024-12-17T07:53:44+00:00\" \/>\n<meta property=\"og:image\" content=\"https:\/\/www.jammersignal.com\/wp-content\/uploads\/2024\/05\/mdpb-s108-portable-jammersignal-equipment-anti-recording-jammers-1.jpg\" \/>\n\t<meta property=\"og:image:width\" content=\"800\" \/>\n\t<meta property=\"og:image:height\" content=\"800\" \/>\n\t<meta property=\"og:image:type\" content=\"image\/jpeg\" \/>\n<meta name=\"twitter:card\" content=\"summary_large_image\" \/>\n<meta name=\"twitter:label1\" content=\"Dur\u00e9e de lecture estim\u00e9e\" \/>\n\t<meta name=\"twitter:data1\" content=\"2 minutes\" \/>\n<script type=\"application\/ld+json\" class=\"yoast-schema-graph\">{\"@context\":\"https:\/\/schema.org\",\"@graph\":[{\"@type\":\"WebPage\",\"@id\":\"https:\/\/www.jammersignal.com\/product\/portable-recording-jammer-anti-recording-equipment\/\",\"url\":\"https:\/\/www.jammersignal.com\/product\/portable-recording-jammer-anti-recording-equipment\/\",\"name\":\"Portable Office Desktop Recording Jammer Anti-Recording Equipment MDPB-S108 - JAMMERSIGNAL\",\"isPartOf\":{\"@id\":\"https:\/\/www.jammersignal.com\/#website\"},\"primaryImageOfPage\":{\"@id\":\"https:\/\/www.jammersignal.com\/product\/portable-recording-jammer-anti-recording-equipment\/#primaryimage\"},\"image\":{\"@id\":\"https:\/\/www.jammersignal.com\/product\/portable-recording-jammer-anti-recording-equipment\/#primaryimage\"},\"thumbnailUrl\":\"https:\/\/www.jammersignal.com\/wp-content\/uploads\/2024\/05\/mdpb-s108-portable-jammersignal-equipment-anti-recording-jammers-1.jpg\",\"datePublished\":\"2024-05-19T11:19:13+00:00\",\"dateModified\":\"2024-12-17T07:53:44+00:00\",\"description\":\"The Desktop Recording Jammer is the flagship product in the Recording Jammer anti-recording equipment series and is designed for environments such as leadership offices and small conference rooms.\",\"breadcrumb\":{\"@id\":\"https:\/\/www.jammersignal.com\/product\/portable-recording-jammer-anti-recording-equipment\/#breadcrumb\"},\"inLanguage\":\"fr-FR\",\"potentialAction\":[{\"@type\":\"ReadAction\",\"target\":[\"https:\/\/www.jammersignal.com\/product\/portable-recording-jammer-anti-recording-equipment\/\"]}]},{\"@type\":\"ImageObject\",\"inLanguage\":\"fr-FR\",\"@id\":\"https:\/\/www.jammersignal.com\/product\/portable-recording-jammer-anti-recording-equipment\/#primaryimage\",\"url\":\"https:\/\/www.jammersignal.com\/wp-content\/uploads\/2024\/05\/mdpb-s108-portable-jammersignal-equipment-anti-recording-jammers-1.jpg\",\"contentUrl\":\"https:\/\/www.jammersignal.com\/wp-content\/uploads\/2024\/05\/mdpb-s108-portable-jammersignal-equipment-anti-recording-jammers-1.jpg\",\"width\":800,\"height\":800,\"caption\":\"mdpb s108 portable jammersignal equipment anti recording jammers (1)\"},{\"@type\":\"BreadcrumbList\",\"@id\":\"https:\/\/www.jammersignal.com\/product\/portable-recording-jammer-anti-recording-equipment\/#breadcrumb\",\"itemListElement\":[{\"@type\":\"ListItem\",\"position\":1,\"name\":\"Home\",\"item\":\"https:\/\/www.jammersignal.com\/\"},{\"@type\":\"ListItem\",\"position\":2,\"name\":\"Shop\",\"item\":\"https:\/\/www.jammersignal.com\/shop\/\"},{\"@type\":\"ListItem\",\"position\":3,\"name\":\"Signal Blocker\",\"item\":\"https:\/\/www.jammersignal.com\/product-category\/signal-blocker\/\"},{\"@type\":\"ListItem\",\"position\":4,\"name\":\"MDPB-S108 Portable Recording Jammer Anti-Recording Equipment\"}]},{\"@type\":\"WebSite\",\"@id\":\"https:\/\/www.jammersignal.com\/#website\",\"url\":\"https:\/\/www.jammersignal.com\/\",\"name\":\"JAMMERSIGNAL\",\"description\":\"\",\"publisher\":{\"@id\":\"https:\/\/www.jammersignal.com\/#organization\"},\"potentialAction\":[{\"@type\":\"SearchAction\",\"target\":{\"@type\":\"EntryPoint\",\"urlTemplate\":\"https:\/\/www.jammersignal.com\/?s={search_term_string}\"},\"query-input\":{\"@type\":\"PropertyValueSpecification\",\"valueRequired\":true,\"valueName\":\"search_term_string\"}}],\"inLanguage\":\"fr-FR\"},{\"@type\":\"Organization\",\"@id\":\"https:\/\/www.jammersignal.com\/#organization\",\"name\":\"JAMMERSIGNAL\",\"url\":\"https:\/\/www.jammersignal.com\/\",\"logo\":{\"@type\":\"ImageObject\",\"inLanguage\":\"fr-FR\",\"@id\":\"https:\/\/www.jammersignal.com\/#\/schema\/logo\/image\/\",\"url\":\"https:\/\/www.jammersignal.com\/wp-content\/uploads\/2024\/05\/cropped-jammersignal-logo-4.png\",\"contentUrl\":\"https:\/\/www.jammersignal.com\/wp-content\/uploads\/2024\/05\/cropped-jammersignal-logo-4.png\",\"width\":104,\"height\":34,\"caption\":\"JAMMERSIGNAL\"},\"image\":{\"@id\":\"https:\/\/www.jammersignal.com\/#\/schema\/logo\/image\/\"}}]}<\/script>\n<!-- \/ Yoast SEO plugin. -->","yoast_head_json":{"title":"Brouilleur d'enregistrement portable de bureau \u00c9quipement anti-enregistrement MDPB-S108 - JAMMERSIGNAL","description":"Le Desktop Recording Jammer est le produit phare de la s\u00e9rie d'\u00e9quipements anti-enregistrement Recording Jammer et est con\u00e7u pour des environnements tels que les bureaux de direction et les petites salles de conf\u00e9rence.","robots":{"index":"index","follow":"follow","max-snippet":"max-snippet:-1","max-image-preview":"max-image-preview:large","max-video-preview":"max-video-preview:-1"},"canonical":"https:\/\/www.jammersignal.com\/fr\/produit\/portable-recording-jammer-anti-recording-equipment\/","og_locale":"fr_FR","og_type":"article","og_title":"Portable Office Desktop Recording Jammer Anti-Recording Equipment MDPB-S108 - JAMMERSIGNAL","og_description":"The Desktop Recording Jammer is the flagship product in the Recording Jammer anti-recording equipment series and is designed for environments such as leadership offices and small conference rooms.","og_url":"https:\/\/www.jammersignal.com\/fr\/produit\/portable-recording-jammer-anti-recording-equipment\/","og_site_name":"JAMMERSIGNAL","article_modified_time":"2024-12-17T07:53:44+00:00","og_image":[{"width":800,"height":800,"url":"https:\/\/www.jammersignal.com\/wp-content\/uploads\/2024\/05\/mdpb-s108-portable-jammersignal-equipment-anti-recording-jammers-1.jpg","type":"image\/jpeg"}],"twitter_card":"summary_large_image","twitter_misc":{"Dur\u00e9e de lecture estim\u00e9e":"2 minutes"},"schema":{"@context":"https:\/\/schema.org","@graph":[{"@type":"WebPage","@id":"https:\/\/www.jammersignal.com\/product\/portable-recording-jammer-anti-recording-equipment\/","url":"https:\/\/www.jammersignal.com\/product\/portable-recording-jammer-anti-recording-equipment\/","name":"Brouilleur d'enregistrement portable de bureau \u00c9quipement anti-enregistrement MDPB-S108 - JAMMERSIGNAL","isPartOf":{"@id":"https:\/\/www.jammersignal.com\/#website"},"primaryImageOfPage":{"@id":"https:\/\/www.jammersignal.com\/product\/portable-recording-jammer-anti-recording-equipment\/#primaryimage"},"image":{"@id":"https:\/\/www.jammersignal.com\/product\/portable-recording-jammer-anti-recording-equipment\/#primaryimage"},"thumbnailUrl":"https:\/\/www.jammersignal.com\/wp-content\/uploads\/2024\/05\/mdpb-s108-portable-jammersignal-equipment-anti-recording-jammers-1.jpg","datePublished":"2024-05-19T11:19:13+00:00","dateModified":"2024-12-17T07:53:44+00:00","description":"Le Desktop Recording Jammer est le produit phare de la s\u00e9rie d'\u00e9quipements anti-enregistrement Recording Jammer et est con\u00e7u pour des environnements tels que les bureaux de direction et les petites salles de conf\u00e9rence.","breadcrumb":{"@id":"https:\/\/www.jammersignal.com\/product\/portable-recording-jammer-anti-recording-equipment\/#breadcrumb"},"inLanguage":"fr-FR","potentialAction":[{"@type":"ReadAction","target":["https:\/\/www.jammersignal.com\/product\/portable-recording-jammer-anti-recording-equipment\/"]}]},{"@type":"ImageObject","inLanguage":"fr-FR","@id":"https:\/\/www.jammersignal.com\/product\/portable-recording-jammer-anti-recording-equipment\/#primaryimage","url":"https:\/\/www.jammersignal.com\/wp-content\/uploads\/2024\/05\/mdpb-s108-portable-jammersignal-equipment-anti-recording-jammers-1.jpg","contentUrl":"https:\/\/www.jammersignal.com\/wp-content\/uploads\/2024\/05\/mdpb-s108-portable-jammersignal-equipment-anti-recording-jammers-1.jpg","width":800,"height":800,"caption":"mdpb s108 portable jammersignal equipment anti recording jammers (1)"},{"@type":"BreadcrumbList","@id":"https:\/\/www.jammersignal.com\/product\/portable-recording-jammer-anti-recording-equipment\/#breadcrumb","itemListElement":[{"@type":"ListItem","position":1,"name":"Home","item":"https:\/\/www.jammersignal.com\/"},{"@type":"ListItem","position":2,"name":"Shop","item":"https:\/\/www.jammersignal.com\/shop\/"},{"@type":"ListItem","position":3,"name":"Signal Blocker","item":"https:\/\/www.jammersignal.com\/product-category\/signal-blocker\/"},{"@type":"ListItem","position":4,"name":"MDPB-S108 Portable Recording Jammer Anti-Recording Equipment"}]},{"@type":"WebSite","@id":"https:\/\/www.jammersignal.com\/#website","url":"https:\/\/www.jammersignal.com\/","name":"JAMMERSIGNAL","description":"","publisher":{"@id":"https:\/\/www.jammersignal.com\/#organization"},"potentialAction":[{"@type":"SearchAction","target":{"@type":"EntryPoint","urlTemplate":"https:\/\/www.jammersignal.com\/?s={search_term_string}"},"query-input":{"@type":"PropertyValueSpecification","valueRequired":true,"valueName":"search_term_string"}}],"inLanguage":"fr-FR"},{"@type":"Organization","@id":"https:\/\/www.jammersignal.com\/#organization","name":"JAMMERSIGNAL","url":"https:\/\/www.jammersignal.com\/","logo":{"@type":"ImageObject","inLanguage":"fr-FR","@id":"https:\/\/www.jammersignal.com\/#\/schema\/logo\/image\/","url":"https:\/\/www.jammersignal.com\/wp-content\/uploads\/2024\/05\/cropped-jammersignal-logo-4.png","contentUrl":"https:\/\/www.jammersignal.com\/wp-content\/uploads\/2024\/05\/cropped-jammersignal-logo-4.png","width":104,"height":34,"caption":"JAMMERSIGNAL"},"image":{"@id":"https:\/\/www.jammersignal.com\/#\/schema\/logo\/image\/"}}]}},"_links":{"self":[{"href":"https:\/\/www.jammersignal.com\/fr\/wp-json\/wp\/v2\/product\/1955","targetHints":{"allow":["GET"]}}],"collection":[{"href":"https:\/\/www.jammersignal.com\/fr\/wp-json\/wp\/v2\/product"}],"about":[{"href":"https:\/\/www.jammersignal.com\/fr\/wp-json\/wp\/v2\/types\/product"}],"replies":[{"embeddable":true,"href":"https:\/\/www.jammersignal.com\/fr\/wp-json\/wp\/v2\/comments?post=1955"}],"version-history":[{"count":4,"href":"https:\/\/www.jammersignal.com\/fr\/wp-json\/wp\/v2\/product\/1955\/revisions"}],"predecessor-version":[{"id":1999,"href":"https:\/\/www.jammersignal.com\/fr\/wp-json\/wp\/v2\/product\/1955\/revisions\/1999"}],"wp:featuredmedia":[{"embeddable":true,"href":"https:\/\/www.jammersignal.com\/fr\/wp-json\/wp\/v2\/media\/1574"}],"wp:attachment":[{"href":"https:\/\/www.jammersignal.com\/fr\/wp-json\/wp\/v2\/media?parent=1955"}],"wp:term":[{"taxonomy":"product_brand","embeddable":true,"href":"https:\/\/www.jammersignal.com\/fr\/wp-json\/wp\/v2\/product_brand?post=1955"},{"taxonomy":"product_cat","embeddable":true,"href":"https:\/\/www.jammersignal.com\/fr\/wp-json\/wp\/v2\/product_cat?post=1955"},{"taxonomy":"product_tag","embeddable":true,"href":"https:\/\/www.jammersignal.com\/fr\/wp-json\/wp\/v2\/product_tag?post=1955"}],"curies":[{"name":"wp","href":"https:\/\/api.w.org\/{rel}","templated":true}]}}