{"id":2085,"date":"2024-05-20T00:50:19","date_gmt":"2024-05-20T00:50:19","guid":{"rendered":"https:\/\/www.jammersignal.com\/?post_type=product&#038;p=2085"},"modified":"2024-12-17T07:53:19","modified_gmt":"2024-12-17T07:53:19","slug":"10channel-mobile-phone-jammer","status":"publish","type":"product","link":"https:\/\/www.jammersignal.com\/fr\/produit\/10channel-mobile-phone-jammer\/","title":{"rendered":"Brouilleur de signaux de t\u00e9l\u00e9phone mobile \u00e0 10 canaux"},"content":{"rendered":"<div data-elementor-type=\"wp-post\" data-elementor-id=\"2085\" class=\"elementor elementor-2085\">\n\t\t\t\t<div class=\"elementor-element elementor-element-b926400 e-flex e-con-boxed e-con e-parent\" data-id=\"b926400\" data-element_type=\"container\">\n\t\t\t\t\t<div class=\"e-con-inner\">\n\t\t\t\t<div class=\"elementor-element elementor-element-9999299 elementor-widget elementor-widget-text-editor\" data-id=\"9999299\" data-element_type=\"widget\" data-widget_type=\"text-editor.default\">\n\t\t\t\t<div class=\"elementor-widget-container\">\n\t\t\t\t\t\t\t\t\t<h4>Sp\u00e9cifications techniques<\/h4><table width=\"288\"><tbody><tr><td width=\"72\"><strong>Interface de sortie\u00a0<\/strong><\/td><td width=\"72\"><strong>Bande de fr\u00e9quence du bouclier<\/strong><\/td><td width=\"72\"><strong>Puissance de sortie RF<\/strong><\/td><td width=\"72\"><strong>Puissance de sortie\/canal<\/strong><\/td><\/tr><tr><td>Antenne 1<\/td><td>5.1\/5.8GHZ<\/td><td>27dBm<\/td><td>2dBm\/30KHz(min)<\/td><\/tr><tr><td>Antenne 2<\/td><td>3,5 GHz<\/td><td>27dBm<\/td><td>2dBm\/30KHz(min)<\/td><\/tr><tr><td>Antenne 3<\/td><td>2500-2700MHz<\/td><td>30dBm<\/td><td>2dBm\/30KHz(min)<\/td><\/tr><tr><td>Antenne 4<\/td><td>2300-2500MHZ<\/td><td>30dBm<\/td><td>2dBm\/30KHz(min)<\/td><\/tr><tr><td>Antenne 5<\/td><td>2000-2170MHz<\/td><td>30dBm<\/td><td>4dBm\/30KHz(min)<\/td><\/tr><tr><td>Antenne 6<\/td><td>1,5 GHz<\/td><td>30dBm<\/td><td>4dBm\/30KHz(min)<\/td><\/tr><tr><td>Antenne 7<\/td><td>0,7G MHz<\/td><td>30dBm<\/td><td>5dBm\/30KHz(min)<\/td><\/tr><tr><td>Antenne 8<\/td><td>847-965 MHz<\/td><td>30dBm<\/td><td>5dBm\/30KHz(min)<\/td><\/tr><tr><td>Antenne 9<\/td><td>4700-4900 MHz<\/td><td>27dBm<\/td><td>2dBm\/30KHz(min)<\/td><\/tr><tr><td>Antenne 10<\/td><td>1800-1920 MHz<\/td><td>30dBm<\/td><td>2dBm\/30KHz(min)<\/td><\/tr><tr><td colspan=\"4\">Alimentation : AC110~220-DC15V\/3A\u00a0<\/td><\/tr><tr><td>Consommation \u00e9lectrique : 48W<\/td><td>Poids : 1,3 kg<\/td><td colspan=\"2\" width=\"144\">Side\uff08length \u00d7wind \u00d7high\uff09 :<br \/>247\u00d780\u00d7220 cm<\/td><\/tr><\/tbody><\/table><h4>Informations sur les produits<\/h4><p>Le brouilleur de signaux de t\u00e9l\u00e9phone mobile \u00e0 10 canaux est un dispositif respectueux de l'environnement qui peut bloquer s\u00e9lectivement les signaux de t\u00e9l\u00e9phone mobile sans affecter les stations de base situ\u00e9es \u00e0 proximit\u00e9.<\/p><p>Ce brouilleur de signaux de t\u00e9l\u00e9phones portables fonctionne sur 10 canaux et peut bloquer efficacement divers signaux de t\u00e9l\u00e9phones portables dans un rayon de 1 \u00e0 4 m\u00e8tres (en fonction de la puissance du signal de la station de base), qu'il s'agisse de t\u00e9l\u00e9phones portables nationaux ou internationaux, assurant ainsi une d\u00e9connexion compl\u00e8te.<\/p><p><strong>Notes d'installation :<\/strong><\/p><p>1. Avant l'installation, assurez-vous que l'antenne est install\u00e9e correctement selon les indications fournies. Mettez ensuite l'appareil sous tension afin d'\u00e9viter tout dommage. Convient pour une utilisation dans de petites zones blind\u00e9es telles que les v\u00e9hicules et les bureaux.<\/p><p>2. L'appareil est \u00e9quip\u00e9 d'une batterie rechargeable, qui peut \u00eatre utilis\u00e9e pendant 2 heures avec une seule charge. Fonctions de protection de la batterie int\u00e9gr\u00e9es, y compris le chargement \u00e0 courant constant et \u00e0 tension constante, la protection contre les surintensit\u00e9s et la surchauffe, l'indication de l'\u00e9tat de charge, la d\u00e9tection du courant de charge, etc. Si l'appareil n'est pas utilis\u00e9 pendant une longue p\u00e9riode, il est recommand\u00e9 d'effectuer une charge d'entretien toutes les deux semaines.<\/p><p><strong>Instructions :<\/strong><\/p><p>Le mode de fonctionnement de l'appareil est contr\u00f4l\u00e9 par l'alimentation \u00e9lectrique.<\/p><p>1. Ouvrez l'emballage et v\u00e9rifiez que tous les accessoires sont inclus. Sortez l'unit\u00e9 principale et retirez le couvercle de protection de l'antenne. Lors de l'installation de l'antenne, alignez les num\u00e9ros sur l'antenne avec les num\u00e9ros correspondants sur l'unit\u00e9 principale et serrez-les.<\/p><p>2. V\u00e9rifiez que l'antenne est correctement install\u00e9e, puis mettez l'appareil sous tension. Observez que chaque voyant vert de l'unit\u00e9 principale s'allume.<\/p><p>3. Pour la premi\u00e8re utilisation, il est recommand\u00e9 de charger l'appareil pendant 10 \u00e0 12 heures. Pendant le processus de charge, observez le voyant de charge. Lorsque le voyant de charge s'\u00e9teint, le processus de charge est termin\u00e9.<\/p>\t\t\t\t\t\t\t\t<\/div>\n\t\t\t\t<\/div>\n\t\t\t\t\t<\/div>\n\t\t\t\t<\/div>\n\t\t\t\t<\/div>","protected":false},"excerpt":{"rendered":"<p>Le brouilleur de signaux de t\u00e9l\u00e9phone mobile \u00e0 10 canaux est un dispositif respectueux de l'environnement qui peut bloquer s\u00e9lectivement les signaux de t\u00e9l\u00e9phone mobile sans affecter les stations de base situ\u00e9es \u00e0 proximit\u00e9.<\/p>\n<p>Ce brouilleur de signaux de t\u00e9l\u00e9phones portables fonctionne sur 10 canaux et peut bloquer efficacement divers signaux de t\u00e9l\u00e9phones portables dans un rayon de 1 \u00e0 4 m\u00e8tres (en fonction de la puissance du signal de la station de base), qu'il s'agisse de t\u00e9l\u00e9phones portables nationaux ou internationaux, assurant ainsi une d\u00e9connexion compl\u00e8te.<\/p>","protected":false},"featured_media":1629,"comment_status":"open","ping_status":"closed","template":"","meta":{"site-sidebar-layout":"no-sidebar","site-content-layout":"page-builder","ast-site-content-layout":"normal-width-container","site-content-style":"default","site-sidebar-style":"default","ast-global-header-display":"","ast-banner-title-visibility":"","ast-main-header-display":"","ast-hfb-above-header-display":"","ast-hfb-below-header-display":"","ast-hfb-mobile-header-display":"","site-post-title":"disabled","ast-breadcrumbs-content":"","ast-featured-img":"disabled","footer-sml-layout":"","theme-transparent-header-meta":"default","adv-header-id-meta":"","stick-header-meta":"default","header-above-stick-meta":"","header-main-stick-meta":"","header-below-stick-meta":"","astra-migrate-meta-layouts":"set","ast-page-background-enabled":"default","ast-page-background-meta":{"desktop":{"background-color":"var(--ast-global-color-4)","background-image":"","background-repeat":"repeat","background-position":"center center","background-size":"auto","background-attachment":"scroll","background-type":"","background-media":"","overlay-type":"","overlay-color":"","overlay-gradient":""},"tablet":{"background-color":"","background-image":"","background-repeat":"repeat","background-position":"center center","background-size":"auto","background-attachment":"scroll","background-type":"","background-media":"","overlay-type":"","overlay-color":"","overlay-gradient":""},"mobile":{"background-color":"","background-image":"","background-repeat":"repeat","background-position":"center center","background-size":"auto","background-attachment":"scroll","background-type":"","background-media":"","overlay-type":"","overlay-color":"","overlay-gradient":""}},"ast-content-background-meta":{"desktop":{"background-color":"var(--ast-global-color-5)","background-image":"","background-repeat":"repeat","background-position":"center center","background-size":"auto","background-attachment":"scroll","background-type":"","background-media":"","overlay-type":"","overlay-color":"","overlay-gradient":""},"tablet":{"background-color":"var(--ast-global-color-5)","background-image":"","background-repeat":"repeat","background-position":"center center","background-size":"auto","background-attachment":"scroll","background-type":"","background-media":"","overlay-type":"","overlay-color":"","overlay-gradient":""},"mobile":{"background-color":"var(--ast-global-color-5)","background-image":"","background-repeat":"repeat","background-position":"center center","background-size":"auto","background-attachment":"scroll","background-type":"","background-media":"","overlay-type":"","overlay-color":"","overlay-gradient":""}}},"product_brand":[],"product_cat":[15,69,76,41,89,42,32,63,34,36],"product_tag":[311,244,313,315,529,164,261,121,276,202,206,129,211,287,219,511,542,478,225,145,544,294,347,227,515,460,232,234,235,236,554,556,239,558,240,397,335,338],"class_list":{"0":"post-2085","1":"product","2":"type-product","3":"status-publish","4":"has-post-thumbnail","6":"product_cat-signal-blocker","7":"product_cat-301-500dollars-jammers","8":"product_cat-10antennas-jammers","9":"product_cat-3g-signal-jammer","10":"product_cat-3g-umts2110-2170mhz","11":"product_cat-4g-jammer","12":"product_cat-cell-phone-signal-jammer","13":"product_cat-cheap-jammer","14":"product_cat-gps-signal-jammer","15":"product_cat-wifi-jammer","16":"product_tag-3g-cell-phone-signal-blocker-jammer","17":"product_tag-4g-cell-jammer","18":"product_tag-4g-cell-phone-blocker-jammer-overseas","19":"product_tag-4g-cell-phone-jammer-cheap","20":"product_tag-bluetooth-jammer-aaaaaa","21":"product_tag-cell-phone-blocker-signal-jammer-device","22":"product_tag-cell-phone-jammer-in-car","23":"product_tag-cell-phone-signal-jammer-amazon","24":"product_tag-cell-phone-signal-jammer-south-africa","25":"product_tag-cell-wifi-jammer","26":"product_tag-cheap-cell-phone-signal-jammer","27":"product_tag-diy-cell-phone-jammer","28":"product_tag-emp-jammer-cell-phone","29":"product_tag-hand-held-cell-phone-signal-jammer","30":"product_tag-homemade-cell-phone-jammer","31":"product_tag-jammer-cams","32":"product_tag-jammer-car-gps","33":"product_tag-jammer-device-for-camera","34":"product_tag-make-your-own-cell-phone-jammer","35":"product_tag-mini-cell-phone-jammer","36":"product_tag-mini-mobile-jammer","37":"product_tag-pocket-cell-phone-jammer","38":"product_tag-pocket-wifi-jammer","39":"product_tag-portable-cell-phone-jammer-amazon","40":"product_tag-portable-door-jammer","41":"product_tag-portable-mobile-phone-jammer","42":"product_tag-short-range-cell-phone-jammer","43":"product_tag-small-area-cell-phone-jammer","44":"product_tag-small-cell-phone-jammer","45":"product_tag-vehicle-cell-phone-jammer","46":"product_tag-video-camera-jammer","47":"product_tag-video-signal-jammer","48":"product_tag-what-is-the-best-cell-phone-jammer","49":"product_tag-whats-a-jammer","50":"product_tag-where-can-i-buy-a-cell-phone-jammer","51":"product_tag-wifi-gsm-jammer","52":"product_tag-wifi-jammer-device","53":"product_tag-wifi-signal-jammer-blocker","54":"desktop-align-left","55":"tablet-align-left","56":"mobile-align-left","57":"ast-product-gallery-layout-horizontal-slider","58":"ast-product-single-variable","59":"ast-product-tabs-layout-horizontal","61":"first","62":"instock","63":"sale","64":"shipping-taxable","65":"purchasable","66":"product-type-variable"},"yoast_head":"<!-- This site is optimized with the Yoast SEO plugin v23.9 - https:\/\/yoast.com\/wordpress\/plugins\/seo\/ -->\n<title>10-Channel Mobile Phone Signal Jammer Blocks 2G 3G 4G WIFI GPS, Interference Range 1-4 Meters - JAMMERSIGNAL<\/title>\n<meta name=\"description\" content=\"The 10-channel mobile phone signal jammer is an environmentally friendly device that can selectively block mobile phone signals without affecting nearby base stations. It can effectively block various mobile phone signals within a range of 1-4 meters.\" \/>\n<meta name=\"robots\" content=\"index, follow, max-snippet:-1, max-image-preview:large, max-video-preview:-1\" \/>\n<link rel=\"canonical\" href=\"https:\/\/www.jammersignal.com\/fr\/produit\/10channel-mobile-phone-jammer\/\" \/>\n<meta property=\"og:locale\" content=\"fr_FR\" \/>\n<meta property=\"og:type\" content=\"article\" \/>\n<meta property=\"og:title\" content=\"10-Channel Mobile Phone Signal Jammer Blocks 2G 3G 4G WIFI GPS, Interference Range 1-4 Meters - JAMMERSIGNAL\" \/>\n<meta property=\"og:description\" content=\"The 10-channel mobile phone signal jammer is an environmentally friendly device that can selectively block mobile phone signals without affecting nearby base stations. It can effectively block various mobile phone signals within a range of 1-4 meters.\" \/>\n<meta property=\"og:url\" content=\"https:\/\/www.jammersignal.com\/fr\/produit\/10channel-mobile-phone-jammer\/\" \/>\n<meta property=\"og:site_name\" content=\"JAMMERSIGNAL\" \/>\n<meta property=\"article:modified_time\" content=\"2024-12-17T07:53:19+00:00\" \/>\n<meta property=\"og:image\" content=\"https:\/\/www.jammersignal.com\/wp-content\/uploads\/2024\/05\/10-channel-mobile-jammersignal-blocker-signal-jammers-1.jpg\" \/>\n\t<meta property=\"og:image:width\" content=\"800\" \/>\n\t<meta property=\"og:image:height\" content=\"1000\" \/>\n\t<meta property=\"og:image:type\" content=\"image\/jpeg\" \/>\n<meta name=\"twitter:card\" content=\"summary_large_image\" \/>\n<meta name=\"twitter:label1\" content=\"Dur\u00e9e de lecture estim\u00e9e\" \/>\n\t<meta name=\"twitter:data1\" content=\"2 minutes\" \/>\n<script type=\"application\/ld+json\" class=\"yoast-schema-graph\">{\"@context\":\"https:\/\/schema.org\",\"@graph\":[{\"@type\":\"WebPage\",\"@id\":\"https:\/\/www.jammersignal.com\/product\/10channel-mobile-phone-jammer\/\",\"url\":\"https:\/\/www.jammersignal.com\/product\/10channel-mobile-phone-jammer\/\",\"name\":\"10-Channel Mobile Phone Signal Jammer Blocks 2G 3G 4G WIFI GPS, Interference Range 1-4 Meters - JAMMERSIGNAL\",\"isPartOf\":{\"@id\":\"https:\/\/www.jammersignal.com\/#website\"},\"primaryImageOfPage\":{\"@id\":\"https:\/\/www.jammersignal.com\/product\/10channel-mobile-phone-jammer\/#primaryimage\"},\"image\":{\"@id\":\"https:\/\/www.jammersignal.com\/product\/10channel-mobile-phone-jammer\/#primaryimage\"},\"thumbnailUrl\":\"https:\/\/www.jammersignal.com\/wp-content\/uploads\/2024\/05\/10-channel-mobile-jammersignal-blocker-signal-jammers-1.jpg\",\"datePublished\":\"2024-05-20T00:50:19+00:00\",\"dateModified\":\"2024-12-17T07:53:19+00:00\",\"description\":\"The 10-channel mobile phone signal jammer is an environmentally friendly device that can selectively block mobile phone signals without affecting nearby base stations. It can effectively block various mobile phone signals within a range of 1-4 meters.\",\"breadcrumb\":{\"@id\":\"https:\/\/www.jammersignal.com\/product\/10channel-mobile-phone-jammer\/#breadcrumb\"},\"inLanguage\":\"fr-FR\",\"potentialAction\":[{\"@type\":\"ReadAction\",\"target\":[\"https:\/\/www.jammersignal.com\/product\/10channel-mobile-phone-jammer\/\"]}]},{\"@type\":\"ImageObject\",\"inLanguage\":\"fr-FR\",\"@id\":\"https:\/\/www.jammersignal.com\/product\/10channel-mobile-phone-jammer\/#primaryimage\",\"url\":\"https:\/\/www.jammersignal.com\/wp-content\/uploads\/2024\/05\/10-channel-mobile-jammersignal-blocker-signal-jammers-1.jpg\",\"contentUrl\":\"https:\/\/www.jammersignal.com\/wp-content\/uploads\/2024\/05\/10-channel-mobile-jammersignal-blocker-signal-jammers-1.jpg\",\"width\":800,\"height\":1000,\"caption\":\"10 channel mobile jammersignal blocker signal jammers (1)\"},{\"@type\":\"BreadcrumbList\",\"@id\":\"https:\/\/www.jammersignal.com\/product\/10channel-mobile-phone-jammer\/#breadcrumb\",\"itemListElement\":[{\"@type\":\"ListItem\",\"position\":1,\"name\":\"Home\",\"item\":\"https:\/\/www.jammersignal.com\/\"},{\"@type\":\"ListItem\",\"position\":2,\"name\":\"Shop\",\"item\":\"https:\/\/www.jammersignal.com\/shop\/\"},{\"@type\":\"ListItem\",\"position\":3,\"name\":\"Signal Blocker\",\"item\":\"https:\/\/www.jammersignal.com\/product-category\/signal-blocker\/\"},{\"@type\":\"ListItem\",\"position\":4,\"name\":\"10-Channel Mobile Phone Signal Jammer\"}]},{\"@type\":\"WebSite\",\"@id\":\"https:\/\/www.jammersignal.com\/#website\",\"url\":\"https:\/\/www.jammersignal.com\/\",\"name\":\"JAMMERSIGNAL\",\"description\":\"\",\"publisher\":{\"@id\":\"https:\/\/www.jammersignal.com\/#organization\"},\"potentialAction\":[{\"@type\":\"SearchAction\",\"target\":{\"@type\":\"EntryPoint\",\"urlTemplate\":\"https:\/\/www.jammersignal.com\/?s={search_term_string}\"},\"query-input\":{\"@type\":\"PropertyValueSpecification\",\"valueRequired\":true,\"valueName\":\"search_term_string\"}}],\"inLanguage\":\"fr-FR\"},{\"@type\":\"Organization\",\"@id\":\"https:\/\/www.jammersignal.com\/#organization\",\"name\":\"JAMMERSIGNAL\",\"url\":\"https:\/\/www.jammersignal.com\/\",\"logo\":{\"@type\":\"ImageObject\",\"inLanguage\":\"fr-FR\",\"@id\":\"https:\/\/www.jammersignal.com\/#\/schema\/logo\/image\/\",\"url\":\"https:\/\/www.jammersignal.com\/wp-content\/uploads\/2024\/05\/cropped-jammersignal-logo-4.png\",\"contentUrl\":\"https:\/\/www.jammersignal.com\/wp-content\/uploads\/2024\/05\/cropped-jammersignal-logo-4.png\",\"width\":104,\"height\":34,\"caption\":\"JAMMERSIGNAL\"},\"image\":{\"@id\":\"https:\/\/www.jammersignal.com\/#\/schema\/logo\/image\/\"}}]}<\/script>\n<!-- \/ Yoast SEO plugin. -->","yoast_head_json":{"title":"Brouilleur de signal de t\u00e9l\u00e9phone mobile \u00e0 10 canaux bloquant 2G 3G 4G WIFI GPS, port\u00e9e d'interf\u00e9rence de 1 \u00e0 4 m\u00e8tres - JAMMERSIGNAL","description":"Le brouilleur de signaux de t\u00e9l\u00e9phone portable \u00e0 10 canaux est un dispositif \u00e9cologique qui peut bloquer s\u00e9lectivement les signaux de t\u00e9l\u00e9phone portable sans affecter les stations de base voisines. Il peut bloquer efficacement divers signaux de t\u00e9l\u00e9phone portable dans un rayon de 1 \u00e0 4 m\u00e8tres.","robots":{"index":"index","follow":"follow","max-snippet":"max-snippet:-1","max-image-preview":"max-image-preview:large","max-video-preview":"max-video-preview:-1"},"canonical":"https:\/\/www.jammersignal.com\/fr\/produit\/10channel-mobile-phone-jammer\/","og_locale":"fr_FR","og_type":"article","og_title":"10-Channel Mobile Phone Signal Jammer Blocks 2G 3G 4G WIFI GPS, Interference Range 1-4 Meters - JAMMERSIGNAL","og_description":"The 10-channel mobile phone signal jammer is an environmentally friendly device that can selectively block mobile phone signals without affecting nearby base stations. It can effectively block various mobile phone signals within a range of 1-4 meters.","og_url":"https:\/\/www.jammersignal.com\/fr\/produit\/10channel-mobile-phone-jammer\/","og_site_name":"JAMMERSIGNAL","article_modified_time":"2024-12-17T07:53:19+00:00","og_image":[{"width":800,"height":1000,"url":"https:\/\/www.jammersignal.com\/wp-content\/uploads\/2024\/05\/10-channel-mobile-jammersignal-blocker-signal-jammers-1.jpg","type":"image\/jpeg"}],"twitter_card":"summary_large_image","twitter_misc":{"Dur\u00e9e de lecture estim\u00e9e":"2 minutes"},"schema":{"@context":"https:\/\/schema.org","@graph":[{"@type":"WebPage","@id":"https:\/\/www.jammersignal.com\/product\/10channel-mobile-phone-jammer\/","url":"https:\/\/www.jammersignal.com\/product\/10channel-mobile-phone-jammer\/","name":"Brouilleur de signal de t\u00e9l\u00e9phone mobile \u00e0 10 canaux bloquant 2G 3G 4G WIFI GPS, port\u00e9e d'interf\u00e9rence de 1 \u00e0 4 m\u00e8tres - JAMMERSIGNAL","isPartOf":{"@id":"https:\/\/www.jammersignal.com\/#website"},"primaryImageOfPage":{"@id":"https:\/\/www.jammersignal.com\/product\/10channel-mobile-phone-jammer\/#primaryimage"},"image":{"@id":"https:\/\/www.jammersignal.com\/product\/10channel-mobile-phone-jammer\/#primaryimage"},"thumbnailUrl":"https:\/\/www.jammersignal.com\/wp-content\/uploads\/2024\/05\/10-channel-mobile-jammersignal-blocker-signal-jammers-1.jpg","datePublished":"2024-05-20T00:50:19+00:00","dateModified":"2024-12-17T07:53:19+00:00","description":"Le brouilleur de signaux de t\u00e9l\u00e9phone portable \u00e0 10 canaux est un dispositif \u00e9cologique qui peut bloquer s\u00e9lectivement les signaux de t\u00e9l\u00e9phone portable sans affecter les stations de base voisines. Il peut bloquer efficacement divers signaux de t\u00e9l\u00e9phone portable dans un rayon de 1 \u00e0 4 m\u00e8tres.","breadcrumb":{"@id":"https:\/\/www.jammersignal.com\/product\/10channel-mobile-phone-jammer\/#breadcrumb"},"inLanguage":"fr-FR","potentialAction":[{"@type":"ReadAction","target":["https:\/\/www.jammersignal.com\/product\/10channel-mobile-phone-jammer\/"]}]},{"@type":"ImageObject","inLanguage":"fr-FR","@id":"https:\/\/www.jammersignal.com\/product\/10channel-mobile-phone-jammer\/#primaryimage","url":"https:\/\/www.jammersignal.com\/wp-content\/uploads\/2024\/05\/10-channel-mobile-jammersignal-blocker-signal-jammers-1.jpg","contentUrl":"https:\/\/www.jammersignal.com\/wp-content\/uploads\/2024\/05\/10-channel-mobile-jammersignal-blocker-signal-jammers-1.jpg","width":800,"height":1000,"caption":"10 channel mobile jammersignal blocker signal jammers (1)"},{"@type":"BreadcrumbList","@id":"https:\/\/www.jammersignal.com\/product\/10channel-mobile-phone-jammer\/#breadcrumb","itemListElement":[{"@type":"ListItem","position":1,"name":"Home","item":"https:\/\/www.jammersignal.com\/"},{"@type":"ListItem","position":2,"name":"Shop","item":"https:\/\/www.jammersignal.com\/shop\/"},{"@type":"ListItem","position":3,"name":"Signal Blocker","item":"https:\/\/www.jammersignal.com\/product-category\/signal-blocker\/"},{"@type":"ListItem","position":4,"name":"10-Channel Mobile Phone Signal Jammer"}]},{"@type":"WebSite","@id":"https:\/\/www.jammersignal.com\/#website","url":"https:\/\/www.jammersignal.com\/","name":"JAMMERSIGNAL","description":"","publisher":{"@id":"https:\/\/www.jammersignal.com\/#organization"},"potentialAction":[{"@type":"SearchAction","target":{"@type":"EntryPoint","urlTemplate":"https:\/\/www.jammersignal.com\/?s={search_term_string}"},"query-input":{"@type":"PropertyValueSpecification","valueRequired":true,"valueName":"search_term_string"}}],"inLanguage":"fr-FR"},{"@type":"Organization","@id":"https:\/\/www.jammersignal.com\/#organization","name":"JAMMERSIGNAL","url":"https:\/\/www.jammersignal.com\/","logo":{"@type":"ImageObject","inLanguage":"fr-FR","@id":"https:\/\/www.jammersignal.com\/#\/schema\/logo\/image\/","url":"https:\/\/www.jammersignal.com\/wp-content\/uploads\/2024\/05\/cropped-jammersignal-logo-4.png","contentUrl":"https:\/\/www.jammersignal.com\/wp-content\/uploads\/2024\/05\/cropped-jammersignal-logo-4.png","width":104,"height":34,"caption":"JAMMERSIGNAL"},"image":{"@id":"https:\/\/www.jammersignal.com\/#\/schema\/logo\/image\/"}}]}},"_links":{"self":[{"href":"https:\/\/www.jammersignal.com\/fr\/wp-json\/wp\/v2\/product\/2085","targetHints":{"allow":["GET"]}}],"collection":[{"href":"https:\/\/www.jammersignal.com\/fr\/wp-json\/wp\/v2\/product"}],"about":[{"href":"https:\/\/www.jammersignal.com\/fr\/wp-json\/wp\/v2\/types\/product"}],"replies":[{"embeddable":true,"href":"https:\/\/www.jammersignal.com\/fr\/wp-json\/wp\/v2\/comments?post=2085"}],"version-history":[{"count":4,"href":"https:\/\/www.jammersignal.com\/fr\/wp-json\/wp\/v2\/product\/2085\/revisions"}],"predecessor-version":[{"id":2110,"href":"https:\/\/www.jammersignal.com\/fr\/wp-json\/wp\/v2\/product\/2085\/revisions\/2110"}],"wp:featuredmedia":[{"embeddable":true,"href":"https:\/\/www.jammersignal.com\/fr\/wp-json\/wp\/v2\/media\/1629"}],"wp:attachment":[{"href":"https:\/\/www.jammersignal.com\/fr\/wp-json\/wp\/v2\/media?parent=2085"}],"wp:term":[{"taxonomy":"product_brand","embeddable":true,"href":"https:\/\/www.jammersignal.com\/fr\/wp-json\/wp\/v2\/product_brand?post=2085"},{"taxonomy":"product_cat","embeddable":true,"href":"https:\/\/www.jammersignal.com\/fr\/wp-json\/wp\/v2\/product_cat?post=2085"},{"taxonomy":"product_tag","embeddable":true,"href":"https:\/\/www.jammersignal.com\/fr\/wp-json\/wp\/v2\/product_tag?post=2085"}],"curies":[{"name":"wp","href":"https:\/\/api.w.org\/{rel}","templated":true}]}}