{"id":2091,"date":"2024-05-20T00:50:23","date_gmt":"2024-05-20T00:50:23","guid":{"rendered":"https:\/\/www.jammersignal.com\/?post_type=product&#038;p=2091"},"modified":"2024-12-19T08:15:52","modified_gmt":"2024-12-19T08:15:52","slug":"small-2-4ghz-5-8ghz-drone-jammer","status":"publish","type":"product","link":"https:\/\/www.jammersignal.com\/fr\/produit\/small-2-4ghz-5-8ghz-drone-jammer\/","title":{"rendered":"Brouilleur de signal pour petit drone a\u00e9rien 2.4GHz 5.8GHz"},"content":{"rendered":"<div data-elementor-type=\"wp-post\" data-elementor-id=\"2091\" class=\"elementor elementor-2091\">\n\t\t\t\t<div class=\"elementor-element elementor-element-4a8c2a2 e-flex e-con-boxed e-con e-parent\" data-id=\"4a8c2a2\" data-element_type=\"container\">\n\t\t\t\t\t<div class=\"e-con-inner\">\n\t\t<div class=\"elementor-element elementor-element-2677d1d e-con-full e-flex e-con e-child\" data-id=\"2677d1d\" data-element_type=\"container\">\n\t\t\t\t<div class=\"elementor-element elementor-element-5ee8a99 elementor-widget elementor-widget-text-editor\" data-id=\"5ee8a99\" data-element_type=\"widget\" data-widget_type=\"text-editor.default\">\n\t\t\t\t<div class=\"elementor-widget-container\">\n\t\t\t\t\t\t\t\t\t<h4>Sp\u00e9cifications techniques<\/h4><table width=\"344\"><tbody><tr><td width=\"72\"><strong>Nom du param\u00e8tre<\/strong><\/td><td width=\"272\"><strong>D\u00e9tails des param\u00e8tres<\/strong><\/td><\/tr><tr><td>Mod\u00e8le\u00a0<\/td><td>EO-06<\/td><\/tr><tr><td>Fr\u00e9quences de brouillage<\/td><td width=\"272\">Bande V1 2400MHz-2450MHz<br \/>Bande V2 2450MHz-2500MHz<br \/>Bande V3 5250MHz-5680MHz<br \/>Bande V4 5680MHz-5900MHz<\/td><\/tr><tr><td>Rayon de brouillage<\/td><td>Jusqu'\u00e0 100 m\u00e8tres<\/td><\/tr><tr><td>Alimentation \u00e9lectrique<\/td><td>Prise de courant, batterie int\u00e9gr\u00e9e<\/td><\/tr><tr><td>Puissance de sortie totale<\/td><td>7.5W<\/td><\/tr><tr><td>Tension<\/td><td>AC100-240V DC12V<\/td><\/tr><tr><td>Temp\u00e9rature de fonctionnement<\/td><td>-40\u2103 \u00e0 +70\u2103<\/td><\/tr><tr><td>Humidit\u00e9 de fonctionnement<\/td><td>5% \u00e0 80%<\/td><\/tr><tr><td>Taille de l'appareil<\/td><td>250mm*47mm*25mm<\/td><\/tr><tr><td>Poids de l'appareil<\/td><td>2500 g<\/td><\/tr><\/tbody><\/table>\t\t\t\t\t\t\t\t<\/div>\n\t\t\t\t<\/div>\n\t\t\t\t<\/div>\n\t\t<div class=\"elementor-element elementor-element-63abe0f e-con-full e-flex e-con e-child\" data-id=\"63abe0f\" data-element_type=\"container\">\n\t\t\t\t<div class=\"elementor-element elementor-element-3d0f9f0 elementor-widget elementor-widget-text-editor\" data-id=\"3d0f9f0\" data-element_type=\"widget\" data-widget_type=\"text-editor.default\">\n\t\t\t\t<div class=\"elementor-widget-container\">\n\t\t\t\t\t\t\t\t\t<h4>Informations sur les produits<\/h4><p>Les brouilleurs de drones sont sp\u00e9cifiquement con\u00e7us pour emp\u00eacher l'espionnage, le suivi ou la photographie non autoris\u00e9s. Ce brouilleur de signal de drone est principalement utilis\u00e9 \u00e0 des fins civiles et constitue une solution efficace pour la protection de la vie priv\u00e9e, en particulier dans des r\u00e9gions comme les \u00c9tats-Unis o\u00f9 les activit\u00e9s ill\u00e9gales des drones sont en augmentation.<\/p><p><strong>Fonctionnalit\u00e9 :<\/strong><\/p><ol><li>\u00c9quip\u00e9 d'un syst\u00e8me de refroidissement efficace pour garantir des heures de travail prolong\u00e9es sans surchauffe.<\/li><li>Un c\u00e2ble de recharge pour v\u00e9hicule de 3 m\u00e8tres de long est disponible en option pour faciliter l'utilisation sur les v\u00e9hicules DC12V.<\/li><li>Capable d'interf\u00e9rer avec les signaux dans les bandes de fr\u00e9quences de 2,4 GHz et 5,8 GHz.<\/li><\/ol><p><strong>Pr\u00e9cautions :<\/strong><\/p><p>Convient aux prisons, aux centres de d\u00e9tention, aux centres de d\u00e9sintoxication, aux agences de s\u00e9curit\u00e9 et \u00e0 l'arm\u00e9e.<\/p>\t\t\t\t\t\t\t\t<\/div>\n\t\t\t\t<\/div>\n\t\t\t\t<\/div>\n\t\t\t\t\t<\/div>\n\t\t\t\t<\/div>\n\t\t\t\t<\/div>","protected":false},"excerpt":{"rendered":"<p>Les brouilleurs de drones sont sp\u00e9cifiquement con\u00e7us pour emp\u00eacher l'espionnage, le suivi ou la photographie non autoris\u00e9s. Ce brouilleur de signal de drone est principalement utilis\u00e9 \u00e0 des fins civiles et constitue une solution efficace pour la protection de la vie priv\u00e9e, en particulier dans des r\u00e9gions comme les \u00c9tats-Unis o\u00f9 les activit\u00e9s ill\u00e9gales des drones sont en augmentation.<\/p>\n<p><strong>Fonctionnalit\u00e9 :<\/strong><\/p>\n<p>1. \u00c9quip\u00e9 d'un syst\u00e8me de refroidissement efficace pour garantir des heures de travail prolong\u00e9es sans surchauffe.<br \/>\n2. Un c\u00e2ble de chargement de v\u00e9hicule de 3 m\u00e8tres de long est disponible en option pour faciliter l'utilisation sur les v\u00e9hicules DC12V.<br \/>\n3. Capable d'interf\u00e9rer avec les signaux dans les bandes de fr\u00e9quences de 2,4 GHz et 5,8 GHz.<\/p>","protected":false},"featured_media":1664,"comment_status":"open","ping_status":"closed","template":"","meta":{"site-sidebar-layout":"no-sidebar","site-content-layout":"page-builder","ast-site-content-layout":"normal-width-container","site-content-style":"default","site-sidebar-style":"default","ast-global-header-display":"","ast-banner-title-visibility":"","ast-main-header-display":"","ast-hfb-above-header-display":"","ast-hfb-below-header-display":"","ast-hfb-mobile-header-display":"","site-post-title":"disabled","ast-breadcrumbs-content":"","ast-featured-img":"disabled","footer-sml-layout":"","theme-transparent-header-meta":"default","adv-header-id-meta":"","stick-header-meta":"default","header-above-stick-meta":"","header-main-stick-meta":"","header-below-stick-meta":"","astra-migrate-meta-layouts":"set","ast-page-background-enabled":"default","ast-page-background-meta":{"desktop":{"background-color":"var(--ast-global-color-4)","background-image":"","background-repeat":"repeat","background-position":"center center","background-size":"auto","background-attachment":"scroll","background-type":"","background-media":"","overlay-type":"","overlay-color":"","overlay-gradient":""},"tablet":{"background-color":"","background-image":"","background-repeat":"repeat","background-position":"center center","background-size":"auto","background-attachment":"scroll","background-type":"","background-media":"","overlay-type":"","overlay-color":"","overlay-gradient":""},"mobile":{"background-color":"","background-image":"","background-repeat":"repeat","background-position":"center center","background-size":"auto","background-attachment":"scroll","background-type":"","background-media":"","overlay-type":"","overlay-color":"","overlay-gradient":""}},"ast-content-background-meta":{"desktop":{"background-color":"var(--ast-global-color-5)","background-image":"","background-repeat":"repeat","background-position":"center center","background-size":"auto","background-attachment":"scroll","background-type":"","background-media":"","overlay-type":"","overlay-color":"","overlay-gradient":""},"tablet":{"background-color":"var(--ast-global-color-5)","background-image":"","background-repeat":"repeat","background-position":"center center","background-size":"auto","background-attachment":"scroll","background-type":"","background-media":"","overlay-type":"","overlay-color":"","overlay-gradient":""},"mobile":{"background-color":"var(--ast-global-color-5)","background-image":"","background-repeat":"repeat","background-position":"center center","background-size":"auto","background-attachment":"scroll","background-type":"","background-media":"","overlay-type":"","overlay-color":"","overlay-gradient":""}}},"product_brand":[],"product_cat":[15,52,40,39,44,43,46,71,97,98,37,36],"product_tag":[468,345,353,355,356,496,448,360,346,567,534,470,452,472,473,535,502,536,537,503,504,424,368,505,493,465,540,508,476,373,510,434,512,466,563,479,375,378,485,516,560,549,487,551,552,441,463,519,562,561,387,388,525,445,495,443,558,349,398,408,409],"class_list":{"0":"post-2091","1":"product","2":"type-product","3":"status-publish","4":"has-post-thumbnail","6":"product_cat-signal-blocker","7":"product_cat-anti-tracking-signal-jammer","8":"product_cat-bluetooth-signal-blocker","9":"product_cat-bluetooth-jammer","10":"product_cat-drone-signal-blocker","11":"product_cat-drone-jammer","12":"product_cat-high-power-signal-jammers","13":"product_cat-more-than-1000dollars-jammers","14":"product_cat-wifi-2-4g-2400-2500mhz-jammer","15":"product_cat-wifi-5g-5100-5680mhz-or5720-5850mhz-jammer","16":"product_cat-wifi-signal-blocker","17":"product_cat-wifi-jammer","18":"product_tag-2-4-ghz-jammer","19":"product_tag-2-4ghz-wifi-jammer","20":"product_tag-5-ghz-wifi-jammer","21":"product_tag-5ghz-wifi-jammer","22":"product_tag-5ghz-wifi-jammer-diy","23":"product_tag-all-frequency-jammer","24":"product_tag-anti-drone-jammer","25":"product_tag-arduino-wifi-jammer","26":"product_tag-best-wifi-jammer","27":"product_tag-block-signal-jammer","28":"product_tag-define-jammer","29":"product_tag-device-jammer","30":"product_tag-diy-drone-jammer","31":"product_tag-diy-signal-jammer","32":"product_tag-door-jammer-hhhhhh","33":"product_tag-door-jammer-portable","34":"product_tag-drone-frequency-jammer","35":"product_tag-drone-jammer-aaaaaa","36":"product_tag-drone-jammer-app","37":"product_tag-drone-jammer-for-sale","38":"product_tag-drone-radio-jammer","39":"product_tag-drone-signal-jammer","40":"product_tag-drone-wifi-jammer","41":"product_tag-electronic-device-jammer","42":"product_tag-how-do-jammer-work","43":"product_tag-how-do-signal-jammer-work","44":"product_tag-how-does-jammer-work","45":"product_tag-how-does-signal-jammer-work","46":"product_tag-how-to-make-signal-jammer","47":"product_tag-how-wifi-jammer-works","48":"product_tag-jammer-bluetooth","49":"product_tag-jammer-device","50":"product_tag-jammer-drone","51":"product_tag-jammer-means","52":"product_tag-jammer-restaurant","53":"product_tag-jammer-signal-blocker","54":"product_tag-long-range-wifi-jammer","55":"product_tag-mini-portable-wifi-signal-jammer","56":"product_tag-radio-signal-jammer","57":"product_tag-rf-frequency-jammer","58":"product_tag-rf-jammer","59":"product_tag-rf-jammer-for-sale","60":"product_tag-rf-signal-jammer","61":"product_tag-signal-blocker-jammer","62":"product_tag-signal-jammer-blocker","63":"product_tag-signal-jammer-cost","64":"product_tag-signal-jammer-device","65":"product_tag-signal-jammer-diy","66":"product_tag-signal-jammer-for-cameras","67":"product_tag-signal-jammer-for-sale","68":"product_tag-signal-jammer-for-wifi","69":"product_tag-simple-wifi-jammer-circuit","70":"product_tag-the-jammer","71":"product_tag-wave-jammer","72":"product_tag-what-are-jammer","73":"product_tag-what-is-a-jammer","74":"product_tag-whats-a-jammer","75":"product_tag-wifi-blocker-jammer","76":"product_tag-wifi-jammer-5ghz","77":"product_tag-wifi-jammer-for-iphone","78":"product_tag-wifi-jammer-kit","79":"desktop-align-left","80":"tablet-align-left","81":"mobile-align-left","82":"ast-product-gallery-layout-horizontal-slider","83":"ast-product-single-variable","84":"ast-product-tabs-layout-horizontal","86":"first","87":"instock","88":"sale","89":"shipping-taxable","90":"purchasable","91":"product-type-variable"},"yoast_head":"<!-- This site is optimized with the Yoast SEO plugin v23.9 - https:\/\/yoast.com\/wordpress\/plugins\/seo\/ -->\n<title>Small Drone Signal Jammer 2.4GHz 5.8GHz Aerial Spy UAV Interceptor Interference radius up to 100 meters - JAMMERSIGNAL<\/title>\n<meta name=\"description\" content=\"This powerful drone jammer can interfere with signals in the 2.4GHz and 5.8GHz frequency bands. It can be equipped with an optional 3-meter long car charging cable for easy use on DC12V vehicles.\" \/>\n<meta name=\"robots\" content=\"index, follow, max-snippet:-1, max-image-preview:large, max-video-preview:-1\" \/>\n<link rel=\"canonical\" href=\"https:\/\/www.jammersignal.com\/fr\/produit\/small-2-4ghz-5-8ghz-drone-jammer\/\" \/>\n<meta property=\"og:locale\" content=\"fr_FR\" \/>\n<meta property=\"og:type\" content=\"article\" \/>\n<meta property=\"og:title\" content=\"Small Drone Signal Jammer 2.4GHz 5.8GHz Aerial Spy UAV Interceptor Interference radius up to 100 meters - JAMMERSIGNAL\" \/>\n<meta property=\"og:description\" content=\"This powerful drone jammer can interfere with signals in the 2.4GHz and 5.8GHz frequency bands. It can be equipped with an optional 3-meter long car charging cable for easy use on DC12V vehicles.\" \/>\n<meta property=\"og:url\" content=\"https:\/\/www.jammersignal.com\/fr\/produit\/small-2-4ghz-5-8ghz-drone-jammer\/\" \/>\n<meta property=\"og:site_name\" content=\"JAMMERSIGNAL\" \/>\n<meta property=\"article:modified_time\" content=\"2024-12-19T08:15:52+00:00\" \/>\n<meta property=\"og:image\" content=\"https:\/\/www.jammersignal.com\/wp-content\/uploads\/2024\/05\/small-aerial-jammersignal-drone-5.8ghz-jammers.jpg\" \/>\n\t<meta property=\"og:image:width\" content=\"425\" \/>\n\t<meta property=\"og:image:height\" content=\"425\" \/>\n\t<meta property=\"og:image:type\" content=\"image\/jpeg\" \/>\n<meta name=\"twitter:card\" content=\"summary_large_image\" \/>\n<meta name=\"twitter:label1\" content=\"Dur\u00e9e de lecture estim\u00e9e\" \/>\n\t<meta name=\"twitter:data1\" content=\"1 minute\" \/>\n<script type=\"application\/ld+json\" class=\"yoast-schema-graph\">{\"@context\":\"https:\/\/schema.org\",\"@graph\":[{\"@type\":\"WebPage\",\"@id\":\"https:\/\/www.jammersignal.com\/product\/small-2-4ghz-5-8ghz-drone-jammer\/\",\"url\":\"https:\/\/www.jammersignal.com\/product\/small-2-4ghz-5-8ghz-drone-jammer\/\",\"name\":\"Small Drone Signal Jammer 2.4GHz 5.8GHz Aerial Spy UAV Interceptor Interference radius up to 100 meters - JAMMERSIGNAL\",\"isPartOf\":{\"@id\":\"https:\/\/www.jammersignal.com\/#website\"},\"primaryImageOfPage\":{\"@id\":\"https:\/\/www.jammersignal.com\/product\/small-2-4ghz-5-8ghz-drone-jammer\/#primaryimage\"},\"image\":{\"@id\":\"https:\/\/www.jammersignal.com\/product\/small-2-4ghz-5-8ghz-drone-jammer\/#primaryimage\"},\"thumbnailUrl\":\"https:\/\/www.jammersignal.com\/wp-content\/uploads\/2024\/05\/small-aerial-jammersignal-drone-5.8ghz-jammers.jpg\",\"datePublished\":\"2024-05-20T00:50:23+00:00\",\"dateModified\":\"2024-12-19T08:15:52+00:00\",\"description\":\"This powerful drone jammer can interfere with signals in the 2.4GHz and 5.8GHz frequency bands. It can be equipped with an optional 3-meter long car charging cable for easy use on DC12V vehicles.\",\"breadcrumb\":{\"@id\":\"https:\/\/www.jammersignal.com\/product\/small-2-4ghz-5-8ghz-drone-jammer\/#breadcrumb\"},\"inLanguage\":\"fr-FR\",\"potentialAction\":[{\"@type\":\"ReadAction\",\"target\":[\"https:\/\/www.jammersignal.com\/product\/small-2-4ghz-5-8ghz-drone-jammer\/\"]}]},{\"@type\":\"ImageObject\",\"inLanguage\":\"fr-FR\",\"@id\":\"https:\/\/www.jammersignal.com\/product\/small-2-4ghz-5-8ghz-drone-jammer\/#primaryimage\",\"url\":\"https:\/\/www.jammersignal.com\/wp-content\/uploads\/2024\/05\/small-aerial-jammersignal-drone-5.8ghz-jammers.jpg\",\"contentUrl\":\"https:\/\/www.jammersignal.com\/wp-content\/uploads\/2024\/05\/small-aerial-jammersignal-drone-5.8ghz-jammers.jpg\",\"width\":425,\"height\":425,\"caption\":\"small aerial jammersignal drone 5.8ghz jammers\"},{\"@type\":\"BreadcrumbList\",\"@id\":\"https:\/\/www.jammersignal.com\/product\/small-2-4ghz-5-8ghz-drone-jammer\/#breadcrumb\",\"itemListElement\":[{\"@type\":\"ListItem\",\"position\":1,\"name\":\"Home\",\"item\":\"https:\/\/www.jammersignal.com\/\"},{\"@type\":\"ListItem\",\"position\":2,\"name\":\"Shop\",\"item\":\"https:\/\/www.jammersignal.com\/shop\/\"},{\"@type\":\"ListItem\",\"position\":3,\"name\":\"Signal Blocker\",\"item\":\"https:\/\/www.jammersignal.com\/product-category\/signal-blocker\/\"},{\"@type\":\"ListItem\",\"position\":4,\"name\":\"Small Aerial 2.4GHz 5.8GHz Drone signal Jammer\"}]},{\"@type\":\"WebSite\",\"@id\":\"https:\/\/www.jammersignal.com\/#website\",\"url\":\"https:\/\/www.jammersignal.com\/\",\"name\":\"JAMMERSIGNAL\",\"description\":\"\",\"publisher\":{\"@id\":\"https:\/\/www.jammersignal.com\/#organization\"},\"potentialAction\":[{\"@type\":\"SearchAction\",\"target\":{\"@type\":\"EntryPoint\",\"urlTemplate\":\"https:\/\/www.jammersignal.com\/?s={search_term_string}\"},\"query-input\":{\"@type\":\"PropertyValueSpecification\",\"valueRequired\":true,\"valueName\":\"search_term_string\"}}],\"inLanguage\":\"fr-FR\"},{\"@type\":\"Organization\",\"@id\":\"https:\/\/www.jammersignal.com\/#organization\",\"name\":\"JAMMERSIGNAL\",\"url\":\"https:\/\/www.jammersignal.com\/\",\"logo\":{\"@type\":\"ImageObject\",\"inLanguage\":\"fr-FR\",\"@id\":\"https:\/\/www.jammersignal.com\/#\/schema\/logo\/image\/\",\"url\":\"https:\/\/www.jammersignal.com\/wp-content\/uploads\/2024\/05\/cropped-jammersignal-logo-4.png\",\"contentUrl\":\"https:\/\/www.jammersignal.com\/wp-content\/uploads\/2024\/05\/cropped-jammersignal-logo-4.png\",\"width\":104,\"height\":34,\"caption\":\"JAMMERSIGNAL\"},\"image\":{\"@id\":\"https:\/\/www.jammersignal.com\/#\/schema\/logo\/image\/\"}}]}<\/script>\n<!-- \/ Yoast SEO plugin. -->","yoast_head_json":{"title":"Brouilleur de signal pour petit drone 2.4GHz 5.8GHz Espion a\u00e9rien UAV Intercepteur Rayon d'interf\u00e9rence jusqu'\u00e0 100 m\u00e8tres - JAMMERSIGNAL","description":"Ce puissant brouilleur de drones peut interf\u00e9rer avec les signaux dans les bandes de fr\u00e9quences 2,4 GHz et 5,8 GHz. Il peut \u00eatre \u00e9quip\u00e9 d'un c\u00e2ble de charge de voiture optionnel de 3 m\u00e8tres de long pour une utilisation facile sur les v\u00e9hicules DC12V.","robots":{"index":"index","follow":"follow","max-snippet":"max-snippet:-1","max-image-preview":"max-image-preview:large","max-video-preview":"max-video-preview:-1"},"canonical":"https:\/\/www.jammersignal.com\/fr\/produit\/small-2-4ghz-5-8ghz-drone-jammer\/","og_locale":"fr_FR","og_type":"article","og_title":"Small Drone Signal Jammer 2.4GHz 5.8GHz Aerial Spy UAV Interceptor Interference radius up to 100 meters - JAMMERSIGNAL","og_description":"This powerful drone jammer can interfere with signals in the 2.4GHz and 5.8GHz frequency bands. It can be equipped with an optional 3-meter long car charging cable for easy use on DC12V vehicles.","og_url":"https:\/\/www.jammersignal.com\/fr\/produit\/small-2-4ghz-5-8ghz-drone-jammer\/","og_site_name":"JAMMERSIGNAL","article_modified_time":"2024-12-19T08:15:52+00:00","og_image":[{"width":425,"height":425,"url":"https:\/\/www.jammersignal.com\/wp-content\/uploads\/2024\/05\/small-aerial-jammersignal-drone-5.8ghz-jammers.jpg","type":"image\/jpeg"}],"twitter_card":"summary_large_image","twitter_misc":{"Dur\u00e9e de lecture estim\u00e9e":"1 minute"},"schema":{"@context":"https:\/\/schema.org","@graph":[{"@type":"WebPage","@id":"https:\/\/www.jammersignal.com\/product\/small-2-4ghz-5-8ghz-drone-jammer\/","url":"https:\/\/www.jammersignal.com\/product\/small-2-4ghz-5-8ghz-drone-jammer\/","name":"Brouilleur de signal pour petit drone 2.4GHz 5.8GHz Espion a\u00e9rien UAV Intercepteur Rayon d'interf\u00e9rence jusqu'\u00e0 100 m\u00e8tres - JAMMERSIGNAL","isPartOf":{"@id":"https:\/\/www.jammersignal.com\/#website"},"primaryImageOfPage":{"@id":"https:\/\/www.jammersignal.com\/product\/small-2-4ghz-5-8ghz-drone-jammer\/#primaryimage"},"image":{"@id":"https:\/\/www.jammersignal.com\/product\/small-2-4ghz-5-8ghz-drone-jammer\/#primaryimage"},"thumbnailUrl":"https:\/\/www.jammersignal.com\/wp-content\/uploads\/2024\/05\/small-aerial-jammersignal-drone-5.8ghz-jammers.jpg","datePublished":"2024-05-20T00:50:23+00:00","dateModified":"2024-12-19T08:15:52+00:00","description":"Ce puissant brouilleur de drones peut interf\u00e9rer avec les signaux dans les bandes de fr\u00e9quences 2,4 GHz et 5,8 GHz. Il peut \u00eatre \u00e9quip\u00e9 d'un c\u00e2ble de charge de voiture optionnel de 3 m\u00e8tres de long pour une utilisation facile sur les v\u00e9hicules DC12V.","breadcrumb":{"@id":"https:\/\/www.jammersignal.com\/product\/small-2-4ghz-5-8ghz-drone-jammer\/#breadcrumb"},"inLanguage":"fr-FR","potentialAction":[{"@type":"ReadAction","target":["https:\/\/www.jammersignal.com\/product\/small-2-4ghz-5-8ghz-drone-jammer\/"]}]},{"@type":"ImageObject","inLanguage":"fr-FR","@id":"https:\/\/www.jammersignal.com\/product\/small-2-4ghz-5-8ghz-drone-jammer\/#primaryimage","url":"https:\/\/www.jammersignal.com\/wp-content\/uploads\/2024\/05\/small-aerial-jammersignal-drone-5.8ghz-jammers.jpg","contentUrl":"https:\/\/www.jammersignal.com\/wp-content\/uploads\/2024\/05\/small-aerial-jammersignal-drone-5.8ghz-jammers.jpg","width":425,"height":425,"caption":"small aerial jammersignal drone 5.8ghz jammers"},{"@type":"BreadcrumbList","@id":"https:\/\/www.jammersignal.com\/product\/small-2-4ghz-5-8ghz-drone-jammer\/#breadcrumb","itemListElement":[{"@type":"ListItem","position":1,"name":"Home","item":"https:\/\/www.jammersignal.com\/"},{"@type":"ListItem","position":2,"name":"Shop","item":"https:\/\/www.jammersignal.com\/shop\/"},{"@type":"ListItem","position":3,"name":"Signal Blocker","item":"https:\/\/www.jammersignal.com\/product-category\/signal-blocker\/"},{"@type":"ListItem","position":4,"name":"Small Aerial 2.4GHz 5.8GHz Drone signal Jammer"}]},{"@type":"WebSite","@id":"https:\/\/www.jammersignal.com\/#website","url":"https:\/\/www.jammersignal.com\/","name":"JAMMERSIGNAL","description":"","publisher":{"@id":"https:\/\/www.jammersignal.com\/#organization"},"potentialAction":[{"@type":"SearchAction","target":{"@type":"EntryPoint","urlTemplate":"https:\/\/www.jammersignal.com\/?s={search_term_string}"},"query-input":{"@type":"PropertyValueSpecification","valueRequired":true,"valueName":"search_term_string"}}],"inLanguage":"fr-FR"},{"@type":"Organization","@id":"https:\/\/www.jammersignal.com\/#organization","name":"JAMMERSIGNAL","url":"https:\/\/www.jammersignal.com\/","logo":{"@type":"ImageObject","inLanguage":"fr-FR","@id":"https:\/\/www.jammersignal.com\/#\/schema\/logo\/image\/","url":"https:\/\/www.jammersignal.com\/wp-content\/uploads\/2024\/05\/cropped-jammersignal-logo-4.png","contentUrl":"https:\/\/www.jammersignal.com\/wp-content\/uploads\/2024\/05\/cropped-jammersignal-logo-4.png","width":104,"height":34,"caption":"JAMMERSIGNAL"},"image":{"@id":"https:\/\/www.jammersignal.com\/#\/schema\/logo\/image\/"}}]}},"_links":{"self":[{"href":"https:\/\/www.jammersignal.com\/fr\/wp-json\/wp\/v2\/product\/2091","targetHints":{"allow":["GET"]}}],"collection":[{"href":"https:\/\/www.jammersignal.com\/fr\/wp-json\/wp\/v2\/product"}],"about":[{"href":"https:\/\/www.jammersignal.com\/fr\/wp-json\/wp\/v2\/types\/product"}],"replies":[{"embeddable":true,"href":"https:\/\/www.jammersignal.com\/fr\/wp-json\/wp\/v2\/comments?post=2091"}],"version-history":[{"count":4,"href":"https:\/\/www.jammersignal.com\/fr\/wp-json\/wp\/v2\/product\/2091\/revisions"}],"predecessor-version":[{"id":2147,"href":"https:\/\/www.jammersignal.com\/fr\/wp-json\/wp\/v2\/product\/2091\/revisions\/2147"}],"wp:featuredmedia":[{"embeddable":true,"href":"https:\/\/www.jammersignal.com\/fr\/wp-json\/wp\/v2\/media\/1664"}],"wp:attachment":[{"href":"https:\/\/www.jammersignal.com\/fr\/wp-json\/wp\/v2\/media?parent=2091"}],"wp:term":[{"taxonomy":"product_brand","embeddable":true,"href":"https:\/\/www.jammersignal.com\/fr\/wp-json\/wp\/v2\/product_brand?post=2091"},{"taxonomy":"product_cat","embeddable":true,"href":"https:\/\/www.jammersignal.com\/fr\/wp-json\/wp\/v2\/product_cat?post=2091"},{"taxonomy":"product_tag","embeddable":true,"href":"https:\/\/www.jammersignal.com\/fr\/wp-json\/wp\/v2\/product_tag?post=2091"}],"curies":[{"name":"wp","href":"https:\/\/api.w.org\/{rel}","templated":true}]}}