{"id":2102,"date":"2024-05-31T00:58:52","date_gmt":"2024-05-31T00:58:52","guid":{"rendered":"https:\/\/www.jammersignal.com\/?post_type=product&#038;p=2102"},"modified":"2025-09-20T02:36:56","modified_gmt":"2025-09-20T02:36:56","slug":"handheld-all-in-one-drone-jammer","status":"publish","type":"product","link":"https:\/\/www.jammersignal.com\/fr\/produit\/handheld-all-in-one-drone-jammer\/","title":{"rendered":"Brouilleur de drone portatif tout-en-un avec une distance de brouillage allant jusqu'\u00e0 500 m\u00e8tres"},"content":{"rendered":"<div data-elementor-type=\"wp-post\" data-elementor-id=\"2102\" class=\"elementor elementor-2102\">\n\t\t\t\t<div class=\"elementor-element elementor-element-4a8c2a2 e-flex e-con-boxed e-con e-parent\" data-id=\"4a8c2a2\" data-element_type=\"container\">\n\t\t\t\t\t<div class=\"e-con-inner\">\n\t\t<div class=\"elementor-element elementor-element-2677d1d e-con-full e-flex e-con e-child\" data-id=\"2677d1d\" data-element_type=\"container\">\n\t\t\t\t<div class=\"elementor-element elementor-element-5ee8a99 elementor-widget elementor-widget-text-editor\" data-id=\"5ee8a99\" data-element_type=\"widget\" data-widget_type=\"text-editor.default\">\n\t\t\t\t<div class=\"elementor-widget-container\">\n\t\t\t\t\t\t\t\t\t<h4>Sp\u00e9cifications techniques<\/h4><table width=\"340\"><tbody><tr><td width=\"72\"><strong>Nom du param\u00e8tre<\/strong><\/td><td width=\"268\"><strong>D\u00e9tails des param\u00e8tres<\/strong><\/td><\/tr><tr><td>Mod\u00e8le\u00a0<\/td><td>HW10US<\/td><\/tr><tr><td>Fr\u00e9quences de brouillage<\/td><td width=\"268\">RC2.4G : 2400-2500MHz<br \/>GRC5.8G : 5725-5850MHz<br \/>GPSL1 et Glonass L1 : 1560-1620 MHz<br \/><br \/>OPTION :<br \/>GPSL2+L5 : GPSL2+L5<br \/>RC 868\/912 : 868-916MHz<\/td><\/tr><tr><td>Rayon de brouillage<\/td><td>100-500 m\u00e8tres<\/td><\/tr><tr><td>Alimentation \u00e9lectrique<\/td><td>AC110-240V \u00e0 DC24V<\/td><\/tr><tr><td>Puissance de sortie totale<\/td><td>Total 20W (5-10W par bande)<\/td><\/tr><tr><td>Temps de travail<\/td><td>Batterie int\u00e9gr\u00e9e : 24V 4Ah Dur\u00e9e de fonctionnement : 1,5 heures<\/td><\/tr><tr><td>Taille de l'appareil<\/td><td>450*105*60mm<\/td><\/tr><tr><td>Poids de l'appareil<\/td><td>1,5 kg<\/td><\/tr><tr><td>Contenu du paquet<\/td><td>H\u00f4te du brouilleur x 1, Chargeur de batterie x 1<\/td><\/tr><\/tbody><\/table>\t\t\t\t\t\t\t\t<\/div>\n\t\t\t\t<\/div>\n\t\t\t\t<\/div>\n\t\t<div class=\"elementor-element elementor-element-63abe0f e-con-full e-flex e-con e-child\" data-id=\"63abe0f\" data-element_type=\"container\">\n\t\t\t\t<div class=\"elementor-element elementor-element-3d0f9f0 elementor-widget elementor-widget-text-editor\" data-id=\"3d0f9f0\" data-element_type=\"widget\" data-widget_type=\"text-editor.default\">\n\t\t\t\t<div class=\"elementor-widget-container\">\n\t\t\t\t\t\t\t\t\t<h4>Informations sur les produits<\/h4><p>Voici le dernier mini brouilleur de signal de drone portable tout-en-un avec antenne directionnelle. Ce dispositif de brouillage portable est l\u00e9ger et int\u00e8gre une antenne directionnelle \u00e0 haut gain 10dbi, qui peut brouiller les signaux \u00e0 une distance de 100 \u00e0 500 m\u00e8tres.<\/p><p>Con\u00e7u pour bloquer les signaux des drones, ce mini-brouilleur portatif offre une couverture de 100% pour une vari\u00e9t\u00e9 de signaux de drones, y compris les mod\u00e8les populaires tels que Dji Phantom 4, Phantom 3 Professional, Advanced, Standard series et Inspire series. Gr\u00e2ce \u00e0 son design portable, il peut \u00eatre facilement transport\u00e9 et d\u00e9ploy\u00e9. La batterie int\u00e9gr\u00e9e assure un fonctionnement continu pendant environ 1,5 heure.<\/p><p><strong>Domaines d'application :<\/strong><\/p><ol><li>Protection des zones restreintes telles que les prisons, les zones de gestion militaire, les projets de ressources strat\u00e9giques nationales, les installations industrielles nucl\u00e9aires, les a\u00e9roports et les districts politiques.<\/li><li>Sc\u00e8nes de crime, zones de gestion urbaine et d'application de la loi, sites de s\u00e9curit\u00e9 importants, protection des dignitaires, r\u00e9p\u00e9titions de spectacles \u00e0 grande \u00e9chelle, sites de fouilles arch\u00e9ologiques et sites d'activit\u00e9s de groupe \u00e0 grande \u00e9chelle, afin d'\u00e9viter les fuites d'informations.<\/li><li>Lutte contre les activit\u00e9s ill\u00e9gales et criminelles \u00e0 l'aide de drones, y compris le trafic de drogue, la contrebande, les marchandises ill\u00e9gales ou la diffusion d'informations, etc.<\/li><\/ol><p><strong>Caract\u00e9ristiques du produit :<\/strong><\/p><ol><li>\u00a0Conception portative int\u00e9gr\u00e9e, petite et l\u00e9g\u00e8re.<\/li><li>Antenne directionnelle \u00e0 haut gain 10dbi int\u00e9gr\u00e9e trois-en-un, puissance de sortie totale de 20W, fournissant une distance d'interf\u00e9rence de 100-500 m\u00e8tres (en fonction de la distance entre le drone et la t\u00e9l\u00e9commande).<\/li><li>Chaque appareil peut interf\u00e9rer avec un maximum de 3 bandes de fr\u00e9quences en m\u00eame temps. Il est \u00e9quip\u00e9 d'un interrupteur d'alimentation ind\u00e9pendant et d'un indicateur LED pour afficher l'\u00e9tat de l'alimentation.<\/li><li>La protection contre les surtensions VSWR garantit la s\u00e9curit\u00e9 de chaque module 100%.<\/li><li>Batterie int\u00e9gr\u00e9e, autonomie d'environ 60 minutes.<\/li><li>La puissance de la batterie, l'\u00e9tat du chargeur et le courant de travail sont affich\u00e9s sur l'\u00e9cran LED pour une surveillance ais\u00e9e.<\/li><\/ol><p><strong>Pr\u00e9cautions :<\/strong><\/p><p>1. les brouilleurs sont personnalis\u00e9s en fonction des bandes de fr\u00e9quence des diff\u00e9rents pays, veuillez vous assurer que le pays d'achat et le pays d'utilisation r\u00e9el sont coh\u00e9rents, sinon le brouilleur ne pourra pas \u00eatre utilis\u00e9. Veuillez lire la fonction du brouilleur avant de l'acheter.<br \/>2 Si les brouilleurs de faible puissance (tels que les brouilleurs portatifs) bloquent un dispositif de signal de forte puissance (tel qu'un routeur WIFI de forte puissance, un \u00e9quipement audio Bluetooth, etc.<br \/>3. il est interdit d'utiliser l'appareil pendant qu'il est en charge.<br \/>4. ne pas utiliser de brouilleurs portatifs comme brouilleurs de bureau.<br \/>5. n'utilisez pas de brouilleurs avant de connecter l'antenne.<\/p>\t\t\t\t\t\t\t\t<\/div>\n\t\t\t\t<\/div>\n\t\t\t\t<\/div>\n\t\t\t\t\t<\/div>\n\t\t\t\t<\/div>\n\t\t\t\t<\/div>","protected":false},"excerpt":{"rendered":"<p>Voici le dernier mini brouilleur de signal de drone portable tout-en-un avec antenne directionnelle. Ce dispositif de brouillage portable est l\u00e9ger et int\u00e8gre une antenne directionnelle \u00e0 haut gain 10dbi, qui peut brouiller de 100 \u00e0 500 m\u00e8tres de distance.<\/p>\n<p><strong>Caract\u00e9ristiques du produit :<\/strong><\/p>\n<p>1. Conception portative int\u00e9gr\u00e9e, petite et l\u00e9g\u00e8re.<br \/>\n2. Antenne directionnelle \u00e0 haut gain 10dbi int\u00e9gr\u00e9e trois-en-un, puissance de sortie totale de 20W, fournissant une distance d'interf\u00e9rence de 100-500 m\u00e8tres (en fonction de la distance entre le drone et la t\u00e9l\u00e9commande).<br \/>\n3. Chaque appareil peut interf\u00e9rer avec jusqu'\u00e0 3 bandes de fr\u00e9quences en m\u00eame temps. Il est \u00e9quip\u00e9 d'un interrupteur d'alimentation ind\u00e9pendant et d'un indicateur LED pour afficher l'\u00e9tat de l'alimentation.<br \/>\n4. La protection contre les surtensions VSWR garantit la s\u00e9curit\u00e9 de chaque module 100%.<br \/>\n5. Batterie int\u00e9gr\u00e9e, dur\u00e9e de fonctionnement d'environ 60 minutes.<br \/>\n6. La puissance de la batterie, l'\u00e9tat du chargeur et le courant de travail sont affich\u00e9s sur l'\u00e9cran LED pour une surveillance ais\u00e9e.<\/p>","protected":false},"featured_media":1714,"comment_status":"open","ping_status":"closed","template":"","meta":{"site-sidebar-layout":"no-sidebar","site-content-layout":"page-builder","ast-site-content-layout":"normal-width-container","site-content-style":"default","site-sidebar-style":"default","ast-global-header-display":"","ast-banner-title-visibility":"","ast-main-header-display":"","ast-hfb-above-header-display":"","ast-hfb-below-header-display":"","ast-hfb-mobile-header-display":"","site-post-title":"disabled","ast-breadcrumbs-content":"","ast-featured-img":"disabled","footer-sml-layout":"","theme-transparent-header-meta":"default","adv-header-id-meta":"","stick-header-meta":"default","header-above-stick-meta":"","header-main-stick-meta":"","header-below-stick-meta":"","astra-migrate-meta-layouts":"set","ast-page-background-enabled":"default","ast-page-background-meta":{"desktop":{"background-color":"var(--ast-global-color-4)","background-image":"","background-repeat":"repeat","background-position":"center center","background-size":"auto","background-attachment":"scroll","background-type":"","background-media":"","overlay-type":"","overlay-color":"","overlay-gradient":""},"tablet":{"background-color":"","background-image":"","background-repeat":"repeat","background-position":"center center","background-size":"auto","background-attachment":"scroll","background-type":"","background-media":"","overlay-type":"","overlay-color":"","overlay-gradient":""},"mobile":{"background-color":"","background-image":"","background-repeat":"repeat","background-position":"center center","background-size":"auto","background-attachment":"scroll","background-type":"","background-media":"","overlay-type":"","overlay-color":"","overlay-gradient":""}},"ast-content-background-meta":{"desktop":{"background-color":"var(--ast-global-color-5)","background-image":"","background-repeat":"repeat","background-position":"center center","background-size":"auto","background-attachment":"scroll","background-type":"","background-media":"","overlay-type":"","overlay-color":"","overlay-gradient":""},"tablet":{"background-color":"var(--ast-global-color-5)","background-image":"","background-repeat":"repeat","background-position":"center center","background-size":"auto","background-attachment":"scroll","background-type":"","background-media":"","overlay-type":"","overlay-color":"","overlay-gradient":""},"mobile":{"background-color":"var(--ast-global-color-5)","background-image":"","background-repeat":"repeat","background-position":"center center","background-size":"auto","background-attachment":"scroll","background-type":"","background-media":"","overlay-type":"","overlay-color":"","overlay-gradient":""}}},"product_brand":[],"product_cat":[15,40,44,43,35,34,53,46,71,84,55,37,36],"product_tag":[345,448,470,452,473,502,536,537,503,504,424,453,368,505,524,493,465,476,434,512,457,479,516,560,549,487,552,441,561,445,443,558],"class_list":{"0":"post-2102","1":"product","2":"type-product","3":"status-publish","4":"has-post-thumbnail","6":"product_cat-signal-blocker","7":"product_cat-bluetooth-signal-blocker","8":"product_cat-drone-signal-blocker","9":"product_cat-drone-jammer","10":"product_cat-gps-signal-blocker","11":"product_cat-gps-signal-jammer","12":"product_cat-hidden-signal-jammer","13":"product_cat-high-power-signal-jammers","14":"product_cat-more-than-1000dollars-jammers","15":"product_cat-more-than-40meters","16":"product_cat-outdoor-jammer","17":"product_cat-wifi-signal-blocker","18":"product_cat-wifi-jammer","19":"product_tag-2-4ghz-wifi-jammer","20":"product_tag-anti-drone-jammer","21":"product_tag-device-jammer","22":"product_tag-diy-drone-jammer","23":"product_tag-door-jammer-hhhhhh","24":"product_tag-drone-frequency-jammer","25":"product_tag-drone-jammer-aaaaaa","26":"product_tag-drone-jammer-app","27":"product_tag-drone-jammer-for-sale","28":"product_tag-drone-radio-jammer","29":"product_tag-drone-signal-jammer","30":"product_tag-drone-signal-jammer-aaaaaa","31":"product_tag-drone-wifi-jammer","32":"product_tag-electronic-device-jammer","33":"product_tag-frequency-jammer","34":"product_tag-how-do-jammer-work","35":"product_tag-how-do-signal-jammer-work","36":"product_tag-how-to-make-signal-jammer","37":"product_tag-jammer-device","38":"product_tag-jammer-drone","39":"product_tag-jammer-meaning","40":"product_tag-jammer-signal-blocker","41":"product_tag-rf-frequency-jammer","42":"product_tag-rf-jammer","43":"product_tag-rf-jammer-for-sale","44":"product_tag-rf-signal-jammer","45":"product_tag-signal-jammer-blocker","46":"product_tag-signal-jammer-cost","47":"product_tag-signal-jammer-for-sale","48":"product_tag-wave-jammer","49":"product_tag-what-is-a-jammer","50":"product_tag-whats-a-jammer","51":"desktop-align-left","52":"tablet-align-left","53":"mobile-align-left","54":"ast-product-gallery-layout-horizontal-slider","55":"ast-product-single-variable","56":"ast-product-tabs-layout-horizontal","58":"first","59":"instock","60":"sale","61":"shipping-taxable","62":"purchasable","63":"product-type-variable"},"yoast_head":"<!-- This site is optimized with the Yoast SEO plugin v23.9 - https:\/\/yoast.com\/wordpress\/plugins\/seo\/ -->\n<title>Handheld all in one Drone Jammer with jamming distance up to 500 meters, Blocks RC2.4G 5.8GHz GPS GLONASS L1 Signals - JAMMERSIGNAL<\/title>\n<meta name=\"description\" content=\"This popular handheld all-in-one drone signal jammer, lightweight, integrated high-gain 10dbi directional antenna, has a jamming distance of up to 500 meters and can intercept RC2.4G 5.8GHz GPS GLONASS L1 signals.\" \/>\n<meta name=\"robots\" content=\"index, follow, max-snippet:-1, max-image-preview:large, max-video-preview:-1\" \/>\n<link rel=\"canonical\" href=\"https:\/\/www.jammersignal.com\/fr\/produit\/handheld-all-in-one-drone-jammer\/\" \/>\n<meta property=\"og:locale\" content=\"fr_FR\" \/>\n<meta property=\"og:type\" content=\"article\" \/>\n<meta property=\"og:title\" content=\"Handheld all in one Drone Jammer with jamming distance up to 500 meters, Blocks RC2.4G 5.8GHz GPS GLONASS L1 Signals - JAMMERSIGNAL\" \/>\n<meta property=\"og:description\" content=\"This popular handheld all-in-one drone signal jammer, lightweight, integrated high-gain 10dbi directional antenna, has a jamming distance of up to 500 meters and can intercept RC2.4G 5.8GHz GPS GLONASS L1 signals.\" \/>\n<meta property=\"og:url\" content=\"https:\/\/www.jammersignal.com\/fr\/produit\/handheld-all-in-one-drone-jammer\/\" \/>\n<meta property=\"og:site_name\" content=\"JAMMERSIGNAL\" \/>\n<meta property=\"article:modified_time\" content=\"2025-09-20T02:36:56+00:00\" \/>\n<meta property=\"og:image\" content=\"https:\/\/www.jammersignal.com\/wp-content\/uploads\/2024\/05\/handheld-jammersignal-uav-all-in-one-jammers-1.jpg\" \/>\n\t<meta property=\"og:image:width\" content=\"600\" \/>\n\t<meta property=\"og:image:height\" content=\"600\" \/>\n\t<meta property=\"og:image:type\" content=\"image\/jpeg\" \/>\n<meta name=\"twitter:card\" content=\"summary_large_image\" \/>\n<meta name=\"twitter:label1\" content=\"Dur\u00e9e de lecture estim\u00e9e\" \/>\n\t<meta name=\"twitter:data1\" content=\"2 minutes\" \/>\n<script type=\"application\/ld+json\" class=\"yoast-schema-graph\">{\"@context\":\"https:\/\/schema.org\",\"@graph\":[{\"@type\":\"WebPage\",\"@id\":\"https:\/\/www.jammersignal.com\/product\/handheld-all-in-one-drone-jammer\/\",\"url\":\"https:\/\/www.jammersignal.com\/product\/handheld-all-in-one-drone-jammer\/\",\"name\":\"Handheld all in one Drone Jammer with jamming distance up to 500 meters, Blocks RC2.4G 5.8GHz GPS GLONASS L1 Signals - JAMMERSIGNAL\",\"isPartOf\":{\"@id\":\"https:\/\/www.jammersignal.com\/#website\"},\"primaryImageOfPage\":{\"@id\":\"https:\/\/www.jammersignal.com\/product\/handheld-all-in-one-drone-jammer\/#primaryimage\"},\"image\":{\"@id\":\"https:\/\/www.jammersignal.com\/product\/handheld-all-in-one-drone-jammer\/#primaryimage\"},\"thumbnailUrl\":\"https:\/\/www.jammersignal.com\/wp-content\/uploads\/2024\/05\/handheld-jammersignal-uav-all-in-one-jammers-1.jpg\",\"datePublished\":\"2024-05-31T00:58:52+00:00\",\"dateModified\":\"2025-09-20T02:36:56+00:00\",\"description\":\"This popular handheld all-in-one drone signal jammer, lightweight, integrated high-gain 10dbi directional antenna, has a jamming distance of up to 500 meters and can intercept RC2.4G 5.8GHz GPS GLONASS L1 signals.\",\"breadcrumb\":{\"@id\":\"https:\/\/www.jammersignal.com\/product\/handheld-all-in-one-drone-jammer\/#breadcrumb\"},\"inLanguage\":\"fr-FR\",\"potentialAction\":[{\"@type\":\"ReadAction\",\"target\":[\"https:\/\/www.jammersignal.com\/product\/handheld-all-in-one-drone-jammer\/\"]}]},{\"@type\":\"ImageObject\",\"inLanguage\":\"fr-FR\",\"@id\":\"https:\/\/www.jammersignal.com\/product\/handheld-all-in-one-drone-jammer\/#primaryimage\",\"url\":\"https:\/\/www.jammersignal.com\/wp-content\/uploads\/2024\/05\/handheld-jammersignal-uav-all-in-one-jammers-1.jpg\",\"contentUrl\":\"https:\/\/www.jammersignal.com\/wp-content\/uploads\/2024\/05\/handheld-jammersignal-uav-all-in-one-jammers-1.jpg\",\"width\":600,\"height\":600,\"caption\":\"handheld jammersignal uav all in one jammers (1)\"},{\"@type\":\"BreadcrumbList\",\"@id\":\"https:\/\/www.jammersignal.com\/product\/handheld-all-in-one-drone-jammer\/#breadcrumb\",\"itemListElement\":[{\"@type\":\"ListItem\",\"position\":1,\"name\":\"Home\",\"item\":\"https:\/\/www.jammersignal.com\/\"},{\"@type\":\"ListItem\",\"position\":2,\"name\":\"Shop\",\"item\":\"https:\/\/www.jammersignal.com\/shop\/\"},{\"@type\":\"ListItem\",\"position\":3,\"name\":\"Signal Blocker\",\"item\":\"https:\/\/www.jammersignal.com\/product-category\/signal-blocker\/\"},{\"@type\":\"ListItem\",\"position\":4,\"name\":\"Handheld all in one Drone Jammer with jamming distance up to 500 meters\"}]},{\"@type\":\"WebSite\",\"@id\":\"https:\/\/www.jammersignal.com\/#website\",\"url\":\"https:\/\/www.jammersignal.com\/\",\"name\":\"JAMMERSIGNAL\",\"description\":\"\",\"publisher\":{\"@id\":\"https:\/\/www.jammersignal.com\/#organization\"},\"potentialAction\":[{\"@type\":\"SearchAction\",\"target\":{\"@type\":\"EntryPoint\",\"urlTemplate\":\"https:\/\/www.jammersignal.com\/?s={search_term_string}\"},\"query-input\":{\"@type\":\"PropertyValueSpecification\",\"valueRequired\":true,\"valueName\":\"search_term_string\"}}],\"inLanguage\":\"fr-FR\"},{\"@type\":\"Organization\",\"@id\":\"https:\/\/www.jammersignal.com\/#organization\",\"name\":\"JAMMERSIGNAL\",\"url\":\"https:\/\/www.jammersignal.com\/\",\"logo\":{\"@type\":\"ImageObject\",\"inLanguage\":\"fr-FR\",\"@id\":\"https:\/\/www.jammersignal.com\/#\/schema\/logo\/image\/\",\"url\":\"https:\/\/www.jammersignal.com\/wp-content\/uploads\/2024\/05\/cropped-jammersignal-logo-4.png\",\"contentUrl\":\"https:\/\/www.jammersignal.com\/wp-content\/uploads\/2024\/05\/cropped-jammersignal-logo-4.png\",\"width\":104,\"height\":34,\"caption\":\"JAMMERSIGNAL\"},\"image\":{\"@id\":\"https:\/\/www.jammersignal.com\/#\/schema\/logo\/image\/\"}}]}<\/script>\n<!-- \/ Yoast SEO plugin. -->","yoast_head_json":{"title":"Brouilleur Drone portable tout en un avec une distance de brouillage jusqu'\u00e0 500 m\u00e8tres, bloque les signaux RC2.4G 5.8GHz GPS GLONASS L1 - JAMMERSIGNAL","description":"Ce brouilleur de signaux de drone tout-en-un, l\u00e9ger et portable, int\u00e8gre une antenne directionnelle \u00e0 haut gain 10dbi, a une distance de brouillage allant jusqu'\u00e0 500 m\u00e8tres et peut intercepter les signaux RC2.4G 5.8GHz GPS GLONASS L1.","robots":{"index":"index","follow":"follow","max-snippet":"max-snippet:-1","max-image-preview":"max-image-preview:large","max-video-preview":"max-video-preview:-1"},"canonical":"https:\/\/www.jammersignal.com\/fr\/produit\/handheld-all-in-one-drone-jammer\/","og_locale":"fr_FR","og_type":"article","og_title":"Handheld all in one Drone Jammer with jamming distance up to 500 meters, Blocks RC2.4G 5.8GHz GPS GLONASS L1 Signals - JAMMERSIGNAL","og_description":"This popular handheld all-in-one drone signal jammer, lightweight, integrated high-gain 10dbi directional antenna, has a jamming distance of up to 500 meters and can intercept RC2.4G 5.8GHz GPS GLONASS L1 signals.","og_url":"https:\/\/www.jammersignal.com\/fr\/produit\/handheld-all-in-one-drone-jammer\/","og_site_name":"JAMMERSIGNAL","article_modified_time":"2025-09-20T02:36:56+00:00","og_image":[{"width":600,"height":600,"url":"https:\/\/www.jammersignal.com\/wp-content\/uploads\/2024\/05\/handheld-jammersignal-uav-all-in-one-jammers-1.jpg","type":"image\/jpeg"}],"twitter_card":"summary_large_image","twitter_misc":{"Dur\u00e9e de lecture estim\u00e9e":"2 minutes"},"schema":{"@context":"https:\/\/schema.org","@graph":[{"@type":"WebPage","@id":"https:\/\/www.jammersignal.com\/product\/handheld-all-in-one-drone-jammer\/","url":"https:\/\/www.jammersignal.com\/product\/handheld-all-in-one-drone-jammer\/","name":"Brouilleur Drone portable tout en un avec une distance de brouillage jusqu'\u00e0 500 m\u00e8tres, bloque les signaux RC2.4G 5.8GHz GPS GLONASS L1 - JAMMERSIGNAL","isPartOf":{"@id":"https:\/\/www.jammersignal.com\/#website"},"primaryImageOfPage":{"@id":"https:\/\/www.jammersignal.com\/product\/handheld-all-in-one-drone-jammer\/#primaryimage"},"image":{"@id":"https:\/\/www.jammersignal.com\/product\/handheld-all-in-one-drone-jammer\/#primaryimage"},"thumbnailUrl":"https:\/\/www.jammersignal.com\/wp-content\/uploads\/2024\/05\/handheld-jammersignal-uav-all-in-one-jammers-1.jpg","datePublished":"2024-05-31T00:58:52+00:00","dateModified":"2025-09-20T02:36:56+00:00","description":"Ce brouilleur de signaux de drone tout-en-un, l\u00e9ger et portable, int\u00e8gre une antenne directionnelle \u00e0 haut gain 10dbi, a une distance de brouillage allant jusqu'\u00e0 500 m\u00e8tres et peut intercepter les signaux RC2.4G 5.8GHz GPS GLONASS L1.","breadcrumb":{"@id":"https:\/\/www.jammersignal.com\/product\/handheld-all-in-one-drone-jammer\/#breadcrumb"},"inLanguage":"fr-FR","potentialAction":[{"@type":"ReadAction","target":["https:\/\/www.jammersignal.com\/product\/handheld-all-in-one-drone-jammer\/"]}]},{"@type":"ImageObject","inLanguage":"fr-FR","@id":"https:\/\/www.jammersignal.com\/product\/handheld-all-in-one-drone-jammer\/#primaryimage","url":"https:\/\/www.jammersignal.com\/wp-content\/uploads\/2024\/05\/handheld-jammersignal-uav-all-in-one-jammers-1.jpg","contentUrl":"https:\/\/www.jammersignal.com\/wp-content\/uploads\/2024\/05\/handheld-jammersignal-uav-all-in-one-jammers-1.jpg","width":600,"height":600,"caption":"handheld jammersignal uav all in one jammers (1)"},{"@type":"BreadcrumbList","@id":"https:\/\/www.jammersignal.com\/product\/handheld-all-in-one-drone-jammer\/#breadcrumb","itemListElement":[{"@type":"ListItem","position":1,"name":"Home","item":"https:\/\/www.jammersignal.com\/"},{"@type":"ListItem","position":2,"name":"Shop","item":"https:\/\/www.jammersignal.com\/shop\/"},{"@type":"ListItem","position":3,"name":"Signal Blocker","item":"https:\/\/www.jammersignal.com\/product-category\/signal-blocker\/"},{"@type":"ListItem","position":4,"name":"Handheld all in one Drone Jammer with jamming distance up to 500 meters"}]},{"@type":"WebSite","@id":"https:\/\/www.jammersignal.com\/#website","url":"https:\/\/www.jammersignal.com\/","name":"JAMMERSIGNAL","description":"","publisher":{"@id":"https:\/\/www.jammersignal.com\/#organization"},"potentialAction":[{"@type":"SearchAction","target":{"@type":"EntryPoint","urlTemplate":"https:\/\/www.jammersignal.com\/?s={search_term_string}"},"query-input":{"@type":"PropertyValueSpecification","valueRequired":true,"valueName":"search_term_string"}}],"inLanguage":"fr-FR"},{"@type":"Organization","@id":"https:\/\/www.jammersignal.com\/#organization","name":"JAMMERSIGNAL","url":"https:\/\/www.jammersignal.com\/","logo":{"@type":"ImageObject","inLanguage":"fr-FR","@id":"https:\/\/www.jammersignal.com\/#\/schema\/logo\/image\/","url":"https:\/\/www.jammersignal.com\/wp-content\/uploads\/2024\/05\/cropped-jammersignal-logo-4.png","contentUrl":"https:\/\/www.jammersignal.com\/wp-content\/uploads\/2024\/05\/cropped-jammersignal-logo-4.png","width":104,"height":34,"caption":"JAMMERSIGNAL"},"image":{"@id":"https:\/\/www.jammersignal.com\/#\/schema\/logo\/image\/"}}]}},"_links":{"self":[{"href":"https:\/\/www.jammersignal.com\/fr\/wp-json\/wp\/v2\/product\/2102","targetHints":{"allow":["GET"]}}],"collection":[{"href":"https:\/\/www.jammersignal.com\/fr\/wp-json\/wp\/v2\/product"}],"about":[{"href":"https:\/\/www.jammersignal.com\/fr\/wp-json\/wp\/v2\/types\/product"}],"replies":[{"embeddable":true,"href":"https:\/\/www.jammersignal.com\/fr\/wp-json\/wp\/v2\/comments?post=2102"}],"version-history":[{"count":5,"href":"https:\/\/www.jammersignal.com\/fr\/wp-json\/wp\/v2\/product\/2102\/revisions"}],"predecessor-version":[{"id":2256,"href":"https:\/\/www.jammersignal.com\/fr\/wp-json\/wp\/v2\/product\/2102\/revisions\/2256"}],"wp:featuredmedia":[{"embeddable":true,"href":"https:\/\/www.jammersignal.com\/fr\/wp-json\/wp\/v2\/media\/1714"}],"wp:attachment":[{"href":"https:\/\/www.jammersignal.com\/fr\/wp-json\/wp\/v2\/media?parent=2102"}],"wp:term":[{"taxonomy":"product_brand","embeddable":true,"href":"https:\/\/www.jammersignal.com\/fr\/wp-json\/wp\/v2\/product_brand?post=2102"},{"taxonomy":"product_cat","embeddable":true,"href":"https:\/\/www.jammersignal.com\/fr\/wp-json\/wp\/v2\/product_cat?post=2102"},{"taxonomy":"product_tag","embeddable":true,"href":"https:\/\/www.jammersignal.com\/fr\/wp-json\/wp\/v2\/product_tag?post=2102"}],"curies":[{"name":"wp","href":"https:\/\/api.w.org\/{rel}","templated":true}]}}